{"id":173501,"date":"2025-02-26T15:26:43","date_gmt":"2025-02-26T14:26:43","guid":{"rendered":"https:\/\/www.tabakversand.ch\/?post_type=product&#038;p=173501"},"modified":"2026-03-07T12:28:11","modified_gmt":"2026-03-07T11:28:11","slug":"cuc-narghile-zucca-rossa-1er-shisha","status":"publish","type":"product","link":"https:\/\/www.tabakversand.ch\/it\/prodotto\/cuc-narghile-zucca-rossa-1er-shisha\/","title":{"rendered":"Narghil\u00e8 CUC Zucca rossa"},"content":{"rendered":"<h1>Zucca narghil\u00e8 CUC<\/h1>\n<p>Compatto, elegante e pieno di piacere nel fumare<\/p>\n<p>Il narghil\u00e8 singolo CUC Hookah Pumpkin Red colpisce per il suo sorprendente design a forma di zucca e la struttura compatta: perfetto per rilassanti sessioni di narghil\u00e8 a casa o con gli amici. Il braciere in vetro rosso \u00e8 un vero colpo d&#8217;occhio e dona al tuo angolo narghil\u00e8 un look moderno. <\/p>\n<p>Grazie alla sua colonna di fumo stabile e al flusso d&#8217;aria fluido, questo narghil\u00e8 monotubo offre un&#8217;esperienza di fumo intensa e costante. Le sue dimensioni compatte lo rendono particolarmente facile da trasportare e ideale sia per i principianti che per gli appassionati di narghil\u00e8 esperti che cercano un dispositivo piccolo e affidabile. <\/p>\n<p>Il narghil\u00e8 CUC \u00e8 sinonimo di un eccellente rapporto qualit\u00e0-prezzo e di un design elegante. Con il modello Pumpkin Red, avrete un narghil\u00e8 che colpisce sia dal punto di vista estetico che funzionale. <\/p>\n<p>Perfetto per momenti di relax con il narghil\u00e8. Che siate da soli o in compagnia, il narghil\u00e8 monoblocco CUC Hookah Pumpkin Red offre un&#8217;installazione semplice e garantisce un piacere di fumo affidabile ad ogni sessione. <\/p>\n<p>Su tabakversand.ch, riceverai la shisha singola CUC Hookah Pumpkin Red, correttamente conservata e nella sua confezione originale. Una conservazione accurata garantisce che la qualit\u00e0 rimanga ottimale fino alla spedizione. Grazie alla consegna rapida in Svizzera, la tua shisha\/pipa ad acqua arriver\u00e0 in tempi rapidi.  <\/p>\n<p>Per maggiori informazioni su shisha\/pipe ad acqua, visita la voce corrispondente su Wikipedia: <a href=\"https:\/\/de.wikipedia.org\/wiki\/Shisha\">clicca qui<\/a> . Per qualsiasi domanda sul prodotto, non esitare a contattarci: <a href=\"https:\/\/www.tabakversand.ch\/kontakt\/\">clicca qui<\/a> . <\/p>\n<p>Tutti i prezzi si applicano solo agli ordini online e sono comprensivi di IVA. Soggetto a modifiche senza preavviso, escluse le spese di spedizione. Con riserva di errori, modifiche nell&#8217;ambito di consegna e nel design, errori di stampa e variazioni di prezzo. I prezzi barrati sono prezzi sostitutivi. Le illustrazioni possono differire dall&#8217;originale\/dall&#8217;ambito di consegna.<br \/>\n*Spedizione gratuita per ordini superiori a CHF 250.-.<\/p>\n","protected":false},"excerpt":{"rendered":"<p>Zucca narghil\u00e8 CUC Compatto, elegante e pieno di piacere nel fumare Il narghil\u00e8 singolo CUC Hookah Pumpkin Red colpisce per il suo sorprendente design a forma di zucca e la struttura compatta: perfetto per rilassanti sessioni di narghil\u00e8 a casa o con gli amici. Il braciere in vetro rosso \u00e8 un vero colpo d&#8217;occhio e [&hellip;]<\/p>\n","protected":false},"featured_media":173505,"template":"","meta":[],"product_brand":[5414],"product_cat":[1892,2150],"product_tag":[],"class_list":{"0":"post-173501","1":"product","2":"type-product","3":"status-publish","4":"has-post-thumbnail","6":"product_brand-cuc-hookah","7":"product_cat-narghile","8":"product_cat-narghile-shisha","10":"first","11":"instock","12":"purchasable","13":"product-type-simple"},"yoast_head":"<!-- This site is optimized with the Yoast SEO plugin v27.0 - https:\/\/yoast.com\/product\/yoast-seo-wordpress\/ -->\n<title>Narghil\u00e8 CUC Zucca rossa<\/title>\n<meta name=\"description\" content=\"Il narghil\u00e8 CUC Hookah Pumpkin Red 1er Shisha offre un elegante design a forma di zucca, una buona fattura e un intenso piacere di fumare a un prezzo ragionevole.\" \/>\n<meta name=\"robots\" content=\"index, follow, max-snippet:-1, max-image-preview:large, max-video-preview:-1\" \/>\n<link rel=\"canonical\" href=\"https:\/\/www.tabakversand.ch\/it\/prodotto\/cuc-narghile-zucca-rossa-1er-shisha\/\" \/>\n<meta property=\"og:locale\" content=\"it_IT\" \/>\n<meta property=\"og:type\" content=\"article\" \/>\n<meta property=\"og:title\" content=\"Narghil\u00e8 CUC Zucca rossa\" \/>\n<meta property=\"og:description\" content=\"Il narghil\u00e8 CUC Hookah Pumpkin Red 1er Shisha offre un elegante design a forma di zucca, una buona fattura e un intenso piacere di fumare a un prezzo ragionevole.\" \/>\n<meta property=\"og:url\" content=\"https:\/\/www.tabakversand.ch\/it\/prodotto\/cuc-narghile-zucca-rossa-1er-shisha\/\" \/>\n<meta property=\"og:site_name\" content=\"Tabakversand.ch | Alles aus der Welt des Tabaks\" \/>\n<meta property=\"article:modified_time\" content=\"2026-03-07T11:28:11+00:00\" \/>\n<meta property=\"og:image\" content=\"https:\/\/www.tabakversand.ch\/wp-content\/uploads\/2025\/02\/cuc-hookah-pumpkin-1er-rot.jpg\" \/>\n\t<meta property=\"og:image:width\" content=\"500\" \/>\n\t<meta property=\"og:image:height\" content=\"500\" \/>\n\t<meta property=\"og:image:type\" content=\"image\/jpeg\" \/>\n<meta name=\"twitter:card\" content=\"summary_large_image\" \/>\n<meta name=\"twitter:label1\" content=\"Tempo di lettura stimato\" \/>\n\t<meta name=\"twitter:data1\" content=\"1 minuto\" \/>\n<script type=\"application\/ld+json\" class=\"yoast-schema-graph\">{\"@context\":\"https:\/\/schema.org\",\"@graph\":[{\"@type\":\"WebPage\",\"@id\":\"https:\/\/www.tabakversand.ch\/it\/prodotto\/cuc-narghile-zucca-rossa-1er-shisha\/\",\"url\":\"https:\/\/www.tabakversand.ch\/it\/prodotto\/cuc-narghile-zucca-rossa-1er-shisha\/\",\"name\":\"Narghil\u00e8 CUC Zucca rossa\",\"isPartOf\":{\"@id\":\"https:\/\/www.tabakversand.ch\/#website\"},\"primaryImageOfPage\":{\"@id\":\"https:\/\/www.tabakversand.ch\/it\/prodotto\/cuc-narghile-zucca-rossa-1er-shisha\/#primaryimage\"},\"image\":{\"@id\":\"https:\/\/www.tabakversand.ch\/it\/prodotto\/cuc-narghile-zucca-rossa-1er-shisha\/#primaryimage\"},\"thumbnailUrl\":\"https:\/\/www.tabakversand.ch\/wp-content\/uploads\/2025\/02\/cuc-hookah-pumpkin-1er-rot.jpg\",\"datePublished\":\"2025-02-26T14:26:43+00:00\",\"dateModified\":\"2026-03-07T11:28:11+00:00\",\"description\":\"Il narghil\u00e8 CUC Hookah Pumpkin Red 1er Shisha offre un elegante design a forma di zucca, una buona fattura e un intenso piacere di fumare a un prezzo ragionevole.\",\"breadcrumb\":{\"@id\":\"https:\/\/www.tabakversand.ch\/it\/prodotto\/cuc-narghile-zucca-rossa-1er-shisha\/#breadcrumb\"},\"inLanguage\":\"it-IT\",\"potentialAction\":[{\"@type\":\"ReadAction\",\"target\":[\"https:\/\/www.tabakversand.ch\/it\/prodotto\/cuc-narghile-zucca-rossa-1er-shisha\/\"]}]},{\"@type\":\"ImageObject\",\"inLanguage\":\"it-IT\",\"@id\":\"https:\/\/www.tabakversand.ch\/it\/prodotto\/cuc-narghile-zucca-rossa-1er-shisha\/#primaryimage\",\"url\":\"https:\/\/www.tabakversand.ch\/wp-content\/uploads\/2025\/02\/cuc-hookah-pumpkin-1er-rot.jpg\",\"contentUrl\":\"https:\/\/www.tabakversand.ch\/wp-content\/uploads\/2025\/02\/cuc-hookah-pumpkin-1er-rot.jpg\",\"width\":500,\"height\":500,\"caption\":\"CUC Hookah Pumpkin red 1er Shisha | Tabakversand.ch\"},{\"@type\":\"BreadcrumbList\",\"@id\":\"https:\/\/www.tabakversand.ch\/it\/prodotto\/cuc-narghile-zucca-rossa-1er-shisha\/#breadcrumb\",\"itemListElement\":[{\"@type\":\"ListItem\",\"position\":1,\"name\":\"Startseite\",\"item\":\"https:\/\/www.tabakversand.ch\/\"},{\"@type\":\"ListItem\",\"position\":2,\"name\":\"Negozio\",\"item\":\"https:\/\/www.tabakversand.ch\/it\/negozio\/\"},{\"@type\":\"ListItem\",\"position\":3,\"name\":\"Narghil\u00e8 CUC Zucca rossa\"}]},{\"@type\":\"WebSite\",\"@id\":\"https:\/\/www.tabakversand.ch\/#website\",\"url\":\"https:\/\/www.tabakversand.ch\/\",\"name\":\"Tabakversand.ch | Alles aus der Welt des Tabaks\",\"description\":\"Smoke and carpe diem\",\"potentialAction\":[{\"@type\":\"SearchAction\",\"target\":{\"@type\":\"EntryPoint\",\"urlTemplate\":\"https:\/\/www.tabakversand.ch\/?s={search_term_string}\"},\"query-input\":{\"@type\":\"PropertyValueSpecification\",\"valueRequired\":true,\"valueName\":\"search_term_string\"}}],\"inLanguage\":\"it-IT\"}]}<\/script>\n<!-- \/ Yoast SEO plugin. -->","yoast_head_json":{"title":"Narghil\u00e8 CUC Zucca rossa","description":"Il narghil\u00e8 CUC Hookah Pumpkin Red 1er Shisha offre un elegante design a forma di zucca, una buona fattura e un intenso piacere di fumare a un prezzo ragionevole.","robots":{"index":"index","follow":"follow","max-snippet":"max-snippet:-1","max-image-preview":"max-image-preview:large","max-video-preview":"max-video-preview:-1"},"canonical":"https:\/\/www.tabakversand.ch\/it\/prodotto\/cuc-narghile-zucca-rossa-1er-shisha\/","og_locale":"it_IT","og_type":"article","og_title":"Narghil\u00e8 CUC Zucca rossa","og_description":"Il narghil\u00e8 CUC Hookah Pumpkin Red 1er Shisha offre un elegante design a forma di zucca, una buona fattura e un intenso piacere di fumare a un prezzo ragionevole.","og_url":"https:\/\/www.tabakversand.ch\/it\/prodotto\/cuc-narghile-zucca-rossa-1er-shisha\/","og_site_name":"Tabakversand.ch | Alles aus der Welt des Tabaks","article_modified_time":"2026-03-07T11:28:11+00:00","og_image":[{"width":500,"height":500,"url":"https:\/\/www.tabakversand.ch\/wp-content\/uploads\/2025\/02\/cuc-hookah-pumpkin-1er-rot.jpg","type":"image\/jpeg"}],"twitter_card":"summary_large_image","twitter_misc":{"Tempo di lettura stimato":"1 minuto"},"schema":{"@context":"https:\/\/schema.org","@graph":[{"@type":"WebPage","@id":"https:\/\/www.tabakversand.ch\/it\/prodotto\/cuc-narghile-zucca-rossa-1er-shisha\/","url":"https:\/\/www.tabakversand.ch\/it\/prodotto\/cuc-narghile-zucca-rossa-1er-shisha\/","name":"Narghil\u00e8 CUC Zucca rossa","isPartOf":{"@id":"https:\/\/www.tabakversand.ch\/#website"},"primaryImageOfPage":{"@id":"https:\/\/www.tabakversand.ch\/it\/prodotto\/cuc-narghile-zucca-rossa-1er-shisha\/#primaryimage"},"image":{"@id":"https:\/\/www.tabakversand.ch\/it\/prodotto\/cuc-narghile-zucca-rossa-1er-shisha\/#primaryimage"},"thumbnailUrl":"https:\/\/www.tabakversand.ch\/wp-content\/uploads\/2025\/02\/cuc-hookah-pumpkin-1er-rot.jpg","datePublished":"2025-02-26T14:26:43+00:00","dateModified":"2026-03-07T11:28:11+00:00","description":"Il narghil\u00e8 CUC Hookah Pumpkin Red 1er Shisha offre un elegante design a forma di zucca, una buona fattura e un intenso piacere di fumare a un prezzo ragionevole.","breadcrumb":{"@id":"https:\/\/www.tabakversand.ch\/it\/prodotto\/cuc-narghile-zucca-rossa-1er-shisha\/#breadcrumb"},"inLanguage":"it-IT","potentialAction":[{"@type":"ReadAction","target":["https:\/\/www.tabakversand.ch\/it\/prodotto\/cuc-narghile-zucca-rossa-1er-shisha\/"]}]},{"@type":"ImageObject","inLanguage":"it-IT","@id":"https:\/\/www.tabakversand.ch\/it\/prodotto\/cuc-narghile-zucca-rossa-1er-shisha\/#primaryimage","url":"https:\/\/www.tabakversand.ch\/wp-content\/uploads\/2025\/02\/cuc-hookah-pumpkin-1er-rot.jpg","contentUrl":"https:\/\/www.tabakversand.ch\/wp-content\/uploads\/2025\/02\/cuc-hookah-pumpkin-1er-rot.jpg","width":500,"height":500,"caption":"CUC Hookah Pumpkin red 1er Shisha | Tabakversand.ch"},{"@type":"BreadcrumbList","@id":"https:\/\/www.tabakversand.ch\/it\/prodotto\/cuc-narghile-zucca-rossa-1er-shisha\/#breadcrumb","itemListElement":[{"@type":"ListItem","position":1,"name":"Startseite","item":"https:\/\/www.tabakversand.ch\/"},{"@type":"ListItem","position":2,"name":"Negozio","item":"https:\/\/www.tabakversand.ch\/it\/negozio\/"},{"@type":"ListItem","position":3,"name":"Narghil\u00e8 CUC Zucca rossa"}]},{"@type":"WebSite","@id":"https:\/\/www.tabakversand.ch\/#website","url":"https:\/\/www.tabakversand.ch\/","name":"Tabakversand.ch | Alles aus der Welt des Tabaks","description":"Smoke and carpe diem","potentialAction":[{"@type":"SearchAction","target":{"@type":"EntryPoint","urlTemplate":"https:\/\/www.tabakversand.ch\/?s={search_term_string}"},"query-input":{"@type":"PropertyValueSpecification","valueRequired":true,"valueName":"search_term_string"}}],"inLanguage":"it-IT"}]}},"_links":{"self":[{"href":"https:\/\/www.tabakversand.ch\/it\/wp-json\/wp\/v2\/product\/173501","targetHints":{"allow":["GET"]}}],"collection":[{"href":"https:\/\/www.tabakversand.ch\/it\/wp-json\/wp\/v2\/product"}],"about":[{"href":"https:\/\/www.tabakversand.ch\/it\/wp-json\/wp\/v2\/types\/product"}],"version-history":[{"count":4,"href":"https:\/\/www.tabakversand.ch\/it\/wp-json\/wp\/v2\/product\/173501\/revisions"}],"predecessor-version":[{"id":214314,"href":"https:\/\/www.tabakversand.ch\/it\/wp-json\/wp\/v2\/product\/173501\/revisions\/214314"}],"wp:featuredmedia":[{"embeddable":true,"href":"https:\/\/www.tabakversand.ch\/it\/wp-json\/wp\/v2\/media\/173505"}],"wp:attachment":[{"href":"https:\/\/www.tabakversand.ch\/it\/wp-json\/wp\/v2\/media?parent=173501"}],"wp:term":[{"taxonomy":"product_brand","embeddable":true,"href":"https:\/\/www.tabakversand.ch\/it\/wp-json\/wp\/v2\/product_brand?post=173501"},{"taxonomy":"product_cat","embeddable":true,"href":"https:\/\/www.tabakversand.ch\/it\/wp-json\/wp\/v2\/product_cat?post=173501"},{"taxonomy":"product_tag","embeddable":true,"href":"https:\/\/www.tabakversand.ch\/it\/wp-json\/wp\/v2\/product_tag?post=173501"}],"curies":[{"name":"wp","href":"https:\/\/api.w.org\/{rel}","templated":true}]}}