{"id":174686,"date":"2025-03-05T11:25:54","date_gmt":"2025-03-05T10:25:54","guid":{"rendered":"https:\/\/www.tabakversand.ch\/?post_type=product&#038;p=174686"},"modified":"2025-10-08T07:08:07","modified_gmt":"2025-10-08T05:08:07","slug":"scatola-automatica-per-sigarette-ocb","status":"publish","type":"product","link":"https:\/\/www.tabakversand.ch\/it\/prodotto\/scatola-automatica-per-sigarette-ocb\/","title":{"rendered":"Scatola automatica per sigarette OCB"},"content":{"rendered":"<p>Scatola automatica per sigarette OCB<\/p>\n<p>metallo<\/p>\n<p>Il rollatore automatico \u00e8 uno strumento di alta qualit\u00e0 per rollare le sigarette.<br \/>\n Naturalmente \u00e8 ideale anche per chi \u00e8 in giro. Nella scatola puoi riporre anche il tabacco e le cartine.<br \/>\n Basta inserire il tabacco e la cartina nella macchina, chiudere il coperchio e la sigaretta sar\u00e0 rollata alla perfezione.<br \/>\n Naturalmente nella fornitura \u00e8 incluso anche un manuale di istruzioni. <\/p>\n<p>Tutti i prezzi si applicano solo agli ordini online e sono comprensivi di IVA. Soggetto a modifiche senza preavviso, escluse le spese di spedizione. Con riserva di errori, modifiche nell&#8217;ambito di consegna e nel design, errori di stampa e variazioni di prezzo. I prezzi barrati sono prezzi sostitutivi. Le illustrazioni possono differire dall&#8217;originale\/dall&#8217;ambito di consegna.<br \/>\n*Spedizione gratuita per ordini superiori a CHF 250.-.<\/p>\n","protected":false},"excerpt":{"rendered":"<p>Scatola automatica per sigarette OCB metallo Il rollatore automatico \u00e8 uno strumento di alta qualit\u00e0 per rollare le sigarette. Naturalmente \u00e8 ideale anche per chi \u00e8 in giro. Nella scatola puoi riporre anche il tabacco e le cartine. Basta inserire il tabacco e la cartina nella macchina, chiudere il coperchio e la sigaretta sar\u00e0 rollata [&hellip;]<\/p>\n","protected":false},"featured_media":174690,"template":"","meta":[],"product_brand":[],"product_cat":[2021,1962],"product_tag":[],"class_list":{"0":"post-174686","1":"product","2":"type-product","3":"status-publish","4":"has-post-thumbnail","6":"product_cat-produttore-di-sigarette","7":"product_cat-sigarette-self-made","9":"first","10":"onbackorder","11":"purchasable","12":"product-type-simple"},"yoast_head":"<!-- This site is optimized with the Yoast SEO plugin v27.0 - https:\/\/yoast.com\/product\/yoast-seo-wordpress\/ -->\n<title>Scatola automatica per sigarette OCB - Tabakversand.ch | Alles aus der Welt des Tabaks<\/title>\n<meta name=\"description\" content=\"Scatola automatica per sigarette OCB | Un&#039;ampia scelta di prodotti del tabacco, e-smoke e accessori per fumatori in tutta la Svizzera | Carte accettate!\" \/>\n<meta name=\"robots\" content=\"index, follow, max-snippet:-1, max-image-preview:large, max-video-preview:-1\" \/>\n<link rel=\"canonical\" href=\"https:\/\/www.tabakversand.ch\/it\/prodotto\/scatola-automatica-per-sigarette-ocb\/\" \/>\n<meta property=\"og:locale\" content=\"it_IT\" \/>\n<meta property=\"og:type\" content=\"article\" \/>\n<meta property=\"og:title\" content=\"Scatola automatica per sigarette OCB - Tabakversand.ch | Alles aus der Welt des Tabaks\" \/>\n<meta property=\"og:description\" content=\"Scatola automatica per sigarette OCB | Un&#039;ampia scelta di prodotti del tabacco, e-smoke e accessori per fumatori in tutta la Svizzera | Carte accettate!\" \/>\n<meta property=\"og:url\" content=\"https:\/\/www.tabakversand.ch\/it\/prodotto\/scatola-automatica-per-sigarette-ocb\/\" \/>\n<meta property=\"og:site_name\" content=\"Tabakversand.ch | Alles aus der Welt des Tabaks\" \/>\n<meta property=\"article:modified_time\" content=\"2025-10-08T05:08:07+00:00\" \/>\n<meta property=\"og:image\" content=\"https:\/\/www.tabakversand.ch\/wp-content\/uploads\/2025\/03\/ocb-zigarettenrollbox-metall.jpg\" \/>\n\t<meta property=\"og:image:width\" content=\"500\" \/>\n\t<meta property=\"og:image:height\" content=\"500\" \/>\n\t<meta property=\"og:image:type\" content=\"image\/jpeg\" \/>\n<meta name=\"twitter:card\" content=\"summary_large_image\" \/>\n<meta name=\"twitter:label1\" content=\"Tempo di lettura stimato\" \/>\n\t<meta name=\"twitter:data1\" content=\"1 minuto\" \/>\n<script type=\"application\/ld+json\" class=\"yoast-schema-graph\">{\"@context\":\"https:\/\/schema.org\",\"@graph\":[{\"@type\":\"WebPage\",\"@id\":\"https:\/\/www.tabakversand.ch\/it\/prodotto\/scatola-automatica-per-sigarette-ocb\/\",\"url\":\"https:\/\/www.tabakversand.ch\/it\/prodotto\/scatola-automatica-per-sigarette-ocb\/\",\"name\":\"Scatola automatica per sigarette OCB - Tabakversand.ch | Alles aus der Welt des Tabaks\",\"isPartOf\":{\"@id\":\"https:\/\/www.tabakversand.ch\/#website\"},\"primaryImageOfPage\":{\"@id\":\"https:\/\/www.tabakversand.ch\/it\/prodotto\/scatola-automatica-per-sigarette-ocb\/#primaryimage\"},\"image\":{\"@id\":\"https:\/\/www.tabakversand.ch\/it\/prodotto\/scatola-automatica-per-sigarette-ocb\/#primaryimage\"},\"thumbnailUrl\":\"https:\/\/www.tabakversand.ch\/wp-content\/uploads\/2025\/03\/ocb-zigarettenrollbox-metall.jpg\",\"datePublished\":\"2025-03-05T10:25:54+00:00\",\"dateModified\":\"2025-10-08T05:08:07+00:00\",\"description\":\"Scatola automatica per sigarette OCB | Un'ampia scelta di prodotti del tabacco, e-smoke e accessori per fumatori in tutta la Svizzera | Carte accettate!\",\"breadcrumb\":{\"@id\":\"https:\/\/www.tabakversand.ch\/it\/prodotto\/scatola-automatica-per-sigarette-ocb\/#breadcrumb\"},\"inLanguage\":\"it-IT\",\"potentialAction\":[{\"@type\":\"ReadAction\",\"target\":[\"https:\/\/www.tabakversand.ch\/it\/prodotto\/scatola-automatica-per-sigarette-ocb\/\"]}]},{\"@type\":\"ImageObject\",\"inLanguage\":\"it-IT\",\"@id\":\"https:\/\/www.tabakversand.ch\/it\/prodotto\/scatola-automatica-per-sigarette-ocb\/#primaryimage\",\"url\":\"https:\/\/www.tabakversand.ch\/wp-content\/uploads\/2025\/03\/ocb-zigarettenrollbox-metall.jpg\",\"contentUrl\":\"https:\/\/www.tabakversand.ch\/wp-content\/uploads\/2025\/03\/ocb-zigarettenrollbox-metall.jpg\",\"width\":500,\"height\":500,\"caption\":\"Scatola automatica per sigarette OCB | Tabakversand.ch\"},{\"@type\":\"BreadcrumbList\",\"@id\":\"https:\/\/www.tabakversand.ch\/it\/prodotto\/scatola-automatica-per-sigarette-ocb\/#breadcrumb\",\"itemListElement\":[{\"@type\":\"ListItem\",\"position\":1,\"name\":\"Startseite\",\"item\":\"https:\/\/www.tabakversand.ch\/\"},{\"@type\":\"ListItem\",\"position\":2,\"name\":\"Negozio\",\"item\":\"https:\/\/www.tabakversand.ch\/it\/negozio\/\"},{\"@type\":\"ListItem\",\"position\":3,\"name\":\"Scatola automatica per sigarette OCB\"}]},{\"@type\":\"WebSite\",\"@id\":\"https:\/\/www.tabakversand.ch\/#website\",\"url\":\"https:\/\/www.tabakversand.ch\/\",\"name\":\"Tabakversand.ch | Alles aus der Welt des Tabaks\",\"description\":\"Smoke and carpe diem\",\"potentialAction\":[{\"@type\":\"SearchAction\",\"target\":{\"@type\":\"EntryPoint\",\"urlTemplate\":\"https:\/\/www.tabakversand.ch\/?s={search_term_string}\"},\"query-input\":{\"@type\":\"PropertyValueSpecification\",\"valueRequired\":true,\"valueName\":\"search_term_string\"}}],\"inLanguage\":\"it-IT\"}]}<\/script>\n<!-- \/ Yoast SEO plugin. -->","yoast_head_json":{"title":"Scatola automatica per sigarette OCB - Tabakversand.ch | Alles aus der Welt des Tabaks","description":"Scatola automatica per sigarette OCB | Un'ampia scelta di prodotti del tabacco, e-smoke e accessori per fumatori in tutta la Svizzera | Carte accettate!","robots":{"index":"index","follow":"follow","max-snippet":"max-snippet:-1","max-image-preview":"max-image-preview:large","max-video-preview":"max-video-preview:-1"},"canonical":"https:\/\/www.tabakversand.ch\/it\/prodotto\/scatola-automatica-per-sigarette-ocb\/","og_locale":"it_IT","og_type":"article","og_title":"Scatola automatica per sigarette OCB - Tabakversand.ch | Alles aus der Welt des Tabaks","og_description":"Scatola automatica per sigarette OCB | Un'ampia scelta di prodotti del tabacco, e-smoke e accessori per fumatori in tutta la Svizzera | Carte accettate!","og_url":"https:\/\/www.tabakversand.ch\/it\/prodotto\/scatola-automatica-per-sigarette-ocb\/","og_site_name":"Tabakversand.ch | Alles aus der Welt des Tabaks","article_modified_time":"2025-10-08T05:08:07+00:00","og_image":[{"width":500,"height":500,"url":"https:\/\/www.tabakversand.ch\/wp-content\/uploads\/2025\/03\/ocb-zigarettenrollbox-metall.jpg","type":"image\/jpeg"}],"twitter_card":"summary_large_image","twitter_misc":{"Tempo di lettura stimato":"1 minuto"},"schema":{"@context":"https:\/\/schema.org","@graph":[{"@type":"WebPage","@id":"https:\/\/www.tabakversand.ch\/it\/prodotto\/scatola-automatica-per-sigarette-ocb\/","url":"https:\/\/www.tabakversand.ch\/it\/prodotto\/scatola-automatica-per-sigarette-ocb\/","name":"Scatola automatica per sigarette OCB - Tabakversand.ch | Alles aus der Welt des Tabaks","isPartOf":{"@id":"https:\/\/www.tabakversand.ch\/#website"},"primaryImageOfPage":{"@id":"https:\/\/www.tabakversand.ch\/it\/prodotto\/scatola-automatica-per-sigarette-ocb\/#primaryimage"},"image":{"@id":"https:\/\/www.tabakversand.ch\/it\/prodotto\/scatola-automatica-per-sigarette-ocb\/#primaryimage"},"thumbnailUrl":"https:\/\/www.tabakversand.ch\/wp-content\/uploads\/2025\/03\/ocb-zigarettenrollbox-metall.jpg","datePublished":"2025-03-05T10:25:54+00:00","dateModified":"2025-10-08T05:08:07+00:00","description":"Scatola automatica per sigarette OCB | Un'ampia scelta di prodotti del tabacco, e-smoke e accessori per fumatori in tutta la Svizzera | Carte accettate!","breadcrumb":{"@id":"https:\/\/www.tabakversand.ch\/it\/prodotto\/scatola-automatica-per-sigarette-ocb\/#breadcrumb"},"inLanguage":"it-IT","potentialAction":[{"@type":"ReadAction","target":["https:\/\/www.tabakversand.ch\/it\/prodotto\/scatola-automatica-per-sigarette-ocb\/"]}]},{"@type":"ImageObject","inLanguage":"it-IT","@id":"https:\/\/www.tabakversand.ch\/it\/prodotto\/scatola-automatica-per-sigarette-ocb\/#primaryimage","url":"https:\/\/www.tabakversand.ch\/wp-content\/uploads\/2025\/03\/ocb-zigarettenrollbox-metall.jpg","contentUrl":"https:\/\/www.tabakversand.ch\/wp-content\/uploads\/2025\/03\/ocb-zigarettenrollbox-metall.jpg","width":500,"height":500,"caption":"Scatola automatica per sigarette OCB | Tabakversand.ch"},{"@type":"BreadcrumbList","@id":"https:\/\/www.tabakversand.ch\/it\/prodotto\/scatola-automatica-per-sigarette-ocb\/#breadcrumb","itemListElement":[{"@type":"ListItem","position":1,"name":"Startseite","item":"https:\/\/www.tabakversand.ch\/"},{"@type":"ListItem","position":2,"name":"Negozio","item":"https:\/\/www.tabakversand.ch\/it\/negozio\/"},{"@type":"ListItem","position":3,"name":"Scatola automatica per sigarette OCB"}]},{"@type":"WebSite","@id":"https:\/\/www.tabakversand.ch\/#website","url":"https:\/\/www.tabakversand.ch\/","name":"Tabakversand.ch | Alles aus der Welt des Tabaks","description":"Smoke and carpe diem","potentialAction":[{"@type":"SearchAction","target":{"@type":"EntryPoint","urlTemplate":"https:\/\/www.tabakversand.ch\/?s={search_term_string}"},"query-input":{"@type":"PropertyValueSpecification","valueRequired":true,"valueName":"search_term_string"}}],"inLanguage":"it-IT"}]}},"_links":{"self":[{"href":"https:\/\/www.tabakversand.ch\/it\/wp-json\/wp\/v2\/product\/174686","targetHints":{"allow":["GET"]}}],"collection":[{"href":"https:\/\/www.tabakversand.ch\/it\/wp-json\/wp\/v2\/product"}],"about":[{"href":"https:\/\/www.tabakversand.ch\/it\/wp-json\/wp\/v2\/types\/product"}],"version-history":[{"count":5,"href":"https:\/\/www.tabakversand.ch\/it\/wp-json\/wp\/v2\/product\/174686\/revisions"}],"predecessor-version":[{"id":203000,"href":"https:\/\/www.tabakversand.ch\/it\/wp-json\/wp\/v2\/product\/174686\/revisions\/203000"}],"wp:featuredmedia":[{"embeddable":true,"href":"https:\/\/www.tabakversand.ch\/it\/wp-json\/wp\/v2\/media\/174690"}],"wp:attachment":[{"href":"https:\/\/www.tabakversand.ch\/it\/wp-json\/wp\/v2\/media?parent=174686"}],"wp:term":[{"taxonomy":"product_brand","embeddable":true,"href":"https:\/\/www.tabakversand.ch\/it\/wp-json\/wp\/v2\/product_brand?post=174686"},{"taxonomy":"product_cat","embeddable":true,"href":"https:\/\/www.tabakversand.ch\/it\/wp-json\/wp\/v2\/product_cat?post=174686"},{"taxonomy":"product_tag","embeddable":true,"href":"https:\/\/www.tabakversand.ch\/it\/wp-json\/wp\/v2\/product_tag?post=174686"}],"curies":[{"name":"wp","href":"https:\/\/api.w.org\/{rel}","templated":true}]}}