{"id":176967,"date":"2025-03-20T13:09:03","date_gmt":"2025-03-20T12:09:03","guid":{"rendered":"https:\/\/www.tabakversand.ch\/?post_type=product&#038;p=176967"},"modified":"2026-04-08T12:58:25","modified_gmt":"2026-04-08T10:58:25","slug":"accendino-per-sigari-cozy-commander-blu-a-fiamma-a-getto-confezione-da-2","status":"publish","type":"product","link":"https:\/\/www.tabakversand.ch\/it\/prodotto\/accendino-per-sigari-cozy-commander-blu-a-fiamma-a-getto-confezione-da-2\/","title":{"rendered":"Confezione da 2 accendini per sigari Jet Flame Cozy Commander blu."},"content":{"rendered":"<p>Confezione da 2 accendini per sigari Jet Flame Cozy Commander blu.<\/p>\n<ul>\n<li>Altezza: 7,8 cm<\/li>\n<li>B: 3 cm<\/li>\n<li>T: 1,7 cm<\/li>\n<li>Fiamma a getto in 2 pezzi<\/li>\n<li>con taglierina rotonda<\/li>\n<li>Pu\u00f2 essere riempito di gas pi\u00f9 e pi\u00f9 volte<\/li>\n<\/ul>\n<p>Tutti i prezzi sono validi solo per gli ordini online e includono l&#8217;IVA, sono soggetti a modifiche senza preavviso e non includono le spese di spedizione.   Con riserva di errori, modifiche nella fornitura e nella progettazione, errori di stampa e modifiche dei prezzi. I prezzi barrati sono invece prezzi. L&#8217;immagine pu\u00f2 differire dall&#8217;originale\/dalla fornitura.<br \/>\n*Spedizione gratuita per ordini superiori a CHF 250.-.<\/p>\n","protected":false},"excerpt":{"rendered":"<p>Confezione da 2 accendini per sigari Jet Flame Cozy Commander blu. Altezza: 7,8 cm B: 3 cm T: 1,7 cm Fiamma a getto in 2 pezzi con taglierina rotonda Pu\u00f2 essere riempito di gas pi\u00f9 e pi\u00f9 volte Tutti i prezzi sono validi solo per gli ordini online e includono l&#8217;IVA, sono soggetti a modifiche [&hellip;]<\/p>\n","protected":false},"featured_media":176971,"template":"","meta":[],"product_brand":[5755],"product_cat":[1931,3351,2377,2123,2003,3585],"product_tag":[],"class_list":{"0":"post-176967","1":"product","2":"type-product","3":"status-publish","4":"has-post-thumbnail","6":"product_brand-cozy-feuerzeig","7":"product_cat-accendini","8":"product_cat-accendini-in-metallo-it","9":"product_cat-accendini-per-sigari","10":"product_cat-accessori-per-sigari","11":"product_cat-mondo-dei-sigari","12":"product_cat-vari-accendini","14":"first","15":"instock","16":"purchasable","17":"product-type-simple"},"yoast_head":"<!-- This site is optimized with the Yoast SEO plugin v27.0 - https:\/\/yoast.com\/product\/yoast-seo-wordpress\/ -->\n<title>Confezione da 2 accendini per sigari Jet Flame Cozy Commander blu. - Tabakversand.ch | Alles aus der Welt des Tabaks<\/title>\n<meta name=\"description\" content=\"Confezione da 2 accendini per sigari Jet Flame Cozy Commander blu | Ampia selezione di prodotti del tabacco e accessori per fumatori in tutta la Svizzera | Carte di credito accettate!\" \/>\n<meta name=\"robots\" content=\"index, follow, max-snippet:-1, max-image-preview:large, max-video-preview:-1\" \/>\n<link rel=\"canonical\" href=\"https:\/\/www.tabakversand.ch\/it\/prodotto\/accendino-per-sigari-cozy-commander-blu-a-fiamma-a-getto-confezione-da-2\/\" \/>\n<meta property=\"og:locale\" content=\"it_IT\" \/>\n<meta property=\"og:type\" content=\"article\" \/>\n<meta property=\"og:title\" content=\"Confezione da 2 accendini per sigari Jet Flame Cozy Commander blu. - Tabakversand.ch | Alles aus der Welt des Tabaks\" \/>\n<meta property=\"og:description\" content=\"Confezione da 2 accendini per sigari Jet Flame Cozy Commander blu | Ampia selezione di prodotti del tabacco e accessori per fumatori in tutta la Svizzera | Carte di credito accettate!\" \/>\n<meta property=\"og:url\" content=\"https:\/\/www.tabakversand.ch\/it\/prodotto\/accendino-per-sigari-cozy-commander-blu-a-fiamma-a-getto-confezione-da-2\/\" \/>\n<meta property=\"og:site_name\" content=\"Tabakversand.ch | Alles aus der Welt des Tabaks\" \/>\n<meta property=\"article:modified_time\" content=\"2026-04-08T10:58:25+00:00\" \/>\n<meta property=\"og:image\" content=\"https:\/\/www.tabakversand.ch\/wp-content\/uploads\/2025\/03\/cozy-commander-2er-jetflame-piercer.jpg\" \/>\n\t<meta property=\"og:image:width\" content=\"500\" \/>\n\t<meta property=\"og:image:height\" content=\"500\" \/>\n\t<meta property=\"og:image:type\" content=\"image\/jpeg\" \/>\n<meta name=\"twitter:card\" content=\"summary_large_image\" \/>\n<meta name=\"twitter:label1\" content=\"Tempo di lettura stimato\" \/>\n\t<meta name=\"twitter:data1\" content=\"1 minuto\" \/>\n<script type=\"application\/ld+json\" class=\"yoast-schema-graph\">{\"@context\":\"https:\/\/schema.org\",\"@graph\":[{\"@type\":\"WebPage\",\"@id\":\"https:\/\/www.tabakversand.ch\/it\/prodotto\/accendino-per-sigari-cozy-commander-blu-a-fiamma-a-getto-confezione-da-2\/\",\"url\":\"https:\/\/www.tabakversand.ch\/it\/prodotto\/accendino-per-sigari-cozy-commander-blu-a-fiamma-a-getto-confezione-da-2\/\",\"name\":\"Confezione da 2 accendini per sigari Jet Flame Cozy Commander blu. - Tabakversand.ch | Alles aus der Welt des Tabaks\",\"isPartOf\":{\"@id\":\"https:\/\/www.tabakversand.ch\/#website\"},\"primaryImageOfPage\":{\"@id\":\"https:\/\/www.tabakversand.ch\/it\/prodotto\/accendino-per-sigari-cozy-commander-blu-a-fiamma-a-getto-confezione-da-2\/#primaryimage\"},\"image\":{\"@id\":\"https:\/\/www.tabakversand.ch\/it\/prodotto\/accendino-per-sigari-cozy-commander-blu-a-fiamma-a-getto-confezione-da-2\/#primaryimage\"},\"thumbnailUrl\":\"https:\/\/www.tabakversand.ch\/wp-content\/uploads\/2025\/03\/cozy-commander-2er-jetflame-piercer.jpg\",\"datePublished\":\"2025-03-20T12:09:03+00:00\",\"dateModified\":\"2026-04-08T10:58:25+00:00\",\"description\":\"Confezione da 2 accendini per sigari Jet Flame Cozy Commander blu | Ampia selezione di prodotti del tabacco e accessori per fumatori in tutta la Svizzera | Carte di credito accettate!\",\"breadcrumb\":{\"@id\":\"https:\/\/www.tabakversand.ch\/it\/prodotto\/accendino-per-sigari-cozy-commander-blu-a-fiamma-a-getto-confezione-da-2\/#breadcrumb\"},\"inLanguage\":\"it-IT\",\"potentialAction\":[{\"@type\":\"ReadAction\",\"target\":[\"https:\/\/www.tabakversand.ch\/it\/prodotto\/accendino-per-sigari-cozy-commander-blu-a-fiamma-a-getto-confezione-da-2\/\"]}]},{\"@type\":\"ImageObject\",\"inLanguage\":\"it-IT\",\"@id\":\"https:\/\/www.tabakversand.ch\/it\/prodotto\/accendino-per-sigari-cozy-commander-blu-a-fiamma-a-getto-confezione-da-2\/#primaryimage\",\"url\":\"https:\/\/www.tabakversand.ch\/wp-content\/uploads\/2025\/03\/cozy-commander-2er-jetflame-piercer.jpg\",\"contentUrl\":\"https:\/\/www.tabakversand.ch\/wp-content\/uploads\/2025\/03\/cozy-commander-2er-jetflame-piercer.jpg\",\"width\":500,\"height\":500,\"caption\":\"Accendino per sigari Cozy Commander Blue, confezione da 2 a fiamma a getto | Tabakversand.ch\"},{\"@type\":\"BreadcrumbList\",\"@id\":\"https:\/\/www.tabakversand.ch\/it\/prodotto\/accendino-per-sigari-cozy-commander-blu-a-fiamma-a-getto-confezione-da-2\/#breadcrumb\",\"itemListElement\":[{\"@type\":\"ListItem\",\"position\":1,\"name\":\"Startseite\",\"item\":\"https:\/\/www.tabakversand.ch\/\"},{\"@type\":\"ListItem\",\"position\":2,\"name\":\"Negozio\",\"item\":\"https:\/\/www.tabakversand.ch\/it\/negozio\/\"},{\"@type\":\"ListItem\",\"position\":3,\"name\":\"Confezione da 2 accendini per sigari Jet Flame Cozy Commander blu.\"}]},{\"@type\":\"WebSite\",\"@id\":\"https:\/\/www.tabakversand.ch\/#website\",\"url\":\"https:\/\/www.tabakversand.ch\/\",\"name\":\"Tabakversand.ch | Alles aus der Welt des Tabaks\",\"description\":\"Smoke and carpe diem\",\"potentialAction\":[{\"@type\":\"SearchAction\",\"target\":{\"@type\":\"EntryPoint\",\"urlTemplate\":\"https:\/\/www.tabakversand.ch\/?s={search_term_string}\"},\"query-input\":{\"@type\":\"PropertyValueSpecification\",\"valueRequired\":true,\"valueName\":\"search_term_string\"}}],\"inLanguage\":\"it-IT\"}]}<\/script>\n<!-- \/ Yoast SEO plugin. -->","yoast_head_json":{"title":"Confezione da 2 accendini per sigari Jet Flame Cozy Commander blu. - Tabakversand.ch | Alles aus der Welt des Tabaks","description":"Confezione da 2 accendini per sigari Jet Flame Cozy Commander blu | Ampia selezione di prodotti del tabacco e accessori per fumatori in tutta la Svizzera | Carte di credito accettate!","robots":{"index":"index","follow":"follow","max-snippet":"max-snippet:-1","max-image-preview":"max-image-preview:large","max-video-preview":"max-video-preview:-1"},"canonical":"https:\/\/www.tabakversand.ch\/it\/prodotto\/accendino-per-sigari-cozy-commander-blu-a-fiamma-a-getto-confezione-da-2\/","og_locale":"it_IT","og_type":"article","og_title":"Confezione da 2 accendini per sigari Jet Flame Cozy Commander blu. - Tabakversand.ch | Alles aus der Welt des Tabaks","og_description":"Confezione da 2 accendini per sigari Jet Flame Cozy Commander blu | Ampia selezione di prodotti del tabacco e accessori per fumatori in tutta la Svizzera | Carte di credito accettate!","og_url":"https:\/\/www.tabakversand.ch\/it\/prodotto\/accendino-per-sigari-cozy-commander-blu-a-fiamma-a-getto-confezione-da-2\/","og_site_name":"Tabakversand.ch | Alles aus der Welt des Tabaks","article_modified_time":"2026-04-08T10:58:25+00:00","og_image":[{"width":500,"height":500,"url":"https:\/\/www.tabakversand.ch\/wp-content\/uploads\/2025\/03\/cozy-commander-2er-jetflame-piercer.jpg","type":"image\/jpeg"}],"twitter_card":"summary_large_image","twitter_misc":{"Tempo di lettura stimato":"1 minuto"},"schema":{"@context":"https:\/\/schema.org","@graph":[{"@type":"WebPage","@id":"https:\/\/www.tabakversand.ch\/it\/prodotto\/accendino-per-sigari-cozy-commander-blu-a-fiamma-a-getto-confezione-da-2\/","url":"https:\/\/www.tabakversand.ch\/it\/prodotto\/accendino-per-sigari-cozy-commander-blu-a-fiamma-a-getto-confezione-da-2\/","name":"Confezione da 2 accendini per sigari Jet Flame Cozy Commander blu. - Tabakversand.ch | Alles aus der Welt des Tabaks","isPartOf":{"@id":"https:\/\/www.tabakversand.ch\/#website"},"primaryImageOfPage":{"@id":"https:\/\/www.tabakversand.ch\/it\/prodotto\/accendino-per-sigari-cozy-commander-blu-a-fiamma-a-getto-confezione-da-2\/#primaryimage"},"image":{"@id":"https:\/\/www.tabakversand.ch\/it\/prodotto\/accendino-per-sigari-cozy-commander-blu-a-fiamma-a-getto-confezione-da-2\/#primaryimage"},"thumbnailUrl":"https:\/\/www.tabakversand.ch\/wp-content\/uploads\/2025\/03\/cozy-commander-2er-jetflame-piercer.jpg","datePublished":"2025-03-20T12:09:03+00:00","dateModified":"2026-04-08T10:58:25+00:00","description":"Confezione da 2 accendini per sigari Jet Flame Cozy Commander blu | Ampia selezione di prodotti del tabacco e accessori per fumatori in tutta la Svizzera | Carte di credito accettate!","breadcrumb":{"@id":"https:\/\/www.tabakversand.ch\/it\/prodotto\/accendino-per-sigari-cozy-commander-blu-a-fiamma-a-getto-confezione-da-2\/#breadcrumb"},"inLanguage":"it-IT","potentialAction":[{"@type":"ReadAction","target":["https:\/\/www.tabakversand.ch\/it\/prodotto\/accendino-per-sigari-cozy-commander-blu-a-fiamma-a-getto-confezione-da-2\/"]}]},{"@type":"ImageObject","inLanguage":"it-IT","@id":"https:\/\/www.tabakversand.ch\/it\/prodotto\/accendino-per-sigari-cozy-commander-blu-a-fiamma-a-getto-confezione-da-2\/#primaryimage","url":"https:\/\/www.tabakversand.ch\/wp-content\/uploads\/2025\/03\/cozy-commander-2er-jetflame-piercer.jpg","contentUrl":"https:\/\/www.tabakversand.ch\/wp-content\/uploads\/2025\/03\/cozy-commander-2er-jetflame-piercer.jpg","width":500,"height":500,"caption":"Accendino per sigari Cozy Commander Blue, confezione da 2 a fiamma a getto | Tabakversand.ch"},{"@type":"BreadcrumbList","@id":"https:\/\/www.tabakversand.ch\/it\/prodotto\/accendino-per-sigari-cozy-commander-blu-a-fiamma-a-getto-confezione-da-2\/#breadcrumb","itemListElement":[{"@type":"ListItem","position":1,"name":"Startseite","item":"https:\/\/www.tabakversand.ch\/"},{"@type":"ListItem","position":2,"name":"Negozio","item":"https:\/\/www.tabakversand.ch\/it\/negozio\/"},{"@type":"ListItem","position":3,"name":"Confezione da 2 accendini per sigari Jet Flame Cozy Commander blu."}]},{"@type":"WebSite","@id":"https:\/\/www.tabakversand.ch\/#website","url":"https:\/\/www.tabakversand.ch\/","name":"Tabakversand.ch | Alles aus der Welt des Tabaks","description":"Smoke and carpe diem","potentialAction":[{"@type":"SearchAction","target":{"@type":"EntryPoint","urlTemplate":"https:\/\/www.tabakversand.ch\/?s={search_term_string}"},"query-input":{"@type":"PropertyValueSpecification","valueRequired":true,"valueName":"search_term_string"}}],"inLanguage":"it-IT"}]}},"_links":{"self":[{"href":"https:\/\/www.tabakversand.ch\/it\/wp-json\/wp\/v2\/product\/176967","targetHints":{"allow":["GET"]}}],"collection":[{"href":"https:\/\/www.tabakversand.ch\/it\/wp-json\/wp\/v2\/product"}],"about":[{"href":"https:\/\/www.tabakversand.ch\/it\/wp-json\/wp\/v2\/types\/product"}],"version-history":[{"count":4,"href":"https:\/\/www.tabakversand.ch\/it\/wp-json\/wp\/v2\/product\/176967\/revisions"}],"predecessor-version":[{"id":217266,"href":"https:\/\/www.tabakversand.ch\/it\/wp-json\/wp\/v2\/product\/176967\/revisions\/217266"}],"wp:featuredmedia":[{"embeddable":true,"href":"https:\/\/www.tabakversand.ch\/it\/wp-json\/wp\/v2\/media\/176971"}],"wp:attachment":[{"href":"https:\/\/www.tabakversand.ch\/it\/wp-json\/wp\/v2\/media?parent=176967"}],"wp:term":[{"taxonomy":"product_brand","embeddable":true,"href":"https:\/\/www.tabakversand.ch\/it\/wp-json\/wp\/v2\/product_brand?post=176967"},{"taxonomy":"product_cat","embeddable":true,"href":"https:\/\/www.tabakversand.ch\/it\/wp-json\/wp\/v2\/product_cat?post=176967"},{"taxonomy":"product_tag","embeddable":true,"href":"https:\/\/www.tabakversand.ch\/it\/wp-json\/wp\/v2\/product_tag?post=176967"}],"curies":[{"name":"wp","href":"https:\/\/api.w.org\/{rel}","templated":true}]}}