{"id":177174,"date":"2025-03-20T16:30:15","date_gmt":"2025-03-20T15:30:15","guid":{"rendered":"https:\/\/www.tabakversand.ch\/?post_type=product&#038;p=177174"},"modified":"2026-04-08T13:09:20","modified_gmt":"2026-04-08T11:09:20","slug":"accendino-easy-torch-8-jet-flame-per-bbq-rosso","status":"publish","type":"product","link":"https:\/\/www.tabakversand.ch\/it\/prodotto\/accendino-easy-torch-8-jet-flame-per-bbq-rosso\/","title":{"rendered":"Accendino Easy Torch 8 per barbecue a fiamma a getto, colore rosso"},"content":{"rendered":"<p>Accendino Easy Torch 8 per barbecue a fiamma a getto, colore rosso<\/p>\n<ul>\n<li>Altezza: 20 cm<\/li>\n<li>DM 2.5<\/li>\n<li>Fiamma a getto<\/li>\n<li>Barbecue<\/li>\n<li>Pu\u00f2 essere riempito di gas pi\u00f9 e pi\u00f9 volte<\/li>\n<\/ul>\n<p>Tutti i prezzi sono validi solo per gli ordini online e includono l&#8217;IVA, sono soggetti a modifiche senza preavviso e non includono le spese di spedizione.   Con riserva di errori, modifiche nella fornitura e nella progettazione, errori di stampa e modifiche dei prezzi. I prezzi barrati sono invece prezzi. L&#8217;immagine pu\u00f2 differire dall&#8217;originale\/dalla fornitura.<br \/>\n*Spedizione gratuita per ordini superiori a CHF 250.-.<\/p>\n","protected":false},"excerpt":{"rendered":"<p>Accendino Easy Torch 8 per barbecue a fiamma a getto, colore rosso Altezza: 20 cm DM 2.5 Fiamma a getto Barbecue Pu\u00f2 essere riempito di gas pi\u00f9 e pi\u00f9 volte Tutti i prezzi sono validi solo per gli ordini online e includono l&#8217;IVA, sono soggetti a modifiche senza preavviso e non includono le spese di [&hellip;]<\/p>\n","protected":false},"featured_media":177178,"template":"","meta":[],"product_brand":[5756],"product_cat":[3376,1931,3357,1892,2110,3585],"product_tag":[],"class_list":{"0":"post-177174","1":"product","2":"type-product","3":"status-publish","4":"has-post-thumbnail","6":"product_brand-easy-torch-feuerzeug","7":"product_cat-accendini-it","8":"product_cat-accendini","9":"product_cat-accendini-a-bastoncino","10":"product_cat-narghile","11":"product_cat-shisha-accessori","12":"product_cat-vari-accendini","14":"first","15":"instock","16":"purchasable","17":"product-type-simple"},"yoast_head":"<!-- This site is optimized with the Yoast SEO plugin v27.0 - https:\/\/yoast.com\/product\/yoast-seo-wordpress\/ -->\n<title>Accendino Easy Torch 8 per barbecue a fiamma a getto, colore rosso - Tabakversand.ch | Alles aus der Welt des Tabaks<\/title>\n<meta name=\"description\" content=\"Accendino Easy Torch 8 BBQ Jet Flame, rosso | Ampia selezione di prodotti del tabacco e accessori per fumatori in tutta la Svizzera | Carte di credito accettate!\" \/>\n<meta name=\"robots\" content=\"index, follow, max-snippet:-1, max-image-preview:large, max-video-preview:-1\" \/>\n<link rel=\"canonical\" href=\"https:\/\/www.tabakversand.ch\/it\/prodotto\/accendino-easy-torch-8-jet-flame-per-bbq-rosso\/\" \/>\n<meta property=\"og:locale\" content=\"it_IT\" \/>\n<meta property=\"og:type\" content=\"article\" \/>\n<meta property=\"og:title\" content=\"Accendino Easy Torch 8 per barbecue a fiamma a getto, colore rosso - Tabakversand.ch | Alles aus der Welt des Tabaks\" \/>\n<meta property=\"og:description\" content=\"Accendino Easy Torch 8 BBQ Jet Flame, rosso | Ampia selezione di prodotti del tabacco e accessori per fumatori in tutta la Svizzera | Carte di credito accettate!\" \/>\n<meta property=\"og:url\" content=\"https:\/\/www.tabakversand.ch\/it\/prodotto\/accendino-easy-torch-8-jet-flame-per-bbq-rosso\/\" \/>\n<meta property=\"og:site_name\" content=\"Tabakversand.ch | Alles aus der Welt des Tabaks\" \/>\n<meta property=\"article:modified_time\" content=\"2026-04-08T11:09:20+00:00\" \/>\n<meta property=\"og:image\" content=\"https:\/\/www.tabakversand.ch\/wp-content\/uploads\/2025\/03\/easy-torch-8-bbq-II-jet.jpg\" \/>\n\t<meta property=\"og:image:width\" content=\"500\" \/>\n\t<meta property=\"og:image:height\" content=\"500\" \/>\n\t<meta property=\"og:image:type\" content=\"image\/jpeg\" \/>\n<meta name=\"twitter:card\" content=\"summary_large_image\" \/>\n<meta name=\"twitter:label1\" content=\"Tempo di lettura stimato\" \/>\n\t<meta name=\"twitter:data1\" content=\"1 minuto\" \/>\n<script type=\"application\/ld+json\" class=\"yoast-schema-graph\">{\"@context\":\"https:\/\/schema.org\",\"@graph\":[{\"@type\":\"WebPage\",\"@id\":\"https:\/\/www.tabakversand.ch\/it\/prodotto\/accendino-easy-torch-8-jet-flame-per-bbq-rosso\/\",\"url\":\"https:\/\/www.tabakversand.ch\/it\/prodotto\/accendino-easy-torch-8-jet-flame-per-bbq-rosso\/\",\"name\":\"Accendino Easy Torch 8 per barbecue a fiamma a getto, colore rosso - Tabakversand.ch | Alles aus der Welt des Tabaks\",\"isPartOf\":{\"@id\":\"https:\/\/www.tabakversand.ch\/#website\"},\"primaryImageOfPage\":{\"@id\":\"https:\/\/www.tabakversand.ch\/it\/prodotto\/accendino-easy-torch-8-jet-flame-per-bbq-rosso\/#primaryimage\"},\"image\":{\"@id\":\"https:\/\/www.tabakversand.ch\/it\/prodotto\/accendino-easy-torch-8-jet-flame-per-bbq-rosso\/#primaryimage\"},\"thumbnailUrl\":\"https:\/\/www.tabakversand.ch\/wp-content\/uploads\/2025\/03\/easy-torch-8-bbq-II-jet.jpg\",\"datePublished\":\"2025-03-20T15:30:15+00:00\",\"dateModified\":\"2026-04-08T11:09:20+00:00\",\"description\":\"Accendino Easy Torch 8 BBQ Jet Flame, rosso | Ampia selezione di prodotti del tabacco e accessori per fumatori in tutta la Svizzera | Carte di credito accettate!\",\"breadcrumb\":{\"@id\":\"https:\/\/www.tabakversand.ch\/it\/prodotto\/accendino-easy-torch-8-jet-flame-per-bbq-rosso\/#breadcrumb\"},\"inLanguage\":\"it-IT\",\"potentialAction\":[{\"@type\":\"ReadAction\",\"target\":[\"https:\/\/www.tabakversand.ch\/it\/prodotto\/accendino-easy-torch-8-jet-flame-per-bbq-rosso\/\"]}]},{\"@type\":\"ImageObject\",\"inLanguage\":\"it-IT\",\"@id\":\"https:\/\/www.tabakversand.ch\/it\/prodotto\/accendino-easy-torch-8-jet-flame-per-bbq-rosso\/#primaryimage\",\"url\":\"https:\/\/www.tabakversand.ch\/wp-content\/uploads\/2025\/03\/easy-torch-8-bbq-II-jet.jpg\",\"contentUrl\":\"https:\/\/www.tabakversand.ch\/wp-content\/uploads\/2025\/03\/easy-torch-8-bbq-II-jet.jpg\",\"width\":500,\"height\":500,\"caption\":\"Accendino Easy Torch 8 per barbecue a fiamma a getto, rosso | Tabakversand.ch\"},{\"@type\":\"BreadcrumbList\",\"@id\":\"https:\/\/www.tabakversand.ch\/it\/prodotto\/accendino-easy-torch-8-jet-flame-per-bbq-rosso\/#breadcrumb\",\"itemListElement\":[{\"@type\":\"ListItem\",\"position\":1,\"name\":\"Startseite\",\"item\":\"https:\/\/www.tabakversand.ch\/\"},{\"@type\":\"ListItem\",\"position\":2,\"name\":\"Negozio\",\"item\":\"https:\/\/www.tabakversand.ch\/it\/negozio\/\"},{\"@type\":\"ListItem\",\"position\":3,\"name\":\"Accendino Easy Torch 8 per barbecue a fiamma a getto, colore rosso\"}]},{\"@type\":\"WebSite\",\"@id\":\"https:\/\/www.tabakversand.ch\/#website\",\"url\":\"https:\/\/www.tabakversand.ch\/\",\"name\":\"Tabakversand.ch | Alles aus der Welt des Tabaks\",\"description\":\"Smoke and carpe diem\",\"potentialAction\":[{\"@type\":\"SearchAction\",\"target\":{\"@type\":\"EntryPoint\",\"urlTemplate\":\"https:\/\/www.tabakversand.ch\/?s={search_term_string}\"},\"query-input\":{\"@type\":\"PropertyValueSpecification\",\"valueRequired\":true,\"valueName\":\"search_term_string\"}}],\"inLanguage\":\"it-IT\"}]}<\/script>\n<!-- \/ Yoast SEO plugin. -->","yoast_head_json":{"title":"Accendino Easy Torch 8 per barbecue a fiamma a getto, colore rosso - Tabakversand.ch | Alles aus der Welt des Tabaks","description":"Accendino Easy Torch 8 BBQ Jet Flame, rosso | Ampia selezione di prodotti del tabacco e accessori per fumatori in tutta la Svizzera | Carte di credito accettate!","robots":{"index":"index","follow":"follow","max-snippet":"max-snippet:-1","max-image-preview":"max-image-preview:large","max-video-preview":"max-video-preview:-1"},"canonical":"https:\/\/www.tabakversand.ch\/it\/prodotto\/accendino-easy-torch-8-jet-flame-per-bbq-rosso\/","og_locale":"it_IT","og_type":"article","og_title":"Accendino Easy Torch 8 per barbecue a fiamma a getto, colore rosso - Tabakversand.ch | Alles aus der Welt des Tabaks","og_description":"Accendino Easy Torch 8 BBQ Jet Flame, rosso | Ampia selezione di prodotti del tabacco e accessori per fumatori in tutta la Svizzera | Carte di credito accettate!","og_url":"https:\/\/www.tabakversand.ch\/it\/prodotto\/accendino-easy-torch-8-jet-flame-per-bbq-rosso\/","og_site_name":"Tabakversand.ch | Alles aus der Welt des Tabaks","article_modified_time":"2026-04-08T11:09:20+00:00","og_image":[{"width":500,"height":500,"url":"https:\/\/www.tabakversand.ch\/wp-content\/uploads\/2025\/03\/easy-torch-8-bbq-II-jet.jpg","type":"image\/jpeg"}],"twitter_card":"summary_large_image","twitter_misc":{"Tempo di lettura stimato":"1 minuto"},"schema":{"@context":"https:\/\/schema.org","@graph":[{"@type":"WebPage","@id":"https:\/\/www.tabakversand.ch\/it\/prodotto\/accendino-easy-torch-8-jet-flame-per-bbq-rosso\/","url":"https:\/\/www.tabakversand.ch\/it\/prodotto\/accendino-easy-torch-8-jet-flame-per-bbq-rosso\/","name":"Accendino Easy Torch 8 per barbecue a fiamma a getto, colore rosso - Tabakversand.ch | Alles aus der Welt des Tabaks","isPartOf":{"@id":"https:\/\/www.tabakversand.ch\/#website"},"primaryImageOfPage":{"@id":"https:\/\/www.tabakversand.ch\/it\/prodotto\/accendino-easy-torch-8-jet-flame-per-bbq-rosso\/#primaryimage"},"image":{"@id":"https:\/\/www.tabakversand.ch\/it\/prodotto\/accendino-easy-torch-8-jet-flame-per-bbq-rosso\/#primaryimage"},"thumbnailUrl":"https:\/\/www.tabakversand.ch\/wp-content\/uploads\/2025\/03\/easy-torch-8-bbq-II-jet.jpg","datePublished":"2025-03-20T15:30:15+00:00","dateModified":"2026-04-08T11:09:20+00:00","description":"Accendino Easy Torch 8 BBQ Jet Flame, rosso | Ampia selezione di prodotti del tabacco e accessori per fumatori in tutta la Svizzera | Carte di credito accettate!","breadcrumb":{"@id":"https:\/\/www.tabakversand.ch\/it\/prodotto\/accendino-easy-torch-8-jet-flame-per-bbq-rosso\/#breadcrumb"},"inLanguage":"it-IT","potentialAction":[{"@type":"ReadAction","target":["https:\/\/www.tabakversand.ch\/it\/prodotto\/accendino-easy-torch-8-jet-flame-per-bbq-rosso\/"]}]},{"@type":"ImageObject","inLanguage":"it-IT","@id":"https:\/\/www.tabakversand.ch\/it\/prodotto\/accendino-easy-torch-8-jet-flame-per-bbq-rosso\/#primaryimage","url":"https:\/\/www.tabakversand.ch\/wp-content\/uploads\/2025\/03\/easy-torch-8-bbq-II-jet.jpg","contentUrl":"https:\/\/www.tabakversand.ch\/wp-content\/uploads\/2025\/03\/easy-torch-8-bbq-II-jet.jpg","width":500,"height":500,"caption":"Accendino Easy Torch 8 per barbecue a fiamma a getto, rosso | Tabakversand.ch"},{"@type":"BreadcrumbList","@id":"https:\/\/www.tabakversand.ch\/it\/prodotto\/accendino-easy-torch-8-jet-flame-per-bbq-rosso\/#breadcrumb","itemListElement":[{"@type":"ListItem","position":1,"name":"Startseite","item":"https:\/\/www.tabakversand.ch\/"},{"@type":"ListItem","position":2,"name":"Negozio","item":"https:\/\/www.tabakversand.ch\/it\/negozio\/"},{"@type":"ListItem","position":3,"name":"Accendino Easy Torch 8 per barbecue a fiamma a getto, colore rosso"}]},{"@type":"WebSite","@id":"https:\/\/www.tabakversand.ch\/#website","url":"https:\/\/www.tabakversand.ch\/","name":"Tabakversand.ch | Alles aus der Welt des Tabaks","description":"Smoke and carpe diem","potentialAction":[{"@type":"SearchAction","target":{"@type":"EntryPoint","urlTemplate":"https:\/\/www.tabakversand.ch\/?s={search_term_string}"},"query-input":{"@type":"PropertyValueSpecification","valueRequired":true,"valueName":"search_term_string"}}],"inLanguage":"it-IT"}]}},"_links":{"self":[{"href":"https:\/\/www.tabakversand.ch\/it\/wp-json\/wp\/v2\/product\/177174","targetHints":{"allow":["GET"]}}],"collection":[{"href":"https:\/\/www.tabakversand.ch\/it\/wp-json\/wp\/v2\/product"}],"about":[{"href":"https:\/\/www.tabakversand.ch\/it\/wp-json\/wp\/v2\/types\/product"}],"version-history":[{"count":4,"href":"https:\/\/www.tabakversand.ch\/it\/wp-json\/wp\/v2\/product\/177174\/revisions"}],"predecessor-version":[{"id":217270,"href":"https:\/\/www.tabakversand.ch\/it\/wp-json\/wp\/v2\/product\/177174\/revisions\/217270"}],"wp:featuredmedia":[{"embeddable":true,"href":"https:\/\/www.tabakversand.ch\/it\/wp-json\/wp\/v2\/media\/177178"}],"wp:attachment":[{"href":"https:\/\/www.tabakversand.ch\/it\/wp-json\/wp\/v2\/media?parent=177174"}],"wp:term":[{"taxonomy":"product_brand","embeddable":true,"href":"https:\/\/www.tabakversand.ch\/it\/wp-json\/wp\/v2\/product_brand?post=177174"},{"taxonomy":"product_cat","embeddable":true,"href":"https:\/\/www.tabakversand.ch\/it\/wp-json\/wp\/v2\/product_cat?post=177174"},{"taxonomy":"product_tag","embeddable":true,"href":"https:\/\/www.tabakversand.ch\/it\/wp-json\/wp\/v2\/product_tag?post=177174"}],"curies":[{"name":"wp","href":"https:\/\/api.w.org\/{rel}","templated":true}]}}