{"id":178106,"date":"2025-03-26T16:37:18","date_gmt":"2025-03-26T15:37:18","guid":{"rendered":"https:\/\/www.tabakversand.ch\/?post_type=product&#038;p=178106"},"modified":"2025-03-26T16:45:28","modified_gmt":"2025-03-26T15:45:28","slug":"cigarkings-sun-grown-petit-robusto-1-sigaro","status":"publish","type":"product","link":"https:\/\/www.tabakversand.ch\/it\/prodotto\/cigarkings-sun-grown-petit-robusto-1-sigaro\/","title":{"rendered":"Cigarkings Sun Grown Petit Robusto 1 sigaro"},"content":{"rendered":"<p>Cigarkings Sun Grown Petit Robusto 1 sigaro<\/p>\n<p>Il Petit Robusto Sun Grown combina l&#8217;eleganza con il gusto, anche se in una forma pi\u00f9 piccola e classica per un gusto pi\u00f9 intenso, che rende l&#8217;esperienza CigarKings ancora pi\u00f9 emozionante.<\/p>\n<p>Una bella fumatina nel mezzo &#8211; non vedo l&#8217;ora!<\/p>\n<table width=\"397\">\n<tbody>\n<tr>\n<td>Frontespizio:<\/td>\n<td width=\"253\">HBN Ecuador coltivato al sole<\/td>\n<\/tr>\n<tr>\n<td>Unit\u00e0:<\/td>\n<td width=\"253\">Scatola da 24<\/td>\n<\/tr>\n<tr>\n<td>Inserire:<\/td>\n<td width=\"253\">Nicaragua Secco \/ Viso<\/td>\n<\/tr>\n<tr>\n<td>Origine:<\/td>\n<td width=\"253\">Nicaragua<\/td>\n<\/tr>\n<tr>\n<td>Pollice:<\/td>\n<td width=\"253\">4<\/td>\n<\/tr>\n<tr>\n<td>Misura dell&#8217;anello:<\/td>\n<td width=\"253\">48<\/td>\n<\/tr>\n<tr>\n<td>Speciali:<\/td>\n<td width=\"253\">Triplo tappo<\/td>\n<\/tr>\n<tr>\n<td>Copertina:<\/td>\n<td width=\"253\">2 involucri Selected Cigarkings<\/td>\n<\/tr>\n<\/tbody>\n<\/table>\n<p>Tutti i prezzi si applicano solo agli ordini online e sono comprensivi di IVA. IVA, soggetta a modifiche pi\u00f9 Spedizione. Con riserva di errori, modifiche nella fornitura e nella progettazione, errori di stampa e modifiche dei prezzi. I prezzi barrati sono invece prezzi. L&#8217;immagine pu\u00f2 differire dall&#8217;originale\/dalla fornitura.<\/p>\n<p>*Spedizione gratuita per ordini superiori a CHF 250.<\/p>\n","protected":false},"excerpt":{"rendered":"<p>Cigarkings Sun Grown Petit Robusto 1 sigaro Il Petit Robusto Sun Grown combina l&#8217;eleganza con il gusto, anche se in una forma pi\u00f9 piccola e classica per un gusto pi\u00f9 intenso, che rende l&#8217;esperienza CigarKings ancora pi\u00f9 emozionante. Una bella fumatina nel mezzo &#8211; non vedo l&#8217;ora! Frontespizio: HBN Ecuador coltivato al sole Unit\u00e0: Scatola [&hellip;]<\/p>\n","protected":false},"featured_media":178110,"template":"","meta":[],"product_brand":[],"product_cat":[2004,3207,2003,2002,2134,3051],"product_tag":[],"class_list":{"0":"post-178106","1":"product","2":"type-product","3":"status-publish","4":"has-post-thumbnail","6":"product_cat-diverso-headshop","7":"product_cat-offerte","8":"product_cat-mondo-dei-sigari","9":"product_cat-sigari","10":"product_cat-nicaragua-it","11":"product_cat-re-dei-sigari","13":"first","14":"instock","15":"sale","16":"purchasable","17":"product-type-simple"},"yoast_head":"<!-- This site is optimized with the Yoast SEO plugin v27.0 - https:\/\/yoast.com\/product\/yoast-seo-wordpress\/ -->\n<title>Cigarkings Sun Grown Petit Robusto 1 sigaro<\/title>\n<meta name=\"description\" content=\"Sigaro Cigarkings Sun Grown Petit Robusto 1 | Una selezione dei migliori prodotti del tabacco, e-smoke e accessori per fumatori in tutta la Svizzera | Carte accettate!\" \/>\n<meta name=\"robots\" content=\"index, follow, max-snippet:-1, max-image-preview:large, max-video-preview:-1\" \/>\n<link rel=\"canonical\" href=\"https:\/\/www.tabakversand.ch\/it\/prodotto\/cigarkings-sun-grown-petit-robusto-1-sigaro\/\" \/>\n<meta property=\"og:locale\" content=\"it_IT\" \/>\n<meta property=\"og:type\" content=\"article\" \/>\n<meta property=\"og:title\" content=\"Cigarkings Sun Grown Petit Robusto 1 sigaro\" \/>\n<meta property=\"og:description\" content=\"Sigaro Cigarkings Sun Grown Petit Robusto 1 | Una selezione dei migliori prodotti del tabacco, e-smoke e accessori per fumatori in tutta la Svizzera | Carte accettate!\" \/>\n<meta property=\"og:url\" content=\"https:\/\/www.tabakversand.ch\/it\/prodotto\/cigarkings-sun-grown-petit-robusto-1-sigaro\/\" \/>\n<meta property=\"og:site_name\" content=\"Tabakversand.ch | Alles aus der Welt des Tabaks\" \/>\n<meta property=\"article:modified_time\" content=\"2025-03-26T15:45:28+00:00\" \/>\n<meta property=\"og:image\" content=\"https:\/\/www.tabakversand.ch\/wp-content\/uploads\/2025\/03\/sun-grown-petit-robusto-e.jpg\" \/>\n\t<meta property=\"og:image:width\" content=\"500\" \/>\n\t<meta property=\"og:image:height\" content=\"501\" \/>\n\t<meta property=\"og:image:type\" content=\"image\/jpeg\" \/>\n<meta name=\"twitter:card\" content=\"summary_large_image\" \/>\n<meta name=\"twitter:label1\" content=\"Tempo di lettura stimato\" \/>\n\t<meta name=\"twitter:data1\" content=\"1 minuto\" \/>\n<script type=\"application\/ld+json\" class=\"yoast-schema-graph\">{\"@context\":\"https:\/\/schema.org\",\"@graph\":[{\"@type\":\"WebPage\",\"@id\":\"https:\/\/www.tabakversand.ch\/it\/prodotto\/cigarkings-sun-grown-petit-robusto-1-sigaro\/\",\"url\":\"https:\/\/www.tabakversand.ch\/it\/prodotto\/cigarkings-sun-grown-petit-robusto-1-sigaro\/\",\"name\":\"Cigarkings Sun Grown Petit Robusto 1 sigaro\",\"isPartOf\":{\"@id\":\"https:\/\/www.tabakversand.ch\/#website\"},\"primaryImageOfPage\":{\"@id\":\"https:\/\/www.tabakversand.ch\/it\/prodotto\/cigarkings-sun-grown-petit-robusto-1-sigaro\/#primaryimage\"},\"image\":{\"@id\":\"https:\/\/www.tabakversand.ch\/it\/prodotto\/cigarkings-sun-grown-petit-robusto-1-sigaro\/#primaryimage\"},\"thumbnailUrl\":\"https:\/\/www.tabakversand.ch\/wp-content\/uploads\/2025\/03\/sun-grown-petit-robusto-e.jpg\",\"datePublished\":\"2025-03-26T15:37:18+00:00\",\"dateModified\":\"2025-03-26T15:45:28+00:00\",\"description\":\"Sigaro Cigarkings Sun Grown Petit Robusto 1 | Una selezione dei migliori prodotti del tabacco, e-smoke e accessori per fumatori in tutta la Svizzera | Carte accettate!\",\"breadcrumb\":{\"@id\":\"https:\/\/www.tabakversand.ch\/it\/prodotto\/cigarkings-sun-grown-petit-robusto-1-sigaro\/#breadcrumb\"},\"inLanguage\":\"it-IT\",\"potentialAction\":[{\"@type\":\"ReadAction\",\"target\":[\"https:\/\/www.tabakversand.ch\/it\/prodotto\/cigarkings-sun-grown-petit-robusto-1-sigaro\/\"]}]},{\"@type\":\"ImageObject\",\"inLanguage\":\"it-IT\",\"@id\":\"https:\/\/www.tabakversand.ch\/it\/prodotto\/cigarkings-sun-grown-petit-robusto-1-sigaro\/#primaryimage\",\"url\":\"https:\/\/www.tabakversand.ch\/wp-content\/uploads\/2025\/03\/sun-grown-petit-robusto-e.jpg\",\"contentUrl\":\"https:\/\/www.tabakversand.ch\/wp-content\/uploads\/2025\/03\/sun-grown-petit-robusto-e.jpg\",\"width\":500,\"height\":501,\"caption\":\"Cigarkings Sun Grown Petit Robusto 1 Zigarre\"},{\"@type\":\"BreadcrumbList\",\"@id\":\"https:\/\/www.tabakversand.ch\/it\/prodotto\/cigarkings-sun-grown-petit-robusto-1-sigaro\/#breadcrumb\",\"itemListElement\":[{\"@type\":\"ListItem\",\"position\":1,\"name\":\"Startseite\",\"item\":\"https:\/\/www.tabakversand.ch\/\"},{\"@type\":\"ListItem\",\"position\":2,\"name\":\"Negozio\",\"item\":\"https:\/\/www.tabakversand.ch\/it\/negozio\/\"},{\"@type\":\"ListItem\",\"position\":3,\"name\":\"Cigarkings Sun Grown Petit Robusto 1 sigaro\"}]},{\"@type\":\"WebSite\",\"@id\":\"https:\/\/www.tabakversand.ch\/#website\",\"url\":\"https:\/\/www.tabakversand.ch\/\",\"name\":\"Tabakversand.ch | Alles aus der Welt des Tabaks\",\"description\":\"Smoke and carpe diem\",\"potentialAction\":[{\"@type\":\"SearchAction\",\"target\":{\"@type\":\"EntryPoint\",\"urlTemplate\":\"https:\/\/www.tabakversand.ch\/?s={search_term_string}\"},\"query-input\":{\"@type\":\"PropertyValueSpecification\",\"valueRequired\":true,\"valueName\":\"search_term_string\"}}],\"inLanguage\":\"it-IT\"}]}<\/script>\n<!-- \/ Yoast SEO plugin. -->","yoast_head_json":{"title":"Cigarkings Sun Grown Petit Robusto 1 sigaro","description":"Sigaro Cigarkings Sun Grown Petit Robusto 1 | Una selezione dei migliori prodotti del tabacco, e-smoke e accessori per fumatori in tutta la Svizzera | Carte accettate!","robots":{"index":"index","follow":"follow","max-snippet":"max-snippet:-1","max-image-preview":"max-image-preview:large","max-video-preview":"max-video-preview:-1"},"canonical":"https:\/\/www.tabakversand.ch\/it\/prodotto\/cigarkings-sun-grown-petit-robusto-1-sigaro\/","og_locale":"it_IT","og_type":"article","og_title":"Cigarkings Sun Grown Petit Robusto 1 sigaro","og_description":"Sigaro Cigarkings Sun Grown Petit Robusto 1 | Una selezione dei migliori prodotti del tabacco, e-smoke e accessori per fumatori in tutta la Svizzera | Carte accettate!","og_url":"https:\/\/www.tabakversand.ch\/it\/prodotto\/cigarkings-sun-grown-petit-robusto-1-sigaro\/","og_site_name":"Tabakversand.ch | Alles aus der Welt des Tabaks","article_modified_time":"2025-03-26T15:45:28+00:00","og_image":[{"width":500,"height":501,"url":"https:\/\/www.tabakversand.ch\/wp-content\/uploads\/2025\/03\/sun-grown-petit-robusto-e.jpg","type":"image\/jpeg"}],"twitter_card":"summary_large_image","twitter_misc":{"Tempo di lettura stimato":"1 minuto"},"schema":{"@context":"https:\/\/schema.org","@graph":[{"@type":"WebPage","@id":"https:\/\/www.tabakversand.ch\/it\/prodotto\/cigarkings-sun-grown-petit-robusto-1-sigaro\/","url":"https:\/\/www.tabakversand.ch\/it\/prodotto\/cigarkings-sun-grown-petit-robusto-1-sigaro\/","name":"Cigarkings Sun Grown Petit Robusto 1 sigaro","isPartOf":{"@id":"https:\/\/www.tabakversand.ch\/#website"},"primaryImageOfPage":{"@id":"https:\/\/www.tabakversand.ch\/it\/prodotto\/cigarkings-sun-grown-petit-robusto-1-sigaro\/#primaryimage"},"image":{"@id":"https:\/\/www.tabakversand.ch\/it\/prodotto\/cigarkings-sun-grown-petit-robusto-1-sigaro\/#primaryimage"},"thumbnailUrl":"https:\/\/www.tabakversand.ch\/wp-content\/uploads\/2025\/03\/sun-grown-petit-robusto-e.jpg","datePublished":"2025-03-26T15:37:18+00:00","dateModified":"2025-03-26T15:45:28+00:00","description":"Sigaro Cigarkings Sun Grown Petit Robusto 1 | Una selezione dei migliori prodotti del tabacco, e-smoke e accessori per fumatori in tutta la Svizzera | Carte accettate!","breadcrumb":{"@id":"https:\/\/www.tabakversand.ch\/it\/prodotto\/cigarkings-sun-grown-petit-robusto-1-sigaro\/#breadcrumb"},"inLanguage":"it-IT","potentialAction":[{"@type":"ReadAction","target":["https:\/\/www.tabakversand.ch\/it\/prodotto\/cigarkings-sun-grown-petit-robusto-1-sigaro\/"]}]},{"@type":"ImageObject","inLanguage":"it-IT","@id":"https:\/\/www.tabakversand.ch\/it\/prodotto\/cigarkings-sun-grown-petit-robusto-1-sigaro\/#primaryimage","url":"https:\/\/www.tabakversand.ch\/wp-content\/uploads\/2025\/03\/sun-grown-petit-robusto-e.jpg","contentUrl":"https:\/\/www.tabakversand.ch\/wp-content\/uploads\/2025\/03\/sun-grown-petit-robusto-e.jpg","width":500,"height":501,"caption":"Cigarkings Sun Grown Petit Robusto 1 Zigarre"},{"@type":"BreadcrumbList","@id":"https:\/\/www.tabakversand.ch\/it\/prodotto\/cigarkings-sun-grown-petit-robusto-1-sigaro\/#breadcrumb","itemListElement":[{"@type":"ListItem","position":1,"name":"Startseite","item":"https:\/\/www.tabakversand.ch\/"},{"@type":"ListItem","position":2,"name":"Negozio","item":"https:\/\/www.tabakversand.ch\/it\/negozio\/"},{"@type":"ListItem","position":3,"name":"Cigarkings Sun Grown Petit Robusto 1 sigaro"}]},{"@type":"WebSite","@id":"https:\/\/www.tabakversand.ch\/#website","url":"https:\/\/www.tabakversand.ch\/","name":"Tabakversand.ch | Alles aus der Welt des Tabaks","description":"Smoke and carpe diem","potentialAction":[{"@type":"SearchAction","target":{"@type":"EntryPoint","urlTemplate":"https:\/\/www.tabakversand.ch\/?s={search_term_string}"},"query-input":{"@type":"PropertyValueSpecification","valueRequired":true,"valueName":"search_term_string"}}],"inLanguage":"it-IT"}]}},"_links":{"self":[{"href":"https:\/\/www.tabakversand.ch\/it\/wp-json\/wp\/v2\/product\/178106","targetHints":{"allow":["GET"]}}],"collection":[{"href":"https:\/\/www.tabakversand.ch\/it\/wp-json\/wp\/v2\/product"}],"about":[{"href":"https:\/\/www.tabakversand.ch\/it\/wp-json\/wp\/v2\/types\/product"}],"version-history":[{"count":3,"href":"https:\/\/www.tabakversand.ch\/it\/wp-json\/wp\/v2\/product\/178106\/revisions"}],"predecessor-version":[{"id":178120,"href":"https:\/\/www.tabakversand.ch\/it\/wp-json\/wp\/v2\/product\/178106\/revisions\/178120"}],"wp:featuredmedia":[{"embeddable":true,"href":"https:\/\/www.tabakversand.ch\/it\/wp-json\/wp\/v2\/media\/178110"}],"wp:attachment":[{"href":"https:\/\/www.tabakversand.ch\/it\/wp-json\/wp\/v2\/media?parent=178106"}],"wp:term":[{"taxonomy":"product_brand","embeddable":true,"href":"https:\/\/www.tabakversand.ch\/it\/wp-json\/wp\/v2\/product_brand?post=178106"},{"taxonomy":"product_cat","embeddable":true,"href":"https:\/\/www.tabakversand.ch\/it\/wp-json\/wp\/v2\/product_cat?post=178106"},{"taxonomy":"product_tag","embeddable":true,"href":"https:\/\/www.tabakversand.ch\/it\/wp-json\/wp\/v2\/product_tag?post=178106"}],"curies":[{"name":"wp","href":"https:\/\/api.w.org\/{rel}","templated":true}]}}