{"id":178902,"date":"2025-04-01T16:07:45","date_gmt":"2025-04-01T14:07:45","guid":{"rendered":"https:\/\/www.tabakversand.ch\/?post_type=product&#038;p=178902"},"modified":"2026-02-21T08:51:39","modified_gmt":"2026-02-21T07:51:39","slug":"vauen-sei-tubi-502-kopie","status":"publish","type":"product","link":"https:\/\/www.tabakversand.ch\/it\/prodotto\/vauen-sei-tubi-502-kopie\/","title":{"rendered":"Tubo Vauen Mamba 5508"},"content":{"rendered":"<div id=\"tab-label-description\" class=\"data item title active\" role=\"tab\" data-role=\"collapsible\" data-collapsible=\"true\">\n<div id=\"description\" class=\"data item content\" role=\"tabpanel\" data-role=\"content\" aria-labelledby=\"tab-label-description\" aria-hidden=\"false\">\n<div class=\"product attribute9 description\">\n<p>Tubo Vauen Mamba 5508<\/p>\n<p>Nella serie Mamba, le parti morbide della radica sono state accuratamente rimosse per creare una venatura gradevole. Dopo la sabbiatura risulta completamente annerito. La superficie in rilievo viene poi levigata a mano nei punti pi\u00f9 alti per far risaltare il marrone naturale del legno di radica. Ci\u00f2 crea una speciale profondit\u00e0 di grana con un fantastico aspetto 3D. Questa speciale pipa standard \u00e8 impreziosita da un anello in radica rialzato, che funge da speciale elemento di collegamento tra il bocchino e il bocchino.    <\/p>\n<ul>\n<li>Colore: marrone<\/li>\n<li>Forma di base: curva<\/li>\n<li>Modello: Bulldog \/ Rhodesian<\/li>\n<li>Superficie: sabbiata<\/li>\n<li>Bocchino: acrilico nero<\/li>\n<li>Tipo di morso: morso normale<\/li>\n<li>Materiale: Radica<\/li>\n<li>Applicazione: Legno di radica<\/li>\n<li>Filtro: 9 mm<\/li>\n<li>Lunghezza: 14 cm<\/li>\n<li>Altezza della pipa: 45 mm<\/li>\n<li>Peso: circa 50 grammi<\/li>\n<li>Paese di origine: Germania<\/li>\n<\/ul>\n<\/div>\n<\/div>\n<p>Tutti i prezzi si applicano solo agli ordini online e sono comprensivi di IVA. Soggetto a modifiche senza preavviso, escluse le spese di spedizione. Con riserva di errori, modifiche nell&#8217;ambito di consegna e nel design, errori di stampa e variazioni di prezzo. I prezzi barrati sono prezzi sostitutivi. Le illustrazioni possono differire dall&#8217;originale\/dall&#8217;ambito di consegna.     <\/p>\n<\/div>\n<p>*Spedizione gratuita per ordini superiori a CHF 250.-.<\/p>\n","protected":false},"excerpt":{"rendered":"<p>Tubo Vauen Mamba 5508 Nella serie Mamba, le parti morbide della radica sono state accuratamente rimosse per creare una venatura gradevole. Dopo la sabbiatura risulta completamente annerito. La superficie in rilievo viene poi levigata a mano nei punti pi\u00f9 alti per far risaltare il marrone naturale del legno di radica. Ci\u00f2 crea una speciale profondit\u00e0 [&hellip;]<\/p>\n","protected":false},"featured_media":178906,"template":"","meta":[],"product_brand":[5273],"product_cat":[1943,1944,1941],"product_tag":[],"class_list":{"0":"post-178902","1":"product","2":"type-product","3":"status-publish","4":"has-post-thumbnail","6":"product_brand-vauen","7":"product_cat-fischio","8":"product_cat-mondo-pipe","9":"product_cat-tubi-vauen","11":"first","12":"instock","13":"purchasable","14":"product-type-simple"},"yoast_head":"<!-- This site is optimized with the Yoast SEO plugin v27.0 - https:\/\/yoast.com\/product\/yoast-seo-wordpress\/ -->\n<title>Tubo Vauen Mamba 5508<\/title>\n<meta name=\"description\" content=\"Pipa Vauen Mamba 5508 | Un&#039;ampia scelta di prodotti del tabacco e accessori per fumatori in tutta la Svizzera | Carte accettate!\" \/>\n<meta name=\"robots\" content=\"index, follow, max-snippet:-1, max-image-preview:large, max-video-preview:-1\" \/>\n<link rel=\"canonical\" href=\"https:\/\/www.tabakversand.ch\/it\/prodotto\/vauen-sei-tubi-502-kopie\/\" \/>\n<meta property=\"og:locale\" content=\"it_IT\" \/>\n<meta property=\"og:type\" content=\"article\" \/>\n<meta property=\"og:title\" content=\"Tubo Vauen Mamba 5508\" \/>\n<meta property=\"og:description\" content=\"Pipa Vauen Mamba 5508 | Un&#039;ampia scelta di prodotti del tabacco e accessori per fumatori in tutta la Svizzera | Carte accettate!\" \/>\n<meta property=\"og:url\" content=\"https:\/\/www.tabakversand.ch\/it\/prodotto\/vauen-sei-tubi-502-kopie\/\" \/>\n<meta property=\"og:site_name\" content=\"Tabakversand.ch | Alles aus der Welt des Tabaks\" \/>\n<meta property=\"article:modified_time\" content=\"2026-02-21T07:51:39+00:00\" \/>\n<meta property=\"og:image\" content=\"https:\/\/www.tabakversand.ch\/wp-content\/uploads\/2025\/04\/vauen-mamba-5508.jpg\" \/>\n\t<meta property=\"og:image:width\" content=\"500\" \/>\n\t<meta property=\"og:image:height\" content=\"500\" \/>\n\t<meta property=\"og:image:type\" content=\"image\/jpeg\" \/>\n<meta name=\"twitter:card\" content=\"summary_large_image\" \/>\n<meta name=\"twitter:label1\" content=\"Tempo di lettura stimato\" \/>\n\t<meta name=\"twitter:data1\" content=\"1 minuto\" \/>\n<script type=\"application\/ld+json\" class=\"yoast-schema-graph\">{\"@context\":\"https:\/\/schema.org\",\"@graph\":[{\"@type\":\"WebPage\",\"@id\":\"https:\/\/www.tabakversand.ch\/it\/prodotto\/vauen-sei-tubi-502-kopie\/\",\"url\":\"https:\/\/www.tabakversand.ch\/it\/prodotto\/vauen-sei-tubi-502-kopie\/\",\"name\":\"Tubo Vauen Mamba 5508\",\"isPartOf\":{\"@id\":\"https:\/\/www.tabakversand.ch\/#website\"},\"primaryImageOfPage\":{\"@id\":\"https:\/\/www.tabakversand.ch\/it\/prodotto\/vauen-sei-tubi-502-kopie\/#primaryimage\"},\"image\":{\"@id\":\"https:\/\/www.tabakversand.ch\/it\/prodotto\/vauen-sei-tubi-502-kopie\/#primaryimage\"},\"thumbnailUrl\":\"https:\/\/www.tabakversand.ch\/wp-content\/uploads\/2025\/04\/vauen-mamba-5508.jpg\",\"datePublished\":\"2025-04-01T14:07:45+00:00\",\"dateModified\":\"2026-02-21T07:51:39+00:00\",\"description\":\"Pipa Vauen Mamba 5508 | Un'ampia scelta di prodotti del tabacco e accessori per fumatori in tutta la Svizzera | Carte accettate!\",\"breadcrumb\":{\"@id\":\"https:\/\/www.tabakversand.ch\/it\/prodotto\/vauen-sei-tubi-502-kopie\/#breadcrumb\"},\"inLanguage\":\"it-IT\",\"potentialAction\":[{\"@type\":\"ReadAction\",\"target\":[\"https:\/\/www.tabakversand.ch\/it\/prodotto\/vauen-sei-tubi-502-kopie\/\"]}]},{\"@type\":\"ImageObject\",\"inLanguage\":\"it-IT\",\"@id\":\"https:\/\/www.tabakversand.ch\/it\/prodotto\/vauen-sei-tubi-502-kopie\/#primaryimage\",\"url\":\"https:\/\/www.tabakversand.ch\/wp-content\/uploads\/2025\/04\/vauen-mamba-5508.jpg\",\"contentUrl\":\"https:\/\/www.tabakversand.ch\/wp-content\/uploads\/2025\/04\/vauen-mamba-5508.jpg\",\"width\":500,\"height\":500,\"caption\":\"Pipa Vauen Mamba 5508 | Tabakversand.ch\"},{\"@type\":\"BreadcrumbList\",\"@id\":\"https:\/\/www.tabakversand.ch\/it\/prodotto\/vauen-sei-tubi-502-kopie\/#breadcrumb\",\"itemListElement\":[{\"@type\":\"ListItem\",\"position\":1,\"name\":\"Startseite\",\"item\":\"https:\/\/www.tabakversand.ch\/\"},{\"@type\":\"ListItem\",\"position\":2,\"name\":\"Negozio\",\"item\":\"https:\/\/www.tabakversand.ch\/it\/negozio\/\"},{\"@type\":\"ListItem\",\"position\":3,\"name\":\"Tubo Vauen Mamba 5508\"}]},{\"@type\":\"WebSite\",\"@id\":\"https:\/\/www.tabakversand.ch\/#website\",\"url\":\"https:\/\/www.tabakversand.ch\/\",\"name\":\"Tabakversand.ch | Alles aus der Welt des Tabaks\",\"description\":\"Smoke and carpe diem\",\"potentialAction\":[{\"@type\":\"SearchAction\",\"target\":{\"@type\":\"EntryPoint\",\"urlTemplate\":\"https:\/\/www.tabakversand.ch\/?s={search_term_string}\"},\"query-input\":{\"@type\":\"PropertyValueSpecification\",\"valueRequired\":true,\"valueName\":\"search_term_string\"}}],\"inLanguage\":\"it-IT\"}]}<\/script>\n<!-- \/ Yoast SEO plugin. -->","yoast_head_json":{"title":"Tubo Vauen Mamba 5508","description":"Pipa Vauen Mamba 5508 | Un'ampia scelta di prodotti del tabacco e accessori per fumatori in tutta la Svizzera | Carte accettate!","robots":{"index":"index","follow":"follow","max-snippet":"max-snippet:-1","max-image-preview":"max-image-preview:large","max-video-preview":"max-video-preview:-1"},"canonical":"https:\/\/www.tabakversand.ch\/it\/prodotto\/vauen-sei-tubi-502-kopie\/","og_locale":"it_IT","og_type":"article","og_title":"Tubo Vauen Mamba 5508","og_description":"Pipa Vauen Mamba 5508 | Un'ampia scelta di prodotti del tabacco e accessori per fumatori in tutta la Svizzera | Carte accettate!","og_url":"https:\/\/www.tabakversand.ch\/it\/prodotto\/vauen-sei-tubi-502-kopie\/","og_site_name":"Tabakversand.ch | Alles aus der Welt des Tabaks","article_modified_time":"2026-02-21T07:51:39+00:00","og_image":[{"width":500,"height":500,"url":"https:\/\/www.tabakversand.ch\/wp-content\/uploads\/2025\/04\/vauen-mamba-5508.jpg","type":"image\/jpeg"}],"twitter_card":"summary_large_image","twitter_misc":{"Tempo di lettura stimato":"1 minuto"},"schema":{"@context":"https:\/\/schema.org","@graph":[{"@type":"WebPage","@id":"https:\/\/www.tabakversand.ch\/it\/prodotto\/vauen-sei-tubi-502-kopie\/","url":"https:\/\/www.tabakversand.ch\/it\/prodotto\/vauen-sei-tubi-502-kopie\/","name":"Tubo Vauen Mamba 5508","isPartOf":{"@id":"https:\/\/www.tabakversand.ch\/#website"},"primaryImageOfPage":{"@id":"https:\/\/www.tabakversand.ch\/it\/prodotto\/vauen-sei-tubi-502-kopie\/#primaryimage"},"image":{"@id":"https:\/\/www.tabakversand.ch\/it\/prodotto\/vauen-sei-tubi-502-kopie\/#primaryimage"},"thumbnailUrl":"https:\/\/www.tabakversand.ch\/wp-content\/uploads\/2025\/04\/vauen-mamba-5508.jpg","datePublished":"2025-04-01T14:07:45+00:00","dateModified":"2026-02-21T07:51:39+00:00","description":"Pipa Vauen Mamba 5508 | Un'ampia scelta di prodotti del tabacco e accessori per fumatori in tutta la Svizzera | Carte accettate!","breadcrumb":{"@id":"https:\/\/www.tabakversand.ch\/it\/prodotto\/vauen-sei-tubi-502-kopie\/#breadcrumb"},"inLanguage":"it-IT","potentialAction":[{"@type":"ReadAction","target":["https:\/\/www.tabakversand.ch\/it\/prodotto\/vauen-sei-tubi-502-kopie\/"]}]},{"@type":"ImageObject","inLanguage":"it-IT","@id":"https:\/\/www.tabakversand.ch\/it\/prodotto\/vauen-sei-tubi-502-kopie\/#primaryimage","url":"https:\/\/www.tabakversand.ch\/wp-content\/uploads\/2025\/04\/vauen-mamba-5508.jpg","contentUrl":"https:\/\/www.tabakversand.ch\/wp-content\/uploads\/2025\/04\/vauen-mamba-5508.jpg","width":500,"height":500,"caption":"Pipa Vauen Mamba 5508 | Tabakversand.ch"},{"@type":"BreadcrumbList","@id":"https:\/\/www.tabakversand.ch\/it\/prodotto\/vauen-sei-tubi-502-kopie\/#breadcrumb","itemListElement":[{"@type":"ListItem","position":1,"name":"Startseite","item":"https:\/\/www.tabakversand.ch\/"},{"@type":"ListItem","position":2,"name":"Negozio","item":"https:\/\/www.tabakversand.ch\/it\/negozio\/"},{"@type":"ListItem","position":3,"name":"Tubo Vauen Mamba 5508"}]},{"@type":"WebSite","@id":"https:\/\/www.tabakversand.ch\/#website","url":"https:\/\/www.tabakversand.ch\/","name":"Tabakversand.ch | Alles aus der Welt des Tabaks","description":"Smoke and carpe diem","potentialAction":[{"@type":"SearchAction","target":{"@type":"EntryPoint","urlTemplate":"https:\/\/www.tabakversand.ch\/?s={search_term_string}"},"query-input":{"@type":"PropertyValueSpecification","valueRequired":true,"valueName":"search_term_string"}}],"inLanguage":"it-IT"}]}},"_links":{"self":[{"href":"https:\/\/www.tabakversand.ch\/it\/wp-json\/wp\/v2\/product\/178902","targetHints":{"allow":["GET"]}}],"collection":[{"href":"https:\/\/www.tabakversand.ch\/it\/wp-json\/wp\/v2\/product"}],"about":[{"href":"https:\/\/www.tabakversand.ch\/it\/wp-json\/wp\/v2\/types\/product"}],"version-history":[{"count":3,"href":"https:\/\/www.tabakversand.ch\/it\/wp-json\/wp\/v2\/product\/178902\/revisions"}],"predecessor-version":[{"id":213067,"href":"https:\/\/www.tabakversand.ch\/it\/wp-json\/wp\/v2\/product\/178902\/revisions\/213067"}],"wp:featuredmedia":[{"embeddable":true,"href":"https:\/\/www.tabakversand.ch\/it\/wp-json\/wp\/v2\/media\/178906"}],"wp:attachment":[{"href":"https:\/\/www.tabakversand.ch\/it\/wp-json\/wp\/v2\/media?parent=178902"}],"wp:term":[{"taxonomy":"product_brand","embeddable":true,"href":"https:\/\/www.tabakversand.ch\/it\/wp-json\/wp\/v2\/product_brand?post=178902"},{"taxonomy":"product_cat","embeddable":true,"href":"https:\/\/www.tabakversand.ch\/it\/wp-json\/wp\/v2\/product_cat?post=178902"},{"taxonomy":"product_tag","embeddable":true,"href":"https:\/\/www.tabakversand.ch\/it\/wp-json\/wp\/v2\/product_tag?post=178902"}],"curies":[{"name":"wp","href":"https:\/\/api.w.org\/{rel}","templated":true}]}}