{"id":181139,"date":"2025-04-22T15:29:02","date_gmt":"2025-04-22T13:29:02","guid":{"rendered":"https:\/\/www.tabakversand.ch\/?post_type=product&#038;p=181139"},"modified":"2026-04-01T20:25:40","modified_gmt":"2026-04-01T18:25:40","slug":"kit-di-avvio-vozol-vista-plug-20-mg-mirtillo-lampone-limone","status":"publish","type":"product","link":"https:\/\/www.tabakversand.ch\/it\/prodotto\/kit-di-avvio-vozol-vista-plug-20-mg-mirtillo-lampone-limone\/","title":{"rendered":"Kit di avvio Vozol Vista Plug 20 mg Mirtillo Lampone Limone"},"content":{"rendered":"<p>Kit di avvio Vozol Vista Plug 20 mg Mirtillo Lampone Limone<\/p>\n<p>Contenuto di nicotina: 20 mg<\/p>\n<p>La Vozol Vista Plug ridefinisce lo svapo con il suo innovativo sistema pod ibrido, che unisce massima flessibilit\u00e0 e sostenibilit\u00e0. Con una capacit\u00e0 totale di 12 ml e un&#8217;impressionante durata fino a 10.000 tiri, questo dispositivo offre un&#8217;esperienza di svapo consapevole ed ecologica. <\/p>\n<p>Design ibrido per la massima efficienza: Vista Plug combina una pod da 2 ml con un contenitore per liquidi da 10 ml, per una capacit\u00e0 totale di 12 ml, ideale per sessioni di svapo prolungate.<\/p>\n<p>Sostenibilit\u00e0 e innovazione si incontrano: grazie al design modulare, i singoli componenti, come la capsula o il contenitore del liquido, possono essere sostituiti separatamente. Questo riduce gli sprechi e consente di risparmiare sui costi a lungo termine. <\/p>\n<p>&#8211; Capacit\u00e0: 12 ml (capsula da 2 ml + contenitore da 10 ml)<br \/>\n &#8211; Batteria: 650 mAh<br \/>\n &#8211; Treni: fino a 10.000<br \/>\n &#8211; Controllo delle prestazioni: 4 livelli<br \/>\n &#8211; Ricarica: USB-C<br \/>\n &#8211; Design: Disponibile in vari colori moderni<\/p>\n<p>Contenuto della confezione<\/p>\n<p>&#8211; 1x Vozol Vista Plug<br \/>\n &#8211; 1 cartuccia pod da 2 ml<br \/>\n &#8211; 1 contenitore per e-liquid da 10 ml<\/p>\n<p>Perch\u00e9 il Vista Plug \u00e8 rivoluzionario: il Vozol Vista Plug \u00e8 molto pi\u00f9 di un semplice dispositivo per lo svapo: \u00e8 la soluzione perfetta per chi desidera sostenibilit\u00e0, prestazioni e flessibilit\u00e0, il tutto racchiuso in un design moderno. Grazie all&#8217;innovativa tecnologia ibrida e ai componenti resistenti, stabilisce nuovi standard nell&#8217;esperienza di svapo. <\/p>\n<p>Tutti i prezzi sono validi solo per gli ordini online e includono l&#8217;IVA, sono soggetti a modifiche senza preavviso e non includono le spese di spedizione.   Con riserva di errori, modifiche nella fornitura e nella progettazione, errori di stampa e modifiche dei prezzi. I prezzi barrati sono invece prezzi. L&#8217;immagine pu\u00f2 differire dall&#8217;originale\/dalla fornitura.<br \/>\n*Spedizione gratuita per ordini superiori a CHF 250.-.<\/p>\n","protected":false},"excerpt":{"rendered":"<p>Kit di avvio Vozol Vista Plug 20 mg Mirtillo Lampone Limone Contenuto di nicotina: 20 mg La Vozol Vista Plug ridefinisce lo svapo con il suo innovativo sistema pod ibrido, che unisce massima flessibilit\u00e0 e sostenibilit\u00e0. Con una capacit\u00e0 totale di 12 ml e un&#8217;impressionante durata fino a 10.000 tiri, questo dispositivo offre un&#8217;esperienza di [&hellip;]<\/p>\n","protected":false},"featured_media":181143,"template":"","meta":[],"product_brand":[5585],"product_cat":[1875,3472,1916],"product_tag":[],"class_list":{"0":"post-181139","1":"product","2":"type-product","3":"status-publish","4":"has-post-thumbnail","6":"product_brand-vozol","7":"product_cat-e-fumo","8":"product_cat-kit-di-avviamento-vozol-vista-plug-20-mg","9":"product_cat-sigarette-elettroniche","11":"first","12":"onbackorder","13":"purchasable","14":"product-type-simple"},"yoast_head":"<!-- This site is optimized with the Yoast SEO plugin v27.0 - https:\/\/yoast.com\/product\/yoast-seo-wordpress\/ -->\n<title>Kit di avvio Vozol Vista Plug 20 mg Mirtillo Lampone Limone<\/title>\n<meta name=\"description\" content=\"Kit di avviamento Vozol Vista Plug 20 mg Mirtillo Lampone Limone | Un&#039;ampia scelta di prodotti del tabacco e accessori per fumatori in tutta la Svizzera | Si accettano carte!\" \/>\n<meta name=\"robots\" content=\"index, follow, max-snippet:-1, max-image-preview:large, max-video-preview:-1\" \/>\n<link rel=\"canonical\" href=\"https:\/\/www.tabakversand.ch\/it\/prodotto\/kit-di-avvio-vozol-vista-plug-20-mg-mirtillo-lampone-limone\/\" \/>\n<meta property=\"og:locale\" content=\"it_IT\" \/>\n<meta property=\"og:type\" content=\"article\" \/>\n<meta property=\"og:title\" content=\"Kit di avvio Vozol Vista Plug 20 mg Mirtillo Lampone Limone\" \/>\n<meta property=\"og:description\" content=\"Kit di avviamento Vozol Vista Plug 20 mg Mirtillo Lampone Limone | Un&#039;ampia scelta di prodotti del tabacco e accessori per fumatori in tutta la Svizzera | Si accettano carte!\" \/>\n<meta property=\"og:url\" content=\"https:\/\/www.tabakversand.ch\/it\/prodotto\/kit-di-avvio-vozol-vista-plug-20-mg-mirtillo-lampone-limone\/\" \/>\n<meta property=\"og:site_name\" content=\"Tabakversand.ch | Alles aus der Welt des Tabaks\" \/>\n<meta property=\"article:modified_time\" content=\"2026-04-01T18:25:40+00:00\" \/>\n<meta property=\"og:image\" content=\"https:\/\/www.tabakversand.ch\/wp-content\/uploads\/2025\/04\/vozol-vista-plug-starter-kit-blueberry-raspberry-lemon.jpg\" \/>\n\t<meta property=\"og:image:width\" content=\"500\" \/>\n\t<meta property=\"og:image:height\" content=\"500\" \/>\n\t<meta property=\"og:image:type\" content=\"image\/jpeg\" \/>\n<meta name=\"twitter:card\" content=\"summary_large_image\" \/>\n<meta name=\"twitter:label1\" content=\"Tempo di lettura stimato\" \/>\n\t<meta name=\"twitter:data1\" content=\"2 minuti\" \/>\n<script type=\"application\/ld+json\" class=\"yoast-schema-graph\">{\"@context\":\"https:\/\/schema.org\",\"@graph\":[{\"@type\":\"WebPage\",\"@id\":\"https:\/\/www.tabakversand.ch\/it\/prodotto\/kit-di-avvio-vozol-vista-plug-20-mg-mirtillo-lampone-limone\/\",\"url\":\"https:\/\/www.tabakversand.ch\/it\/prodotto\/kit-di-avvio-vozol-vista-plug-20-mg-mirtillo-lampone-limone\/\",\"name\":\"Kit di avvio Vozol Vista Plug 20 mg Mirtillo Lampone Limone\",\"isPartOf\":{\"@id\":\"https:\/\/www.tabakversand.ch\/#website\"},\"primaryImageOfPage\":{\"@id\":\"https:\/\/www.tabakversand.ch\/it\/prodotto\/kit-di-avvio-vozol-vista-plug-20-mg-mirtillo-lampone-limone\/#primaryimage\"},\"image\":{\"@id\":\"https:\/\/www.tabakversand.ch\/it\/prodotto\/kit-di-avvio-vozol-vista-plug-20-mg-mirtillo-lampone-limone\/#primaryimage\"},\"thumbnailUrl\":\"https:\/\/www.tabakversand.ch\/wp-content\/uploads\/2025\/04\/vozol-vista-plug-starter-kit-blueberry-raspberry-lemon.jpg\",\"datePublished\":\"2025-04-22T13:29:02+00:00\",\"dateModified\":\"2026-04-01T18:25:40+00:00\",\"description\":\"Kit di avviamento Vozol Vista Plug 20 mg Mirtillo Lampone Limone | Un'ampia scelta di prodotti del tabacco e accessori per fumatori in tutta la Svizzera | Si accettano carte!\",\"breadcrumb\":{\"@id\":\"https:\/\/www.tabakversand.ch\/it\/prodotto\/kit-di-avvio-vozol-vista-plug-20-mg-mirtillo-lampone-limone\/#breadcrumb\"},\"inLanguage\":\"it-IT\",\"potentialAction\":[{\"@type\":\"ReadAction\",\"target\":[\"https:\/\/www.tabakversand.ch\/it\/prodotto\/kit-di-avvio-vozol-vista-plug-20-mg-mirtillo-lampone-limone\/\"]}]},{\"@type\":\"ImageObject\",\"inLanguage\":\"it-IT\",\"@id\":\"https:\/\/www.tabakversand.ch\/it\/prodotto\/kit-di-avvio-vozol-vista-plug-20-mg-mirtillo-lampone-limone\/#primaryimage\",\"url\":\"https:\/\/www.tabakversand.ch\/wp-content\/uploads\/2025\/04\/vozol-vista-plug-starter-kit-blueberry-raspberry-lemon.jpg\",\"contentUrl\":\"https:\/\/www.tabakversand.ch\/wp-content\/uploads\/2025\/04\/vozol-vista-plug-starter-kit-blueberry-raspberry-lemon.jpg\",\"width\":500,\"height\":500,\"caption\":\"Kit di avviamento Vozol Vista Plug 20mg Mirtillo Lampone Limone | Tabakversand.ch\"},{\"@type\":\"BreadcrumbList\",\"@id\":\"https:\/\/www.tabakversand.ch\/it\/prodotto\/kit-di-avvio-vozol-vista-plug-20-mg-mirtillo-lampone-limone\/#breadcrumb\",\"itemListElement\":[{\"@type\":\"ListItem\",\"position\":1,\"name\":\"Startseite\",\"item\":\"https:\/\/www.tabakversand.ch\/\"},{\"@type\":\"ListItem\",\"position\":2,\"name\":\"Negozio\",\"item\":\"https:\/\/www.tabakversand.ch\/it\/negozio\/\"},{\"@type\":\"ListItem\",\"position\":3,\"name\":\"Kit di avvio Vozol Vista Plug 20 mg Mirtillo Lampone Limone\"}]},{\"@type\":\"WebSite\",\"@id\":\"https:\/\/www.tabakversand.ch\/#website\",\"url\":\"https:\/\/www.tabakversand.ch\/\",\"name\":\"Tabakversand.ch | Alles aus der Welt des Tabaks\",\"description\":\"Smoke and carpe diem\",\"potentialAction\":[{\"@type\":\"SearchAction\",\"target\":{\"@type\":\"EntryPoint\",\"urlTemplate\":\"https:\/\/www.tabakversand.ch\/?s={search_term_string}\"},\"query-input\":{\"@type\":\"PropertyValueSpecification\",\"valueRequired\":true,\"valueName\":\"search_term_string\"}}],\"inLanguage\":\"it-IT\"}]}<\/script>\n<!-- \/ Yoast SEO plugin. -->","yoast_head_json":{"title":"Kit di avvio Vozol Vista Plug 20 mg Mirtillo Lampone Limone","description":"Kit di avviamento Vozol Vista Plug 20 mg Mirtillo Lampone Limone | Un'ampia scelta di prodotti del tabacco e accessori per fumatori in tutta la Svizzera | Si accettano carte!","robots":{"index":"index","follow":"follow","max-snippet":"max-snippet:-1","max-image-preview":"max-image-preview:large","max-video-preview":"max-video-preview:-1"},"canonical":"https:\/\/www.tabakversand.ch\/it\/prodotto\/kit-di-avvio-vozol-vista-plug-20-mg-mirtillo-lampone-limone\/","og_locale":"it_IT","og_type":"article","og_title":"Kit di avvio Vozol Vista Plug 20 mg Mirtillo Lampone Limone","og_description":"Kit di avviamento Vozol Vista Plug 20 mg Mirtillo Lampone Limone | Un'ampia scelta di prodotti del tabacco e accessori per fumatori in tutta la Svizzera | Si accettano carte!","og_url":"https:\/\/www.tabakversand.ch\/it\/prodotto\/kit-di-avvio-vozol-vista-plug-20-mg-mirtillo-lampone-limone\/","og_site_name":"Tabakversand.ch | Alles aus der Welt des Tabaks","article_modified_time":"2026-04-01T18:25:40+00:00","og_image":[{"width":500,"height":500,"url":"https:\/\/www.tabakversand.ch\/wp-content\/uploads\/2025\/04\/vozol-vista-plug-starter-kit-blueberry-raspberry-lemon.jpg","type":"image\/jpeg"}],"twitter_card":"summary_large_image","twitter_misc":{"Tempo di lettura stimato":"2 minuti"},"schema":{"@context":"https:\/\/schema.org","@graph":[{"@type":"WebPage","@id":"https:\/\/www.tabakversand.ch\/it\/prodotto\/kit-di-avvio-vozol-vista-plug-20-mg-mirtillo-lampone-limone\/","url":"https:\/\/www.tabakversand.ch\/it\/prodotto\/kit-di-avvio-vozol-vista-plug-20-mg-mirtillo-lampone-limone\/","name":"Kit di avvio Vozol Vista Plug 20 mg Mirtillo Lampone Limone","isPartOf":{"@id":"https:\/\/www.tabakversand.ch\/#website"},"primaryImageOfPage":{"@id":"https:\/\/www.tabakversand.ch\/it\/prodotto\/kit-di-avvio-vozol-vista-plug-20-mg-mirtillo-lampone-limone\/#primaryimage"},"image":{"@id":"https:\/\/www.tabakversand.ch\/it\/prodotto\/kit-di-avvio-vozol-vista-plug-20-mg-mirtillo-lampone-limone\/#primaryimage"},"thumbnailUrl":"https:\/\/www.tabakversand.ch\/wp-content\/uploads\/2025\/04\/vozol-vista-plug-starter-kit-blueberry-raspberry-lemon.jpg","datePublished":"2025-04-22T13:29:02+00:00","dateModified":"2026-04-01T18:25:40+00:00","description":"Kit di avviamento Vozol Vista Plug 20 mg Mirtillo Lampone Limone | Un'ampia scelta di prodotti del tabacco e accessori per fumatori in tutta la Svizzera | Si accettano carte!","breadcrumb":{"@id":"https:\/\/www.tabakversand.ch\/it\/prodotto\/kit-di-avvio-vozol-vista-plug-20-mg-mirtillo-lampone-limone\/#breadcrumb"},"inLanguage":"it-IT","potentialAction":[{"@type":"ReadAction","target":["https:\/\/www.tabakversand.ch\/it\/prodotto\/kit-di-avvio-vozol-vista-plug-20-mg-mirtillo-lampone-limone\/"]}]},{"@type":"ImageObject","inLanguage":"it-IT","@id":"https:\/\/www.tabakversand.ch\/it\/prodotto\/kit-di-avvio-vozol-vista-plug-20-mg-mirtillo-lampone-limone\/#primaryimage","url":"https:\/\/www.tabakversand.ch\/wp-content\/uploads\/2025\/04\/vozol-vista-plug-starter-kit-blueberry-raspberry-lemon.jpg","contentUrl":"https:\/\/www.tabakversand.ch\/wp-content\/uploads\/2025\/04\/vozol-vista-plug-starter-kit-blueberry-raspberry-lemon.jpg","width":500,"height":500,"caption":"Kit di avviamento Vozol Vista Plug 20mg Mirtillo Lampone Limone | Tabakversand.ch"},{"@type":"BreadcrumbList","@id":"https:\/\/www.tabakversand.ch\/it\/prodotto\/kit-di-avvio-vozol-vista-plug-20-mg-mirtillo-lampone-limone\/#breadcrumb","itemListElement":[{"@type":"ListItem","position":1,"name":"Startseite","item":"https:\/\/www.tabakversand.ch\/"},{"@type":"ListItem","position":2,"name":"Negozio","item":"https:\/\/www.tabakversand.ch\/it\/negozio\/"},{"@type":"ListItem","position":3,"name":"Kit di avvio Vozol Vista Plug 20 mg Mirtillo Lampone Limone"}]},{"@type":"WebSite","@id":"https:\/\/www.tabakversand.ch\/#website","url":"https:\/\/www.tabakversand.ch\/","name":"Tabakversand.ch | Alles aus der Welt des Tabaks","description":"Smoke and carpe diem","potentialAction":[{"@type":"SearchAction","target":{"@type":"EntryPoint","urlTemplate":"https:\/\/www.tabakversand.ch\/?s={search_term_string}"},"query-input":{"@type":"PropertyValueSpecification","valueRequired":true,"valueName":"search_term_string"}}],"inLanguage":"it-IT"}]}},"_links":{"self":[{"href":"https:\/\/www.tabakversand.ch\/it\/wp-json\/wp\/v2\/product\/181139","targetHints":{"allow":["GET"]}}],"collection":[{"href":"https:\/\/www.tabakversand.ch\/it\/wp-json\/wp\/v2\/product"}],"about":[{"href":"https:\/\/www.tabakversand.ch\/it\/wp-json\/wp\/v2\/types\/product"}],"version-history":[{"count":5,"href":"https:\/\/www.tabakversand.ch\/it\/wp-json\/wp\/v2\/product\/181139\/revisions"}],"predecessor-version":[{"id":216469,"href":"https:\/\/www.tabakversand.ch\/it\/wp-json\/wp\/v2\/product\/181139\/revisions\/216469"}],"wp:featuredmedia":[{"embeddable":true,"href":"https:\/\/www.tabakversand.ch\/it\/wp-json\/wp\/v2\/media\/181143"}],"wp:attachment":[{"href":"https:\/\/www.tabakversand.ch\/it\/wp-json\/wp\/v2\/media?parent=181139"}],"wp:term":[{"taxonomy":"product_brand","embeddable":true,"href":"https:\/\/www.tabakversand.ch\/it\/wp-json\/wp\/v2\/product_brand?post=181139"},{"taxonomy":"product_cat","embeddable":true,"href":"https:\/\/www.tabakversand.ch\/it\/wp-json\/wp\/v2\/product_cat?post=181139"},{"taxonomy":"product_tag","embeddable":true,"href":"https:\/\/www.tabakversand.ch\/it\/wp-json\/wp\/v2\/product_tag?post=181139"}],"curies":[{"name":"wp","href":"https:\/\/api.w.org\/{rel}","templated":true}]}}