{"id":183573,"date":"2025-05-16T13:57:08","date_gmt":"2025-05-16T11:57:08","guid":{"rendered":"https:\/\/www.tabakversand.ch\/?post_type=product&#038;p=183573"},"modified":"2026-03-05T15:24:41","modified_gmt":"2026-03-05T14:24:41","slug":"tre-re-40-mm-1-x-10-pz-carbone-per-shisha","status":"publish","type":"product","link":"https:\/\/www.tabakversand.ch\/it\/prodotto\/tre-re-40-mm-1-x-10-pz-carbone-per-shisha\/","title":{"rendered":"Tre Re 40 mm"},"content":{"rendered":"<h1>Tre Re 40 mm<\/h1>\n<p>Carbone ad accensione rapida per un piacere immediato<\/p>\n<p>Con il carbone ad accensione rapida Three Kings da 40 mm, potrai goderti la massima praticit\u00e0 durante la tua sessione di narghil\u00e8. Il carbone si accende con una rapidit\u00e0 eccezionale, consentendoti di iniziare la sessione immediatamente senza lunghi preparativi. Ideale per chi desidera un&#8217;esperienza di narghil\u00e8 rapida e semplice.  <\/p>\n<p>L&#8217;ampio diametro di 40 mm garantisce una distribuzione uniforme del calore durante tutta la sessione di fumo ed \u00e8 compatibile con la maggior parte dei bracieri per narghil\u00e8. Ogni confezione contiene 10 pezzi, perfetti per sessioni multiple o per incontri con gli amici. <\/p>\n<p>Grazie alla sua tecnologia di accensione rapida di alta qualit\u00e0, il carbone brucia in modo uniforme, riduce le scintille e garantisce un fumo uniforme e un sapore ottimale. Sia all&#8217;interno che all&#8217;esterno, il carbone ad accensione rapida Three Kings \u00e8 il compagno ideale per il tuo narghil\u00e8. <\/p>\n<ul>\n<li>1 x 10 pezzi<\/li>\n<li>Per tutti i bracieri standard<\/li>\n<\/ul>\n<p>&nbsp;<\/p>\n<p>Con il carbone ad accensione rapida Three Kings da 40 mm puoi iniziare subito la tua sessione di narghil\u00e8: in modo affidabile, pratico e di buon gusto.<\/p>\n<p>Su tabakversand.ch, riceverete il carbone per shisha Three Kings conservato correttamente e nella sua confezione originale. Una conservazione accurata garantisce che la qualit\u00e0 rimanga ottimale fino alla spedizione. Grazie alla consegna rapida in Svizzera, il carbone per shisha arriver\u00e0 solitamente molto rapidamente.  <\/p>\n<p>Per maggiori informazioni sul carbone per narghil\u00e8, visita la voce corrispondente su Wikipedia: <a href=\"https:\/\/de.wikipedia.org\/wiki\/Shisha#Wasserpfeifenkohle\">clicca qui<\/a> . Per qualsiasi domanda sul prodotto, non esitare a contattarci: <a href=\"https:\/\/www.tabakversand.ch\/kontakt\/\">clicca qui<\/a> . <\/p>\n<p>Tutti i prezzi si applicano solo agli ordini online e sono comprensivi di IVA. Soggetto a modifiche senza preavviso, escluse le spese di spedizione. Con riserva di errori, modifiche nell&#8217;ambito di consegna e nel design, errori di stampa e variazioni di prezzo. I prezzi barrati sono prezzi sostitutivi. Le illustrazioni possono differire dall&#8217;originale\/dall&#8217;ambito di consegna.<br \/>\n*Spedizione gratuita per ordini superiori a CHF 250.-.<\/p>\n","protected":false},"excerpt":{"rendered":"<p>Tre Re 40 mm Carbone ad accensione rapida per un piacere immediato Con il carbone ad accensione rapida Three Kings da 40 mm, potrai goderti la massima praticit\u00e0 durante la tua sessione di narghil\u00e8. Il carbone si accende con una rapidit\u00e0 eccezionale, consentendoti di iniziare la sessione immediatamente senza lunghi preparativi. Ideale per chi desidera [&hellip;]<\/p>\n","protected":false},"featured_media":183577,"template":"","meta":[],"product_brand":[1623],"product_cat":[1892,2025],"product_tag":[],"class_list":{"0":"post-183573","1":"product","2":"type-product","3":"status-publish","4":"has-post-thumbnail","6":"product_brand-three-kings","7":"product_cat-narghile","8":"product_cat-narghile-carbone","10":"first","11":"instock","12":"purchasable","13":"product-type-simple"},"yoast_head":"<!-- This site is optimized with the Yoast SEO plugin v27.0 - https:\/\/yoast.com\/product\/yoast-seo-wordpress\/ -->\n<title>Tre Re 40 mm - Tabakversand.ch | Alles aus der Welt des Tabaks<\/title>\n<meta name=\"description\" content=\"Acquista il carbone per narghil\u00e8 Three Kings: carbone da 40 mm ad accensione rapida per un calore costante, un fumo denso e sessioni di narghil\u00e8 senza problemi. Ordinalo subito online!\" \/>\n<meta name=\"robots\" content=\"index, follow, max-snippet:-1, max-image-preview:large, max-video-preview:-1\" \/>\n<link rel=\"canonical\" href=\"https:\/\/www.tabakversand.ch\/it\/prodotto\/tre-re-40-mm-1-x-10-pz-carbone-per-shisha\/\" \/>\n<meta property=\"og:locale\" content=\"it_IT\" \/>\n<meta property=\"og:type\" content=\"article\" \/>\n<meta property=\"og:title\" content=\"Tre Re 40 mm - Tabakversand.ch | Alles aus der Welt des Tabaks\" \/>\n<meta property=\"og:description\" content=\"Acquista il carbone per narghil\u00e8 Three Kings: carbone da 40 mm ad accensione rapida per un calore costante, un fumo denso e sessioni di narghil\u00e8 senza problemi. Ordinalo subito online!\" \/>\n<meta property=\"og:url\" content=\"https:\/\/www.tabakversand.ch\/it\/prodotto\/tre-re-40-mm-1-x-10-pz-carbone-per-shisha\/\" \/>\n<meta property=\"og:site_name\" content=\"Tabakversand.ch | Alles aus der Welt des Tabaks\" \/>\n<meta property=\"article:modified_time\" content=\"2026-03-05T14:24:41+00:00\" \/>\n<meta property=\"og:image\" content=\"https:\/\/www.tabakversand.ch\/wp-content\/uploads\/2025\/05\/kohle-three-kings-40mm-rolle.jpg\" \/>\n\t<meta property=\"og:image:width\" content=\"500\" \/>\n\t<meta property=\"og:image:height\" content=\"500\" \/>\n\t<meta property=\"og:image:type\" content=\"image\/jpeg\" \/>\n<meta name=\"twitter:card\" content=\"summary_large_image\" \/>\n<meta name=\"twitter:label1\" content=\"Tempo di lettura stimato\" \/>\n\t<meta name=\"twitter:data1\" content=\"1 minuto\" \/>\n<script type=\"application\/ld+json\" class=\"yoast-schema-graph\">{\"@context\":\"https:\/\/schema.org\",\"@graph\":[{\"@type\":\"WebPage\",\"@id\":\"https:\/\/www.tabakversand.ch\/it\/prodotto\/tre-re-40-mm-1-x-10-pz-carbone-per-shisha\/\",\"url\":\"https:\/\/www.tabakversand.ch\/it\/prodotto\/tre-re-40-mm-1-x-10-pz-carbone-per-shisha\/\",\"name\":\"Tre Re 40 mm - Tabakversand.ch | Alles aus der Welt des Tabaks\",\"isPartOf\":{\"@id\":\"https:\/\/www.tabakversand.ch\/#website\"},\"primaryImageOfPage\":{\"@id\":\"https:\/\/www.tabakversand.ch\/it\/prodotto\/tre-re-40-mm-1-x-10-pz-carbone-per-shisha\/#primaryimage\"},\"image\":{\"@id\":\"https:\/\/www.tabakversand.ch\/it\/prodotto\/tre-re-40-mm-1-x-10-pz-carbone-per-shisha\/#primaryimage\"},\"thumbnailUrl\":\"https:\/\/www.tabakversand.ch\/wp-content\/uploads\/2025\/05\/kohle-three-kings-40mm-rolle.jpg\",\"datePublished\":\"2025-05-16T11:57:08+00:00\",\"dateModified\":\"2026-03-05T14:24:41+00:00\",\"description\":\"Acquista il carbone per narghil\u00e8 Three Kings: carbone da 40 mm ad accensione rapida per un calore costante, un fumo denso e sessioni di narghil\u00e8 senza problemi. Ordinalo subito online!\",\"breadcrumb\":{\"@id\":\"https:\/\/www.tabakversand.ch\/it\/prodotto\/tre-re-40-mm-1-x-10-pz-carbone-per-shisha\/#breadcrumb\"},\"inLanguage\":\"it-IT\",\"potentialAction\":[{\"@type\":\"ReadAction\",\"target\":[\"https:\/\/www.tabakversand.ch\/it\/prodotto\/tre-re-40-mm-1-x-10-pz-carbone-per-shisha\/\"]}]},{\"@type\":\"ImageObject\",\"inLanguage\":\"it-IT\",\"@id\":\"https:\/\/www.tabakversand.ch\/it\/prodotto\/tre-re-40-mm-1-x-10-pz-carbone-per-shisha\/#primaryimage\",\"url\":\"https:\/\/www.tabakversand.ch\/wp-content\/uploads\/2025\/05\/kohle-three-kings-40mm-rolle.jpg\",\"contentUrl\":\"https:\/\/www.tabakversand.ch\/wp-content\/uploads\/2025\/05\/kohle-three-kings-40mm-rolle.jpg\",\"width\":500,\"height\":500,\"caption\":\"Three Kings 40 mm 1 x 10 pezzi Carbone per narghil\u00e8 | Tabakversand.ch\"},{\"@type\":\"BreadcrumbList\",\"@id\":\"https:\/\/www.tabakversand.ch\/it\/prodotto\/tre-re-40-mm-1-x-10-pz-carbone-per-shisha\/#breadcrumb\",\"itemListElement\":[{\"@type\":\"ListItem\",\"position\":1,\"name\":\"Startseite\",\"item\":\"https:\/\/www.tabakversand.ch\/\"},{\"@type\":\"ListItem\",\"position\":2,\"name\":\"Negozio\",\"item\":\"https:\/\/www.tabakversand.ch\/it\/negozio\/\"},{\"@type\":\"ListItem\",\"position\":3,\"name\":\"Tre Re 40 mm\"}]},{\"@type\":\"WebSite\",\"@id\":\"https:\/\/www.tabakversand.ch\/#website\",\"url\":\"https:\/\/www.tabakversand.ch\/\",\"name\":\"Tabakversand.ch | Alles aus der Welt des Tabaks\",\"description\":\"Smoke and carpe diem\",\"potentialAction\":[{\"@type\":\"SearchAction\",\"target\":{\"@type\":\"EntryPoint\",\"urlTemplate\":\"https:\/\/www.tabakversand.ch\/?s={search_term_string}\"},\"query-input\":{\"@type\":\"PropertyValueSpecification\",\"valueRequired\":true,\"valueName\":\"search_term_string\"}}],\"inLanguage\":\"it-IT\"}]}<\/script>\n<!-- \/ Yoast SEO plugin. -->","yoast_head_json":{"title":"Tre Re 40 mm - Tabakversand.ch | Alles aus der Welt des Tabaks","description":"Acquista il carbone per narghil\u00e8 Three Kings: carbone da 40 mm ad accensione rapida per un calore costante, un fumo denso e sessioni di narghil\u00e8 senza problemi. Ordinalo subito online!","robots":{"index":"index","follow":"follow","max-snippet":"max-snippet:-1","max-image-preview":"max-image-preview:large","max-video-preview":"max-video-preview:-1"},"canonical":"https:\/\/www.tabakversand.ch\/it\/prodotto\/tre-re-40-mm-1-x-10-pz-carbone-per-shisha\/","og_locale":"it_IT","og_type":"article","og_title":"Tre Re 40 mm - Tabakversand.ch | Alles aus der Welt des Tabaks","og_description":"Acquista il carbone per narghil\u00e8 Three Kings: carbone da 40 mm ad accensione rapida per un calore costante, un fumo denso e sessioni di narghil\u00e8 senza problemi. Ordinalo subito online!","og_url":"https:\/\/www.tabakversand.ch\/it\/prodotto\/tre-re-40-mm-1-x-10-pz-carbone-per-shisha\/","og_site_name":"Tabakversand.ch | Alles aus der Welt des Tabaks","article_modified_time":"2026-03-05T14:24:41+00:00","og_image":[{"width":500,"height":500,"url":"https:\/\/www.tabakversand.ch\/wp-content\/uploads\/2025\/05\/kohle-three-kings-40mm-rolle.jpg","type":"image\/jpeg"}],"twitter_card":"summary_large_image","twitter_misc":{"Tempo di lettura stimato":"1 minuto"},"schema":{"@context":"https:\/\/schema.org","@graph":[{"@type":"WebPage","@id":"https:\/\/www.tabakversand.ch\/it\/prodotto\/tre-re-40-mm-1-x-10-pz-carbone-per-shisha\/","url":"https:\/\/www.tabakversand.ch\/it\/prodotto\/tre-re-40-mm-1-x-10-pz-carbone-per-shisha\/","name":"Tre Re 40 mm - Tabakversand.ch | Alles aus der Welt des Tabaks","isPartOf":{"@id":"https:\/\/www.tabakversand.ch\/#website"},"primaryImageOfPage":{"@id":"https:\/\/www.tabakversand.ch\/it\/prodotto\/tre-re-40-mm-1-x-10-pz-carbone-per-shisha\/#primaryimage"},"image":{"@id":"https:\/\/www.tabakversand.ch\/it\/prodotto\/tre-re-40-mm-1-x-10-pz-carbone-per-shisha\/#primaryimage"},"thumbnailUrl":"https:\/\/www.tabakversand.ch\/wp-content\/uploads\/2025\/05\/kohle-three-kings-40mm-rolle.jpg","datePublished":"2025-05-16T11:57:08+00:00","dateModified":"2026-03-05T14:24:41+00:00","description":"Acquista il carbone per narghil\u00e8 Three Kings: carbone da 40 mm ad accensione rapida per un calore costante, un fumo denso e sessioni di narghil\u00e8 senza problemi. Ordinalo subito online!","breadcrumb":{"@id":"https:\/\/www.tabakversand.ch\/it\/prodotto\/tre-re-40-mm-1-x-10-pz-carbone-per-shisha\/#breadcrumb"},"inLanguage":"it-IT","potentialAction":[{"@type":"ReadAction","target":["https:\/\/www.tabakversand.ch\/it\/prodotto\/tre-re-40-mm-1-x-10-pz-carbone-per-shisha\/"]}]},{"@type":"ImageObject","inLanguage":"it-IT","@id":"https:\/\/www.tabakversand.ch\/it\/prodotto\/tre-re-40-mm-1-x-10-pz-carbone-per-shisha\/#primaryimage","url":"https:\/\/www.tabakversand.ch\/wp-content\/uploads\/2025\/05\/kohle-three-kings-40mm-rolle.jpg","contentUrl":"https:\/\/www.tabakversand.ch\/wp-content\/uploads\/2025\/05\/kohle-three-kings-40mm-rolle.jpg","width":500,"height":500,"caption":"Three Kings 40 mm 1 x 10 pezzi Carbone per narghil\u00e8 | Tabakversand.ch"},{"@type":"BreadcrumbList","@id":"https:\/\/www.tabakversand.ch\/it\/prodotto\/tre-re-40-mm-1-x-10-pz-carbone-per-shisha\/#breadcrumb","itemListElement":[{"@type":"ListItem","position":1,"name":"Startseite","item":"https:\/\/www.tabakversand.ch\/"},{"@type":"ListItem","position":2,"name":"Negozio","item":"https:\/\/www.tabakversand.ch\/it\/negozio\/"},{"@type":"ListItem","position":3,"name":"Tre Re 40 mm"}]},{"@type":"WebSite","@id":"https:\/\/www.tabakversand.ch\/#website","url":"https:\/\/www.tabakversand.ch\/","name":"Tabakversand.ch | Alles aus der Welt des Tabaks","description":"Smoke and carpe diem","potentialAction":[{"@type":"SearchAction","target":{"@type":"EntryPoint","urlTemplate":"https:\/\/www.tabakversand.ch\/?s={search_term_string}"},"query-input":{"@type":"PropertyValueSpecification","valueRequired":true,"valueName":"search_term_string"}}],"inLanguage":"it-IT"}]}},"_links":{"self":[{"href":"https:\/\/www.tabakversand.ch\/it\/wp-json\/wp\/v2\/product\/183573","targetHints":{"allow":["GET"]}}],"collection":[{"href":"https:\/\/www.tabakversand.ch\/it\/wp-json\/wp\/v2\/product"}],"about":[{"href":"https:\/\/www.tabakversand.ch\/it\/wp-json\/wp\/v2\/types\/product"}],"version-history":[{"count":5,"href":"https:\/\/www.tabakversand.ch\/it\/wp-json\/wp\/v2\/product\/183573\/revisions"}],"predecessor-version":[{"id":214289,"href":"https:\/\/www.tabakversand.ch\/it\/wp-json\/wp\/v2\/product\/183573\/revisions\/214289"}],"wp:featuredmedia":[{"embeddable":true,"href":"https:\/\/www.tabakversand.ch\/it\/wp-json\/wp\/v2\/media\/183577"}],"wp:attachment":[{"href":"https:\/\/www.tabakversand.ch\/it\/wp-json\/wp\/v2\/media?parent=183573"}],"wp:term":[{"taxonomy":"product_brand","embeddable":true,"href":"https:\/\/www.tabakversand.ch\/it\/wp-json\/wp\/v2\/product_brand?post=183573"},{"taxonomy":"product_cat","embeddable":true,"href":"https:\/\/www.tabakversand.ch\/it\/wp-json\/wp\/v2\/product_cat?post=183573"},{"taxonomy":"product_tag","embeddable":true,"href":"https:\/\/www.tabakversand.ch\/it\/wp-json\/wp\/v2\/product_tag?post=183573"}],"curies":[{"name":"wp","href":"https:\/\/api.w.org\/{rel}","templated":true}]}}