{"id":189137,"date":"2025-07-17T16:22:37","date_gmt":"2025-07-17T14:22:37","guid":{"rendered":"https:\/\/www.tabakversand.ch\/?post_type=product&#038;p=189137"},"modified":"2026-04-13T16:01:41","modified_gmt":"2026-04-13T14:01:41","slug":"tabacco-da-pipa-mac-baren-mixture-scottish-blend-5-x-50gr","status":"publish","type":"product","link":"https:\/\/www.tabakversand.ch\/it\/prodotto\/tabacco-da-pipa-mac-baren-mixture-scottish-blend-5-x-50gr\/","title":{"rendered":"Miscela Mac Baren Miscela scozzese"},"content":{"rendered":"<h1>Miscela Mac Baren Miscela scozzese<\/h1>\n<p>5 x 50 g<\/p>\n<p>Il Mac Baren Scottish Blend \u00e8 uno dei tabacchi da pipa pi\u00f9 rinomati al mondo e rappresenta un vero classico tra gli intenditori sin dalla sua introduzione nel 1958. La sua eccezionale popolarit\u00e0 \u00e8 dovuta a una ricetta magistralmente bilanciata e a una qualit\u00e0 costantemente elevata. <\/p>\n<p>La miscela \u00e8 composta da circa 35 diverse variet\u00e0 di foglie di tabacco provenienti da regioni di coltivazione selezionate. I tabacchi Virginia, delicati e dolci, sono i protagonisti, affiancati dal pregiato Burley e dal caratteristico Mac Baren Original Cavendish. Una parte dei Virginia e dei Burley viene prima pressata e poi nuovamente lavorata prima di essere miscelata con gli altri tabacchi. Questo elaborato processo garantisce un&#8217;esperienza aromatica particolarmente armoniosa e complessa.   <\/p>\n<p>Il Cavendish conferisce alla miscela il suo carattere morbido e rotondo, mentre un sottile aroma di testa dona al tabacco un piacevole profumo di miele. Il risultato \u00e8 un tabacco da pipa equilibrato, leggermente dolce, di media intensit\u00e0 e con un gradevole aroma ambientale. <\/p>\n<p>Grazie al suo classico taglio misto, il tabacco \u00e8 facile da caricare e brucia in modo uniforme, ideale per un&#8217;esperienza di fumo rilassante, sia per i principianti che per i fumatori di pipa esperti.<\/p>\n<p>Su tabakversand.ch riceverete il tabacco da pipa Mac Baren Mixture Scottish Blend, correttamente conservato e nella sua confezione originale. Un&#8217;attenta conservazione garantisce che aroma, umidit\u00e0 e qualit\u00e0 siano preservati in modo ottimale fino alla spedizione. Grazie alla consegna rapida in Svizzera, il vostro tabacco da pipa arriver\u00e0 solitamente in tempi brevissimi.  <\/p>\n<p>Per maggiori informazioni sul tabacco da pipa, visita la relativa voce di Wikipedia: <a href=\"https:\/\/de.wikipedia.org\/wiki\/Tabakpfeife#Pfeifentabak\">clicca qui<\/a> . Se hai domande sul prodotto, non esitare a contattarci: <a href=\"https:\/\/www.tabakversand.ch\/kontakt\/\">clicca qui<\/a> . <\/p>\n<p>Tutti i prezzi sono validi solo per gli ordini online e includono l&#8217;IVA, sono soggetti a modifiche senza preavviso e non includono le spese di spedizione.   Con riserva di errori, modifiche nella fornitura e nella progettazione, errori di stampa e modifiche dei prezzi. I prezzi barrati sono invece prezzi. L&#8217;immagine pu\u00f2 differire dall&#8217;originale\/dalla fornitura.<br \/>\n*Spedizione gratuita per ordini superiori a CHF 250.-.<\/p>\n","protected":false},"excerpt":{"rendered":"<p>Miscela Mac Baren Miscela scozzese 5 x 50 g Il Mac Baren Scottish Blend \u00e8 uno dei tabacchi da pipa pi\u00f9 rinomati al mondo e rappresenta un vero classico tra gli intenditori sin dalla sua introduzione nel 1958. La sua eccezionale popolarit\u00e0 \u00e8 dovuta a una ricetta magistralmente bilanciata e a una qualit\u00e0 costantemente elevata. [&hellip;]<\/p>\n","protected":false},"featured_media":189141,"template":"","meta":[],"product_brand":[1661],"product_cat":[5822,1944,1889,2050],"product_tag":[],"class_list":{"0":"post-189137","1":"product","2":"type-product","3":"status-publish","4":"has-post-thumbnail","6":"product_brand-mac-baren","7":"product_cat-borsa","8":"product_cat-mondo-pipe","9":"product_cat-tabacco","10":"product_cat-tabacco-da-pipa-it","12":"first","13":"onbackorder","14":"featured","15":"purchasable","16":"product-type-simple"},"yoast_head":"<!-- This site is optimized with the Yoast SEO plugin v27.5 - https:\/\/yoast.com\/product\/yoast-seo-wordpress\/ -->\n<title>Tabacco da pipa Mac Baren Scottish Blend<\/title>\n<meta name=\"description\" content=\"Mac Baren Scottish Blend: Tabacco da pipa classico dal 1958, prodotto con Virginia, Burley e Cavendish. Delicato, leggermente dolce e con un piacevole aroma di miele.\" \/>\n<meta name=\"robots\" content=\"index, follow, max-snippet:-1, max-image-preview:large, max-video-preview:-1\" \/>\n<link rel=\"canonical\" href=\"https:\/\/www.tabakversand.ch\/it\/prodotto\/tabacco-da-pipa-mac-baren-mixture-scottish-blend-5-x-50gr\/\" \/>\n<meta property=\"og:locale\" content=\"it_IT\" \/>\n<meta property=\"og:type\" content=\"article\" \/>\n<meta property=\"og:title\" content=\"Tabacco da pipa Mac Baren Scottish Blend\" \/>\n<meta property=\"og:description\" content=\"Mac Baren Scottish Blend: Tabacco da pipa classico dal 1958, prodotto con Virginia, Burley e Cavendish. Delicato, leggermente dolce e con un piacevole aroma di miele.\" \/>\n<meta property=\"og:url\" content=\"https:\/\/www.tabakversand.ch\/it\/prodotto\/tabacco-da-pipa-mac-baren-mixture-scottish-blend-5-x-50gr\/\" \/>\n<meta property=\"og:site_name\" content=\"Tabakversand.ch | Alles aus der Welt des Tabaks\" \/>\n<meta property=\"article:modified_time\" content=\"2026-04-13T14:01:41+00:00\" \/>\n<meta property=\"og:image\" content=\"https:\/\/www.tabakversand.ch\/wp-content\/uploads\/2025\/07\/mac-baren-mixture-50-20021076.jpg\" \/>\n\t<meta property=\"og:image:width\" content=\"501\" \/>\n\t<meta property=\"og:image:height\" content=\"499\" \/>\n\t<meta property=\"og:image:type\" content=\"image\/jpeg\" \/>\n<meta name=\"twitter:card\" content=\"summary_large_image\" \/>\n<meta name=\"twitter:label1\" content=\"Tempo di lettura stimato\" \/>\n\t<meta name=\"twitter:data1\" content=\"1 minuto\" \/>\n<script type=\"application\/ld+json\" class=\"yoast-schema-graph\">{\"@context\":\"https:\\\/\\\/schema.org\",\"@graph\":[{\"@type\":\"WebPage\",\"@id\":\"https:\\\/\\\/www.tabakversand.ch\\\/it\\\/prodotto\\\/tabacco-da-pipa-mac-baren-mixture-scottish-blend-5-x-50gr\\\/\",\"url\":\"https:\\\/\\\/www.tabakversand.ch\\\/it\\\/prodotto\\\/tabacco-da-pipa-mac-baren-mixture-scottish-blend-5-x-50gr\\\/\",\"name\":\"Tabacco da pipa Mac Baren Scottish Blend\",\"isPartOf\":{\"@id\":\"https:\\\/\\\/www.tabakversand.ch\\\/#website\"},\"primaryImageOfPage\":{\"@id\":\"https:\\\/\\\/www.tabakversand.ch\\\/it\\\/prodotto\\\/tabacco-da-pipa-mac-baren-mixture-scottish-blend-5-x-50gr\\\/#primaryimage\"},\"image\":{\"@id\":\"https:\\\/\\\/www.tabakversand.ch\\\/it\\\/prodotto\\\/tabacco-da-pipa-mac-baren-mixture-scottish-blend-5-x-50gr\\\/#primaryimage\"},\"thumbnailUrl\":\"https:\\\/\\\/www.tabakversand.ch\\\/wp-content\\\/uploads\\\/2025\\\/07\\\/mac-baren-mixture-50-20021076.jpg\",\"datePublished\":\"2025-07-17T14:22:37+00:00\",\"dateModified\":\"2026-04-13T14:01:41+00:00\",\"description\":\"Mac Baren Scottish Blend: Tabacco da pipa classico dal 1958, prodotto con Virginia, Burley e Cavendish. Delicato, leggermente dolce e con un piacevole aroma di miele.\",\"breadcrumb\":{\"@id\":\"https:\\\/\\\/www.tabakversand.ch\\\/it\\\/prodotto\\\/tabacco-da-pipa-mac-baren-mixture-scottish-blend-5-x-50gr\\\/#breadcrumb\"},\"inLanguage\":\"it-IT\",\"potentialAction\":[{\"@type\":\"ReadAction\",\"target\":[\"https:\\\/\\\/www.tabakversand.ch\\\/it\\\/prodotto\\\/tabacco-da-pipa-mac-baren-mixture-scottish-blend-5-x-50gr\\\/\"]}]},{\"@type\":\"ImageObject\",\"inLanguage\":\"it-IT\",\"@id\":\"https:\\\/\\\/www.tabakversand.ch\\\/it\\\/prodotto\\\/tabacco-da-pipa-mac-baren-mixture-scottish-blend-5-x-50gr\\\/#primaryimage\",\"url\":\"https:\\\/\\\/www.tabakversand.ch\\\/wp-content\\\/uploads\\\/2025\\\/07\\\/mac-baren-mixture-50-20021076.jpg\",\"contentUrl\":\"https:\\\/\\\/www.tabakversand.ch\\\/wp-content\\\/uploads\\\/2025\\\/07\\\/mac-baren-mixture-50-20021076.jpg\",\"width\":501,\"height\":499,\"caption\":\"Tabacco da pipa Mac Baren Mixture Scottish Blend, 5 x 50 g. | Tabakversand.ch\"},{\"@type\":\"BreadcrumbList\",\"@id\":\"https:\\\/\\\/www.tabakversand.ch\\\/it\\\/prodotto\\\/tabacco-da-pipa-mac-baren-mixture-scottish-blend-5-x-50gr\\\/#breadcrumb\",\"itemListElement\":[{\"@type\":\"ListItem\",\"position\":1,\"name\":\"Startseite\",\"item\":\"https:\\\/\\\/www.tabakversand.ch\\\/\"},{\"@type\":\"ListItem\",\"position\":2,\"name\":\"Negozio\",\"item\":\"https:\\\/\\\/www.tabakversand.ch\\\/it\\\/negozio\\\/\"},{\"@type\":\"ListItem\",\"position\":3,\"name\":\"Miscela Mac Baren Miscela scozzese\"}]},{\"@type\":\"WebSite\",\"@id\":\"https:\\\/\\\/www.tabakversand.ch\\\/#website\",\"url\":\"https:\\\/\\\/www.tabakversand.ch\\\/\",\"name\":\"Tabakversand.ch | Alles aus der Welt des Tabaks\",\"description\":\"Smoke and carpe diem\",\"potentialAction\":[{\"@type\":\"SearchAction\",\"target\":{\"@type\":\"EntryPoint\",\"urlTemplate\":\"https:\\\/\\\/www.tabakversand.ch\\\/?s={search_term_string}\"},\"query-input\":{\"@type\":\"PropertyValueSpecification\",\"valueRequired\":true,\"valueName\":\"search_term_string\"}}],\"inLanguage\":\"it-IT\"}]}<\/script>\n<!-- \/ Yoast SEO plugin. -->","yoast_head_json":{"title":"Tabacco da pipa Mac Baren Scottish Blend","description":"Mac Baren Scottish Blend: Tabacco da pipa classico dal 1958, prodotto con Virginia, Burley e Cavendish. Delicato, leggermente dolce e con un piacevole aroma di miele.","robots":{"index":"index","follow":"follow","max-snippet":"max-snippet:-1","max-image-preview":"max-image-preview:large","max-video-preview":"max-video-preview:-1"},"canonical":"https:\/\/www.tabakversand.ch\/it\/prodotto\/tabacco-da-pipa-mac-baren-mixture-scottish-blend-5-x-50gr\/","og_locale":"it_IT","og_type":"article","og_title":"Tabacco da pipa Mac Baren Scottish Blend","og_description":"Mac Baren Scottish Blend: Tabacco da pipa classico dal 1958, prodotto con Virginia, Burley e Cavendish. Delicato, leggermente dolce e con un piacevole aroma di miele.","og_url":"https:\/\/www.tabakversand.ch\/it\/prodotto\/tabacco-da-pipa-mac-baren-mixture-scottish-blend-5-x-50gr\/","og_site_name":"Tabakversand.ch | Alles aus der Welt des Tabaks","article_modified_time":"2026-04-13T14:01:41+00:00","og_image":[{"width":501,"height":499,"url":"https:\/\/www.tabakversand.ch\/wp-content\/uploads\/2025\/07\/mac-baren-mixture-50-20021076.jpg","type":"image\/jpeg"}],"twitter_card":"summary_large_image","twitter_misc":{"Tempo di lettura stimato":"1 minuto"},"schema":{"@context":"https:\/\/schema.org","@graph":[{"@type":"WebPage","@id":"https:\/\/www.tabakversand.ch\/it\/prodotto\/tabacco-da-pipa-mac-baren-mixture-scottish-blend-5-x-50gr\/","url":"https:\/\/www.tabakversand.ch\/it\/prodotto\/tabacco-da-pipa-mac-baren-mixture-scottish-blend-5-x-50gr\/","name":"Tabacco da pipa Mac Baren Scottish Blend","isPartOf":{"@id":"https:\/\/www.tabakversand.ch\/#website"},"primaryImageOfPage":{"@id":"https:\/\/www.tabakversand.ch\/it\/prodotto\/tabacco-da-pipa-mac-baren-mixture-scottish-blend-5-x-50gr\/#primaryimage"},"image":{"@id":"https:\/\/www.tabakversand.ch\/it\/prodotto\/tabacco-da-pipa-mac-baren-mixture-scottish-blend-5-x-50gr\/#primaryimage"},"thumbnailUrl":"https:\/\/www.tabakversand.ch\/wp-content\/uploads\/2025\/07\/mac-baren-mixture-50-20021076.jpg","datePublished":"2025-07-17T14:22:37+00:00","dateModified":"2026-04-13T14:01:41+00:00","description":"Mac Baren Scottish Blend: Tabacco da pipa classico dal 1958, prodotto con Virginia, Burley e Cavendish. Delicato, leggermente dolce e con un piacevole aroma di miele.","breadcrumb":{"@id":"https:\/\/www.tabakversand.ch\/it\/prodotto\/tabacco-da-pipa-mac-baren-mixture-scottish-blend-5-x-50gr\/#breadcrumb"},"inLanguage":"it-IT","potentialAction":[{"@type":"ReadAction","target":["https:\/\/www.tabakversand.ch\/it\/prodotto\/tabacco-da-pipa-mac-baren-mixture-scottish-blend-5-x-50gr\/"]}]},{"@type":"ImageObject","inLanguage":"it-IT","@id":"https:\/\/www.tabakversand.ch\/it\/prodotto\/tabacco-da-pipa-mac-baren-mixture-scottish-blend-5-x-50gr\/#primaryimage","url":"https:\/\/www.tabakversand.ch\/wp-content\/uploads\/2025\/07\/mac-baren-mixture-50-20021076.jpg","contentUrl":"https:\/\/www.tabakversand.ch\/wp-content\/uploads\/2025\/07\/mac-baren-mixture-50-20021076.jpg","width":501,"height":499,"caption":"Tabacco da pipa Mac Baren Mixture Scottish Blend, 5 x 50 g. | Tabakversand.ch"},{"@type":"BreadcrumbList","@id":"https:\/\/www.tabakversand.ch\/it\/prodotto\/tabacco-da-pipa-mac-baren-mixture-scottish-blend-5-x-50gr\/#breadcrumb","itemListElement":[{"@type":"ListItem","position":1,"name":"Startseite","item":"https:\/\/www.tabakversand.ch\/"},{"@type":"ListItem","position":2,"name":"Negozio","item":"https:\/\/www.tabakversand.ch\/it\/negozio\/"},{"@type":"ListItem","position":3,"name":"Miscela Mac Baren Miscela scozzese"}]},{"@type":"WebSite","@id":"https:\/\/www.tabakversand.ch\/#website","url":"https:\/\/www.tabakversand.ch\/","name":"Tabakversand.ch | Alles aus der Welt des Tabaks","description":"Smoke and carpe diem","potentialAction":[{"@type":"SearchAction","target":{"@type":"EntryPoint","urlTemplate":"https:\/\/www.tabakversand.ch\/?s={search_term_string}"},"query-input":{"@type":"PropertyValueSpecification","valueRequired":true,"valueName":"search_term_string"}}],"inLanguage":"it-IT"}]}},"_links":{"self":[{"href":"https:\/\/www.tabakversand.ch\/it\/wp-json\/wp\/v2\/product\/189137","targetHints":{"allow":["GET"]}}],"collection":[{"href":"https:\/\/www.tabakversand.ch\/it\/wp-json\/wp\/v2\/product"}],"about":[{"href":"https:\/\/www.tabakversand.ch\/it\/wp-json\/wp\/v2\/types\/product"}],"version-history":[{"count":4,"href":"https:\/\/www.tabakversand.ch\/it\/wp-json\/wp\/v2\/product\/189137\/revisions"}],"predecessor-version":[{"id":217884,"href":"https:\/\/www.tabakversand.ch\/it\/wp-json\/wp\/v2\/product\/189137\/revisions\/217884"}],"wp:featuredmedia":[{"embeddable":true,"href":"https:\/\/www.tabakversand.ch\/it\/wp-json\/wp\/v2\/media\/189141"}],"wp:attachment":[{"href":"https:\/\/www.tabakversand.ch\/it\/wp-json\/wp\/v2\/media?parent=189137"}],"wp:term":[{"taxonomy":"product_brand","embeddable":true,"href":"https:\/\/www.tabakversand.ch\/it\/wp-json\/wp\/v2\/product_brand?post=189137"},{"taxonomy":"product_cat","embeddable":true,"href":"https:\/\/www.tabakversand.ch\/it\/wp-json\/wp\/v2\/product_cat?post=189137"},{"taxonomy":"product_tag","embeddable":true,"href":"https:\/\/www.tabakversand.ch\/it\/wp-json\/wp\/v2\/product_tag?post=189137"}],"curies":[{"name":"wp","href":"https:\/\/api.w.org\/{rel}","templated":true}]}}