{"id":194273,"date":"2025-08-15T13:21:39","date_gmt":"2025-08-15T11:21:39","guid":{"rendered":"https:\/\/www.tabakversand.ch\/?post_type=product&#038;p=194273"},"modified":"2025-08-23T20:47:02","modified_gmt":"2025-08-23T18:47:02","slug":"kit-vozol-ace-go","status":"publish","type":"product","link":"https:\/\/www.tabakversand.ch\/it\/prodotto\/kit-vozol-ace-go\/","title":{"rendered":"Kit Vozol ACE Go"},"content":{"rendered":"<p>Kit Vozol ACE Go<\/p>\n<p>Batteria potente e ricarica rapida<br \/>\n Nonostante le dimensioni compatte, la batteria dura a lungo. E se hai fretta, puoi ricaricarla all&#8217;80% in soli 30 minuti, grazie alla porta USB-C. <\/p>\n<p>Resistenza alla trazione individuale<br \/>\n Grazie al piccolo controllo laterale, puoi decidere quanto leggera o forte deve essere la trazione, proprio come preferisci.<\/p>\n<p>Elegante e pratico<br \/>\n L&#8217;elegante design in alluminio \u00e8 moderno e robusto. L&#8217;illuminazione a LED colorata mostra l&#8217;attivit\u00e0 in corso del dispositivo, ad esempio se sta svapando o caricando.<\/p>\n<p>Tutto ci\u00f2 che \u00e8 importante \u00e8 in mostra<br \/>\n Il piccolo display mostra a colpo d&#8217;occhio la durata della batteria, il numero di vogate e la potenza. La potenza si regola automaticamente in base al pod: comodissimo. <\/p>\n<p>Due opzioni di vapore<br \/>\n \u2022 0,6 Ohm: pi\u00f9 vapore, pi\u00f9 caldo \u2013 ideale per tiri pi\u00f9 aperti (ideale per RDL)<br \/>\n \u2022 0,8 Ohm: Pi\u00f9 sapore, perfetto per una classica boccata di sigaretta (ideale per MTL)<\/p>\n<p>Tutti i prezzi si applicano solo agli ordini online e sono comprensivi di IVA. Soggetto a modifiche senza preavviso, escluse le spese di spedizione. Con riserva di errori, modifiche nell&#8217;ambito di consegna e nel design, errori di stampa e variazioni di prezzo. I prezzi barrati sono prezzi sostitutivi. Le illustrazioni possono differire dall&#8217;originale\/dall&#8217;ambito di consegna.<br \/>\n*Spedizione gratuita per ordini superiori a CHF 250.-.<\/p>\n","protected":false},"excerpt":{"rendered":"<p>Kit Vozol ACE Go Batteria potente e ricarica rapida Nonostante le dimensioni compatte, la batteria dura a lungo. E se hai fretta, puoi ricaricarla all&#8217;80% in soli 30 minuti, grazie alla porta USB-C. Resistenza alla trazione individuale Grazie al piccolo controllo laterale, puoi decidere quanto leggera o forte deve essere la trazione, proprio come preferisci. [&hellip;]<\/p>\n","protected":false},"featured_media":194277,"template":"","meta":[],"product_brand":[],"product_cat":[1875,3589,1916],"product_tag":[],"class_list":{"0":"post-194273","1":"product","2":"type-product","3":"status-publish","4":"has-post-thumbnail","6":"product_cat-e-fumo","7":"product_cat-kit-vozol-ace-go","8":"product_cat-sigarette-elettroniche","9":"pa_farbe-argento","10":"pa_farbe-nero","11":"pa_farbe-oro","12":"pa_farbe-viola-blu","14":"first","15":"onbackorder","16":"featured","17":"purchasable","18":"product-type-variable"},"yoast_head":"<!-- This site is optimized with the Yoast SEO plugin v27.5 - https:\/\/yoast.com\/product\/yoast-seo-wordpress\/ -->\n<title>Kit Vozol ACE Go - tabakversand.ch<\/title>\n<meta name=\"description\" content=\"Kit Vozol ACE Go | Un&#039;ampia scelta di prodotti del tabacco, sigarette elettroniche e accessori per fumatori in tutta la Svizzera | Carte accettate!\" \/>\n<meta name=\"robots\" content=\"index, follow, max-snippet:-1, max-image-preview:large, max-video-preview:-1\" \/>\n<link rel=\"canonical\" href=\"https:\/\/www.tabakversand.ch\/it\/prodotto\/kit-vozol-ace-go\/\" \/>\n<meta property=\"og:locale\" content=\"it_IT\" \/>\n<meta property=\"og:type\" content=\"article\" \/>\n<meta property=\"og:title\" content=\"Kit Vozol ACE Go - tabakversand.ch\" \/>\n<meta property=\"og:description\" content=\"Kit Vozol ACE Go | Un&#039;ampia scelta di prodotti del tabacco, sigarette elettroniche e accessori per fumatori in tutta la Svizzera | Carte accettate!\" \/>\n<meta property=\"og:url\" content=\"https:\/\/www.tabakversand.ch\/it\/prodotto\/kit-vozol-ace-go\/\" \/>\n<meta property=\"og:site_name\" content=\"Tabakversand.ch | Alles aus der Welt des Tabaks\" \/>\n<meta property=\"article:modified_time\" content=\"2025-08-23T18:47:02+00:00\" \/>\n<meta property=\"og:image\" content=\"https:\/\/www.tabakversand.ch\/wp-content\/uploads\/2025\/08\/vozol-ace-kit-all.jpg\" \/>\n\t<meta property=\"og:image:width\" content=\"500\" \/>\n\t<meta property=\"og:image:height\" content=\"500\" \/>\n\t<meta property=\"og:image:type\" content=\"image\/jpeg\" \/>\n<meta name=\"twitter:card\" content=\"summary_large_image\" \/>\n<meta name=\"twitter:label1\" content=\"Tempo di lettura stimato\" \/>\n\t<meta name=\"twitter:data1\" content=\"2 minuti\" \/>\n<script type=\"application\/ld+json\" class=\"yoast-schema-graph\">{\"@context\":\"https:\\\/\\\/schema.org\",\"@graph\":[{\"@type\":\"WebPage\",\"@id\":\"https:\\\/\\\/www.tabakversand.ch\\\/it\\\/prodotto\\\/kit-vozol-ace-go\\\/\",\"url\":\"https:\\\/\\\/www.tabakversand.ch\\\/it\\\/prodotto\\\/kit-vozol-ace-go\\\/\",\"name\":\"Kit Vozol ACE Go - tabakversand.ch\",\"isPartOf\":{\"@id\":\"https:\\\/\\\/www.tabakversand.ch\\\/#website\"},\"primaryImageOfPage\":{\"@id\":\"https:\\\/\\\/www.tabakversand.ch\\\/it\\\/prodotto\\\/kit-vozol-ace-go\\\/#primaryimage\"},\"image\":{\"@id\":\"https:\\\/\\\/www.tabakversand.ch\\\/it\\\/prodotto\\\/kit-vozol-ace-go\\\/#primaryimage\"},\"thumbnailUrl\":\"https:\\\/\\\/www.tabakversand.ch\\\/wp-content\\\/uploads\\\/2025\\\/08\\\/vozol-ace-kit-all.jpg\",\"datePublished\":\"2025-08-15T11:21:39+00:00\",\"dateModified\":\"2025-08-23T18:47:02+00:00\",\"description\":\"Kit Vozol ACE Go | Un'ampia scelta di prodotti del tabacco, sigarette elettroniche e accessori per fumatori in tutta la Svizzera | Carte accettate!\",\"breadcrumb\":{\"@id\":\"https:\\\/\\\/www.tabakversand.ch\\\/it\\\/prodotto\\\/kit-vozol-ace-go\\\/#breadcrumb\"},\"inLanguage\":\"it-IT\",\"potentialAction\":[{\"@type\":\"ReadAction\",\"target\":[\"https:\\\/\\\/www.tabakversand.ch\\\/it\\\/prodotto\\\/kit-vozol-ace-go\\\/\"]}]},{\"@type\":\"ImageObject\",\"inLanguage\":\"it-IT\",\"@id\":\"https:\\\/\\\/www.tabakversand.ch\\\/it\\\/prodotto\\\/kit-vozol-ace-go\\\/#primaryimage\",\"url\":\"https:\\\/\\\/www.tabakversand.ch\\\/wp-content\\\/uploads\\\/2025\\\/08\\\/vozol-ace-kit-all.jpg\",\"contentUrl\":\"https:\\\/\\\/www.tabakversand.ch\\\/wp-content\\\/uploads\\\/2025\\\/08\\\/vozol-ace-kit-all.jpg\",\"width\":500,\"height\":500,\"caption\":\"Kit Vozol ACE Go | Tabakversand.ch\"},{\"@type\":\"BreadcrumbList\",\"@id\":\"https:\\\/\\\/www.tabakversand.ch\\\/it\\\/prodotto\\\/kit-vozol-ace-go\\\/#breadcrumb\",\"itemListElement\":[{\"@type\":\"ListItem\",\"position\":1,\"name\":\"Startseite\",\"item\":\"https:\\\/\\\/www.tabakversand.ch\\\/\"},{\"@type\":\"ListItem\",\"position\":2,\"name\":\"Negozio\",\"item\":\"https:\\\/\\\/www.tabakversand.ch\\\/it\\\/negozio\\\/\"},{\"@type\":\"ListItem\",\"position\":3,\"name\":\"Kit Vozol ACE Go\"}]},{\"@type\":\"WebSite\",\"@id\":\"https:\\\/\\\/www.tabakversand.ch\\\/#website\",\"url\":\"https:\\\/\\\/www.tabakversand.ch\\\/\",\"name\":\"Tabakversand.ch | Alles aus der Welt des Tabaks\",\"description\":\"Smoke and carpe diem\",\"potentialAction\":[{\"@type\":\"SearchAction\",\"target\":{\"@type\":\"EntryPoint\",\"urlTemplate\":\"https:\\\/\\\/www.tabakversand.ch\\\/?s={search_term_string}\"},\"query-input\":{\"@type\":\"PropertyValueSpecification\",\"valueRequired\":true,\"valueName\":\"search_term_string\"}}],\"inLanguage\":\"it-IT\"}]}<\/script>\n<!-- \/ Yoast SEO plugin. -->","yoast_head_json":{"title":"Kit Vozol ACE Go - tabakversand.ch","description":"Kit Vozol ACE Go | Un'ampia scelta di prodotti del tabacco, sigarette elettroniche e accessori per fumatori in tutta la Svizzera | Carte accettate!","robots":{"index":"index","follow":"follow","max-snippet":"max-snippet:-1","max-image-preview":"max-image-preview:large","max-video-preview":"max-video-preview:-1"},"canonical":"https:\/\/www.tabakversand.ch\/it\/prodotto\/kit-vozol-ace-go\/","og_locale":"it_IT","og_type":"article","og_title":"Kit Vozol ACE Go - tabakversand.ch","og_description":"Kit Vozol ACE Go | Un'ampia scelta di prodotti del tabacco, sigarette elettroniche e accessori per fumatori in tutta la Svizzera | Carte accettate!","og_url":"https:\/\/www.tabakversand.ch\/it\/prodotto\/kit-vozol-ace-go\/","og_site_name":"Tabakversand.ch | Alles aus der Welt des Tabaks","article_modified_time":"2025-08-23T18:47:02+00:00","og_image":[{"width":500,"height":500,"url":"https:\/\/www.tabakversand.ch\/wp-content\/uploads\/2025\/08\/vozol-ace-kit-all.jpg","type":"image\/jpeg"}],"twitter_card":"summary_large_image","twitter_misc":{"Tempo di lettura stimato":"2 minuti"},"schema":{"@context":"https:\/\/schema.org","@graph":[{"@type":"WebPage","@id":"https:\/\/www.tabakversand.ch\/it\/prodotto\/kit-vozol-ace-go\/","url":"https:\/\/www.tabakversand.ch\/it\/prodotto\/kit-vozol-ace-go\/","name":"Kit Vozol ACE Go - tabakversand.ch","isPartOf":{"@id":"https:\/\/www.tabakversand.ch\/#website"},"primaryImageOfPage":{"@id":"https:\/\/www.tabakversand.ch\/it\/prodotto\/kit-vozol-ace-go\/#primaryimage"},"image":{"@id":"https:\/\/www.tabakversand.ch\/it\/prodotto\/kit-vozol-ace-go\/#primaryimage"},"thumbnailUrl":"https:\/\/www.tabakversand.ch\/wp-content\/uploads\/2025\/08\/vozol-ace-kit-all.jpg","datePublished":"2025-08-15T11:21:39+00:00","dateModified":"2025-08-23T18:47:02+00:00","description":"Kit Vozol ACE Go | Un'ampia scelta di prodotti del tabacco, sigarette elettroniche e accessori per fumatori in tutta la Svizzera | Carte accettate!","breadcrumb":{"@id":"https:\/\/www.tabakversand.ch\/it\/prodotto\/kit-vozol-ace-go\/#breadcrumb"},"inLanguage":"it-IT","potentialAction":[{"@type":"ReadAction","target":["https:\/\/www.tabakversand.ch\/it\/prodotto\/kit-vozol-ace-go\/"]}]},{"@type":"ImageObject","inLanguage":"it-IT","@id":"https:\/\/www.tabakversand.ch\/it\/prodotto\/kit-vozol-ace-go\/#primaryimage","url":"https:\/\/www.tabakversand.ch\/wp-content\/uploads\/2025\/08\/vozol-ace-kit-all.jpg","contentUrl":"https:\/\/www.tabakversand.ch\/wp-content\/uploads\/2025\/08\/vozol-ace-kit-all.jpg","width":500,"height":500,"caption":"Kit Vozol ACE Go | Tabakversand.ch"},{"@type":"BreadcrumbList","@id":"https:\/\/www.tabakversand.ch\/it\/prodotto\/kit-vozol-ace-go\/#breadcrumb","itemListElement":[{"@type":"ListItem","position":1,"name":"Startseite","item":"https:\/\/www.tabakversand.ch\/"},{"@type":"ListItem","position":2,"name":"Negozio","item":"https:\/\/www.tabakversand.ch\/it\/negozio\/"},{"@type":"ListItem","position":3,"name":"Kit Vozol ACE Go"}]},{"@type":"WebSite","@id":"https:\/\/www.tabakversand.ch\/#website","url":"https:\/\/www.tabakversand.ch\/","name":"Tabakversand.ch | Alles aus der Welt des Tabaks","description":"Smoke and carpe diem","potentialAction":[{"@type":"SearchAction","target":{"@type":"EntryPoint","urlTemplate":"https:\/\/www.tabakversand.ch\/?s={search_term_string}"},"query-input":{"@type":"PropertyValueSpecification","valueRequired":true,"valueName":"search_term_string"}}],"inLanguage":"it-IT"}]}},"_links":{"self":[{"href":"https:\/\/www.tabakversand.ch\/it\/wp-json\/wp\/v2\/product\/194273","targetHints":{"allow":["GET"]}}],"collection":[{"href":"https:\/\/www.tabakversand.ch\/it\/wp-json\/wp\/v2\/product"}],"about":[{"href":"https:\/\/www.tabakversand.ch\/it\/wp-json\/wp\/v2\/types\/product"}],"version-history":[{"count":4,"href":"https:\/\/www.tabakversand.ch\/it\/wp-json\/wp\/v2\/product\/194273\/revisions"}],"predecessor-version":[{"id":194415,"href":"https:\/\/www.tabakversand.ch\/it\/wp-json\/wp\/v2\/product\/194273\/revisions\/194415"}],"wp:featuredmedia":[{"embeddable":true,"href":"https:\/\/www.tabakversand.ch\/it\/wp-json\/wp\/v2\/media\/194277"}],"wp:attachment":[{"href":"https:\/\/www.tabakversand.ch\/it\/wp-json\/wp\/v2\/media?parent=194273"}],"wp:term":[{"taxonomy":"product_brand","embeddable":true,"href":"https:\/\/www.tabakversand.ch\/it\/wp-json\/wp\/v2\/product_brand?post=194273"},{"taxonomy":"product_cat","embeddable":true,"href":"https:\/\/www.tabakversand.ch\/it\/wp-json\/wp\/v2\/product_cat?post=194273"},{"taxonomy":"product_tag","embeddable":true,"href":"https:\/\/www.tabakversand.ch\/it\/wp-json\/wp\/v2\/product_tag?post=194273"}],"curies":[{"name":"wp","href":"https:\/\/api.w.org\/{rel}","templated":true}]}}