{"id":197353,"date":"2025-09-03T12:39:11","date_gmt":"2025-09-03T10:39:11","guid":{"rendered":"https:\/\/www.tabakversand.ch\/?post_type=product&#038;p=197353"},"modified":"2026-04-06T08:25:45","modified_gmt":"2026-04-06T06:25:45","slug":"sostituto-del-tabacco-muza-calliope-1-x-20-gr","status":"publish","type":"product","link":"https:\/\/www.tabakversand.ch\/it\/prodotto\/sostituto-del-tabacco-muza-calliope-1-x-20-gr\/","title":{"rendered":"Sostituto del tabacco Muza-Calliope 1 x 20 gr."},"content":{"rendered":"<div id=\"tab-label-description\" class=\"data item title active\" role=\"tab\" data-role=\"collapsible\" data-collapsible=\"true\">\n<div id=\"description\" class=\"data item content\" role=\"tabpanel\" data-role=\"content\" aria-labelledby=\"tab-label-description\" aria-hidden=\"false\">\n<div class=\"product attribute9 description\">\n<div class=\"value product_value_description\">\n<p>Sostituto del tabacco Muza-Calliope 1 x 20 gr.<\/p>\n<ul>\n<li>Niente pi\u00f9 nicotina? MUZA \u00e8 l&#8217;alternativa perfetta! Sembra tabacco, ha la stessa consistenza del tabacco ed \u00e8 100% senza nicotina!  <\/li>\n<li>Se stai cercando il perfetto sostituto del tabacco, MUZA Blend \u00e8 la soluzione ideale! Perfetto per i momenti di relax. Liscio o miscelato, \u00e8 sempre una vera delizia.  <\/li>\n<li>Istruzioni per l&#8217;uso:<br \/>\n MUZA pu\u00f2 essere utilizzato come un vero e proprio sostituto del tabacco per rollare le canne. \u00c8 adatto anche da solo come sostituto della sigaretta. <\/li>\n<\/ul>\n<p>Informazioni sul prodotto<\/p>\n<ul>\n<li>Marca: MUZA<\/li>\n<li>Variet\u00e0: Canapa Originale<\/li>\n<li>Specifiche: Senza nicotina, Senza tabacco<\/li>\n<li>Composizione: Realizzato con canapa pura e fibre di canapa senza THC, arricchito con terpeni.<\/li>\n<li>Produzione: processo complesso per un sostituto ottimale del tabacco<\/li>\n<li>Contenuto: 20 grammi<\/li>\n<\/ul>\n<p>Ulteriori informazioni:<\/p>\n<ul>\n<li>Qualit\u00e0 e sicurezza: MUZA \u00e8 prodotto secondo rigorosi controlli di qualit\u00e0 per garantire che il prodotto soddisfi i pi\u00f9 elevati standard. La selezione di erbe medicinali di alta qualit\u00e0 garantisce un&#8217;esperienza di fumo pura e incontaminata. <\/li>\n<li>Sostituto rivoluzionario del tabacco: MUZA rappresenta una rivoluzione nei sostituti del tabacco. Combinando erbe medicinali e terpeni di alta qualit\u00e0, offre un&#8217;alternativa sana e appagante al tabacco tradizionale. <\/li>\n<li>Esperienza di fumo unica: fumare MUZA offre un&#8217;esperienza unica che si distingue dai prodotti del tabacco convenzionali. La speciale miscela e la lavorazione garantiscono un gusto morbido e una piacevole qualit\u00e0 di fumo. <\/li>\n<li>Alternativa salutare: MUZA consente ai fumatori di riconsiderare le proprie abitudini e passare a un&#8217;alternativa pi\u00f9 sana. Priva di nicotina e additivi nocivi, offre un&#8217;esperienza di fumo pura e naturale. <\/li>\n<\/ul>\n<p>&nbsp;<\/p>\n<p>Tutti i prezzi sono validi solo per gli ordini online e includono l&#8217;IVA, sono soggetti a modifiche senza preavviso e non includono le spese di spedizione.   Con riserva di errori, modifiche nella fornitura e nella progettazione, errori di stampa e modifiche dei prezzi. I prezzi barrati sono invece prezzi. L&#8217;immagine pu\u00f2 differire dall&#8217;originale\/dalla fornitura.<\/p>\n<\/div>\n<\/div>\n<\/div>\n<\/div>\n<p>*Spedizione gratuita per ordini superiori a CHF 250.-.<\/p>\n","protected":false},"excerpt":{"rendered":"<p>Sostituto del tabacco Muza-Calliope 1 x 20 gr. Niente pi\u00f9 nicotina? MUZA \u00e8 l&#8217;alternativa perfetta! Sembra tabacco, ha la stessa consistenza del tabacco ed \u00e8 100% senza nicotina! Se stai cercando il perfetto sostituto del tabacco, MUZA Blend \u00e8 la soluzione ideale! Perfetto per i momenti di relax. Liscio o miscelato, \u00e8 sempre una vera [&hellip;]<\/p>\n","protected":false},"featured_media":197357,"template":"","meta":[],"product_brand":[5702],"product_cat":[1962,2403,1889,1965,1966],"product_tag":[],"class_list":{"0":"post-197353","1":"product","2":"type-product","3":"status-publish","4":"has-post-thumbnail","6":"product_brand-muza-tabakersatz","7":"product_cat-sigarette-self-made","8":"product_cat-sostituti-del-tabacco","9":"product_cat-tabacco","10":"product_cat-tabacco-da-sigaretta","11":"product_cat-tabacco-da-sigaretta-it","13":"first","14":"onbackorder","15":"featured","16":"purchasable","17":"product-type-simple"},"yoast_head":"<!-- This site is optimized with the Yoast SEO plugin v27.0 - https:\/\/yoast.com\/product\/yoast-seo-wordpress\/ -->\n<title>Sostituto del tabacco Muza-Calliope 1 x 20 gr. -<\/title>\n<meta name=\"description\" content=\"Sostituto del tabacco Muza-Calliope 1 x 20 gr. | Un&#039;ampia e pregiata selezione di prodotti del tabacco in tutta la Svizzera | Carte di credito accettate!\" \/>\n<meta name=\"robots\" content=\"index, follow, max-snippet:-1, max-image-preview:large, max-video-preview:-1\" \/>\n<link rel=\"canonical\" href=\"https:\/\/www.tabakversand.ch\/it\/prodotto\/sostituto-del-tabacco-muza-calliope-1-x-20-gr\/\" \/>\n<meta property=\"og:locale\" content=\"it_IT\" \/>\n<meta property=\"og:type\" content=\"article\" \/>\n<meta property=\"og:title\" content=\"Sostituto del tabacco Muza-Calliope 1 x 20 gr. -\" \/>\n<meta property=\"og:description\" content=\"Sostituto del tabacco Muza-Calliope 1 x 20 gr. | Un&#039;ampia e pregiata selezione di prodotti del tabacco in tutta la Svizzera | Carte di credito accettate!\" \/>\n<meta property=\"og:url\" content=\"https:\/\/www.tabakversand.ch\/it\/prodotto\/sostituto-del-tabacco-muza-calliope-1-x-20-gr\/\" \/>\n<meta property=\"og:site_name\" content=\"Tabakversand.ch | Alles aus der Welt des Tabaks\" \/>\n<meta property=\"article:modified_time\" content=\"2026-04-06T06:25:45+00:00\" \/>\n<meta property=\"og:image\" content=\"https:\/\/www.tabakversand.ch\/wp-content\/uploads\/2025\/09\/muza-calliope.jpg\" \/>\n\t<meta property=\"og:image:width\" content=\"500\" \/>\n\t<meta property=\"og:image:height\" content=\"500\" \/>\n\t<meta property=\"og:image:type\" content=\"image\/jpeg\" \/>\n<meta name=\"twitter:card\" content=\"summary_large_image\" \/>\n<meta name=\"twitter:label1\" content=\"Tempo di lettura stimato\" \/>\n\t<meta name=\"twitter:data1\" content=\"2 minuti\" \/>\n<script type=\"application\/ld+json\" class=\"yoast-schema-graph\">{\"@context\":\"https:\/\/schema.org\",\"@graph\":[{\"@type\":\"WebPage\",\"@id\":\"https:\/\/www.tabakversand.ch\/it\/prodotto\/sostituto-del-tabacco-muza-calliope-1-x-20-gr\/\",\"url\":\"https:\/\/www.tabakversand.ch\/it\/prodotto\/sostituto-del-tabacco-muza-calliope-1-x-20-gr\/\",\"name\":\"Sostituto del tabacco Muza-Calliope 1 x 20 gr. -\",\"isPartOf\":{\"@id\":\"https:\/\/www.tabakversand.ch\/#website\"},\"primaryImageOfPage\":{\"@id\":\"https:\/\/www.tabakversand.ch\/it\/prodotto\/sostituto-del-tabacco-muza-calliope-1-x-20-gr\/#primaryimage\"},\"image\":{\"@id\":\"https:\/\/www.tabakversand.ch\/it\/prodotto\/sostituto-del-tabacco-muza-calliope-1-x-20-gr\/#primaryimage\"},\"thumbnailUrl\":\"https:\/\/www.tabakversand.ch\/wp-content\/uploads\/2025\/09\/muza-calliope.jpg\",\"datePublished\":\"2025-09-03T10:39:11+00:00\",\"dateModified\":\"2026-04-06T06:25:45+00:00\",\"description\":\"Sostituto del tabacco Muza-Calliope 1 x 20 gr. | Un'ampia e pregiata selezione di prodotti del tabacco in tutta la Svizzera | Carte di credito accettate!\",\"breadcrumb\":{\"@id\":\"https:\/\/www.tabakversand.ch\/it\/prodotto\/sostituto-del-tabacco-muza-calliope-1-x-20-gr\/#breadcrumb\"},\"inLanguage\":\"it-IT\",\"potentialAction\":[{\"@type\":\"ReadAction\",\"target\":[\"https:\/\/www.tabakversand.ch\/it\/prodotto\/sostituto-del-tabacco-muza-calliope-1-x-20-gr\/\"]}]},{\"@type\":\"ImageObject\",\"inLanguage\":\"it-IT\",\"@id\":\"https:\/\/www.tabakversand.ch\/it\/prodotto\/sostituto-del-tabacco-muza-calliope-1-x-20-gr\/#primaryimage\",\"url\":\"https:\/\/www.tabakversand.ch\/wp-content\/uploads\/2025\/09\/muza-calliope.jpg\",\"contentUrl\":\"https:\/\/www.tabakversand.ch\/wp-content\/uploads\/2025\/09\/muza-calliope.jpg\",\"width\":500,\"height\":500,\"caption\":\"Sostituto del tabacco Muza-Calliope 1 x 20 gr. | tabakversand.ch\"},{\"@type\":\"BreadcrumbList\",\"@id\":\"https:\/\/www.tabakversand.ch\/it\/prodotto\/sostituto-del-tabacco-muza-calliope-1-x-20-gr\/#breadcrumb\",\"itemListElement\":[{\"@type\":\"ListItem\",\"position\":1,\"name\":\"Startseite\",\"item\":\"https:\/\/www.tabakversand.ch\/\"},{\"@type\":\"ListItem\",\"position\":2,\"name\":\"Negozio\",\"item\":\"https:\/\/www.tabakversand.ch\/it\/negozio\/\"},{\"@type\":\"ListItem\",\"position\":3,\"name\":\"Sostituto del tabacco Muza-Calliope 1 x 20 gr.\"}]},{\"@type\":\"WebSite\",\"@id\":\"https:\/\/www.tabakversand.ch\/#website\",\"url\":\"https:\/\/www.tabakversand.ch\/\",\"name\":\"Tabakversand.ch | Alles aus der Welt des Tabaks\",\"description\":\"Smoke and carpe diem\",\"potentialAction\":[{\"@type\":\"SearchAction\",\"target\":{\"@type\":\"EntryPoint\",\"urlTemplate\":\"https:\/\/www.tabakversand.ch\/?s={search_term_string}\"},\"query-input\":{\"@type\":\"PropertyValueSpecification\",\"valueRequired\":true,\"valueName\":\"search_term_string\"}}],\"inLanguage\":\"it-IT\"}]}<\/script>\n<!-- \/ Yoast SEO plugin. -->","yoast_head_json":{"title":"Sostituto del tabacco Muza-Calliope 1 x 20 gr. -","description":"Sostituto del tabacco Muza-Calliope 1 x 20 gr. | Un'ampia e pregiata selezione di prodotti del tabacco in tutta la Svizzera | Carte di credito accettate!","robots":{"index":"index","follow":"follow","max-snippet":"max-snippet:-1","max-image-preview":"max-image-preview:large","max-video-preview":"max-video-preview:-1"},"canonical":"https:\/\/www.tabakversand.ch\/it\/prodotto\/sostituto-del-tabacco-muza-calliope-1-x-20-gr\/","og_locale":"it_IT","og_type":"article","og_title":"Sostituto del tabacco Muza-Calliope 1 x 20 gr. -","og_description":"Sostituto del tabacco Muza-Calliope 1 x 20 gr. | Un'ampia e pregiata selezione di prodotti del tabacco in tutta la Svizzera | Carte di credito accettate!","og_url":"https:\/\/www.tabakversand.ch\/it\/prodotto\/sostituto-del-tabacco-muza-calliope-1-x-20-gr\/","og_site_name":"Tabakversand.ch | Alles aus der Welt des Tabaks","article_modified_time":"2026-04-06T06:25:45+00:00","og_image":[{"width":500,"height":500,"url":"https:\/\/www.tabakversand.ch\/wp-content\/uploads\/2025\/09\/muza-calliope.jpg","type":"image\/jpeg"}],"twitter_card":"summary_large_image","twitter_misc":{"Tempo di lettura stimato":"2 minuti"},"schema":{"@context":"https:\/\/schema.org","@graph":[{"@type":"WebPage","@id":"https:\/\/www.tabakversand.ch\/it\/prodotto\/sostituto-del-tabacco-muza-calliope-1-x-20-gr\/","url":"https:\/\/www.tabakversand.ch\/it\/prodotto\/sostituto-del-tabacco-muza-calliope-1-x-20-gr\/","name":"Sostituto del tabacco Muza-Calliope 1 x 20 gr. -","isPartOf":{"@id":"https:\/\/www.tabakversand.ch\/#website"},"primaryImageOfPage":{"@id":"https:\/\/www.tabakversand.ch\/it\/prodotto\/sostituto-del-tabacco-muza-calliope-1-x-20-gr\/#primaryimage"},"image":{"@id":"https:\/\/www.tabakversand.ch\/it\/prodotto\/sostituto-del-tabacco-muza-calliope-1-x-20-gr\/#primaryimage"},"thumbnailUrl":"https:\/\/www.tabakversand.ch\/wp-content\/uploads\/2025\/09\/muza-calliope.jpg","datePublished":"2025-09-03T10:39:11+00:00","dateModified":"2026-04-06T06:25:45+00:00","description":"Sostituto del tabacco Muza-Calliope 1 x 20 gr. | Un'ampia e pregiata selezione di prodotti del tabacco in tutta la Svizzera | Carte di credito accettate!","breadcrumb":{"@id":"https:\/\/www.tabakversand.ch\/it\/prodotto\/sostituto-del-tabacco-muza-calliope-1-x-20-gr\/#breadcrumb"},"inLanguage":"it-IT","potentialAction":[{"@type":"ReadAction","target":["https:\/\/www.tabakversand.ch\/it\/prodotto\/sostituto-del-tabacco-muza-calliope-1-x-20-gr\/"]}]},{"@type":"ImageObject","inLanguage":"it-IT","@id":"https:\/\/www.tabakversand.ch\/it\/prodotto\/sostituto-del-tabacco-muza-calliope-1-x-20-gr\/#primaryimage","url":"https:\/\/www.tabakversand.ch\/wp-content\/uploads\/2025\/09\/muza-calliope.jpg","contentUrl":"https:\/\/www.tabakversand.ch\/wp-content\/uploads\/2025\/09\/muza-calliope.jpg","width":500,"height":500,"caption":"Sostituto del tabacco Muza-Calliope 1 x 20 gr. | tabakversand.ch"},{"@type":"BreadcrumbList","@id":"https:\/\/www.tabakversand.ch\/it\/prodotto\/sostituto-del-tabacco-muza-calliope-1-x-20-gr\/#breadcrumb","itemListElement":[{"@type":"ListItem","position":1,"name":"Startseite","item":"https:\/\/www.tabakversand.ch\/"},{"@type":"ListItem","position":2,"name":"Negozio","item":"https:\/\/www.tabakversand.ch\/it\/negozio\/"},{"@type":"ListItem","position":3,"name":"Sostituto del tabacco Muza-Calliope 1 x 20 gr."}]},{"@type":"WebSite","@id":"https:\/\/www.tabakversand.ch\/#website","url":"https:\/\/www.tabakversand.ch\/","name":"Tabakversand.ch | Alles aus der Welt des Tabaks","description":"Smoke and carpe diem","potentialAction":[{"@type":"SearchAction","target":{"@type":"EntryPoint","urlTemplate":"https:\/\/www.tabakversand.ch\/?s={search_term_string}"},"query-input":{"@type":"PropertyValueSpecification","valueRequired":true,"valueName":"search_term_string"}}],"inLanguage":"it-IT"}]}},"_links":{"self":[{"href":"https:\/\/www.tabakversand.ch\/it\/wp-json\/wp\/v2\/product\/197353","targetHints":{"allow":["GET"]}}],"collection":[{"href":"https:\/\/www.tabakversand.ch\/it\/wp-json\/wp\/v2\/product"}],"about":[{"href":"https:\/\/www.tabakversand.ch\/it\/wp-json\/wp\/v2\/types\/product"}],"version-history":[{"count":4,"href":"https:\/\/www.tabakversand.ch\/it\/wp-json\/wp\/v2\/product\/197353\/revisions"}],"predecessor-version":[{"id":217022,"href":"https:\/\/www.tabakversand.ch\/it\/wp-json\/wp\/v2\/product\/197353\/revisions\/217022"}],"wp:featuredmedia":[{"embeddable":true,"href":"https:\/\/www.tabakversand.ch\/it\/wp-json\/wp\/v2\/media\/197357"}],"wp:attachment":[{"href":"https:\/\/www.tabakversand.ch\/it\/wp-json\/wp\/v2\/media?parent=197353"}],"wp:term":[{"taxonomy":"product_brand","embeddable":true,"href":"https:\/\/www.tabakversand.ch\/it\/wp-json\/wp\/v2\/product_brand?post=197353"},{"taxonomy":"product_cat","embeddable":true,"href":"https:\/\/www.tabakversand.ch\/it\/wp-json\/wp\/v2\/product_cat?post=197353"},{"taxonomy":"product_tag","embeddable":true,"href":"https:\/\/www.tabakversand.ch\/it\/wp-json\/wp\/v2\/product_tag?post=197353"}],"curies":[{"name":"wp","href":"https:\/\/api.w.org\/{rel}","templated":true}]}}