{"id":199066,"date":"2025-09-11T13:30:43","date_gmt":"2025-09-11T11:30:43","guid":{"rendered":"https:\/\/www.tabakversand.ch\/?post_type=product&#038;p=199066"},"modified":"2025-09-11T13:41:30","modified_gmt":"2025-09-11T11:41:30","slug":"hash-gang-red-lebanese-42-gr","status":"publish","type":"product","link":"https:\/\/www.tabakversand.ch\/it\/prodotto\/hash-gang-red-lebanese-42-gr\/","title":{"rendered":"Hash Gang Red Lebanese 4,2 gr."},"content":{"rendered":"<p>Hash Gang Red Lebanese 4,2 gr.<\/p>\n<p>La Red Lebanese \u00e8 una delle variet\u00e0 di hashish libanese pi\u00f9 famose, nota per il suo colore rossastro. Il suo aroma vi conquister\u00e0 non appena aprirete la bustina. Ma \u00e8 solo in bocca che potrete apprezzarla appieno, poich\u00e9 \u00e8 molto piacevole da fumare e molto simile alla sua cugina ricca di THC. Un&#8217;ottima scelta che piacer\u00e0 sia agli amatori che agli intenditori.<\/p>\n<ul>\n<li>THC:&lt; 1%<\/li>\n<li>CBD:&lt; 40%<\/li>\n<\/ul>\n<p>Tutti i prezzi si applicano solo agli ordini online e sono comprensivi di IVA. Soggetto a modifiche senza preavviso, escluse le spese di spedizione. Con riserva di errori, modifiche nell&#8217;ambito di consegna e nel design, errori di stampa e variazioni di prezzo. I prezzi barrati sono prezzi sostitutivi. Le illustrazioni possono differire dall&#8217;originale\/dall&#8217;ambito di consegna.<br \/>\n*Spedizione gratuita per ordini superiori a CHF 250.-<\/p>\n","protected":false},"excerpt":{"rendered":"<p>Hash Gang Red Lebanese 4,2 gr. La Red Lebanese \u00e8 una delle variet\u00e0 di hashish libanese pi\u00f9 famose, nota per il suo colore rossastro. Il suo aroma vi conquister\u00e0 non appena aprirete la bustina. Ma \u00e8 solo in bocca che potrete apprezzarla appieno, poich\u00e9 \u00e8 molto piacevole da fumare e molto simile alla sua cugina [&hellip;]<\/p>\n","protected":false},"featured_media":199070,"template":"","meta":[],"product_brand":[],"product_cat":[2100,2004,3220],"product_tag":[],"class_list":{"0":"post-199066","1":"product","2":"type-product","3":"status-publish","4":"has-post-thumbnail","6":"product_cat-canapa-cbd","7":"product_cat-diverso-headshop","8":"product_cat-negozio-di-teste","10":"first","11":"onbackorder","12":"purchasable","13":"product-type-simple"},"yoast_head":"<!-- This site is optimized with the Yoast SEO plugin v27.0 - https:\/\/yoast.com\/product\/yoast-seo-wordpress\/ -->\n<title>Hash Gang Red Lebanese 4,2 gr. - Tabakversand.ch | Alles aus der Welt des Tabaks<\/title>\n<meta name=\"description\" content=\"Hash Gang Red Lebanese 4,2 gr. | Un&#039;ampia scelta di prodotti del tabacco, sigarette elettroniche e accessori per fumatori in tutta la Svizzera | Carte accettate!\" \/>\n<meta name=\"robots\" content=\"index, follow, max-snippet:-1, max-image-preview:large, max-video-preview:-1\" \/>\n<link rel=\"canonical\" href=\"https:\/\/www.tabakversand.ch\/prodotto\/hash-gang-red-lebanese-4-2-gr\/\" \/>\n<meta property=\"og:locale\" content=\"it_IT\" \/>\n<meta property=\"og:type\" content=\"article\" \/>\n<meta property=\"og:title\" content=\"Hash Gang Red Lebanese 4,2 gr. - Tabakversand.ch | Alles aus der Welt des Tabaks\" \/>\n<meta property=\"og:description\" content=\"Hash Gang Red Lebanese 4,2 gr. | Un&#039;ampia scelta di prodotti del tabacco, sigarette elettroniche e accessori per fumatori in tutta la Svizzera | Carte accettate!\" \/>\n<meta property=\"og:url\" content=\"https:\/\/www.tabakversand.ch\/prodotto\/hash-gang-red-lebanese-4-2-gr\/\" \/>\n<meta property=\"og:site_name\" content=\"Tabakversand.ch | Alles aus der Welt des Tabaks\" \/>\n<meta property=\"article:modified_time\" content=\"2025-09-11T11:41:30+00:00\" \/>\n<meta property=\"og:image\" content=\"https:\/\/www.tabakversand.ch\/wp-content\/uploads\/2025\/09\/hg-red-lebanese.jpg\" \/>\n\t<meta property=\"og:image:width\" content=\"500\" \/>\n\t<meta property=\"og:image:height\" content=\"500\" \/>\n\t<meta property=\"og:image:type\" content=\"image\/jpeg\" \/>\n<meta name=\"twitter:card\" content=\"summary_large_image\" \/>\n<meta name=\"twitter:label1\" content=\"Tempo di lettura stimato\" \/>\n\t<meta name=\"twitter:data1\" content=\"1 minuto\" \/>\n<script type=\"application\/ld+json\" class=\"yoast-schema-graph\">{\"@context\":\"https:\/\/schema.org\",\"@graph\":[{\"@type\":\"WebPage\",\"@id\":\"https:\/\/www.tabakversand.ch\/prodotto\/hash-gang-red-lebanese-4-2-gr\/\",\"url\":\"https:\/\/www.tabakversand.ch\/prodotto\/hash-gang-red-lebanese-4-2-gr\/\",\"name\":\"Hash Gang Red Lebanese 4,2 gr. - Tabakversand.ch | Alles aus der Welt des Tabaks\",\"isPartOf\":{\"@id\":\"https:\/\/www.tabakversand.ch\/#website\"},\"primaryImageOfPage\":{\"@id\":\"https:\/\/www.tabakversand.ch\/prodotto\/hash-gang-red-lebanese-4-2-gr\/#primaryimage\"},\"image\":{\"@id\":\"https:\/\/www.tabakversand.ch\/prodotto\/hash-gang-red-lebanese-4-2-gr\/#primaryimage\"},\"thumbnailUrl\":\"https:\/\/www.tabakversand.ch\/wp-content\/uploads\/2025\/09\/hg-red-lebanese.jpg\",\"datePublished\":\"2025-09-11T11:30:43+00:00\",\"dateModified\":\"2025-09-11T11:41:30+00:00\",\"description\":\"Hash Gang Red Lebanese 4,2 gr. | Un'ampia scelta di prodotti del tabacco, sigarette elettroniche e accessori per fumatori in tutta la Svizzera | Carte accettate!\",\"breadcrumb\":{\"@id\":\"https:\/\/www.tabakversand.ch\/prodotto\/hash-gang-red-lebanese-4-2-gr\/#breadcrumb\"},\"inLanguage\":\"it-IT\",\"potentialAction\":[{\"@type\":\"ReadAction\",\"target\":[\"https:\/\/www.tabakversand.ch\/prodotto\/hash-gang-red-lebanese-4-2-gr\/\"]}]},{\"@type\":\"ImageObject\",\"inLanguage\":\"it-IT\",\"@id\":\"https:\/\/www.tabakversand.ch\/prodotto\/hash-gang-red-lebanese-4-2-gr\/#primaryimage\",\"url\":\"https:\/\/www.tabakversand.ch\/wp-content\/uploads\/2025\/09\/hg-red-lebanese.jpg\",\"contentUrl\":\"https:\/\/www.tabakversand.ch\/wp-content\/uploads\/2025\/09\/hg-red-lebanese.jpg\",\"width\":500,\"height\":500,\"caption\":\"Hash Gang Red Lebanese 4,2 gr. | tabakversand.ch\"},{\"@type\":\"BreadcrumbList\",\"@id\":\"https:\/\/www.tabakversand.ch\/prodotto\/hash-gang-red-lebanese-4-2-gr\/#breadcrumb\",\"itemListElement\":[{\"@type\":\"ListItem\",\"position\":1,\"name\":\"Startseite\",\"item\":\"https:\/\/www.tabakversand.ch\/\"},{\"@type\":\"ListItem\",\"position\":2,\"name\":\"Negozio\",\"item\":\"https:\/\/www.tabakversand.ch\/it\/negozio\/\"},{\"@type\":\"ListItem\",\"position\":3,\"name\":\"Hash Gang Red Lebanese 4,2 gr.\"}]},{\"@type\":\"WebSite\",\"@id\":\"https:\/\/www.tabakversand.ch\/#website\",\"url\":\"https:\/\/www.tabakversand.ch\/\",\"name\":\"Tabakversand.ch | Alles aus der Welt des Tabaks\",\"description\":\"Smoke and carpe diem\",\"potentialAction\":[{\"@type\":\"SearchAction\",\"target\":{\"@type\":\"EntryPoint\",\"urlTemplate\":\"https:\/\/www.tabakversand.ch\/?s={search_term_string}\"},\"query-input\":{\"@type\":\"PropertyValueSpecification\",\"valueRequired\":true,\"valueName\":\"search_term_string\"}}],\"inLanguage\":\"it-IT\"}]}<\/script>\n<!-- \/ Yoast SEO plugin. -->","yoast_head_json":{"title":"Hash Gang Red Lebanese 4,2 gr. - Tabakversand.ch | Alles aus der Welt des Tabaks","description":"Hash Gang Red Lebanese 4,2 gr. | Un'ampia scelta di prodotti del tabacco, sigarette elettroniche e accessori per fumatori in tutta la Svizzera | Carte accettate!","robots":{"index":"index","follow":"follow","max-snippet":"max-snippet:-1","max-image-preview":"max-image-preview:large","max-video-preview":"max-video-preview:-1"},"canonical":"https:\/\/www.tabakversand.ch\/prodotto\/hash-gang-red-lebanese-4-2-gr\/","og_locale":"it_IT","og_type":"article","og_title":"Hash Gang Red Lebanese 4,2 gr. - Tabakversand.ch | Alles aus der Welt des Tabaks","og_description":"Hash Gang Red Lebanese 4,2 gr. | Un'ampia scelta di prodotti del tabacco, sigarette elettroniche e accessori per fumatori in tutta la Svizzera | Carte accettate!","og_url":"https:\/\/www.tabakversand.ch\/prodotto\/hash-gang-red-lebanese-4-2-gr\/","og_site_name":"Tabakversand.ch | Alles aus der Welt des Tabaks","article_modified_time":"2025-09-11T11:41:30+00:00","og_image":[{"width":500,"height":500,"url":"https:\/\/www.tabakversand.ch\/wp-content\/uploads\/2025\/09\/hg-red-lebanese.jpg","type":"image\/jpeg"}],"twitter_card":"summary_large_image","twitter_misc":{"Tempo di lettura stimato":"1 minuto"},"schema":{"@context":"https:\/\/schema.org","@graph":[{"@type":"WebPage","@id":"https:\/\/www.tabakversand.ch\/prodotto\/hash-gang-red-lebanese-4-2-gr\/","url":"https:\/\/www.tabakversand.ch\/prodotto\/hash-gang-red-lebanese-4-2-gr\/","name":"Hash Gang Red Lebanese 4,2 gr. - Tabakversand.ch | Alles aus der Welt des Tabaks","isPartOf":{"@id":"https:\/\/www.tabakversand.ch\/#website"},"primaryImageOfPage":{"@id":"https:\/\/www.tabakversand.ch\/prodotto\/hash-gang-red-lebanese-4-2-gr\/#primaryimage"},"image":{"@id":"https:\/\/www.tabakversand.ch\/prodotto\/hash-gang-red-lebanese-4-2-gr\/#primaryimage"},"thumbnailUrl":"https:\/\/www.tabakversand.ch\/wp-content\/uploads\/2025\/09\/hg-red-lebanese.jpg","datePublished":"2025-09-11T11:30:43+00:00","dateModified":"2025-09-11T11:41:30+00:00","description":"Hash Gang Red Lebanese 4,2 gr. | Un'ampia scelta di prodotti del tabacco, sigarette elettroniche e accessori per fumatori in tutta la Svizzera | Carte accettate!","breadcrumb":{"@id":"https:\/\/www.tabakversand.ch\/prodotto\/hash-gang-red-lebanese-4-2-gr\/#breadcrumb"},"inLanguage":"it-IT","potentialAction":[{"@type":"ReadAction","target":["https:\/\/www.tabakversand.ch\/prodotto\/hash-gang-red-lebanese-4-2-gr\/"]}]},{"@type":"ImageObject","inLanguage":"it-IT","@id":"https:\/\/www.tabakversand.ch\/prodotto\/hash-gang-red-lebanese-4-2-gr\/#primaryimage","url":"https:\/\/www.tabakversand.ch\/wp-content\/uploads\/2025\/09\/hg-red-lebanese.jpg","contentUrl":"https:\/\/www.tabakversand.ch\/wp-content\/uploads\/2025\/09\/hg-red-lebanese.jpg","width":500,"height":500,"caption":"Hash Gang Red Lebanese 4,2 gr. | tabakversand.ch"},{"@type":"BreadcrumbList","@id":"https:\/\/www.tabakversand.ch\/prodotto\/hash-gang-red-lebanese-4-2-gr\/#breadcrumb","itemListElement":[{"@type":"ListItem","position":1,"name":"Startseite","item":"https:\/\/www.tabakversand.ch\/"},{"@type":"ListItem","position":2,"name":"Negozio","item":"https:\/\/www.tabakversand.ch\/it\/negozio\/"},{"@type":"ListItem","position":3,"name":"Hash Gang Red Lebanese 4,2 gr."}]},{"@type":"WebSite","@id":"https:\/\/www.tabakversand.ch\/#website","url":"https:\/\/www.tabakversand.ch\/","name":"Tabakversand.ch | Alles aus der Welt des Tabaks","description":"Smoke and carpe diem","potentialAction":[{"@type":"SearchAction","target":{"@type":"EntryPoint","urlTemplate":"https:\/\/www.tabakversand.ch\/?s={search_term_string}"},"query-input":{"@type":"PropertyValueSpecification","valueRequired":true,"valueName":"search_term_string"}}],"inLanguage":"it-IT"}]}},"_links":{"self":[{"href":"https:\/\/www.tabakversand.ch\/it\/wp-json\/wp\/v2\/product\/199066","targetHints":{"allow":["GET"]}}],"collection":[{"href":"https:\/\/www.tabakversand.ch\/it\/wp-json\/wp\/v2\/product"}],"about":[{"href":"https:\/\/www.tabakversand.ch\/it\/wp-json\/wp\/v2\/types\/product"}],"version-history":[{"count":3,"href":"https:\/\/www.tabakversand.ch\/it\/wp-json\/wp\/v2\/product\/199066\/revisions"}],"predecessor-version":[{"id":199088,"href":"https:\/\/www.tabakversand.ch\/it\/wp-json\/wp\/v2\/product\/199066\/revisions\/199088"}],"wp:featuredmedia":[{"embeddable":true,"href":"https:\/\/www.tabakversand.ch\/it\/wp-json\/wp\/v2\/media\/199070"}],"wp:attachment":[{"href":"https:\/\/www.tabakversand.ch\/it\/wp-json\/wp\/v2\/media?parent=199066"}],"wp:term":[{"taxonomy":"product_brand","embeddable":true,"href":"https:\/\/www.tabakversand.ch\/it\/wp-json\/wp\/v2\/product_brand?post=199066"},{"taxonomy":"product_cat","embeddable":true,"href":"https:\/\/www.tabakversand.ch\/it\/wp-json\/wp\/v2\/product_cat?post=199066"},{"taxonomy":"product_tag","embeddable":true,"href":"https:\/\/www.tabakversand.ch\/it\/wp-json\/wp\/v2\/product_tag?post=199066"}],"curies":[{"name":"wp","href":"https:\/\/api.w.org\/{rel}","templated":true}]}}