{"id":199855,"date":"2025-09-15T15:27:37","date_gmt":"2025-09-15T13:27:37","guid":{"rendered":"https:\/\/www.tabakversand.ch\/?post_type=product&#038;p=199855"},"modified":"2026-03-05T13:26:37","modified_gmt":"2026-03-05T12:26:37","slug":"protezione-dal-vento-per-shisha","status":"publish","type":"product","link":"https:\/\/www.tabakversand.ch\/it\/prodotto\/protezione-dal-vento-per-shisha\/","title":{"rendered":"Protezione dal vento per shisha"},"content":{"rendered":"<h1>Protezione dal vento per shisha<\/h1>\n<p>Paravento in acciaio inossidabile per narghil\u00e8: calore perfetto per la tua sessione di narghil\u00e8<\/p>\n<p>Con questo paravento in acciaio inox per il tuo narghil\u00e8, otterrai il massimo dalla tua sessione. Il pratico paravento protegge in modo affidabile i carboni dal vento e garantisce una distribuzione uniforme del calore, consentendo al tabacco di sviluppare appieno il suo aroma. <\/p>\n<p>Soprattutto quando si fuma all&#8217;aperto o in presenza di correnti d&#8217;aria, la protezione antivento impedisce ai carboni di raffreddarsi troppo rapidamente o di formare scintille. Questo mantiene il calore costante e garantisce che il narghil\u00e8 offra un&#8217;esperienza di fumo intensa e uniforme. <\/p>\n<p>L&#8217;acciaio inossidabile di alta qualit\u00e0 rende il parabrezza particolarmente robusto, durevole e resistente al calore. Allo stesso tempo, il suo design semplice e moderno garantisce la perfetta compatibilit\u00e0 con quasi tutti i narghil\u00e8. <\/p>\n<p>Con un&#8217;altezza di 13,5 cm e un diametro di 8 cm, il paravento \u00e8 ideale per molte teste e configurazioni di narghil\u00e8 comuni.<\/p>\n<p>Con il paravento in acciaio inox per narghil\u00e8 puoi goderti il \u200b\u200btuo narghil\u00e8 in modo pi\u00f9 rilassato ed efficiente, sia all&#8217;interno che all&#8217;esterno.<\/p>\n<p>Su tabakversand.ch riceverai il tuo filtro antivento per narghil\u00e8 ben conservato e nella sua confezione originale. Una conservazione accurata garantisce una qualit\u00e0 ottimale fino alla spedizione. Grazie alla consegna rapida in Svizzera, il tuo narghil\u00e8\/pipa ad acqua arriver\u00e0 solitamente molto rapidamente.  <\/p>\n<p>Per maggiori informazioni su shisha\/pipe ad acqua, visita la voce corrispondente su Wikipedia: <a href=\"https:\/\/de.wikipedia.org\/wiki\/Shisha\">clicca qui<\/a> . Per qualsiasi domanda sul prodotto, non esitare a contattarci: <a href=\"https:\/\/www.tabakversand.ch\/kontakt\/\">clicca qui<\/a> . <\/p>\n<p>&nbsp;<\/p>\n<p style=\"text-align: left;\">Tutti i prezzi si applicano solo agli ordini online e sono comprensivi di IVA. Soggetto a modifiche senza preavviso, escluse le spese di spedizione. Con riserva di errori, modifiche nell&#8217;ambito di consegna e nel design, errori di stampa e variazioni di prezzo. I prezzi barrati sono prezzi sostitutivi. Le illustrazioni possono differire dall&#8217;originale\/dall&#8217;ambito di consegna.<br \/>\n*Spedizione gratuita per ordini superiori a CHF 250.-.<\/p>\n","protected":false},"excerpt":{"rendered":"<p>Protezione dal vento per shisha Paravento in acciaio inossidabile per narghil\u00e8: calore perfetto per la tua sessione di narghil\u00e8 Con questo paravento in acciaio inox per il tuo narghil\u00e8, otterrai il massimo dalla tua sessione. Il pratico paravento protegge in modo affidabile i carboni dal vento e garantisce una distribuzione uniforme del calore, consentendo al [&hellip;]<\/p>\n","protected":false},"featured_media":199859,"template":"","meta":[],"product_brand":[],"product_cat":[1892,4556,2110],"product_tag":[],"class_list":{"0":"post-199855","1":"product","2":"type-product","3":"status-publish","4":"has-post-thumbnail","6":"product_cat-narghile","7":"product_cat-protezione-dal-vento","8":"product_cat-shisha-accessori","10":"first","11":"instock","12":"purchasable","13":"product-type-simple"},"yoast_head":"<!-- This site is optimized with the Yoast SEO plugin v27.0 - https:\/\/yoast.com\/product\/yoast-seo-wordpress\/ -->\n<title>Protezione dal vento per shisha - Tabakversand.ch | Alles aus der Welt des Tabaks<\/title>\n<meta name=\"description\" content=\"Acquista un paravento in acciaio inossidabile per narghil\u00e8: protegge i carboni dal vento, garantisce una distribuzione uniforme del calore e regala un&#039;esperienza di fumo intensa. Ordinalo subito online!\" \/>\n<meta name=\"robots\" content=\"index, follow, max-snippet:-1, max-image-preview:large, max-video-preview:-1\" \/>\n<link rel=\"canonical\" href=\"https:\/\/www.tabakversand.ch\/it\/prodotto\/protezione-dal-vento-per-shisha\/\" \/>\n<meta property=\"og:locale\" content=\"it_IT\" \/>\n<meta property=\"og:type\" content=\"article\" \/>\n<meta property=\"og:title\" content=\"Protezione dal vento per shisha - Tabakversand.ch | Alles aus der Welt des Tabaks\" \/>\n<meta property=\"og:description\" content=\"Acquista un paravento in acciaio inossidabile per narghil\u00e8: protegge i carboni dal vento, garantisce una distribuzione uniforme del calore e regala un&#039;esperienza di fumo intensa. Ordinalo subito online!\" \/>\n<meta property=\"og:url\" content=\"https:\/\/www.tabakversand.ch\/it\/prodotto\/protezione-dal-vento-per-shisha\/\" \/>\n<meta property=\"og:site_name\" content=\"Tabakversand.ch | Alles aus der Welt des Tabaks\" \/>\n<meta property=\"article:modified_time\" content=\"2026-03-05T12:26:37+00:00\" \/>\n<meta property=\"og:image\" content=\"https:\/\/www.tabakversand.ch\/wp-content\/uploads\/2025\/09\/windschutz.jpg\" \/>\n\t<meta property=\"og:image:width\" content=\"501\" \/>\n\t<meta property=\"og:image:height\" content=\"500\" \/>\n\t<meta property=\"og:image:type\" content=\"image\/jpeg\" \/>\n<meta name=\"twitter:card\" content=\"summary_large_image\" \/>\n<meta name=\"twitter:label1\" content=\"Tempo di lettura stimato\" \/>\n\t<meta name=\"twitter:data1\" content=\"1 minuto\" \/>\n<script type=\"application\/ld+json\" class=\"yoast-schema-graph\">{\"@context\":\"https:\/\/schema.org\",\"@graph\":[{\"@type\":\"WebPage\",\"@id\":\"https:\/\/www.tabakversand.ch\/it\/prodotto\/protezione-dal-vento-per-shisha\/\",\"url\":\"https:\/\/www.tabakversand.ch\/it\/prodotto\/protezione-dal-vento-per-shisha\/\",\"name\":\"Protezione dal vento per shisha - Tabakversand.ch | Alles aus der Welt des Tabaks\",\"isPartOf\":{\"@id\":\"https:\/\/www.tabakversand.ch\/#website\"},\"primaryImageOfPage\":{\"@id\":\"https:\/\/www.tabakversand.ch\/it\/prodotto\/protezione-dal-vento-per-shisha\/#primaryimage\"},\"image\":{\"@id\":\"https:\/\/www.tabakversand.ch\/it\/prodotto\/protezione-dal-vento-per-shisha\/#primaryimage\"},\"thumbnailUrl\":\"https:\/\/www.tabakversand.ch\/wp-content\/uploads\/2025\/09\/windschutz.jpg\",\"datePublished\":\"2025-09-15T13:27:37+00:00\",\"dateModified\":\"2026-03-05T12:26:37+00:00\",\"description\":\"Acquista un paravento in acciaio inossidabile per narghil\u00e8: protegge i carboni dal vento, garantisce una distribuzione uniforme del calore e regala un'esperienza di fumo intensa. Ordinalo subito online!\",\"breadcrumb\":{\"@id\":\"https:\/\/www.tabakversand.ch\/it\/prodotto\/protezione-dal-vento-per-shisha\/#breadcrumb\"},\"inLanguage\":\"it-IT\",\"potentialAction\":[{\"@type\":\"ReadAction\",\"target\":[\"https:\/\/www.tabakversand.ch\/it\/prodotto\/protezione-dal-vento-per-shisha\/\"]}]},{\"@type\":\"ImageObject\",\"inLanguage\":\"it-IT\",\"@id\":\"https:\/\/www.tabakversand.ch\/it\/prodotto\/protezione-dal-vento-per-shisha\/#primaryimage\",\"url\":\"https:\/\/www.tabakversand.ch\/wp-content\/uploads\/2025\/09\/windschutz.jpg\",\"contentUrl\":\"https:\/\/www.tabakversand.ch\/wp-content\/uploads\/2025\/09\/windschutz.jpg\",\"width\":501,\"height\":500,\"caption\":\"Parabrezza per shisha | tabakversand.ch\"},{\"@type\":\"BreadcrumbList\",\"@id\":\"https:\/\/www.tabakversand.ch\/it\/prodotto\/protezione-dal-vento-per-shisha\/#breadcrumb\",\"itemListElement\":[{\"@type\":\"ListItem\",\"position\":1,\"name\":\"Startseite\",\"item\":\"https:\/\/www.tabakversand.ch\/\"},{\"@type\":\"ListItem\",\"position\":2,\"name\":\"Negozio\",\"item\":\"https:\/\/www.tabakversand.ch\/it\/negozio\/\"},{\"@type\":\"ListItem\",\"position\":3,\"name\":\"Protezione dal vento per shisha\"}]},{\"@type\":\"WebSite\",\"@id\":\"https:\/\/www.tabakversand.ch\/#website\",\"url\":\"https:\/\/www.tabakversand.ch\/\",\"name\":\"Tabakversand.ch | Alles aus der Welt des Tabaks\",\"description\":\"Smoke and carpe diem\",\"potentialAction\":[{\"@type\":\"SearchAction\",\"target\":{\"@type\":\"EntryPoint\",\"urlTemplate\":\"https:\/\/www.tabakversand.ch\/?s={search_term_string}\"},\"query-input\":{\"@type\":\"PropertyValueSpecification\",\"valueRequired\":true,\"valueName\":\"search_term_string\"}}],\"inLanguage\":\"it-IT\"}]}<\/script>\n<!-- \/ Yoast SEO plugin. -->","yoast_head_json":{"title":"Protezione dal vento per shisha - Tabakversand.ch | Alles aus der Welt des Tabaks","description":"Acquista un paravento in acciaio inossidabile per narghil\u00e8: protegge i carboni dal vento, garantisce una distribuzione uniforme del calore e regala un'esperienza di fumo intensa. Ordinalo subito online!","robots":{"index":"index","follow":"follow","max-snippet":"max-snippet:-1","max-image-preview":"max-image-preview:large","max-video-preview":"max-video-preview:-1"},"canonical":"https:\/\/www.tabakversand.ch\/it\/prodotto\/protezione-dal-vento-per-shisha\/","og_locale":"it_IT","og_type":"article","og_title":"Protezione dal vento per shisha - Tabakversand.ch | Alles aus der Welt des Tabaks","og_description":"Acquista un paravento in acciaio inossidabile per narghil\u00e8: protegge i carboni dal vento, garantisce una distribuzione uniforme del calore e regala un'esperienza di fumo intensa. Ordinalo subito online!","og_url":"https:\/\/www.tabakversand.ch\/it\/prodotto\/protezione-dal-vento-per-shisha\/","og_site_name":"Tabakversand.ch | Alles aus der Welt des Tabaks","article_modified_time":"2026-03-05T12:26:37+00:00","og_image":[{"width":501,"height":500,"url":"https:\/\/www.tabakversand.ch\/wp-content\/uploads\/2025\/09\/windschutz.jpg","type":"image\/jpeg"}],"twitter_card":"summary_large_image","twitter_misc":{"Tempo di lettura stimato":"1 minuto"},"schema":{"@context":"https:\/\/schema.org","@graph":[{"@type":"WebPage","@id":"https:\/\/www.tabakversand.ch\/it\/prodotto\/protezione-dal-vento-per-shisha\/","url":"https:\/\/www.tabakversand.ch\/it\/prodotto\/protezione-dal-vento-per-shisha\/","name":"Protezione dal vento per shisha - Tabakversand.ch | Alles aus der Welt des Tabaks","isPartOf":{"@id":"https:\/\/www.tabakversand.ch\/#website"},"primaryImageOfPage":{"@id":"https:\/\/www.tabakversand.ch\/it\/prodotto\/protezione-dal-vento-per-shisha\/#primaryimage"},"image":{"@id":"https:\/\/www.tabakversand.ch\/it\/prodotto\/protezione-dal-vento-per-shisha\/#primaryimage"},"thumbnailUrl":"https:\/\/www.tabakversand.ch\/wp-content\/uploads\/2025\/09\/windschutz.jpg","datePublished":"2025-09-15T13:27:37+00:00","dateModified":"2026-03-05T12:26:37+00:00","description":"Acquista un paravento in acciaio inossidabile per narghil\u00e8: protegge i carboni dal vento, garantisce una distribuzione uniforme del calore e regala un'esperienza di fumo intensa. Ordinalo subito online!","breadcrumb":{"@id":"https:\/\/www.tabakversand.ch\/it\/prodotto\/protezione-dal-vento-per-shisha\/#breadcrumb"},"inLanguage":"it-IT","potentialAction":[{"@type":"ReadAction","target":["https:\/\/www.tabakversand.ch\/it\/prodotto\/protezione-dal-vento-per-shisha\/"]}]},{"@type":"ImageObject","inLanguage":"it-IT","@id":"https:\/\/www.tabakversand.ch\/it\/prodotto\/protezione-dal-vento-per-shisha\/#primaryimage","url":"https:\/\/www.tabakversand.ch\/wp-content\/uploads\/2025\/09\/windschutz.jpg","contentUrl":"https:\/\/www.tabakversand.ch\/wp-content\/uploads\/2025\/09\/windschutz.jpg","width":501,"height":500,"caption":"Parabrezza per shisha | tabakversand.ch"},{"@type":"BreadcrumbList","@id":"https:\/\/www.tabakversand.ch\/it\/prodotto\/protezione-dal-vento-per-shisha\/#breadcrumb","itemListElement":[{"@type":"ListItem","position":1,"name":"Startseite","item":"https:\/\/www.tabakversand.ch\/"},{"@type":"ListItem","position":2,"name":"Negozio","item":"https:\/\/www.tabakversand.ch\/it\/negozio\/"},{"@type":"ListItem","position":3,"name":"Protezione dal vento per shisha"}]},{"@type":"WebSite","@id":"https:\/\/www.tabakversand.ch\/#website","url":"https:\/\/www.tabakversand.ch\/","name":"Tabakversand.ch | Alles aus der Welt des Tabaks","description":"Smoke and carpe diem","potentialAction":[{"@type":"SearchAction","target":{"@type":"EntryPoint","urlTemplate":"https:\/\/www.tabakversand.ch\/?s={search_term_string}"},"query-input":{"@type":"PropertyValueSpecification","valueRequired":true,"valueName":"search_term_string"}}],"inLanguage":"it-IT"}]}},"_links":{"self":[{"href":"https:\/\/www.tabakversand.ch\/it\/wp-json\/wp\/v2\/product\/199855","targetHints":{"allow":["GET"]}}],"collection":[{"href":"https:\/\/www.tabakversand.ch\/it\/wp-json\/wp\/v2\/product"}],"about":[{"href":"https:\/\/www.tabakversand.ch\/it\/wp-json\/wp\/v2\/types\/product"}],"version-history":[{"count":4,"href":"https:\/\/www.tabakversand.ch\/it\/wp-json\/wp\/v2\/product\/199855\/revisions"}],"predecessor-version":[{"id":214225,"href":"https:\/\/www.tabakversand.ch\/it\/wp-json\/wp\/v2\/product\/199855\/revisions\/214225"}],"wp:featuredmedia":[{"embeddable":true,"href":"https:\/\/www.tabakversand.ch\/it\/wp-json\/wp\/v2\/media\/199859"}],"wp:attachment":[{"href":"https:\/\/www.tabakversand.ch\/it\/wp-json\/wp\/v2\/media?parent=199855"}],"wp:term":[{"taxonomy":"product_brand","embeddable":true,"href":"https:\/\/www.tabakversand.ch\/it\/wp-json\/wp\/v2\/product_brand?post=199855"},{"taxonomy":"product_cat","embeddable":true,"href":"https:\/\/www.tabakversand.ch\/it\/wp-json\/wp\/v2\/product_cat?post=199855"},{"taxonomy":"product_tag","embeddable":true,"href":"https:\/\/www.tabakversand.ch\/it\/wp-json\/wp\/v2\/product_tag?post=199855"}],"curies":[{"name":"wp","href":"https:\/\/api.w.org\/{rel}","templated":true}]}}