{"id":200522,"date":"2025-09-18T15:21:09","date_gmt":"2025-09-18T13:21:09","guid":{"rendered":"https:\/\/www.tabakversand.ch\/?post_type=product&#038;p=200522"},"modified":"2026-04-09T16:58:07","modified_gmt":"2026-04-09T14:58:07","slug":"borsa-per-giunti-kavatza-advanced-buckeroo-marrone-pws05","status":"publish","type":"product","link":"https:\/\/www.tabakversand.ch\/it\/prodotto\/borsa-per-giunti-kavatza-advanced-buckeroo-marrone-pws05\/","title":{"rendered":"Borsa per giunti Kavatza Advanced &#8216;Buckeroo&#8217; Marrone PWS05"},"content":{"rendered":"<p>Borsa per articolazioni Kavatza &#8216;Ethnic Advanced&#8217; Marrone PS12<\/p>\n<p>Questa borsa ha il dono delle sigarette king size e delle idee king size. Portala ovunque tu voglia. Con un clic appagante, il pulsante a scatto si apre, rivelando il meccanismo interno. E con esso, i ricordi delle serate passate, la promessa del qui e ora. Non importa cosa stia succedendo intorno a te, il momento \u00e8 tutto ci\u00f2 che conta. Il tuo momento Kavatza originale con la tua borsa per spinelli &#8220;Buckeroo Advanced&#8221;.     <\/p>\n<p>La borsa porta-spinelli &#8220;Buckeroo Advanced&#8221; tascabile con luce LED e pelle marrone con motivo paisley in rilievo \u00e8 intramontabile, resistente e versatile. \u00c8 perfetta per il classico rollatore ed \u00e8 anche un regalo unico. La borsa porta-spinelli con porta-cartine offre spazio per cartine, filtri e cannabis, ed \u00e8 dotata di chiusura a scatto. Ogni cosa ha il suo posto, \u00e8 ben studiata e hai tutto a portata di mano.   <\/p>\n<p>Caratteristiche:<\/p>\n<ul>\n<li>Ideale per gli spostamenti<\/li>\n<li>Pratico e maneggevole: per chi usa tabacco trinciato fine per rollare<\/li>\n<li>Vera pelle di qualit\u00e0<\/li>\n<li>Chiusura a scatto per una chiusura sicura<\/li>\n<li>La pelle come riserva naturale di umidit\u00e0<\/li>\n<li>Lavorazione di alta qualit\u00e0<\/li>\n<li>Dalla preparazione all&#8217;illuminazione: tutto in un sistema chiuso<\/li>\n<li>Pronto per l&#8217;uso ovunque, basta posizionarlo su una gamba o un tavolo e girarlo<\/li>\n<\/ul>\n<p>Ecco cosa c&#8217;\u00e8 dentro:<\/p>\n<ul>\n<li>Due tasche interne per cannabis, tabacco, filtri, accendino, ecc.<\/li>\n<li>Cerniera antiodore sullo scomparto per tabacco o cannabis<\/li>\n<li>Portacarte King Size<\/li>\n<li>Base in legno con alette magnetiche per fissare la carta<\/li>\n<li>Luci LED sul vassoio rotante<\/li>\n<li>Tappo (fissato con elastico)<\/li>\n<li>Posacenere tascabile antiodore<\/li>\n<li>Sacchetto per cannabis antiodore<\/li>\n<li>premere il pulsante<\/li>\n<li>Catena multifunzionale<\/li>\n<\/ul>\n<p>Sia per lui che per lei, indossa la tua borsa porta-sigarette come preferisci: nella tasca dei pantaloni, fissata alla cintura con la catena o direttamente alla cintura con le due linguette in TYVEK della catena. <\/p>\n<p>Lasciati trasportare, unisciti a lui&#8230;<\/p>\n<p>Tutti i prezzi sono validi solo per gli ordini online e includono l&#8217;IVA, sono soggetti a modifiche senza preavviso e non includono le spese di spedizione.   Con riserva di errori, modifiche nella fornitura e nella progettazione, errori di stampa e modifiche dei prezzi. I prezzi barrati sono invece prezzi. L&#8217;immagine pu\u00f2 differire dall&#8217;originale\/dalla fornitura.<br \/>\n*Spedizione gratuita per ordini superiori a CHF 250.-.<\/p>\n","protected":false},"excerpt":{"rendered":"<p>Borsa per articolazioni Kavatza &#8216;Ethnic Advanced&#8217; Marrone PS12 Questa borsa ha il dono delle sigarette king size e delle idee king size. Portala ovunque tu voglia. Con un clic appagante, il pulsante a scatto si apre, rivelando il meccanismo interno. E con esso, i ricordi delle serate passate, la promessa del qui e ora. Non [&hellip;]<\/p>\n","protected":false},"featured_media":200526,"template":"","meta":[],"product_brand":[5773],"product_cat":[2004,3220,4572],"product_tag":[],"class_list":{"0":"post-200522","1":"product","2":"type-product","3":"status-publish","4":"has-post-thumbnail","6":"product_brand-kavatza","7":"product_cat-diverso-headshop","8":"product_cat-negozio-di-teste","9":"product_cat-sacchetto-per-le-articolazioni","11":"first","12":"onbackorder","13":"purchasable","14":"product-type-simple"},"yoast_head":"<!-- This site is optimized with the Yoast SEO plugin v27.0 - https:\/\/yoast.com\/product\/yoast-seo-wordpress\/ -->\n<title>Borsa per giunti Kavatza Advanced &#039;Buckeroo&#039; Marrone PWS05 - Tabakversand.ch | Alles aus der Welt des Tabaks<\/title>\n<meta name=\"description\" content=\"Kavatza Joint Bag Advanced &#039;Buckeroo&#039; Marrone PWS05 | Una selezione di prima qualit\u00e0 di prodotti del tabacco, e-smoke e accessori per fumatori in tutta la Svizzera | Carte accettate!\" \/>\n<meta name=\"robots\" content=\"index, follow, max-snippet:-1, max-image-preview:large, max-video-preview:-1\" \/>\n<link rel=\"canonical\" href=\"https:\/\/www.tabakversand.ch\/it\/prodotto\/borsa-per-giunti-kavatza-advanced-buckeroo-marrone-pws05\/\" \/>\n<meta property=\"og:locale\" content=\"it_IT\" \/>\n<meta property=\"og:type\" content=\"article\" \/>\n<meta property=\"og:title\" content=\"Borsa per giunti Kavatza Advanced &#039;Buckeroo&#039; Marrone PWS05 - Tabakversand.ch | Alles aus der Welt des Tabaks\" \/>\n<meta property=\"og:description\" content=\"Kavatza Joint Bag Advanced &#039;Buckeroo&#039; Marrone PWS05 | Una selezione di prima qualit\u00e0 di prodotti del tabacco, e-smoke e accessori per fumatori in tutta la Svizzera | Carte accettate!\" \/>\n<meta property=\"og:url\" content=\"https:\/\/www.tabakversand.ch\/it\/prodotto\/borsa-per-giunti-kavatza-advanced-buckeroo-marrone-pws05\/\" \/>\n<meta property=\"og:site_name\" content=\"Tabakversand.ch | Alles aus der Welt des Tabaks\" \/>\n<meta property=\"article:modified_time\" content=\"2026-04-09T14:58:07+00:00\" \/>\n<meta property=\"og:image\" content=\"https:\/\/www.tabakversand.ch\/wp-content\/uploads\/2025\/09\/kavatza-joint-tasche-dvanced-buckeroo-brown-pws05.jpg\" \/>\n\t<meta property=\"og:image:width\" content=\"500\" \/>\n\t<meta property=\"og:image:height\" content=\"500\" \/>\n\t<meta property=\"og:image:type\" content=\"image\/jpeg\" \/>\n<meta name=\"twitter:card\" content=\"summary_large_image\" \/>\n<meta name=\"twitter:label1\" content=\"Tempo di lettura stimato\" \/>\n\t<meta name=\"twitter:data1\" content=\"3 minuti\" \/>\n<script type=\"application\/ld+json\" class=\"yoast-schema-graph\">{\"@context\":\"https:\/\/schema.org\",\"@graph\":[{\"@type\":\"WebPage\",\"@id\":\"https:\/\/www.tabakversand.ch\/it\/prodotto\/borsa-per-giunti-kavatza-advanced-buckeroo-marrone-pws05\/\",\"url\":\"https:\/\/www.tabakversand.ch\/it\/prodotto\/borsa-per-giunti-kavatza-advanced-buckeroo-marrone-pws05\/\",\"name\":\"Borsa per giunti Kavatza Advanced 'Buckeroo' Marrone PWS05 - Tabakversand.ch | Alles aus der Welt des Tabaks\",\"isPartOf\":{\"@id\":\"https:\/\/www.tabakversand.ch\/#website\"},\"primaryImageOfPage\":{\"@id\":\"https:\/\/www.tabakversand.ch\/it\/prodotto\/borsa-per-giunti-kavatza-advanced-buckeroo-marrone-pws05\/#primaryimage\"},\"image\":{\"@id\":\"https:\/\/www.tabakversand.ch\/it\/prodotto\/borsa-per-giunti-kavatza-advanced-buckeroo-marrone-pws05\/#primaryimage\"},\"thumbnailUrl\":\"https:\/\/www.tabakversand.ch\/wp-content\/uploads\/2025\/09\/kavatza-joint-tasche-dvanced-buckeroo-brown-pws05.jpg\",\"datePublished\":\"2025-09-18T13:21:09+00:00\",\"dateModified\":\"2026-04-09T14:58:07+00:00\",\"description\":\"Kavatza Joint Bag Advanced 'Buckeroo' Marrone PWS05 | Una selezione di prima qualit\u00e0 di prodotti del tabacco, e-smoke e accessori per fumatori in tutta la Svizzera | Carte accettate!\",\"breadcrumb\":{\"@id\":\"https:\/\/www.tabakversand.ch\/it\/prodotto\/borsa-per-giunti-kavatza-advanced-buckeroo-marrone-pws05\/#breadcrumb\"},\"inLanguage\":\"it-IT\",\"potentialAction\":[{\"@type\":\"ReadAction\",\"target\":[\"https:\/\/www.tabakversand.ch\/it\/prodotto\/borsa-per-giunti-kavatza-advanced-buckeroo-marrone-pws05\/\"]}]},{\"@type\":\"ImageObject\",\"inLanguage\":\"it-IT\",\"@id\":\"https:\/\/www.tabakversand.ch\/it\/prodotto\/borsa-per-giunti-kavatza-advanced-buckeroo-marrone-pws05\/#primaryimage\",\"url\":\"https:\/\/www.tabakversand.ch\/wp-content\/uploads\/2025\/09\/kavatza-joint-tasche-dvanced-buckeroo-brown-pws05.jpg\",\"contentUrl\":\"https:\/\/www.tabakversand.ch\/wp-content\/uploads\/2025\/09\/kavatza-joint-tasche-dvanced-buckeroo-brown-pws05.jpg\",\"width\":500,\"height\":500,\"caption\":\"Kavatza Joint Bag Advanced 'Buckeroo' Brown PWS05 | tabakversand.ch\"},{\"@type\":\"BreadcrumbList\",\"@id\":\"https:\/\/www.tabakversand.ch\/it\/prodotto\/borsa-per-giunti-kavatza-advanced-buckeroo-marrone-pws05\/#breadcrumb\",\"itemListElement\":[{\"@type\":\"ListItem\",\"position\":1,\"name\":\"Startseite\",\"item\":\"https:\/\/www.tabakversand.ch\/\"},{\"@type\":\"ListItem\",\"position\":2,\"name\":\"Negozio\",\"item\":\"https:\/\/www.tabakversand.ch\/it\/negozio\/\"},{\"@type\":\"ListItem\",\"position\":3,\"name\":\"Borsa per giunti Kavatza Advanced 'Buckeroo' Marrone PWS05\"}]},{\"@type\":\"WebSite\",\"@id\":\"https:\/\/www.tabakversand.ch\/#website\",\"url\":\"https:\/\/www.tabakversand.ch\/\",\"name\":\"Tabakversand.ch | Alles aus der Welt des Tabaks\",\"description\":\"Smoke and carpe diem\",\"potentialAction\":[{\"@type\":\"SearchAction\",\"target\":{\"@type\":\"EntryPoint\",\"urlTemplate\":\"https:\/\/www.tabakversand.ch\/?s={search_term_string}\"},\"query-input\":{\"@type\":\"PropertyValueSpecification\",\"valueRequired\":true,\"valueName\":\"search_term_string\"}}],\"inLanguage\":\"it-IT\"}]}<\/script>\n<!-- \/ Yoast SEO plugin. -->","yoast_head_json":{"title":"Borsa per giunti Kavatza Advanced 'Buckeroo' Marrone PWS05 - Tabakversand.ch | Alles aus der Welt des Tabaks","description":"Kavatza Joint Bag Advanced 'Buckeroo' Marrone PWS05 | Una selezione di prima qualit\u00e0 di prodotti del tabacco, e-smoke e accessori per fumatori in tutta la Svizzera | Carte accettate!","robots":{"index":"index","follow":"follow","max-snippet":"max-snippet:-1","max-image-preview":"max-image-preview:large","max-video-preview":"max-video-preview:-1"},"canonical":"https:\/\/www.tabakversand.ch\/it\/prodotto\/borsa-per-giunti-kavatza-advanced-buckeroo-marrone-pws05\/","og_locale":"it_IT","og_type":"article","og_title":"Borsa per giunti Kavatza Advanced 'Buckeroo' Marrone PWS05 - Tabakversand.ch | Alles aus der Welt des Tabaks","og_description":"Kavatza Joint Bag Advanced 'Buckeroo' Marrone PWS05 | Una selezione di prima qualit\u00e0 di prodotti del tabacco, e-smoke e accessori per fumatori in tutta la Svizzera | Carte accettate!","og_url":"https:\/\/www.tabakversand.ch\/it\/prodotto\/borsa-per-giunti-kavatza-advanced-buckeroo-marrone-pws05\/","og_site_name":"Tabakversand.ch | Alles aus der Welt des Tabaks","article_modified_time":"2026-04-09T14:58:07+00:00","og_image":[{"width":500,"height":500,"url":"https:\/\/www.tabakversand.ch\/wp-content\/uploads\/2025\/09\/kavatza-joint-tasche-dvanced-buckeroo-brown-pws05.jpg","type":"image\/jpeg"}],"twitter_card":"summary_large_image","twitter_misc":{"Tempo di lettura stimato":"3 minuti"},"schema":{"@context":"https:\/\/schema.org","@graph":[{"@type":"WebPage","@id":"https:\/\/www.tabakversand.ch\/it\/prodotto\/borsa-per-giunti-kavatza-advanced-buckeroo-marrone-pws05\/","url":"https:\/\/www.tabakversand.ch\/it\/prodotto\/borsa-per-giunti-kavatza-advanced-buckeroo-marrone-pws05\/","name":"Borsa per giunti Kavatza Advanced 'Buckeroo' Marrone PWS05 - Tabakversand.ch | Alles aus der Welt des Tabaks","isPartOf":{"@id":"https:\/\/www.tabakversand.ch\/#website"},"primaryImageOfPage":{"@id":"https:\/\/www.tabakversand.ch\/it\/prodotto\/borsa-per-giunti-kavatza-advanced-buckeroo-marrone-pws05\/#primaryimage"},"image":{"@id":"https:\/\/www.tabakversand.ch\/it\/prodotto\/borsa-per-giunti-kavatza-advanced-buckeroo-marrone-pws05\/#primaryimage"},"thumbnailUrl":"https:\/\/www.tabakversand.ch\/wp-content\/uploads\/2025\/09\/kavatza-joint-tasche-dvanced-buckeroo-brown-pws05.jpg","datePublished":"2025-09-18T13:21:09+00:00","dateModified":"2026-04-09T14:58:07+00:00","description":"Kavatza Joint Bag Advanced 'Buckeroo' Marrone PWS05 | Una selezione di prima qualit\u00e0 di prodotti del tabacco, e-smoke e accessori per fumatori in tutta la Svizzera | Carte accettate!","breadcrumb":{"@id":"https:\/\/www.tabakversand.ch\/it\/prodotto\/borsa-per-giunti-kavatza-advanced-buckeroo-marrone-pws05\/#breadcrumb"},"inLanguage":"it-IT","potentialAction":[{"@type":"ReadAction","target":["https:\/\/www.tabakversand.ch\/it\/prodotto\/borsa-per-giunti-kavatza-advanced-buckeroo-marrone-pws05\/"]}]},{"@type":"ImageObject","inLanguage":"it-IT","@id":"https:\/\/www.tabakversand.ch\/it\/prodotto\/borsa-per-giunti-kavatza-advanced-buckeroo-marrone-pws05\/#primaryimage","url":"https:\/\/www.tabakversand.ch\/wp-content\/uploads\/2025\/09\/kavatza-joint-tasche-dvanced-buckeroo-brown-pws05.jpg","contentUrl":"https:\/\/www.tabakversand.ch\/wp-content\/uploads\/2025\/09\/kavatza-joint-tasche-dvanced-buckeroo-brown-pws05.jpg","width":500,"height":500,"caption":"Kavatza Joint Bag Advanced 'Buckeroo' Brown PWS05 | tabakversand.ch"},{"@type":"BreadcrumbList","@id":"https:\/\/www.tabakversand.ch\/it\/prodotto\/borsa-per-giunti-kavatza-advanced-buckeroo-marrone-pws05\/#breadcrumb","itemListElement":[{"@type":"ListItem","position":1,"name":"Startseite","item":"https:\/\/www.tabakversand.ch\/"},{"@type":"ListItem","position":2,"name":"Negozio","item":"https:\/\/www.tabakversand.ch\/it\/negozio\/"},{"@type":"ListItem","position":3,"name":"Borsa per giunti Kavatza Advanced 'Buckeroo' Marrone PWS05"}]},{"@type":"WebSite","@id":"https:\/\/www.tabakversand.ch\/#website","url":"https:\/\/www.tabakversand.ch\/","name":"Tabakversand.ch | Alles aus der Welt des Tabaks","description":"Smoke and carpe diem","potentialAction":[{"@type":"SearchAction","target":{"@type":"EntryPoint","urlTemplate":"https:\/\/www.tabakversand.ch\/?s={search_term_string}"},"query-input":{"@type":"PropertyValueSpecification","valueRequired":true,"valueName":"search_term_string"}}],"inLanguage":"it-IT"}]}},"_links":{"self":[{"href":"https:\/\/www.tabakversand.ch\/it\/wp-json\/wp\/v2\/product\/200522","targetHints":{"allow":["GET"]}}],"collection":[{"href":"https:\/\/www.tabakversand.ch\/it\/wp-json\/wp\/v2\/product"}],"about":[{"href":"https:\/\/www.tabakversand.ch\/it\/wp-json\/wp\/v2\/types\/product"}],"version-history":[{"count":4,"href":"https:\/\/www.tabakversand.ch\/it\/wp-json\/wp\/v2\/product\/200522\/revisions"}],"predecessor-version":[{"id":217598,"href":"https:\/\/www.tabakversand.ch\/it\/wp-json\/wp\/v2\/product\/200522\/revisions\/217598"}],"wp:featuredmedia":[{"embeddable":true,"href":"https:\/\/www.tabakversand.ch\/it\/wp-json\/wp\/v2\/media\/200526"}],"wp:attachment":[{"href":"https:\/\/www.tabakversand.ch\/it\/wp-json\/wp\/v2\/media?parent=200522"}],"wp:term":[{"taxonomy":"product_brand","embeddable":true,"href":"https:\/\/www.tabakversand.ch\/it\/wp-json\/wp\/v2\/product_brand?post=200522"},{"taxonomy":"product_cat","embeddable":true,"href":"https:\/\/www.tabakversand.ch\/it\/wp-json\/wp\/v2\/product_cat?post=200522"},{"taxonomy":"product_tag","embeddable":true,"href":"https:\/\/www.tabakversand.ch\/it\/wp-json\/wp\/v2\/product_tag?post=200522"}],"curies":[{"name":"wp","href":"https:\/\/api.w.org\/{rel}","templated":true}]}}