{"id":200545,"date":"2025-09-18T16:13:03","date_gmt":"2025-09-18T14:13:03","guid":{"rendered":"https:\/\/www.tabakversand.ch\/?post_type=product&#038;p=200545"},"modified":"2026-04-09T16:57:42","modified_gmt":"2026-04-09T14:57:42","slug":"kavatza-joint-bag-advanced-cork-natural-pwsc30","status":"publish","type":"product","link":"https:\/\/www.tabakversand.ch\/it\/prodotto\/kavatza-joint-bag-advanced-cork-natural-pwsc30\/","title":{"rendered":"Kavatza Joint Bag Advanced &#8216;Cork&#8217; Natural PWSC30"},"content":{"rendered":"<p>Kavatza Joint Bag Advanced &#8216;Cork&#8217; Natural PWSC30<\/p>\n<p>Sul davanti si trova la borsa per le canne con una luce a LED sul vassoio di rollaggio. Chi non ha mai desiderato un po&#8217; di luce mentre rollava una canna di notte in spiaggia, su un&#8217;amaca o a una festa? La barra luminosa si apre e un piccolo interruttore sul vano batterie accende la luce a LED, un vero e proprio elemento illuminante per un porta-canne. Sul lato del vassoio di rollaggio sono inoltre fissate due alette magnetiche che tengono in posizione la cartina e il filtro, garantendo un rollaggio rilassato anche con vento leggero. Sotto il vassoio di rollaggio, il pressino \u00e8 fissato con una catena in ottone. Ci sono due scomparti interni sul davanti della borsa per le canne, che offrono ampio spazio per tutti i vostri utensili da fumo. Uno di questi scomparti \u00e8 per la bustina di tabacco ed \u00e8 dotato di una cerniera antiodore. Nel secondo scomparto interno troverete una bustina antiodore per conservare la cannabis e un piccolo posacenere tascabile per la salvaguardia dell&#8217;ambiente e la massima praticit\u00e0. Naturalmente, \u00e8 incluso anche il porta-cartine king-size. Il portafoglio si trova sul retro di questo Kavatza e offre spazio per carte di credito, banconote e monete. Lo scomparto centrale ospita comodamente il tuo cellulare. Come puoi vedere, tutto ci\u00f2 di cui hai bisogno ha il suo posto, \u00e8 ben pensato e hai tutto a portata di mano. E se ti stai chiedendo come proteggere questo magnifico pezzo da smarrimento o furto, abbiamo la soluzione perfetta anche per questo. La catena multifunzionale \u00e8 composta da diverse parti singole, ognuna delle quali offre diverse opzioni di trasporto. Le due cinghie in pelle possono essere fissate alla cintura. I piccoli moschettoni permettono di appendere il portafoglio Joint sia ai semianelli laterali, in modo che aderisca perfettamente alla cintura, sia ai rivetti in alto, per appenderlo un po&#8217; pi\u00f9 in basso sui fianchi. Pu\u00f2 anche essere portato nella tasca dei pantaloni nel modo classico, fissandolo direttamente alla cintura con la catena in ottone o in pelle. Tutte le singole parti possono anche essere combinate per creare una catena da borsa e indossata sui fianchi o a tracolla.                  <\/p>\n<p>Nel complesso, questo \u00e8 probabilmente l&#8217;accessorio per eccellenza per la cannabis da quando \u00e8 stato inventato il Kavatza. \u00c8 perfetto per gli intenditori di cannabis e rappresenta un regalo unico. <\/p>\n<p>Caratteristiche del portafoglio congiunto<\/p>\n<ul>\n<li>3 in 1: borsa per le articolazioni, portafoglio, custodia per cellulare<\/li>\n<li>Tascabile<\/li>\n<\/ul>\n<p>Davanti: tasca articolare<\/p>\n<ul>\n<li>Due tasche interne per cannabis, tabacco, filtro, accendino, ecc.<\/li>\n<li>Cerniera antiodore sullo scomparto per tabacco o cannabis<\/li>\n<li>Portacarte King Size<\/li>\n<li>Base in legno con alette magnetiche per fissare la carta<\/li>\n<li>Luci LED sul vassoio rotante<\/li>\n<li>Tamper (fissato con catena in ottone)<\/li>\n<li>Posacenere tascabile antiodore<\/li>\n<li>Sacchetto antiodore per cannabis<\/li>\n<li>premere il pulsante<\/li>\n<\/ul>\n<p>Scomparto centrale: per il telefono cellulare<\/p>\n<p>Retro: Portafoglio<\/p>\n<ul>\n<li>3 slot per carte<\/li>\n<li>Scomparto per il cambio<\/li>\n<li>Scomparto per banconote<\/li>\n<li>Catena multifunzionale rimovibile<\/li>\n<li>Chiusure di sicurezza (bottoni a pressione)<\/li>\n<li>Catena multifunzionale<\/li>\n<\/ul>\n<p>Sia per lui che per lei, indossa il tuo portafoglio comune come preferisci: nella tasca dei pantaloni, fissato alla cintura con la catena, direttamente sulla cintura con i due passanti in pelle intorno ai fianchi, oppure come borsa, comodamente e facilmente portato a tracolla. <\/p>\n<p>Tre in uno, dal tramonto all&#8217;alba&#8230; accendi la luce, vivi la tua notte!<\/p>\n<p>Tutti i prezzi sono validi solo per gli ordini online e includono l&#8217;IVA, sono soggetti a modifiche senza preavviso e non includono le spese di spedizione.   Con riserva di errori, modifiche nella fornitura e nella progettazione, errori di stampa e modifiche dei prezzi. I prezzi barrati sono invece prezzi. L&#8217;immagine pu\u00f2 differire dall&#8217;originale\/dalla fornitura.<br \/>\n*Spedizione gratuita per ordini superiori a CHF 250.-.<\/p>\n","protected":false},"excerpt":{"rendered":"<p>Kavatza Joint Bag Advanced &#8216;Cork&#8217; Natural PWSC30 Sul davanti si trova la borsa per le canne con una luce a LED sul vassoio di rollaggio. Chi non ha mai desiderato un po&#8217; di luce mentre rollava una canna di notte in spiaggia, su un&#8217;amaca o a una festa? La barra luminosa si apre e un [&hellip;]<\/p>\n","protected":false},"featured_media":200549,"template":"","meta":[],"product_brand":[5773],"product_cat":[2004,3220,4572],"product_tag":[],"class_list":{"0":"post-200545","1":"product","2":"type-product","3":"status-publish","4":"has-post-thumbnail","6":"product_brand-kavatza","7":"product_cat-diverso-headshop","8":"product_cat-negozio-di-teste","9":"product_cat-sacchetto-per-le-articolazioni","11":"first","12":"onbackorder","13":"featured","14":"purchasable","15":"product-type-simple"},"yoast_head":"<!-- This site is optimized with the Yoast SEO plugin v27.0 - https:\/\/yoast.com\/product\/yoast-seo-wordpress\/ -->\n<title>Kavatza Joint Bag Advanced &#039;Cork&#039; Natural PWSC30 - Tabakversand.ch | Alles aus der Welt des Tabaks<\/title>\n<meta name=\"description\" content=\"Kavatza Joint Bag Advanced &#039;Cork&#039; Natural PWSC30 | Una selezione di prodotti del tabacco, e-smoke e accessori per fumatori in tutta la Svizzera | Carte accettate!\" \/>\n<meta name=\"robots\" content=\"index, follow, max-snippet:-1, max-image-preview:large, max-video-preview:-1\" \/>\n<link rel=\"canonical\" href=\"https:\/\/www.tabakversand.ch\/it\/prodotto\/kavatza-joint-bag-advanced-cork-natural-pwsc30\/\" \/>\n<meta property=\"og:locale\" content=\"it_IT\" \/>\n<meta property=\"og:type\" content=\"article\" \/>\n<meta property=\"og:title\" content=\"Kavatza Joint Bag Advanced &#039;Cork&#039; Natural PWSC30 - Tabakversand.ch | Alles aus der Welt des Tabaks\" \/>\n<meta property=\"og:description\" content=\"Kavatza Joint Bag Advanced &#039;Cork&#039; Natural PWSC30 | Una selezione di prodotti del tabacco, e-smoke e accessori per fumatori in tutta la Svizzera | Carte accettate!\" \/>\n<meta property=\"og:url\" content=\"https:\/\/www.tabakversand.ch\/it\/prodotto\/kavatza-joint-bag-advanced-cork-natural-pwsc30\/\" \/>\n<meta property=\"og:site_name\" content=\"Tabakversand.ch | Alles aus der Welt des Tabaks\" \/>\n<meta property=\"article:modified_time\" content=\"2026-04-09T14:57:42+00:00\" \/>\n<meta property=\"og:image\" content=\"https:\/\/www.tabakversand.ch\/wp-content\/uploads\/2025\/09\/kavatza-joint-tasche-advanced-cork-natural-pwsc30.jpg\" \/>\n\t<meta property=\"og:image:width\" content=\"500\" \/>\n\t<meta property=\"og:image:height\" content=\"500\" \/>\n\t<meta property=\"og:image:type\" content=\"image\/jpeg\" \/>\n<meta name=\"twitter:card\" content=\"summary_large_image\" \/>\n<meta name=\"twitter:label1\" content=\"Tempo di lettura stimato\" \/>\n\t<meta name=\"twitter:data1\" content=\"4 minuti\" \/>\n<script type=\"application\/ld+json\" class=\"yoast-schema-graph\">{\"@context\":\"https:\/\/schema.org\",\"@graph\":[{\"@type\":\"WebPage\",\"@id\":\"https:\/\/www.tabakversand.ch\/it\/prodotto\/kavatza-joint-bag-advanced-cork-natural-pwsc30\/\",\"url\":\"https:\/\/www.tabakversand.ch\/it\/prodotto\/kavatza-joint-bag-advanced-cork-natural-pwsc30\/\",\"name\":\"Kavatza Joint Bag Advanced 'Cork' Natural PWSC30 - Tabakversand.ch | Alles aus der Welt des Tabaks\",\"isPartOf\":{\"@id\":\"https:\/\/www.tabakversand.ch\/#website\"},\"primaryImageOfPage\":{\"@id\":\"https:\/\/www.tabakversand.ch\/it\/prodotto\/kavatza-joint-bag-advanced-cork-natural-pwsc30\/#primaryimage\"},\"image\":{\"@id\":\"https:\/\/www.tabakversand.ch\/it\/prodotto\/kavatza-joint-bag-advanced-cork-natural-pwsc30\/#primaryimage\"},\"thumbnailUrl\":\"https:\/\/www.tabakversand.ch\/wp-content\/uploads\/2025\/09\/kavatza-joint-tasche-advanced-cork-natural-pwsc30.jpg\",\"datePublished\":\"2025-09-18T14:13:03+00:00\",\"dateModified\":\"2026-04-09T14:57:42+00:00\",\"description\":\"Kavatza Joint Bag Advanced 'Cork' Natural PWSC30 | Una selezione di prodotti del tabacco, e-smoke e accessori per fumatori in tutta la Svizzera | Carte accettate!\",\"breadcrumb\":{\"@id\":\"https:\/\/www.tabakversand.ch\/it\/prodotto\/kavatza-joint-bag-advanced-cork-natural-pwsc30\/#breadcrumb\"},\"inLanguage\":\"it-IT\",\"potentialAction\":[{\"@type\":\"ReadAction\",\"target\":[\"https:\/\/www.tabakversand.ch\/it\/prodotto\/kavatza-joint-bag-advanced-cork-natural-pwsc30\/\"]}]},{\"@type\":\"ImageObject\",\"inLanguage\":\"it-IT\",\"@id\":\"https:\/\/www.tabakversand.ch\/it\/prodotto\/kavatza-joint-bag-advanced-cork-natural-pwsc30\/#primaryimage\",\"url\":\"https:\/\/www.tabakversand.ch\/wp-content\/uploads\/2025\/09\/kavatza-joint-tasche-advanced-cork-natural-pwsc30.jpg\",\"contentUrl\":\"https:\/\/www.tabakversand.ch\/wp-content\/uploads\/2025\/09\/kavatza-joint-tasche-advanced-cork-natural-pwsc30.jpg\",\"width\":500,\"height\":500,\"caption\":\"Kavatza Joint Bag Advanced 'Cork' Natural PWSC30 | tabakversand.ch\"},{\"@type\":\"BreadcrumbList\",\"@id\":\"https:\/\/www.tabakversand.ch\/it\/prodotto\/kavatza-joint-bag-advanced-cork-natural-pwsc30\/#breadcrumb\",\"itemListElement\":[{\"@type\":\"ListItem\",\"position\":1,\"name\":\"Startseite\",\"item\":\"https:\/\/www.tabakversand.ch\/\"},{\"@type\":\"ListItem\",\"position\":2,\"name\":\"Negozio\",\"item\":\"https:\/\/www.tabakversand.ch\/it\/negozio\/\"},{\"@type\":\"ListItem\",\"position\":3,\"name\":\"Kavatza Joint Bag Advanced 'Cork' Natural PWSC30\"}]},{\"@type\":\"WebSite\",\"@id\":\"https:\/\/www.tabakversand.ch\/#website\",\"url\":\"https:\/\/www.tabakversand.ch\/\",\"name\":\"Tabakversand.ch | Alles aus der Welt des Tabaks\",\"description\":\"Smoke and carpe diem\",\"potentialAction\":[{\"@type\":\"SearchAction\",\"target\":{\"@type\":\"EntryPoint\",\"urlTemplate\":\"https:\/\/www.tabakversand.ch\/?s={search_term_string}\"},\"query-input\":{\"@type\":\"PropertyValueSpecification\",\"valueRequired\":true,\"valueName\":\"search_term_string\"}}],\"inLanguage\":\"it-IT\"}]}<\/script>\n<!-- \/ Yoast SEO plugin. -->","yoast_head_json":{"title":"Kavatza Joint Bag Advanced 'Cork' Natural PWSC30 - Tabakversand.ch | Alles aus der Welt des Tabaks","description":"Kavatza Joint Bag Advanced 'Cork' Natural PWSC30 | Una selezione di prodotti del tabacco, e-smoke e accessori per fumatori in tutta la Svizzera | Carte accettate!","robots":{"index":"index","follow":"follow","max-snippet":"max-snippet:-1","max-image-preview":"max-image-preview:large","max-video-preview":"max-video-preview:-1"},"canonical":"https:\/\/www.tabakversand.ch\/it\/prodotto\/kavatza-joint-bag-advanced-cork-natural-pwsc30\/","og_locale":"it_IT","og_type":"article","og_title":"Kavatza Joint Bag Advanced 'Cork' Natural PWSC30 - Tabakversand.ch | Alles aus der Welt des Tabaks","og_description":"Kavatza Joint Bag Advanced 'Cork' Natural PWSC30 | Una selezione di prodotti del tabacco, e-smoke e accessori per fumatori in tutta la Svizzera | Carte accettate!","og_url":"https:\/\/www.tabakversand.ch\/it\/prodotto\/kavatza-joint-bag-advanced-cork-natural-pwsc30\/","og_site_name":"Tabakversand.ch | Alles aus der Welt des Tabaks","article_modified_time":"2026-04-09T14:57:42+00:00","og_image":[{"width":500,"height":500,"url":"https:\/\/www.tabakversand.ch\/wp-content\/uploads\/2025\/09\/kavatza-joint-tasche-advanced-cork-natural-pwsc30.jpg","type":"image\/jpeg"}],"twitter_card":"summary_large_image","twitter_misc":{"Tempo di lettura stimato":"4 minuti"},"schema":{"@context":"https:\/\/schema.org","@graph":[{"@type":"WebPage","@id":"https:\/\/www.tabakversand.ch\/it\/prodotto\/kavatza-joint-bag-advanced-cork-natural-pwsc30\/","url":"https:\/\/www.tabakversand.ch\/it\/prodotto\/kavatza-joint-bag-advanced-cork-natural-pwsc30\/","name":"Kavatza Joint Bag Advanced 'Cork' Natural PWSC30 - Tabakversand.ch | Alles aus der Welt des Tabaks","isPartOf":{"@id":"https:\/\/www.tabakversand.ch\/#website"},"primaryImageOfPage":{"@id":"https:\/\/www.tabakversand.ch\/it\/prodotto\/kavatza-joint-bag-advanced-cork-natural-pwsc30\/#primaryimage"},"image":{"@id":"https:\/\/www.tabakversand.ch\/it\/prodotto\/kavatza-joint-bag-advanced-cork-natural-pwsc30\/#primaryimage"},"thumbnailUrl":"https:\/\/www.tabakversand.ch\/wp-content\/uploads\/2025\/09\/kavatza-joint-tasche-advanced-cork-natural-pwsc30.jpg","datePublished":"2025-09-18T14:13:03+00:00","dateModified":"2026-04-09T14:57:42+00:00","description":"Kavatza Joint Bag Advanced 'Cork' Natural PWSC30 | Una selezione di prodotti del tabacco, e-smoke e accessori per fumatori in tutta la Svizzera | Carte accettate!","breadcrumb":{"@id":"https:\/\/www.tabakversand.ch\/it\/prodotto\/kavatza-joint-bag-advanced-cork-natural-pwsc30\/#breadcrumb"},"inLanguage":"it-IT","potentialAction":[{"@type":"ReadAction","target":["https:\/\/www.tabakversand.ch\/it\/prodotto\/kavatza-joint-bag-advanced-cork-natural-pwsc30\/"]}]},{"@type":"ImageObject","inLanguage":"it-IT","@id":"https:\/\/www.tabakversand.ch\/it\/prodotto\/kavatza-joint-bag-advanced-cork-natural-pwsc30\/#primaryimage","url":"https:\/\/www.tabakversand.ch\/wp-content\/uploads\/2025\/09\/kavatza-joint-tasche-advanced-cork-natural-pwsc30.jpg","contentUrl":"https:\/\/www.tabakversand.ch\/wp-content\/uploads\/2025\/09\/kavatza-joint-tasche-advanced-cork-natural-pwsc30.jpg","width":500,"height":500,"caption":"Kavatza Joint Bag Advanced 'Cork' Natural PWSC30 | tabakversand.ch"},{"@type":"BreadcrumbList","@id":"https:\/\/www.tabakversand.ch\/it\/prodotto\/kavatza-joint-bag-advanced-cork-natural-pwsc30\/#breadcrumb","itemListElement":[{"@type":"ListItem","position":1,"name":"Startseite","item":"https:\/\/www.tabakversand.ch\/"},{"@type":"ListItem","position":2,"name":"Negozio","item":"https:\/\/www.tabakversand.ch\/it\/negozio\/"},{"@type":"ListItem","position":3,"name":"Kavatza Joint Bag Advanced 'Cork' Natural PWSC30"}]},{"@type":"WebSite","@id":"https:\/\/www.tabakversand.ch\/#website","url":"https:\/\/www.tabakversand.ch\/","name":"Tabakversand.ch | Alles aus der Welt des Tabaks","description":"Smoke and carpe diem","potentialAction":[{"@type":"SearchAction","target":{"@type":"EntryPoint","urlTemplate":"https:\/\/www.tabakversand.ch\/?s={search_term_string}"},"query-input":{"@type":"PropertyValueSpecification","valueRequired":true,"valueName":"search_term_string"}}],"inLanguage":"it-IT"}]}},"_links":{"self":[{"href":"https:\/\/www.tabakversand.ch\/it\/wp-json\/wp\/v2\/product\/200545","targetHints":{"allow":["GET"]}}],"collection":[{"href":"https:\/\/www.tabakversand.ch\/it\/wp-json\/wp\/v2\/product"}],"about":[{"href":"https:\/\/www.tabakversand.ch\/it\/wp-json\/wp\/v2\/types\/product"}],"version-history":[{"count":4,"href":"https:\/\/www.tabakversand.ch\/it\/wp-json\/wp\/v2\/product\/200545\/revisions"}],"predecessor-version":[{"id":217591,"href":"https:\/\/www.tabakversand.ch\/it\/wp-json\/wp\/v2\/product\/200545\/revisions\/217591"}],"wp:featuredmedia":[{"embeddable":true,"href":"https:\/\/www.tabakversand.ch\/it\/wp-json\/wp\/v2\/media\/200549"}],"wp:attachment":[{"href":"https:\/\/www.tabakversand.ch\/it\/wp-json\/wp\/v2\/media?parent=200545"}],"wp:term":[{"taxonomy":"product_brand","embeddable":true,"href":"https:\/\/www.tabakversand.ch\/it\/wp-json\/wp\/v2\/product_brand?post=200545"},{"taxonomy":"product_cat","embeddable":true,"href":"https:\/\/www.tabakversand.ch\/it\/wp-json\/wp\/v2\/product_cat?post=200545"},{"taxonomy":"product_tag","embeddable":true,"href":"https:\/\/www.tabakversand.ch\/it\/wp-json\/wp\/v2\/product_tag?post=200545"}],"curies":[{"name":"wp","href":"https:\/\/api.w.org\/{rel}","templated":true}]}}