{"id":203890,"date":"2025-10-16T15:11:35","date_gmt":"2025-10-16T13:11:35","guid":{"rendered":"https:\/\/www.tabakversand.ch\/?post_type=product&#038;p=203890"},"modified":"2026-01-22T07:41:11","modified_gmt":"2026-01-22T06:41:11","slug":"filtri-wusels-1-x-150-pezzi","status":"publish","type":"product","link":"https:\/\/www.tabakversand.ch\/it\/prodotto\/filtri-wusels-1-x-150-pezzi\/","title":{"rendered":"Filtri Wusels 1 x 150 pezzi."},"content":{"rendered":"<p>Filtri Wusels 1 x 150 pezzi.<\/p>\n<p>&#8220;wuzeln&#8221; = bavarese\/austriaco, colloquialmente &#8220;girare, avvolgere&#8221;<br \/>\n Come suggerisce il nome, si tratta di filtri ottimizzati per rollare le proprie sigarette.<br \/>\n Vi offriamo cartine spesse e resistenti, che restano facili da arrotolare grazie alla grana corretta della carta.<br \/>\n Inoltre, la possibilit\u00e0 di scegliere tra due formati diversi e tra carta perforata o non perforata rende la scelta pi\u00f9 semplice. Non \u00e8 un&#8217;impresa ardua e non richiede molti fronzoli, ma offre comunque un numero discreto di fogli per opuscolo.<br \/>\n Allora, proviamo a fare questa cosa, va bene? <\/p>\n<ul>\n<li>150 foglie<\/li>\n<li>Dimensioni: 6,9 cm x 3 cm<\/li>\n<li>carta spessa e correttamente fibrata, che garantisce stabilit\u00e0 e facile torsione<\/li>\n<\/ul>\n<p>Tutti i prezzi si applicano solo agli ordini online e sono comprensivi di IVA. Soggetto a modifiche senza preavviso, escluse le spese di spedizione. Con riserva di errori, modifiche nell&#8217;ambito di consegna e nel design, errori di stampa e variazioni di prezzo. I prezzi barrati sono prezzi sostitutivi. Le illustrazioni possono differire dall&#8217;originale\/dall&#8217;ambito di consegna.<br \/>\n*Spedizione gratuita per ordini superiori a CHF 250.-.<\/p>\n","protected":false},"excerpt":{"rendered":"<p>Filtri Wusels 1 x 150 pezzi. &#8220;wuzeln&#8221; = bavarese\/austriaco, colloquialmente &#8220;girare, avvolgere&#8221; Come suggerisce il nome, si tratta di filtri ottimizzati per rollare le proprie sigarette. Vi offriamo cartine spesse e resistenti, che restano facili da arrotolare grazie alla grana corretta della carta. Inoltre, la possibilit\u00e0 di scegliere tra due formati diversi e tra carta [&hellip;]<\/p>\n","protected":false},"featured_media":203894,"template":"","meta":[],"product_brand":[],"product_cat":[2004,2016,3233,3220,1962,5185],"product_tag":[],"class_list":{"0":"post-203890","1":"product","2":"type-product","3":"status-publish","4":"has-post-thumbnail","6":"product_cat-diverso-headshop","7":"product_cat-filtri-per-sigarette","8":"product_cat-filtro","9":"product_cat-negozio-di-teste","10":"product_cat-sigarette-self-made","11":"product_cat-suggerimenti-per-il-filtro","13":"first","14":"onbackorder","15":"purchasable","16":"product-type-simple"},"yoast_head":"<!-- This site is optimized with the Yoast SEO plugin v27.5 - https:\/\/yoast.com\/product\/yoast-seo-wordpress\/ -->\n<title>Filtri Wusels 1 x 150 pezzi. - Tabakversand.ch | Alles aus der Welt des Tabaks<\/title>\n<meta name=\"description\" content=\"Filtri Wusels 1 x 150 pezzi. | Un&#039;ampia selezione top di prodotti del tabacco, e-smoke e utensili da fumo in tutta la Svizzera | Carte accettate!\" \/>\n<meta name=\"robots\" content=\"index, follow, max-snippet:-1, max-image-preview:large, max-video-preview:-1\" \/>\n<link rel=\"canonical\" href=\"https:\/\/www.tabakversand.ch\/it\/prodotto\/filtri-wusels-1-x-150-pezzi\/\" \/>\n<meta property=\"og:locale\" content=\"it_IT\" \/>\n<meta property=\"og:type\" content=\"article\" \/>\n<meta property=\"og:title\" content=\"Filtri Wusels 1 x 150 pezzi. - Tabakversand.ch | Alles aus der Welt des Tabaks\" \/>\n<meta property=\"og:description\" content=\"Filtri Wusels 1 x 150 pezzi. | Un&#039;ampia selezione top di prodotti del tabacco, e-smoke e utensili da fumo in tutta la Svizzera | Carte accettate!\" \/>\n<meta property=\"og:url\" content=\"https:\/\/www.tabakversand.ch\/it\/prodotto\/filtri-wusels-1-x-150-pezzi\/\" \/>\n<meta property=\"og:site_name\" content=\"Tabakversand.ch | Alles aus der Welt des Tabaks\" \/>\n<meta property=\"article:modified_time\" content=\"2026-01-22T06:41:11+00:00\" \/>\n<meta property=\"og:image\" content=\"https:\/\/www.tabakversand.ch\/wp-content\/uploads\/2025\/10\/wusels-filtertip.jpg\" \/>\n\t<meta property=\"og:image:width\" content=\"500\" \/>\n\t<meta property=\"og:image:height\" content=\"500\" \/>\n\t<meta property=\"og:image:type\" content=\"image\/jpeg\" \/>\n<meta name=\"twitter:card\" content=\"summary_large_image\" \/>\n<meta name=\"twitter:label1\" content=\"Tempo di lettura stimato\" \/>\n\t<meta name=\"twitter:data1\" content=\"2 minuti\" \/>\n<script type=\"application\/ld+json\" class=\"yoast-schema-graph\">{\"@context\":\"https:\\\/\\\/schema.org\",\"@graph\":[{\"@type\":\"WebPage\",\"@id\":\"https:\\\/\\\/www.tabakversand.ch\\\/it\\\/prodotto\\\/filtri-wusels-1-x-150-pezzi\\\/\",\"url\":\"https:\\\/\\\/www.tabakversand.ch\\\/it\\\/prodotto\\\/filtri-wusels-1-x-150-pezzi\\\/\",\"name\":\"Filtri Wusels 1 x 150 pezzi. - Tabakversand.ch | Alles aus der Welt des Tabaks\",\"isPartOf\":{\"@id\":\"https:\\\/\\\/www.tabakversand.ch\\\/#website\"},\"primaryImageOfPage\":{\"@id\":\"https:\\\/\\\/www.tabakversand.ch\\\/it\\\/prodotto\\\/filtri-wusels-1-x-150-pezzi\\\/#primaryimage\"},\"image\":{\"@id\":\"https:\\\/\\\/www.tabakversand.ch\\\/it\\\/prodotto\\\/filtri-wusels-1-x-150-pezzi\\\/#primaryimage\"},\"thumbnailUrl\":\"https:\\\/\\\/www.tabakversand.ch\\\/wp-content\\\/uploads\\\/2025\\\/10\\\/wusels-filtertip.jpg\",\"datePublished\":\"2025-10-16T13:11:35+00:00\",\"dateModified\":\"2026-01-22T06:41:11+00:00\",\"description\":\"Filtri Wusels 1 x 150 pezzi. | Un'ampia selezione top di prodotti del tabacco, e-smoke e utensili da fumo in tutta la Svizzera | Carte accettate!\",\"breadcrumb\":{\"@id\":\"https:\\\/\\\/www.tabakversand.ch\\\/it\\\/prodotto\\\/filtri-wusels-1-x-150-pezzi\\\/#breadcrumb\"},\"inLanguage\":\"it-IT\",\"potentialAction\":[{\"@type\":\"ReadAction\",\"target\":[\"https:\\\/\\\/www.tabakversand.ch\\\/it\\\/prodotto\\\/filtri-wusels-1-x-150-pezzi\\\/\"]}]},{\"@type\":\"ImageObject\",\"inLanguage\":\"it-IT\",\"@id\":\"https:\\\/\\\/www.tabakversand.ch\\\/it\\\/prodotto\\\/filtri-wusels-1-x-150-pezzi\\\/#primaryimage\",\"url\":\"https:\\\/\\\/www.tabakversand.ch\\\/wp-content\\\/uploads\\\/2025\\\/10\\\/wusels-filtertip.jpg\",\"contentUrl\":\"https:\\\/\\\/www.tabakversand.ch\\\/wp-content\\\/uploads\\\/2025\\\/10\\\/wusels-filtertip.jpg\",\"width\":500,\"height\":500,\"caption\":\"Filtri Wusels 1 x 150 pezzi. | tabakversand.ch\"},{\"@type\":\"BreadcrumbList\",\"@id\":\"https:\\\/\\\/www.tabakversand.ch\\\/it\\\/prodotto\\\/filtri-wusels-1-x-150-pezzi\\\/#breadcrumb\",\"itemListElement\":[{\"@type\":\"ListItem\",\"position\":1,\"name\":\"Startseite\",\"item\":\"https:\\\/\\\/www.tabakversand.ch\\\/\"},{\"@type\":\"ListItem\",\"position\":2,\"name\":\"Negozio\",\"item\":\"https:\\\/\\\/www.tabakversand.ch\\\/it\\\/negozio\\\/\"},{\"@type\":\"ListItem\",\"position\":3,\"name\":\"Filtri Wusels 1 x 150 pezzi.\"}]},{\"@type\":\"WebSite\",\"@id\":\"https:\\\/\\\/www.tabakversand.ch\\\/#website\",\"url\":\"https:\\\/\\\/www.tabakversand.ch\\\/\",\"name\":\"Tabakversand.ch | Alles aus der Welt des Tabaks\",\"description\":\"Smoke and carpe diem\",\"potentialAction\":[{\"@type\":\"SearchAction\",\"target\":{\"@type\":\"EntryPoint\",\"urlTemplate\":\"https:\\\/\\\/www.tabakversand.ch\\\/?s={search_term_string}\"},\"query-input\":{\"@type\":\"PropertyValueSpecification\",\"valueRequired\":true,\"valueName\":\"search_term_string\"}}],\"inLanguage\":\"it-IT\"}]}<\/script>\n<!-- \/ Yoast SEO plugin. -->","yoast_head_json":{"title":"Filtri Wusels 1 x 150 pezzi. - Tabakversand.ch | Alles aus der Welt des Tabaks","description":"Filtri Wusels 1 x 150 pezzi. | Un'ampia selezione top di prodotti del tabacco, e-smoke e utensili da fumo in tutta la Svizzera | Carte accettate!","robots":{"index":"index","follow":"follow","max-snippet":"max-snippet:-1","max-image-preview":"max-image-preview:large","max-video-preview":"max-video-preview:-1"},"canonical":"https:\/\/www.tabakversand.ch\/it\/prodotto\/filtri-wusels-1-x-150-pezzi\/","og_locale":"it_IT","og_type":"article","og_title":"Filtri Wusels 1 x 150 pezzi. - Tabakversand.ch | Alles aus der Welt des Tabaks","og_description":"Filtri Wusels 1 x 150 pezzi. | Un'ampia selezione top di prodotti del tabacco, e-smoke e utensili da fumo in tutta la Svizzera | Carte accettate!","og_url":"https:\/\/www.tabakversand.ch\/it\/prodotto\/filtri-wusels-1-x-150-pezzi\/","og_site_name":"Tabakversand.ch | Alles aus der Welt des Tabaks","article_modified_time":"2026-01-22T06:41:11+00:00","og_image":[{"width":500,"height":500,"url":"https:\/\/www.tabakversand.ch\/wp-content\/uploads\/2025\/10\/wusels-filtertip.jpg","type":"image\/jpeg"}],"twitter_card":"summary_large_image","twitter_misc":{"Tempo di lettura stimato":"2 minuti"},"schema":{"@context":"https:\/\/schema.org","@graph":[{"@type":"WebPage","@id":"https:\/\/www.tabakversand.ch\/it\/prodotto\/filtri-wusels-1-x-150-pezzi\/","url":"https:\/\/www.tabakversand.ch\/it\/prodotto\/filtri-wusels-1-x-150-pezzi\/","name":"Filtri Wusels 1 x 150 pezzi. - Tabakversand.ch | Alles aus der Welt des Tabaks","isPartOf":{"@id":"https:\/\/www.tabakversand.ch\/#website"},"primaryImageOfPage":{"@id":"https:\/\/www.tabakversand.ch\/it\/prodotto\/filtri-wusels-1-x-150-pezzi\/#primaryimage"},"image":{"@id":"https:\/\/www.tabakversand.ch\/it\/prodotto\/filtri-wusels-1-x-150-pezzi\/#primaryimage"},"thumbnailUrl":"https:\/\/www.tabakversand.ch\/wp-content\/uploads\/2025\/10\/wusels-filtertip.jpg","datePublished":"2025-10-16T13:11:35+00:00","dateModified":"2026-01-22T06:41:11+00:00","description":"Filtri Wusels 1 x 150 pezzi. | Un'ampia selezione top di prodotti del tabacco, e-smoke e utensili da fumo in tutta la Svizzera | Carte accettate!","breadcrumb":{"@id":"https:\/\/www.tabakversand.ch\/it\/prodotto\/filtri-wusels-1-x-150-pezzi\/#breadcrumb"},"inLanguage":"it-IT","potentialAction":[{"@type":"ReadAction","target":["https:\/\/www.tabakversand.ch\/it\/prodotto\/filtri-wusels-1-x-150-pezzi\/"]}]},{"@type":"ImageObject","inLanguage":"it-IT","@id":"https:\/\/www.tabakversand.ch\/it\/prodotto\/filtri-wusels-1-x-150-pezzi\/#primaryimage","url":"https:\/\/www.tabakversand.ch\/wp-content\/uploads\/2025\/10\/wusels-filtertip.jpg","contentUrl":"https:\/\/www.tabakversand.ch\/wp-content\/uploads\/2025\/10\/wusels-filtertip.jpg","width":500,"height":500,"caption":"Filtri Wusels 1 x 150 pezzi. | tabakversand.ch"},{"@type":"BreadcrumbList","@id":"https:\/\/www.tabakversand.ch\/it\/prodotto\/filtri-wusels-1-x-150-pezzi\/#breadcrumb","itemListElement":[{"@type":"ListItem","position":1,"name":"Startseite","item":"https:\/\/www.tabakversand.ch\/"},{"@type":"ListItem","position":2,"name":"Negozio","item":"https:\/\/www.tabakversand.ch\/it\/negozio\/"},{"@type":"ListItem","position":3,"name":"Filtri Wusels 1 x 150 pezzi."}]},{"@type":"WebSite","@id":"https:\/\/www.tabakversand.ch\/#website","url":"https:\/\/www.tabakversand.ch\/","name":"Tabakversand.ch | Alles aus der Welt des Tabaks","description":"Smoke and carpe diem","potentialAction":[{"@type":"SearchAction","target":{"@type":"EntryPoint","urlTemplate":"https:\/\/www.tabakversand.ch\/?s={search_term_string}"},"query-input":{"@type":"PropertyValueSpecification","valueRequired":true,"valueName":"search_term_string"}}],"inLanguage":"it-IT"}]}},"_links":{"self":[{"href":"https:\/\/www.tabakversand.ch\/it\/wp-json\/wp\/v2\/product\/203890","targetHints":{"allow":["GET"]}}],"collection":[{"href":"https:\/\/www.tabakversand.ch\/it\/wp-json\/wp\/v2\/product"}],"about":[{"href":"https:\/\/www.tabakversand.ch\/it\/wp-json\/wp\/v2\/types\/product"}],"version-history":[{"count":4,"href":"https:\/\/www.tabakversand.ch\/it\/wp-json\/wp\/v2\/product\/203890\/revisions"}],"predecessor-version":[{"id":209485,"href":"https:\/\/www.tabakversand.ch\/it\/wp-json\/wp\/v2\/product\/203890\/revisions\/209485"}],"wp:featuredmedia":[{"embeddable":true,"href":"https:\/\/www.tabakversand.ch\/it\/wp-json\/wp\/v2\/media\/203894"}],"wp:attachment":[{"href":"https:\/\/www.tabakversand.ch\/it\/wp-json\/wp\/v2\/media?parent=203890"}],"wp:term":[{"taxonomy":"product_brand","embeddable":true,"href":"https:\/\/www.tabakversand.ch\/it\/wp-json\/wp\/v2\/product_brand?post=203890"},{"taxonomy":"product_cat","embeddable":true,"href":"https:\/\/www.tabakversand.ch\/it\/wp-json\/wp\/v2\/product_cat?post=203890"},{"taxonomy":"product_tag","embeddable":true,"href":"https:\/\/www.tabakversand.ch\/it\/wp-json\/wp\/v2\/product_tag?post=203890"}],"curies":[{"name":"wp","href":"https:\/\/api.w.org\/{rel}","templated":true}]}}