{"id":205442,"date":"2025-10-29T15:34:49","date_gmt":"2025-10-29T14:34:49","guid":{"rendered":"https:\/\/www.tabakversand.ch\/?post_type=product&#038;p=205442"},"modified":"2025-10-29T15:52:14","modified_gmt":"2025-10-29T14:52:14","slug":"occhiali-da-sole-zippo-sport-os37","status":"publish","type":"product","link":"https:\/\/www.tabakversand.ch\/it\/prodotto\/occhiali-da-sole-zippo-sport-os37\/","title":{"rendered":"Occhiali da sole Zippo Sport OS37"},"content":{"rendered":"<p>Occhiali da sole Zippo Sport OS37<\/p>\n<p>Il design unisex \u00e8 ideale sia per le donne che per gli uomini ed \u00e8 perfetto per uno stile di vita attivo. \u00c8 inclusa una custodia in microfibra.<\/p>\n<p>Occhiali da sole rettangolari Zippo Sport Color Coat<\/p>\n<ul>\n<li>Protezione: UV400<\/li>\n<li>Montatura: Policarbonato<\/li>\n<li>Lenti: specchiate, blu o arancioni<\/li>\n<li>Include custodia in microfibra<\/li>\n<\/ul>\n<p>Tutti i prezzi si applicano solo agli ordini online e sono comprensivi di IVA. Soggetto a modifiche senza preavviso, escluse le spese di spedizione. Con riserva di errori, modifiche nell&#8217;ambito di consegna e nel design, errori di stampa e variazioni di prezzo. I prezzi barrati sono prezzi sostitutivi. Le illustrazioni possono differire dall&#8217;originale\/dall&#8217;ambito di consegna.<br \/>\n*Spedizione gratuita per ordini superiori a CHF 250.-.<\/p>\n","protected":false},"excerpt":{"rendered":"<p>Occhiali da sole Zippo Sport OS37 Il design unisex \u00e8 ideale sia per le donne che per gli uomini ed \u00e8 perfetto per uno stile di vita attivo. \u00c8 inclusa una custodia in microfibra. Occhiali da sole rettangolari Zippo Sport Color Coat Protezione: UV400 Montatura: Policarbonato Lenti: specchiate, blu o arancioni Include custodia in microfibra [&hellip;]<\/p>\n","protected":false},"featured_media":205446,"template":"","meta":[],"product_brand":[1567],"product_cat":[2283,2004,4961,5020],"product_tag":[],"class_list":{"0":"post-205442","1":"product","2":"type-product","3":"status-publish","4":"has-post-thumbnail","6":"product_brand-zippo-feuerzeuge-und-acessoires","7":"product_cat-collezione-zippo-accessori","8":"product_cat-diverso-headshop","9":"product_cat-occhiali","10":"product_cat-occhiali-da-sole-sportivi","11":"pa_farbe-arancia","12":"pa_farbe-blu","14":"first","15":"onbackorder","16":"purchasable","17":"product-type-variable"},"yoast_head":"<!-- This site is optimized with the Yoast SEO plugin v27.0 - https:\/\/yoast.com\/product\/yoast-seo-wordpress\/ -->\n<title>Occhiali da sole Zippo Sport OS37 - Tabakversand.ch | Alles aus der Welt des Tabaks<\/title>\n<meta name=\"description\" content=\"Occhiali da sole Zippo Sport OS37 | Un&#039;ampia selezione di prodotti del tabacco, sigarette elettroniche e accessori per fumatori di alta qualit\u00e0 in tutta la Svizzera | Si accettano carte di credito!\" \/>\n<meta name=\"robots\" content=\"index, follow, max-snippet:-1, max-image-preview:large, max-video-preview:-1\" \/>\n<link rel=\"canonical\" href=\"https:\/\/www.tabakversand.ch\/prodotto\/zippo-sonnenbrille-sport-os37\/\" \/>\n<meta property=\"og:locale\" content=\"it_IT\" \/>\n<meta property=\"og:type\" content=\"article\" \/>\n<meta property=\"og:title\" content=\"Occhiali da sole Zippo Sport OS37 - Tabakversand.ch | Alles aus der Welt des Tabaks\" \/>\n<meta property=\"og:description\" content=\"Occhiali da sole Zippo Sport OS37 | Un&#039;ampia selezione di prodotti del tabacco, sigarette elettroniche e accessori per fumatori di alta qualit\u00e0 in tutta la Svizzera | Si accettano carte di credito!\" \/>\n<meta property=\"og:url\" content=\"https:\/\/www.tabakversand.ch\/prodotto\/zippo-sonnenbrille-sport-os37\/\" \/>\n<meta property=\"og:site_name\" content=\"Tabakversand.ch | Alles aus der Welt des Tabaks\" \/>\n<meta property=\"article:modified_time\" content=\"2025-10-29T14:52:14+00:00\" \/>\n<meta property=\"og:image\" content=\"https:\/\/www.tabakversand.ch\/wp-content\/uploads\/2025\/10\/zippo-sonnenbrille-os37-01-site.jpg\" \/>\n\t<meta property=\"og:image:width\" content=\"500\" \/>\n\t<meta property=\"og:image:height\" content=\"500\" \/>\n\t<meta property=\"og:image:type\" content=\"image\/jpeg\" \/>\n<meta name=\"twitter:card\" content=\"summary_large_image\" \/>\n<meta name=\"twitter:label1\" content=\"Tempo di lettura stimato\" \/>\n\t<meta name=\"twitter:data1\" content=\"1 minuto\" \/>\n<script type=\"application\/ld+json\" class=\"yoast-schema-graph\">{\"@context\":\"https:\/\/schema.org\",\"@graph\":[{\"@type\":\"WebPage\",\"@id\":\"https:\/\/www.tabakversand.ch\/prodotto\/zippo-sonnenbrille-sport-os37\/\",\"url\":\"https:\/\/www.tabakversand.ch\/prodotto\/zippo-sonnenbrille-sport-os37\/\",\"name\":\"Occhiali da sole Zippo Sport OS37 - Tabakversand.ch | Alles aus der Welt des Tabaks\",\"isPartOf\":{\"@id\":\"https:\/\/www.tabakversand.ch\/#website\"},\"primaryImageOfPage\":{\"@id\":\"https:\/\/www.tabakversand.ch\/prodotto\/zippo-sonnenbrille-sport-os37\/#primaryimage\"},\"image\":{\"@id\":\"https:\/\/www.tabakversand.ch\/prodotto\/zippo-sonnenbrille-sport-os37\/#primaryimage\"},\"thumbnailUrl\":\"https:\/\/www.tabakversand.ch\/wp-content\/uploads\/2025\/10\/zippo-sonnenbrille-os37-01-site.jpg\",\"datePublished\":\"2025-10-29T14:34:49+00:00\",\"dateModified\":\"2025-10-29T14:52:14+00:00\",\"description\":\"Occhiali da sole Zippo Sport OS37 | Un'ampia selezione di prodotti del tabacco, sigarette elettroniche e accessori per fumatori di alta qualit\u00e0 in tutta la Svizzera | Si accettano carte di credito!\",\"breadcrumb\":{\"@id\":\"https:\/\/www.tabakversand.ch\/prodotto\/zippo-sonnenbrille-sport-os37\/#breadcrumb\"},\"inLanguage\":\"it-IT\",\"potentialAction\":[{\"@type\":\"ReadAction\",\"target\":[\"https:\/\/www.tabakversand.ch\/prodotto\/zippo-sonnenbrille-sport-os37\/\"]}]},{\"@type\":\"ImageObject\",\"inLanguage\":\"it-IT\",\"@id\":\"https:\/\/www.tabakversand.ch\/prodotto\/zippo-sonnenbrille-sport-os37\/#primaryimage\",\"url\":\"https:\/\/www.tabakversand.ch\/wp-content\/uploads\/2025\/10\/zippo-sonnenbrille-os37-01-site.jpg\",\"contentUrl\":\"https:\/\/www.tabakversand.ch\/wp-content\/uploads\/2025\/10\/zippo-sonnenbrille-os37-01-site.jpg\",\"width\":500,\"height\":500,\"caption\":\"Occhiali da sole Zippo Sport OS37 | tabakversand.ch\"},{\"@type\":\"BreadcrumbList\",\"@id\":\"https:\/\/www.tabakversand.ch\/prodotto\/zippo-sonnenbrille-sport-os37\/#breadcrumb\",\"itemListElement\":[{\"@type\":\"ListItem\",\"position\":1,\"name\":\"Startseite\",\"item\":\"https:\/\/www.tabakversand.ch\/\"},{\"@type\":\"ListItem\",\"position\":2,\"name\":\"Negozio\",\"item\":\"https:\/\/www.tabakversand.ch\/it\/negozio\/\"},{\"@type\":\"ListItem\",\"position\":3,\"name\":\"Occhiali da sole Zippo Sport OS37\"}]},{\"@type\":\"WebSite\",\"@id\":\"https:\/\/www.tabakversand.ch\/#website\",\"url\":\"https:\/\/www.tabakversand.ch\/\",\"name\":\"Tabakversand.ch | Alles aus der Welt des Tabaks\",\"description\":\"Smoke and carpe diem\",\"potentialAction\":[{\"@type\":\"SearchAction\",\"target\":{\"@type\":\"EntryPoint\",\"urlTemplate\":\"https:\/\/www.tabakversand.ch\/?s={search_term_string}\"},\"query-input\":{\"@type\":\"PropertyValueSpecification\",\"valueRequired\":true,\"valueName\":\"search_term_string\"}}],\"inLanguage\":\"it-IT\"}]}<\/script>\n<!-- \/ Yoast SEO plugin. -->","yoast_head_json":{"title":"Occhiali da sole Zippo Sport OS37 - Tabakversand.ch | Alles aus der Welt des Tabaks","description":"Occhiali da sole Zippo Sport OS37 | Un'ampia selezione di prodotti del tabacco, sigarette elettroniche e accessori per fumatori di alta qualit\u00e0 in tutta la Svizzera | Si accettano carte di credito!","robots":{"index":"index","follow":"follow","max-snippet":"max-snippet:-1","max-image-preview":"max-image-preview:large","max-video-preview":"max-video-preview:-1"},"canonical":"https:\/\/www.tabakversand.ch\/prodotto\/zippo-sonnenbrille-sport-os37\/","og_locale":"it_IT","og_type":"article","og_title":"Occhiali da sole Zippo Sport OS37 - Tabakversand.ch | Alles aus der Welt des Tabaks","og_description":"Occhiali da sole Zippo Sport OS37 | Un'ampia selezione di prodotti del tabacco, sigarette elettroniche e accessori per fumatori di alta qualit\u00e0 in tutta la Svizzera | Si accettano carte di credito!","og_url":"https:\/\/www.tabakversand.ch\/prodotto\/zippo-sonnenbrille-sport-os37\/","og_site_name":"Tabakversand.ch | Alles aus der Welt des Tabaks","article_modified_time":"2025-10-29T14:52:14+00:00","og_image":[{"width":500,"height":500,"url":"https:\/\/www.tabakversand.ch\/wp-content\/uploads\/2025\/10\/zippo-sonnenbrille-os37-01-site.jpg","type":"image\/jpeg"}],"twitter_card":"summary_large_image","twitter_misc":{"Tempo di lettura stimato":"1 minuto"},"schema":{"@context":"https:\/\/schema.org","@graph":[{"@type":"WebPage","@id":"https:\/\/www.tabakversand.ch\/prodotto\/zippo-sonnenbrille-sport-os37\/","url":"https:\/\/www.tabakversand.ch\/prodotto\/zippo-sonnenbrille-sport-os37\/","name":"Occhiali da sole Zippo Sport OS37 - Tabakversand.ch | Alles aus der Welt des Tabaks","isPartOf":{"@id":"https:\/\/www.tabakversand.ch\/#website"},"primaryImageOfPage":{"@id":"https:\/\/www.tabakversand.ch\/prodotto\/zippo-sonnenbrille-sport-os37\/#primaryimage"},"image":{"@id":"https:\/\/www.tabakversand.ch\/prodotto\/zippo-sonnenbrille-sport-os37\/#primaryimage"},"thumbnailUrl":"https:\/\/www.tabakversand.ch\/wp-content\/uploads\/2025\/10\/zippo-sonnenbrille-os37-01-site.jpg","datePublished":"2025-10-29T14:34:49+00:00","dateModified":"2025-10-29T14:52:14+00:00","description":"Occhiali da sole Zippo Sport OS37 | Un'ampia selezione di prodotti del tabacco, sigarette elettroniche e accessori per fumatori di alta qualit\u00e0 in tutta la Svizzera | Si accettano carte di credito!","breadcrumb":{"@id":"https:\/\/www.tabakversand.ch\/prodotto\/zippo-sonnenbrille-sport-os37\/#breadcrumb"},"inLanguage":"it-IT","potentialAction":[{"@type":"ReadAction","target":["https:\/\/www.tabakversand.ch\/prodotto\/zippo-sonnenbrille-sport-os37\/"]}]},{"@type":"ImageObject","inLanguage":"it-IT","@id":"https:\/\/www.tabakversand.ch\/prodotto\/zippo-sonnenbrille-sport-os37\/#primaryimage","url":"https:\/\/www.tabakversand.ch\/wp-content\/uploads\/2025\/10\/zippo-sonnenbrille-os37-01-site.jpg","contentUrl":"https:\/\/www.tabakversand.ch\/wp-content\/uploads\/2025\/10\/zippo-sonnenbrille-os37-01-site.jpg","width":500,"height":500,"caption":"Occhiali da sole Zippo Sport OS37 | tabakversand.ch"},{"@type":"BreadcrumbList","@id":"https:\/\/www.tabakversand.ch\/prodotto\/zippo-sonnenbrille-sport-os37\/#breadcrumb","itemListElement":[{"@type":"ListItem","position":1,"name":"Startseite","item":"https:\/\/www.tabakversand.ch\/"},{"@type":"ListItem","position":2,"name":"Negozio","item":"https:\/\/www.tabakversand.ch\/it\/negozio\/"},{"@type":"ListItem","position":3,"name":"Occhiali da sole Zippo Sport OS37"}]},{"@type":"WebSite","@id":"https:\/\/www.tabakversand.ch\/#website","url":"https:\/\/www.tabakversand.ch\/","name":"Tabakversand.ch | Alles aus der Welt des Tabaks","description":"Smoke and carpe diem","potentialAction":[{"@type":"SearchAction","target":{"@type":"EntryPoint","urlTemplate":"https:\/\/www.tabakversand.ch\/?s={search_term_string}"},"query-input":{"@type":"PropertyValueSpecification","valueRequired":true,"valueName":"search_term_string"}}],"inLanguage":"it-IT"}]}},"_links":{"self":[{"href":"https:\/\/www.tabakversand.ch\/it\/wp-json\/wp\/v2\/product\/205442","targetHints":{"allow":["GET"]}}],"collection":[{"href":"https:\/\/www.tabakversand.ch\/it\/wp-json\/wp\/v2\/product"}],"about":[{"href":"https:\/\/www.tabakversand.ch\/it\/wp-json\/wp\/v2\/types\/product"}],"version-history":[{"count":3,"href":"https:\/\/www.tabakversand.ch\/it\/wp-json\/wp\/v2\/product\/205442\/revisions"}],"predecessor-version":[{"id":205492,"href":"https:\/\/www.tabakversand.ch\/it\/wp-json\/wp\/v2\/product\/205442\/revisions\/205492"}],"wp:featuredmedia":[{"embeddable":true,"href":"https:\/\/www.tabakversand.ch\/it\/wp-json\/wp\/v2\/media\/205446"}],"wp:attachment":[{"href":"https:\/\/www.tabakversand.ch\/it\/wp-json\/wp\/v2\/media?parent=205442"}],"wp:term":[{"taxonomy":"product_brand","embeddable":true,"href":"https:\/\/www.tabakversand.ch\/it\/wp-json\/wp\/v2\/product_brand?post=205442"},{"taxonomy":"product_cat","embeddable":true,"href":"https:\/\/www.tabakversand.ch\/it\/wp-json\/wp\/v2\/product_cat?post=205442"},{"taxonomy":"product_tag","embeddable":true,"href":"https:\/\/www.tabakversand.ch\/it\/wp-json\/wp\/v2\/product_tag?post=205442"}],"curies":[{"name":"wp","href":"https:\/\/api.w.org\/{rel}","templated":true}]}}