{"id":206558,"date":"2025-11-25T14:14:49","date_gmt":"2025-11-25T13:14:49","guid":{"rendered":"https:\/\/www.tabakversand.ch\/?post_type=product&#038;p=206558"},"modified":"2025-11-25T14:23:38","modified_gmt":"2025-11-25T13:23:38","slug":"herba-di-berna-muffin-ai-mirtilli-outdoor-45-gr","status":"publish","type":"product","link":"https:\/\/www.tabakversand.ch\/it\/prodotto\/herba-di-berna-muffin-ai-mirtilli-outdoor-45-gr\/","title":{"rendered":"Herba Di Berna Muffin ai Mirtilli Outdoor 45 gr."},"content":{"rendered":"<p>Herba Di Berna Muffin ai Mirtilli Outdoor 45 gr.<\/p>\n<p>Una nuova stella nel firmamento del CBD, Blueberry Muffin, \u00e8 una variet\u00e0 ibrida a predominanza indica originariamente creata dall&#8217;incrocio tra Blueberry e Purple Panty Dropper. I fiori sono stati coltivati \u200b\u200bdal nostro partner biologico, Aare Hanf, a Belpberg. A differenza delle coltivazioni indoor, la struttura dei fiori \u00e8 pi\u00f9 chiara e soffice. Le tonalit\u00e0 verde chiaro e la struttura unica dei fiori ci hanno colpito. I solidi livelli di CBD e un imbattibile rapporto qualit\u00e0-prezzo di 0,88 centesimi al grammo non lasciano nulla a desiderare.<\/p>\n<p>Prezzi equi e la produzione naturale dei nostri prodotti sono importanti per noi. Le nostre piante sono quindi prive di pesticidi ed erbicidi e vengono essiccate delicatamente.<\/p>\n<p>Disponibile solo stagionalmente in edizione limitata.<\/p>\n<p>Stipendio:<br \/>\nCBD: 11%<br \/>\nTHC 0,4%<\/p>\n<p>Tutti i prezzi si applicano solo agli ordini online e sono comprensivi di IVA. Soggetto a modifiche senza preavviso, escluse le spese di spedizione. Con riserva di errori, modifiche nell&#8217;ambito di consegna e nel design, errori di stampa e variazioni di prezzo. I prezzi barrati sono prezzi sostitutivi. Le illustrazioni possono differire dall&#8217;originale\/dall&#8217;ambito di consegna.<br \/>\n*Spedizione gratuita per ordini superiori a CHF 250.-.<\/p>\n","protected":false},"excerpt":{"rendered":"<p>Herba Di Berna Muffin ai Mirtilli Outdoor 45 gr. Una nuova stella nel firmamento del CBD, Blueberry Muffin, \u00e8 una variet\u00e0 ibrida a predominanza indica originariamente creata dall&#8217;incrocio tra Blueberry e Purple Panty Dropper. I fiori sono stati coltivati \u200b\u200bdal nostro partner biologico, Aare Hanf, a Belpberg. A differenza delle coltivazioni indoor, la struttura dei [&hellip;]<\/p>\n","protected":false},"featured_media":206565,"template":"","meta":[],"product_brand":[],"product_cat":[2100,2004],"product_tag":[],"class_list":{"0":"post-206558","1":"product","2":"type-product","3":"status-publish","4":"has-post-thumbnail","6":"product_cat-canapa-cbd","7":"product_cat-diverso-headshop","9":"first","10":"onbackorder","11":"purchasable","12":"product-type-simple"},"yoast_head":"<!-- This site is optimized with the Yoast SEO plugin v27.0 - https:\/\/yoast.com\/product\/yoast-seo-wordpress\/ -->\n<title>Herba Di Berna Muffin ai Mirtilli Outdoor 45 gr. - Tabakversand.ch | Alles aus der Welt des Tabaks<\/title>\n<meta name=\"description\" content=\"Herba Di Berna Muffin ai Mirtilli Outdoor 45 gr. | Un&#039;ampia selezione di prodotti del tabacco, e-smoke e utensili da fumo in tutta la Svizzera | Carte accettate!\" \/>\n<meta name=\"robots\" content=\"index, follow, max-snippet:-1, max-image-preview:large, max-video-preview:-1\" \/>\n<link rel=\"canonical\" href=\"https:\/\/www.tabakversand.ch\/it\/prodotto\/herba-di-berna-muffin-ai-mirtilli-outdoor-45-gr\/\" \/>\n<meta property=\"og:locale\" content=\"it_IT\" \/>\n<meta property=\"og:type\" content=\"article\" \/>\n<meta property=\"og:title\" content=\"Herba Di Berna Muffin ai Mirtilli Outdoor 45 gr. - Tabakversand.ch | Alles aus der Welt des Tabaks\" \/>\n<meta property=\"og:description\" content=\"Herba Di Berna Muffin ai Mirtilli Outdoor 45 gr. | Un&#039;ampia selezione di prodotti del tabacco, e-smoke e utensili da fumo in tutta la Svizzera | Carte accettate!\" \/>\n<meta property=\"og:url\" content=\"https:\/\/www.tabakversand.ch\/it\/prodotto\/herba-di-berna-muffin-ai-mirtilli-outdoor-45-gr\/\" \/>\n<meta property=\"og:site_name\" content=\"Tabakversand.ch | Alles aus der Welt des Tabaks\" \/>\n<meta property=\"article:modified_time\" content=\"2025-11-25T13:23:38+00:00\" \/>\n<meta property=\"og:image\" content=\"https:\/\/www.tabakversand.ch\/wp-content\/uploads\/2025\/11\/herba-di-berna-blueberry-muffin-45.jpg\" \/>\n\t<meta property=\"og:image:width\" content=\"500\" \/>\n\t<meta property=\"og:image:height\" content=\"500\" \/>\n\t<meta property=\"og:image:type\" content=\"image\/jpeg\" \/>\n<meta name=\"twitter:card\" content=\"summary_large_image\" \/>\n<meta name=\"twitter:label1\" content=\"Tempo di lettura stimato\" \/>\n\t<meta name=\"twitter:data1\" content=\"2 minuti\" \/>\n<script type=\"application\/ld+json\" class=\"yoast-schema-graph\">{\"@context\":\"https:\/\/schema.org\",\"@graph\":[{\"@type\":\"WebPage\",\"@id\":\"https:\/\/www.tabakversand.ch\/it\/prodotto\/herba-di-berna-muffin-ai-mirtilli-outdoor-45-gr\/\",\"url\":\"https:\/\/www.tabakversand.ch\/it\/prodotto\/herba-di-berna-muffin-ai-mirtilli-outdoor-45-gr\/\",\"name\":\"Herba Di Berna Muffin ai Mirtilli Outdoor 45 gr. - Tabakversand.ch | Alles aus der Welt des Tabaks\",\"isPartOf\":{\"@id\":\"https:\/\/www.tabakversand.ch\/#website\"},\"primaryImageOfPage\":{\"@id\":\"https:\/\/www.tabakversand.ch\/it\/prodotto\/herba-di-berna-muffin-ai-mirtilli-outdoor-45-gr\/#primaryimage\"},\"image\":{\"@id\":\"https:\/\/www.tabakversand.ch\/it\/prodotto\/herba-di-berna-muffin-ai-mirtilli-outdoor-45-gr\/#primaryimage\"},\"thumbnailUrl\":\"https:\/\/www.tabakversand.ch\/wp-content\/uploads\/2025\/11\/herba-di-berna-blueberry-muffin-45.jpg\",\"datePublished\":\"2025-11-25T13:14:49+00:00\",\"dateModified\":\"2025-11-25T13:23:38+00:00\",\"description\":\"Herba Di Berna Muffin ai Mirtilli Outdoor 45 gr. | Un'ampia selezione di prodotti del tabacco, e-smoke e utensili da fumo in tutta la Svizzera | Carte accettate!\",\"breadcrumb\":{\"@id\":\"https:\/\/www.tabakversand.ch\/it\/prodotto\/herba-di-berna-muffin-ai-mirtilli-outdoor-45-gr\/#breadcrumb\"},\"inLanguage\":\"it-IT\",\"potentialAction\":[{\"@type\":\"ReadAction\",\"target\":[\"https:\/\/www.tabakversand.ch\/it\/prodotto\/herba-di-berna-muffin-ai-mirtilli-outdoor-45-gr\/\"]}]},{\"@type\":\"ImageObject\",\"inLanguage\":\"it-IT\",\"@id\":\"https:\/\/www.tabakversand.ch\/it\/prodotto\/herba-di-berna-muffin-ai-mirtilli-outdoor-45-gr\/#primaryimage\",\"url\":\"https:\/\/www.tabakversand.ch\/wp-content\/uploads\/2025\/11\/herba-di-berna-blueberry-muffin-45.jpg\",\"contentUrl\":\"https:\/\/www.tabakversand.ch\/wp-content\/uploads\/2025\/11\/herba-di-berna-blueberry-muffin-45.jpg\",\"width\":500,\"height\":500,\"caption\":\"Herba Di Berna Muffin ai Mirtilli Outdoor 45 gr. | tabakversand.ch\"},{\"@type\":\"BreadcrumbList\",\"@id\":\"https:\/\/www.tabakversand.ch\/it\/prodotto\/herba-di-berna-muffin-ai-mirtilli-outdoor-45-gr\/#breadcrumb\",\"itemListElement\":[{\"@type\":\"ListItem\",\"position\":1,\"name\":\"Startseite\",\"item\":\"https:\/\/www.tabakversand.ch\/\"},{\"@type\":\"ListItem\",\"position\":2,\"name\":\"Negozio\",\"item\":\"https:\/\/www.tabakversand.ch\/it\/negozio\/\"},{\"@type\":\"ListItem\",\"position\":3,\"name\":\"Herba Di Berna Muffin ai Mirtilli Outdoor 45 gr.\"}]},{\"@type\":\"WebSite\",\"@id\":\"https:\/\/www.tabakversand.ch\/#website\",\"url\":\"https:\/\/www.tabakversand.ch\/\",\"name\":\"Tabakversand.ch | Alles aus der Welt des Tabaks\",\"description\":\"Smoke and carpe diem\",\"potentialAction\":[{\"@type\":\"SearchAction\",\"target\":{\"@type\":\"EntryPoint\",\"urlTemplate\":\"https:\/\/www.tabakversand.ch\/?s={search_term_string}\"},\"query-input\":{\"@type\":\"PropertyValueSpecification\",\"valueRequired\":true,\"valueName\":\"search_term_string\"}}],\"inLanguage\":\"it-IT\"}]}<\/script>\n<!-- \/ Yoast SEO plugin. -->","yoast_head_json":{"title":"Herba Di Berna Muffin ai Mirtilli Outdoor 45 gr. - Tabakversand.ch | Alles aus der Welt des Tabaks","description":"Herba Di Berna Muffin ai Mirtilli Outdoor 45 gr. | Un'ampia selezione di prodotti del tabacco, e-smoke e utensili da fumo in tutta la Svizzera | Carte accettate!","robots":{"index":"index","follow":"follow","max-snippet":"max-snippet:-1","max-image-preview":"max-image-preview:large","max-video-preview":"max-video-preview:-1"},"canonical":"https:\/\/www.tabakversand.ch\/it\/prodotto\/herba-di-berna-muffin-ai-mirtilli-outdoor-45-gr\/","og_locale":"it_IT","og_type":"article","og_title":"Herba Di Berna Muffin ai Mirtilli Outdoor 45 gr. - Tabakversand.ch | Alles aus der Welt des Tabaks","og_description":"Herba Di Berna Muffin ai Mirtilli Outdoor 45 gr. | Un'ampia selezione di prodotti del tabacco, e-smoke e utensili da fumo in tutta la Svizzera | Carte accettate!","og_url":"https:\/\/www.tabakversand.ch\/it\/prodotto\/herba-di-berna-muffin-ai-mirtilli-outdoor-45-gr\/","og_site_name":"Tabakversand.ch | Alles aus der Welt des Tabaks","article_modified_time":"2025-11-25T13:23:38+00:00","og_image":[{"width":500,"height":500,"url":"https:\/\/www.tabakversand.ch\/wp-content\/uploads\/2025\/11\/herba-di-berna-blueberry-muffin-45.jpg","type":"image\/jpeg"}],"twitter_card":"summary_large_image","twitter_misc":{"Tempo di lettura stimato":"2 minuti"},"schema":{"@context":"https:\/\/schema.org","@graph":[{"@type":"WebPage","@id":"https:\/\/www.tabakversand.ch\/it\/prodotto\/herba-di-berna-muffin-ai-mirtilli-outdoor-45-gr\/","url":"https:\/\/www.tabakversand.ch\/it\/prodotto\/herba-di-berna-muffin-ai-mirtilli-outdoor-45-gr\/","name":"Herba Di Berna Muffin ai Mirtilli Outdoor 45 gr. - Tabakversand.ch | Alles aus der Welt des Tabaks","isPartOf":{"@id":"https:\/\/www.tabakversand.ch\/#website"},"primaryImageOfPage":{"@id":"https:\/\/www.tabakversand.ch\/it\/prodotto\/herba-di-berna-muffin-ai-mirtilli-outdoor-45-gr\/#primaryimage"},"image":{"@id":"https:\/\/www.tabakversand.ch\/it\/prodotto\/herba-di-berna-muffin-ai-mirtilli-outdoor-45-gr\/#primaryimage"},"thumbnailUrl":"https:\/\/www.tabakversand.ch\/wp-content\/uploads\/2025\/11\/herba-di-berna-blueberry-muffin-45.jpg","datePublished":"2025-11-25T13:14:49+00:00","dateModified":"2025-11-25T13:23:38+00:00","description":"Herba Di Berna Muffin ai Mirtilli Outdoor 45 gr. | Un'ampia selezione di prodotti del tabacco, e-smoke e utensili da fumo in tutta la Svizzera | Carte accettate!","breadcrumb":{"@id":"https:\/\/www.tabakversand.ch\/it\/prodotto\/herba-di-berna-muffin-ai-mirtilli-outdoor-45-gr\/#breadcrumb"},"inLanguage":"it-IT","potentialAction":[{"@type":"ReadAction","target":["https:\/\/www.tabakversand.ch\/it\/prodotto\/herba-di-berna-muffin-ai-mirtilli-outdoor-45-gr\/"]}]},{"@type":"ImageObject","inLanguage":"it-IT","@id":"https:\/\/www.tabakversand.ch\/it\/prodotto\/herba-di-berna-muffin-ai-mirtilli-outdoor-45-gr\/#primaryimage","url":"https:\/\/www.tabakversand.ch\/wp-content\/uploads\/2025\/11\/herba-di-berna-blueberry-muffin-45.jpg","contentUrl":"https:\/\/www.tabakversand.ch\/wp-content\/uploads\/2025\/11\/herba-di-berna-blueberry-muffin-45.jpg","width":500,"height":500,"caption":"Herba Di Berna Muffin ai Mirtilli Outdoor 45 gr. | tabakversand.ch"},{"@type":"BreadcrumbList","@id":"https:\/\/www.tabakversand.ch\/it\/prodotto\/herba-di-berna-muffin-ai-mirtilli-outdoor-45-gr\/#breadcrumb","itemListElement":[{"@type":"ListItem","position":1,"name":"Startseite","item":"https:\/\/www.tabakversand.ch\/"},{"@type":"ListItem","position":2,"name":"Negozio","item":"https:\/\/www.tabakversand.ch\/it\/negozio\/"},{"@type":"ListItem","position":3,"name":"Herba Di Berna Muffin ai Mirtilli Outdoor 45 gr."}]},{"@type":"WebSite","@id":"https:\/\/www.tabakversand.ch\/#website","url":"https:\/\/www.tabakversand.ch\/","name":"Tabakversand.ch | Alles aus der Welt des Tabaks","description":"Smoke and carpe diem","potentialAction":[{"@type":"SearchAction","target":{"@type":"EntryPoint","urlTemplate":"https:\/\/www.tabakversand.ch\/?s={search_term_string}"},"query-input":{"@type":"PropertyValueSpecification","valueRequired":true,"valueName":"search_term_string"}}],"inLanguage":"it-IT"}]}},"_links":{"self":[{"href":"https:\/\/www.tabakversand.ch\/it\/wp-json\/wp\/v2\/product\/206558","targetHints":{"allow":["GET"]}}],"collection":[{"href":"https:\/\/www.tabakversand.ch\/it\/wp-json\/wp\/v2\/product"}],"about":[{"href":"https:\/\/www.tabakversand.ch\/it\/wp-json\/wp\/v2\/types\/product"}],"version-history":[{"count":3,"href":"https:\/\/www.tabakversand.ch\/it\/wp-json\/wp\/v2\/product\/206558\/revisions"}],"predecessor-version":[{"id":206575,"href":"https:\/\/www.tabakversand.ch\/it\/wp-json\/wp\/v2\/product\/206558\/revisions\/206575"}],"wp:featuredmedia":[{"embeddable":true,"href":"https:\/\/www.tabakversand.ch\/it\/wp-json\/wp\/v2\/media\/206565"}],"wp:attachment":[{"href":"https:\/\/www.tabakversand.ch\/it\/wp-json\/wp\/v2\/media?parent=206558"}],"wp:term":[{"taxonomy":"product_brand","embeddable":true,"href":"https:\/\/www.tabakversand.ch\/it\/wp-json\/wp\/v2\/product_brand?post=206558"},{"taxonomy":"product_cat","embeddable":true,"href":"https:\/\/www.tabakversand.ch\/it\/wp-json\/wp\/v2\/product_cat?post=206558"},{"taxonomy":"product_tag","embeddable":true,"href":"https:\/\/www.tabakversand.ch\/it\/wp-json\/wp\/v2\/product_tag?post=206558"}],"curies":[{"name":"wp","href":"https:\/\/api.w.org\/{rel}","templated":true}]}}