{"id":206721,"date":"2025-11-27T13:52:29","date_gmt":"2025-11-27T12:52:29","guid":{"rendered":"https:\/\/www.tabakversand.ch\/?post_type=product&#038;p=206721"},"modified":"2026-04-05T19:47:48","modified_gmt":"2026-04-05T17:47:48","slug":"frerot-blond-1-x-100-gr-tabacco-da-sigaretta","status":"publish","type":"product","link":"https:\/\/www.tabakversand.ch\/it\/prodotto\/frerot-blond-1-x-100-gr-tabacco-da-sigaretta\/","title":{"rendered":"Fr\u00e9rot Blond 1 x 100 gr. Tabacco da sigaretta"},"content":{"rendered":"<p>Fr\u00e9rot Blond 1 x 100 gr. Tabacco da sigaretta<\/p>\n<p>Piacere del tabacco leggero ed equilibrato<\/p>\n<p>Fr\u00e9rot Blond \u00e8 una miscela accuratamente realizzata di autentici tabacchi biondi e una piccola percentuale di tabacchi scuri provenienti da Sud America, Africa e Asia. Questa combinazione crea un perfetto equilibrio di sapori, aggiungendo un tocco di complessit\u00e0 all&#8217;esperienza del tabacco classico. Il tabacco ha un taglio fine e uniforme, che lo rende ideale per rollare e riempire le sigarette. Grazie alla sua miscela pi\u00f9 leggera, Fr\u00e9rot Blond offre un gusto pi\u00f9 delicato, pur mantenendo gli aromi caratteristici di un tabacco di alta qualit\u00e0. \u00c8 un tabacco per i fumatori che preferiscono un&#8217;esperienza di fumo delicata ma corposa.    <\/p>\n<p>Tutti i prezzi sono validi solo per gli ordini online e includono l&#8217;IVA, sono soggetti a modifiche senza preavviso e non includono le spese di spedizione.   Con riserva di errori, modifiche nella fornitura e nella progettazione, errori di stampa e modifiche dei prezzi. I prezzi barrati sono invece prezzi. L&#8217;immagine pu\u00f2 differire dall&#8217;originale\/dalla fornitura.<br \/>\n*Spedizione gratuita per ordini superiori a CHF 250.-.<\/p>\n","protected":false},"excerpt":{"rendered":"<p>Fr\u00e9rot Blond 1 x 100 gr. Tabacco da sigaretta Piacere del tabacco leggero ed equilibrato Fr\u00e9rot Blond \u00e8 una miscela accuratamente realizzata di autentici tabacchi biondi e una piccola percentuale di tabacchi scuri provenienti da Sud America, Africa e Asia. Questa combinazione crea un perfetto equilibrio di sapori, aggiungendo un tocco di complessit\u00e0 all&#8217;esperienza del [&hellip;]<\/p>\n","protected":false},"featured_media":206725,"template":"","meta":[],"product_brand":[5696],"product_cat":[1962,1889,1965,1966],"product_tag":[],"class_list":{"0":"post-206721","1":"product","2":"type-product","3":"status-publish","4":"has-post-thumbnail","6":"product_brand-frerot-feinschnitt","7":"product_cat-sigarette-self-made","8":"product_cat-tabacco","9":"product_cat-tabacco-da-sigaretta","10":"product_cat-tabacco-da-sigaretta-it","12":"first","13":"onbackorder","14":"featured","15":"purchasable","16":"product-type-simple"},"yoast_head":"<!-- This site is optimized with the Yoast SEO plugin v27.0 - https:\/\/yoast.com\/product\/yoast-seo-wordpress\/ -->\n<title>Fr\u00e9rot Blond 1 x 100 gr. Tabacco da sigaretta - Tabakversand.ch | Alles aus der Welt des Tabaks<\/title>\n<meta name=\"description\" content=\"Fr\u00e9rot Blond 1 x 100 gr. Tabacco e sigarette | Ampia selezione di prodotti del tabacco, sigarette elettroniche e accessori per fumatori in tutta la Svizzera | Carte di credito accettate!\" \/>\n<meta name=\"robots\" content=\"index, follow, max-snippet:-1, max-image-preview:large, max-video-preview:-1\" \/>\n<link rel=\"canonical\" href=\"https:\/\/www.tabakversand.ch\/it\/prodotto\/frerot-blond-1-x-100-gr-tabacco-da-sigaretta\/\" \/>\n<meta property=\"og:locale\" content=\"it_IT\" \/>\n<meta property=\"og:type\" content=\"article\" \/>\n<meta property=\"og:title\" content=\"Fr\u00e9rot Blond 1 x 100 gr. Tabacco da sigaretta - Tabakversand.ch | Alles aus der Welt des Tabaks\" \/>\n<meta property=\"og:description\" content=\"Fr\u00e9rot Blond 1 x 100 gr. Tabacco e sigarette | Ampia selezione di prodotti del tabacco, sigarette elettroniche e accessori per fumatori in tutta la Svizzera | Carte di credito accettate!\" \/>\n<meta property=\"og:url\" content=\"https:\/\/www.tabakversand.ch\/it\/prodotto\/frerot-blond-1-x-100-gr-tabacco-da-sigaretta\/\" \/>\n<meta property=\"og:site_name\" content=\"Tabakversand.ch | Alles aus der Welt des Tabaks\" \/>\n<meta property=\"article:modified_time\" content=\"2026-04-05T17:47:48+00:00\" \/>\n<meta property=\"og:image\" content=\"https:\/\/www.tabakversand.ch\/wp-content\/uploads\/2025\/11\/frerot-dose.jpg\" \/>\n\t<meta property=\"og:image:width\" content=\"500\" \/>\n\t<meta property=\"og:image:height\" content=\"500\" \/>\n\t<meta property=\"og:image:type\" content=\"image\/jpeg\" \/>\n<meta name=\"twitter:card\" content=\"summary_large_image\" \/>\n<meta name=\"twitter:label1\" content=\"Tempo di lettura stimato\" \/>\n\t<meta name=\"twitter:data1\" content=\"2 minuti\" \/>\n<script type=\"application\/ld+json\" class=\"yoast-schema-graph\">{\"@context\":\"https:\/\/schema.org\",\"@graph\":[{\"@type\":\"WebPage\",\"@id\":\"https:\/\/www.tabakversand.ch\/it\/prodotto\/frerot-blond-1-x-100-gr-tabacco-da-sigaretta\/\",\"url\":\"https:\/\/www.tabakversand.ch\/it\/prodotto\/frerot-blond-1-x-100-gr-tabacco-da-sigaretta\/\",\"name\":\"Fr\u00e9rot Blond 1 x 100 gr. Tabacco da sigaretta - Tabakversand.ch | Alles aus der Welt des Tabaks\",\"isPartOf\":{\"@id\":\"https:\/\/www.tabakversand.ch\/#website\"},\"primaryImageOfPage\":{\"@id\":\"https:\/\/www.tabakversand.ch\/it\/prodotto\/frerot-blond-1-x-100-gr-tabacco-da-sigaretta\/#primaryimage\"},\"image\":{\"@id\":\"https:\/\/www.tabakversand.ch\/it\/prodotto\/frerot-blond-1-x-100-gr-tabacco-da-sigaretta\/#primaryimage\"},\"thumbnailUrl\":\"https:\/\/www.tabakversand.ch\/wp-content\/uploads\/2025\/11\/frerot-dose.jpg\",\"datePublished\":\"2025-11-27T12:52:29+00:00\",\"dateModified\":\"2026-04-05T17:47:48+00:00\",\"description\":\"Fr\u00e9rot Blond 1 x 100 gr. Tabacco e sigarette | Ampia selezione di prodotti del tabacco, sigarette elettroniche e accessori per fumatori in tutta la Svizzera | Carte di credito accettate!\",\"breadcrumb\":{\"@id\":\"https:\/\/www.tabakversand.ch\/it\/prodotto\/frerot-blond-1-x-100-gr-tabacco-da-sigaretta\/#breadcrumb\"},\"inLanguage\":\"it-IT\",\"potentialAction\":[{\"@type\":\"ReadAction\",\"target\":[\"https:\/\/www.tabakversand.ch\/it\/prodotto\/frerot-blond-1-x-100-gr-tabacco-da-sigaretta\/\"]}]},{\"@type\":\"ImageObject\",\"inLanguage\":\"it-IT\",\"@id\":\"https:\/\/www.tabakversand.ch\/it\/prodotto\/frerot-blond-1-x-100-gr-tabacco-da-sigaretta\/#primaryimage\",\"url\":\"https:\/\/www.tabakversand.ch\/wp-content\/uploads\/2025\/11\/frerot-dose.jpg\",\"contentUrl\":\"https:\/\/www.tabakversand.ch\/wp-content\/uploads\/2025\/11\/frerot-dose.jpg\",\"width\":500,\"height\":500,\"caption\":\"Fr\u00e9rot Blond 1 x 100 gr. Tabacco da sigaretta | tabakversand.ch\"},{\"@type\":\"BreadcrumbList\",\"@id\":\"https:\/\/www.tabakversand.ch\/it\/prodotto\/frerot-blond-1-x-100-gr-tabacco-da-sigaretta\/#breadcrumb\",\"itemListElement\":[{\"@type\":\"ListItem\",\"position\":1,\"name\":\"Startseite\",\"item\":\"https:\/\/www.tabakversand.ch\/\"},{\"@type\":\"ListItem\",\"position\":2,\"name\":\"Negozio\",\"item\":\"https:\/\/www.tabakversand.ch\/it\/negozio\/\"},{\"@type\":\"ListItem\",\"position\":3,\"name\":\"Fr\u00e9rot Blond 1 x 100 gr. Tabacco da sigaretta\"}]},{\"@type\":\"WebSite\",\"@id\":\"https:\/\/www.tabakversand.ch\/#website\",\"url\":\"https:\/\/www.tabakversand.ch\/\",\"name\":\"Tabakversand.ch | Alles aus der Welt des Tabaks\",\"description\":\"Smoke and carpe diem\",\"potentialAction\":[{\"@type\":\"SearchAction\",\"target\":{\"@type\":\"EntryPoint\",\"urlTemplate\":\"https:\/\/www.tabakversand.ch\/?s={search_term_string}\"},\"query-input\":{\"@type\":\"PropertyValueSpecification\",\"valueRequired\":true,\"valueName\":\"search_term_string\"}}],\"inLanguage\":\"it-IT\"}]}<\/script>\n<!-- \/ Yoast SEO plugin. -->","yoast_head_json":{"title":"Fr\u00e9rot Blond 1 x 100 gr. Tabacco da sigaretta - Tabakversand.ch | Alles aus der Welt des Tabaks","description":"Fr\u00e9rot Blond 1 x 100 gr. Tabacco e sigarette | Ampia selezione di prodotti del tabacco, sigarette elettroniche e accessori per fumatori in tutta la Svizzera | Carte di credito accettate!","robots":{"index":"index","follow":"follow","max-snippet":"max-snippet:-1","max-image-preview":"max-image-preview:large","max-video-preview":"max-video-preview:-1"},"canonical":"https:\/\/www.tabakversand.ch\/it\/prodotto\/frerot-blond-1-x-100-gr-tabacco-da-sigaretta\/","og_locale":"it_IT","og_type":"article","og_title":"Fr\u00e9rot Blond 1 x 100 gr. Tabacco da sigaretta - Tabakversand.ch | Alles aus der Welt des Tabaks","og_description":"Fr\u00e9rot Blond 1 x 100 gr. Tabacco e sigarette | Ampia selezione di prodotti del tabacco, sigarette elettroniche e accessori per fumatori in tutta la Svizzera | Carte di credito accettate!","og_url":"https:\/\/www.tabakversand.ch\/it\/prodotto\/frerot-blond-1-x-100-gr-tabacco-da-sigaretta\/","og_site_name":"Tabakversand.ch | Alles aus der Welt des Tabaks","article_modified_time":"2026-04-05T17:47:48+00:00","og_image":[{"width":500,"height":500,"url":"https:\/\/www.tabakversand.ch\/wp-content\/uploads\/2025\/11\/frerot-dose.jpg","type":"image\/jpeg"}],"twitter_card":"summary_large_image","twitter_misc":{"Tempo di lettura stimato":"2 minuti"},"schema":{"@context":"https:\/\/schema.org","@graph":[{"@type":"WebPage","@id":"https:\/\/www.tabakversand.ch\/it\/prodotto\/frerot-blond-1-x-100-gr-tabacco-da-sigaretta\/","url":"https:\/\/www.tabakversand.ch\/it\/prodotto\/frerot-blond-1-x-100-gr-tabacco-da-sigaretta\/","name":"Fr\u00e9rot Blond 1 x 100 gr. Tabacco da sigaretta - Tabakversand.ch | Alles aus der Welt des Tabaks","isPartOf":{"@id":"https:\/\/www.tabakversand.ch\/#website"},"primaryImageOfPage":{"@id":"https:\/\/www.tabakversand.ch\/it\/prodotto\/frerot-blond-1-x-100-gr-tabacco-da-sigaretta\/#primaryimage"},"image":{"@id":"https:\/\/www.tabakversand.ch\/it\/prodotto\/frerot-blond-1-x-100-gr-tabacco-da-sigaretta\/#primaryimage"},"thumbnailUrl":"https:\/\/www.tabakversand.ch\/wp-content\/uploads\/2025\/11\/frerot-dose.jpg","datePublished":"2025-11-27T12:52:29+00:00","dateModified":"2026-04-05T17:47:48+00:00","description":"Fr\u00e9rot Blond 1 x 100 gr. Tabacco e sigarette | Ampia selezione di prodotti del tabacco, sigarette elettroniche e accessori per fumatori in tutta la Svizzera | Carte di credito accettate!","breadcrumb":{"@id":"https:\/\/www.tabakversand.ch\/it\/prodotto\/frerot-blond-1-x-100-gr-tabacco-da-sigaretta\/#breadcrumb"},"inLanguage":"it-IT","potentialAction":[{"@type":"ReadAction","target":["https:\/\/www.tabakversand.ch\/it\/prodotto\/frerot-blond-1-x-100-gr-tabacco-da-sigaretta\/"]}]},{"@type":"ImageObject","inLanguage":"it-IT","@id":"https:\/\/www.tabakversand.ch\/it\/prodotto\/frerot-blond-1-x-100-gr-tabacco-da-sigaretta\/#primaryimage","url":"https:\/\/www.tabakversand.ch\/wp-content\/uploads\/2025\/11\/frerot-dose.jpg","contentUrl":"https:\/\/www.tabakversand.ch\/wp-content\/uploads\/2025\/11\/frerot-dose.jpg","width":500,"height":500,"caption":"Fr\u00e9rot Blond 1 x 100 gr. Tabacco da sigaretta | tabakversand.ch"},{"@type":"BreadcrumbList","@id":"https:\/\/www.tabakversand.ch\/it\/prodotto\/frerot-blond-1-x-100-gr-tabacco-da-sigaretta\/#breadcrumb","itemListElement":[{"@type":"ListItem","position":1,"name":"Startseite","item":"https:\/\/www.tabakversand.ch\/"},{"@type":"ListItem","position":2,"name":"Negozio","item":"https:\/\/www.tabakversand.ch\/it\/negozio\/"},{"@type":"ListItem","position":3,"name":"Fr\u00e9rot Blond 1 x 100 gr. Tabacco da sigaretta"}]},{"@type":"WebSite","@id":"https:\/\/www.tabakversand.ch\/#website","url":"https:\/\/www.tabakversand.ch\/","name":"Tabakversand.ch | Alles aus der Welt des Tabaks","description":"Smoke and carpe diem","potentialAction":[{"@type":"SearchAction","target":{"@type":"EntryPoint","urlTemplate":"https:\/\/www.tabakversand.ch\/?s={search_term_string}"},"query-input":{"@type":"PropertyValueSpecification","valueRequired":true,"valueName":"search_term_string"}}],"inLanguage":"it-IT"}]}},"_links":{"self":[{"href":"https:\/\/www.tabakversand.ch\/it\/wp-json\/wp\/v2\/product\/206721","targetHints":{"allow":["GET"]}}],"collection":[{"href":"https:\/\/www.tabakversand.ch\/it\/wp-json\/wp\/v2\/product"}],"about":[{"href":"https:\/\/www.tabakversand.ch\/it\/wp-json\/wp\/v2\/types\/product"}],"version-history":[{"count":4,"href":"https:\/\/www.tabakversand.ch\/it\/wp-json\/wp\/v2\/product\/206721\/revisions"}],"predecessor-version":[{"id":216987,"href":"https:\/\/www.tabakversand.ch\/it\/wp-json\/wp\/v2\/product\/206721\/revisions\/216987"}],"wp:featuredmedia":[{"embeddable":true,"href":"https:\/\/www.tabakversand.ch\/it\/wp-json\/wp\/v2\/media\/206725"}],"wp:attachment":[{"href":"https:\/\/www.tabakversand.ch\/it\/wp-json\/wp\/v2\/media?parent=206721"}],"wp:term":[{"taxonomy":"product_brand","embeddable":true,"href":"https:\/\/www.tabakversand.ch\/it\/wp-json\/wp\/v2\/product_brand?post=206721"},{"taxonomy":"product_cat","embeddable":true,"href":"https:\/\/www.tabakversand.ch\/it\/wp-json\/wp\/v2\/product_cat?post=206721"},{"taxonomy":"product_tag","embeddable":true,"href":"https:\/\/www.tabakversand.ch\/it\/wp-json\/wp\/v2\/product_tag?post=206721"}],"curies":[{"name":"wp","href":"https:\/\/api.w.org\/{rel}","templated":true}]}}