{"id":206773,"date":"2025-12-03T12:45:00","date_gmt":"2025-12-03T11:45:00","guid":{"rendered":"https:\/\/www.tabakversand.ch\/?post_type=product&#038;p=206773"},"modified":"2025-12-03T13:01:46","modified_gmt":"2025-12-03T12:01:46","slug":"coni-gizeh-non-sbiancati-con-filtro-24-x-3-pezzi","status":"publish","type":"product","link":"https:\/\/www.tabakversand.ch\/it\/prodotto\/coni-gizeh-non-sbiancati-con-filtro-24-x-3-pezzi\/","title":{"rendered":"Coni Gizeh non sbiancati con filtro 24 x 3 pezzi."},"content":{"rendered":"<p>Coni Gizeh non sbiancati con filtro 24 x 3 pezzi.<\/p>\n<p>Scopri la qualit\u00e0 naturale dei coni non sbiancati GIZEH: la scelta perfetta per un piacere genuino e una piacevole esperienza di fumo con filtri di carta.<\/p>\n<p>Che tu sia ancora alle prime armi o che tu preferisca semplicemente una qualit\u00e0 costante, i coni GIZEH ti offrono la strada pi\u00f9 semplice per una canna perfetta. I coni combinano carta king size non sbiancata con filtri di alta qualit\u00e0 e sono ideali per chi apprezza gusto, comfort e prestazioni. <\/p>\n<p>I coni non sbiancati GIZEH con punte sono realizzati in carta ultrafine non sbiancata per una combustione lenta e uniforme.<\/p>\n<p>Scoprite materiali naturali e un design curato nei minimi dettagli: per intenditori esigenti che apprezzano la qualit\u00e0 e la sostenibilit\u00e0.<\/p>\n<p>fatto:<\/p>\n<p>\u2013 3 coni per confezione<br \/>\n \u2013 Carta king size marrone naturale non sbiancata<br \/>\n \u2013 Filtro di carta integrato<br \/>\n \u2013 lunghezza totale 11 cm<br \/>\n \u2013 Diametro 6 mm al bocchino<br \/>\n \u2013 Diametro 12 mm nella zona di riempimento<br \/>\n \u2013 Carta a combustione lenta con una grammatura di 14,0 g\/m\u00b2<br \/>\n \u2013 Lunghezza del filtro circa 30 mm<\/p>\n<p>Tutti i prezzi si applicano solo agli ordini online e sono comprensivi di IVA. Soggetto a modifiche senza preavviso, escluse le spese di spedizione. Con riserva di errori, modifiche nell&#8217;ambito di consegna e nel design, errori di stampa e variazioni di prezzo. I prezzi barrati sono prezzi sostitutivi. Le illustrazioni possono differire dall&#8217;originale\/dall&#8217;ambito di consegna.<br \/>\n*Spedizione gratuita per ordini superiori a CHF 250.-.<\/p>\n","protected":false},"excerpt":{"rendered":"<p>Coni Gizeh non sbiancati con filtro 24 x 3 pezzi. Scopri la qualit\u00e0 naturale dei coni non sbiancati GIZEH: la scelta perfetta per un piacere genuino e una piacevole esperienza di fumo con filtri di carta. Che tu sia ancora alle prime armi o che tu preferisca semplicemente una qualit\u00e0 costante, i coni GIZEH ti [&hellip;]<\/p>\n","protected":false},"featured_media":206777,"template":"","meta":[],"product_brand":[1564],"product_cat":[3223,2004,3220],"product_tag":[],"class_list":{"0":"post-206773","1":"product","2":"type-product","3":"status-publish","4":"has-post-thumbnail","6":"product_brand-gizeh","7":"product_cat-coni","8":"product_cat-diverso-headshop","9":"product_cat-negozio-di-teste","11":"first","12":"onbackorder","13":"featured","14":"purchasable","15":"product-type-simple"},"yoast_head":"<!-- This site is optimized with the Yoast SEO plugin v27.0 - https:\/\/yoast.com\/product\/yoast-seo-wordpress\/ -->\n<title>Coni Gizeh non sbiancati con filtro 24 x 3 pezzi. - Tabakversand.ch | Alles aus der Welt des Tabaks<\/title>\n<meta name=\"description\" content=\"Coni Gizeh non sbiancati con filtro 24 x 3 pezzi | Ampia scelta di prodotti del tabacco, sigarette elettroniche e accessori per fumatori in tutta la Svizzera | Si accettano carte di credito!\" \/>\n<meta name=\"robots\" content=\"index, follow, max-snippet:-1, max-image-preview:large, max-video-preview:-1\" \/>\n<link rel=\"canonical\" href=\"https:\/\/www.tabakversand.ch\/prodotto\/gizeh-unbleached-cones-24-x-3-stk\/\" \/>\n<meta property=\"og:locale\" content=\"it_IT\" \/>\n<meta property=\"og:type\" content=\"article\" \/>\n<meta property=\"og:title\" content=\"Coni Gizeh non sbiancati con filtro 24 x 3 pezzi. - Tabakversand.ch | Alles aus der Welt des Tabaks\" \/>\n<meta property=\"og:description\" content=\"Coni Gizeh non sbiancati con filtro 24 x 3 pezzi | Ampia scelta di prodotti del tabacco, sigarette elettroniche e accessori per fumatori in tutta la Svizzera | Si accettano carte di credito!\" \/>\n<meta property=\"og:url\" content=\"https:\/\/www.tabakversand.ch\/prodotto\/gizeh-unbleached-cones-24-x-3-stk\/\" \/>\n<meta property=\"og:site_name\" content=\"Tabakversand.ch | Alles aus der Welt des Tabaks\" \/>\n<meta property=\"article:modified_time\" content=\"2025-12-03T12:01:46+00:00\" \/>\n<meta property=\"og:image\" content=\"https:\/\/www.tabakversand.ch\/wp-content\/uploads\/2025\/12\/gizeh-unbleached-cones-4238.jpg\" \/>\n\t<meta property=\"og:image:width\" content=\"500\" \/>\n\t<meta property=\"og:image:height\" content=\"500\" \/>\n\t<meta property=\"og:image:type\" content=\"image\/jpeg\" \/>\n<meta name=\"twitter:card\" content=\"summary_large_image\" \/>\n<meta name=\"twitter:label1\" content=\"Tempo di lettura stimato\" \/>\n\t<meta name=\"twitter:data1\" content=\"2 minuti\" \/>\n<script type=\"application\/ld+json\" class=\"yoast-schema-graph\">{\"@context\":\"https:\/\/schema.org\",\"@graph\":[{\"@type\":\"WebPage\",\"@id\":\"https:\/\/www.tabakversand.ch\/prodotto\/gizeh-unbleached-cones-24-x-3-stk\/\",\"url\":\"https:\/\/www.tabakversand.ch\/prodotto\/gizeh-unbleached-cones-24-x-3-stk\/\",\"name\":\"Coni Gizeh non sbiancati con filtro 24 x 3 pezzi. - Tabakversand.ch | Alles aus der Welt des Tabaks\",\"isPartOf\":{\"@id\":\"https:\/\/www.tabakversand.ch\/#website\"},\"primaryImageOfPage\":{\"@id\":\"https:\/\/www.tabakversand.ch\/prodotto\/gizeh-unbleached-cones-24-x-3-stk\/#primaryimage\"},\"image\":{\"@id\":\"https:\/\/www.tabakversand.ch\/prodotto\/gizeh-unbleached-cones-24-x-3-stk\/#primaryimage\"},\"thumbnailUrl\":\"https:\/\/www.tabakversand.ch\/wp-content\/uploads\/2025\/12\/gizeh-unbleached-cones-4238.jpg\",\"datePublished\":\"2025-12-03T11:45:00+00:00\",\"dateModified\":\"2025-12-03T12:01:46+00:00\",\"description\":\"Coni Gizeh non sbiancati con filtro 24 x 3 pezzi | Ampia scelta di prodotti del tabacco, sigarette elettroniche e accessori per fumatori in tutta la Svizzera | Si accettano carte di credito!\",\"breadcrumb\":{\"@id\":\"https:\/\/www.tabakversand.ch\/prodotto\/gizeh-unbleached-cones-24-x-3-stk\/#breadcrumb\"},\"inLanguage\":\"it-IT\",\"potentialAction\":[{\"@type\":\"ReadAction\",\"target\":[\"https:\/\/www.tabakversand.ch\/prodotto\/gizeh-unbleached-cones-24-x-3-stk\/\"]}]},{\"@type\":\"ImageObject\",\"inLanguage\":\"it-IT\",\"@id\":\"https:\/\/www.tabakversand.ch\/prodotto\/gizeh-unbleached-cones-24-x-3-stk\/#primaryimage\",\"url\":\"https:\/\/www.tabakversand.ch\/wp-content\/uploads\/2025\/12\/gizeh-unbleached-cones-4238.jpg\",\"contentUrl\":\"https:\/\/www.tabakversand.ch\/wp-content\/uploads\/2025\/12\/gizeh-unbleached-cones-4238.jpg\",\"width\":500,\"height\":500,\"caption\":\"Coni Gizeh non sbiancati 24 x 3 pezzi. | tabakversand.ch\"},{\"@type\":\"BreadcrumbList\",\"@id\":\"https:\/\/www.tabakversand.ch\/prodotto\/gizeh-unbleached-cones-24-x-3-stk\/#breadcrumb\",\"itemListElement\":[{\"@type\":\"ListItem\",\"position\":1,\"name\":\"Startseite\",\"item\":\"https:\/\/www.tabakversand.ch\/\"},{\"@type\":\"ListItem\",\"position\":2,\"name\":\"Negozio\",\"item\":\"https:\/\/www.tabakversand.ch\/it\/negozio\/\"},{\"@type\":\"ListItem\",\"position\":3,\"name\":\"Coni Gizeh non sbiancati con filtro 24 x 3 pezzi.\"}]},{\"@type\":\"WebSite\",\"@id\":\"https:\/\/www.tabakversand.ch\/#website\",\"url\":\"https:\/\/www.tabakversand.ch\/\",\"name\":\"Tabakversand.ch | Alles aus der Welt des Tabaks\",\"description\":\"Smoke and carpe diem\",\"potentialAction\":[{\"@type\":\"SearchAction\",\"target\":{\"@type\":\"EntryPoint\",\"urlTemplate\":\"https:\/\/www.tabakversand.ch\/?s={search_term_string}\"},\"query-input\":{\"@type\":\"PropertyValueSpecification\",\"valueRequired\":true,\"valueName\":\"search_term_string\"}}],\"inLanguage\":\"it-IT\"}]}<\/script>\n<!-- \/ Yoast SEO plugin. -->","yoast_head_json":{"title":"Coni Gizeh non sbiancati con filtro 24 x 3 pezzi. - Tabakversand.ch | Alles aus der Welt des Tabaks","description":"Coni Gizeh non sbiancati con filtro 24 x 3 pezzi | Ampia scelta di prodotti del tabacco, sigarette elettroniche e accessori per fumatori in tutta la Svizzera | Si accettano carte di credito!","robots":{"index":"index","follow":"follow","max-snippet":"max-snippet:-1","max-image-preview":"max-image-preview:large","max-video-preview":"max-video-preview:-1"},"canonical":"https:\/\/www.tabakversand.ch\/prodotto\/gizeh-unbleached-cones-24-x-3-stk\/","og_locale":"it_IT","og_type":"article","og_title":"Coni Gizeh non sbiancati con filtro 24 x 3 pezzi. - Tabakversand.ch | Alles aus der Welt des Tabaks","og_description":"Coni Gizeh non sbiancati con filtro 24 x 3 pezzi | Ampia scelta di prodotti del tabacco, sigarette elettroniche e accessori per fumatori in tutta la Svizzera | Si accettano carte di credito!","og_url":"https:\/\/www.tabakversand.ch\/prodotto\/gizeh-unbleached-cones-24-x-3-stk\/","og_site_name":"Tabakversand.ch | Alles aus der Welt des Tabaks","article_modified_time":"2025-12-03T12:01:46+00:00","og_image":[{"width":500,"height":500,"url":"https:\/\/www.tabakversand.ch\/wp-content\/uploads\/2025\/12\/gizeh-unbleached-cones-4238.jpg","type":"image\/jpeg"}],"twitter_card":"summary_large_image","twitter_misc":{"Tempo di lettura stimato":"2 minuti"},"schema":{"@context":"https:\/\/schema.org","@graph":[{"@type":"WebPage","@id":"https:\/\/www.tabakversand.ch\/prodotto\/gizeh-unbleached-cones-24-x-3-stk\/","url":"https:\/\/www.tabakversand.ch\/prodotto\/gizeh-unbleached-cones-24-x-3-stk\/","name":"Coni Gizeh non sbiancati con filtro 24 x 3 pezzi. - Tabakversand.ch | Alles aus der Welt des Tabaks","isPartOf":{"@id":"https:\/\/www.tabakversand.ch\/#website"},"primaryImageOfPage":{"@id":"https:\/\/www.tabakversand.ch\/prodotto\/gizeh-unbleached-cones-24-x-3-stk\/#primaryimage"},"image":{"@id":"https:\/\/www.tabakversand.ch\/prodotto\/gizeh-unbleached-cones-24-x-3-stk\/#primaryimage"},"thumbnailUrl":"https:\/\/www.tabakversand.ch\/wp-content\/uploads\/2025\/12\/gizeh-unbleached-cones-4238.jpg","datePublished":"2025-12-03T11:45:00+00:00","dateModified":"2025-12-03T12:01:46+00:00","description":"Coni Gizeh non sbiancati con filtro 24 x 3 pezzi | Ampia scelta di prodotti del tabacco, sigarette elettroniche e accessori per fumatori in tutta la Svizzera | Si accettano carte di credito!","breadcrumb":{"@id":"https:\/\/www.tabakversand.ch\/prodotto\/gizeh-unbleached-cones-24-x-3-stk\/#breadcrumb"},"inLanguage":"it-IT","potentialAction":[{"@type":"ReadAction","target":["https:\/\/www.tabakversand.ch\/prodotto\/gizeh-unbleached-cones-24-x-3-stk\/"]}]},{"@type":"ImageObject","inLanguage":"it-IT","@id":"https:\/\/www.tabakversand.ch\/prodotto\/gizeh-unbleached-cones-24-x-3-stk\/#primaryimage","url":"https:\/\/www.tabakversand.ch\/wp-content\/uploads\/2025\/12\/gizeh-unbleached-cones-4238.jpg","contentUrl":"https:\/\/www.tabakversand.ch\/wp-content\/uploads\/2025\/12\/gizeh-unbleached-cones-4238.jpg","width":500,"height":500,"caption":"Coni Gizeh non sbiancati 24 x 3 pezzi. | tabakversand.ch"},{"@type":"BreadcrumbList","@id":"https:\/\/www.tabakversand.ch\/prodotto\/gizeh-unbleached-cones-24-x-3-stk\/#breadcrumb","itemListElement":[{"@type":"ListItem","position":1,"name":"Startseite","item":"https:\/\/www.tabakversand.ch\/"},{"@type":"ListItem","position":2,"name":"Negozio","item":"https:\/\/www.tabakversand.ch\/it\/negozio\/"},{"@type":"ListItem","position":3,"name":"Coni Gizeh non sbiancati con filtro 24 x 3 pezzi."}]},{"@type":"WebSite","@id":"https:\/\/www.tabakversand.ch\/#website","url":"https:\/\/www.tabakversand.ch\/","name":"Tabakversand.ch | Alles aus der Welt des Tabaks","description":"Smoke and carpe diem","potentialAction":[{"@type":"SearchAction","target":{"@type":"EntryPoint","urlTemplate":"https:\/\/www.tabakversand.ch\/?s={search_term_string}"},"query-input":{"@type":"PropertyValueSpecification","valueRequired":true,"valueName":"search_term_string"}}],"inLanguage":"it-IT"}]}},"_links":{"self":[{"href":"https:\/\/www.tabakversand.ch\/it\/wp-json\/wp\/v2\/product\/206773","targetHints":{"allow":["GET"]}}],"collection":[{"href":"https:\/\/www.tabakversand.ch\/it\/wp-json\/wp\/v2\/product"}],"about":[{"href":"https:\/\/www.tabakversand.ch\/it\/wp-json\/wp\/v2\/types\/product"}],"version-history":[{"count":4,"href":"https:\/\/www.tabakversand.ch\/it\/wp-json\/wp\/v2\/product\/206773\/revisions"}],"predecessor-version":[{"id":206798,"href":"https:\/\/www.tabakversand.ch\/it\/wp-json\/wp\/v2\/product\/206773\/revisions\/206798"}],"wp:featuredmedia":[{"embeddable":true,"href":"https:\/\/www.tabakversand.ch\/it\/wp-json\/wp\/v2\/media\/206777"}],"wp:attachment":[{"href":"https:\/\/www.tabakversand.ch\/it\/wp-json\/wp\/v2\/media?parent=206773"}],"wp:term":[{"taxonomy":"product_brand","embeddable":true,"href":"https:\/\/www.tabakversand.ch\/it\/wp-json\/wp\/v2\/product_brand?post=206773"},{"taxonomy":"product_cat","embeddable":true,"href":"https:\/\/www.tabakversand.ch\/it\/wp-json\/wp\/v2\/product_cat?post=206773"},{"taxonomy":"product_tag","embeddable":true,"href":"https:\/\/www.tabakversand.ch\/it\/wp-json\/wp\/v2\/product_tag?post=206773"}],"curies":[{"name":"wp","href":"https:\/\/api.w.org\/{rel}","templated":true}]}}