{"id":206958,"date":"2025-12-04T12:45:30","date_gmt":"2025-12-04T11:45:30","guid":{"rendered":"https:\/\/www.tabakversand.ch\/?post_type=product&#038;p=206958"},"modified":"2026-01-22T08:50:34","modified_gmt":"2026-01-22T07:50:34","slug":"rouleaux-elements-slim-avec-boite-10-x-5-metres","status":"publish","type":"product","link":"https:\/\/www.tabakversand.ch\/it\/prodotto\/rouleaux-elements-slim-avec-boite-10-x-5-metres\/","title":{"rendered":"Elements Slim Rolls con scatola 10 x 5 metri"},"content":{"rendered":"<p>Elements Slim Rolls con scatola 10 x 5 metri<\/p>\n<p>Cartine Elements Rolls King Size in una scatola elegante e robusta. Le cartine Elements sono realizzate in carta di riso molto sottile. La scatola pu\u00f2 essere utilizzata anche per altri tipi di rotoli di carta.<br \/>\n La carta di riso pura, come quella di Elements Papers, non contiene n\u00e9 sostanze chimiche n\u00e9 polpa di legno o canapa. Negli ultimi 10 anni, il team di Elements Papers ha osservato che sempre pi\u00f9 aziende sono entrate nel mercato della carta di canapa e che la maggior parte dei nuovi marchi si affida principalmente a un buon marketing e a nomi accattivanti, piuttosto che a sottolineare la qualit\u00e0 del prodotto stesso.   <\/p>\n<p>Propriet\u00e0:<\/p>\n<ul>\n<li>Materiale: Riso<\/li>\n<li>Lunghezza: 5 metri<\/li>\n<li>Larghezza: 55 mm<\/li>\n<li>Consegna: Scatola da 10<\/li>\n<\/ul>\n<table width=\"1056\">\n<tbody>\n<tr>\n<td width=\"132\">Versione cartacea:<\/td>\n<td width=\"924\">carta di riso<\/td>\n<\/tr>\n<tr>\n<td width=\"132\">Imballaggio di carta:<\/td>\n<td width=\"924\">Rotoli<\/td>\n<\/tr>\n<\/tbody>\n<\/table>\n<p>Tutti i prezzi si applicano solo agli ordini online e sono comprensivi di IVA. Soggetto a modifiche senza preavviso, escluse le spese di spedizione. Con riserva di errori, modifiche nell&#8217;ambito di consegna e nel design, errori di stampa e variazioni di prezzo. I prezzi barrati sono prezzi sostitutivi. Le illustrazioni possono differire dall&#8217;originale\/dall&#8217;ambito di consegna.     <\/p>\n<p>*Spedizione gratuita per ordini superiori a CHF 250.-.<\/p>\n","protected":false},"excerpt":{"rendered":"<p>Elements Slim Rolls con scatola 10 x 5 metri Cartine Elements Rolls King Size in una scatola elegante e robusta. Le cartine Elements sono realizzate in carta di riso molto sottile. La scatola pu\u00f2 essere utilizzata anche per altri tipi di rotoli di carta. La carta di riso pura, come quella di Elements Papers, non [&hellip;]<\/p>\n","protected":false},"featured_media":206962,"template":"","meta":[],"product_brand":[],"product_cat":[2017,3229,2004,3264,5196,1962],"product_tag":[],"class_list":{"0":"post-206958","1":"product","2":"type-product","3":"status-publish","4":"has-post-thumbnail","6":"product_cat-carta-da-arrotolare","7":"product_cat-carta-lunga-e-rotoli","8":"product_cat-diverso-headshop","9":"product_cat-rotoli","10":"product_cat-rotoli-di-carta","11":"product_cat-sigarette-self-made","13":"first","14":"onbackorder","15":"purchasable","16":"product-type-simple"},"yoast_head":"<!-- This site is optimized with the Yoast SEO plugin v27.5 - https:\/\/yoast.com\/product\/yoast-seo-wordpress\/ -->\n<title>Elements Slim Rolls con scatola 10 x 5 metri - Tabakversand.ch | Alles aus der Welt des Tabaks<\/title>\n<meta name=\"description\" content=\"Elements Slim Rolls con scatola 10 x 5 metri | Ampia scelta di prodotti del tabacco, sigarette elettroniche e accessori per fumatori in tutta la Svizzera | Si accettano carte di credito!\" \/>\n<meta name=\"robots\" content=\"index, follow, max-snippet:-1, max-image-preview:large, max-video-preview:-1\" \/>\n<link rel=\"canonical\" href=\"https:\/\/www.tabakversand.ch\/it\/prodotto\/rouleaux-elements-slim-avec-boite-10-x-5-metres\/\" \/>\n<meta property=\"og:locale\" content=\"it_IT\" \/>\n<meta property=\"og:type\" content=\"article\" \/>\n<meta property=\"og:title\" content=\"Elements Slim Rolls con scatola 10 x 5 metri - Tabakversand.ch | Alles aus der Welt des Tabaks\" \/>\n<meta property=\"og:description\" content=\"Elements Slim Rolls con scatola 10 x 5 metri | Ampia scelta di prodotti del tabacco, sigarette elettroniche e accessori per fumatori in tutta la Svizzera | Si accettano carte di credito!\" \/>\n<meta property=\"og:url\" content=\"https:\/\/www.tabakversand.ch\/it\/prodotto\/rouleaux-elements-slim-avec-boite-10-x-5-metres\/\" \/>\n<meta property=\"og:site_name\" content=\"Tabakversand.ch | Alles aus der Welt des Tabaks\" \/>\n<meta property=\"article:modified_time\" content=\"2026-01-22T07:50:34+00:00\" \/>\n<meta property=\"og:image\" content=\"https:\/\/www.tabakversand.ch\/wp-content\/uploads\/2025\/12\/elements-rolls-mit-box-slim-15622-box.jpg\" \/>\n\t<meta property=\"og:image:width\" content=\"500\" \/>\n\t<meta property=\"og:image:height\" content=\"500\" \/>\n\t<meta property=\"og:image:type\" content=\"image\/jpeg\" \/>\n<meta name=\"twitter:card\" content=\"summary_large_image\" \/>\n<meta name=\"twitter:label1\" content=\"Tempo di lettura stimato\" \/>\n\t<meta name=\"twitter:data1\" content=\"2 minuti\" \/>\n<script type=\"application\/ld+json\" class=\"yoast-schema-graph\">{\"@context\":\"https:\\\/\\\/schema.org\",\"@graph\":[{\"@type\":\"WebPage\",\"@id\":\"https:\\\/\\\/www.tabakversand.ch\\\/it\\\/prodotto\\\/rouleaux-elements-slim-avec-boite-10-x-5-metres\\\/\",\"url\":\"https:\\\/\\\/www.tabakversand.ch\\\/it\\\/prodotto\\\/rouleaux-elements-slim-avec-boite-10-x-5-metres\\\/\",\"name\":\"Elements Slim Rolls con scatola 10 x 5 metri - Tabakversand.ch | Alles aus der Welt des Tabaks\",\"isPartOf\":{\"@id\":\"https:\\\/\\\/www.tabakversand.ch\\\/#website\"},\"primaryImageOfPage\":{\"@id\":\"https:\\\/\\\/www.tabakversand.ch\\\/it\\\/prodotto\\\/rouleaux-elements-slim-avec-boite-10-x-5-metres\\\/#primaryimage\"},\"image\":{\"@id\":\"https:\\\/\\\/www.tabakversand.ch\\\/it\\\/prodotto\\\/rouleaux-elements-slim-avec-boite-10-x-5-metres\\\/#primaryimage\"},\"thumbnailUrl\":\"https:\\\/\\\/www.tabakversand.ch\\\/wp-content\\\/uploads\\\/2025\\\/12\\\/elements-rolls-mit-box-slim-15622-box.jpg\",\"datePublished\":\"2025-12-04T11:45:30+00:00\",\"dateModified\":\"2026-01-22T07:50:34+00:00\",\"description\":\"Elements Slim Rolls con scatola 10 x 5 metri | Ampia scelta di prodotti del tabacco, sigarette elettroniche e accessori per fumatori in tutta la Svizzera | Si accettano carte di credito!\",\"breadcrumb\":{\"@id\":\"https:\\\/\\\/www.tabakversand.ch\\\/it\\\/prodotto\\\/rouleaux-elements-slim-avec-boite-10-x-5-metres\\\/#breadcrumb\"},\"inLanguage\":\"it-IT\",\"potentialAction\":[{\"@type\":\"ReadAction\",\"target\":[\"https:\\\/\\\/www.tabakversand.ch\\\/it\\\/prodotto\\\/rouleaux-elements-slim-avec-boite-10-x-5-metres\\\/\"]}]},{\"@type\":\"ImageObject\",\"inLanguage\":\"it-IT\",\"@id\":\"https:\\\/\\\/www.tabakversand.ch\\\/it\\\/prodotto\\\/rouleaux-elements-slim-avec-boite-10-x-5-metres\\\/#primaryimage\",\"url\":\"https:\\\/\\\/www.tabakversand.ch\\\/wp-content\\\/uploads\\\/2025\\\/12\\\/elements-rolls-mit-box-slim-15622-box.jpg\",\"contentUrl\":\"https:\\\/\\\/www.tabakversand.ch\\\/wp-content\\\/uploads\\\/2025\\\/12\\\/elements-rolls-mit-box-slim-15622-box.jpg\",\"width\":500,\"height\":500,\"caption\":\"Elements Slim Rolls con scatola 10 x 5 metri | tabakversand.ch\"},{\"@type\":\"BreadcrumbList\",\"@id\":\"https:\\\/\\\/www.tabakversand.ch\\\/it\\\/prodotto\\\/rouleaux-elements-slim-avec-boite-10-x-5-metres\\\/#breadcrumb\",\"itemListElement\":[{\"@type\":\"ListItem\",\"position\":1,\"name\":\"Startseite\",\"item\":\"https:\\\/\\\/www.tabakversand.ch\\\/\"},{\"@type\":\"ListItem\",\"position\":2,\"name\":\"Negozio\",\"item\":\"https:\\\/\\\/www.tabakversand.ch\\\/it\\\/negozio\\\/\"},{\"@type\":\"ListItem\",\"position\":3,\"name\":\"Elements Slim Rolls con scatola 10 x 5 metri\"}]},{\"@type\":\"WebSite\",\"@id\":\"https:\\\/\\\/www.tabakversand.ch\\\/#website\",\"url\":\"https:\\\/\\\/www.tabakversand.ch\\\/\",\"name\":\"Tabakversand.ch | Alles aus der Welt des Tabaks\",\"description\":\"Smoke and carpe diem\",\"potentialAction\":[{\"@type\":\"SearchAction\",\"target\":{\"@type\":\"EntryPoint\",\"urlTemplate\":\"https:\\\/\\\/www.tabakversand.ch\\\/?s={search_term_string}\"},\"query-input\":{\"@type\":\"PropertyValueSpecification\",\"valueRequired\":true,\"valueName\":\"search_term_string\"}}],\"inLanguage\":\"it-IT\"}]}<\/script>\n<!-- \/ Yoast SEO plugin. -->","yoast_head_json":{"title":"Elements Slim Rolls con scatola 10 x 5 metri - Tabakversand.ch | Alles aus der Welt des Tabaks","description":"Elements Slim Rolls con scatola 10 x 5 metri | Ampia scelta di prodotti del tabacco, sigarette elettroniche e accessori per fumatori in tutta la Svizzera | Si accettano carte di credito!","robots":{"index":"index","follow":"follow","max-snippet":"max-snippet:-1","max-image-preview":"max-image-preview:large","max-video-preview":"max-video-preview:-1"},"canonical":"https:\/\/www.tabakversand.ch\/it\/prodotto\/rouleaux-elements-slim-avec-boite-10-x-5-metres\/","og_locale":"it_IT","og_type":"article","og_title":"Elements Slim Rolls con scatola 10 x 5 metri - Tabakversand.ch | Alles aus der Welt des Tabaks","og_description":"Elements Slim Rolls con scatola 10 x 5 metri | Ampia scelta di prodotti del tabacco, sigarette elettroniche e accessori per fumatori in tutta la Svizzera | Si accettano carte di credito!","og_url":"https:\/\/www.tabakversand.ch\/it\/prodotto\/rouleaux-elements-slim-avec-boite-10-x-5-metres\/","og_site_name":"Tabakversand.ch | Alles aus der Welt des Tabaks","article_modified_time":"2026-01-22T07:50:34+00:00","og_image":[{"width":500,"height":500,"url":"https:\/\/www.tabakversand.ch\/wp-content\/uploads\/2025\/12\/elements-rolls-mit-box-slim-15622-box.jpg","type":"image\/jpeg"}],"twitter_card":"summary_large_image","twitter_misc":{"Tempo di lettura stimato":"2 minuti"},"schema":{"@context":"https:\/\/schema.org","@graph":[{"@type":"WebPage","@id":"https:\/\/www.tabakversand.ch\/it\/prodotto\/rouleaux-elements-slim-avec-boite-10-x-5-metres\/","url":"https:\/\/www.tabakversand.ch\/it\/prodotto\/rouleaux-elements-slim-avec-boite-10-x-5-metres\/","name":"Elements Slim Rolls con scatola 10 x 5 metri - Tabakversand.ch | Alles aus der Welt des Tabaks","isPartOf":{"@id":"https:\/\/www.tabakversand.ch\/#website"},"primaryImageOfPage":{"@id":"https:\/\/www.tabakversand.ch\/it\/prodotto\/rouleaux-elements-slim-avec-boite-10-x-5-metres\/#primaryimage"},"image":{"@id":"https:\/\/www.tabakversand.ch\/it\/prodotto\/rouleaux-elements-slim-avec-boite-10-x-5-metres\/#primaryimage"},"thumbnailUrl":"https:\/\/www.tabakversand.ch\/wp-content\/uploads\/2025\/12\/elements-rolls-mit-box-slim-15622-box.jpg","datePublished":"2025-12-04T11:45:30+00:00","dateModified":"2026-01-22T07:50:34+00:00","description":"Elements Slim Rolls con scatola 10 x 5 metri | Ampia scelta di prodotti del tabacco, sigarette elettroniche e accessori per fumatori in tutta la Svizzera | Si accettano carte di credito!","breadcrumb":{"@id":"https:\/\/www.tabakversand.ch\/it\/prodotto\/rouleaux-elements-slim-avec-boite-10-x-5-metres\/#breadcrumb"},"inLanguage":"it-IT","potentialAction":[{"@type":"ReadAction","target":["https:\/\/www.tabakversand.ch\/it\/prodotto\/rouleaux-elements-slim-avec-boite-10-x-5-metres\/"]}]},{"@type":"ImageObject","inLanguage":"it-IT","@id":"https:\/\/www.tabakversand.ch\/it\/prodotto\/rouleaux-elements-slim-avec-boite-10-x-5-metres\/#primaryimage","url":"https:\/\/www.tabakversand.ch\/wp-content\/uploads\/2025\/12\/elements-rolls-mit-box-slim-15622-box.jpg","contentUrl":"https:\/\/www.tabakversand.ch\/wp-content\/uploads\/2025\/12\/elements-rolls-mit-box-slim-15622-box.jpg","width":500,"height":500,"caption":"Elements Slim Rolls con scatola 10 x 5 metri | tabakversand.ch"},{"@type":"BreadcrumbList","@id":"https:\/\/www.tabakversand.ch\/it\/prodotto\/rouleaux-elements-slim-avec-boite-10-x-5-metres\/#breadcrumb","itemListElement":[{"@type":"ListItem","position":1,"name":"Startseite","item":"https:\/\/www.tabakversand.ch\/"},{"@type":"ListItem","position":2,"name":"Negozio","item":"https:\/\/www.tabakversand.ch\/it\/negozio\/"},{"@type":"ListItem","position":3,"name":"Elements Slim Rolls con scatola 10 x 5 metri"}]},{"@type":"WebSite","@id":"https:\/\/www.tabakversand.ch\/#website","url":"https:\/\/www.tabakversand.ch\/","name":"Tabakversand.ch | Alles aus der Welt des Tabaks","description":"Smoke and carpe diem","potentialAction":[{"@type":"SearchAction","target":{"@type":"EntryPoint","urlTemplate":"https:\/\/www.tabakversand.ch\/?s={search_term_string}"},"query-input":{"@type":"PropertyValueSpecification","valueRequired":true,"valueName":"search_term_string"}}],"inLanguage":"it-IT"}]}},"_links":{"self":[{"href":"https:\/\/www.tabakversand.ch\/it\/wp-json\/wp\/v2\/product\/206958","targetHints":{"allow":["GET"]}}],"collection":[{"href":"https:\/\/www.tabakversand.ch\/it\/wp-json\/wp\/v2\/product"}],"about":[{"href":"https:\/\/www.tabakversand.ch\/it\/wp-json\/wp\/v2\/types\/product"}],"version-history":[{"count":4,"href":"https:\/\/www.tabakversand.ch\/it\/wp-json\/wp\/v2\/product\/206958\/revisions"}],"predecessor-version":[{"id":209510,"href":"https:\/\/www.tabakversand.ch\/it\/wp-json\/wp\/v2\/product\/206958\/revisions\/209510"}],"wp:featuredmedia":[{"embeddable":true,"href":"https:\/\/www.tabakversand.ch\/it\/wp-json\/wp\/v2\/media\/206962"}],"wp:attachment":[{"href":"https:\/\/www.tabakversand.ch\/it\/wp-json\/wp\/v2\/media?parent=206958"}],"wp:term":[{"taxonomy":"product_brand","embeddable":true,"href":"https:\/\/www.tabakversand.ch\/it\/wp-json\/wp\/v2\/product_brand?post=206958"},{"taxonomy":"product_cat","embeddable":true,"href":"https:\/\/www.tabakversand.ch\/it\/wp-json\/wp\/v2\/product_cat?post=206958"},{"taxonomy":"product_tag","embeddable":true,"href":"https:\/\/www.tabakversand.ch\/it\/wp-json\/wp\/v2\/product_tag?post=206958"}],"curies":[{"name":"wp","href":"https:\/\/api.w.org\/{rel}","templated":true}]}}