{"id":207599,"date":"2025-12-11T13:30:33","date_gmt":"2025-12-11T12:30:33","guid":{"rendered":"https:\/\/www.tabakversand.ch\/?post_type=product&#038;p=207599"},"modified":"2025-12-11T13:37:07","modified_gmt":"2025-12-11T12:37:07","slug":"porzioni-di-edel-berry-all-white-slim-snus","status":"publish","type":"product","link":"https:\/\/www.tabakversand.ch\/it\/prodotto\/porzioni-di-edel-berry-all-white-slim-snus\/","title":{"rendered":"Porzioni di Edel Berry All White Slim Snus"},"content":{"rendered":"<p>Porzioni di Edel Berry All White Slim Snus<\/p>\n<p>14 grammi<\/p>\n<p>L&#8217;Edelweiss Snus, con il suo delizioso sapore fruttato di frutti di bosco, vi delizier\u00e0. Con 10 mg\/g di nicotina, \u00e8 uno snus di media intensit\u00e0. Il suo gusto fruttato \u00e8 particolarmente gradevole. Tutti gli snus Edelweiss sono disponibili in formato slim e quindi si adattano alla bocca di tutti.<\/p>\n<p>Propriet\u00e0:<\/p>\n<p>Forza: 2\/4<\/p>\n<p>Tipo: Snus tutto bianco<\/p>\n<p>Buste per scatola: 22 pz.<\/p>\n<p>Formato: astuccio sottile<\/p>\n<p>Contenuto di nicotina: 10 mg\/g<\/p>\n<p>Tutti i prezzi si applicano solo agli ordini online e sono comprensivi di IVA. Soggetto a modifiche senza preavviso, escluse le spese di spedizione. Con riserva di errori, modifiche nell&#8217;ambito di consegna e nel design, errori di stampa e variazioni di prezzo. I prezzi barrati sono prezzi sostitutivi. Le illustrazioni possono differire dall&#8217;originale\/dall&#8217;ambito di consegna.<br \/>\n*Spedizione gratuita per ordini superiori a CHF 250.-.<\/p>\n","protected":false},"excerpt":{"rendered":"<p>Porzioni di Edel Berry All White Slim Snus 14 grammi L&#8217;Edelweiss Snus, con il suo delizioso sapore fruttato di frutti di bosco, vi delizier\u00e0. Con 10 mg\/g di nicotina, \u00e8 uno snus di media intensit\u00e0. Il suo gusto fruttato \u00e8 particolarmente gradevole. Tutti gli snus Edelweiss sono disponibili in formato slim e quindi si adattano [&hellip;]<\/p>\n","protected":false},"featured_media":207603,"template":"","meta":[],"product_brand":[],"product_cat":[4565,1889,1901,1902],"product_tag":[],"class_list":{"0":"post-207599","1":"product","2":"type-product","3":"status-publish","4":"has-post-thumbnail","6":"product_cat-snus-in-una-bustina","7":"product_cat-tabacco","8":"product_cat-tabacco-da-masticare-in-un-sacchetto","9":"product_cat-tabacco-da-masticare-snus","11":"first","12":"onbackorder","13":"purchasable","14":"product-type-simple"},"yoast_head":"<!-- This site is optimized with the Yoast SEO plugin v27.5 - https:\/\/yoast.com\/product\/yoast-seo-wordpress\/ -->\n<title>Porzioni di Edel Berry All White Slim Snus - tabakversand.ch<\/title>\n<meta name=\"description\" content=\"Edel Berry All White Slim Snus Portions | Un&#039;ampia selezione di prodotti del tabacco, sigarette elettroniche e accessori per fumatori di alta qualit\u00e0 in tutta la Svizzera | Si accettano carte di credito!\" \/>\n<meta name=\"robots\" content=\"index, follow, max-snippet:-1, max-image-preview:large, max-video-preview:-1\" \/>\n<link rel=\"canonical\" href=\"https:\/\/www.tabakversand.ch\/it\/prodotto\/porzioni-di-edel-berry-all-white-slim-snus\/\" \/>\n<meta property=\"og:locale\" content=\"it_IT\" \/>\n<meta property=\"og:type\" content=\"article\" \/>\n<meta property=\"og:title\" content=\"Porzioni di Edel Berry All White Slim Snus - tabakversand.ch\" \/>\n<meta property=\"og:description\" content=\"Edel Berry All White Slim Snus Portions | Un&#039;ampia selezione di prodotti del tabacco, sigarette elettroniche e accessori per fumatori di alta qualit\u00e0 in tutta la Svizzera | Si accettano carte di credito!\" \/>\n<meta property=\"og:url\" content=\"https:\/\/www.tabakversand.ch\/it\/prodotto\/porzioni-di-edel-berry-all-white-slim-snus\/\" \/>\n<meta property=\"og:site_name\" content=\"Tabakversand.ch | Alles aus der Welt des Tabaks\" \/>\n<meta property=\"article:modified_time\" content=\"2025-12-11T12:37:07+00:00\" \/>\n<meta property=\"og:image\" content=\"https:\/\/www.tabakversand.ch\/wp-content\/uploads\/2025\/12\/edelweiss-berry.jpg\" \/>\n\t<meta property=\"og:image:width\" content=\"500\" \/>\n\t<meta property=\"og:image:height\" content=\"500\" \/>\n\t<meta property=\"og:image:type\" content=\"image\/jpeg\" \/>\n<meta name=\"twitter:card\" content=\"summary_large_image\" \/>\n<meta name=\"twitter:label1\" content=\"Tempo di lettura stimato\" \/>\n\t<meta name=\"twitter:data1\" content=\"1 minuto\" \/>\n<script type=\"application\/ld+json\" class=\"yoast-schema-graph\">{\"@context\":\"https:\\\/\\\/schema.org\",\"@graph\":[{\"@type\":\"WebPage\",\"@id\":\"https:\\\/\\\/www.tabakversand.ch\\\/it\\\/prodotto\\\/porzioni-di-edel-berry-all-white-slim-snus\\\/\",\"url\":\"https:\\\/\\\/www.tabakversand.ch\\\/it\\\/prodotto\\\/porzioni-di-edel-berry-all-white-slim-snus\\\/\",\"name\":\"Porzioni di Edel Berry All White Slim Snus - tabakversand.ch\",\"isPartOf\":{\"@id\":\"https:\\\/\\\/www.tabakversand.ch\\\/#website\"},\"primaryImageOfPage\":{\"@id\":\"https:\\\/\\\/www.tabakversand.ch\\\/it\\\/prodotto\\\/porzioni-di-edel-berry-all-white-slim-snus\\\/#primaryimage\"},\"image\":{\"@id\":\"https:\\\/\\\/www.tabakversand.ch\\\/it\\\/prodotto\\\/porzioni-di-edel-berry-all-white-slim-snus\\\/#primaryimage\"},\"thumbnailUrl\":\"https:\\\/\\\/www.tabakversand.ch\\\/wp-content\\\/uploads\\\/2025\\\/12\\\/edelweiss-berry.jpg\",\"datePublished\":\"2025-12-11T12:30:33+00:00\",\"dateModified\":\"2025-12-11T12:37:07+00:00\",\"description\":\"Edel Berry All White Slim Snus Portions | Un'ampia selezione di prodotti del tabacco, sigarette elettroniche e accessori per fumatori di alta qualit\u00e0 in tutta la Svizzera | Si accettano carte di credito!\",\"breadcrumb\":{\"@id\":\"https:\\\/\\\/www.tabakversand.ch\\\/it\\\/prodotto\\\/porzioni-di-edel-berry-all-white-slim-snus\\\/#breadcrumb\"},\"inLanguage\":\"it-IT\",\"potentialAction\":[{\"@type\":\"ReadAction\",\"target\":[\"https:\\\/\\\/www.tabakversand.ch\\\/it\\\/prodotto\\\/porzioni-di-edel-berry-all-white-slim-snus\\\/\"]}]},{\"@type\":\"ImageObject\",\"inLanguage\":\"it-IT\",\"@id\":\"https:\\\/\\\/www.tabakversand.ch\\\/it\\\/prodotto\\\/porzioni-di-edel-berry-all-white-slim-snus\\\/#primaryimage\",\"url\":\"https:\\\/\\\/www.tabakversand.ch\\\/wp-content\\\/uploads\\\/2025\\\/12\\\/edelweiss-berry.jpg\",\"contentUrl\":\"https:\\\/\\\/www.tabakversand.ch\\\/wp-content\\\/uploads\\\/2025\\\/12\\\/edelweiss-berry.jpg\",\"width\":500,\"height\":500,\"caption\":\"Edel Berry All White Slim Snus Porzioni | tabakversand.ch\"},{\"@type\":\"BreadcrumbList\",\"@id\":\"https:\\\/\\\/www.tabakversand.ch\\\/it\\\/prodotto\\\/porzioni-di-edel-berry-all-white-slim-snus\\\/#breadcrumb\",\"itemListElement\":[{\"@type\":\"ListItem\",\"position\":1,\"name\":\"Startseite\",\"item\":\"https:\\\/\\\/www.tabakversand.ch\\\/\"},{\"@type\":\"ListItem\",\"position\":2,\"name\":\"Negozio\",\"item\":\"https:\\\/\\\/www.tabakversand.ch\\\/it\\\/negozio\\\/\"},{\"@type\":\"ListItem\",\"position\":3,\"name\":\"Porzioni di Edel Berry All White Slim Snus\"}]},{\"@type\":\"WebSite\",\"@id\":\"https:\\\/\\\/www.tabakversand.ch\\\/#website\",\"url\":\"https:\\\/\\\/www.tabakversand.ch\\\/\",\"name\":\"Tabakversand.ch | Alles aus der Welt des Tabaks\",\"description\":\"Smoke and carpe diem\",\"potentialAction\":[{\"@type\":\"SearchAction\",\"target\":{\"@type\":\"EntryPoint\",\"urlTemplate\":\"https:\\\/\\\/www.tabakversand.ch\\\/?s={search_term_string}\"},\"query-input\":{\"@type\":\"PropertyValueSpecification\",\"valueRequired\":true,\"valueName\":\"search_term_string\"}}],\"inLanguage\":\"it-IT\"}]}<\/script>\n<!-- \/ Yoast SEO plugin. -->","yoast_head_json":{"title":"Porzioni di Edel Berry All White Slim Snus - tabakversand.ch","description":"Edel Berry All White Slim Snus Portions | Un'ampia selezione di prodotti del tabacco, sigarette elettroniche e accessori per fumatori di alta qualit\u00e0 in tutta la Svizzera | Si accettano carte di credito!","robots":{"index":"index","follow":"follow","max-snippet":"max-snippet:-1","max-image-preview":"max-image-preview:large","max-video-preview":"max-video-preview:-1"},"canonical":"https:\/\/www.tabakversand.ch\/it\/prodotto\/porzioni-di-edel-berry-all-white-slim-snus\/","og_locale":"it_IT","og_type":"article","og_title":"Porzioni di Edel Berry All White Slim Snus - tabakversand.ch","og_description":"Edel Berry All White Slim Snus Portions | Un'ampia selezione di prodotti del tabacco, sigarette elettroniche e accessori per fumatori di alta qualit\u00e0 in tutta la Svizzera | Si accettano carte di credito!","og_url":"https:\/\/www.tabakversand.ch\/it\/prodotto\/porzioni-di-edel-berry-all-white-slim-snus\/","og_site_name":"Tabakversand.ch | Alles aus der Welt des Tabaks","article_modified_time":"2025-12-11T12:37:07+00:00","og_image":[{"width":500,"height":500,"url":"https:\/\/www.tabakversand.ch\/wp-content\/uploads\/2025\/12\/edelweiss-berry.jpg","type":"image\/jpeg"}],"twitter_card":"summary_large_image","twitter_misc":{"Tempo di lettura stimato":"1 minuto"},"schema":{"@context":"https:\/\/schema.org","@graph":[{"@type":"WebPage","@id":"https:\/\/www.tabakversand.ch\/it\/prodotto\/porzioni-di-edel-berry-all-white-slim-snus\/","url":"https:\/\/www.tabakversand.ch\/it\/prodotto\/porzioni-di-edel-berry-all-white-slim-snus\/","name":"Porzioni di Edel Berry All White Slim Snus - tabakversand.ch","isPartOf":{"@id":"https:\/\/www.tabakversand.ch\/#website"},"primaryImageOfPage":{"@id":"https:\/\/www.tabakversand.ch\/it\/prodotto\/porzioni-di-edel-berry-all-white-slim-snus\/#primaryimage"},"image":{"@id":"https:\/\/www.tabakversand.ch\/it\/prodotto\/porzioni-di-edel-berry-all-white-slim-snus\/#primaryimage"},"thumbnailUrl":"https:\/\/www.tabakversand.ch\/wp-content\/uploads\/2025\/12\/edelweiss-berry.jpg","datePublished":"2025-12-11T12:30:33+00:00","dateModified":"2025-12-11T12:37:07+00:00","description":"Edel Berry All White Slim Snus Portions | Un'ampia selezione di prodotti del tabacco, sigarette elettroniche e accessori per fumatori di alta qualit\u00e0 in tutta la Svizzera | Si accettano carte di credito!","breadcrumb":{"@id":"https:\/\/www.tabakversand.ch\/it\/prodotto\/porzioni-di-edel-berry-all-white-slim-snus\/#breadcrumb"},"inLanguage":"it-IT","potentialAction":[{"@type":"ReadAction","target":["https:\/\/www.tabakversand.ch\/it\/prodotto\/porzioni-di-edel-berry-all-white-slim-snus\/"]}]},{"@type":"ImageObject","inLanguage":"it-IT","@id":"https:\/\/www.tabakversand.ch\/it\/prodotto\/porzioni-di-edel-berry-all-white-slim-snus\/#primaryimage","url":"https:\/\/www.tabakversand.ch\/wp-content\/uploads\/2025\/12\/edelweiss-berry.jpg","contentUrl":"https:\/\/www.tabakversand.ch\/wp-content\/uploads\/2025\/12\/edelweiss-berry.jpg","width":500,"height":500,"caption":"Edel Berry All White Slim Snus Porzioni | tabakversand.ch"},{"@type":"BreadcrumbList","@id":"https:\/\/www.tabakversand.ch\/it\/prodotto\/porzioni-di-edel-berry-all-white-slim-snus\/#breadcrumb","itemListElement":[{"@type":"ListItem","position":1,"name":"Startseite","item":"https:\/\/www.tabakversand.ch\/"},{"@type":"ListItem","position":2,"name":"Negozio","item":"https:\/\/www.tabakversand.ch\/it\/negozio\/"},{"@type":"ListItem","position":3,"name":"Porzioni di Edel Berry All White Slim Snus"}]},{"@type":"WebSite","@id":"https:\/\/www.tabakversand.ch\/#website","url":"https:\/\/www.tabakversand.ch\/","name":"Tabakversand.ch | Alles aus der Welt des Tabaks","description":"Smoke and carpe diem","potentialAction":[{"@type":"SearchAction","target":{"@type":"EntryPoint","urlTemplate":"https:\/\/www.tabakversand.ch\/?s={search_term_string}"},"query-input":{"@type":"PropertyValueSpecification","valueRequired":true,"valueName":"search_term_string"}}],"inLanguage":"it-IT"}]}},"_links":{"self":[{"href":"https:\/\/www.tabakversand.ch\/it\/wp-json\/wp\/v2\/product\/207599","targetHints":{"allow":["GET"]}}],"collection":[{"href":"https:\/\/www.tabakversand.ch\/it\/wp-json\/wp\/v2\/product"}],"about":[{"href":"https:\/\/www.tabakversand.ch\/it\/wp-json\/wp\/v2\/types\/product"}],"version-history":[{"count":3,"href":"https:\/\/www.tabakversand.ch\/it\/wp-json\/wp\/v2\/product\/207599\/revisions"}],"predecessor-version":[{"id":207613,"href":"https:\/\/www.tabakversand.ch\/it\/wp-json\/wp\/v2\/product\/207599\/revisions\/207613"}],"wp:featuredmedia":[{"embeddable":true,"href":"https:\/\/www.tabakversand.ch\/it\/wp-json\/wp\/v2\/media\/207603"}],"wp:attachment":[{"href":"https:\/\/www.tabakversand.ch\/it\/wp-json\/wp\/v2\/media?parent=207599"}],"wp:term":[{"taxonomy":"product_brand","embeddable":true,"href":"https:\/\/www.tabakversand.ch\/it\/wp-json\/wp\/v2\/product_brand?post=207599"},{"taxonomy":"product_cat","embeddable":true,"href":"https:\/\/www.tabakversand.ch\/it\/wp-json\/wp\/v2\/product_cat?post=207599"},{"taxonomy":"product_tag","embeddable":true,"href":"https:\/\/www.tabakversand.ch\/it\/wp-json\/wp\/v2\/product_tag?post=207599"}],"curies":[{"name":"wp","href":"https:\/\/api.w.org\/{rel}","templated":true}]}}