{"id":208066,"date":"2026-01-08T11:01:48","date_gmt":"2026-01-08T10:01:48","guid":{"rendered":"https:\/\/www.tabakversand.ch\/?post_type=product&#038;p=208066"},"modified":"2026-03-03T21:01:11","modified_gmt":"2026-03-03T20:01:11","slug":"tabacco-da-fiuto-in-edizione-limitata-carnival-di-mc-chrystal","status":"publish","type":"product","link":"https:\/\/www.tabakversand.ch\/it\/prodotto\/tabacco-da-fiuto-in-edizione-limitata-carnival-di-mc-chrystal\/","title":{"rendered":"Tabacco da fiuto in edizione limitata Carnival di Mc Chrystal"},"content":{"rendered":"<p>Tabacco da fiuto in edizione limitata Carnival di Mc Chrystal<\/p>\n<p>Il Carnevale \u00e8 alle porte: \u00e8 tempo di costumi colorati, allegria e &#8220;i tre giorni pi\u00f9 belli&#8221;. Per festeggiare, Mc Chrystal&#8217;s Snuff presenta in esclusiva una scatola Carnival in edizione limitata dal design unico. Queste scatole sono un vero colpo d&#8217;occhio e un must per gli amanti del Carnevale e dello snuff.<\/p>\n<p>Questa edizione presenta un gusto fruttato di albicocca, rinfrescante e perfetto per le festivit\u00e0 di Carnevale. Preparatevi a giornate indimenticabili!<\/p>\n<p>1 lattina: Capacit\u00e0 8.75gr.<\/p>\n<p>Tutti i prezzi si applicano solo agli ordini online e sono comprensivi di IVA. Soggetto a modifiche senza preavviso, escluse le spese di spedizione. Con riserva di errori, modifiche nell&#8217;ambito di consegna e nel design, errori di stampa e variazioni di prezzo. I prezzi barrati sono prezzi sostitutivi. Le illustrazioni possono differire dall&#8217;originale\/dall&#8217;ambito di consegna.<br \/>\n*Spedizione gratuita per ordini superiori a CHF 250.-.<\/p>\n","protected":false},"excerpt":{"rendered":"<p>Tabacco da fiuto in edizione limitata Carnival di Mc Chrystal Il Carnevale \u00e8 alle porte: \u00e8 tempo di costumi colorati, allegria e &#8220;i tre giorni pi\u00f9 belli&#8221;. Per festeggiare, Mc Chrystal&#8217;s Snuff presenta in esclusiva una scatola Carnival in edizione limitata dal design unico. Queste scatole sono un vero colpo d&#8217;occhio e un must per [&hellip;]<\/p>\n","protected":false},"featured_media":173586,"template":"","meta":[],"product_brand":[1526],"product_cat":[1889,1953,1952],"product_tag":[],"class_list":{"0":"post-208066","1":"product","2":"type-product","3":"status-publish","4":"has-post-thumbnail","6":"product_brand-mc-chrystals-schnupftabak","7":"product_cat-tabacco","8":"product_cat-tabacco-da-fiuto-accessori","9":"product_cat-schnupftabak-tabacco-da-fiuto","11":"first","12":"instock","13":"featured","14":"purchasable","15":"product-type-simple"},"yoast_head":"<!-- This site is optimized with the Yoast SEO plugin v27.0 - https:\/\/yoast.com\/product\/yoast-seo-wordpress\/ -->\n<title>Tabacco da fiuto in edizione limitata Carnival di Mc Chrystal - tabakversand.ch<\/title>\n<meta name=\"description\" content=\"Tabacco da fiuto Mc Chrystals Fasnacht Limited Edition | Un&#039;ampia selezione di prodotti e accessori per il tabacco di prima qualit\u00e0 in tutta la Svizzera | Si accettano carte di credito!\" \/>\n<meta name=\"robots\" content=\"index, follow, max-snippet:-1, max-image-preview:large, max-video-preview:-1\" \/>\n<link rel=\"canonical\" href=\"https:\/\/www.tabakversand.ch\/prodotto\/mc-chrystals-fasnacht-limited-edition-snuff\/\" \/>\n<meta property=\"og:locale\" content=\"it_IT\" \/>\n<meta property=\"og:type\" content=\"article\" \/>\n<meta property=\"og:title\" content=\"Tabacco da fiuto in edizione limitata Carnival di Mc Chrystal - tabakversand.ch\" \/>\n<meta property=\"og:description\" content=\"Tabacco da fiuto Mc Chrystals Fasnacht Limited Edition | Un&#039;ampia selezione di prodotti e accessori per il tabacco di prima qualit\u00e0 in tutta la Svizzera | Si accettano carte di credito!\" \/>\n<meta property=\"og:url\" content=\"https:\/\/www.tabakversand.ch\/prodotto\/mc-chrystals-fasnacht-limited-edition-snuff\/\" \/>\n<meta property=\"og:site_name\" content=\"Tabakversand.ch | Alles aus der Welt des Tabaks\" \/>\n<meta property=\"article:modified_time\" content=\"2026-03-03T20:01:11+00:00\" \/>\n<meta property=\"og:image\" content=\"https:\/\/www.tabakversand.ch\/wp-content\/uploads\/2025\/02\/mc-chrystals-fasnacht.jpg\" \/>\n\t<meta property=\"og:image:width\" content=\"500\" \/>\n\t<meta property=\"og:image:height\" content=\"500\" \/>\n\t<meta property=\"og:image:type\" content=\"image\/jpeg\" \/>\n<meta name=\"twitter:card\" content=\"summary_large_image\" \/>\n<meta name=\"twitter:label1\" content=\"Tempo di lettura stimato\" \/>\n\t<meta name=\"twitter:data1\" content=\"2 minuti\" \/>\n<script type=\"application\/ld+json\" class=\"yoast-schema-graph\">{\"@context\":\"https:\/\/schema.org\",\"@graph\":[{\"@type\":\"WebPage\",\"@id\":\"https:\/\/www.tabakversand.ch\/prodotto\/mc-chrystals-fasnacht-limited-edition-snuff\/\",\"url\":\"https:\/\/www.tabakversand.ch\/prodotto\/mc-chrystals-fasnacht-limited-edition-snuff\/\",\"name\":\"Tabacco da fiuto in edizione limitata Carnival di Mc Chrystal - tabakversand.ch\",\"isPartOf\":{\"@id\":\"https:\/\/www.tabakversand.ch\/#website\"},\"primaryImageOfPage\":{\"@id\":\"https:\/\/www.tabakversand.ch\/prodotto\/mc-chrystals-fasnacht-limited-edition-snuff\/#primaryimage\"},\"image\":{\"@id\":\"https:\/\/www.tabakversand.ch\/prodotto\/mc-chrystals-fasnacht-limited-edition-snuff\/#primaryimage\"},\"thumbnailUrl\":\"https:\/\/www.tabakversand.ch\/wp-content\/uploads\/2025\/02\/mc-chrystals-fasnacht.jpg\",\"datePublished\":\"2026-01-08T10:01:48+00:00\",\"dateModified\":\"2026-03-03T20:01:11+00:00\",\"description\":\"Tabacco da fiuto Mc Chrystals Fasnacht Limited Edition | Un'ampia selezione di prodotti e accessori per il tabacco di prima qualit\u00e0 in tutta la Svizzera | Si accettano carte di credito!\",\"breadcrumb\":{\"@id\":\"https:\/\/www.tabakversand.ch\/prodotto\/mc-chrystals-fasnacht-limited-edition-snuff\/#breadcrumb\"},\"inLanguage\":\"it-IT\",\"potentialAction\":[{\"@type\":\"ReadAction\",\"target\":[\"https:\/\/www.tabakversand.ch\/prodotto\/mc-chrystals-fasnacht-limited-edition-snuff\/\"]}]},{\"@type\":\"ImageObject\",\"inLanguage\":\"it-IT\",\"@id\":\"https:\/\/www.tabakversand.ch\/prodotto\/mc-chrystals-fasnacht-limited-edition-snuff\/#primaryimage\",\"url\":\"https:\/\/www.tabakversand.ch\/wp-content\/uploads\/2025\/02\/mc-chrystals-fasnacht.jpg\",\"contentUrl\":\"https:\/\/www.tabakversand.ch\/wp-content\/uploads\/2025\/02\/mc-chrystals-fasnacht.jpg\",\"width\":500,\"height\":500,\"caption\":\"Mc Chrystals Fasnacht LE Snuff | Tabakversand.ch\"},{\"@type\":\"BreadcrumbList\",\"@id\":\"https:\/\/www.tabakversand.ch\/prodotto\/mc-chrystals-fasnacht-limited-edition-snuff\/#breadcrumb\",\"itemListElement\":[{\"@type\":\"ListItem\",\"position\":1,\"name\":\"Startseite\",\"item\":\"https:\/\/www.tabakversand.ch\/\"},{\"@type\":\"ListItem\",\"position\":2,\"name\":\"Negozio\",\"item\":\"https:\/\/www.tabakversand.ch\/it\/negozio\/\"},{\"@type\":\"ListItem\",\"position\":3,\"name\":\"Tabacco da fiuto in edizione limitata Carnival di Mc Chrystal\"}]},{\"@type\":\"WebSite\",\"@id\":\"https:\/\/www.tabakversand.ch\/#website\",\"url\":\"https:\/\/www.tabakversand.ch\/\",\"name\":\"Tabakversand.ch | Alles aus der Welt des Tabaks\",\"description\":\"Smoke and carpe diem\",\"potentialAction\":[{\"@type\":\"SearchAction\",\"target\":{\"@type\":\"EntryPoint\",\"urlTemplate\":\"https:\/\/www.tabakversand.ch\/?s={search_term_string}\"},\"query-input\":{\"@type\":\"PropertyValueSpecification\",\"valueRequired\":true,\"valueName\":\"search_term_string\"}}],\"inLanguage\":\"it-IT\"}]}<\/script>\n<!-- \/ Yoast SEO plugin. -->","yoast_head_json":{"title":"Tabacco da fiuto in edizione limitata Carnival di Mc Chrystal - tabakversand.ch","description":"Tabacco da fiuto Mc Chrystals Fasnacht Limited Edition | Un'ampia selezione di prodotti e accessori per il tabacco di prima qualit\u00e0 in tutta la Svizzera | Si accettano carte di credito!","robots":{"index":"index","follow":"follow","max-snippet":"max-snippet:-1","max-image-preview":"max-image-preview:large","max-video-preview":"max-video-preview:-1"},"canonical":"https:\/\/www.tabakversand.ch\/prodotto\/mc-chrystals-fasnacht-limited-edition-snuff\/","og_locale":"it_IT","og_type":"article","og_title":"Tabacco da fiuto in edizione limitata Carnival di Mc Chrystal - tabakversand.ch","og_description":"Tabacco da fiuto Mc Chrystals Fasnacht Limited Edition | Un'ampia selezione di prodotti e accessori per il tabacco di prima qualit\u00e0 in tutta la Svizzera | Si accettano carte di credito!","og_url":"https:\/\/www.tabakversand.ch\/prodotto\/mc-chrystals-fasnacht-limited-edition-snuff\/","og_site_name":"Tabakversand.ch | Alles aus der Welt des Tabaks","article_modified_time":"2026-03-03T20:01:11+00:00","og_image":[{"width":500,"height":500,"url":"https:\/\/www.tabakversand.ch\/wp-content\/uploads\/2025\/02\/mc-chrystals-fasnacht.jpg","type":"image\/jpeg"}],"twitter_card":"summary_large_image","twitter_misc":{"Tempo di lettura stimato":"2 minuti"},"schema":{"@context":"https:\/\/schema.org","@graph":[{"@type":"WebPage","@id":"https:\/\/www.tabakversand.ch\/prodotto\/mc-chrystals-fasnacht-limited-edition-snuff\/","url":"https:\/\/www.tabakversand.ch\/prodotto\/mc-chrystals-fasnacht-limited-edition-snuff\/","name":"Tabacco da fiuto in edizione limitata Carnival di Mc Chrystal - tabakversand.ch","isPartOf":{"@id":"https:\/\/www.tabakversand.ch\/#website"},"primaryImageOfPage":{"@id":"https:\/\/www.tabakversand.ch\/prodotto\/mc-chrystals-fasnacht-limited-edition-snuff\/#primaryimage"},"image":{"@id":"https:\/\/www.tabakversand.ch\/prodotto\/mc-chrystals-fasnacht-limited-edition-snuff\/#primaryimage"},"thumbnailUrl":"https:\/\/www.tabakversand.ch\/wp-content\/uploads\/2025\/02\/mc-chrystals-fasnacht.jpg","datePublished":"2026-01-08T10:01:48+00:00","dateModified":"2026-03-03T20:01:11+00:00","description":"Tabacco da fiuto Mc Chrystals Fasnacht Limited Edition | Un'ampia selezione di prodotti e accessori per il tabacco di prima qualit\u00e0 in tutta la Svizzera | Si accettano carte di credito!","breadcrumb":{"@id":"https:\/\/www.tabakversand.ch\/prodotto\/mc-chrystals-fasnacht-limited-edition-snuff\/#breadcrumb"},"inLanguage":"it-IT","potentialAction":[{"@type":"ReadAction","target":["https:\/\/www.tabakversand.ch\/prodotto\/mc-chrystals-fasnacht-limited-edition-snuff\/"]}]},{"@type":"ImageObject","inLanguage":"it-IT","@id":"https:\/\/www.tabakversand.ch\/prodotto\/mc-chrystals-fasnacht-limited-edition-snuff\/#primaryimage","url":"https:\/\/www.tabakversand.ch\/wp-content\/uploads\/2025\/02\/mc-chrystals-fasnacht.jpg","contentUrl":"https:\/\/www.tabakversand.ch\/wp-content\/uploads\/2025\/02\/mc-chrystals-fasnacht.jpg","width":500,"height":500,"caption":"Mc Chrystals Fasnacht LE Snuff | Tabakversand.ch"},{"@type":"BreadcrumbList","@id":"https:\/\/www.tabakversand.ch\/prodotto\/mc-chrystals-fasnacht-limited-edition-snuff\/#breadcrumb","itemListElement":[{"@type":"ListItem","position":1,"name":"Startseite","item":"https:\/\/www.tabakversand.ch\/"},{"@type":"ListItem","position":2,"name":"Negozio","item":"https:\/\/www.tabakversand.ch\/it\/negozio\/"},{"@type":"ListItem","position":3,"name":"Tabacco da fiuto in edizione limitata Carnival di Mc Chrystal"}]},{"@type":"WebSite","@id":"https:\/\/www.tabakversand.ch\/#website","url":"https:\/\/www.tabakversand.ch\/","name":"Tabakversand.ch | Alles aus der Welt des Tabaks","description":"Smoke and carpe diem","potentialAction":[{"@type":"SearchAction","target":{"@type":"EntryPoint","urlTemplate":"https:\/\/www.tabakversand.ch\/?s={search_term_string}"},"query-input":{"@type":"PropertyValueSpecification","valueRequired":true,"valueName":"search_term_string"}}],"inLanguage":"it-IT"}]}},"_links":{"self":[{"href":"https:\/\/www.tabakversand.ch\/it\/wp-json\/wp\/v2\/product\/208066","targetHints":{"allow":["GET"]}}],"collection":[{"href":"https:\/\/www.tabakversand.ch\/it\/wp-json\/wp\/v2\/product"}],"about":[{"href":"https:\/\/www.tabakversand.ch\/it\/wp-json\/wp\/v2\/types\/product"}],"version-history":[{"count":3,"href":"https:\/\/www.tabakversand.ch\/it\/wp-json\/wp\/v2\/product\/208066\/revisions"}],"predecessor-version":[{"id":208076,"href":"https:\/\/www.tabakversand.ch\/it\/wp-json\/wp\/v2\/product\/208066\/revisions\/208076"}],"wp:featuredmedia":[{"embeddable":true,"href":"https:\/\/www.tabakversand.ch\/it\/wp-json\/wp\/v2\/media\/173586"}],"wp:attachment":[{"href":"https:\/\/www.tabakversand.ch\/it\/wp-json\/wp\/v2\/media?parent=208066"}],"wp:term":[{"taxonomy":"product_brand","embeddable":true,"href":"https:\/\/www.tabakversand.ch\/it\/wp-json\/wp\/v2\/product_brand?post=208066"},{"taxonomy":"product_cat","embeddable":true,"href":"https:\/\/www.tabakversand.ch\/it\/wp-json\/wp\/v2\/product_cat?post=208066"},{"taxonomy":"product_tag","embeddable":true,"href":"https:\/\/www.tabakversand.ch\/it\/wp-json\/wp\/v2\/product_tag?post=208066"}],"curies":[{"name":"wp","href":"https:\/\/api.w.org\/{rel}","templated":true}]}}