{"id":209425,"date":"2026-01-21T15:38:47","date_gmt":"2026-01-21T14:38:47","guid":{"rendered":"https:\/\/www.tabakversand.ch\/?post_type=product&#038;p=209425"},"modified":"2026-04-05T15:41:57","modified_gmt":"2026-04-05T13:41:57","slug":"heimat-hell-1-x-250-gr-tabacco-da-sigaretta","status":"publish","type":"product","link":"https:\/\/www.tabakversand.ch\/it\/prodotto\/heimat-hell-1-x-250-gr-tabacco-da-sigaretta\/","title":{"rendered":"Heimat hell 1 x 250 gr. Tabacco da sigaretta"},"content":{"rendered":"<p>Heimat Hell 1 x 250 gr. Tabacco da sigaretta<\/p>\n<p>La miscela: il Virginia svizzero \u00e8 al centro della scena: giallo dorato, delicato, con una sottile nota di miele. Accanto, un tocco di Burley, non per esaltare, ma come base. Non una miscela per attirare l&#8217;attenzione, ma per bilanciare. Questa ricetta non \u00e8 nuova; \u00e8 collaudata. Perch\u00e9 ci\u00f2 che \u00e8 buono non ha bisogno di essere migliorato, ma solo preservato.    <\/p>\n<p>Il tabacco proviene esclusivamente da campi svizzeri. La fermentazione avviene a Payerne, lentamente, con aerazione e controllo manuale. L&#8217;ulteriore lavorazione avviene esclusivamente nella manifattura sul Lago di Costanza. Nessuna produzione su larga scala, nessun nastro trasportatore. Piuttosto, un luogo in cui le persone si assumono la responsabilit\u00e0, non solo della qualit\u00e0, ma di ci\u00f2 che essa rappresenta: la fiducia.    <\/p>\n<p>Tutti i prezzi sono validi solo per gli ordini online e includono l&#8217;IVA, sono soggetti a modifiche senza preavviso e non includono le spese di spedizione.   Con riserva di errori, modifiche nella fornitura e nella progettazione, errori di stampa e modifiche dei prezzi. I prezzi barrati sono invece prezzi. L&#8217;immagine pu\u00f2 differire dall&#8217;originale\/dalla fornitura.<br \/>\n*Spedizione gratuita per ordini superiori a CHF 250.-.<\/p>\n","protected":false},"excerpt":{"rendered":"<p>Heimat Hell 1 x 250 gr. Tabacco da sigaretta La miscela: il Virginia svizzero \u00e8 al centro della scena: giallo dorato, delicato, con una sottile nota di miele. Accanto, un tocco di Burley, non per esaltare, ma come base. Non una miscela per attirare l&#8217;attenzione, ma per bilanciare. Questa ricetta non \u00e8 nuova; \u00e8 collaudata. [&hellip;]<\/p>\n","protected":false},"featured_media":209429,"template":"","meta":[],"product_brand":[5246],"product_cat":[1962,1889,1965,1966],"product_tag":[],"class_list":{"0":"post-209425","1":"product","2":"type-product","3":"status-publish","4":"has-post-thumbnail","6":"product_brand-heimat-feinschnitt","7":"product_cat-sigarette-self-made","8":"product_cat-tabacco","9":"product_cat-tabacco-da-sigaretta","10":"product_cat-tabacco-da-sigaretta-it","12":"first","13":"onbackorder","14":"purchasable","15":"product-type-simple"},"yoast_head":"<!-- This site is optimized with the Yoast SEO plugin v27.5 - https:\/\/yoast.com\/product\/yoast-seo-wordpress\/ -->\n<title>Heimat hell 1 x 250 gr. Tabacco da sigaretta - Tabakversand.ch | Alles aus der Welt des Tabaks<\/title>\n<meta name=\"description\" content=\"Heimat Hell 1 x 250 g di tabacco per sigarette | Ampia scelta di prodotti del tabacco, sigarette elettroniche e accessori per fumatori di alta qualit\u00e0 in tutta la Svizzera | Si accettano carte di credito!\" \/>\n<meta name=\"robots\" content=\"index, follow, max-snippet:-1, max-image-preview:large, max-video-preview:-1\" \/>\n<link rel=\"canonical\" href=\"https:\/\/www.tabakversand.ch\/prodotto\/heimat-hell-1-x-250-gr-zigarettentabak\/\" \/>\n<meta property=\"og:locale\" content=\"it_IT\" \/>\n<meta property=\"og:type\" content=\"article\" \/>\n<meta property=\"og:title\" content=\"Heimat hell 1 x 250 gr. Tabacco da sigaretta - Tabakversand.ch | Alles aus der Welt des Tabaks\" \/>\n<meta property=\"og:description\" content=\"Heimat Hell 1 x 250 g di tabacco per sigarette | Ampia scelta di prodotti del tabacco, sigarette elettroniche e accessori per fumatori di alta qualit\u00e0 in tutta la Svizzera | Si accettano carte di credito!\" \/>\n<meta property=\"og:url\" content=\"https:\/\/www.tabakversand.ch\/prodotto\/heimat-hell-1-x-250-gr-zigarettentabak\/\" \/>\n<meta property=\"og:site_name\" content=\"Tabakversand.ch | Alles aus der Welt des Tabaks\" \/>\n<meta property=\"article:modified_time\" content=\"2026-04-05T13:41:57+00:00\" \/>\n<meta property=\"og:image\" content=\"https:\/\/www.tabakversand.ch\/wp-content\/uploads\/2026\/01\/heimat-hell-250.jpg\" \/>\n\t<meta property=\"og:image:width\" content=\"500\" \/>\n\t<meta property=\"og:image:height\" content=\"500\" \/>\n\t<meta property=\"og:image:type\" content=\"image\/jpeg\" \/>\n<meta name=\"twitter:card\" content=\"summary_large_image\" \/>\n<meta name=\"twitter:label1\" content=\"Tempo di lettura stimato\" \/>\n\t<meta name=\"twitter:data1\" content=\"2 minuti\" \/>\n<script type=\"application\/ld+json\" class=\"yoast-schema-graph\">{\"@context\":\"https:\\\/\\\/schema.org\",\"@graph\":[{\"@type\":\"WebPage\",\"@id\":\"https:\\\/\\\/www.tabakversand.ch\\\/prodotto\\\/heimat-hell-1-x-250-gr-zigarettentabak\\\/\",\"url\":\"https:\\\/\\\/www.tabakversand.ch\\\/prodotto\\\/heimat-hell-1-x-250-gr-zigarettentabak\\\/\",\"name\":\"Heimat hell 1 x 250 gr. Tabacco da sigaretta - Tabakversand.ch | Alles aus der Welt des Tabaks\",\"isPartOf\":{\"@id\":\"https:\\\/\\\/www.tabakversand.ch\\\/#website\"},\"primaryImageOfPage\":{\"@id\":\"https:\\\/\\\/www.tabakversand.ch\\\/prodotto\\\/heimat-hell-1-x-250-gr-zigarettentabak\\\/#primaryimage\"},\"image\":{\"@id\":\"https:\\\/\\\/www.tabakversand.ch\\\/prodotto\\\/heimat-hell-1-x-250-gr-zigarettentabak\\\/#primaryimage\"},\"thumbnailUrl\":\"https:\\\/\\\/www.tabakversand.ch\\\/wp-content\\\/uploads\\\/2026\\\/01\\\/heimat-hell-250.jpg\",\"datePublished\":\"2026-01-21T14:38:47+00:00\",\"dateModified\":\"2026-04-05T13:41:57+00:00\",\"description\":\"Heimat Hell 1 x 250 g di tabacco per sigarette | Ampia scelta di prodotti del tabacco, sigarette elettroniche e accessori per fumatori di alta qualit\u00e0 in tutta la Svizzera | Si accettano carte di credito!\",\"breadcrumb\":{\"@id\":\"https:\\\/\\\/www.tabakversand.ch\\\/prodotto\\\/heimat-hell-1-x-250-gr-zigarettentabak\\\/#breadcrumb\"},\"inLanguage\":\"it-IT\",\"potentialAction\":[{\"@type\":\"ReadAction\",\"target\":[\"https:\\\/\\\/www.tabakversand.ch\\\/prodotto\\\/heimat-hell-1-x-250-gr-zigarettentabak\\\/\"]}]},{\"@type\":\"ImageObject\",\"inLanguage\":\"it-IT\",\"@id\":\"https:\\\/\\\/www.tabakversand.ch\\\/prodotto\\\/heimat-hell-1-x-250-gr-zigarettentabak\\\/#primaryimage\",\"url\":\"https:\\\/\\\/www.tabakversand.ch\\\/wp-content\\\/uploads\\\/2026\\\/01\\\/heimat-hell-250.jpg\",\"contentUrl\":\"https:\\\/\\\/www.tabakversand.ch\\\/wp-content\\\/uploads\\\/2026\\\/01\\\/heimat-hell-250.jpg\",\"width\":500,\"height\":500,\"caption\":\"Heimat Hell 1 x 250 gr. Tabacco da sigaretta | tabakversand.ch\"},{\"@type\":\"BreadcrumbList\",\"@id\":\"https:\\\/\\\/www.tabakversand.ch\\\/prodotto\\\/heimat-hell-1-x-250-gr-zigarettentabak\\\/#breadcrumb\",\"itemListElement\":[{\"@type\":\"ListItem\",\"position\":1,\"name\":\"Startseite\",\"item\":\"https:\\\/\\\/www.tabakversand.ch\\\/\"},{\"@type\":\"ListItem\",\"position\":2,\"name\":\"Negozio\",\"item\":\"https:\\\/\\\/www.tabakversand.ch\\\/it\\\/negozio\\\/\"},{\"@type\":\"ListItem\",\"position\":3,\"name\":\"Heimat hell 1 x 250 gr. Tabacco da sigaretta\"}]},{\"@type\":\"WebSite\",\"@id\":\"https:\\\/\\\/www.tabakversand.ch\\\/#website\",\"url\":\"https:\\\/\\\/www.tabakversand.ch\\\/\",\"name\":\"Tabakversand.ch | Alles aus der Welt des Tabaks\",\"description\":\"Smoke and carpe diem\",\"potentialAction\":[{\"@type\":\"SearchAction\",\"target\":{\"@type\":\"EntryPoint\",\"urlTemplate\":\"https:\\\/\\\/www.tabakversand.ch\\\/?s={search_term_string}\"},\"query-input\":{\"@type\":\"PropertyValueSpecification\",\"valueRequired\":true,\"valueName\":\"search_term_string\"}}],\"inLanguage\":\"it-IT\"}]}<\/script>\n<!-- \/ Yoast SEO plugin. -->","yoast_head_json":{"title":"Heimat hell 1 x 250 gr. Tabacco da sigaretta - Tabakversand.ch | Alles aus der Welt des Tabaks","description":"Heimat Hell 1 x 250 g di tabacco per sigarette | Ampia scelta di prodotti del tabacco, sigarette elettroniche e accessori per fumatori di alta qualit\u00e0 in tutta la Svizzera | Si accettano carte di credito!","robots":{"index":"index","follow":"follow","max-snippet":"max-snippet:-1","max-image-preview":"max-image-preview:large","max-video-preview":"max-video-preview:-1"},"canonical":"https:\/\/www.tabakversand.ch\/prodotto\/heimat-hell-1-x-250-gr-zigarettentabak\/","og_locale":"it_IT","og_type":"article","og_title":"Heimat hell 1 x 250 gr. Tabacco da sigaretta - Tabakversand.ch | Alles aus der Welt des Tabaks","og_description":"Heimat Hell 1 x 250 g di tabacco per sigarette | Ampia scelta di prodotti del tabacco, sigarette elettroniche e accessori per fumatori di alta qualit\u00e0 in tutta la Svizzera | Si accettano carte di credito!","og_url":"https:\/\/www.tabakversand.ch\/prodotto\/heimat-hell-1-x-250-gr-zigarettentabak\/","og_site_name":"Tabakversand.ch | Alles aus der Welt des Tabaks","article_modified_time":"2026-04-05T13:41:57+00:00","og_image":[{"width":500,"height":500,"url":"https:\/\/www.tabakversand.ch\/wp-content\/uploads\/2026\/01\/heimat-hell-250.jpg","type":"image\/jpeg"}],"twitter_card":"summary_large_image","twitter_misc":{"Tempo di lettura stimato":"2 minuti"},"schema":{"@context":"https:\/\/schema.org","@graph":[{"@type":"WebPage","@id":"https:\/\/www.tabakversand.ch\/prodotto\/heimat-hell-1-x-250-gr-zigarettentabak\/","url":"https:\/\/www.tabakversand.ch\/prodotto\/heimat-hell-1-x-250-gr-zigarettentabak\/","name":"Heimat hell 1 x 250 gr. Tabacco da sigaretta - Tabakversand.ch | Alles aus der Welt des Tabaks","isPartOf":{"@id":"https:\/\/www.tabakversand.ch\/#website"},"primaryImageOfPage":{"@id":"https:\/\/www.tabakversand.ch\/prodotto\/heimat-hell-1-x-250-gr-zigarettentabak\/#primaryimage"},"image":{"@id":"https:\/\/www.tabakversand.ch\/prodotto\/heimat-hell-1-x-250-gr-zigarettentabak\/#primaryimage"},"thumbnailUrl":"https:\/\/www.tabakversand.ch\/wp-content\/uploads\/2026\/01\/heimat-hell-250.jpg","datePublished":"2026-01-21T14:38:47+00:00","dateModified":"2026-04-05T13:41:57+00:00","description":"Heimat Hell 1 x 250 g di tabacco per sigarette | Ampia scelta di prodotti del tabacco, sigarette elettroniche e accessori per fumatori di alta qualit\u00e0 in tutta la Svizzera | Si accettano carte di credito!","breadcrumb":{"@id":"https:\/\/www.tabakversand.ch\/prodotto\/heimat-hell-1-x-250-gr-zigarettentabak\/#breadcrumb"},"inLanguage":"it-IT","potentialAction":[{"@type":"ReadAction","target":["https:\/\/www.tabakversand.ch\/prodotto\/heimat-hell-1-x-250-gr-zigarettentabak\/"]}]},{"@type":"ImageObject","inLanguage":"it-IT","@id":"https:\/\/www.tabakversand.ch\/prodotto\/heimat-hell-1-x-250-gr-zigarettentabak\/#primaryimage","url":"https:\/\/www.tabakversand.ch\/wp-content\/uploads\/2026\/01\/heimat-hell-250.jpg","contentUrl":"https:\/\/www.tabakversand.ch\/wp-content\/uploads\/2026\/01\/heimat-hell-250.jpg","width":500,"height":500,"caption":"Heimat Hell 1 x 250 gr. Tabacco da sigaretta | tabakversand.ch"},{"@type":"BreadcrumbList","@id":"https:\/\/www.tabakversand.ch\/prodotto\/heimat-hell-1-x-250-gr-zigarettentabak\/#breadcrumb","itemListElement":[{"@type":"ListItem","position":1,"name":"Startseite","item":"https:\/\/www.tabakversand.ch\/"},{"@type":"ListItem","position":2,"name":"Negozio","item":"https:\/\/www.tabakversand.ch\/it\/negozio\/"},{"@type":"ListItem","position":3,"name":"Heimat hell 1 x 250 gr. Tabacco da sigaretta"}]},{"@type":"WebSite","@id":"https:\/\/www.tabakversand.ch\/#website","url":"https:\/\/www.tabakversand.ch\/","name":"Tabakversand.ch | Alles aus der Welt des Tabaks","description":"Smoke and carpe diem","potentialAction":[{"@type":"SearchAction","target":{"@type":"EntryPoint","urlTemplate":"https:\/\/www.tabakversand.ch\/?s={search_term_string}"},"query-input":{"@type":"PropertyValueSpecification","valueRequired":true,"valueName":"search_term_string"}}],"inLanguage":"it-IT"}]}},"_links":{"self":[{"href":"https:\/\/www.tabakversand.ch\/it\/wp-json\/wp\/v2\/product\/209425","targetHints":{"allow":["GET"]}}],"collection":[{"href":"https:\/\/www.tabakversand.ch\/it\/wp-json\/wp\/v2\/product"}],"about":[{"href":"https:\/\/www.tabakversand.ch\/it\/wp-json\/wp\/v2\/types\/product"}],"version-history":[{"count":5,"href":"https:\/\/www.tabakversand.ch\/it\/wp-json\/wp\/v2\/product\/209425\/revisions"}],"predecessor-version":[{"id":216844,"href":"https:\/\/www.tabakversand.ch\/it\/wp-json\/wp\/v2\/product\/209425\/revisions\/216844"}],"wp:featuredmedia":[{"embeddable":true,"href":"https:\/\/www.tabakversand.ch\/it\/wp-json\/wp\/v2\/media\/209429"}],"wp:attachment":[{"href":"https:\/\/www.tabakversand.ch\/it\/wp-json\/wp\/v2\/media?parent=209425"}],"wp:term":[{"taxonomy":"product_brand","embeddable":true,"href":"https:\/\/www.tabakversand.ch\/it\/wp-json\/wp\/v2\/product_brand?post=209425"},{"taxonomy":"product_cat","embeddable":true,"href":"https:\/\/www.tabakversand.ch\/it\/wp-json\/wp\/v2\/product_cat?post=209425"},{"taxonomy":"product_tag","embeddable":true,"href":"https:\/\/www.tabakversand.ch\/it\/wp-json\/wp\/v2\/product_tag?post=209425"}],"curies":[{"name":"wp","href":"https:\/\/api.w.org\/{rel}","templated":true}]}}