{"id":211389,"date":"2026-01-28T11:45:45","date_gmt":"2026-01-28T10:45:45","guid":{"rendered":"https:\/\/www.tabakversand.ch\/?post_type=product&#038;p=211389"},"modified":"2026-01-28T15:25:13","modified_gmt":"2026-01-28T14:25:13","slug":"al-massiva-bruderherz-200-gr-shishatabak","status":"publish","type":"product","link":"https:\/\/www.tabakversand.ch\/it\/prodotto\/al-massiva-bruderherz-200-gr-shishatabak\/","title":{"rendered":"Al Massiva Bruderherz 200 gr. Shishatabak"},"content":{"rendered":"<p>Al Massiva Bruderherz 200 gr. Shishatabak<\/p>\n<p>Solo per i migliori!<\/p>\n<ul>\n<li>Concedetevi il leggendario e puro frutto del drago. L&#8217;aroma dolce e intensamente fruttato con un finale rinfrescante \u00e8 un classico per ogni appassionato di narghil\u00e8!<\/li>\n<li>Tabacco Virginia di alta qualit\u00e0<\/li>\n<li>Gusto: Frutto del drago<\/li>\n<\/ul>\n<p>Tutti i prezzi si applicano solo agli ordini online e sono comprensivi di IVA. Soggetto a modifiche senza preavviso, escluse le spese di spedizione. Con riserva di errori, modifiche nell&#8217;ambito di consegna e nel design, errori di stampa e variazioni di prezzo. I prezzi barrati sono prezzi sostitutivi. Le illustrazioni possono differire dall&#8217;originale\/dall&#8217;ambito di consegna.<br \/>\n*Spedizione gratuita per ordini superiori a CHF 250.-.<\/p>\n","protected":false},"excerpt":{"rendered":"<p>Al Massiva Bruderherz 200 gr. Shishatabak Solo per i migliori! Concedetevi il leggendario e puro frutto del drago. L&#8217;aroma dolce e intensamente fruttato con un finale rinfrescante \u00e8 un classico per ogni appassionato di narghil\u00e8! Tabacco Virginia di alta qualit\u00e0 Gusto: Frutto del drago Tutti i prezzi si applicano solo agli ordini online e sono [&hellip;]<\/p>\n","protected":false},"featured_media":211393,"template":"","meta":[],"product_brand":[5228],"product_cat":[5229,1892,1884,1889,1886,5230],"product_tag":[],"class_list":{"0":"post-211389","1":"product","2":"type-product","3":"status-publish","4":"has-post-thumbnail","6":"product_brand-al-massiva","7":"product_cat-al-massiva","8":"product_cat-narghile","9":"product_cat-shishatabak-it","10":"product_cat-tabacco","11":"product_cat-tabacco-narghile-tabacco-narghile","12":"product_cat-tabacco-per-shisha-al-massiva","14":"first","15":"onbackorder","16":"featured","17":"purchasable","18":"product-type-simple"},"yoast_head":"<!-- This site is optimized with the Yoast SEO plugin v27.5 - https:\/\/yoast.com\/product\/yoast-seo-wordpress\/ -->\n<title>Al Massiva Bruderherz 200 gr. Shishatabak - Tabakversand.ch | Alles aus der Welt des Tabaks<\/title>\n<meta name=\"description\" content=\"Al Massiva Bruderherz 200 gr. Shisha Tabacco | Un&#039;ampia selezione di prodotti del tabacco, e-smoke e utensili da fumo in tutta la Svizzera | Carte accettate!\" \/>\n<meta name=\"robots\" content=\"index, follow, max-snippet:-1, max-image-preview:large, max-video-preview:-1\" \/>\n<link rel=\"canonical\" href=\"https:\/\/www.tabakversand.ch\/en\/prodotto\/al-massiva-bruderherz-200-gr-shishatabak\/\" \/>\n<meta property=\"og:locale\" content=\"it_IT\" \/>\n<meta property=\"og:type\" content=\"article\" \/>\n<meta property=\"og:title\" content=\"Al Massiva Bruderherz 200 gr. Shishatabak - Tabakversand.ch | Alles aus der Welt des Tabaks\" \/>\n<meta property=\"og:description\" content=\"Al Massiva Bruderherz 200 gr. Shisha Tabacco | Un&#039;ampia selezione di prodotti del tabacco, e-smoke e utensili da fumo in tutta la Svizzera | Carte accettate!\" \/>\n<meta property=\"og:url\" content=\"https:\/\/www.tabakversand.ch\/en\/prodotto\/al-massiva-bruderherz-200-gr-shishatabak\/\" \/>\n<meta property=\"og:site_name\" content=\"Tabakversand.ch | Alles aus der Welt des Tabaks\" \/>\n<meta property=\"article:modified_time\" content=\"2026-01-28T14:25:13+00:00\" \/>\n<meta property=\"og:image\" content=\"https:\/\/www.tabakversand.ch\/wp-content\/uploads\/2026\/01\/al-massiva-bruderherz.jpg\" \/>\n\t<meta property=\"og:image:width\" content=\"500\" \/>\n\t<meta property=\"og:image:height\" content=\"500\" \/>\n\t<meta property=\"og:image:type\" content=\"image\/jpeg\" \/>\n<meta name=\"twitter:card\" content=\"summary_large_image\" \/>\n<meta name=\"twitter:label1\" content=\"Tempo di lettura stimato\" \/>\n\t<meta name=\"twitter:data1\" content=\"1 minuto\" \/>\n<script type=\"application\/ld+json\" class=\"yoast-schema-graph\">{\"@context\":\"https:\\\/\\\/schema.org\",\"@graph\":[{\"@type\":\"WebPage\",\"@id\":\"https:\\\/\\\/www.tabakversand.ch\\\/en\\\/prodotto\\\/al-massiva-bruderherz-200-gr-shishatabak\\\/\",\"url\":\"https:\\\/\\\/www.tabakversand.ch\\\/en\\\/prodotto\\\/al-massiva-bruderherz-200-gr-shishatabak\\\/\",\"name\":\"Al Massiva Bruderherz 200 gr. Shishatabak - Tabakversand.ch | Alles aus der Welt des Tabaks\",\"isPartOf\":{\"@id\":\"https:\\\/\\\/www.tabakversand.ch\\\/#website\"},\"primaryImageOfPage\":{\"@id\":\"https:\\\/\\\/www.tabakversand.ch\\\/en\\\/prodotto\\\/al-massiva-bruderherz-200-gr-shishatabak\\\/#primaryimage\"},\"image\":{\"@id\":\"https:\\\/\\\/www.tabakversand.ch\\\/en\\\/prodotto\\\/al-massiva-bruderherz-200-gr-shishatabak\\\/#primaryimage\"},\"thumbnailUrl\":\"https:\\\/\\\/www.tabakversand.ch\\\/wp-content\\\/uploads\\\/2026\\\/01\\\/al-massiva-bruderherz.jpg\",\"datePublished\":\"2026-01-28T10:45:45+00:00\",\"dateModified\":\"2026-01-28T14:25:13+00:00\",\"description\":\"Al Massiva Bruderherz 200 gr. Shisha Tabacco | Un'ampia selezione di prodotti del tabacco, e-smoke e utensili da fumo in tutta la Svizzera | Carte accettate!\",\"breadcrumb\":{\"@id\":\"https:\\\/\\\/www.tabakversand.ch\\\/en\\\/prodotto\\\/al-massiva-bruderherz-200-gr-shishatabak\\\/#breadcrumb\"},\"inLanguage\":\"it-IT\",\"potentialAction\":[{\"@type\":\"ReadAction\",\"target\":[\"https:\\\/\\\/www.tabakversand.ch\\\/en\\\/prodotto\\\/al-massiva-bruderherz-200-gr-shishatabak\\\/\"]}]},{\"@type\":\"ImageObject\",\"inLanguage\":\"it-IT\",\"@id\":\"https:\\\/\\\/www.tabakversand.ch\\\/en\\\/prodotto\\\/al-massiva-bruderherz-200-gr-shishatabak\\\/#primaryimage\",\"url\":\"https:\\\/\\\/www.tabakversand.ch\\\/wp-content\\\/uploads\\\/2026\\\/01\\\/al-massiva-bruderherz.jpg\",\"contentUrl\":\"https:\\\/\\\/www.tabakversand.ch\\\/wp-content\\\/uploads\\\/2026\\\/01\\\/al-massiva-bruderherz.jpg\",\"width\":500,\"height\":500,\"caption\":\"Al Massiva Bruderherz 200 gr. Tabacco per narghil\u00e8 | tabakversand.ch\"},{\"@type\":\"BreadcrumbList\",\"@id\":\"https:\\\/\\\/www.tabakversand.ch\\\/en\\\/prodotto\\\/al-massiva-bruderherz-200-gr-shishatabak\\\/#breadcrumb\",\"itemListElement\":[{\"@type\":\"ListItem\",\"position\":1,\"name\":\"Startseite\",\"item\":\"https:\\\/\\\/www.tabakversand.ch\\\/\"},{\"@type\":\"ListItem\",\"position\":2,\"name\":\"Negozio\",\"item\":\"https:\\\/\\\/www.tabakversand.ch\\\/it\\\/negozio\\\/\"},{\"@type\":\"ListItem\",\"position\":3,\"name\":\"Al Massiva Bruderherz 200 gr. Shishatabak\"}]},{\"@type\":\"WebSite\",\"@id\":\"https:\\\/\\\/www.tabakversand.ch\\\/#website\",\"url\":\"https:\\\/\\\/www.tabakversand.ch\\\/\",\"name\":\"Tabakversand.ch | Alles aus der Welt des Tabaks\",\"description\":\"Smoke and carpe diem\",\"potentialAction\":[{\"@type\":\"SearchAction\",\"target\":{\"@type\":\"EntryPoint\",\"urlTemplate\":\"https:\\\/\\\/www.tabakversand.ch\\\/?s={search_term_string}\"},\"query-input\":{\"@type\":\"PropertyValueSpecification\",\"valueRequired\":true,\"valueName\":\"search_term_string\"}}],\"inLanguage\":\"it-IT\"}]}<\/script>\n<!-- \/ Yoast SEO plugin. -->","yoast_head_json":{"title":"Al Massiva Bruderherz 200 gr. Shishatabak - Tabakversand.ch | Alles aus der Welt des Tabaks","description":"Al Massiva Bruderherz 200 gr. Shisha Tabacco | Un'ampia selezione di prodotti del tabacco, e-smoke e utensili da fumo in tutta la Svizzera | Carte accettate!","robots":{"index":"index","follow":"follow","max-snippet":"max-snippet:-1","max-image-preview":"max-image-preview:large","max-video-preview":"max-video-preview:-1"},"canonical":"https:\/\/www.tabakversand.ch\/en\/prodotto\/al-massiva-bruderherz-200-gr-shishatabak\/","og_locale":"it_IT","og_type":"article","og_title":"Al Massiva Bruderherz 200 gr. Shishatabak - Tabakversand.ch | Alles aus der Welt des Tabaks","og_description":"Al Massiva Bruderherz 200 gr. Shisha Tabacco | Un'ampia selezione di prodotti del tabacco, e-smoke e utensili da fumo in tutta la Svizzera | Carte accettate!","og_url":"https:\/\/www.tabakversand.ch\/en\/prodotto\/al-massiva-bruderherz-200-gr-shishatabak\/","og_site_name":"Tabakversand.ch | Alles aus der Welt des Tabaks","article_modified_time":"2026-01-28T14:25:13+00:00","og_image":[{"width":500,"height":500,"url":"https:\/\/www.tabakversand.ch\/wp-content\/uploads\/2026\/01\/al-massiva-bruderherz.jpg","type":"image\/jpeg"}],"twitter_card":"summary_large_image","twitter_misc":{"Tempo di lettura stimato":"1 minuto"},"schema":{"@context":"https:\/\/schema.org","@graph":[{"@type":"WebPage","@id":"https:\/\/www.tabakversand.ch\/en\/prodotto\/al-massiva-bruderherz-200-gr-shishatabak\/","url":"https:\/\/www.tabakversand.ch\/en\/prodotto\/al-massiva-bruderherz-200-gr-shishatabak\/","name":"Al Massiva Bruderherz 200 gr. Shishatabak - Tabakversand.ch | Alles aus der Welt des Tabaks","isPartOf":{"@id":"https:\/\/www.tabakversand.ch\/#website"},"primaryImageOfPage":{"@id":"https:\/\/www.tabakversand.ch\/en\/prodotto\/al-massiva-bruderherz-200-gr-shishatabak\/#primaryimage"},"image":{"@id":"https:\/\/www.tabakversand.ch\/en\/prodotto\/al-massiva-bruderherz-200-gr-shishatabak\/#primaryimage"},"thumbnailUrl":"https:\/\/www.tabakversand.ch\/wp-content\/uploads\/2026\/01\/al-massiva-bruderherz.jpg","datePublished":"2026-01-28T10:45:45+00:00","dateModified":"2026-01-28T14:25:13+00:00","description":"Al Massiva Bruderherz 200 gr. Shisha Tabacco | Un'ampia selezione di prodotti del tabacco, e-smoke e utensili da fumo in tutta la Svizzera | Carte accettate!","breadcrumb":{"@id":"https:\/\/www.tabakversand.ch\/en\/prodotto\/al-massiva-bruderherz-200-gr-shishatabak\/#breadcrumb"},"inLanguage":"it-IT","potentialAction":[{"@type":"ReadAction","target":["https:\/\/www.tabakversand.ch\/en\/prodotto\/al-massiva-bruderherz-200-gr-shishatabak\/"]}]},{"@type":"ImageObject","inLanguage":"it-IT","@id":"https:\/\/www.tabakversand.ch\/en\/prodotto\/al-massiva-bruderherz-200-gr-shishatabak\/#primaryimage","url":"https:\/\/www.tabakversand.ch\/wp-content\/uploads\/2026\/01\/al-massiva-bruderherz.jpg","contentUrl":"https:\/\/www.tabakversand.ch\/wp-content\/uploads\/2026\/01\/al-massiva-bruderherz.jpg","width":500,"height":500,"caption":"Al Massiva Bruderherz 200 gr. Tabacco per narghil\u00e8 | tabakversand.ch"},{"@type":"BreadcrumbList","@id":"https:\/\/www.tabakversand.ch\/en\/prodotto\/al-massiva-bruderherz-200-gr-shishatabak\/#breadcrumb","itemListElement":[{"@type":"ListItem","position":1,"name":"Startseite","item":"https:\/\/www.tabakversand.ch\/"},{"@type":"ListItem","position":2,"name":"Negozio","item":"https:\/\/www.tabakversand.ch\/it\/negozio\/"},{"@type":"ListItem","position":3,"name":"Al Massiva Bruderherz 200 gr. Shishatabak"}]},{"@type":"WebSite","@id":"https:\/\/www.tabakversand.ch\/#website","url":"https:\/\/www.tabakversand.ch\/","name":"Tabakversand.ch | Alles aus der Welt des Tabaks","description":"Smoke and carpe diem","potentialAction":[{"@type":"SearchAction","target":{"@type":"EntryPoint","urlTemplate":"https:\/\/www.tabakversand.ch\/?s={search_term_string}"},"query-input":{"@type":"PropertyValueSpecification","valueRequired":true,"valueName":"search_term_string"}}],"inLanguage":"it-IT"}]}},"_links":{"self":[{"href":"https:\/\/www.tabakversand.ch\/it\/wp-json\/wp\/v2\/product\/211389","targetHints":{"allow":["GET"]}}],"collection":[{"href":"https:\/\/www.tabakversand.ch\/it\/wp-json\/wp\/v2\/product"}],"about":[{"href":"https:\/\/www.tabakversand.ch\/it\/wp-json\/wp\/v2\/types\/product"}],"version-history":[{"count":3,"href":"https:\/\/www.tabakversand.ch\/it\/wp-json\/wp\/v2\/product\/211389\/revisions"}],"predecessor-version":[{"id":211529,"href":"https:\/\/www.tabakversand.ch\/it\/wp-json\/wp\/v2\/product\/211389\/revisions\/211529"}],"wp:featuredmedia":[{"embeddable":true,"href":"https:\/\/www.tabakversand.ch\/it\/wp-json\/wp\/v2\/media\/211393"}],"wp:attachment":[{"href":"https:\/\/www.tabakversand.ch\/it\/wp-json\/wp\/v2\/media?parent=211389"}],"wp:term":[{"taxonomy":"product_brand","embeddable":true,"href":"https:\/\/www.tabakversand.ch\/it\/wp-json\/wp\/v2\/product_brand?post=211389"},{"taxonomy":"product_cat","embeddable":true,"href":"https:\/\/www.tabakversand.ch\/it\/wp-json\/wp\/v2\/product_cat?post=211389"},{"taxonomy":"product_tag","embeddable":true,"href":"https:\/\/www.tabakversand.ch\/it\/wp-json\/wp\/v2\/product_tag?post=211389"}],"curies":[{"name":"wp","href":"https:\/\/api.w.org\/{rel}","templated":true}]}}