{"id":211757,"date":"2026-01-29T14:05:55","date_gmt":"2026-01-29T13:05:55","guid":{"rendered":"https:\/\/www.tabakversand.ch\/?post_type=product&#038;p=211757"},"modified":"2026-01-29T14:19:10","modified_gmt":"2026-01-29T13:19:10","slug":"accendino-zippo-harley-davidson-2026-da-collezione-60007745","status":"publish","type":"product","link":"https:\/\/www.tabakversand.ch\/it\/prodotto\/accendino-zippo-harley-davidson-2026-da-collezione-60007745\/","title":{"rendered":"Accendino Zippo Harley Davidson 2026 da collezione 60007745"},"content":{"rendered":"<p>Accendino Zippo Harley Davidson 2026 da collezione 60007745<\/p>\n<p>Dai il via alla stagione a tutto gas con l&#8217;accendino Harley-Davidson Limited Edition dell&#8217;anno 2026.<\/p>\n<p>L&#8217;iconica aquila in volo, che stringe l&#8217;emblema Harley-Davidson\u00ae Motorcycles nel caratteristico design 540 Fusion, \u00e8 in bella mostra su una classica cassa in ottone martellato. Il motivo patriottico prosegue senza soluzione di continuit\u00e0 sul retro, dove la scritta &#8220;2026 Limited Edition&#8221; \u00e8 lussuosamente incisa utilizzando il nostro processo Lustre. Infine, il logo Harley-Davidson risplende nelle ricche tonalit\u00e0 dell&#8217;ottone sul lato senza cerniera.<\/p>\n<ul>\n<li>Dimensioni: Full size<\/li>\n<li>Confezionato in una confezione regalo Zippo originale.<\/li>\n<li>Costituito da metallo; design antivento che funziona praticamente ovunque.<\/li>\n<li>Ricaricabile per l&#8217;uso a vita; raccomandiamo originale Zippo premium accendino benzina, selce e stoppini.<\/li>\n<li>Garanzia: 30 anni sulla meccanica (esclusi materiali di consumo e superfici)<\/li>\n<li>Prodotto negli Stati Uniti<\/li>\n<li>Carburante: liquido originale per accendini Zippo premium (venduto separatamente, tutti gli Zippo sono vuoti<\/li>\n<li>540 Ottone burattato<\/li>\n<li>Lustro\/540 Fusione<\/li>\n<\/ul>\n<p>Tutti i prezzi si applicano solo agli ordini online e sono comprensivi di IVA. Soggetto a modifiche senza preavviso, escluse le spese di spedizione. Con riserva di errori, modifiche nell&#8217;ambito di consegna e nel design, errori di stampa e variazioni di prezzo. I prezzi barrati sono prezzi sostitutivi. Le illustrazioni possono differire dall&#8217;originale\/dall&#8217;ambito di consegna.<br \/>\n*Spedizione gratuita per ordini superiori a CHF 250.-.<\/p>\n","protected":false},"excerpt":{"rendered":"<p>Accendino Zippo Harley Davidson 2026 da collezione 60007745 Dai il via alla stagione a tutto gas con l&#8217;accendino Harley-Davidson Limited Edition dell&#8217;anno 2026. L&#8217;iconica aquila in volo, che stringe l&#8217;emblema Harley-Davidson\u00ae Motorcycles nel caratteristico design 540 Fusion, \u00e8 in bella mostra su una classica cassa in ottone martellato. Il motivo patriottico prosegue senza soluzione di [&hellip;]<\/p>\n","protected":false},"featured_media":211766,"template":"","meta":[],"product_brand":[1567],"product_cat":[1931,5155,2068,2061,1930],"product_tag":[],"class_list":{"0":"post-211757","1":"product","2":"type-product","3":"status-publish","4":"has-post-thumbnail","6":"product_brand-zippo-feuerzeuge-und-acessoires","7":"product_cat-accendini","8":"product_cat-collezione-annuale-zippo-2026","9":"product_cat-zippo-edizione-limitata","10":"product_cat-zippo-harley-davidson-it","11":"product_cat-zippo-lighter-collezioni","13":"first","14":"onbackorder","15":"purchasable","16":"product-type-simple"},"yoast_head":"<!-- This site is optimized with the Yoast SEO plugin v27.5 - https:\/\/yoast.com\/product\/yoast-seo-wordpress\/ -->\n<title>Accendino Zippo Harley Davidson 2026 da collezione 60007745 - Tabakversand.ch | Alles aus der Welt des Tabaks<\/title>\n<meta name=\"description\" content=\"Accendino Zippo Harley Davidson 2026 Collectible 60007745 | Un&#039;ampia selezione di prodotti di tabacco di alta qualit\u00e0, sigarette elettroniche e accessori per fumatori in tutta la Svizzera | Si accettano carte di credito!\" \/>\n<meta name=\"robots\" content=\"index, follow, max-snippet:-1, max-image-preview:large, max-video-preview:-1\" \/>\n<link rel=\"canonical\" href=\"https:\/\/www.tabakversand.ch\/prodotto\/zippo-harley-davidson-2026-collectible-60007745-feuerzeug\/\" \/>\n<meta property=\"og:locale\" content=\"it_IT\" \/>\n<meta property=\"og:type\" content=\"article\" \/>\n<meta property=\"og:title\" content=\"Accendino Zippo Harley Davidson 2026 da collezione 60007745 - Tabakversand.ch | Alles aus der Welt des Tabaks\" \/>\n<meta property=\"og:description\" content=\"Accendino Zippo Harley Davidson 2026 Collectible 60007745 | Un&#039;ampia selezione di prodotti di tabacco di alta qualit\u00e0, sigarette elettroniche e accessori per fumatori in tutta la Svizzera | Si accettano carte di credito!\" \/>\n<meta property=\"og:url\" content=\"https:\/\/www.tabakversand.ch\/prodotto\/zippo-harley-davidson-2026-collectible-60007745-feuerzeug\/\" \/>\n<meta property=\"og:site_name\" content=\"Tabakversand.ch | Alles aus der Welt des Tabaks\" \/>\n<meta property=\"article:modified_time\" content=\"2026-01-29T13:19:10+00:00\" \/>\n<meta property=\"og:image\" content=\"https:\/\/www.tabakversand.ch\/wp-content\/uploads\/2026\/01\/zippo-harley-davidson-le-2026.jpg\" \/>\n\t<meta property=\"og:image:width\" content=\"500\" \/>\n\t<meta property=\"og:image:height\" content=\"500\" \/>\n\t<meta property=\"og:image:type\" content=\"image\/jpeg\" \/>\n<meta name=\"twitter:card\" content=\"summary_large_image\" \/>\n<meta name=\"twitter:label1\" content=\"Tempo di lettura stimato\" \/>\n\t<meta name=\"twitter:data1\" content=\"2 minuti\" \/>\n<script type=\"application\/ld+json\" class=\"yoast-schema-graph\">{\"@context\":\"https:\\\/\\\/schema.org\",\"@graph\":[{\"@type\":\"WebPage\",\"@id\":\"https:\\\/\\\/www.tabakversand.ch\\\/prodotto\\\/zippo-harley-davidson-2026-collectible-60007745-feuerzeug\\\/\",\"url\":\"https:\\\/\\\/www.tabakversand.ch\\\/prodotto\\\/zippo-harley-davidson-2026-collectible-60007745-feuerzeug\\\/\",\"name\":\"Accendino Zippo Harley Davidson 2026 da collezione 60007745 - Tabakversand.ch | Alles aus der Welt des Tabaks\",\"isPartOf\":{\"@id\":\"https:\\\/\\\/www.tabakversand.ch\\\/#website\"},\"primaryImageOfPage\":{\"@id\":\"https:\\\/\\\/www.tabakversand.ch\\\/prodotto\\\/zippo-harley-davidson-2026-collectible-60007745-feuerzeug\\\/#primaryimage\"},\"image\":{\"@id\":\"https:\\\/\\\/www.tabakversand.ch\\\/prodotto\\\/zippo-harley-davidson-2026-collectible-60007745-feuerzeug\\\/#primaryimage\"},\"thumbnailUrl\":\"https:\\\/\\\/www.tabakversand.ch\\\/wp-content\\\/uploads\\\/2026\\\/01\\\/zippo-harley-davidson-le-2026.jpg\",\"datePublished\":\"2026-01-29T13:05:55+00:00\",\"dateModified\":\"2026-01-29T13:19:10+00:00\",\"description\":\"Accendino Zippo Harley Davidson 2026 Collectible 60007745 | Un'ampia selezione di prodotti di tabacco di alta qualit\u00e0, sigarette elettroniche e accessori per fumatori in tutta la Svizzera | Si accettano carte di credito!\",\"breadcrumb\":{\"@id\":\"https:\\\/\\\/www.tabakversand.ch\\\/prodotto\\\/zippo-harley-davidson-2026-collectible-60007745-feuerzeug\\\/#breadcrumb\"},\"inLanguage\":\"it-IT\",\"potentialAction\":[{\"@type\":\"ReadAction\",\"target\":[\"https:\\\/\\\/www.tabakversand.ch\\\/prodotto\\\/zippo-harley-davidson-2026-collectible-60007745-feuerzeug\\\/\"]}]},{\"@type\":\"ImageObject\",\"inLanguage\":\"it-IT\",\"@id\":\"https:\\\/\\\/www.tabakversand.ch\\\/prodotto\\\/zippo-harley-davidson-2026-collectible-60007745-feuerzeug\\\/#primaryimage\",\"url\":\"https:\\\/\\\/www.tabakversand.ch\\\/wp-content\\\/uploads\\\/2026\\\/01\\\/zippo-harley-davidson-le-2026.jpg\",\"contentUrl\":\"https:\\\/\\\/www.tabakversand.ch\\\/wp-content\\\/uploads\\\/2026\\\/01\\\/zippo-harley-davidson-le-2026.jpg\",\"width\":500,\"height\":500,\"caption\":\"Accendino Zippo Harley Davidson 2026 da collezione 60007745 | tabakversand.ch\"},{\"@type\":\"BreadcrumbList\",\"@id\":\"https:\\\/\\\/www.tabakversand.ch\\\/prodotto\\\/zippo-harley-davidson-2026-collectible-60007745-feuerzeug\\\/#breadcrumb\",\"itemListElement\":[{\"@type\":\"ListItem\",\"position\":1,\"name\":\"Startseite\",\"item\":\"https:\\\/\\\/www.tabakversand.ch\\\/\"},{\"@type\":\"ListItem\",\"position\":2,\"name\":\"Negozio\",\"item\":\"https:\\\/\\\/www.tabakversand.ch\\\/it\\\/negozio\\\/\"},{\"@type\":\"ListItem\",\"position\":3,\"name\":\"Accendino Zippo Harley Davidson 2026 da collezione 60007745\"}]},{\"@type\":\"WebSite\",\"@id\":\"https:\\\/\\\/www.tabakversand.ch\\\/#website\",\"url\":\"https:\\\/\\\/www.tabakversand.ch\\\/\",\"name\":\"Tabakversand.ch | Alles aus der Welt des Tabaks\",\"description\":\"Smoke and carpe diem\",\"potentialAction\":[{\"@type\":\"SearchAction\",\"target\":{\"@type\":\"EntryPoint\",\"urlTemplate\":\"https:\\\/\\\/www.tabakversand.ch\\\/?s={search_term_string}\"},\"query-input\":{\"@type\":\"PropertyValueSpecification\",\"valueRequired\":true,\"valueName\":\"search_term_string\"}}],\"inLanguage\":\"it-IT\"}]}<\/script>\n<!-- \/ Yoast SEO plugin. -->","yoast_head_json":{"title":"Accendino Zippo Harley Davidson 2026 da collezione 60007745 - Tabakversand.ch | Alles aus der Welt des Tabaks","description":"Accendino Zippo Harley Davidson 2026 Collectible 60007745 | Un'ampia selezione di prodotti di tabacco di alta qualit\u00e0, sigarette elettroniche e accessori per fumatori in tutta la Svizzera | Si accettano carte di credito!","robots":{"index":"index","follow":"follow","max-snippet":"max-snippet:-1","max-image-preview":"max-image-preview:large","max-video-preview":"max-video-preview:-1"},"canonical":"https:\/\/www.tabakversand.ch\/prodotto\/zippo-harley-davidson-2026-collectible-60007745-feuerzeug\/","og_locale":"it_IT","og_type":"article","og_title":"Accendino Zippo Harley Davidson 2026 da collezione 60007745 - Tabakversand.ch | Alles aus der Welt des Tabaks","og_description":"Accendino Zippo Harley Davidson 2026 Collectible 60007745 | Un'ampia selezione di prodotti di tabacco di alta qualit\u00e0, sigarette elettroniche e accessori per fumatori in tutta la Svizzera | Si accettano carte di credito!","og_url":"https:\/\/www.tabakversand.ch\/prodotto\/zippo-harley-davidson-2026-collectible-60007745-feuerzeug\/","og_site_name":"Tabakversand.ch | Alles aus der Welt des Tabaks","article_modified_time":"2026-01-29T13:19:10+00:00","og_image":[{"width":500,"height":500,"url":"https:\/\/www.tabakversand.ch\/wp-content\/uploads\/2026\/01\/zippo-harley-davidson-le-2026.jpg","type":"image\/jpeg"}],"twitter_card":"summary_large_image","twitter_misc":{"Tempo di lettura stimato":"2 minuti"},"schema":{"@context":"https:\/\/schema.org","@graph":[{"@type":"WebPage","@id":"https:\/\/www.tabakversand.ch\/prodotto\/zippo-harley-davidson-2026-collectible-60007745-feuerzeug\/","url":"https:\/\/www.tabakversand.ch\/prodotto\/zippo-harley-davidson-2026-collectible-60007745-feuerzeug\/","name":"Accendino Zippo Harley Davidson 2026 da collezione 60007745 - Tabakversand.ch | Alles aus der Welt des Tabaks","isPartOf":{"@id":"https:\/\/www.tabakversand.ch\/#website"},"primaryImageOfPage":{"@id":"https:\/\/www.tabakversand.ch\/prodotto\/zippo-harley-davidson-2026-collectible-60007745-feuerzeug\/#primaryimage"},"image":{"@id":"https:\/\/www.tabakversand.ch\/prodotto\/zippo-harley-davidson-2026-collectible-60007745-feuerzeug\/#primaryimage"},"thumbnailUrl":"https:\/\/www.tabakversand.ch\/wp-content\/uploads\/2026\/01\/zippo-harley-davidson-le-2026.jpg","datePublished":"2026-01-29T13:05:55+00:00","dateModified":"2026-01-29T13:19:10+00:00","description":"Accendino Zippo Harley Davidson 2026 Collectible 60007745 | Un'ampia selezione di prodotti di tabacco di alta qualit\u00e0, sigarette elettroniche e accessori per fumatori in tutta la Svizzera | Si accettano carte di credito!","breadcrumb":{"@id":"https:\/\/www.tabakversand.ch\/prodotto\/zippo-harley-davidson-2026-collectible-60007745-feuerzeug\/#breadcrumb"},"inLanguage":"it-IT","potentialAction":[{"@type":"ReadAction","target":["https:\/\/www.tabakversand.ch\/prodotto\/zippo-harley-davidson-2026-collectible-60007745-feuerzeug\/"]}]},{"@type":"ImageObject","inLanguage":"it-IT","@id":"https:\/\/www.tabakversand.ch\/prodotto\/zippo-harley-davidson-2026-collectible-60007745-feuerzeug\/#primaryimage","url":"https:\/\/www.tabakversand.ch\/wp-content\/uploads\/2026\/01\/zippo-harley-davidson-le-2026.jpg","contentUrl":"https:\/\/www.tabakversand.ch\/wp-content\/uploads\/2026\/01\/zippo-harley-davidson-le-2026.jpg","width":500,"height":500,"caption":"Accendino Zippo Harley Davidson 2026 da collezione 60007745 | tabakversand.ch"},{"@type":"BreadcrumbList","@id":"https:\/\/www.tabakversand.ch\/prodotto\/zippo-harley-davidson-2026-collectible-60007745-feuerzeug\/#breadcrumb","itemListElement":[{"@type":"ListItem","position":1,"name":"Startseite","item":"https:\/\/www.tabakversand.ch\/"},{"@type":"ListItem","position":2,"name":"Negozio","item":"https:\/\/www.tabakversand.ch\/it\/negozio\/"},{"@type":"ListItem","position":3,"name":"Accendino Zippo Harley Davidson 2026 da collezione 60007745"}]},{"@type":"WebSite","@id":"https:\/\/www.tabakversand.ch\/#website","url":"https:\/\/www.tabakversand.ch\/","name":"Tabakversand.ch | Alles aus der Welt des Tabaks","description":"Smoke and carpe diem","potentialAction":[{"@type":"SearchAction","target":{"@type":"EntryPoint","urlTemplate":"https:\/\/www.tabakversand.ch\/?s={search_term_string}"},"query-input":{"@type":"PropertyValueSpecification","valueRequired":true,"valueName":"search_term_string"}}],"inLanguage":"it-IT"}]}},"_links":{"self":[{"href":"https:\/\/www.tabakversand.ch\/it\/wp-json\/wp\/v2\/product\/211757","targetHints":{"allow":["GET"]}}],"collection":[{"href":"https:\/\/www.tabakversand.ch\/it\/wp-json\/wp\/v2\/product"}],"about":[{"href":"https:\/\/www.tabakversand.ch\/it\/wp-json\/wp\/v2\/types\/product"}],"version-history":[{"count":3,"href":"https:\/\/www.tabakversand.ch\/it\/wp-json\/wp\/v2\/product\/211757\/revisions"}],"predecessor-version":[{"id":211776,"href":"https:\/\/www.tabakversand.ch\/it\/wp-json\/wp\/v2\/product\/211757\/revisions\/211776"}],"wp:featuredmedia":[{"embeddable":true,"href":"https:\/\/www.tabakversand.ch\/it\/wp-json\/wp\/v2\/media\/211766"}],"wp:attachment":[{"href":"https:\/\/www.tabakversand.ch\/it\/wp-json\/wp\/v2\/media?parent=211757"}],"wp:term":[{"taxonomy":"product_brand","embeddable":true,"href":"https:\/\/www.tabakversand.ch\/it\/wp-json\/wp\/v2\/product_brand?post=211757"},{"taxonomy":"product_cat","embeddable":true,"href":"https:\/\/www.tabakversand.ch\/it\/wp-json\/wp\/v2\/product_cat?post=211757"},{"taxonomy":"product_tag","embeddable":true,"href":"https:\/\/www.tabakversand.ch\/it\/wp-json\/wp\/v2\/product_tag?post=211757"}],"curies":[{"name":"wp","href":"https:\/\/api.w.org\/{rel}","templated":true}]}}