{"id":212219,"date":"2026-01-27T09:39:10","date_gmt":"2026-01-27T08:39:10","guid":{"rendered":"https:\/\/www.tabakversand.ch\/produkt\/flower-mill-next-gen-standard-2-5-3-teilig-64mm\/"},"modified":"2026-02-22T13:27:12","modified_gmt":"2026-02-22T12:27:12","slug":"flower-mill-next-gen-standard-64mm","status":"publish","type":"product","link":"https:\/\/www.tabakversand.ch\/it\/prodotto\/flower-mill-next-gen-standard-64mm\/","title":{"rendered":"Flower Mill &#8211; Next-Gen Standard 2,5&#8243; in 3 pezzi da 64 mm"},"content":{"rendered":"<h1>Flower Mill &#8211; Next-Gen Standard<\/h1>\n<p>2,5&#8243; 3 pezzi 64 mm<\/p>\n<ul>\n<li>alluminio aeronautico 6061 robusto e durevole<\/li>\n<li>Set da 3 pezzi: goditi il \u200b\u200btuo polline in qualsiasi momento<\/li>\n<li>Funzionamento fluido grazie alle guide in plastica senza BPA<\/li>\n<li>Macinazione pi\u00f9 veloce e facile rispetto a un macinino classico<\/li>\n<li>coperchio magnetico e scomparto per il polline a sgancio rapido<\/li>\n<li>Scegli il tuo colore preferito tra 5 colori<\/li>\n<\/ul>\n<p>Su tabakversand.ch, riceverai il tuo macinacaff\u00e8 Flower Mill ben conservato e nella sua confezione originale. Una conservazione accurata garantisce che la sua qualit\u00e0 rimanga ottimale fino alla spedizione. Grazie alla consegna rapida in Svizzera, il tuo macinacaff\u00e8 Flower Mill arriver\u00e0 solitamente molto rapidamente.<\/p>\n<p>Per maggiori informazioni sul produttore Flower Mill, visita il sito web ufficiale dell&#8217;azienda: <u><a href=\"https:\/\/www.flowermillusa.com\/\">clicca qui<\/a><\/u> . Per qualsiasi domanda sul prodotto, non esitare a contattarci: <a href=\"https:\/\/www.tabakversand.ch\/kontakt\/\">clicca qui<\/a> .<\/p>\n<p>Tutti i prezzi si applicano solo agli ordini online e sono comprensivi di IVA. Soggetto a modifiche senza preavviso, escluse le spese di spedizione. Con riserva di errori, modifiche nell&#8217;ambito di consegna e nel design, errori di stampa e variazioni di prezzo. I prezzi barrati sono prezzi sostitutivi. Le illustrazioni possono differire dall&#8217;originale\/dall&#8217;ambito di consegna.<br \/>\n*Spedizione gratuita per ordini superiori a CHF 250.-.<\/p>\n","protected":false},"excerpt":{"rendered":"<p>Flower Mill &#8211; Next-Gen Standard 2,5&#8243; 3 pezzi 64 mm alluminio aeronautico 6061 robusto e durevole Set da 3 pezzi: goditi il \u200b\u200btuo polline in qualsiasi momento Funzionamento fluido grazie alle guide in plastica senza BPA Macinazione pi\u00f9 veloce e facile rispetto a un macinino classico coperchio magnetico e scomparto per il polline a sgancio [&hellip;]<\/p>\n","protected":false},"featured_media":211111,"template":"","meta":[],"product_brand":[5209],"product_cat":[2004,2153,3220],"product_tag":[],"class_list":{"0":"post-212219","1":"product","2":"type-product","3":"status-publish","4":"has-post-thumbnail","6":"product_brand-flower-mill","7":"product_cat-diverso-headshop","8":"product_cat-grinder-herb-canapa-mills","9":"product_cat-negozio-di-teste","11":"first","12":"onbackorder","13":"purchasable","14":"product-type-variable"},"yoast_head":"<!-- This site is optimized with the Yoast SEO plugin v27.0 - https:\/\/yoast.com\/product\/yoast-seo-wordpress\/ -->\n<title>Flower Mill - Next-Gen Standard 2,5&quot; in 3 pezzi da 64 mm<\/title>\n<meta name=\"description\" content=\"Flower Mill Next-Gen Standard da 64 mm: macinacaff\u00e8 di alta qualit\u00e0 con un meccanismo di macinazione innovativo per risultati costanti. Robusto e realizzato con precisione.\" \/>\n<meta name=\"robots\" content=\"index, follow, max-snippet:-1, max-image-preview:large, max-video-preview:-1\" \/>\n<link rel=\"canonical\" href=\"https:\/\/www.tabakversand.ch\/prodotto\/flower-mill-next-gen-standard-64mm\/\" \/>\n<meta property=\"og:locale\" content=\"it_IT\" \/>\n<meta property=\"og:type\" content=\"article\" \/>\n<meta property=\"og:title\" content=\"Flower Mill - Next-Gen Standard 2,5&quot; in 3 pezzi da 64 mm\" \/>\n<meta property=\"og:description\" content=\"Flower Mill Next-Gen Standard da 64 mm: macinacaff\u00e8 di alta qualit\u00e0 con un meccanismo di macinazione innovativo per risultati costanti. Robusto e realizzato con precisione.\" \/>\n<meta property=\"og:url\" content=\"https:\/\/www.tabakversand.ch\/prodotto\/flower-mill-next-gen-standard-64mm\/\" \/>\n<meta property=\"og:site_name\" content=\"Tabakversand.ch | Alles aus der Welt des Tabaks\" \/>\n<meta property=\"article:modified_time\" content=\"2026-02-22T12:27:12+00:00\" \/>\n<meta property=\"og:image\" content=\"https:\/\/www.tabakversand.ch\/wp-content\/uploads\/2026\/01\/flower-mill-next-gen-standard-2-5-3-teilig-64mm.jpg\" \/>\n\t<meta property=\"og:image:width\" content=\"500\" \/>\n\t<meta property=\"og:image:height\" content=\"500\" \/>\n\t<meta property=\"og:image:type\" content=\"image\/jpeg\" \/>\n<meta name=\"twitter:card\" content=\"summary_large_image\" \/>\n<meta name=\"twitter:label1\" content=\"Tempo di lettura stimato\" \/>\n\t<meta name=\"twitter:data1\" content=\"2 minuti\" \/>\n<script type=\"application\/ld+json\" class=\"yoast-schema-graph\">{\"@context\":\"https:\/\/schema.org\",\"@graph\":[{\"@type\":\"WebPage\",\"@id\":\"https:\/\/www.tabakversand.ch\/prodotto\/flower-mill-next-gen-standard-64mm\/\",\"url\":\"https:\/\/www.tabakversand.ch\/prodotto\/flower-mill-next-gen-standard-64mm\/\",\"name\":\"Flower Mill - Next-Gen Standard 2,5\\\" in 3 pezzi da 64 mm\",\"isPartOf\":{\"@id\":\"https:\/\/www.tabakversand.ch\/#website\"},\"primaryImageOfPage\":{\"@id\":\"https:\/\/www.tabakversand.ch\/prodotto\/flower-mill-next-gen-standard-64mm\/#primaryimage\"},\"image\":{\"@id\":\"https:\/\/www.tabakversand.ch\/prodotto\/flower-mill-next-gen-standard-64mm\/#primaryimage\"},\"thumbnailUrl\":\"https:\/\/www.tabakversand.ch\/wp-content\/uploads\/2026\/01\/flower-mill-next-gen-standard-2-5-3-teilig-64mm.jpg\",\"datePublished\":\"2026-01-27T08:39:10+00:00\",\"dateModified\":\"2026-02-22T12:27:12+00:00\",\"description\":\"Flower Mill Next-Gen Standard da 64 mm: macinacaff\u00e8 di alta qualit\u00e0 con un meccanismo di macinazione innovativo per risultati costanti. Robusto e realizzato con precisione.\",\"breadcrumb\":{\"@id\":\"https:\/\/www.tabakversand.ch\/prodotto\/flower-mill-next-gen-standard-64mm\/#breadcrumb\"},\"inLanguage\":\"it-IT\",\"potentialAction\":[{\"@type\":\"ReadAction\",\"target\":[\"https:\/\/www.tabakversand.ch\/prodotto\/flower-mill-next-gen-standard-64mm\/\"]}]},{\"@type\":\"ImageObject\",\"inLanguage\":\"it-IT\",\"@id\":\"https:\/\/www.tabakversand.ch\/prodotto\/flower-mill-next-gen-standard-64mm\/#primaryimage\",\"url\":\"https:\/\/www.tabakversand.ch\/wp-content\/uploads\/2026\/01\/flower-mill-next-gen-standard-2-5-3-teilig-64mm.jpg\",\"contentUrl\":\"https:\/\/www.tabakversand.ch\/wp-content\/uploads\/2026\/01\/flower-mill-next-gen-standard-2-5-3-teilig-64mm.jpg\",\"width\":500,\"height\":500,\"caption\":\"Flower Mill - Standard di nuova generazione da 2,5\\\" 3 pezzi 64 mm | tabakversand.ch\"},{\"@type\":\"BreadcrumbList\",\"@id\":\"https:\/\/www.tabakversand.ch\/prodotto\/flower-mill-next-gen-standard-64mm\/#breadcrumb\",\"itemListElement\":[{\"@type\":\"ListItem\",\"position\":1,\"name\":\"Startseite\",\"item\":\"https:\/\/www.tabakversand.ch\/\"},{\"@type\":\"ListItem\",\"position\":2,\"name\":\"Negozio\",\"item\":\"https:\/\/www.tabakversand.ch\/it\/negozio\/\"},{\"@type\":\"ListItem\",\"position\":3,\"name\":\"Flower Mill - Next-Gen Standard 2,5\\\" in 3 pezzi da 64 mm\"}]},{\"@type\":\"WebSite\",\"@id\":\"https:\/\/www.tabakversand.ch\/#website\",\"url\":\"https:\/\/www.tabakversand.ch\/\",\"name\":\"Tabakversand.ch | Alles aus der Welt des Tabaks\",\"description\":\"Smoke and carpe diem\",\"potentialAction\":[{\"@type\":\"SearchAction\",\"target\":{\"@type\":\"EntryPoint\",\"urlTemplate\":\"https:\/\/www.tabakversand.ch\/?s={search_term_string}\"},\"query-input\":{\"@type\":\"PropertyValueSpecification\",\"valueRequired\":true,\"valueName\":\"search_term_string\"}}],\"inLanguage\":\"it-IT\"}]}<\/script>\n<!-- \/ Yoast SEO plugin. -->","yoast_head_json":{"title":"Flower Mill - Next-Gen Standard 2,5\" in 3 pezzi da 64 mm","description":"Flower Mill Next-Gen Standard da 64 mm: macinacaff\u00e8 di alta qualit\u00e0 con un meccanismo di macinazione innovativo per risultati costanti. Robusto e realizzato con precisione.","robots":{"index":"index","follow":"follow","max-snippet":"max-snippet:-1","max-image-preview":"max-image-preview:large","max-video-preview":"max-video-preview:-1"},"canonical":"https:\/\/www.tabakversand.ch\/prodotto\/flower-mill-next-gen-standard-64mm\/","og_locale":"it_IT","og_type":"article","og_title":"Flower Mill - Next-Gen Standard 2,5\" in 3 pezzi da 64 mm","og_description":"Flower Mill Next-Gen Standard da 64 mm: macinacaff\u00e8 di alta qualit\u00e0 con un meccanismo di macinazione innovativo per risultati costanti. Robusto e realizzato con precisione.","og_url":"https:\/\/www.tabakversand.ch\/prodotto\/flower-mill-next-gen-standard-64mm\/","og_site_name":"Tabakversand.ch | Alles aus der Welt des Tabaks","article_modified_time":"2026-02-22T12:27:12+00:00","og_image":[{"width":500,"height":500,"url":"https:\/\/www.tabakversand.ch\/wp-content\/uploads\/2026\/01\/flower-mill-next-gen-standard-2-5-3-teilig-64mm.jpg","type":"image\/jpeg"}],"twitter_card":"summary_large_image","twitter_misc":{"Tempo di lettura stimato":"2 minuti"},"schema":{"@context":"https:\/\/schema.org","@graph":[{"@type":"WebPage","@id":"https:\/\/www.tabakversand.ch\/prodotto\/flower-mill-next-gen-standard-64mm\/","url":"https:\/\/www.tabakversand.ch\/prodotto\/flower-mill-next-gen-standard-64mm\/","name":"Flower Mill - Next-Gen Standard 2,5\" in 3 pezzi da 64 mm","isPartOf":{"@id":"https:\/\/www.tabakversand.ch\/#website"},"primaryImageOfPage":{"@id":"https:\/\/www.tabakversand.ch\/prodotto\/flower-mill-next-gen-standard-64mm\/#primaryimage"},"image":{"@id":"https:\/\/www.tabakversand.ch\/prodotto\/flower-mill-next-gen-standard-64mm\/#primaryimage"},"thumbnailUrl":"https:\/\/www.tabakversand.ch\/wp-content\/uploads\/2026\/01\/flower-mill-next-gen-standard-2-5-3-teilig-64mm.jpg","datePublished":"2026-01-27T08:39:10+00:00","dateModified":"2026-02-22T12:27:12+00:00","description":"Flower Mill Next-Gen Standard da 64 mm: macinacaff\u00e8 di alta qualit\u00e0 con un meccanismo di macinazione innovativo per risultati costanti. Robusto e realizzato con precisione.","breadcrumb":{"@id":"https:\/\/www.tabakversand.ch\/prodotto\/flower-mill-next-gen-standard-64mm\/#breadcrumb"},"inLanguage":"it-IT","potentialAction":[{"@type":"ReadAction","target":["https:\/\/www.tabakversand.ch\/prodotto\/flower-mill-next-gen-standard-64mm\/"]}]},{"@type":"ImageObject","inLanguage":"it-IT","@id":"https:\/\/www.tabakversand.ch\/prodotto\/flower-mill-next-gen-standard-64mm\/#primaryimage","url":"https:\/\/www.tabakversand.ch\/wp-content\/uploads\/2026\/01\/flower-mill-next-gen-standard-2-5-3-teilig-64mm.jpg","contentUrl":"https:\/\/www.tabakversand.ch\/wp-content\/uploads\/2026\/01\/flower-mill-next-gen-standard-2-5-3-teilig-64mm.jpg","width":500,"height":500,"caption":"Flower Mill - Standard di nuova generazione da 2,5\" 3 pezzi 64 mm | tabakversand.ch"},{"@type":"BreadcrumbList","@id":"https:\/\/www.tabakversand.ch\/prodotto\/flower-mill-next-gen-standard-64mm\/#breadcrumb","itemListElement":[{"@type":"ListItem","position":1,"name":"Startseite","item":"https:\/\/www.tabakversand.ch\/"},{"@type":"ListItem","position":2,"name":"Negozio","item":"https:\/\/www.tabakversand.ch\/it\/negozio\/"},{"@type":"ListItem","position":3,"name":"Flower Mill - Next-Gen Standard 2,5\" in 3 pezzi da 64 mm"}]},{"@type":"WebSite","@id":"https:\/\/www.tabakversand.ch\/#website","url":"https:\/\/www.tabakversand.ch\/","name":"Tabakversand.ch | Alles aus der Welt des Tabaks","description":"Smoke and carpe diem","potentialAction":[{"@type":"SearchAction","target":{"@type":"EntryPoint","urlTemplate":"https:\/\/www.tabakversand.ch\/?s={search_term_string}"},"query-input":{"@type":"PropertyValueSpecification","valueRequired":true,"valueName":"search_term_string"}}],"inLanguage":"it-IT"}]}},"_links":{"self":[{"href":"https:\/\/www.tabakversand.ch\/it\/wp-json\/wp\/v2\/product\/212219","targetHints":{"allow":["GET"]}}],"collection":[{"href":"https:\/\/www.tabakversand.ch\/it\/wp-json\/wp\/v2\/product"}],"about":[{"href":"https:\/\/www.tabakversand.ch\/it\/wp-json\/wp\/v2\/types\/product"}],"version-history":[{"count":7,"href":"https:\/\/www.tabakversand.ch\/it\/wp-json\/wp\/v2\/product\/212219\/revisions"}],"predecessor-version":[{"id":213265,"href":"https:\/\/www.tabakversand.ch\/it\/wp-json\/wp\/v2\/product\/212219\/revisions\/213265"}],"wp:featuredmedia":[{"embeddable":true,"href":"https:\/\/www.tabakversand.ch\/it\/wp-json\/wp\/v2\/media\/211111"}],"wp:attachment":[{"href":"https:\/\/www.tabakversand.ch\/it\/wp-json\/wp\/v2\/media?parent=212219"}],"wp:term":[{"taxonomy":"product_brand","embeddable":true,"href":"https:\/\/www.tabakversand.ch\/it\/wp-json\/wp\/v2\/product_brand?post=212219"},{"taxonomy":"product_cat","embeddable":true,"href":"https:\/\/www.tabakversand.ch\/it\/wp-json\/wp\/v2\/product_cat?post=212219"},{"taxonomy":"product_tag","embeddable":true,"href":"https:\/\/www.tabakversand.ch\/it\/wp-json\/wp\/v2\/product_tag?post=212219"}],"curies":[{"name":"wp","href":"https:\/\/api.w.org\/{rel}","templated":true}]}}