{"id":214262,"date":"2026-03-05T14:59:41","date_gmt":"2026-03-05T13:59:41","guid":{"rendered":"https:\/\/www.tabakversand.ch\/?post_type=product&#038;p=214262"},"modified":"2026-03-05T15:10:47","modified_gmt":"2026-03-05T14:10:47","slug":"adalya-mint-1-x-50-gr-kopie","status":"publish","type":"product","link":"https:\/\/www.tabakversand.ch\/it\/prodotto\/adalya-mint-1-x-50-gr-kopie\/","title":{"rendered":"Adalya Anguria Menta 1 x 50 gr."},"content":{"rendered":"<h2>Adalya Anguria Menta<\/h2>\n<p>L&#8217;anguria dolce e succosa incontra la menta rinfrescante<\/p>\n<p>Il tabacco per shisha Adalya Watermelon Mint unisce il meglio di entrambi i mondi: l&#8217;anguria succosa e dolce e la fresca freschezza della menta. Questa armoniosa combinazione crea un&#8217;esperienza di shisha rinfrescante, fruttata e intensa che rende ogni sessione un piacere. <\/p>\n<p>L&#8217;anguria dolce apporta una piacevole e succosa dolcezza, mentre la menta fornisce un tocco rinfrescante che rinvigorisce l&#8217;esperienza di fumo e dura a lungo. Perfetto per serate rilassate o incontri sociali, Adalya Watermelon Mint offre un fumo fruttato e fresco che delizier\u00e0 sia i principianti che gli appassionati di narghil\u00e8 pi\u00f9 esperti. <\/p>\n<p>Realizzato con tabacco Virginia di alta qualit\u00e0, il tabacco colpisce per il suo taglio fine, l&#8217;umidit\u00e0 ottimale e l&#8217;intenso sviluppo del fumo, che consente agli aromi di emergere appieno.<\/p>\n<p>Scopri il perfetto equilibrio tra dolcezza fruttata e freschezza rinfrescante: con Adalya Watermelon Mint, ogni sessione di shisha diventa un&#8217;esperienza di gusto.<\/p>\n<ul>\n<li>1 x 50 gr.<\/li>\n<\/ul>\n<p>&nbsp;<\/p>\n<p>Su tabakversand.ch, riceverete il tabacco per shisha Adalya Watermelon Mint fresco di conservazione e nella sua confezione originale. Una conservazione accurata garantisce che l&#8217;aroma, l&#8217;umidit\u00e0 e la qualit\u00e0 siano preservati in modo ottimale fino alla spedizione. Grazie alla consegna rapida in Svizzera, il vostro tabacco per shisha arriver\u00e0 solitamente molto rapidamente.  <\/p>\n<p>Per maggiori informazioni su shisha\/pipe ad acqua, visita la voce corrispondente su Wikipedia: <a href=\"https:\/\/de.wikipedia.org\/wiki\/Shisha\">clicca qui<\/a> . Per qualsiasi domanda sul prodotto, non esitare a contattarci: <a href=\"https:\/\/www.tabakversand.ch\/kontakt\/\">clicca qui<\/a> . <\/p>\n<p>Tutti i prezzi si applicano solo agli ordini online e sono comprensivi di IVA. Soggetto a modifiche senza preavviso, escluse le spese di spedizione. Con riserva di errori, modifiche nell&#8217;ambito di consegna e nel design, errori di stampa e variazioni di prezzo. I prezzi barrati sono prezzi sostitutivi. Le illustrazioni possono differire dall&#8217;originale\/dall&#8217;ambito di consegna.<br \/>\n*Spedizione gratuita per ordini superiori a CHF 250.-.<\/p>\n","protected":false},"excerpt":{"rendered":"<p>Adalya Anguria Menta L&#8217;anguria dolce e succosa incontra la menta rinfrescante Il tabacco per shisha Adalya Watermelon Mint unisce il meglio di entrambi i mondi: l&#8217;anguria succosa e dolce e la fresca freschezza della menta. Questa armoniosa combinazione crea un&#8217;esperienza di shisha rinfrescante, fruttata e intensa che rende ogni sessione un piacere. L&#8217;anguria dolce apporta [&hellip;]<\/p>\n","protected":false},"featured_media":214273,"template":"","meta":[],"product_brand":[1793],"product_cat":[1892,1886,2081,1889,1884,2078,2004,3207],"product_tag":[],"class_list":{"0":"post-214262","1":"product","2":"type-product","3":"status-publish","4":"has-post-thumbnail","6":"product_brand-adalya-tobacco","7":"product_cat-narghile","8":"product_cat-tabacco-narghile-tabacco-narghile","9":"product_cat-adalya-","10":"product_cat-tabacco","11":"product_cat-shishatabak-it","12":"product_cat-adalya-shishatabak-it","13":"product_cat-diverso-headshop","14":"product_cat-offerte","16":"first","17":"instock","18":"sale","19":"purchasable","20":"product-type-simple"},"yoast_head":"<!-- This site is optimized with the Yoast SEO plugin v27.0 - https:\/\/yoast.com\/product\/yoast-seo-wordpress\/ -->\n<title>Adalya Anguria Menta 1 x 50 gr. - Tabakversand.ch | Alles aus der Welt des Tabaks<\/title>\n<meta name=\"description\" content=\"Acquista il tabacco per shisha Adalya Watermelon Mint: anguria dolce e succosa abbinata a menta rinfrescante per sessioni intense, fresche e fruttate.\" \/>\n<meta name=\"robots\" content=\"index, follow, max-snippet:-1, max-image-preview:large, max-video-preview:-1\" \/>\n<link rel=\"canonical\" href=\"https:\/\/www.tabakversand.ch\/it\/prodotto\/adalya-mint-1-x-50-gr-kopie\/\" \/>\n<meta property=\"og:locale\" content=\"it_IT\" \/>\n<meta property=\"og:type\" content=\"article\" \/>\n<meta property=\"og:title\" content=\"Adalya Anguria Menta 1 x 50 gr. - Tabakversand.ch | Alles aus der Welt des Tabaks\" \/>\n<meta property=\"og:description\" content=\"Acquista il tabacco per shisha Adalya Watermelon Mint: anguria dolce e succosa abbinata a menta rinfrescante per sessioni intense, fresche e fruttate.\" \/>\n<meta property=\"og:url\" content=\"https:\/\/www.tabakversand.ch\/it\/prodotto\/adalya-mint-1-x-50-gr-kopie\/\" \/>\n<meta property=\"og:site_name\" content=\"Tabakversand.ch | Alles aus der Welt des Tabaks\" \/>\n<meta property=\"article:modified_time\" content=\"2026-03-05T14:10:47+00:00\" \/>\n<meta property=\"og:image\" content=\"https:\/\/www.tabakversand.ch\/wp-content\/uploads\/2026\/03\/adalya-watermelon-mint-50_.jpg\" \/>\n\t<meta property=\"og:image:width\" content=\"500\" \/>\n\t<meta property=\"og:image:height\" content=\"500\" \/>\n\t<meta property=\"og:image:type\" content=\"image\/jpeg\" \/>\n<meta name=\"twitter:card\" content=\"summary_large_image\" \/>\n<meta name=\"twitter:label1\" content=\"Tempo di lettura stimato\" \/>\n\t<meta name=\"twitter:data1\" content=\"2 minuti\" \/>\n<script type=\"application\/ld+json\" class=\"yoast-schema-graph\">{\"@context\":\"https:\/\/schema.org\",\"@graph\":[{\"@type\":\"WebPage\",\"@id\":\"https:\/\/www.tabakversand.ch\/it\/prodotto\/adalya-mint-1-x-50-gr-kopie\/\",\"url\":\"https:\/\/www.tabakversand.ch\/it\/prodotto\/adalya-mint-1-x-50-gr-kopie\/\",\"name\":\"Adalya Anguria Menta 1 x 50 gr. - Tabakversand.ch | Alles aus der Welt des Tabaks\",\"isPartOf\":{\"@id\":\"https:\/\/www.tabakversand.ch\/#website\"},\"primaryImageOfPage\":{\"@id\":\"https:\/\/www.tabakversand.ch\/it\/prodotto\/adalya-mint-1-x-50-gr-kopie\/#primaryimage\"},\"image\":{\"@id\":\"https:\/\/www.tabakversand.ch\/it\/prodotto\/adalya-mint-1-x-50-gr-kopie\/#primaryimage\"},\"thumbnailUrl\":\"https:\/\/www.tabakversand.ch\/wp-content\/uploads\/2026\/03\/adalya-watermelon-mint-50_.jpg\",\"datePublished\":\"2026-03-05T13:59:41+00:00\",\"dateModified\":\"2026-03-05T14:10:47+00:00\",\"description\":\"Acquista il tabacco per shisha Adalya Watermelon Mint: anguria dolce e succosa abbinata a menta rinfrescante per sessioni intense, fresche e fruttate.\",\"breadcrumb\":{\"@id\":\"https:\/\/www.tabakversand.ch\/it\/prodotto\/adalya-mint-1-x-50-gr-kopie\/#breadcrumb\"},\"inLanguage\":\"it-IT\",\"potentialAction\":[{\"@type\":\"ReadAction\",\"target\":[\"https:\/\/www.tabakversand.ch\/it\/prodotto\/adalya-mint-1-x-50-gr-kopie\/\"]}]},{\"@type\":\"ImageObject\",\"inLanguage\":\"it-IT\",\"@id\":\"https:\/\/www.tabakversand.ch\/it\/prodotto\/adalya-mint-1-x-50-gr-kopie\/#primaryimage\",\"url\":\"https:\/\/www.tabakversand.ch\/wp-content\/uploads\/2026\/03\/adalya-watermelon-mint-50_.jpg\",\"contentUrl\":\"https:\/\/www.tabakversand.ch\/wp-content\/uploads\/2026\/03\/adalya-watermelon-mint-50_.jpg\",\"width\":500,\"height\":500,\"caption\":\"Adalya Anguria Menta 1 x 50 gr. | tabakversand.ch\"},{\"@type\":\"BreadcrumbList\",\"@id\":\"https:\/\/www.tabakversand.ch\/it\/prodotto\/adalya-mint-1-x-50-gr-kopie\/#breadcrumb\",\"itemListElement\":[{\"@type\":\"ListItem\",\"position\":1,\"name\":\"Startseite\",\"item\":\"https:\/\/www.tabakversand.ch\/\"},{\"@type\":\"ListItem\",\"position\":2,\"name\":\"Negozio\",\"item\":\"https:\/\/www.tabakversand.ch\/it\/negozio\/\"},{\"@type\":\"ListItem\",\"position\":3,\"name\":\"Adalya Anguria Menta 1 x 50 gr.\"}]},{\"@type\":\"WebSite\",\"@id\":\"https:\/\/www.tabakversand.ch\/#website\",\"url\":\"https:\/\/www.tabakversand.ch\/\",\"name\":\"Tabakversand.ch | Alles aus der Welt des Tabaks\",\"description\":\"Smoke and carpe diem\",\"potentialAction\":[{\"@type\":\"SearchAction\",\"target\":{\"@type\":\"EntryPoint\",\"urlTemplate\":\"https:\/\/www.tabakversand.ch\/?s={search_term_string}\"},\"query-input\":{\"@type\":\"PropertyValueSpecification\",\"valueRequired\":true,\"valueName\":\"search_term_string\"}}],\"inLanguage\":\"it-IT\"}]}<\/script>\n<!-- \/ Yoast SEO plugin. -->","yoast_head_json":{"title":"Adalya Anguria Menta 1 x 50 gr. - Tabakversand.ch | Alles aus der Welt des Tabaks","description":"Acquista il tabacco per shisha Adalya Watermelon Mint: anguria dolce e succosa abbinata a menta rinfrescante per sessioni intense, fresche e fruttate.","robots":{"index":"index","follow":"follow","max-snippet":"max-snippet:-1","max-image-preview":"max-image-preview:large","max-video-preview":"max-video-preview:-1"},"canonical":"https:\/\/www.tabakversand.ch\/it\/prodotto\/adalya-mint-1-x-50-gr-kopie\/","og_locale":"it_IT","og_type":"article","og_title":"Adalya Anguria Menta 1 x 50 gr. - Tabakversand.ch | Alles aus der Welt des Tabaks","og_description":"Acquista il tabacco per shisha Adalya Watermelon Mint: anguria dolce e succosa abbinata a menta rinfrescante per sessioni intense, fresche e fruttate.","og_url":"https:\/\/www.tabakversand.ch\/it\/prodotto\/adalya-mint-1-x-50-gr-kopie\/","og_site_name":"Tabakversand.ch | Alles aus der Welt des Tabaks","article_modified_time":"2026-03-05T14:10:47+00:00","og_image":[{"width":500,"height":500,"url":"https:\/\/www.tabakversand.ch\/wp-content\/uploads\/2026\/03\/adalya-watermelon-mint-50_.jpg","type":"image\/jpeg"}],"twitter_card":"summary_large_image","twitter_misc":{"Tempo di lettura stimato":"2 minuti"},"schema":{"@context":"https:\/\/schema.org","@graph":[{"@type":"WebPage","@id":"https:\/\/www.tabakversand.ch\/it\/prodotto\/adalya-mint-1-x-50-gr-kopie\/","url":"https:\/\/www.tabakversand.ch\/it\/prodotto\/adalya-mint-1-x-50-gr-kopie\/","name":"Adalya Anguria Menta 1 x 50 gr. - Tabakversand.ch | Alles aus der Welt des Tabaks","isPartOf":{"@id":"https:\/\/www.tabakversand.ch\/#website"},"primaryImageOfPage":{"@id":"https:\/\/www.tabakversand.ch\/it\/prodotto\/adalya-mint-1-x-50-gr-kopie\/#primaryimage"},"image":{"@id":"https:\/\/www.tabakversand.ch\/it\/prodotto\/adalya-mint-1-x-50-gr-kopie\/#primaryimage"},"thumbnailUrl":"https:\/\/www.tabakversand.ch\/wp-content\/uploads\/2026\/03\/adalya-watermelon-mint-50_.jpg","datePublished":"2026-03-05T13:59:41+00:00","dateModified":"2026-03-05T14:10:47+00:00","description":"Acquista il tabacco per shisha Adalya Watermelon Mint: anguria dolce e succosa abbinata a menta rinfrescante per sessioni intense, fresche e fruttate.","breadcrumb":{"@id":"https:\/\/www.tabakversand.ch\/it\/prodotto\/adalya-mint-1-x-50-gr-kopie\/#breadcrumb"},"inLanguage":"it-IT","potentialAction":[{"@type":"ReadAction","target":["https:\/\/www.tabakversand.ch\/it\/prodotto\/adalya-mint-1-x-50-gr-kopie\/"]}]},{"@type":"ImageObject","inLanguage":"it-IT","@id":"https:\/\/www.tabakversand.ch\/it\/prodotto\/adalya-mint-1-x-50-gr-kopie\/#primaryimage","url":"https:\/\/www.tabakversand.ch\/wp-content\/uploads\/2026\/03\/adalya-watermelon-mint-50_.jpg","contentUrl":"https:\/\/www.tabakversand.ch\/wp-content\/uploads\/2026\/03\/adalya-watermelon-mint-50_.jpg","width":500,"height":500,"caption":"Adalya Anguria Menta 1 x 50 gr. | tabakversand.ch"},{"@type":"BreadcrumbList","@id":"https:\/\/www.tabakversand.ch\/it\/prodotto\/adalya-mint-1-x-50-gr-kopie\/#breadcrumb","itemListElement":[{"@type":"ListItem","position":1,"name":"Startseite","item":"https:\/\/www.tabakversand.ch\/"},{"@type":"ListItem","position":2,"name":"Negozio","item":"https:\/\/www.tabakversand.ch\/it\/negozio\/"},{"@type":"ListItem","position":3,"name":"Adalya Anguria Menta 1 x 50 gr."}]},{"@type":"WebSite","@id":"https:\/\/www.tabakversand.ch\/#website","url":"https:\/\/www.tabakversand.ch\/","name":"Tabakversand.ch | Alles aus der Welt des Tabaks","description":"Smoke and carpe diem","potentialAction":[{"@type":"SearchAction","target":{"@type":"EntryPoint","urlTemplate":"https:\/\/www.tabakversand.ch\/?s={search_term_string}"},"query-input":{"@type":"PropertyValueSpecification","valueRequired":true,"valueName":"search_term_string"}}],"inLanguage":"it-IT"}]}},"_links":{"self":[{"href":"https:\/\/www.tabakversand.ch\/it\/wp-json\/wp\/v2\/product\/214262","targetHints":{"allow":["GET"]}}],"collection":[{"href":"https:\/\/www.tabakversand.ch\/it\/wp-json\/wp\/v2\/product"}],"about":[{"href":"https:\/\/www.tabakversand.ch\/it\/wp-json\/wp\/v2\/types\/product"}],"version-history":[{"count":4,"href":"https:\/\/www.tabakversand.ch\/it\/wp-json\/wp\/v2\/product\/214262\/revisions"}],"predecessor-version":[{"id":214278,"href":"https:\/\/www.tabakversand.ch\/it\/wp-json\/wp\/v2\/product\/214262\/revisions\/214278"}],"wp:featuredmedia":[{"embeddable":true,"href":"https:\/\/www.tabakversand.ch\/it\/wp-json\/wp\/v2\/media\/214273"}],"wp:attachment":[{"href":"https:\/\/www.tabakversand.ch\/it\/wp-json\/wp\/v2\/media?parent=214262"}],"wp:term":[{"taxonomy":"product_brand","embeddable":true,"href":"https:\/\/www.tabakversand.ch\/it\/wp-json\/wp\/v2\/product_brand?post=214262"},{"taxonomy":"product_cat","embeddable":true,"href":"https:\/\/www.tabakversand.ch\/it\/wp-json\/wp\/v2\/product_cat?post=214262"},{"taxonomy":"product_tag","embeddable":true,"href":"https:\/\/www.tabakversand.ch\/it\/wp-json\/wp\/v2\/product_tag?post=214262"}],"curies":[{"name":"wp","href":"https:\/\/api.w.org\/{rel}","templated":true}]}}