{"id":214537,"date":"2026-03-11T16:47:01","date_gmt":"2026-03-11T15:47:01","guid":{"rendered":"https:\/\/www.tabakversand.ch\/?post_type=product&#038;p=214537"},"modified":"2026-03-11T17:14:05","modified_gmt":"2026-03-11T16:14:05","slug":"tabacco-da-fiuto-sunblast-di-mcchrystal","status":"publish","type":"product","link":"https:\/\/www.tabakversand.ch\/it\/prodotto\/tabacco-da-fiuto-sunblast-di-mcchrystal\/","title":{"rendered":"Tabacco da fiuto Sunblast di McChrystal"},"content":{"rendered":"<h1 data-start=\"65\" data-end=\"308\">Tabacco da fiuto Sunblast di McChrystal<\/h1>\n<p>Freschezza fruttata con un tocco di albicocca<\/p>\n<p>Il tabacco da fiuto Sunblast di McChrystal porta una ventata di aria fresca alla tua gamma di prodotti. Questo aroma moderno combina una leggera nota fruttata con un deciso tocco di albicocca che cattura immediatamente l&#8217;attenzione e ti lascia con la voglia di continuare.<\/p>\n<p>SUNBLAST \u00e8 sinonimo di piacere senza complicazioni: fresco, vivace e perfettamente equilibrato. La sua piacevole fruttuosit\u00e0 crea un&#8217;esperienza di gusto completa che conquister\u00e0 sia i neofiti che gli intenditori pi\u00f9 esperti.<\/p>\n<p>Che si tratti di una nuova scoperta per i clienti abituali o di un prodotto di punta per tutti gli amanti dei sapori moderni, SUNBLAST di McChrystal si adatta perfettamente a qualsiasi gamma di prodotti attuale.<\/p>\n<p>Perch\u00e9 SUNBLAST di McChrystal?<\/p>\n<p>\ud83c\udf51 Sapore fruttato di albicocca con una nota chiara e fresca<\/p>\n<p>\ud83c\udf1e Leggero e piacevole: ideale per il piacere quotidiano<\/p>\n<p>\u2b50 Profilo aromatico moderno che cattura immediatamente l&#8217;attenzione<\/p>\n<p>McChrystal&#8217;s SUNBLAST: Fruttato. Fresco. Semplicemente speciale.<\/p>\n<ul>\n<li>1 x 8,75 gr.<\/li>\n<\/ul>\n<p>&nbsp;<\/p>\n<p>Per maggiori informazioni sul produttore Mc Chrystal&#8217;s, visita il sito web ufficiale dell&#8217;azienda: <a href=\"https:\/\/mcchrystals.co.uk\/\">clicca qui<\/a> . Per qualsiasi domanda sul prodotto, non esitare a contattarci: <a href=\"https:\/\/www.tabakversand.ch\/kontakt\/\">clicca qui<\/a> .<\/p>\n<p>Tutti i prezzi si applicano solo agli ordini online e sono comprensivi di IVA. Soggetto a modifiche senza preavviso, escluse le spese di spedizione. Con riserva di errori, modifiche nell&#8217;ambito di consegna e nel design, errori di stampa e variazioni di prezzo. I prezzi barrati sono prezzi sostitutivi. Le illustrazioni possono differire dall&#8217;originale\/dall&#8217;ambito di consegna.<br \/>\n*Spedizione gratuita per ordini superiori a CHF 250.-.<\/p>\n","protected":false},"excerpt":{"rendered":"<p>Tabacco da fiuto Sunblast di McChrystal Freschezza fruttata con un tocco di albicocca Il tabacco da fiuto Sunblast di McChrystal porta una ventata di aria fresca alla tua gamma di prodotti. Questo aroma moderno combina una leggera nota fruttata con un deciso tocco di albicocca che cattura immediatamente l&#8217;attenzione e ti lascia con la voglia [&hellip;]<\/p>\n","protected":false},"featured_media":214592,"template":"","meta":[],"product_brand":[1526],"product_cat":[1952,1889,1953],"product_tag":[],"class_list":{"0":"post-214537","1":"product","2":"type-product","3":"status-publish","4":"has-post-thumbnail","6":"product_brand-mc-chrystals-schnupftabak","7":"product_cat-schnupftabak-tabacco-da-fiuto","8":"product_cat-tabacco","9":"product_cat-tabacco-da-fiuto-accessori","11":"first","12":"instock","13":"featured","14":"purchasable","15":"product-type-simple"},"yoast_head":"<!-- This site is optimized with the Yoast SEO plugin v27.0 - https:\/\/yoast.com\/product\/yoast-seo-wordpress\/ -->\n<title>McChrystal&#039;s SUNBLAST Snuff \u2013 Albicocca Fruttata | Acquista ora<\/title>\n<meta name=\"description\" content=\"Sunblast Snuff di Mc Chrystal: freschezza fruttata con un netto tocco di albicocca. Leggero e perfetto per chi vuole scoprire nuovi sapori.\" \/>\n<meta name=\"robots\" content=\"index, follow, max-snippet:-1, max-image-preview:large, max-video-preview:-1\" \/>\n<link rel=\"canonical\" href=\"https:\/\/www.tabakversand.ch\/prodotto\/mc-chrystals-sunblast-snuff\/\" \/>\n<meta property=\"og:locale\" content=\"it_IT\" \/>\n<meta property=\"og:type\" content=\"article\" \/>\n<meta property=\"og:title\" content=\"McChrystal&#039;s SUNBLAST Snuff \u2013 Albicocca Fruttata | Acquista ora\" \/>\n<meta property=\"og:description\" content=\"Sunblast Snuff di Mc Chrystal: freschezza fruttata con un netto tocco di albicocca. Leggero e perfetto per chi vuole scoprire nuovi sapori.\" \/>\n<meta property=\"og:url\" content=\"https:\/\/www.tabakversand.ch\/prodotto\/mc-chrystals-sunblast-snuff\/\" \/>\n<meta property=\"og:site_name\" content=\"Tabakversand.ch | Alles aus der Welt des Tabaks\" \/>\n<meta property=\"article:modified_time\" content=\"2026-03-11T16:14:05+00:00\" \/>\n<meta property=\"og:image\" content=\"https:\/\/www.tabakversand.ch\/wp-content\/uploads\/2026\/03\/mc-chrystals-sunblast_.jpg\" \/>\n\t<meta property=\"og:image:width\" content=\"500\" \/>\n\t<meta property=\"og:image:height\" content=\"500\" \/>\n\t<meta property=\"og:image:type\" content=\"image\/jpeg\" \/>\n<meta name=\"twitter:card\" content=\"summary_large_image\" \/>\n<meta name=\"twitter:label1\" content=\"Tempo di lettura stimato\" \/>\n\t<meta name=\"twitter:data1\" content=\"2 minuti\" \/>\n<script type=\"application\/ld+json\" class=\"yoast-schema-graph\">{\"@context\":\"https:\/\/schema.org\",\"@graph\":[{\"@type\":\"WebPage\",\"@id\":\"https:\/\/www.tabakversand.ch\/prodotto\/mc-chrystals-sunblast-snuff\/\",\"url\":\"https:\/\/www.tabakversand.ch\/prodotto\/mc-chrystals-sunblast-snuff\/\",\"name\":\"McChrystal's SUNBLAST Snuff \u2013 Albicocca Fruttata | Acquista ora\",\"isPartOf\":{\"@id\":\"https:\/\/www.tabakversand.ch\/#website\"},\"primaryImageOfPage\":{\"@id\":\"https:\/\/www.tabakversand.ch\/prodotto\/mc-chrystals-sunblast-snuff\/#primaryimage\"},\"image\":{\"@id\":\"https:\/\/www.tabakversand.ch\/prodotto\/mc-chrystals-sunblast-snuff\/#primaryimage\"},\"thumbnailUrl\":\"https:\/\/www.tabakversand.ch\/wp-content\/uploads\/2026\/03\/mc-chrystals-sunblast_.jpg\",\"datePublished\":\"2026-03-11T15:47:01+00:00\",\"dateModified\":\"2026-03-11T16:14:05+00:00\",\"description\":\"Sunblast Snuff di Mc Chrystal: freschezza fruttata con un netto tocco di albicocca. Leggero e perfetto per chi vuole scoprire nuovi sapori.\",\"breadcrumb\":{\"@id\":\"https:\/\/www.tabakversand.ch\/prodotto\/mc-chrystals-sunblast-snuff\/#breadcrumb\"},\"inLanguage\":\"it-IT\",\"potentialAction\":[{\"@type\":\"ReadAction\",\"target\":[\"https:\/\/www.tabakversand.ch\/prodotto\/mc-chrystals-sunblast-snuff\/\"]}]},{\"@type\":\"ImageObject\",\"inLanguage\":\"it-IT\",\"@id\":\"https:\/\/www.tabakversand.ch\/prodotto\/mc-chrystals-sunblast-snuff\/#primaryimage\",\"url\":\"https:\/\/www.tabakversand.ch\/wp-content\/uploads\/2026\/03\/mc-chrystals-sunblast_.jpg\",\"contentUrl\":\"https:\/\/www.tabakversand.ch\/wp-content\/uploads\/2026\/03\/mc-chrystals-sunblast_.jpg\",\"width\":500,\"height\":500,\"caption\":\"Tabacco da fiuto Sunblast di Mc Chrystal | tabakversand.ch\"},{\"@type\":\"BreadcrumbList\",\"@id\":\"https:\/\/www.tabakversand.ch\/prodotto\/mc-chrystals-sunblast-snuff\/#breadcrumb\",\"itemListElement\":[{\"@type\":\"ListItem\",\"position\":1,\"name\":\"Startseite\",\"item\":\"https:\/\/www.tabakversand.ch\/\"},{\"@type\":\"ListItem\",\"position\":2,\"name\":\"Negozio\",\"item\":\"https:\/\/www.tabakversand.ch\/it\/negozio\/\"},{\"@type\":\"ListItem\",\"position\":3,\"name\":\"Tabacco da fiuto Sunblast di McChrystal\"}]},{\"@type\":\"WebSite\",\"@id\":\"https:\/\/www.tabakversand.ch\/#website\",\"url\":\"https:\/\/www.tabakversand.ch\/\",\"name\":\"Tabakversand.ch | Alles aus der Welt des Tabaks\",\"description\":\"Smoke and carpe diem\",\"potentialAction\":[{\"@type\":\"SearchAction\",\"target\":{\"@type\":\"EntryPoint\",\"urlTemplate\":\"https:\/\/www.tabakversand.ch\/?s={search_term_string}\"},\"query-input\":{\"@type\":\"PropertyValueSpecification\",\"valueRequired\":true,\"valueName\":\"search_term_string\"}}],\"inLanguage\":\"it-IT\"}]}<\/script>\n<!-- \/ Yoast SEO plugin. -->","yoast_head_json":{"title":"McChrystal's SUNBLAST Snuff \u2013 Albicocca Fruttata | Acquista ora","description":"Sunblast Snuff di Mc Chrystal: freschezza fruttata con un netto tocco di albicocca. Leggero e perfetto per chi vuole scoprire nuovi sapori.","robots":{"index":"index","follow":"follow","max-snippet":"max-snippet:-1","max-image-preview":"max-image-preview:large","max-video-preview":"max-video-preview:-1"},"canonical":"https:\/\/www.tabakversand.ch\/prodotto\/mc-chrystals-sunblast-snuff\/","og_locale":"it_IT","og_type":"article","og_title":"McChrystal's SUNBLAST Snuff \u2013 Albicocca Fruttata | Acquista ora","og_description":"Sunblast Snuff di Mc Chrystal: freschezza fruttata con un netto tocco di albicocca. Leggero e perfetto per chi vuole scoprire nuovi sapori.","og_url":"https:\/\/www.tabakversand.ch\/prodotto\/mc-chrystals-sunblast-snuff\/","og_site_name":"Tabakversand.ch | Alles aus der Welt des Tabaks","article_modified_time":"2026-03-11T16:14:05+00:00","og_image":[{"width":500,"height":500,"url":"https:\/\/www.tabakversand.ch\/wp-content\/uploads\/2026\/03\/mc-chrystals-sunblast_.jpg","type":"image\/jpeg"}],"twitter_card":"summary_large_image","twitter_misc":{"Tempo di lettura stimato":"2 minuti"},"schema":{"@context":"https:\/\/schema.org","@graph":[{"@type":"WebPage","@id":"https:\/\/www.tabakversand.ch\/prodotto\/mc-chrystals-sunblast-snuff\/","url":"https:\/\/www.tabakversand.ch\/prodotto\/mc-chrystals-sunblast-snuff\/","name":"McChrystal's SUNBLAST Snuff \u2013 Albicocca Fruttata | Acquista ora","isPartOf":{"@id":"https:\/\/www.tabakversand.ch\/#website"},"primaryImageOfPage":{"@id":"https:\/\/www.tabakversand.ch\/prodotto\/mc-chrystals-sunblast-snuff\/#primaryimage"},"image":{"@id":"https:\/\/www.tabakversand.ch\/prodotto\/mc-chrystals-sunblast-snuff\/#primaryimage"},"thumbnailUrl":"https:\/\/www.tabakversand.ch\/wp-content\/uploads\/2026\/03\/mc-chrystals-sunblast_.jpg","datePublished":"2026-03-11T15:47:01+00:00","dateModified":"2026-03-11T16:14:05+00:00","description":"Sunblast Snuff di Mc Chrystal: freschezza fruttata con un netto tocco di albicocca. Leggero e perfetto per chi vuole scoprire nuovi sapori.","breadcrumb":{"@id":"https:\/\/www.tabakversand.ch\/prodotto\/mc-chrystals-sunblast-snuff\/#breadcrumb"},"inLanguage":"it-IT","potentialAction":[{"@type":"ReadAction","target":["https:\/\/www.tabakversand.ch\/prodotto\/mc-chrystals-sunblast-snuff\/"]}]},{"@type":"ImageObject","inLanguage":"it-IT","@id":"https:\/\/www.tabakversand.ch\/prodotto\/mc-chrystals-sunblast-snuff\/#primaryimage","url":"https:\/\/www.tabakversand.ch\/wp-content\/uploads\/2026\/03\/mc-chrystals-sunblast_.jpg","contentUrl":"https:\/\/www.tabakversand.ch\/wp-content\/uploads\/2026\/03\/mc-chrystals-sunblast_.jpg","width":500,"height":500,"caption":"Tabacco da fiuto Sunblast di Mc Chrystal | tabakversand.ch"},{"@type":"BreadcrumbList","@id":"https:\/\/www.tabakversand.ch\/prodotto\/mc-chrystals-sunblast-snuff\/#breadcrumb","itemListElement":[{"@type":"ListItem","position":1,"name":"Startseite","item":"https:\/\/www.tabakversand.ch\/"},{"@type":"ListItem","position":2,"name":"Negozio","item":"https:\/\/www.tabakversand.ch\/it\/negozio\/"},{"@type":"ListItem","position":3,"name":"Tabacco da fiuto Sunblast di McChrystal"}]},{"@type":"WebSite","@id":"https:\/\/www.tabakversand.ch\/#website","url":"https:\/\/www.tabakversand.ch\/","name":"Tabakversand.ch | Alles aus der Welt des Tabaks","description":"Smoke and carpe diem","potentialAction":[{"@type":"SearchAction","target":{"@type":"EntryPoint","urlTemplate":"https:\/\/www.tabakversand.ch\/?s={search_term_string}"},"query-input":{"@type":"PropertyValueSpecification","valueRequired":true,"valueName":"search_term_string"}}],"inLanguage":"it-IT"}]}},"_links":{"self":[{"href":"https:\/\/www.tabakversand.ch\/it\/wp-json\/wp\/v2\/product\/214537","targetHints":{"allow":["GET"]}}],"collection":[{"href":"https:\/\/www.tabakversand.ch\/it\/wp-json\/wp\/v2\/product"}],"about":[{"href":"https:\/\/www.tabakversand.ch\/it\/wp-json\/wp\/v2\/types\/product"}],"version-history":[{"count":5,"href":"https:\/\/www.tabakversand.ch\/it\/wp-json\/wp\/v2\/product\/214537\/revisions"}],"predecessor-version":[{"id":214604,"href":"https:\/\/www.tabakversand.ch\/it\/wp-json\/wp\/v2\/product\/214537\/revisions\/214604"}],"wp:featuredmedia":[{"embeddable":true,"href":"https:\/\/www.tabakversand.ch\/it\/wp-json\/wp\/v2\/media\/214592"}],"wp:attachment":[{"href":"https:\/\/www.tabakversand.ch\/it\/wp-json\/wp\/v2\/media?parent=214537"}],"wp:term":[{"taxonomy":"product_brand","embeddable":true,"href":"https:\/\/www.tabakversand.ch\/it\/wp-json\/wp\/v2\/product_brand?post=214537"},{"taxonomy":"product_cat","embeddable":true,"href":"https:\/\/www.tabakversand.ch\/it\/wp-json\/wp\/v2\/product_cat?post=214537"},{"taxonomy":"product_tag","embeddable":true,"href":"https:\/\/www.tabakversand.ch\/it\/wp-json\/wp\/v2\/product_tag?post=214537"}],"curies":[{"name":"wp","href":"https:\/\/api.w.org\/{rel}","templated":true}]}}