{"id":215020,"date":"2026-03-19T14:12:03","date_gmt":"2026-03-19T13:12:03","guid":{"rendered":"https:\/\/www.tabakversand.ch\/?post_type=product&#038;p=215020"},"modified":"2026-04-03T18:03:44","modified_gmt":"2026-04-03T16:03:44","slug":"lost-mary-lux-7000-pod","status":"publish","type":"product","link":"https:\/\/www.tabakversand.ch\/it\/prodotto\/lost-mary-lux-7000-pod\/","title":{"rendered":"Lost Mary Lux 7000 Pod (20 mg)"},"content":{"rendered":"<h1>Pod Lost Mary Lux 7000<\/h1>\n<p>La tua esperienza di svapo perfetta<\/p>\n<p>Scopri la pod Lost Mary LUX7000: il complemento ideale per il tuo kit Lost Mary LUX7000. Goditi un sapore intenso, una facile maneggevolezza e il pieno controllo sulla tua esperienza di svapo in qualsiasi momento. Perfetta sia per i principianti che per gli utenti esperti che desiderano ricaricare il proprio kit con aromi sempre nuovi.  <\/p>\n<ul>\n<li>Massimo sapore e facile applicazione<\/li>\n<li>Pronto all&#8217;uso immediato: inserisci la cartuccia e inizia a svapare.<\/li>\n<li>Gusto costante dal primo all&#8217;ultimo tiro.<\/li>\n<li>Ampia selezione di gusti popolari: fruttati, dolci, rinfrescanti<\/li>\n<li>Si integra perfettamente nel kit LUX7000<\/li>\n<\/ul>\n<p>&nbsp;<\/p>\n<p>Perch\u00e9 amerai il pod Lost Mary LUX7000<\/p>\n<ul>\n<li>Prolunga la durata del tuo kit<\/li>\n<li>Fino a 7000 treni per modulo<\/li>\n<li>Design compatto ed elegante: ideale da portare sempre con s\u00e9.<\/li>\n<li>Alta qualit\u00e0 \u2013 esperienza di svapo intensa garantita<\/li>\n<\/ul>\n<p>&nbsp;<\/p>\n<p>Domande frequenti<\/p>\n<ul>\n<li>Quanto dura una capsula?<br \/>\nFino a 7000 treni, a seconda dei modelli di utilizzo.<\/li>\n<li>\u00c8 facile inserire la capsula?<br \/>\nS\u00ec, si inserisce perfettamente nel kit LUX7000.<\/li>\n<li>Quali gusti sono disponibili?<br \/>\nDai gusti fruttati a quelli dolci, fino a quelli rinfrescanti: scopri tutti i gusti pi\u00f9 popolari.<\/li>\n<\/ul>\n<p>Su tabakversand.ch riceverete il Lost Mary Lux Pod ben conservato e nella sua confezione originale. Un&#8217;attenta conservazione garantisce che la qualit\u00e0 rimanga ottimale fino alla spedizione. Grazie alla consegna rapida in Svizzera, il vostro narghil\u00e8 arriver\u00e0 in genere in breve tempo.  <\/p>\n<p>Per ulteriori informazioni sulle sigarette elettroniche, si prega di consultare la relativa voce di Wikipedia: <a href=\"https:\/\/de.wikipedia.org\/wiki\/Elektrische_Zigarette\">clicca qui<\/a> . Il kit Lost Mary LUX7000 \u00e8 disponibile anche presso di noi: <a href=\"https:\/\/www.tabakversand.ch\/produkt\/lost-mary-lux-7000-kit-kaufen\/\">clicca qui<\/a><\/p>\n<p>Tutti i prezzi sono validi solo per gli ordini online e includono l&#8217;IVA, sono soggetti a modifiche senza preavviso e non includono le spese di spedizione.   Con riserva di errori, modifiche nella fornitura e nella progettazione, errori di stampa e modifiche dei prezzi. I prezzi barrati sono invece prezzi. L&#8217;immagine pu\u00f2 differire dall&#8217;originale\/dalla fornitura.<\/p>\n<p>*Spedizione gratuita per ordini superiori a CHF 250.-.<\/p>\n","protected":false},"excerpt":{"rendered":"<p>Pod Lost Mary Lux 7000 La tua esperienza di svapo perfetta Scopri la pod Lost Mary LUX7000: il complemento ideale per il tuo kit Lost Mary LUX7000. Goditi un sapore intenso, una facile maneggevolezza e il pieno controllo sulla tua esperienza di svapo in qualsiasi momento. Perfetta sia per i principianti che per gli utenti [&hellip;]<\/p>\n","protected":false},"featured_media":215024,"template":"","meta":[],"product_brand":[2951],"product_cat":[1875,1869,5469,5473,1916],"product_tag":[],"class_list":{"0":"post-215020","1":"product","2":"type-product","3":"status-publish","4":"has-post-thumbnail","6":"product_brand-elfbar","7":"product_cat-e-fumo","8":"product_cat-e-liquid-it","9":"product_cat-lost-mary-lux7000-kit","10":"product_cat-pod-lost-mary-lux7000","11":"product_cat-sigarette-elettroniche","12":"pa_lost-mary-bm6000-banana-volcano-it","13":"pa_lost-mary-bm6000-blackberry-ice-it","14":"pa_lost-mary-bm6000-blueberry-it","15":"pa_lost-mary-bm6000-cola-it","16":"pa_lost-mary-bm6000-double-apple-it","17":"pa_lost-mary-bm6000-grape-it","18":"pa_lost-mary-bm6000-menthol-it-2","19":"pa_lost-mary-bm6000-pineapple-ice-it","20":"pa_lost-mary-bm6000-strawberry-ice-it","21":"pa_lost-mary-bm6000-tripple-berry-it","22":"pa_lost-mary-bm6000-tripple-mango-it","23":"pa_lost-mary-bm6000-watermelon-ice-it","25":"first","26":"onbackorder","27":"purchasable","28":"product-type-variable"},"yoast_head":"<!-- This site is optimized with the Yoast SEO plugin v27.5 - https:\/\/yoast.com\/product\/yoast-seo-wordpress\/ -->\n<title>Acquista Lost Mary LUX7000 Pod \u2713 Fino a 7000 tiri<\/title>\n<meta name=\"description\" content=\"Scopri la pod Lost Mary LUX7000 \u2713 Sapore intenso, facile da usare e fino a 7000 tiri. Ordina online ora e goditi l&#039;esperienza!\" \/>\n<meta name=\"robots\" content=\"index, follow, max-snippet:-1, max-image-preview:large, max-video-preview:-1\" \/>\n<link rel=\"canonical\" href=\"https:\/\/www.tabakversand.ch\/it\/prodotto\/lost-mary-lux-7000-pod\/\" \/>\n<meta property=\"og:locale\" content=\"it_IT\" \/>\n<meta property=\"og:type\" content=\"article\" \/>\n<meta property=\"og:title\" content=\"Acquista Lost Mary LUX7000 Pod \u2713 Fino a 7000 tiri\" \/>\n<meta property=\"og:description\" content=\"Scopri la pod Lost Mary LUX7000 \u2713 Sapore intenso, facile da usare e fino a 7000 tiri. Ordina online ora e goditi l&#039;esperienza!\" \/>\n<meta property=\"og:url\" content=\"https:\/\/www.tabakversand.ch\/it\/prodotto\/lost-mary-lux-7000-pod\/\" \/>\n<meta property=\"og:site_name\" content=\"Tabakversand.ch | Alles aus der Welt des Tabaks\" \/>\n<meta property=\"article:modified_time\" content=\"2026-04-03T16:03:44+00:00\" \/>\n<meta property=\"og:image\" content=\"https:\/\/www.tabakversand.ch\/wp-content\/uploads\/2026\/03\/lost-mary-lux-7000-pod-all.jpg\" \/>\n\t<meta property=\"og:image:width\" content=\"500\" \/>\n\t<meta property=\"og:image:height\" content=\"500\" \/>\n\t<meta property=\"og:image:type\" content=\"image\/jpeg\" \/>\n<meta name=\"twitter:card\" content=\"summary_large_image\" \/>\n<meta name=\"twitter:label1\" content=\"Tempo di lettura stimato\" \/>\n\t<meta name=\"twitter:data1\" content=\"2 minuti\" \/>\n<script type=\"application\/ld+json\" class=\"yoast-schema-graph\">{\"@context\":\"https:\\\/\\\/schema.org\",\"@graph\":[{\"@type\":\"WebPage\",\"@id\":\"https:\\\/\\\/www.tabakversand.ch\\\/it\\\/prodotto\\\/lost-mary-lux-7000-pod\\\/\",\"url\":\"https:\\\/\\\/www.tabakversand.ch\\\/it\\\/prodotto\\\/lost-mary-lux-7000-pod\\\/\",\"name\":\"Acquista Lost Mary LUX7000 Pod \u2713 Fino a 7000 tiri\",\"isPartOf\":{\"@id\":\"https:\\\/\\\/www.tabakversand.ch\\\/#website\"},\"primaryImageOfPage\":{\"@id\":\"https:\\\/\\\/www.tabakversand.ch\\\/it\\\/prodotto\\\/lost-mary-lux-7000-pod\\\/#primaryimage\"},\"image\":{\"@id\":\"https:\\\/\\\/www.tabakversand.ch\\\/it\\\/prodotto\\\/lost-mary-lux-7000-pod\\\/#primaryimage\"},\"thumbnailUrl\":\"https:\\\/\\\/www.tabakversand.ch\\\/wp-content\\\/uploads\\\/2026\\\/03\\\/lost-mary-lux-7000-pod-all.jpg\",\"datePublished\":\"2026-03-19T13:12:03+00:00\",\"dateModified\":\"2026-04-03T16:03:44+00:00\",\"description\":\"Scopri la pod Lost Mary LUX7000 \u2713 Sapore intenso, facile da usare e fino a 7000 tiri. Ordina online ora e goditi l&#39;esperienza!\",\"breadcrumb\":{\"@id\":\"https:\\\/\\\/www.tabakversand.ch\\\/it\\\/prodotto\\\/lost-mary-lux-7000-pod\\\/#breadcrumb\"},\"inLanguage\":\"it-IT\",\"potentialAction\":[{\"@type\":\"ReadAction\",\"target\":[\"https:\\\/\\\/www.tabakversand.ch\\\/it\\\/prodotto\\\/lost-mary-lux-7000-pod\\\/\"]}]},{\"@type\":\"ImageObject\",\"inLanguage\":\"it-IT\",\"@id\":\"https:\\\/\\\/www.tabakversand.ch\\\/it\\\/prodotto\\\/lost-mary-lux-7000-pod\\\/#primaryimage\",\"url\":\"https:\\\/\\\/www.tabakversand.ch\\\/wp-content\\\/uploads\\\/2026\\\/03\\\/lost-mary-lux-7000-pod-all.jpg\",\"contentUrl\":\"https:\\\/\\\/www.tabakversand.ch\\\/wp-content\\\/uploads\\\/2026\\\/03\\\/lost-mary-lux-7000-pod-all.jpg\",\"width\":500,\"height\":500,\"caption\":\"Lost Mary LUX 7000 Pod | tabakversand.ch\"},{\"@type\":\"BreadcrumbList\",\"@id\":\"https:\\\/\\\/www.tabakversand.ch\\\/it\\\/prodotto\\\/lost-mary-lux-7000-pod\\\/#breadcrumb\",\"itemListElement\":[{\"@type\":\"ListItem\",\"position\":1,\"name\":\"Startseite\",\"item\":\"https:\\\/\\\/www.tabakversand.ch\\\/\"},{\"@type\":\"ListItem\",\"position\":2,\"name\":\"Negozio\",\"item\":\"https:\\\/\\\/www.tabakversand.ch\\\/it\\\/negozio\\\/\"},{\"@type\":\"ListItem\",\"position\":3,\"name\":\"Lost Mary Lux 7000 Pod (20 mg)\"}]},{\"@type\":\"WebSite\",\"@id\":\"https:\\\/\\\/www.tabakversand.ch\\\/#website\",\"url\":\"https:\\\/\\\/www.tabakversand.ch\\\/\",\"name\":\"Tabakversand.ch | Alles aus der Welt des Tabaks\",\"description\":\"Smoke and carpe diem\",\"potentialAction\":[{\"@type\":\"SearchAction\",\"target\":{\"@type\":\"EntryPoint\",\"urlTemplate\":\"https:\\\/\\\/www.tabakversand.ch\\\/?s={search_term_string}\"},\"query-input\":{\"@type\":\"PropertyValueSpecification\",\"valueRequired\":true,\"valueName\":\"search_term_string\"}}],\"inLanguage\":\"it-IT\"}]}<\/script>\n<!-- \/ Yoast SEO plugin. -->","yoast_head_json":{"title":"Acquista Lost Mary LUX7000 Pod \u2713 Fino a 7000 tiri","description":"Scopri la pod Lost Mary LUX7000 \u2713 Sapore intenso, facile da usare e fino a 7000 tiri. Ordina online ora e goditi l&#39;esperienza!","robots":{"index":"index","follow":"follow","max-snippet":"max-snippet:-1","max-image-preview":"max-image-preview:large","max-video-preview":"max-video-preview:-1"},"canonical":"https:\/\/www.tabakversand.ch\/it\/prodotto\/lost-mary-lux-7000-pod\/","og_locale":"it_IT","og_type":"article","og_title":"Acquista Lost Mary LUX7000 Pod \u2713 Fino a 7000 tiri","og_description":"Scopri la pod Lost Mary LUX7000 \u2713 Sapore intenso, facile da usare e fino a 7000 tiri. Ordina online ora e goditi l&#39;esperienza!","og_url":"https:\/\/www.tabakversand.ch\/it\/prodotto\/lost-mary-lux-7000-pod\/","og_site_name":"Tabakversand.ch | Alles aus der Welt des Tabaks","article_modified_time":"2026-04-03T16:03:44+00:00","og_image":[{"width":500,"height":500,"url":"https:\/\/www.tabakversand.ch\/wp-content\/uploads\/2026\/03\/lost-mary-lux-7000-pod-all.jpg","type":"image\/jpeg"}],"twitter_card":"summary_large_image","twitter_misc":{"Tempo di lettura stimato":"2 minuti"},"schema":{"@context":"https:\/\/schema.org","@graph":[{"@type":"WebPage","@id":"https:\/\/www.tabakversand.ch\/it\/prodotto\/lost-mary-lux-7000-pod\/","url":"https:\/\/www.tabakversand.ch\/it\/prodotto\/lost-mary-lux-7000-pod\/","name":"Acquista Lost Mary LUX7000 Pod \u2713 Fino a 7000 tiri","isPartOf":{"@id":"https:\/\/www.tabakversand.ch\/#website"},"primaryImageOfPage":{"@id":"https:\/\/www.tabakversand.ch\/it\/prodotto\/lost-mary-lux-7000-pod\/#primaryimage"},"image":{"@id":"https:\/\/www.tabakversand.ch\/it\/prodotto\/lost-mary-lux-7000-pod\/#primaryimage"},"thumbnailUrl":"https:\/\/www.tabakversand.ch\/wp-content\/uploads\/2026\/03\/lost-mary-lux-7000-pod-all.jpg","datePublished":"2026-03-19T13:12:03+00:00","dateModified":"2026-04-03T16:03:44+00:00","description":"Scopri la pod Lost Mary LUX7000 \u2713 Sapore intenso, facile da usare e fino a 7000 tiri. Ordina online ora e goditi l&#39;esperienza!","breadcrumb":{"@id":"https:\/\/www.tabakversand.ch\/it\/prodotto\/lost-mary-lux-7000-pod\/#breadcrumb"},"inLanguage":"it-IT","potentialAction":[{"@type":"ReadAction","target":["https:\/\/www.tabakversand.ch\/it\/prodotto\/lost-mary-lux-7000-pod\/"]}]},{"@type":"ImageObject","inLanguage":"it-IT","@id":"https:\/\/www.tabakversand.ch\/it\/prodotto\/lost-mary-lux-7000-pod\/#primaryimage","url":"https:\/\/www.tabakversand.ch\/wp-content\/uploads\/2026\/03\/lost-mary-lux-7000-pod-all.jpg","contentUrl":"https:\/\/www.tabakversand.ch\/wp-content\/uploads\/2026\/03\/lost-mary-lux-7000-pod-all.jpg","width":500,"height":500,"caption":"Lost Mary LUX 7000 Pod | tabakversand.ch"},{"@type":"BreadcrumbList","@id":"https:\/\/www.tabakversand.ch\/it\/prodotto\/lost-mary-lux-7000-pod\/#breadcrumb","itemListElement":[{"@type":"ListItem","position":1,"name":"Startseite","item":"https:\/\/www.tabakversand.ch\/"},{"@type":"ListItem","position":2,"name":"Negozio","item":"https:\/\/www.tabakversand.ch\/it\/negozio\/"},{"@type":"ListItem","position":3,"name":"Lost Mary Lux 7000 Pod (20 mg)"}]},{"@type":"WebSite","@id":"https:\/\/www.tabakversand.ch\/#website","url":"https:\/\/www.tabakversand.ch\/","name":"Tabakversand.ch | Alles aus der Welt des Tabaks","description":"Smoke and carpe diem","potentialAction":[{"@type":"SearchAction","target":{"@type":"EntryPoint","urlTemplate":"https:\/\/www.tabakversand.ch\/?s={search_term_string}"},"query-input":{"@type":"PropertyValueSpecification","valueRequired":true,"valueName":"search_term_string"}}],"inLanguage":"it-IT"}]}},"_links":{"self":[{"href":"https:\/\/www.tabakversand.ch\/it\/wp-json\/wp\/v2\/product\/215020","targetHints":{"allow":["GET"]}}],"collection":[{"href":"https:\/\/www.tabakversand.ch\/it\/wp-json\/wp\/v2\/product"}],"about":[{"href":"https:\/\/www.tabakversand.ch\/it\/wp-json\/wp\/v2\/types\/product"}],"version-history":[{"count":5,"href":"https:\/\/www.tabakversand.ch\/it\/wp-json\/wp\/v2\/product\/215020\/revisions"}],"predecessor-version":[{"id":216520,"href":"https:\/\/www.tabakversand.ch\/it\/wp-json\/wp\/v2\/product\/215020\/revisions\/216520"}],"wp:featuredmedia":[{"embeddable":true,"href":"https:\/\/www.tabakversand.ch\/it\/wp-json\/wp\/v2\/media\/215024"}],"wp:attachment":[{"href":"https:\/\/www.tabakversand.ch\/it\/wp-json\/wp\/v2\/media?parent=215020"}],"wp:term":[{"taxonomy":"product_brand","embeddable":true,"href":"https:\/\/www.tabakversand.ch\/it\/wp-json\/wp\/v2\/product_brand?post=215020"},{"taxonomy":"product_cat","embeddable":true,"href":"https:\/\/www.tabakversand.ch\/it\/wp-json\/wp\/v2\/product_cat?post=215020"},{"taxonomy":"product_tag","embeddable":true,"href":"https:\/\/www.tabakversand.ch\/it\/wp-json\/wp\/v2\/product_tag?post=215020"}],"curies":[{"name":"wp","href":"https:\/\/api.w.org\/{rel}","templated":true}]}}