{"id":215153,"date":"2026-03-20T10:12:02","date_gmt":"2026-03-20T09:12:02","guid":{"rendered":"https:\/\/www.tabakversand.ch\/?post_type=product&#038;p=215153"},"modified":"2026-04-04T11:04:44","modified_gmt":"2026-04-04T09:04:44","slug":"kit-elf-bar-nx-7000-20-mg","status":"publish","type":"product","link":"https:\/\/www.tabakversand.ch\/it\/prodotto\/kit-elf-bar-nx-7000-20-mg\/","title":{"rendered":"Kit Elf Bar NX 7000 (20 mg)"},"content":{"rendered":"<h1>Kit Elf Bar NX 7000 (20 mg)<\/h1>\n<p>Massime prestazioni per la tua esperienza di svapo.<\/p>\n<p>Scopri la nuova generazione dello svapo con il kit Elf Bar NX 7000. Questo potente sistema combina design moderno, aromi intensi e una capacit\u00e0 notevole, perfetto per chi desidera ottenere il massimo dalla propria esperienza di svapo.<\/p>\n<p>Con un massimo di 7000 colpi, il kit NX 7000 offre un&#8217;autonomia eccezionalmente lunga. La batteria ricaricabile integrata consente di ricaricare comodamente il dispositivo in qualsiasi momento tramite USB-C, in modo sostenibile ed economico.<\/p>\n<p>I tuoi vantaggi in sintesi:<\/p>\n<ul>\n<li>Fino a 7000 treni \u2013 autonomia extra lunga<\/li>\n<li>Batteria ricaricabile: flessibile ed ecologica.<\/li>\n<li>Un&#8217;intensa variet\u00e0 di sapori \u2013 per un&#8217;esperienza aromatica coinvolgente.<\/li>\n<li>Design compatto e moderno: ideale da portare sempre con s\u00e9.<\/li>\n<li>Facile da usare: niente ricariche, niente problemi.<\/li>\n<\/ul>\n<p>&nbsp;<\/p>\n<p>Per chi \u00e8 adatto il kit Elf Bar NX 7000?<\/p>\n<ul>\n<li>Che tu sia un principiante o un vaper esperto, questo kit ti conquister\u00e0 con la sua facilit\u00e0 d&#8217;uso e le sue prestazioni elevate. Perfetto per chiunque cerchi una sigaretta elettronica affidabile, resistente e che offra un&#8217;esperienza di svapo ricca di sapore.<\/li>\n<\/ul>\n<p>&nbsp;<\/p>\n<p>Perch\u00e9 il kit NX 7000?<\/p>\n<ul>\n<li>Rispetto alle tradizionali sigarette elettroniche usa e getta, questo sistema offre un numero di tiri significativamente maggiore e una soluzione ricaricabile. Ci\u00f2 significa: pi\u00f9 divertimento, meno interruzioni e un miglior rapporto qualit\u00e0-prezzo.<\/li>\n<\/ul>\n<p>&nbsp;<\/p>\n<p>Su tabakversand.ch riceverete il kit Elf Bar NX 7000 ben conservato e nella sua confezione originale. Un&#8217;attenta conservazione garantisce che la qualit\u00e0 rimanga ottimale fino alla spedizione. Grazie alla consegna rapida in Svizzera, il vostro vaporizzatore arriver\u00e0 in genere molto velocemente.<\/p>\n<p>Per maggiori informazioni sulle sigarette elettroniche, visita la voce corrispondente su Wikipedia: <a href=\"https:\/\/de.wikipedia.org\/wiki\/Elektrische_Zigarette\">clicca qui<\/a> . Per qualsiasi domanda sul prodotto, non esitare a contattarci: <a href=\"https:\/\/www.tabakversand.ch\/kontakt\/\">clicca qui<\/a> .<\/p>\n<p>Tutti i prezzi sono validi solo per gli ordini online e includono l&#8217;IVA, sono soggetti a modifiche senza preavviso e non includono le spese di spedizione. Con riserva di errori, modifiche nella fornitura e nella progettazione, errori di stampa e modifiche dei prezzi. I prezzi barrati sono invece prezzi. L&#8217;immagine pu\u00f2 differire dall&#8217;originale\/dalla fornitura.<\/p>\n<p>*Spedizione gratuita per ordini superiori a CHF 250.-.<\/p>\n","protected":false},"excerpt":{"rendered":"<p>Kit Elf Bar NX 7000 (20 mg) Massime prestazioni per la tua esperienza di svapo. Scopri la nuova generazione dello svapo con il kit Elf Bar NX 7000. Questo potente sistema combina design moderno, aromi intensi e una capacit\u00e0 notevole, perfetto per chi desidera ottenere il massimo dalla propria esperienza di svapo. Con un massimo [&hellip;]<\/p>\n","protected":false},"featured_media":215157,"template":"","meta":[],"product_brand":[2951],"product_cat":[1875,5486,1916],"product_tag":[],"class_list":{"0":"post-215153","1":"product","2":"type-product","3":"status-publish","4":"has-post-thumbnail","6":"product_brand-elfbar","7":"product_cat-e-fumo","8":"product_cat-kit-elf-bar-nx7000","9":"product_cat-sigarette-elettroniche","10":"pa_af5000-elfa-pro-v2-20mg-banana-milk","11":"pa_af5000-elfa-pro-v2-20mg-blue-razz-lemonade-it","12":"pa_af5000-elfa-pro-v2-20mg-blueberry-sour-raspberry-it","13":"pa_af5000-elfa-pro-v2-20mg-grape-it","14":"pa_af5000-elfa-pro-v2-20mg-juicy-peach","15":"pa_af5000-elfa-pro-v2-20mg-kiwi-passionfruit-guava-it","16":"pa_af5000-elfa-pro-v2-20mg-pink-lemonade-it","17":"pa_af5000-elfa-pro-v2-20mg-strawberry-ice-it","19":"first","20":"onbackorder","21":"purchasable","22":"product-type-variable"},"yoast_head":"<!-- This site is optimized with the Yoast SEO plugin v27.5 - https:\/\/yoast.com\/product\/yoast-seo-wordpress\/ -->\n<title>Acquista il kit Elf Bar NX 7000 \u2013 7000 tiri, ricaricabile<\/title>\n<meta name=\"description\" content=\"Scopri il kit Elf Bar NX 7000 con fino a 7000 tiri, una batteria potente e un sapore intenso. Acquistalo online ora.\" \/>\n<meta name=\"robots\" content=\"index, follow, max-snippet:-1, max-image-preview:large, max-video-preview:-1\" \/>\n<link rel=\"canonical\" href=\"https:\/\/www.tabakversand.ch\/it\/prodotto\/kit-elf-bar-nx-7000-20-mg\/\" \/>\n<meta property=\"og:locale\" content=\"it_IT\" \/>\n<meta property=\"og:type\" content=\"article\" \/>\n<meta property=\"og:title\" content=\"Acquista il kit Elf Bar NX 7000 \u2013 7000 tiri, ricaricabile\" \/>\n<meta property=\"og:description\" content=\"Scopri il kit Elf Bar NX 7000 con fino a 7000 tiri, una batteria potente e un sapore intenso. Acquistalo online ora.\" \/>\n<meta property=\"og:url\" content=\"https:\/\/www.tabakversand.ch\/it\/prodotto\/kit-elf-bar-nx-7000-20-mg\/\" \/>\n<meta property=\"og:site_name\" content=\"Tabakversand.ch | Alles aus der Welt des Tabaks\" \/>\n<meta property=\"article:modified_time\" content=\"2026-04-04T09:04:44+00:00\" \/>\n<meta property=\"og:image\" content=\"https:\/\/www.tabakversand.ch\/wp-content\/uploads\/2026\/03\/elfbar-nx-7000-kit-all.jpg\" \/>\n\t<meta property=\"og:image:width\" content=\"500\" \/>\n\t<meta property=\"og:image:height\" content=\"500\" \/>\n\t<meta property=\"og:image:type\" content=\"image\/jpeg\" \/>\n<meta name=\"twitter:card\" content=\"summary_large_image\" \/>\n<meta name=\"twitter:label1\" content=\"Tempo di lettura stimato\" \/>\n\t<meta name=\"twitter:data1\" content=\"3 minuti\" \/>\n<script type=\"application\/ld+json\" class=\"yoast-schema-graph\">{\"@context\":\"https:\\\/\\\/schema.org\",\"@graph\":[{\"@type\":\"WebPage\",\"@id\":\"https:\\\/\\\/www.tabakversand.ch\\\/it\\\/prodotto\\\/kit-elf-bar-nx-7000-20-mg\\\/\",\"url\":\"https:\\\/\\\/www.tabakversand.ch\\\/it\\\/prodotto\\\/kit-elf-bar-nx-7000-20-mg\\\/\",\"name\":\"Acquista il kit Elf Bar NX 7000 \u2013 7000 tiri, ricaricabile\",\"isPartOf\":{\"@id\":\"https:\\\/\\\/www.tabakversand.ch\\\/#website\"},\"primaryImageOfPage\":{\"@id\":\"https:\\\/\\\/www.tabakversand.ch\\\/it\\\/prodotto\\\/kit-elf-bar-nx-7000-20-mg\\\/#primaryimage\"},\"image\":{\"@id\":\"https:\\\/\\\/www.tabakversand.ch\\\/it\\\/prodotto\\\/kit-elf-bar-nx-7000-20-mg\\\/#primaryimage\"},\"thumbnailUrl\":\"https:\\\/\\\/www.tabakversand.ch\\\/wp-content\\\/uploads\\\/2026\\\/03\\\/elfbar-nx-7000-kit-all.jpg\",\"datePublished\":\"2026-03-20T09:12:02+00:00\",\"dateModified\":\"2026-04-04T09:04:44+00:00\",\"description\":\"Scopri il kit Elf Bar NX 7000 con fino a 7000 tiri, una batteria potente e un sapore intenso. Acquistalo online ora.\",\"breadcrumb\":{\"@id\":\"https:\\\/\\\/www.tabakversand.ch\\\/it\\\/prodotto\\\/kit-elf-bar-nx-7000-20-mg\\\/#breadcrumb\"},\"inLanguage\":\"it-IT\",\"potentialAction\":[{\"@type\":\"ReadAction\",\"target\":[\"https:\\\/\\\/www.tabakversand.ch\\\/it\\\/prodotto\\\/kit-elf-bar-nx-7000-20-mg\\\/\"]}]},{\"@type\":\"ImageObject\",\"inLanguage\":\"it-IT\",\"@id\":\"https:\\\/\\\/www.tabakversand.ch\\\/it\\\/prodotto\\\/kit-elf-bar-nx-7000-20-mg\\\/#primaryimage\",\"url\":\"https:\\\/\\\/www.tabakversand.ch\\\/wp-content\\\/uploads\\\/2026\\\/03\\\/elfbar-nx-7000-kit-all.jpg\",\"contentUrl\":\"https:\\\/\\\/www.tabakversand.ch\\\/wp-content\\\/uploads\\\/2026\\\/03\\\/elfbar-nx-7000-kit-all.jpg\",\"width\":500,\"height\":500,\"caption\":\"Kit Elf Bar NX 7000 | tabakversand.ch\"},{\"@type\":\"BreadcrumbList\",\"@id\":\"https:\\\/\\\/www.tabakversand.ch\\\/it\\\/prodotto\\\/kit-elf-bar-nx-7000-20-mg\\\/#breadcrumb\",\"itemListElement\":[{\"@type\":\"ListItem\",\"position\":1,\"name\":\"Startseite\",\"item\":\"https:\\\/\\\/www.tabakversand.ch\\\/\"},{\"@type\":\"ListItem\",\"position\":2,\"name\":\"Negozio\",\"item\":\"https:\\\/\\\/www.tabakversand.ch\\\/it\\\/negozio\\\/\"},{\"@type\":\"ListItem\",\"position\":3,\"name\":\"Kit Elf Bar NX 7000 (20 mg)\"}]},{\"@type\":\"WebSite\",\"@id\":\"https:\\\/\\\/www.tabakversand.ch\\\/#website\",\"url\":\"https:\\\/\\\/www.tabakversand.ch\\\/\",\"name\":\"Tabakversand.ch | Alles aus der Welt des Tabaks\",\"description\":\"Smoke and carpe diem\",\"potentialAction\":[{\"@type\":\"SearchAction\",\"target\":{\"@type\":\"EntryPoint\",\"urlTemplate\":\"https:\\\/\\\/www.tabakversand.ch\\\/?s={search_term_string}\"},\"query-input\":{\"@type\":\"PropertyValueSpecification\",\"valueRequired\":true,\"valueName\":\"search_term_string\"}}],\"inLanguage\":\"it-IT\"}]}<\/script>\n<!-- \/ Yoast SEO plugin. -->","yoast_head_json":{"title":"Acquista il kit Elf Bar NX 7000 \u2013 7000 tiri, ricaricabile","description":"Scopri il kit Elf Bar NX 7000 con fino a 7000 tiri, una batteria potente e un sapore intenso. Acquistalo online ora.","robots":{"index":"index","follow":"follow","max-snippet":"max-snippet:-1","max-image-preview":"max-image-preview:large","max-video-preview":"max-video-preview:-1"},"canonical":"https:\/\/www.tabakversand.ch\/it\/prodotto\/kit-elf-bar-nx-7000-20-mg\/","og_locale":"it_IT","og_type":"article","og_title":"Acquista il kit Elf Bar NX 7000 \u2013 7000 tiri, ricaricabile","og_description":"Scopri il kit Elf Bar NX 7000 con fino a 7000 tiri, una batteria potente e un sapore intenso. Acquistalo online ora.","og_url":"https:\/\/www.tabakversand.ch\/it\/prodotto\/kit-elf-bar-nx-7000-20-mg\/","og_site_name":"Tabakversand.ch | Alles aus der Welt des Tabaks","article_modified_time":"2026-04-04T09:04:44+00:00","og_image":[{"width":500,"height":500,"url":"https:\/\/www.tabakversand.ch\/wp-content\/uploads\/2026\/03\/elfbar-nx-7000-kit-all.jpg","type":"image\/jpeg"}],"twitter_card":"summary_large_image","twitter_misc":{"Tempo di lettura stimato":"3 minuti"},"schema":{"@context":"https:\/\/schema.org","@graph":[{"@type":"WebPage","@id":"https:\/\/www.tabakversand.ch\/it\/prodotto\/kit-elf-bar-nx-7000-20-mg\/","url":"https:\/\/www.tabakversand.ch\/it\/prodotto\/kit-elf-bar-nx-7000-20-mg\/","name":"Acquista il kit Elf Bar NX 7000 \u2013 7000 tiri, ricaricabile","isPartOf":{"@id":"https:\/\/www.tabakversand.ch\/#website"},"primaryImageOfPage":{"@id":"https:\/\/www.tabakversand.ch\/it\/prodotto\/kit-elf-bar-nx-7000-20-mg\/#primaryimage"},"image":{"@id":"https:\/\/www.tabakversand.ch\/it\/prodotto\/kit-elf-bar-nx-7000-20-mg\/#primaryimage"},"thumbnailUrl":"https:\/\/www.tabakversand.ch\/wp-content\/uploads\/2026\/03\/elfbar-nx-7000-kit-all.jpg","datePublished":"2026-03-20T09:12:02+00:00","dateModified":"2026-04-04T09:04:44+00:00","description":"Scopri il kit Elf Bar NX 7000 con fino a 7000 tiri, una batteria potente e un sapore intenso. Acquistalo online ora.","breadcrumb":{"@id":"https:\/\/www.tabakversand.ch\/it\/prodotto\/kit-elf-bar-nx-7000-20-mg\/#breadcrumb"},"inLanguage":"it-IT","potentialAction":[{"@type":"ReadAction","target":["https:\/\/www.tabakversand.ch\/it\/prodotto\/kit-elf-bar-nx-7000-20-mg\/"]}]},{"@type":"ImageObject","inLanguage":"it-IT","@id":"https:\/\/www.tabakversand.ch\/it\/prodotto\/kit-elf-bar-nx-7000-20-mg\/#primaryimage","url":"https:\/\/www.tabakversand.ch\/wp-content\/uploads\/2026\/03\/elfbar-nx-7000-kit-all.jpg","contentUrl":"https:\/\/www.tabakversand.ch\/wp-content\/uploads\/2026\/03\/elfbar-nx-7000-kit-all.jpg","width":500,"height":500,"caption":"Kit Elf Bar NX 7000 | tabakversand.ch"},{"@type":"BreadcrumbList","@id":"https:\/\/www.tabakversand.ch\/it\/prodotto\/kit-elf-bar-nx-7000-20-mg\/#breadcrumb","itemListElement":[{"@type":"ListItem","position":1,"name":"Startseite","item":"https:\/\/www.tabakversand.ch\/"},{"@type":"ListItem","position":2,"name":"Negozio","item":"https:\/\/www.tabakversand.ch\/it\/negozio\/"},{"@type":"ListItem","position":3,"name":"Kit Elf Bar NX 7000 (20 mg)"}]},{"@type":"WebSite","@id":"https:\/\/www.tabakversand.ch\/#website","url":"https:\/\/www.tabakversand.ch\/","name":"Tabakversand.ch | Alles aus der Welt des Tabaks","description":"Smoke and carpe diem","potentialAction":[{"@type":"SearchAction","target":{"@type":"EntryPoint","urlTemplate":"https:\/\/www.tabakversand.ch\/?s={search_term_string}"},"query-input":{"@type":"PropertyValueSpecification","valueRequired":true,"valueName":"search_term_string"}}],"inLanguage":"it-IT"}]}},"_links":{"self":[{"href":"https:\/\/www.tabakversand.ch\/it\/wp-json\/wp\/v2\/product\/215153","targetHints":{"allow":["GET"]}}],"collection":[{"href":"https:\/\/www.tabakversand.ch\/it\/wp-json\/wp\/v2\/product"}],"about":[{"href":"https:\/\/www.tabakversand.ch\/it\/wp-json\/wp\/v2\/types\/product"}],"version-history":[{"count":7,"href":"https:\/\/www.tabakversand.ch\/it\/wp-json\/wp\/v2\/product\/215153\/revisions"}],"predecessor-version":[{"id":216760,"href":"https:\/\/www.tabakversand.ch\/it\/wp-json\/wp\/v2\/product\/215153\/revisions\/216760"}],"wp:featuredmedia":[{"embeddable":true,"href":"https:\/\/www.tabakversand.ch\/it\/wp-json\/wp\/v2\/media\/215157"}],"wp:attachment":[{"href":"https:\/\/www.tabakversand.ch\/it\/wp-json\/wp\/v2\/media?parent=215153"}],"wp:term":[{"taxonomy":"product_brand","embeddable":true,"href":"https:\/\/www.tabakversand.ch\/it\/wp-json\/wp\/v2\/product_brand?post=215153"},{"taxonomy":"product_cat","embeddable":true,"href":"https:\/\/www.tabakversand.ch\/it\/wp-json\/wp\/v2\/product_cat?post=215153"},{"taxonomy":"product_tag","embeddable":true,"href":"https:\/\/www.tabakversand.ch\/it\/wp-json\/wp\/v2\/product_tag?post=215153"}],"curies":[{"name":"wp","href":"https:\/\/api.w.org\/{rel}","templated":true}]}}