{"id":216303,"date":"2026-04-01T12:49:30","date_gmt":"2026-04-01T10:49:30","guid":{"rendered":"https:\/\/www.tabakversand.ch\/?post_type=product&#038;p=216303"},"modified":"2026-04-01T13:37:44","modified_gmt":"2026-04-01T11:37:44","slug":"tabacco-pueblo-pink-a-taglio-fine","status":"publish","type":"product","link":"https:\/\/www.tabakversand.ch\/it\/prodotto\/tabacco-pueblo-pink-a-taglio-fine\/","title":{"rendered":"Pueblo Pink 10 x 25 gr."},"content":{"rendered":"<h1>Rosa Pueblo<\/h1>\n<p>Il godimento consapevole nella sua forma pi\u00f9 lieve.<\/p>\n<ul>\n<li>10 x 25 gr.<\/li>\n<\/ul>\n<p>Scopri una nuova dimensione del tabacco pregiato con Pueblo Pink, creato per chi apprezza un piacere consapevole ed equilibrato. Questa miscela innovativa colpisce per il suo sapore piacevolmente delicato ed \u00e8 pensata specificamente per gli intenditori che prediligono un&#8217;esperienza pi\u00f9 tenue, ma al contempo distintiva. <\/p>\n<p>Pueblo Pink utilizza esclusivamente tabacchi di alta qualit\u00e0 provenienti da regioni di coltivazione accuratamente selezionate, tutti raccolti a mano per garantire la massima qualit\u00e0. Il risultato \u00e8 una miscela armoniosa che colpisce per la sua naturalezza ed equilibrio. <\/p>\n<p>Da notare in particolare: nel processo di produzione non vengono utilizzati additivi, ma solo acqua. Ci\u00f2 garantisce che l&#8217;autentico sapore del tabacco rimanga inalterato. <\/p>\n<p>I tuoi vantaggi in sintesi:<\/p>\n<ul>\n<li>Tabacco finemente tritato e delicatamente miscelato per un&#8217;esperienza di fumo piacevole.<\/li>\n<li>Tabacchi di alta qualit\u00e0, raccolti a mano.<\/li>\n<li>Mix armonico ed equilibrato<\/li>\n<li>Senza additivi \u2013 lavorato solo con acqua<\/li>\n<li>Ideale per i buongustai pi\u00f9 esigenti<\/li>\n<\/ul>\n<p>Scopri un nuovo tipo di piacere del fumo con Pueblo Pink: naturale, delicato e autentico senza compromessi.<\/p>\n<p>Su tabakversand.ch riceverete Pueblo Pink conservato correttamente e nella sua confezione originale. Un&#8217;attenta conservazione garantisce che aroma, umidit\u00e0 e qualit\u00e0 siano preservati in modo ottimale fino alla spedizione. Grazie alla consegna rapida in tutta la Svizzera, il vostro tabacco per sigarette arriver\u00e0 solitamente in breve tempo.  <\/p>\n<p>Per maggiori informazioni sul tabacco da rollare, visita la voce corrispondente su Wikipedia: <a href=\"https:\/\/de.wikipedia.org\/wiki\/Shag_(Tabak)\">clicca qui<\/a> . Per qualsiasi domanda sul prodotto, non esitare a contattarci: <a href=\"https:\/\/www.tabakversand.ch\/kontakt\/\">clicca qui<\/a> . <\/p>\n<p>Tutti i prezzi si applicano solo agli ordini online e sono comprensivi di IVA. Soggetto a modifiche senza preavviso, escluse le spese di spedizione. Con riserva di errori, modifiche nell&#8217;ambito di consegna e nel design, errori di stampa e variazioni di prezzo. I prezzi barrati sono prezzi sostitutivi. Le illustrazioni possono differire dall&#8217;originale\/dall&#8217;ambito di consegna.<br \/>\n*Spedizione gratuita per ordini superiori a CHF 250.-.<\/p>\n","protected":false},"excerpt":{"rendered":"<p>Rosa Pueblo Il godimento consapevole nella sua forma pi\u00f9 lieve. 10 x 25 gr. Scopri una nuova dimensione del tabacco pregiato con Pueblo Pink, creato per chi apprezza un piacere consapevole ed equilibrato. Questa miscela innovativa colpisce per il suo sapore piacevolmente delicato ed \u00e8 pensata specificamente per gli intenditori che prediligono un&#8217;esperienza pi\u00f9 tenue, [&hellip;]<\/p>\n","protected":false},"featured_media":216307,"template":"","meta":[],"product_brand":[1515],"product_cat":[1962,1889,1966,1965],"product_tag":[],"class_list":{"0":"post-216303","1":"product","2":"type-product","3":"status-publish","4":"has-post-thumbnail","6":"product_brand-poeschl","7":"product_cat-sigarette-self-made","8":"product_cat-tabacco","9":"product_cat-tabacco-da-sigaretta-it","10":"product_cat-tabacco-da-sigaretta","12":"first","13":"onbackorder","14":"featured","15":"purchasable","16":"product-type-simple"},"yoast_head":"<!-- This site is optimized with the Yoast SEO plugin v27.0 - https:\/\/yoast.com\/product\/yoast-seo-wordpress\/ -->\n<title>Tabacco Pueblo Pink Fine Cut \u2013 Delicato e senza additivi<\/title>\n<meta name=\"description\" content=\"Scopri Pueblo Pink taglio fine: dal sapore delicato, prodotto con tabacchi raccolti a mano e lavorati senza additivi. Perfetto per un piacere consapevole.\" \/>\n<meta name=\"robots\" content=\"index, follow, max-snippet:-1, max-image-preview:large, max-video-preview:-1\" \/>\n<link rel=\"canonical\" href=\"https:\/\/www.tabakversand.ch\/it\/prodotto\/tabacco-pueblo-pink-a-taglio-fine\/\" \/>\n<meta property=\"og:locale\" content=\"it_IT\" \/>\n<meta property=\"og:type\" content=\"article\" \/>\n<meta property=\"og:title\" content=\"Tabacco Pueblo Pink Fine Cut \u2013 Delicato e senza additivi\" \/>\n<meta property=\"og:description\" content=\"Scopri Pueblo Pink taglio fine: dal sapore delicato, prodotto con tabacchi raccolti a mano e lavorati senza additivi. Perfetto per un piacere consapevole.\" \/>\n<meta property=\"og:url\" content=\"https:\/\/www.tabakversand.ch\/it\/prodotto\/tabacco-pueblo-pink-a-taglio-fine\/\" \/>\n<meta property=\"og:site_name\" content=\"Tabakversand.ch | Alles aus der Welt des Tabaks\" \/>\n<meta property=\"article:modified_time\" content=\"2026-04-01T11:37:44+00:00\" \/>\n<meta property=\"og:image\" content=\"https:\/\/www.tabakversand.ch\/wp-content\/uploads\/2026\/04\/pueblo-pink-tobacco.jpg\" \/>\n\t<meta property=\"og:image:width\" content=\"500\" \/>\n\t<meta property=\"og:image:height\" content=\"500\" \/>\n\t<meta property=\"og:image:type\" content=\"image\/jpeg\" \/>\n<meta name=\"twitter:card\" content=\"summary_large_image\" \/>\n<meta name=\"twitter:label1\" content=\"Tempo di lettura stimato\" \/>\n\t<meta name=\"twitter:data1\" content=\"2 minuti\" \/>\n<script type=\"application\/ld+json\" class=\"yoast-schema-graph\">{\"@context\":\"https:\/\/schema.org\",\"@graph\":[{\"@type\":\"WebPage\",\"@id\":\"https:\/\/www.tabakversand.ch\/it\/prodotto\/tabacco-pueblo-pink-a-taglio-fine\/\",\"url\":\"https:\/\/www.tabakversand.ch\/it\/prodotto\/tabacco-pueblo-pink-a-taglio-fine\/\",\"name\":\"Tabacco Pueblo Pink Fine Cut \u2013 Delicato e senza additivi\",\"isPartOf\":{\"@id\":\"https:\/\/www.tabakversand.ch\/#website\"},\"primaryImageOfPage\":{\"@id\":\"https:\/\/www.tabakversand.ch\/it\/prodotto\/tabacco-pueblo-pink-a-taglio-fine\/#primaryimage\"},\"image\":{\"@id\":\"https:\/\/www.tabakversand.ch\/it\/prodotto\/tabacco-pueblo-pink-a-taglio-fine\/#primaryimage\"},\"thumbnailUrl\":\"https:\/\/www.tabakversand.ch\/wp-content\/uploads\/2026\/04\/pueblo-pink-tobacco.jpg\",\"datePublished\":\"2026-04-01T10:49:30+00:00\",\"dateModified\":\"2026-04-01T11:37:44+00:00\",\"description\":\"Scopri Pueblo Pink taglio fine: dal sapore delicato, prodotto con tabacchi raccolti a mano e lavorati senza additivi. Perfetto per un piacere consapevole.\",\"breadcrumb\":{\"@id\":\"https:\/\/www.tabakversand.ch\/it\/prodotto\/tabacco-pueblo-pink-a-taglio-fine\/#breadcrumb\"},\"inLanguage\":\"it-IT\",\"potentialAction\":[{\"@type\":\"ReadAction\",\"target\":[\"https:\/\/www.tabakversand.ch\/it\/prodotto\/tabacco-pueblo-pink-a-taglio-fine\/\"]}]},{\"@type\":\"ImageObject\",\"inLanguage\":\"it-IT\",\"@id\":\"https:\/\/www.tabakversand.ch\/it\/prodotto\/tabacco-pueblo-pink-a-taglio-fine\/#primaryimage\",\"url\":\"https:\/\/www.tabakversand.ch\/wp-content\/uploads\/2026\/04\/pueblo-pink-tobacco.jpg\",\"contentUrl\":\"https:\/\/www.tabakversand.ch\/wp-content\/uploads\/2026\/04\/pueblo-pink-tobacco.jpg\",\"width\":500,\"height\":500,\"caption\":\"Tabacco Pueblo Pink Fine Cut | tabakversand.ch\"},{\"@type\":\"BreadcrumbList\",\"@id\":\"https:\/\/www.tabakversand.ch\/it\/prodotto\/tabacco-pueblo-pink-a-taglio-fine\/#breadcrumb\",\"itemListElement\":[{\"@type\":\"ListItem\",\"position\":1,\"name\":\"Startseite\",\"item\":\"https:\/\/www.tabakversand.ch\/\"},{\"@type\":\"ListItem\",\"position\":2,\"name\":\"Negozio\",\"item\":\"https:\/\/www.tabakversand.ch\/it\/negozio\/\"},{\"@type\":\"ListItem\",\"position\":3,\"name\":\"Pueblo Pink 10 x 25 gr.\"}]},{\"@type\":\"WebSite\",\"@id\":\"https:\/\/www.tabakversand.ch\/#website\",\"url\":\"https:\/\/www.tabakversand.ch\/\",\"name\":\"Tabakversand.ch | Alles aus der Welt des Tabaks\",\"description\":\"Smoke and carpe diem\",\"potentialAction\":[{\"@type\":\"SearchAction\",\"target\":{\"@type\":\"EntryPoint\",\"urlTemplate\":\"https:\/\/www.tabakversand.ch\/?s={search_term_string}\"},\"query-input\":{\"@type\":\"PropertyValueSpecification\",\"valueRequired\":true,\"valueName\":\"search_term_string\"}}],\"inLanguage\":\"it-IT\"}]}<\/script>\n<!-- \/ Yoast SEO plugin. -->","yoast_head_json":{"title":"Tabacco Pueblo Pink Fine Cut \u2013 Delicato e senza additivi","description":"Scopri Pueblo Pink taglio fine: dal sapore delicato, prodotto con tabacchi raccolti a mano e lavorati senza additivi. Perfetto per un piacere consapevole.","robots":{"index":"index","follow":"follow","max-snippet":"max-snippet:-1","max-image-preview":"max-image-preview:large","max-video-preview":"max-video-preview:-1"},"canonical":"https:\/\/www.tabakversand.ch\/it\/prodotto\/tabacco-pueblo-pink-a-taglio-fine\/","og_locale":"it_IT","og_type":"article","og_title":"Tabacco Pueblo Pink Fine Cut \u2013 Delicato e senza additivi","og_description":"Scopri Pueblo Pink taglio fine: dal sapore delicato, prodotto con tabacchi raccolti a mano e lavorati senza additivi. Perfetto per un piacere consapevole.","og_url":"https:\/\/www.tabakversand.ch\/it\/prodotto\/tabacco-pueblo-pink-a-taglio-fine\/","og_site_name":"Tabakversand.ch | Alles aus der Welt des Tabaks","article_modified_time":"2026-04-01T11:37:44+00:00","og_image":[{"width":500,"height":500,"url":"https:\/\/www.tabakversand.ch\/wp-content\/uploads\/2026\/04\/pueblo-pink-tobacco.jpg","type":"image\/jpeg"}],"twitter_card":"summary_large_image","twitter_misc":{"Tempo di lettura stimato":"2 minuti"},"schema":{"@context":"https:\/\/schema.org","@graph":[{"@type":"WebPage","@id":"https:\/\/www.tabakversand.ch\/it\/prodotto\/tabacco-pueblo-pink-a-taglio-fine\/","url":"https:\/\/www.tabakversand.ch\/it\/prodotto\/tabacco-pueblo-pink-a-taglio-fine\/","name":"Tabacco Pueblo Pink Fine Cut \u2013 Delicato e senza additivi","isPartOf":{"@id":"https:\/\/www.tabakversand.ch\/#website"},"primaryImageOfPage":{"@id":"https:\/\/www.tabakversand.ch\/it\/prodotto\/tabacco-pueblo-pink-a-taglio-fine\/#primaryimage"},"image":{"@id":"https:\/\/www.tabakversand.ch\/it\/prodotto\/tabacco-pueblo-pink-a-taglio-fine\/#primaryimage"},"thumbnailUrl":"https:\/\/www.tabakversand.ch\/wp-content\/uploads\/2026\/04\/pueblo-pink-tobacco.jpg","datePublished":"2026-04-01T10:49:30+00:00","dateModified":"2026-04-01T11:37:44+00:00","description":"Scopri Pueblo Pink taglio fine: dal sapore delicato, prodotto con tabacchi raccolti a mano e lavorati senza additivi. Perfetto per un piacere consapevole.","breadcrumb":{"@id":"https:\/\/www.tabakversand.ch\/it\/prodotto\/tabacco-pueblo-pink-a-taglio-fine\/#breadcrumb"},"inLanguage":"it-IT","potentialAction":[{"@type":"ReadAction","target":["https:\/\/www.tabakversand.ch\/it\/prodotto\/tabacco-pueblo-pink-a-taglio-fine\/"]}]},{"@type":"ImageObject","inLanguage":"it-IT","@id":"https:\/\/www.tabakversand.ch\/it\/prodotto\/tabacco-pueblo-pink-a-taglio-fine\/#primaryimage","url":"https:\/\/www.tabakversand.ch\/wp-content\/uploads\/2026\/04\/pueblo-pink-tobacco.jpg","contentUrl":"https:\/\/www.tabakversand.ch\/wp-content\/uploads\/2026\/04\/pueblo-pink-tobacco.jpg","width":500,"height":500,"caption":"Tabacco Pueblo Pink Fine Cut | tabakversand.ch"},{"@type":"BreadcrumbList","@id":"https:\/\/www.tabakversand.ch\/it\/prodotto\/tabacco-pueblo-pink-a-taglio-fine\/#breadcrumb","itemListElement":[{"@type":"ListItem","position":1,"name":"Startseite","item":"https:\/\/www.tabakversand.ch\/"},{"@type":"ListItem","position":2,"name":"Negozio","item":"https:\/\/www.tabakversand.ch\/it\/negozio\/"},{"@type":"ListItem","position":3,"name":"Pueblo Pink 10 x 25 gr."}]},{"@type":"WebSite","@id":"https:\/\/www.tabakversand.ch\/#website","url":"https:\/\/www.tabakversand.ch\/","name":"Tabakversand.ch | Alles aus der Welt des Tabaks","description":"Smoke and carpe diem","potentialAction":[{"@type":"SearchAction","target":{"@type":"EntryPoint","urlTemplate":"https:\/\/www.tabakversand.ch\/?s={search_term_string}"},"query-input":{"@type":"PropertyValueSpecification","valueRequired":true,"valueName":"search_term_string"}}],"inLanguage":"it-IT"}]}},"_links":{"self":[{"href":"https:\/\/www.tabakversand.ch\/it\/wp-json\/wp\/v2\/product\/216303","targetHints":{"allow":["GET"]}}],"collection":[{"href":"https:\/\/www.tabakversand.ch\/it\/wp-json\/wp\/v2\/product"}],"about":[{"href":"https:\/\/www.tabakversand.ch\/it\/wp-json\/wp\/v2\/types\/product"}],"version-history":[{"count":5,"href":"https:\/\/www.tabakversand.ch\/it\/wp-json\/wp\/v2\/product\/216303\/revisions"}],"predecessor-version":[{"id":216324,"href":"https:\/\/www.tabakversand.ch\/it\/wp-json\/wp\/v2\/product\/216303\/revisions\/216324"}],"wp:featuredmedia":[{"embeddable":true,"href":"https:\/\/www.tabakversand.ch\/it\/wp-json\/wp\/v2\/media\/216307"}],"wp:attachment":[{"href":"https:\/\/www.tabakversand.ch\/it\/wp-json\/wp\/v2\/media?parent=216303"}],"wp:term":[{"taxonomy":"product_brand","embeddable":true,"href":"https:\/\/www.tabakversand.ch\/it\/wp-json\/wp\/v2\/product_brand?post=216303"},{"taxonomy":"product_cat","embeddable":true,"href":"https:\/\/www.tabakversand.ch\/it\/wp-json\/wp\/v2\/product_cat?post=216303"},{"taxonomy":"product_tag","embeddable":true,"href":"https:\/\/www.tabakversand.ch\/it\/wp-json\/wp\/v2\/product_tag?post=216303"}],"curies":[{"name":"wp","href":"https:\/\/api.w.org\/{rel}","templated":true}]}}