{"id":216334,"date":"2026-04-01T14:16:31","date_gmt":"2026-04-01T12:16:31","guid":{"rendered":"https:\/\/www.tabakversand.ch\/?post_type=product&#038;p=216334"},"modified":"2026-04-01T20:15:55","modified_gmt":"2026-04-01T18:15:55","slug":"elf-bar-elfa-pro-v2-kit-2ml-20mg","status":"publish","type":"product","link":"https:\/\/www.tabakversand.ch\/it\/prodotto\/elf-bar-elfa-pro-v2-kit-2ml-20mg\/","title":{"rendered":"ELF BAR ELFA Pro V2 Kit 2ml (20mg)"},"content":{"rendered":"<h1>Kit ELF BAR ELFA Pro V2<\/h1>\n<p>Il sistema a pod per un&#8217;esperienza di svapo senza precedenti.<\/p>\n<p>Entra subito nel mondo degli aromi intensi con il kit ELF BAR ELFA Pro V2! Con una pod da 2 ml, 20 mg di sali di nicotina e fino a 1000 tiri per pod, sarai sempre pronto per la tua esperienza di svapo perfetta: basta inserirla e iniziare a svapare. <\/p>\n<p>Grazie alla bobina a rete QUAQ all&#8217;avanguardia e alla tecnologia ECS, potrai assaporare un gusto pi\u00f9 puro senza residui di bruciato, mentre il dispositivo ricaricabile \u00e8 ecologico ed economico. Ideale da portare sempre con s\u00e9, a casa o ovunque ci si trovi: sempre un sapore intenso, sempre affidabile. <\/p>\n<p>Perch\u00e9 i vapers adorano questo kit:<\/p>\n<ul>\n<li>Sistema a capsule ricaricabili: sostenibile e pratico<\/li>\n<li>Pod da 2 ml con 20 mg di sali di nicotina: fino a 1000 tiri di puro piacere.<\/li>\n<li>Sapore intenso: la resistenza a rete e la tecnologia ECS prevengono i tiri a secco.<\/li>\n<li>Pronto all&#8217;uso immediato, senza bisogno di lunghe preparazioni.<\/li>\n<li>Vasta selezione di gusti: ce n&#8217;\u00e8 per tutti i palati!<\/li>\n<\/ul>\n<p>&nbsp;<\/p>\n<p>\ud83d\udd25 Assicurati il \u200b\u200btuo ora e scopri un nuovo modo di svapare: non perderti l&#8217;intenso sapore che solo ELFBAR pu\u00f2 offrire.<\/p>\n<p>Su tabakversand.ch riceverai il kit Elf Bar Elfa Pro V2 ben conservato e nella sua confezione originale. Un&#8217;attenta conservazione garantisce una qualit\u00e0 ottimale fino alla spedizione. Grazie alla consegna rapida in Svizzera, la tua sigaretta elettronica arriver\u00e0 in tempi brevissimi.  <\/p>\n<p>Per maggiori informazioni sulle sigarette elettroniche, visita la voce corrispondente su Wikipedia: <a href=\"https:\/\/de.wikipedia.org\/wiki\/Elektrische_Zigarette\">clicca qui<\/a> . Per qualsiasi domanda sul prodotto, non esitare a contattarci: <a href=\"https:\/\/www.tabakversand.ch\/kontakt\/\">clicca qui<\/a> . <\/p>\n<p>Tutti i prezzi si applicano solo agli ordini online e sono comprensivi di IVA. Soggetto a modifiche senza preavviso, escluse le spese di spedizione. Con riserva di errori, modifiche nell&#8217;ambito di consegna e nel design, errori di stampa e variazioni di prezzo. I prezzi barrati sono prezzi sostitutivi. Le illustrazioni possono differire dall&#8217;originale\/dall&#8217;ambito di consegna.     <\/p>\n<p>*Spedizione gratuita per ordini superiori a CHF 250.-.<\/p>\n","protected":false},"excerpt":{"rendered":"<p>Kit ELF BAR ELFA Pro V2 Il sistema a pod per un&#8217;esperienza di svapo senza precedenti. Entra subito nel mondo degli aromi intensi con il kit ELF BAR ELFA Pro V2! Con una pod da 2 ml, 20 mg di sali di nicotina e fino a 1000 tiri per pod, sarai sempre pronto per la [&hellip;]<\/p>\n","protected":false},"featured_media":216339,"template":"","meta":[],"product_brand":[2951],"product_cat":[1875,1916,5582],"product_tag":[],"class_list":{"0":"post-216334","1":"product","2":"type-product","3":"status-publish","4":"has-post-thumbnail","6":"product_brand-elfbar","7":"product_cat-e-fumo","8":"product_cat-sigarette-elettroniche","9":"product_cat-kit-elf-bar-elfa-pro-v2","10":"pa_elfliq-10-mg-20-mg-apple-peach-it","11":"pa_elfliq-10-mg-20-mg-blue-razz-lemonade-it","12":"pa_elfliq-10-mg-20-mg-blueberry-it","13":"pa_elfliq-10-mg-20-mg-blueberry-sour-raspberry-it","14":"pa_elfliq-10-mg-20-mg-cherry-it","15":"pa_elfliq-10-mg-20-mg-grape-it","16":"pa_elfliq-10-mg-20-mg-juicy-peach","17":"pa_elfliq-10-mg-20-mg-kiwi-passion-fruit-guava-it","18":"pa_elfliq-10-mg-20-mg-menthol","19":"pa_elfliq-10-mg-20-mg-pink-lemonade-it","20":"pa_elfliq-10-mg-20-mg-snoow-tobacco-it","21":"pa_elfliq-10-mg-20-mg-spearmint-it","22":"pa_elfliq-10-mg-20-mg-strawberry-ice-it","23":"pa_elfliq-10-mg-20-mg-watermelon-it","25":"first","26":"onbackorder","27":"featured","28":"purchasable","29":"product-type-variable"},"yoast_head":"<!-- This site is optimized with the Yoast SEO plugin v27.0 - https:\/\/yoast.com\/product\/yoast-seo-wordpress\/ -->\n<title>Kit ELF BAR ELFA Pro V2 2ml 20mg \u2013 Sistema Pod per sigaretta elettronica<\/title>\n<meta name=\"description\" content=\"Kit ELFBAR ELFA Pro V2 con pod da 2 ml e sali di nicotina da 20 mg. Fino a 1000 tiri, sapore intenso grazie alla resistenza a mesh. Ricaricabile e sostenibile.\" \/>\n<meta name=\"robots\" content=\"index, follow, max-snippet:-1, max-image-preview:large, max-video-preview:-1\" \/>\n<link rel=\"canonical\" href=\"https:\/\/www.tabakversand.ch\/it\/prodotto\/elf-bar-elfa-pro-v2-kit-2ml-20mg\/\" \/>\n<meta property=\"og:locale\" content=\"it_IT\" \/>\n<meta property=\"og:type\" content=\"article\" \/>\n<meta property=\"og:title\" content=\"Kit ELF BAR ELFA Pro V2 2ml 20mg \u2013 Sistema Pod per sigaretta elettronica\" \/>\n<meta property=\"og:description\" content=\"Kit ELFBAR ELFA Pro V2 con pod da 2 ml e sali di nicotina da 20 mg. Fino a 1000 tiri, sapore intenso grazie alla resistenza a mesh. Ricaricabile e sostenibile.\" \/>\n<meta property=\"og:url\" content=\"https:\/\/www.tabakversand.ch\/it\/prodotto\/elf-bar-elfa-pro-v2-kit-2ml-20mg\/\" \/>\n<meta property=\"og:site_name\" content=\"Tabakversand.ch | Alles aus der Welt des Tabaks\" \/>\n<meta property=\"article:modified_time\" content=\"2026-04-01T18:15:55+00:00\" \/>\n<meta property=\"og:image\" content=\"https:\/\/www.tabakversand.ch\/wp-content\/uploads\/2026\/04\/elfa-pro-v2-kit-all.jpg\" \/>\n\t<meta property=\"og:image:width\" content=\"500\" \/>\n\t<meta property=\"og:image:height\" content=\"500\" \/>\n\t<meta property=\"og:image:type\" content=\"image\/jpeg\" \/>\n<meta name=\"twitter:card\" content=\"summary_large_image\" \/>\n<meta name=\"twitter:label1\" content=\"Tempo di lettura stimato\" \/>\n\t<meta name=\"twitter:data1\" content=\"2 minuti\" \/>\n<script type=\"application\/ld+json\" class=\"yoast-schema-graph\">{\"@context\":\"https:\/\/schema.org\",\"@graph\":[{\"@type\":\"WebPage\",\"@id\":\"https:\/\/www.tabakversand.ch\/it\/prodotto\/elf-bar-elfa-pro-v2-kit-2ml-20mg\/\",\"url\":\"https:\/\/www.tabakversand.ch\/it\/prodotto\/elf-bar-elfa-pro-v2-kit-2ml-20mg\/\",\"name\":\"Kit ELF BAR ELFA Pro V2 2ml 20mg \u2013 Sistema Pod per sigaretta elettronica\",\"isPartOf\":{\"@id\":\"https:\/\/www.tabakversand.ch\/#website\"},\"primaryImageOfPage\":{\"@id\":\"https:\/\/www.tabakversand.ch\/it\/prodotto\/elf-bar-elfa-pro-v2-kit-2ml-20mg\/#primaryimage\"},\"image\":{\"@id\":\"https:\/\/www.tabakversand.ch\/it\/prodotto\/elf-bar-elfa-pro-v2-kit-2ml-20mg\/#primaryimage\"},\"thumbnailUrl\":\"https:\/\/www.tabakversand.ch\/wp-content\/uploads\/2026\/04\/elfa-pro-v2-kit-all.jpg\",\"datePublished\":\"2026-04-01T12:16:31+00:00\",\"dateModified\":\"2026-04-01T18:15:55+00:00\",\"description\":\"Kit ELFBAR ELFA Pro V2 con pod da 2 ml e sali di nicotina da 20 mg. Fino a 1000 tiri, sapore intenso grazie alla resistenza a mesh. Ricaricabile e sostenibile.\",\"breadcrumb\":{\"@id\":\"https:\/\/www.tabakversand.ch\/it\/prodotto\/elf-bar-elfa-pro-v2-kit-2ml-20mg\/#breadcrumb\"},\"inLanguage\":\"it-IT\",\"potentialAction\":[{\"@type\":\"ReadAction\",\"target\":[\"https:\/\/www.tabakversand.ch\/it\/prodotto\/elf-bar-elfa-pro-v2-kit-2ml-20mg\/\"]}]},{\"@type\":\"ImageObject\",\"inLanguage\":\"it-IT\",\"@id\":\"https:\/\/www.tabakversand.ch\/it\/prodotto\/elf-bar-elfa-pro-v2-kit-2ml-20mg\/#primaryimage\",\"url\":\"https:\/\/www.tabakversand.ch\/wp-content\/uploads\/2026\/04\/elfa-pro-v2-kit-all.jpg\",\"contentUrl\":\"https:\/\/www.tabakversand.ch\/wp-content\/uploads\/2026\/04\/elfa-pro-v2-kit-all.jpg\",\"width\":500,\"height\":500,\"caption\":\"Kit ELFBAR ELFA Pro V2 | tabakversand.ch\"},{\"@type\":\"BreadcrumbList\",\"@id\":\"https:\/\/www.tabakversand.ch\/it\/prodotto\/elf-bar-elfa-pro-v2-kit-2ml-20mg\/#breadcrumb\",\"itemListElement\":[{\"@type\":\"ListItem\",\"position\":1,\"name\":\"Startseite\",\"item\":\"https:\/\/www.tabakversand.ch\/\"},{\"@type\":\"ListItem\",\"position\":2,\"name\":\"Negozio\",\"item\":\"https:\/\/www.tabakversand.ch\/it\/negozio\/\"},{\"@type\":\"ListItem\",\"position\":3,\"name\":\"ELF BAR ELFA Pro V2 Kit 2ml (20mg)\"}]},{\"@type\":\"WebSite\",\"@id\":\"https:\/\/www.tabakversand.ch\/#website\",\"url\":\"https:\/\/www.tabakversand.ch\/\",\"name\":\"Tabakversand.ch | Alles aus der Welt des Tabaks\",\"description\":\"Smoke and carpe diem\",\"potentialAction\":[{\"@type\":\"SearchAction\",\"target\":{\"@type\":\"EntryPoint\",\"urlTemplate\":\"https:\/\/www.tabakversand.ch\/?s={search_term_string}\"},\"query-input\":{\"@type\":\"PropertyValueSpecification\",\"valueRequired\":true,\"valueName\":\"search_term_string\"}}],\"inLanguage\":\"it-IT\"}]}<\/script>\n<!-- \/ Yoast SEO plugin. -->","yoast_head_json":{"title":"Kit ELF BAR ELFA Pro V2 2ml 20mg \u2013 Sistema Pod per sigaretta elettronica","description":"Kit ELFBAR ELFA Pro V2 con pod da 2 ml e sali di nicotina da 20 mg. Fino a 1000 tiri, sapore intenso grazie alla resistenza a mesh. Ricaricabile e sostenibile.","robots":{"index":"index","follow":"follow","max-snippet":"max-snippet:-1","max-image-preview":"max-image-preview:large","max-video-preview":"max-video-preview:-1"},"canonical":"https:\/\/www.tabakversand.ch\/it\/prodotto\/elf-bar-elfa-pro-v2-kit-2ml-20mg\/","og_locale":"it_IT","og_type":"article","og_title":"Kit ELF BAR ELFA Pro V2 2ml 20mg \u2013 Sistema Pod per sigaretta elettronica","og_description":"Kit ELFBAR ELFA Pro V2 con pod da 2 ml e sali di nicotina da 20 mg. Fino a 1000 tiri, sapore intenso grazie alla resistenza a mesh. Ricaricabile e sostenibile.","og_url":"https:\/\/www.tabakversand.ch\/it\/prodotto\/elf-bar-elfa-pro-v2-kit-2ml-20mg\/","og_site_name":"Tabakversand.ch | Alles aus der Welt des Tabaks","article_modified_time":"2026-04-01T18:15:55+00:00","og_image":[{"width":500,"height":500,"url":"https:\/\/www.tabakversand.ch\/wp-content\/uploads\/2026\/04\/elfa-pro-v2-kit-all.jpg","type":"image\/jpeg"}],"twitter_card":"summary_large_image","twitter_misc":{"Tempo di lettura stimato":"2 minuti"},"schema":{"@context":"https:\/\/schema.org","@graph":[{"@type":"WebPage","@id":"https:\/\/www.tabakversand.ch\/it\/prodotto\/elf-bar-elfa-pro-v2-kit-2ml-20mg\/","url":"https:\/\/www.tabakversand.ch\/it\/prodotto\/elf-bar-elfa-pro-v2-kit-2ml-20mg\/","name":"Kit ELF BAR ELFA Pro V2 2ml 20mg \u2013 Sistema Pod per sigaretta elettronica","isPartOf":{"@id":"https:\/\/www.tabakversand.ch\/#website"},"primaryImageOfPage":{"@id":"https:\/\/www.tabakversand.ch\/it\/prodotto\/elf-bar-elfa-pro-v2-kit-2ml-20mg\/#primaryimage"},"image":{"@id":"https:\/\/www.tabakversand.ch\/it\/prodotto\/elf-bar-elfa-pro-v2-kit-2ml-20mg\/#primaryimage"},"thumbnailUrl":"https:\/\/www.tabakversand.ch\/wp-content\/uploads\/2026\/04\/elfa-pro-v2-kit-all.jpg","datePublished":"2026-04-01T12:16:31+00:00","dateModified":"2026-04-01T18:15:55+00:00","description":"Kit ELFBAR ELFA Pro V2 con pod da 2 ml e sali di nicotina da 20 mg. Fino a 1000 tiri, sapore intenso grazie alla resistenza a mesh. Ricaricabile e sostenibile.","breadcrumb":{"@id":"https:\/\/www.tabakversand.ch\/it\/prodotto\/elf-bar-elfa-pro-v2-kit-2ml-20mg\/#breadcrumb"},"inLanguage":"it-IT","potentialAction":[{"@type":"ReadAction","target":["https:\/\/www.tabakversand.ch\/it\/prodotto\/elf-bar-elfa-pro-v2-kit-2ml-20mg\/"]}]},{"@type":"ImageObject","inLanguage":"it-IT","@id":"https:\/\/www.tabakversand.ch\/it\/prodotto\/elf-bar-elfa-pro-v2-kit-2ml-20mg\/#primaryimage","url":"https:\/\/www.tabakversand.ch\/wp-content\/uploads\/2026\/04\/elfa-pro-v2-kit-all.jpg","contentUrl":"https:\/\/www.tabakversand.ch\/wp-content\/uploads\/2026\/04\/elfa-pro-v2-kit-all.jpg","width":500,"height":500,"caption":"Kit ELFBAR ELFA Pro V2 | tabakversand.ch"},{"@type":"BreadcrumbList","@id":"https:\/\/www.tabakversand.ch\/it\/prodotto\/elf-bar-elfa-pro-v2-kit-2ml-20mg\/#breadcrumb","itemListElement":[{"@type":"ListItem","position":1,"name":"Startseite","item":"https:\/\/www.tabakversand.ch\/"},{"@type":"ListItem","position":2,"name":"Negozio","item":"https:\/\/www.tabakversand.ch\/it\/negozio\/"},{"@type":"ListItem","position":3,"name":"ELF BAR ELFA Pro V2 Kit 2ml (20mg)"}]},{"@type":"WebSite","@id":"https:\/\/www.tabakversand.ch\/#website","url":"https:\/\/www.tabakversand.ch\/","name":"Tabakversand.ch | Alles aus der Welt des Tabaks","description":"Smoke and carpe diem","potentialAction":[{"@type":"SearchAction","target":{"@type":"EntryPoint","urlTemplate":"https:\/\/www.tabakversand.ch\/?s={search_term_string}"},"query-input":{"@type":"PropertyValueSpecification","valueRequired":true,"valueName":"search_term_string"}}],"inLanguage":"it-IT"}]}},"_links":{"self":[{"href":"https:\/\/www.tabakversand.ch\/it\/wp-json\/wp\/v2\/product\/216334","targetHints":{"allow":["GET"]}}],"collection":[{"href":"https:\/\/www.tabakversand.ch\/it\/wp-json\/wp\/v2\/product"}],"about":[{"href":"https:\/\/www.tabakversand.ch\/it\/wp-json\/wp\/v2\/types\/product"}],"version-history":[{"count":4,"href":"https:\/\/www.tabakversand.ch\/it\/wp-json\/wp\/v2\/product\/216334\/revisions"}],"predecessor-version":[{"id":216463,"href":"https:\/\/www.tabakversand.ch\/it\/wp-json\/wp\/v2\/product\/216334\/revisions\/216463"}],"wp:featuredmedia":[{"embeddable":true,"href":"https:\/\/www.tabakversand.ch\/it\/wp-json\/wp\/v2\/media\/216339"}],"wp:attachment":[{"href":"https:\/\/www.tabakversand.ch\/it\/wp-json\/wp\/v2\/media?parent=216334"}],"wp:term":[{"taxonomy":"product_brand","embeddable":true,"href":"https:\/\/www.tabakversand.ch\/it\/wp-json\/wp\/v2\/product_brand?post=216334"},{"taxonomy":"product_cat","embeddable":true,"href":"https:\/\/www.tabakversand.ch\/it\/wp-json\/wp\/v2\/product_cat?post=216334"},{"taxonomy":"product_tag","embeddable":true,"href":"https:\/\/www.tabakversand.ch\/it\/wp-json\/wp\/v2\/product_tag?post=216334"}],"curies":[{"name":"wp","href":"https:\/\/api.w.org\/{rel}","templated":true}]}}