{"id":217246,"date":"2026-04-08T10:27:35","date_gmt":"2026-04-08T08:27:35","guid":{"rendered":"https:\/\/www.tabakversand.ch\/?post_type=product&#038;p=217246"},"modified":"2026-04-08T10:43:48","modified_gmt":"2026-04-08T08:43:48","slug":"arbo-red-taglio-fine","status":"publish","type":"product","link":"https:\/\/www.tabakversand.ch\/it\/prodotto\/arbo-red-taglio-fine\/","title":{"rendered":"Arbo Red"},"content":{"rendered":"<h1>Arbo Red<\/h1>\n<ul>\n<li>1 x 150 gr.<\/li>\n<\/ul>\n<p>Sapore intenso a un prezzo equo<\/p>\n<p>Il tabacco Arbo Red a taglio fine colpisce per il suo aroma intenso e corposo e per l&#8217;eccellente rapporto qualit\u00e0-prezzo. La miscela di tabacco, accuratamente selezionata, offre un&#8217;esperienza di fumo intensa che si adatta sia ai fumatori esperti che agli intenditori attenti al prezzo.<\/p>\n<p>Il tabacco, finemente tritato, \u00e8 lavorato in modo ottimale e si arrotola con facilit\u00e0, ideale per chi apprezza la semplicit\u00e0 d&#8217;uso e una combustione uniforme. Grazie al suo equilibrato contenuto di umidit\u00e0, il tabacco si mantiene fresco a lungo e garantisce un piacere costante ad ogni sigaretta arrotolata a mano.<\/p>\n<p>I tuoi vantaggi in sintesi:<\/p>\n<ul>\n<li>Aroma intenso e speziato<\/li>\n<li>Tabacco uniforme e finemente tritato<\/li>\n<li>Facile da manovrare ed economico<\/li>\n<li>Ottimo rapporto qualit\u00e0-prezzo<\/li>\n<li>Ideale per il piacere di tutti i giorni<\/li>\n<\/ul>\n<p>&nbsp;<\/p>\n<p>Sia per l&#8217;uso quotidiano che come valida alternativa a marche pi\u00f9 costose, il tabacco a taglio fine Arbo Red offre una qualit\u00e0 costantemente elevata a un prezzo interessante.<\/p>\n<p>Ordina ora e vivi un&#8217;esperienza di piacere intensa con il tabacco!<\/p>\n<p>&nbsp;<\/p>\n<p>Su tabakversand.ch riceverete Arbo Red conservato correttamente e nella sua confezione originale. Un&#8217;attenta conservazione garantisce che aroma, umidit\u00e0 e qualit\u00e0 siano preservati in modo ottimale fino alla spedizione. Grazie alla consegna rapida in Svizzera, il vostro tabacco per sigarette arriver\u00e0 solitamente in tempi brevissimi.<\/p>\n<p>Per maggiori informazioni sul tabacco da rollare, visita la voce corrispondente su Wikipedia: <a href=\"https:\/\/de.wikipedia.org\/wiki\/Shag_(Tabak)\">clicca qui<\/a> . Per qualsiasi domanda sul prodotto, non esitare a contattarci: <a href=\"https:\/\/www.tabakversand.ch\/kontakt\/\">clicca qui<\/a> .<\/p>\n<p>Tutti i prezzi sono validi solo per gli ordini online e includono l&#8217;IVA, sono soggetti a modifiche senza preavviso e non includono le spese di spedizione. Con riserva di errori, modifiche nella fornitura e nella progettazione, errori di stampa e modifiche dei prezzi. I prezzi barrati sono invece prezzi. L&#8217;immagine pu\u00f2 differire dall&#8217;originale\/dalla fornitura.<br \/>\n*Spedizione gratuita per ordini superiori a CHF 250.-.<\/p>\n","protected":false},"excerpt":{"rendered":"<p>Arbo Red 1 x 150 gr. Sapore intenso a un prezzo equo Il tabacco Arbo Red a taglio fine colpisce per il suo aroma intenso e corposo e per l&#8217;eccellente rapporto qualit\u00e0-prezzo. La miscela di tabacco, accuratamente selezionata, offre un&#8217;esperienza di fumo intensa che si adatta sia ai fumatori esperti che agli intenditori attenti al [&hellip;]<\/p>\n","protected":false},"featured_media":217252,"template":"","meta":[],"product_brand":[5685],"product_cat":[1962,1889,1965,1966],"product_tag":[],"class_list":{"0":"post-217246","1":"product","2":"type-product","3":"status-publish","4":"has-post-thumbnail","6":"product_brand-arbo-feinschnitt","7":"product_cat-sigarette-self-made","8":"product_cat-tabacco","9":"product_cat-tabacco-da-sigaretta","10":"product_cat-tabacco-da-sigaretta-it","12":"first","13":"onbackorder","14":"featured","15":"purchasable","16":"product-type-simple"},"yoast_head":"<!-- This site is optimized with the Yoast SEO plugin v27.0 - https:\/\/yoast.com\/product\/yoast-seo-wordpress\/ -->\n<title>Acquista tabacco Arbo Red a taglio fine | Ordina tabacco da rollare online a prezzi vantaggiosi<\/title>\n<meta name=\"description\" content=\"Acquista online il tabacco da rollare Arbo Red a taglio fine a un prezzo conveniente \u2713 Sapore intenso \u2713 Perfetto per rollare \u2713 Ottimo prezzo \u2713 Ordina ora\" \/>\n<meta name=\"robots\" content=\"index, follow, max-snippet:-1, max-image-preview:large, max-video-preview:-1\" \/>\n<link rel=\"canonical\" href=\"https:\/\/www.tabakversand.ch\/prodotto\/arbo-red-feinschnitt\/\" \/>\n<meta property=\"og:locale\" content=\"it_IT\" \/>\n<meta property=\"og:type\" content=\"article\" \/>\n<meta property=\"og:title\" content=\"Acquista tabacco Arbo Red a taglio fine | Ordina tabacco da rollare online a prezzi vantaggiosi\" \/>\n<meta property=\"og:description\" content=\"Acquista online il tabacco da rollare Arbo Red a taglio fine a un prezzo conveniente \u2713 Sapore intenso \u2713 Perfetto per rollare \u2713 Ottimo prezzo \u2713 Ordina ora\" \/>\n<meta property=\"og:url\" content=\"https:\/\/www.tabakversand.ch\/prodotto\/arbo-red-feinschnitt\/\" \/>\n<meta property=\"og:site_name\" content=\"Tabakversand.ch | Alles aus der Welt des Tabaks\" \/>\n<meta property=\"article:modified_time\" content=\"2026-04-08T08:43:48+00:00\" \/>\n<meta property=\"og:image\" content=\"https:\/\/www.tabakversand.ch\/wp-content\/uploads\/2026\/04\/arbo-red_.jpg\" \/>\n\t<meta property=\"og:image:width\" content=\"500\" \/>\n\t<meta property=\"og:image:height\" content=\"500\" \/>\n\t<meta property=\"og:image:type\" content=\"image\/jpeg\" \/>\n<meta name=\"twitter:card\" content=\"summary_large_image\" \/>\n<meta name=\"twitter:label1\" content=\"Tempo di lettura stimato\" \/>\n\t<meta name=\"twitter:data1\" content=\"2 minuti\" \/>\n<script type=\"application\/ld+json\" class=\"yoast-schema-graph\">{\"@context\":\"https:\/\/schema.org\",\"@graph\":[{\"@type\":\"WebPage\",\"@id\":\"https:\/\/www.tabakversand.ch\/prodotto\/arbo-red-feinschnitt\/\",\"url\":\"https:\/\/www.tabakversand.ch\/prodotto\/arbo-red-feinschnitt\/\",\"name\":\"Acquista tabacco Arbo Red a taglio fine | Ordina tabacco da rollare online a prezzi vantaggiosi\",\"isPartOf\":{\"@id\":\"https:\/\/www.tabakversand.ch\/#website\"},\"primaryImageOfPage\":{\"@id\":\"https:\/\/www.tabakversand.ch\/prodotto\/arbo-red-feinschnitt\/#primaryimage\"},\"image\":{\"@id\":\"https:\/\/www.tabakversand.ch\/prodotto\/arbo-red-feinschnitt\/#primaryimage\"},\"thumbnailUrl\":\"https:\/\/www.tabakversand.ch\/wp-content\/uploads\/2026\/04\/arbo-red_.jpg\",\"datePublished\":\"2026-04-08T08:27:35+00:00\",\"dateModified\":\"2026-04-08T08:43:48+00:00\",\"description\":\"Acquista online il tabacco da rollare Arbo Red a taglio fine a un prezzo conveniente \u2713 Sapore intenso \u2713 Perfetto per rollare \u2713 Ottimo prezzo \u2713 Ordina ora\",\"breadcrumb\":{\"@id\":\"https:\/\/www.tabakversand.ch\/prodotto\/arbo-red-feinschnitt\/#breadcrumb\"},\"inLanguage\":\"it-IT\",\"potentialAction\":[{\"@type\":\"ReadAction\",\"target\":[\"https:\/\/www.tabakversand.ch\/prodotto\/arbo-red-feinschnitt\/\"]}]},{\"@type\":\"ImageObject\",\"inLanguage\":\"it-IT\",\"@id\":\"https:\/\/www.tabakversand.ch\/prodotto\/arbo-red-feinschnitt\/#primaryimage\",\"url\":\"https:\/\/www.tabakversand.ch\/wp-content\/uploads\/2026\/04\/arbo-red_.jpg\",\"contentUrl\":\"https:\/\/www.tabakversand.ch\/wp-content\/uploads\/2026\/04\/arbo-red_.jpg\",\"width\":500,\"height\":500,\"caption\":\"Arbo Red | tabakversand.ch\"},{\"@type\":\"BreadcrumbList\",\"@id\":\"https:\/\/www.tabakversand.ch\/prodotto\/arbo-red-feinschnitt\/#breadcrumb\",\"itemListElement\":[{\"@type\":\"ListItem\",\"position\":1,\"name\":\"Startseite\",\"item\":\"https:\/\/www.tabakversand.ch\/\"},{\"@type\":\"ListItem\",\"position\":2,\"name\":\"Negozio\",\"item\":\"https:\/\/www.tabakversand.ch\/it\/negozio\/\"},{\"@type\":\"ListItem\",\"position\":3,\"name\":\"Arbo Red\"}]},{\"@type\":\"WebSite\",\"@id\":\"https:\/\/www.tabakversand.ch\/#website\",\"url\":\"https:\/\/www.tabakversand.ch\/\",\"name\":\"Tabakversand.ch | Alles aus der Welt des Tabaks\",\"description\":\"Smoke and carpe diem\",\"potentialAction\":[{\"@type\":\"SearchAction\",\"target\":{\"@type\":\"EntryPoint\",\"urlTemplate\":\"https:\/\/www.tabakversand.ch\/?s={search_term_string}\"},\"query-input\":{\"@type\":\"PropertyValueSpecification\",\"valueRequired\":true,\"valueName\":\"search_term_string\"}}],\"inLanguage\":\"it-IT\"}]}<\/script>\n<!-- \/ Yoast SEO plugin. -->","yoast_head_json":{"title":"Acquista tabacco Arbo Red a taglio fine | Ordina tabacco da rollare online a prezzi vantaggiosi","description":"Acquista online il tabacco da rollare Arbo Red a taglio fine a un prezzo conveniente \u2713 Sapore intenso \u2713 Perfetto per rollare \u2713 Ottimo prezzo \u2713 Ordina ora","robots":{"index":"index","follow":"follow","max-snippet":"max-snippet:-1","max-image-preview":"max-image-preview:large","max-video-preview":"max-video-preview:-1"},"canonical":"https:\/\/www.tabakversand.ch\/prodotto\/arbo-red-feinschnitt\/","og_locale":"it_IT","og_type":"article","og_title":"Acquista tabacco Arbo Red a taglio fine | Ordina tabacco da rollare online a prezzi vantaggiosi","og_description":"Acquista online il tabacco da rollare Arbo Red a taglio fine a un prezzo conveniente \u2713 Sapore intenso \u2713 Perfetto per rollare \u2713 Ottimo prezzo \u2713 Ordina ora","og_url":"https:\/\/www.tabakversand.ch\/prodotto\/arbo-red-feinschnitt\/","og_site_name":"Tabakversand.ch | Alles aus der Welt des Tabaks","article_modified_time":"2026-04-08T08:43:48+00:00","og_image":[{"width":500,"height":500,"url":"https:\/\/www.tabakversand.ch\/wp-content\/uploads\/2026\/04\/arbo-red_.jpg","type":"image\/jpeg"}],"twitter_card":"summary_large_image","twitter_misc":{"Tempo di lettura stimato":"2 minuti"},"schema":{"@context":"https:\/\/schema.org","@graph":[{"@type":"WebPage","@id":"https:\/\/www.tabakversand.ch\/prodotto\/arbo-red-feinschnitt\/","url":"https:\/\/www.tabakversand.ch\/prodotto\/arbo-red-feinschnitt\/","name":"Acquista tabacco Arbo Red a taglio fine | Ordina tabacco da rollare online a prezzi vantaggiosi","isPartOf":{"@id":"https:\/\/www.tabakversand.ch\/#website"},"primaryImageOfPage":{"@id":"https:\/\/www.tabakversand.ch\/prodotto\/arbo-red-feinschnitt\/#primaryimage"},"image":{"@id":"https:\/\/www.tabakversand.ch\/prodotto\/arbo-red-feinschnitt\/#primaryimage"},"thumbnailUrl":"https:\/\/www.tabakversand.ch\/wp-content\/uploads\/2026\/04\/arbo-red_.jpg","datePublished":"2026-04-08T08:27:35+00:00","dateModified":"2026-04-08T08:43:48+00:00","description":"Acquista online il tabacco da rollare Arbo Red a taglio fine a un prezzo conveniente \u2713 Sapore intenso \u2713 Perfetto per rollare \u2713 Ottimo prezzo \u2713 Ordina ora","breadcrumb":{"@id":"https:\/\/www.tabakversand.ch\/prodotto\/arbo-red-feinschnitt\/#breadcrumb"},"inLanguage":"it-IT","potentialAction":[{"@type":"ReadAction","target":["https:\/\/www.tabakversand.ch\/prodotto\/arbo-red-feinschnitt\/"]}]},{"@type":"ImageObject","inLanguage":"it-IT","@id":"https:\/\/www.tabakversand.ch\/prodotto\/arbo-red-feinschnitt\/#primaryimage","url":"https:\/\/www.tabakversand.ch\/wp-content\/uploads\/2026\/04\/arbo-red_.jpg","contentUrl":"https:\/\/www.tabakversand.ch\/wp-content\/uploads\/2026\/04\/arbo-red_.jpg","width":500,"height":500,"caption":"Arbo Red | tabakversand.ch"},{"@type":"BreadcrumbList","@id":"https:\/\/www.tabakversand.ch\/prodotto\/arbo-red-feinschnitt\/#breadcrumb","itemListElement":[{"@type":"ListItem","position":1,"name":"Startseite","item":"https:\/\/www.tabakversand.ch\/"},{"@type":"ListItem","position":2,"name":"Negozio","item":"https:\/\/www.tabakversand.ch\/it\/negozio\/"},{"@type":"ListItem","position":3,"name":"Arbo Red"}]},{"@type":"WebSite","@id":"https:\/\/www.tabakversand.ch\/#website","url":"https:\/\/www.tabakversand.ch\/","name":"Tabakversand.ch | Alles aus der Welt des Tabaks","description":"Smoke and carpe diem","potentialAction":[{"@type":"SearchAction","target":{"@type":"EntryPoint","urlTemplate":"https:\/\/www.tabakversand.ch\/?s={search_term_string}"},"query-input":{"@type":"PropertyValueSpecification","valueRequired":true,"valueName":"search_term_string"}}],"inLanguage":"it-IT"}]}},"_links":{"self":[{"href":"https:\/\/www.tabakversand.ch\/it\/wp-json\/wp\/v2\/product\/217246","targetHints":{"allow":["GET"]}}],"collection":[{"href":"https:\/\/www.tabakversand.ch\/it\/wp-json\/wp\/v2\/product"}],"about":[{"href":"https:\/\/www.tabakversand.ch\/it\/wp-json\/wp\/v2\/types\/product"}],"version-history":[{"count":3,"href":"https:\/\/www.tabakversand.ch\/it\/wp-json\/wp\/v2\/product\/217246\/revisions"}],"predecessor-version":[{"id":217262,"href":"https:\/\/www.tabakversand.ch\/it\/wp-json\/wp\/v2\/product\/217246\/revisions\/217262"}],"wp:featuredmedia":[{"embeddable":true,"href":"https:\/\/www.tabakversand.ch\/it\/wp-json\/wp\/v2\/media\/217252"}],"wp:attachment":[{"href":"https:\/\/www.tabakversand.ch\/it\/wp-json\/wp\/v2\/media?parent=217246"}],"wp:term":[{"taxonomy":"product_brand","embeddable":true,"href":"https:\/\/www.tabakversand.ch\/it\/wp-json\/wp\/v2\/product_brand?post=217246"},{"taxonomy":"product_cat","embeddable":true,"href":"https:\/\/www.tabakversand.ch\/it\/wp-json\/wp\/v2\/product_cat?post=217246"},{"taxonomy":"product_tag","embeddable":true,"href":"https:\/\/www.tabakversand.ch\/it\/wp-json\/wp\/v2\/product_tag?post=217246"}],"curies":[{"name":"wp","href":"https:\/\/api.w.org\/{rel}","templated":true}]}}