{"id":218252,"date":"2026-04-19T07:57:34","date_gmt":"2026-04-19T05:57:34","guid":{"rendered":"https:\/\/www.tabakversand.ch\/?post_type=product&#038;p=218252"},"modified":"2026-04-19T08:18:16","modified_gmt":"2026-04-19T06:18:16","slug":"brissago-buendner-autentico","status":"publish","type":"product","link":"https:\/\/www.tabakversand.ch\/it\/prodotto\/brissago-buendner-autentico\/","title":{"rendered":"Brissago B\u00fcndner Autentico 5 x 5 pz."},"content":{"rendered":"<h1>Brissago B\u00fcndner Autentico<\/h1>\n<h4>I sigari Brissago B\u00fcndner Autentico sono sinonimo di sapore intenso, autentica cultura del tabacco e altissima qualit\u00e0 svizzera. Questa pratica confezione da 5 pacchetti da 5 sigari ciascuno offre non solo un&#8217;esperienza di fumo intensa, ma anche la massima flessibilit\u00e0, sia in viaggio che a casa.<\/h4>\n<p>\ud83d\udd25 Divertimento intenso in una pratica confezione maxi<\/p>\n<p>La miscela di tabacco accuratamente selezionata garantisce un aroma corposo e speziato, dalla profondit\u00e0 distintiva. Ogni boccata svela un profilo aromatico potente ma equilibrato, particolarmente apprezzato dagli intenditori pi\u00f9 esperti. I sigari Brissago B\u00fcndner Autentico offrono una qualit\u00e0 costantemente elevata in ogni singolo sigaro.<\/p>\n<p>Grazie alla combustione uniforme e al tiraggio stabile, l&#8217;esperienza di fumo rimane sempre piacevole e affidabile. La confezione singola e compatta rende questo set ideale da portare sempre con s\u00e9, poich\u00e9 i sigari sono protetti in modo ottimale e sempre facilmente accessibili.<\/p>\n<p>La combinazione di produzione tradizionale, lavorazione accurata e aroma intenso rende questo prodotto una scelta eccellente per chiunque sia alla ricerca di un&#8217;esperienza autentica e inconfondibile.<\/p>\n<p>\u2705 I tuoi vantaggi in sintesi:<\/p>\n<ul>\n<li>Aroma intenso, speziato e corposo.<\/li>\n<li>Combustione uniforme e comportamento del tiraggio costante<\/li>\n<li>Set pratico: 5 x 5 mozziconi di sigaretta \u2013 ideali da portare sempre con s\u00e9.<\/li>\n<li>Artigianato svizzero di alta qualit\u00e0<\/li>\n<li>Ideale per intenditori esperti e amanti dei sapori intensi.<\/li>\n<\/ul>\n<p>&nbsp;<\/p>\n<p>Con Brissago B\u00fcndner Autentico Stumpen, scegliete un prodotto che coniuga in modo ottimale tradizione, qualit\u00e0 e intenso piacere.<\/p>\n<p>\ud83d\udc49 Ordina online ora e scopri il vero spirito svizzero!<\/p>\n<p>&nbsp;<\/p>\n<p>Su tabakversand.ch riceverete i Brissago B\u00fcndner Autentico, conservati correttamente e nella loro confezione originale. Un&#8217;attenta conservazione garantisce che aroma, umidit\u00e0 e qualit\u00e0 siano preservati in modo ottimale fino alla spedizione. Grazie alla consegna rapida in Svizzera, i vostri sigari vi arriveranno solitamente in tempi brevissimi.<\/p>\n<p>Per maggiori informazioni sull&#8217;argomento dei mozziconi di sigaro, \u00e8 sufficiente consultare la relativa voce di Wikipedia: <a href=\"https:\/\/de.wikipedia.org\/wiki\/Zigarre#Zigarrentypen\">clicca qui<\/a> . Per qualsiasi domanda sul prodotto, non esitate a contattarci: <a href=\"https:\/\/www.tabakversand.ch\/kontakt\/\">cliccate qui<\/a> .<\/p>\n<p>Tutti i prezzi sono validi solo per gli ordini online e includono l&#8217;IVA, sono soggetti a modifiche senza preavviso e non includono le spese di spedizione. Con riserva di errori, modifiche nella fornitura e nella progettazione, errori di stampa e modifiche dei prezzi. I prezzi barrati sono invece prezzi. L&#8217;immagine pu\u00f2 differire dall&#8217;originale\/dalla fornitura.<br \/>\n*Spedizione gratuita per ordini superiori a CHF 250.-.<\/p>\n","protected":false},"excerpt":{"rendered":"<p>Brissago B\u00fcndner Autentico I sigari Brissago B\u00fcndner Autentico sono sinonimo di sapore intenso, autentica cultura del tabacco e altissima qualit\u00e0 svizzera. Questa pratica confezione da 5 pacchetti da 5 sigari ciascuno offre non solo un&#8217;esperienza di fumo intensa, ma anche la massima flessibilit\u00e0, sia in viaggio che a casa. \ud83d\udd25 Divertimento intenso in una pratica [&hellip;]<\/p>\n","protected":false},"featured_media":218256,"template":"","meta":[],"product_brand":[1832],"product_cat":[2003,2192],"product_tag":[],"class_list":{"0":"post-218252","1":"product","2":"type-product","3":"status-publish","4":"has-post-thumbnail","6":"product_brand-brissago","7":"product_cat-mondo-dei-sigari","8":"product_cat-testa-sigari-ceppi","10":"first","11":"onbackorder","12":"purchasable","13":"product-type-simple"},"yoast_head":"<!-- This site is optimized with the Yoast SEO plugin v27.0 - https:\/\/yoast.com\/product\/yoast-seo-wordpress\/ -->\n<title>Acquista Brissago B\u00fcndner Autentico Stumpen \u2013 Delizia svizzera<\/title>\n<meta name=\"description\" content=\"Brissago B\u00fcndner Autentico Stumpen: Intenso, corposo e dal gusto autentico. Ordina online ora e gusta la qualit\u00e0 svizzera!\" \/>\n<meta name=\"robots\" content=\"index, follow, max-snippet:-1, max-image-preview:large, max-video-preview:-1\" \/>\n<link rel=\"canonical\" href=\"https:\/\/www.tabakversand.ch\/it\/prodotto\/brissago-buendner-autentico\/\" \/>\n<meta property=\"og:locale\" content=\"it_IT\" \/>\n<meta property=\"og:type\" content=\"article\" \/>\n<meta property=\"og:title\" content=\"Acquista Brissago B\u00fcndner Autentico Stumpen \u2013 Delizia svizzera\" \/>\n<meta property=\"og:description\" content=\"Brissago B\u00fcndner Autentico Stumpen: Intenso, corposo e dal gusto autentico. Ordina online ora e gusta la qualit\u00e0 svizzera!\" \/>\n<meta property=\"og:url\" content=\"https:\/\/www.tabakversand.ch\/it\/prodotto\/brissago-buendner-autentico\/\" \/>\n<meta property=\"og:site_name\" content=\"Tabakversand.ch | Alles aus der Welt des Tabaks\" \/>\n<meta property=\"article:modified_time\" content=\"2026-04-19T06:18:16+00:00\" \/>\n<meta property=\"og:image\" content=\"https:\/\/www.tabakversand.ch\/wp-content\/uploads\/2026\/04\/brissago-buendner-autentico.jpg\" \/>\n\t<meta property=\"og:image:width\" content=\"500\" \/>\n\t<meta property=\"og:image:height\" content=\"500\" \/>\n\t<meta property=\"og:image:type\" content=\"image\/jpeg\" \/>\n<meta name=\"twitter:card\" content=\"summary_large_image\" \/>\n<meta name=\"twitter:label1\" content=\"Tempo di lettura stimato\" \/>\n\t<meta name=\"twitter:data1\" content=\"3 minuti\" \/>\n<script type=\"application\/ld+json\" class=\"yoast-schema-graph\">{\"@context\":\"https:\/\/schema.org\",\"@graph\":[{\"@type\":\"WebPage\",\"@id\":\"https:\/\/www.tabakversand.ch\/it\/prodotto\/brissago-buendner-autentico\/\",\"url\":\"https:\/\/www.tabakversand.ch\/it\/prodotto\/brissago-buendner-autentico\/\",\"name\":\"Acquista Brissago B\u00fcndner Autentico Stumpen \u2013 Delizia svizzera\",\"isPartOf\":{\"@id\":\"https:\/\/www.tabakversand.ch\/#website\"},\"primaryImageOfPage\":{\"@id\":\"https:\/\/www.tabakversand.ch\/it\/prodotto\/brissago-buendner-autentico\/#primaryimage\"},\"image\":{\"@id\":\"https:\/\/www.tabakversand.ch\/it\/prodotto\/brissago-buendner-autentico\/#primaryimage\"},\"thumbnailUrl\":\"https:\/\/www.tabakversand.ch\/wp-content\/uploads\/2026\/04\/brissago-buendner-autentico.jpg\",\"datePublished\":\"2026-04-19T05:57:34+00:00\",\"dateModified\":\"2026-04-19T06:18:16+00:00\",\"description\":\"Brissago B\u00fcndner Autentico Stumpen: Intenso, corposo e dal gusto autentico. Ordina online ora e gusta la qualit\u00e0 svizzera!\",\"breadcrumb\":{\"@id\":\"https:\/\/www.tabakversand.ch\/it\/prodotto\/brissago-buendner-autentico\/#breadcrumb\"},\"inLanguage\":\"it-IT\",\"potentialAction\":[{\"@type\":\"ReadAction\",\"target\":[\"https:\/\/www.tabakversand.ch\/it\/prodotto\/brissago-buendner-autentico\/\"]}]},{\"@type\":\"ImageObject\",\"inLanguage\":\"it-IT\",\"@id\":\"https:\/\/www.tabakversand.ch\/it\/prodotto\/brissago-buendner-autentico\/#primaryimage\",\"url\":\"https:\/\/www.tabakversand.ch\/wp-content\/uploads\/2026\/04\/brissago-buendner-autentico.jpg\",\"contentUrl\":\"https:\/\/www.tabakversand.ch\/wp-content\/uploads\/2026\/04\/brissago-buendner-autentico.jpg\",\"width\":500,\"height\":500,\"caption\":\"Brissago B\u00fcndner Autentico Stumpen | tabakversand\"},{\"@type\":\"BreadcrumbList\",\"@id\":\"https:\/\/www.tabakversand.ch\/it\/prodotto\/brissago-buendner-autentico\/#breadcrumb\",\"itemListElement\":[{\"@type\":\"ListItem\",\"position\":1,\"name\":\"Startseite\",\"item\":\"https:\/\/www.tabakversand.ch\/\"},{\"@type\":\"ListItem\",\"position\":2,\"name\":\"Negozio\",\"item\":\"https:\/\/www.tabakversand.ch\/it\/negozio\/\"},{\"@type\":\"ListItem\",\"position\":3,\"name\":\"Brissago B\u00fcndner Autentico 5 x 5 pz.\"}]},{\"@type\":\"WebSite\",\"@id\":\"https:\/\/www.tabakversand.ch\/#website\",\"url\":\"https:\/\/www.tabakversand.ch\/\",\"name\":\"Tabakversand.ch | Alles aus der Welt des Tabaks\",\"description\":\"Smoke and carpe diem\",\"potentialAction\":[{\"@type\":\"SearchAction\",\"target\":{\"@type\":\"EntryPoint\",\"urlTemplate\":\"https:\/\/www.tabakversand.ch\/?s={search_term_string}\"},\"query-input\":{\"@type\":\"PropertyValueSpecification\",\"valueRequired\":true,\"valueName\":\"search_term_string\"}}],\"inLanguage\":\"it-IT\"}]}<\/script>\n<!-- \/ Yoast SEO plugin. -->","yoast_head_json":{"title":"Acquista Brissago B\u00fcndner Autentico Stumpen \u2013 Delizia svizzera","description":"Brissago B\u00fcndner Autentico Stumpen: Intenso, corposo e dal gusto autentico. Ordina online ora e gusta la qualit\u00e0 svizzera!","robots":{"index":"index","follow":"follow","max-snippet":"max-snippet:-1","max-image-preview":"max-image-preview:large","max-video-preview":"max-video-preview:-1"},"canonical":"https:\/\/www.tabakversand.ch\/it\/prodotto\/brissago-buendner-autentico\/","og_locale":"it_IT","og_type":"article","og_title":"Acquista Brissago B\u00fcndner Autentico Stumpen \u2013 Delizia svizzera","og_description":"Brissago B\u00fcndner Autentico Stumpen: Intenso, corposo e dal gusto autentico. Ordina online ora e gusta la qualit\u00e0 svizzera!","og_url":"https:\/\/www.tabakversand.ch\/it\/prodotto\/brissago-buendner-autentico\/","og_site_name":"Tabakversand.ch | Alles aus der Welt des Tabaks","article_modified_time":"2026-04-19T06:18:16+00:00","og_image":[{"width":500,"height":500,"url":"https:\/\/www.tabakversand.ch\/wp-content\/uploads\/2026\/04\/brissago-buendner-autentico.jpg","type":"image\/jpeg"}],"twitter_card":"summary_large_image","twitter_misc":{"Tempo di lettura stimato":"3 minuti"},"schema":{"@context":"https:\/\/schema.org","@graph":[{"@type":"WebPage","@id":"https:\/\/www.tabakversand.ch\/it\/prodotto\/brissago-buendner-autentico\/","url":"https:\/\/www.tabakversand.ch\/it\/prodotto\/brissago-buendner-autentico\/","name":"Acquista Brissago B\u00fcndner Autentico Stumpen \u2013 Delizia svizzera","isPartOf":{"@id":"https:\/\/www.tabakversand.ch\/#website"},"primaryImageOfPage":{"@id":"https:\/\/www.tabakversand.ch\/it\/prodotto\/brissago-buendner-autentico\/#primaryimage"},"image":{"@id":"https:\/\/www.tabakversand.ch\/it\/prodotto\/brissago-buendner-autentico\/#primaryimage"},"thumbnailUrl":"https:\/\/www.tabakversand.ch\/wp-content\/uploads\/2026\/04\/brissago-buendner-autentico.jpg","datePublished":"2026-04-19T05:57:34+00:00","dateModified":"2026-04-19T06:18:16+00:00","description":"Brissago B\u00fcndner Autentico Stumpen: Intenso, corposo e dal gusto autentico. Ordina online ora e gusta la qualit\u00e0 svizzera!","breadcrumb":{"@id":"https:\/\/www.tabakversand.ch\/it\/prodotto\/brissago-buendner-autentico\/#breadcrumb"},"inLanguage":"it-IT","potentialAction":[{"@type":"ReadAction","target":["https:\/\/www.tabakversand.ch\/it\/prodotto\/brissago-buendner-autentico\/"]}]},{"@type":"ImageObject","inLanguage":"it-IT","@id":"https:\/\/www.tabakversand.ch\/it\/prodotto\/brissago-buendner-autentico\/#primaryimage","url":"https:\/\/www.tabakversand.ch\/wp-content\/uploads\/2026\/04\/brissago-buendner-autentico.jpg","contentUrl":"https:\/\/www.tabakversand.ch\/wp-content\/uploads\/2026\/04\/brissago-buendner-autentico.jpg","width":500,"height":500,"caption":"Brissago B\u00fcndner Autentico Stumpen | tabakversand"},{"@type":"BreadcrumbList","@id":"https:\/\/www.tabakversand.ch\/it\/prodotto\/brissago-buendner-autentico\/#breadcrumb","itemListElement":[{"@type":"ListItem","position":1,"name":"Startseite","item":"https:\/\/www.tabakversand.ch\/"},{"@type":"ListItem","position":2,"name":"Negozio","item":"https:\/\/www.tabakversand.ch\/it\/negozio\/"},{"@type":"ListItem","position":3,"name":"Brissago B\u00fcndner Autentico 5 x 5 pz."}]},{"@type":"WebSite","@id":"https:\/\/www.tabakversand.ch\/#website","url":"https:\/\/www.tabakversand.ch\/","name":"Tabakversand.ch | Alles aus der Welt des Tabaks","description":"Smoke and carpe diem","potentialAction":[{"@type":"SearchAction","target":{"@type":"EntryPoint","urlTemplate":"https:\/\/www.tabakversand.ch\/?s={search_term_string}"},"query-input":{"@type":"PropertyValueSpecification","valueRequired":true,"valueName":"search_term_string"}}],"inLanguage":"it-IT"}]}},"_links":{"self":[{"href":"https:\/\/www.tabakversand.ch\/it\/wp-json\/wp\/v2\/product\/218252","targetHints":{"allow":["GET"]}}],"collection":[{"href":"https:\/\/www.tabakversand.ch\/it\/wp-json\/wp\/v2\/product"}],"about":[{"href":"https:\/\/www.tabakversand.ch\/it\/wp-json\/wp\/v2\/types\/product"}],"version-history":[{"count":3,"href":"https:\/\/www.tabakversand.ch\/it\/wp-json\/wp\/v2\/product\/218252\/revisions"}],"predecessor-version":[{"id":218266,"href":"https:\/\/www.tabakversand.ch\/it\/wp-json\/wp\/v2\/product\/218252\/revisions\/218266"}],"wp:featuredmedia":[{"embeddable":true,"href":"https:\/\/www.tabakversand.ch\/it\/wp-json\/wp\/v2\/media\/218256"}],"wp:attachment":[{"href":"https:\/\/www.tabakversand.ch\/it\/wp-json\/wp\/v2\/media?parent=218252"}],"wp:term":[{"taxonomy":"product_brand","embeddable":true,"href":"https:\/\/www.tabakversand.ch\/it\/wp-json\/wp\/v2\/product_brand?post=218252"},{"taxonomy":"product_cat","embeddable":true,"href":"https:\/\/www.tabakversand.ch\/it\/wp-json\/wp\/v2\/product_cat?post=218252"},{"taxonomy":"product_tag","embeddable":true,"href":"https:\/\/www.tabakversand.ch\/it\/wp-json\/wp\/v2\/product_tag?post=218252"}],"curies":[{"name":"wp","href":"https:\/\/api.w.org\/{rel}","templated":true}]}}