{"id":218769,"date":"2026-04-30T11:52:07","date_gmt":"2026-04-30T09:52:07","guid":{"rendered":"https:\/\/www.tabakversand.ch\/?post_type=product&#038;p=218769"},"modified":"2026-04-30T12:06:28","modified_gmt":"2026-04-30T10:06:28","slug":"kohlhase-kopp-pipa-sixty-six-kopie-kopie","status":"publish","type":"product","link":"https:\/\/www.tabakversand.ch\/it\/prodotto\/kohlhase-kopp-pipa-sixty-six-kopie-kopie\/","title":{"rendered":"Savinelli Balcani 5 x 50 g"},"content":{"rendered":"<h3>Savinelli The Balkans \u2013 Un blend balcanico complesso per veri intenditori<\/h3>\n<p>Savinelli The Balkans \u00e8 una miscela di tabacco da pipa eccezionale che colpisce per la sua raffinata complessit\u00e0 e profondit\u00e0. Questa confezione da 5 lattine da 50 g offre un piacere duraturo di una miscela balcanica di alta qualit\u00e0 che delizier\u00e0 sia gli intenditori che i principianti pi\u00f9 ambiziosi. <\/p>\n<h5>Composizione complessa del tabacco<\/h5>\n<p>La base di questa squisita miscela \u00e8 una combinazione di Black Cavendish e Latakia, che offre una base intensa e affumicata, ma al contempo piacevolmente morbida. Il Latakia conferisce al tabacco la sua caratteristica speziatura e il tipico aroma leggermente amaro e affumicato che gli intenditori delle classiche miscele balcaniche apprezzano. <\/p>\n<h5>Tabacchi orientali esotici per un&#8217;eleganza floreale.<\/h5>\n<p>Un elemento distintivo \u00e8 la generosa percentuale di tabacchi orientali, che conferiscono alla miscela le sue caratteristiche note floreali e speziate. Questi tabacchi esotici donano un aroma delicato, quasi etereo, che si fonde armoniosamente con l&#8217;affumicatura del Latakia, conferendo al tabacco un&#8217;elegante complessit\u00e0. <\/p>\n<h5>Il tutto \u00e8 completato da una delicata dolcezza Virginia.<\/h5>\n<p>Diverse variet\u00e0 di tabacco Virginia completano alla perfezione la miscela. Contribuiscono con una dolcezza sottile e naturale e assicurano un&#8217;esperienza di fumo equilibrata e vellutata. Questo crea un armonioso connubio di dolcezza, spezie e affumicatura che rivela nuove sfumature ad ogni boccata.  <\/p>\n<h5>Armonioso, complesso ed equilibrato<\/h5>\n<p>Savinelli The Balkans colpisce per il suo perfetto equilibrio: affumicato, floreale e complesso, senza risultare eccessivo. Questa miscela \u00e8 ideale per momenti di relax e piacere, in cui si desidera assaporare consapevolmente le sottili sfumature di un tabacco da pipa di alta qualit\u00e0. <\/p>\n<h5>Confezione pratica e conveniente \u2013 5 x 50 g<\/h5>\n<p>Le cinque scatole ermetiche garantiscono una conservazione ottimale dell&#8217;aroma. Perfette per fare scorta, per un piacere quotidiano o come regalo di alta qualit\u00e0 per gli appassionati di pipa. <\/p>\n<h5>Vantaggi del prodotto in sintesi<\/h5>\n<ul>\n<li>Miscela balcanica classica dal profilo complesso<\/li>\n<li>Latakia per una profondit\u00e0 affumicata<\/li>\n<li>Tabacchi orientali per note floreali e speziate.<\/li>\n<li>Virginia per la sua naturale dolcezza ed equilibrio<\/li>\n<li>5 barattoli da 50 g per una freschezza che dura a lungo.<\/li>\n<\/ul>\n<h5>Conclusione<\/h5>\n<p>Savinelli The Balkans \u00e8 la scelta ideale per chi ricerca un tabacco da pipa complesso e di carattere. La riuscita combinazione di note affumicate, floreali e una sottile dolcezza rende questa miscela una vera delizia per gli intenditori pi\u00f9 esigenti. <\/p>\n<p>Su tabakversand.ch riceverete il tabacco da pipa Savinelli The Balkans, correttamente conservato e nella sua confezione originale. Un&#8217;attenta conservazione garantisce che aroma, umidit\u00e0 e qualit\u00e0 siano preservati in modo ottimale fino alla spedizione. Grazie alla consegna rapida in Svizzera, il vostro tabacco da pipa arriver\u00e0 solitamente in tempi brevissimi.  <\/p>\n<p>Per maggiori informazioni sul tabacco da pipa, visita la relativa voce di Wikipedia: <a href=\"https:\/\/de.wikipedia.org\/wiki\/Tabakpfeife#Pfeifentabak\">clicca qui<\/a> . Se hai domande sul prodotto, non esitare a contattarci: <a href=\"https:\/\/www.tabakversand.ch\/kontakt\/\">clicca qui<\/a> . <\/p>\n<p>Tutti i prezzi sono validi solo per gli ordini online e includono l&#8217;IVA, sono soggetti a modifiche senza preavviso e non includono le spese di spedizione.   Con riserva di errori, modifiche nella fornitura e nella progettazione, errori di stampa e modifiche dei prezzi. I prezzi barrati sono invece prezzi. L&#8217;immagine pu\u00f2 differire dall&#8217;originale\/dalla fornitura.<br \/>\n*Spedizione gratuita per ordini superiori a CHF 250.-.<\/p>\n","protected":false},"excerpt":{"rendered":"<p>Savinelli The Balkans \u2013 Un blend balcanico complesso per veri intenditori Savinelli The Balkans \u00e8 una miscela di tabacco da pipa eccezionale che colpisce per la sua raffinata complessit\u00e0 e profondit\u00e0. Questa confezione da 5 lattine da 50 g offre un piacere duraturo di una miscela balcanica di alta qualit\u00e0 che delizier\u00e0 sia gli intenditori [&hellip;]<\/p>\n","protected":false},"featured_media":218773,"template":"","meta":[],"product_brand":[5742],"product_cat":[5810,1944,1889,2050],"product_tag":[],"class_list":{"0":"post-218769","1":"product","2":"type-product","3":"status-publish","4":"has-post-thumbnail","6":"product_brand-savinelli-pfeifen-und-pfeifentabak","7":"product_cat-canta","8":"product_cat-mondo-pipe","9":"product_cat-tabacco","10":"product_cat-tabacco-da-pipa-it","12":"first","13":"onbackorder","14":"purchasable","15":"product-type-simple"},"yoast_head":"<!-- This site is optimized with the Yoast SEO plugin v27.0 - https:\/\/yoast.com\/product\/yoast-seo-wordpress\/ -->\n<title>Savinelli The Balkans Pipe Tobacco \u2013 Affumicato, Floreale e Complesso<\/title>\n<meta name=\"description\" content=\"Savinelli The Balkans - Complesso tabacco da pipa balcanico con Latakia, Orientale e Virginia. Affumicato, floreale ed equilibrato: ideale per intenditori esigenti.\" \/>\n<meta name=\"robots\" content=\"index, follow, max-snippet:-1, max-image-preview:large, max-video-preview:-1\" \/>\n<link rel=\"canonical\" href=\"https:\/\/www.tabakversand.ch\/it\/prodotto\/kohlhase-kopp-pipa-sixty-six-kopie-kopie\/\" \/>\n<meta property=\"og:locale\" content=\"it_IT\" \/>\n<meta property=\"og:type\" content=\"article\" \/>\n<meta property=\"og:title\" content=\"Savinelli The Balkans Pipe Tobacco \u2013 Affumicato, Floreale e Complesso\" \/>\n<meta property=\"og:description\" content=\"Savinelli The Balkans - Complesso tabacco da pipa balcanico con Latakia, Orientale e Virginia. Affumicato, floreale ed equilibrato: ideale per intenditori esigenti.\" \/>\n<meta property=\"og:url\" content=\"https:\/\/www.tabakversand.ch\/it\/prodotto\/kohlhase-kopp-pipa-sixty-six-kopie-kopie\/\" \/>\n<meta property=\"og:site_name\" content=\"Tabakversand.ch | Alles aus der Welt des Tabaks\" \/>\n<meta property=\"article:modified_time\" content=\"2026-04-30T10:06:28+00:00\" \/>\n<meta property=\"og:image\" content=\"https:\/\/www.tabakversand.ch\/wp-content\/uploads\/2026\/04\/savinelli-the-balkans_.jpg\" \/>\n\t<meta property=\"og:image:width\" content=\"500\" \/>\n\t<meta property=\"og:image:height\" content=\"501\" \/>\n\t<meta property=\"og:image:type\" content=\"image\/jpeg\" \/>\n<meta name=\"twitter:card\" content=\"summary_large_image\" \/>\n<meta name=\"twitter:label1\" content=\"Tempo di lettura stimato\" \/>\n\t<meta name=\"twitter:data1\" content=\"3 minuti\" \/>\n<script type=\"application\/ld+json\" class=\"yoast-schema-graph\">{\"@context\":\"https:\/\/schema.org\",\"@graph\":[{\"@type\":\"WebPage\",\"@id\":\"https:\/\/www.tabakversand.ch\/it\/prodotto\/kohlhase-kopp-pipa-sixty-six-kopie-kopie\/\",\"url\":\"https:\/\/www.tabakversand.ch\/it\/prodotto\/kohlhase-kopp-pipa-sixty-six-kopie-kopie\/\",\"name\":\"Savinelli The Balkans Pipe Tobacco \u2013 Affumicato, Floreale e Complesso\",\"isPartOf\":{\"@id\":\"https:\/\/www.tabakversand.ch\/#website\"},\"primaryImageOfPage\":{\"@id\":\"https:\/\/www.tabakversand.ch\/it\/prodotto\/kohlhase-kopp-pipa-sixty-six-kopie-kopie\/#primaryimage\"},\"image\":{\"@id\":\"https:\/\/www.tabakversand.ch\/it\/prodotto\/kohlhase-kopp-pipa-sixty-six-kopie-kopie\/#primaryimage\"},\"thumbnailUrl\":\"https:\/\/www.tabakversand.ch\/wp-content\/uploads\/2026\/04\/savinelli-the-balkans_.jpg\",\"datePublished\":\"2026-04-30T09:52:07+00:00\",\"dateModified\":\"2026-04-30T10:06:28+00:00\",\"description\":\"Savinelli The Balkans - Complesso tabacco da pipa balcanico con Latakia, Orientale e Virginia. Affumicato, floreale ed equilibrato: ideale per intenditori esigenti.\",\"breadcrumb\":{\"@id\":\"https:\/\/www.tabakversand.ch\/it\/prodotto\/kohlhase-kopp-pipa-sixty-six-kopie-kopie\/#breadcrumb\"},\"inLanguage\":\"it-IT\",\"potentialAction\":[{\"@type\":\"ReadAction\",\"target\":[\"https:\/\/www.tabakversand.ch\/it\/prodotto\/kohlhase-kopp-pipa-sixty-six-kopie-kopie\/\"]}]},{\"@type\":\"ImageObject\",\"inLanguage\":\"it-IT\",\"@id\":\"https:\/\/www.tabakversand.ch\/it\/prodotto\/kohlhase-kopp-pipa-sixty-six-kopie-kopie\/#primaryimage\",\"url\":\"https:\/\/www.tabakversand.ch\/wp-content\/uploads\/2026\/04\/savinelli-the-balkans_.jpg\",\"contentUrl\":\"https:\/\/www.tabakversand.ch\/wp-content\/uploads\/2026\/04\/savinelli-the-balkans_.jpg\",\"width\":500,\"height\":501,\"caption\":\"Savinelli The Balkans tabacco da pipa | tabakversand.ch\"},{\"@type\":\"BreadcrumbList\",\"@id\":\"https:\/\/www.tabakversand.ch\/it\/prodotto\/kohlhase-kopp-pipa-sixty-six-kopie-kopie\/#breadcrumb\",\"itemListElement\":[{\"@type\":\"ListItem\",\"position\":1,\"name\":\"Startseite\",\"item\":\"https:\/\/www.tabakversand.ch\/\"},{\"@type\":\"ListItem\",\"position\":2,\"name\":\"Negozio\",\"item\":\"https:\/\/www.tabakversand.ch\/it\/negozio\/\"},{\"@type\":\"ListItem\",\"position\":3,\"name\":\"Savinelli Balcani 5 x 50 g\"}]},{\"@type\":\"WebSite\",\"@id\":\"https:\/\/www.tabakversand.ch\/#website\",\"url\":\"https:\/\/www.tabakversand.ch\/\",\"name\":\"Tabakversand.ch | Alles aus der Welt des Tabaks\",\"description\":\"Smoke and carpe diem\",\"potentialAction\":[{\"@type\":\"SearchAction\",\"target\":{\"@type\":\"EntryPoint\",\"urlTemplate\":\"https:\/\/www.tabakversand.ch\/?s={search_term_string}\"},\"query-input\":{\"@type\":\"PropertyValueSpecification\",\"valueRequired\":true,\"valueName\":\"search_term_string\"}}],\"inLanguage\":\"it-IT\"}]}<\/script>\n<!-- \/ Yoast SEO plugin. -->","yoast_head_json":{"title":"Savinelli The Balkans Pipe Tobacco \u2013 Affumicato, Floreale e Complesso","description":"Savinelli The Balkans - Complesso tabacco da pipa balcanico con Latakia, Orientale e Virginia. Affumicato, floreale ed equilibrato: ideale per intenditori esigenti.","robots":{"index":"index","follow":"follow","max-snippet":"max-snippet:-1","max-image-preview":"max-image-preview:large","max-video-preview":"max-video-preview:-1"},"canonical":"https:\/\/www.tabakversand.ch\/it\/prodotto\/kohlhase-kopp-pipa-sixty-six-kopie-kopie\/","og_locale":"it_IT","og_type":"article","og_title":"Savinelli The Balkans Pipe Tobacco \u2013 Affumicato, Floreale e Complesso","og_description":"Savinelli The Balkans - Complesso tabacco da pipa balcanico con Latakia, Orientale e Virginia. Affumicato, floreale ed equilibrato: ideale per intenditori esigenti.","og_url":"https:\/\/www.tabakversand.ch\/it\/prodotto\/kohlhase-kopp-pipa-sixty-six-kopie-kopie\/","og_site_name":"Tabakversand.ch | Alles aus der Welt des Tabaks","article_modified_time":"2026-04-30T10:06:28+00:00","og_image":[{"width":500,"height":501,"url":"https:\/\/www.tabakversand.ch\/wp-content\/uploads\/2026\/04\/savinelli-the-balkans_.jpg","type":"image\/jpeg"}],"twitter_card":"summary_large_image","twitter_misc":{"Tempo di lettura stimato":"3 minuti"},"schema":{"@context":"https:\/\/schema.org","@graph":[{"@type":"WebPage","@id":"https:\/\/www.tabakversand.ch\/it\/prodotto\/kohlhase-kopp-pipa-sixty-six-kopie-kopie\/","url":"https:\/\/www.tabakversand.ch\/it\/prodotto\/kohlhase-kopp-pipa-sixty-six-kopie-kopie\/","name":"Savinelli The Balkans Pipe Tobacco \u2013 Affumicato, Floreale e Complesso","isPartOf":{"@id":"https:\/\/www.tabakversand.ch\/#website"},"primaryImageOfPage":{"@id":"https:\/\/www.tabakversand.ch\/it\/prodotto\/kohlhase-kopp-pipa-sixty-six-kopie-kopie\/#primaryimage"},"image":{"@id":"https:\/\/www.tabakversand.ch\/it\/prodotto\/kohlhase-kopp-pipa-sixty-six-kopie-kopie\/#primaryimage"},"thumbnailUrl":"https:\/\/www.tabakversand.ch\/wp-content\/uploads\/2026\/04\/savinelli-the-balkans_.jpg","datePublished":"2026-04-30T09:52:07+00:00","dateModified":"2026-04-30T10:06:28+00:00","description":"Savinelli The Balkans - Complesso tabacco da pipa balcanico con Latakia, Orientale e Virginia. Affumicato, floreale ed equilibrato: ideale per intenditori esigenti.","breadcrumb":{"@id":"https:\/\/www.tabakversand.ch\/it\/prodotto\/kohlhase-kopp-pipa-sixty-six-kopie-kopie\/#breadcrumb"},"inLanguage":"it-IT","potentialAction":[{"@type":"ReadAction","target":["https:\/\/www.tabakversand.ch\/it\/prodotto\/kohlhase-kopp-pipa-sixty-six-kopie-kopie\/"]}]},{"@type":"ImageObject","inLanguage":"it-IT","@id":"https:\/\/www.tabakversand.ch\/it\/prodotto\/kohlhase-kopp-pipa-sixty-six-kopie-kopie\/#primaryimage","url":"https:\/\/www.tabakversand.ch\/wp-content\/uploads\/2026\/04\/savinelli-the-balkans_.jpg","contentUrl":"https:\/\/www.tabakversand.ch\/wp-content\/uploads\/2026\/04\/savinelli-the-balkans_.jpg","width":500,"height":501,"caption":"Savinelli The Balkans tabacco da pipa | tabakversand.ch"},{"@type":"BreadcrumbList","@id":"https:\/\/www.tabakversand.ch\/it\/prodotto\/kohlhase-kopp-pipa-sixty-six-kopie-kopie\/#breadcrumb","itemListElement":[{"@type":"ListItem","position":1,"name":"Startseite","item":"https:\/\/www.tabakversand.ch\/"},{"@type":"ListItem","position":2,"name":"Negozio","item":"https:\/\/www.tabakversand.ch\/it\/negozio\/"},{"@type":"ListItem","position":3,"name":"Savinelli Balcani 5 x 50 g"}]},{"@type":"WebSite","@id":"https:\/\/www.tabakversand.ch\/#website","url":"https:\/\/www.tabakversand.ch\/","name":"Tabakversand.ch | Alles aus der Welt des Tabaks","description":"Smoke and carpe diem","potentialAction":[{"@type":"SearchAction","target":{"@type":"EntryPoint","urlTemplate":"https:\/\/www.tabakversand.ch\/?s={search_term_string}"},"query-input":{"@type":"PropertyValueSpecification","valueRequired":true,"valueName":"search_term_string"}}],"inLanguage":"it-IT"}]}},"_links":{"self":[{"href":"https:\/\/www.tabakversand.ch\/it\/wp-json\/wp\/v2\/product\/218769","targetHints":{"allow":["GET"]}}],"collection":[{"href":"https:\/\/www.tabakversand.ch\/it\/wp-json\/wp\/v2\/product"}],"about":[{"href":"https:\/\/www.tabakversand.ch\/it\/wp-json\/wp\/v2\/types\/product"}],"version-history":[{"count":2,"href":"https:\/\/www.tabakversand.ch\/it\/wp-json\/wp\/v2\/product\/218769\/revisions"}],"predecessor-version":[{"id":218785,"href":"https:\/\/www.tabakversand.ch\/it\/wp-json\/wp\/v2\/product\/218769\/revisions\/218785"}],"wp:featuredmedia":[{"embeddable":true,"href":"https:\/\/www.tabakversand.ch\/it\/wp-json\/wp\/v2\/media\/218773"}],"wp:attachment":[{"href":"https:\/\/www.tabakversand.ch\/it\/wp-json\/wp\/v2\/media?parent=218769"}],"wp:term":[{"taxonomy":"product_brand","embeddable":true,"href":"https:\/\/www.tabakversand.ch\/it\/wp-json\/wp\/v2\/product_brand?post=218769"},{"taxonomy":"product_cat","embeddable":true,"href":"https:\/\/www.tabakversand.ch\/it\/wp-json\/wp\/v2\/product_cat?post=218769"},{"taxonomy":"product_tag","embeddable":true,"href":"https:\/\/www.tabakversand.ch\/it\/wp-json\/wp\/v2\/product_tag?post=218769"}],"curies":[{"name":"wp","href":"https:\/\/api.w.org\/{rel}","templated":true}]}}