{"id":57378,"date":"2022-04-02T11:44:32","date_gmt":"2022-04-02T09:44:32","guid":{"rendered":"http:\/\/www.tabakversand.ch\/produkt\/lucky-strike-blue-75-gr-tabacco-da-sigaretta\/"},"modified":"2026-03-13T14:11:31","modified_gmt":"2026-03-13T13:11:31","slug":"lucky-strike-blue-75-gr-tabacco-da-sigaretta","status":"publish","type":"product","link":"https:\/\/www.tabakversand.ch\/it\/prodotto\/lucky-strike-blue-75-gr-tabacco-da-sigaretta\/","title":{"rendered":"Lucky StrikeBlue"},"content":{"rendered":"<h1>Lucky StrikeBlue<\/h1>\n<p>Piacere raffinato di qualit\u00e0 superiore<\/p>\n<p>Vivi un&#8217;esperienza di fumo unica con il tabacco per sigarette Lucky Strike Blue, che unisce tradizione e qualit\u00e0. Questa miscela di tabacco pregiata offre un aroma equilibrato e delicato, apprezzato sia dai veri intenditori di tabacco che dai fumatori occasionali.<\/p>\n<p>Lucky Strike Blue conquista con il suo fumo morbido e armonioso e la sua costante qualit\u00e0 premium, che hanno reso il marchio famoso in tutto il mondo. Sia per l&#8217;uso quotidiano che per i momenti speciali di piacere, con questo tabacco per sigarette potrete gustare un sapore delicato e pulito senza compromessi.<\/p>\n<p>Caratteristiche principali del prodotto<\/p>\n<ul>\n<li>Tabacco per sigarette di alta qualit\u00e0 del marchio Lucky Strike<\/li>\n<li>Un profilo di fumo morbido e delicato per un&#8217;esperienza piacevole.<\/li>\n<li>Qualit\u00e0 premium costante<\/li>\n<li>Ideale per fumatori occasionali e amanti del tabacco esperti.<\/li>\n<li>Perfetto per il piacere di tutti i giorni o per i momenti speciali.<\/li>\n<\/ul>\n<p>Su tabakversand.ch riceverete tabacco per sigarette Lucky Strike Blue conservato fresco e nella sua confezione originale. Un&#8217;attenta conservazione garantisce che aroma, umidit\u00e0 e qualit\u00e0 siano preservati al meglio fino alla spedizione. Grazie alla consegna rapida in tutta la Svizzera, il vostro tabacco per sigarette arriver\u00e0 solitamente in breve tempo.<\/p>\n<p>Per maggiori informazioni sul tabacco, visita la voce corrispondente su Wikipedia: <a href=\"https:\/\/de.wikipedia.org\/wiki\/Tabak\">clicca qui<\/a> . Per qualsiasi domanda sul prodotto, non esitare a contattarci: <a href=\"https:\/\/www.tabakversand.ch\/kontakt\/\">clicca qui<\/a> .<\/p>\n<p>Tutti i prezzi si applicano solo agli ordini online e sono comprensivi di IVA. Soggetto a modifiche senza preavviso, escluse le spese di spedizione. Con riserva di errori, modifiche nell&#8217;ambito di consegna e nel design, errori di stampa e variazioni di prezzo. I prezzi barrati sono prezzi sostitutivi. Le illustrazioni possono differire dall&#8217;originale\/dall&#8217;ambito di consegna.<br \/>\n*Spedizione gratuita per ordini superiori a CHF 250.-.<\/p>\n","protected":false},"excerpt":{"rendered":"<p>Lucky StrikeBlue Piacere raffinato di qualit\u00e0 superiore Vivi un&#8217;esperienza di fumo unica con il tabacco per sigarette Lucky Strike Blue, che unisce tradizione e qualit\u00e0. Questa miscela di tabacco pregiata offre un aroma equilibrato e delicato, apprezzato sia dai veri intenditori di tabacco che dai fumatori occasionali. Lucky Strike Blue conquista con il suo fumo [&hellip;]<\/p>\n","protected":false},"featured_media":214657,"template":"","meta":[],"product_brand":[],"product_cat":[1962,1889,1965,1966],"product_tag":[],"class_list":{"0":"post-57378","1":"product","2":"type-product","3":"status-publish","4":"has-post-thumbnail","6":"product_cat-sigarette-self-made","7":"product_cat-tabacco","8":"product_cat-tabacco-da-sigaretta","9":"product_cat-tabacco-da-sigaretta-it","10":"pa_tabak-huelsen-1-x-150-gr","11":"pa_tabak-huelsen-1-x-87-gr","13":"first","14":"onbackorder","15":"purchasable","16":"product-type-variable"},"yoast_head":"<!-- This site is optimized with the Yoast SEO plugin v27.5 - https:\/\/yoast.com\/product\/yoast-seo-wordpress\/ -->\n<title>Tabacco per sigarette Lucky Strike Blue \u2013 Delicato e di qualit\u00e0 superiore<\/title>\n<meta name=\"description\" content=\"Il tabacco per sigarette Lucky Strike Blue \u00e8 delicato, armonioso e di qualit\u00e0 superiore. Perfetto per un&#039;esperienza di fumo piacevole, di qualit\u00e0 costantemente elevata e apprezzato in tutto il mondo.\" \/>\n<meta name=\"robots\" content=\"index, follow, max-snippet:-1, max-image-preview:large, max-video-preview:-1\" \/>\n<link rel=\"canonical\" href=\"https:\/\/www.tabakversand.ch\/it\/prodotto\/lucky-strike-blue-75-gr-tabacco-da-sigaretta\/\" \/>\n<meta property=\"og:locale\" content=\"it_IT\" \/>\n<meta property=\"og:type\" content=\"article\" \/>\n<meta property=\"og:title\" content=\"Tabacco per sigarette Lucky Strike Blue \u2013 Delicato e di qualit\u00e0 superiore\" \/>\n<meta property=\"og:description\" content=\"Il tabacco per sigarette Lucky Strike Blue \u00e8 delicato, armonioso e di qualit\u00e0 superiore. Perfetto per un&#039;esperienza di fumo piacevole, di qualit\u00e0 costantemente elevata e apprezzato in tutto il mondo.\" \/>\n<meta property=\"og:url\" content=\"https:\/\/www.tabakversand.ch\/it\/prodotto\/lucky-strike-blue-75-gr-tabacco-da-sigaretta\/\" \/>\n<meta property=\"og:site_name\" content=\"Tabakversand.ch | Alles aus der Welt des Tabaks\" \/>\n<meta property=\"article:modified_time\" content=\"2026-03-13T13:11:31+00:00\" \/>\n<meta property=\"og:image\" content=\"https:\/\/www.tabakversand.ch\/wp-content\/uploads\/2022\/04\/lucky-strike-blue-all.jpg\" \/>\n\t<meta property=\"og:image:width\" content=\"500\" \/>\n\t<meta property=\"og:image:height\" content=\"500\" \/>\n\t<meta property=\"og:image:type\" content=\"image\/jpeg\" \/>\n<meta name=\"twitter:card\" content=\"summary_large_image\" \/>\n<meta name=\"twitter:label1\" content=\"Tempo di lettura stimato\" \/>\n\t<meta name=\"twitter:data1\" content=\"2 minuti\" \/>\n<script type=\"application\/ld+json\" class=\"yoast-schema-graph\">{\"@context\":\"https:\\\/\\\/schema.org\",\"@graph\":[{\"@type\":\"WebPage\",\"@id\":\"https:\\\/\\\/www.tabakversand.ch\\\/it\\\/prodotto\\\/lucky-strike-blue-75-gr-tabacco-da-sigaretta\\\/\",\"url\":\"https:\\\/\\\/www.tabakversand.ch\\\/it\\\/prodotto\\\/lucky-strike-blue-75-gr-tabacco-da-sigaretta\\\/\",\"name\":\"Tabacco per sigarette Lucky Strike Blue \u2013 Delicato e di qualit\u00e0 superiore\",\"isPartOf\":{\"@id\":\"https:\\\/\\\/www.tabakversand.ch\\\/#website\"},\"primaryImageOfPage\":{\"@id\":\"https:\\\/\\\/www.tabakversand.ch\\\/it\\\/prodotto\\\/lucky-strike-blue-75-gr-tabacco-da-sigaretta\\\/#primaryimage\"},\"image\":{\"@id\":\"https:\\\/\\\/www.tabakversand.ch\\\/it\\\/prodotto\\\/lucky-strike-blue-75-gr-tabacco-da-sigaretta\\\/#primaryimage\"},\"thumbnailUrl\":\"https:\\\/\\\/www.tabakversand.ch\\\/wp-content\\\/uploads\\\/2022\\\/04\\\/lucky-strike-blue-all.jpg\",\"datePublished\":\"2022-04-02T09:44:32+00:00\",\"dateModified\":\"2026-03-13T13:11:31+00:00\",\"description\":\"Il tabacco per sigarette Lucky Strike Blue \u00e8 delicato, armonioso e di qualit\u00e0 superiore. Perfetto per un'esperienza di fumo piacevole, di qualit\u00e0 costantemente elevata e apprezzato in tutto il mondo.\",\"breadcrumb\":{\"@id\":\"https:\\\/\\\/www.tabakversand.ch\\\/it\\\/prodotto\\\/lucky-strike-blue-75-gr-tabacco-da-sigaretta\\\/#breadcrumb\"},\"inLanguage\":\"it-IT\",\"potentialAction\":[{\"@type\":\"ReadAction\",\"target\":[\"https:\\\/\\\/www.tabakversand.ch\\\/it\\\/prodotto\\\/lucky-strike-blue-75-gr-tabacco-da-sigaretta\\\/\"]}]},{\"@type\":\"ImageObject\",\"inLanguage\":\"it-IT\",\"@id\":\"https:\\\/\\\/www.tabakversand.ch\\\/it\\\/prodotto\\\/lucky-strike-blue-75-gr-tabacco-da-sigaretta\\\/#primaryimage\",\"url\":\"https:\\\/\\\/www.tabakversand.ch\\\/wp-content\\\/uploads\\\/2022\\\/04\\\/lucky-strike-blue-all.jpg\",\"contentUrl\":\"https:\\\/\\\/www.tabakversand.ch\\\/wp-content\\\/uploads\\\/2022\\\/04\\\/lucky-strike-blue-all.jpg\",\"width\":500,\"height\":500,\"caption\":\"Lucky Strike Blue | tabakversand.ch\"},{\"@type\":\"BreadcrumbList\",\"@id\":\"https:\\\/\\\/www.tabakversand.ch\\\/it\\\/prodotto\\\/lucky-strike-blue-75-gr-tabacco-da-sigaretta\\\/#breadcrumb\",\"itemListElement\":[{\"@type\":\"ListItem\",\"position\":1,\"name\":\"Startseite\",\"item\":\"https:\\\/\\\/www.tabakversand.ch\\\/\"},{\"@type\":\"ListItem\",\"position\":2,\"name\":\"Negozio\",\"item\":\"https:\\\/\\\/www.tabakversand.ch\\\/it\\\/negozio\\\/\"},{\"@type\":\"ListItem\",\"position\":3,\"name\":\"Lucky StrikeBlue\"}]},{\"@type\":\"WebSite\",\"@id\":\"https:\\\/\\\/www.tabakversand.ch\\\/#website\",\"url\":\"https:\\\/\\\/www.tabakversand.ch\\\/\",\"name\":\"Tabakversand.ch | Alles aus der Welt des Tabaks\",\"description\":\"Smoke and carpe diem\",\"potentialAction\":[{\"@type\":\"SearchAction\",\"target\":{\"@type\":\"EntryPoint\",\"urlTemplate\":\"https:\\\/\\\/www.tabakversand.ch\\\/?s={search_term_string}\"},\"query-input\":{\"@type\":\"PropertyValueSpecification\",\"valueRequired\":true,\"valueName\":\"search_term_string\"}}],\"inLanguage\":\"it-IT\"}]}<\/script>\n<!-- \/ Yoast SEO plugin. -->","yoast_head_json":{"title":"Tabacco per sigarette Lucky Strike Blue \u2013 Delicato e di qualit\u00e0 superiore","description":"Il tabacco per sigarette Lucky Strike Blue \u00e8 delicato, armonioso e di qualit\u00e0 superiore. Perfetto per un'esperienza di fumo piacevole, di qualit\u00e0 costantemente elevata e apprezzato in tutto il mondo.","robots":{"index":"index","follow":"follow","max-snippet":"max-snippet:-1","max-image-preview":"max-image-preview:large","max-video-preview":"max-video-preview:-1"},"canonical":"https:\/\/www.tabakversand.ch\/it\/prodotto\/lucky-strike-blue-75-gr-tabacco-da-sigaretta\/","og_locale":"it_IT","og_type":"article","og_title":"Tabacco per sigarette Lucky Strike Blue \u2013 Delicato e di qualit\u00e0 superiore","og_description":"Il tabacco per sigarette Lucky Strike Blue \u00e8 delicato, armonioso e di qualit\u00e0 superiore. Perfetto per un'esperienza di fumo piacevole, di qualit\u00e0 costantemente elevata e apprezzato in tutto il mondo.","og_url":"https:\/\/www.tabakversand.ch\/it\/prodotto\/lucky-strike-blue-75-gr-tabacco-da-sigaretta\/","og_site_name":"Tabakversand.ch | Alles aus der Welt des Tabaks","article_modified_time":"2026-03-13T13:11:31+00:00","og_image":[{"width":500,"height":500,"url":"https:\/\/www.tabakversand.ch\/wp-content\/uploads\/2022\/04\/lucky-strike-blue-all.jpg","type":"image\/jpeg"}],"twitter_card":"summary_large_image","twitter_misc":{"Tempo di lettura stimato":"2 minuti"},"schema":{"@context":"https:\/\/schema.org","@graph":[{"@type":"WebPage","@id":"https:\/\/www.tabakversand.ch\/it\/prodotto\/lucky-strike-blue-75-gr-tabacco-da-sigaretta\/","url":"https:\/\/www.tabakversand.ch\/it\/prodotto\/lucky-strike-blue-75-gr-tabacco-da-sigaretta\/","name":"Tabacco per sigarette Lucky Strike Blue \u2013 Delicato e di qualit\u00e0 superiore","isPartOf":{"@id":"https:\/\/www.tabakversand.ch\/#website"},"primaryImageOfPage":{"@id":"https:\/\/www.tabakversand.ch\/it\/prodotto\/lucky-strike-blue-75-gr-tabacco-da-sigaretta\/#primaryimage"},"image":{"@id":"https:\/\/www.tabakversand.ch\/it\/prodotto\/lucky-strike-blue-75-gr-tabacco-da-sigaretta\/#primaryimage"},"thumbnailUrl":"https:\/\/www.tabakversand.ch\/wp-content\/uploads\/2022\/04\/lucky-strike-blue-all.jpg","datePublished":"2022-04-02T09:44:32+00:00","dateModified":"2026-03-13T13:11:31+00:00","description":"Il tabacco per sigarette Lucky Strike Blue \u00e8 delicato, armonioso e di qualit\u00e0 superiore. Perfetto per un'esperienza di fumo piacevole, di qualit\u00e0 costantemente elevata e apprezzato in tutto il mondo.","breadcrumb":{"@id":"https:\/\/www.tabakversand.ch\/it\/prodotto\/lucky-strike-blue-75-gr-tabacco-da-sigaretta\/#breadcrumb"},"inLanguage":"it-IT","potentialAction":[{"@type":"ReadAction","target":["https:\/\/www.tabakversand.ch\/it\/prodotto\/lucky-strike-blue-75-gr-tabacco-da-sigaretta\/"]}]},{"@type":"ImageObject","inLanguage":"it-IT","@id":"https:\/\/www.tabakversand.ch\/it\/prodotto\/lucky-strike-blue-75-gr-tabacco-da-sigaretta\/#primaryimage","url":"https:\/\/www.tabakversand.ch\/wp-content\/uploads\/2022\/04\/lucky-strike-blue-all.jpg","contentUrl":"https:\/\/www.tabakversand.ch\/wp-content\/uploads\/2022\/04\/lucky-strike-blue-all.jpg","width":500,"height":500,"caption":"Lucky Strike Blue | tabakversand.ch"},{"@type":"BreadcrumbList","@id":"https:\/\/www.tabakversand.ch\/it\/prodotto\/lucky-strike-blue-75-gr-tabacco-da-sigaretta\/#breadcrumb","itemListElement":[{"@type":"ListItem","position":1,"name":"Startseite","item":"https:\/\/www.tabakversand.ch\/"},{"@type":"ListItem","position":2,"name":"Negozio","item":"https:\/\/www.tabakversand.ch\/it\/negozio\/"},{"@type":"ListItem","position":3,"name":"Lucky StrikeBlue"}]},{"@type":"WebSite","@id":"https:\/\/www.tabakversand.ch\/#website","url":"https:\/\/www.tabakversand.ch\/","name":"Tabakversand.ch | Alles aus der Welt des Tabaks","description":"Smoke and carpe diem","potentialAction":[{"@type":"SearchAction","target":{"@type":"EntryPoint","urlTemplate":"https:\/\/www.tabakversand.ch\/?s={search_term_string}"},"query-input":{"@type":"PropertyValueSpecification","valueRequired":true,"valueName":"search_term_string"}}],"inLanguage":"it-IT"}]}},"_links":{"self":[{"href":"https:\/\/www.tabakversand.ch\/it\/wp-json\/wp\/v2\/product\/57378","targetHints":{"allow":["GET"]}}],"collection":[{"href":"https:\/\/www.tabakversand.ch\/it\/wp-json\/wp\/v2\/product"}],"about":[{"href":"https:\/\/www.tabakversand.ch\/it\/wp-json\/wp\/v2\/types\/product"}],"version-history":[{"count":6,"href":"https:\/\/www.tabakversand.ch\/it\/wp-json\/wp\/v2\/product\/57378\/revisions"}],"predecessor-version":[{"id":214675,"href":"https:\/\/www.tabakversand.ch\/it\/wp-json\/wp\/v2\/product\/57378\/revisions\/214675"}],"wp:featuredmedia":[{"embeddable":true,"href":"https:\/\/www.tabakversand.ch\/it\/wp-json\/wp\/v2\/media\/214657"}],"wp:attachment":[{"href":"https:\/\/www.tabakversand.ch\/it\/wp-json\/wp\/v2\/media?parent=57378"}],"wp:term":[{"taxonomy":"product_brand","embeddable":true,"href":"https:\/\/www.tabakversand.ch\/it\/wp-json\/wp\/v2\/product_brand?post=57378"},{"taxonomy":"product_cat","embeddable":true,"href":"https:\/\/www.tabakversand.ch\/it\/wp-json\/wp\/v2\/product_cat?post=57378"},{"taxonomy":"product_tag","embeddable":true,"href":"https:\/\/www.tabakversand.ch\/it\/wp-json\/wp\/v2\/product_tag?post=57378"}],"curies":[{"name":"wp","href":"https:\/\/api.w.org\/{rel}","templated":true}]}}