{"id":57768,"date":"2022-04-02T11:42:34","date_gmt":"2022-04-02T09:42:34","guid":{"rendered":"http:\/\/www.tabakversand.ch\/produkt\/kohlhase-kopp-winter-time-2021-tabacco-da-pipa-100-gr\/"},"modified":"2026-04-13T13:40:58","modified_gmt":"2026-04-13T11:40:58","slug":"kohlhase-kopp-tempo-invernale-2021-pfeifentabak-100-gr","status":"publish","type":"product","link":"https:\/\/www.tabakversand.ch\/it\/prodotto\/kohlhase-kopp-tempo-invernale-2021-pfeifentabak-100-gr\/","title":{"rendered":"Tabacco da pipa Chacom n. 4"},"content":{"rendered":"<p>Tabacco da pipa Chacom n. 4<\/p>\n<p>Elegante tabacco da pipa Virginia\/Perique per intenditori esigenti<\/p>\n<p>Il tabacco da pipa Chacom No. 4 Flake \u00e8 un tabacco di alta qualit\u00e0 per gli amanti delle classiche miscele in scaglie. La sua ricetta, accuratamente composta, \u00e8 costituita da tabacchi Virginia selezionati, raffinati con una piccola percentuale di pregiati Periques. <\/p>\n<p>Questa combinazione garantisce un&#8217;esperienza di fumo particolarmente equilibrata e distintiva, e il Perique conferisce alla miscela una forza leggermente maggiore, nonch\u00e9 una fine nota fruttata e speziata che si armonizza perfettamente con la naturale dolcezza dei tabacchi Virginia. Ci\u00f2 crea un complesso intreccio di aromi che i fumatori di pipa esperti apprezzano particolarmente. <\/p>\n<p>Per miscelare al meglio gli aromi, il tabacco viene pressato a freddo per circa quattro settimane. Questo processo di maturazione intensifica il profilo aromatico e garantisce un&#8217;esperienza di fumo particolarmente morbida ed equilibrata. Il tabacco viene poi tagliato in scaglie finissime che bruciano lentamente e in modo uniforme.  <\/p>\n<p>Caratteristiche principali del prodotto<\/p>\n<ul>\n<li>Classico fiocco Virginia\/Perique<\/li>\n<li>Tabacchi Virginia selezionati con una pregiata componente di Perique.<\/li>\n<li>Sfumature aromatiche fruttate e speziate<\/li>\n<li>Spremitura a freddo per quattro settimane per un sapore intenso.<\/li>\n<li>Lento, fresco e persino bruciante<\/li>\n<\/ul>\n<p>&nbsp;<\/p>\n<p>Dettagli del prodotto<\/p>\n<ul>\n<li>Tipo di taglio: Fiocchi<\/li>\n<li>Miscela di tabacchi: Virginia e Perique<\/li>\n<li>Forza: Media<\/li>\n<li>Contenuto: 50 g<\/li>\n<\/ul>\n<p>&nbsp;<\/p>\n<p>Su tabakversand.ch riceverete il tabacco da pipa Chacom n. 4, conservato fresco e nella sua confezione originale. Un&#8217;attenta conservazione garantisce che aroma, umidit\u00e0 e qualit\u00e0 siano preservati al meglio fino alla spedizione e, grazie alla consegna rapida in tutta la Svizzera, il vostro tabacco da pipa arriver\u00e0 solitamente in breve tempo.  <\/p>\n<p>Per maggiori informazioni sul tabacco da pipa, visita la pagina Wikipedia dedicata: <a href=\"https:\/\/de.wikipedia.org\/wiki\/Tabakpfeife#Pfeifentabak\">clicca qui.<\/a> Per qualsiasi domanda sul prodotto, non esitare a contattarci: <a href=\"https:\/\/www.tabakversand.ch\/kontakt\/\">clicca qui<\/a> .<\/p>\n<p>Tutti i prezzi sono validi solo per gli ordini online e includono l&#8217;IVA, sono soggetti a modifiche senza preavviso e non includono le spese di spedizione.   Con riserva di errori, modifiche nella fornitura e nella progettazione, errori di stampa e modifiche dei prezzi. I prezzi barrati sono invece prezzi. L&#8217;immagine pu\u00f2 differire dall&#8217;originale\/dalla fornitura.<\/p>\n<p>*Spedizione gratuita per ordini superiori a CHF 250.-.<\/p>\n","protected":false},"excerpt":{"rendered":"<p>Tabacco da pipa Chacom n. 4 Elegante tabacco da pipa Virginia\/Perique per intenditori esigenti Il tabacco da pipa Chacom No. 4 Flake \u00e8 un tabacco di alta qualit\u00e0 per gli amanti delle classiche miscele in scaglie. La sua ricetta, accuratamente composta, \u00e8 costituita da tabacchi Virginia selezionati, raffinati con una piccola percentuale di pregiati Periques. [&hellip;]<\/p>\n","protected":false},"featured_media":155388,"template":"","meta":[],"product_brand":[3120],"product_cat":[5810,1944,1889,2050],"product_tag":[],"class_list":{"0":"post-57768","1":"product","2":"type-product","3":"status-publish","4":"has-post-thumbnail","6":"product_brand-chacom-pfeifen-und-tabak","7":"product_cat-canta","8":"product_cat-mondo-pipe","9":"product_cat-tabacco","10":"product_cat-tabacco-da-pipa-it","12":"first","13":"instock","14":"purchasable","15":"product-type-simple"},"yoast_head":"<!-- This site is optimized with the Yoast SEO plugin v27.5 - https:\/\/yoast.com\/product\/yoast-seo-wordpress\/ -->\n<title>Chacom No. 4 50g \u2013 Tabacco da pipa aromatico Virginia\/Perique<\/title>\n<meta name=\"description\" content=\"Tabacco da pipa Chacom No. 4 Flake 50g \u2013 Virginia e Perique in scaglie con note fruttate e speziate. Forza media, pressato a freddo, cremoso e aromatico.\" \/>\n<meta name=\"robots\" content=\"index, follow, max-snippet:-1, max-image-preview:large, max-video-preview:-1\" \/>\n<link rel=\"canonical\" href=\"https:\/\/www.tabakversand.ch\/it\/prodotto\/kohlhase-kopp-tempo-invernale-2021-pfeifentabak-100-gr\/\" \/>\n<meta property=\"og:locale\" content=\"it_IT\" \/>\n<meta property=\"og:type\" content=\"article\" \/>\n<meta property=\"og:title\" content=\"Chacom No. 4 50g \u2013 Tabacco da pipa aromatico Virginia\/Perique\" \/>\n<meta property=\"og:description\" content=\"Tabacco da pipa Chacom No. 4 Flake 50g \u2013 Virginia e Perique in scaglie con note fruttate e speziate. Forza media, pressato a freddo, cremoso e aromatico.\" \/>\n<meta property=\"og:url\" content=\"https:\/\/www.tabakversand.ch\/it\/prodotto\/kohlhase-kopp-tempo-invernale-2021-pfeifentabak-100-gr\/\" \/>\n<meta property=\"og:site_name\" content=\"Tabakversand.ch | Alles aus der Welt des Tabaks\" \/>\n<meta property=\"article:modified_time\" content=\"2026-04-13T11:40:58+00:00\" \/>\n<meta property=\"og:image\" content=\"https:\/\/www.tabakversand.ch\/wp-content\/uploads\/2022\/04\/chacom-no-4.jpg\" \/>\n\t<meta property=\"og:image:width\" content=\"500\" \/>\n\t<meta property=\"og:image:height\" content=\"500\" \/>\n\t<meta property=\"og:image:type\" content=\"image\/jpeg\" \/>\n<meta name=\"twitter:card\" content=\"summary_large_image\" \/>\n<meta name=\"twitter:label1\" content=\"Tempo di lettura stimato\" \/>\n\t<meta name=\"twitter:data1\" content=\"2 minuti\" \/>\n<script type=\"application\/ld+json\" class=\"yoast-schema-graph\">{\"@context\":\"https:\\\/\\\/schema.org\",\"@graph\":[{\"@type\":\"WebPage\",\"@id\":\"https:\\\/\\\/www.tabakversand.ch\\\/it\\\/prodotto\\\/kohlhase-kopp-tempo-invernale-2021-pfeifentabak-100-gr\\\/\",\"url\":\"https:\\\/\\\/www.tabakversand.ch\\\/it\\\/prodotto\\\/kohlhase-kopp-tempo-invernale-2021-pfeifentabak-100-gr\\\/\",\"name\":\"Chacom No. 4 50g \u2013 Tabacco da pipa aromatico Virginia\\\/Perique\",\"isPartOf\":{\"@id\":\"https:\\\/\\\/www.tabakversand.ch\\\/#website\"},\"primaryImageOfPage\":{\"@id\":\"https:\\\/\\\/www.tabakversand.ch\\\/it\\\/prodotto\\\/kohlhase-kopp-tempo-invernale-2021-pfeifentabak-100-gr\\\/#primaryimage\"},\"image\":{\"@id\":\"https:\\\/\\\/www.tabakversand.ch\\\/it\\\/prodotto\\\/kohlhase-kopp-tempo-invernale-2021-pfeifentabak-100-gr\\\/#primaryimage\"},\"thumbnailUrl\":\"https:\\\/\\\/www.tabakversand.ch\\\/wp-content\\\/uploads\\\/2022\\\/04\\\/chacom-no-4.jpg\",\"datePublished\":\"2022-04-02T09:42:34+00:00\",\"dateModified\":\"2026-04-13T11:40:58+00:00\",\"description\":\"Tabacco da pipa Chacom No. 4 Flake 50g \u2013 Virginia e Perique in scaglie con note fruttate e speziate. Forza media, pressato a freddo, cremoso e aromatico.\",\"breadcrumb\":{\"@id\":\"https:\\\/\\\/www.tabakversand.ch\\\/it\\\/prodotto\\\/kohlhase-kopp-tempo-invernale-2021-pfeifentabak-100-gr\\\/#breadcrumb\"},\"inLanguage\":\"it-IT\",\"potentialAction\":[{\"@type\":\"ReadAction\",\"target\":[\"https:\\\/\\\/www.tabakversand.ch\\\/it\\\/prodotto\\\/kohlhase-kopp-tempo-invernale-2021-pfeifentabak-100-gr\\\/\"]}]},{\"@type\":\"ImageObject\",\"inLanguage\":\"it-IT\",\"@id\":\"https:\\\/\\\/www.tabakversand.ch\\\/it\\\/prodotto\\\/kohlhase-kopp-tempo-invernale-2021-pfeifentabak-100-gr\\\/#primaryimage\",\"url\":\"https:\\\/\\\/www.tabakversand.ch\\\/wp-content\\\/uploads\\\/2022\\\/04\\\/chacom-no-4.jpg\",\"contentUrl\":\"https:\\\/\\\/www.tabakversand.ch\\\/wp-content\\\/uploads\\\/2022\\\/04\\\/chacom-no-4.jpg\",\"width\":500,\"height\":500,\"caption\":\"Chacom no. 4 50 gr. tabacco da pipa | Tabakversand.ch\"},{\"@type\":\"BreadcrumbList\",\"@id\":\"https:\\\/\\\/www.tabakversand.ch\\\/it\\\/prodotto\\\/kohlhase-kopp-tempo-invernale-2021-pfeifentabak-100-gr\\\/#breadcrumb\",\"itemListElement\":[{\"@type\":\"ListItem\",\"position\":1,\"name\":\"Startseite\",\"item\":\"https:\\\/\\\/www.tabakversand.ch\\\/\"},{\"@type\":\"ListItem\",\"position\":2,\"name\":\"Negozio\",\"item\":\"https:\\\/\\\/www.tabakversand.ch\\\/it\\\/negozio\\\/\"},{\"@type\":\"ListItem\",\"position\":3,\"name\":\"Tabacco da pipa Chacom n. 4\"}]},{\"@type\":\"WebSite\",\"@id\":\"https:\\\/\\\/www.tabakversand.ch\\\/#website\",\"url\":\"https:\\\/\\\/www.tabakversand.ch\\\/\",\"name\":\"Tabakversand.ch | Alles aus der Welt des Tabaks\",\"description\":\"Smoke and carpe diem\",\"potentialAction\":[{\"@type\":\"SearchAction\",\"target\":{\"@type\":\"EntryPoint\",\"urlTemplate\":\"https:\\\/\\\/www.tabakversand.ch\\\/?s={search_term_string}\"},\"query-input\":{\"@type\":\"PropertyValueSpecification\",\"valueRequired\":true,\"valueName\":\"search_term_string\"}}],\"inLanguage\":\"it-IT\"}]}<\/script>\n<!-- \/ Yoast SEO plugin. -->","yoast_head_json":{"title":"Chacom No. 4 50g \u2013 Tabacco da pipa aromatico Virginia\/Perique","description":"Tabacco da pipa Chacom No. 4 Flake 50g \u2013 Virginia e Perique in scaglie con note fruttate e speziate. Forza media, pressato a freddo, cremoso e aromatico.","robots":{"index":"index","follow":"follow","max-snippet":"max-snippet:-1","max-image-preview":"max-image-preview:large","max-video-preview":"max-video-preview:-1"},"canonical":"https:\/\/www.tabakversand.ch\/it\/prodotto\/kohlhase-kopp-tempo-invernale-2021-pfeifentabak-100-gr\/","og_locale":"it_IT","og_type":"article","og_title":"Chacom No. 4 50g \u2013 Tabacco da pipa aromatico Virginia\/Perique","og_description":"Tabacco da pipa Chacom No. 4 Flake 50g \u2013 Virginia e Perique in scaglie con note fruttate e speziate. Forza media, pressato a freddo, cremoso e aromatico.","og_url":"https:\/\/www.tabakversand.ch\/it\/prodotto\/kohlhase-kopp-tempo-invernale-2021-pfeifentabak-100-gr\/","og_site_name":"Tabakversand.ch | Alles aus der Welt des Tabaks","article_modified_time":"2026-04-13T11:40:58+00:00","og_image":[{"width":500,"height":500,"url":"https:\/\/www.tabakversand.ch\/wp-content\/uploads\/2022\/04\/chacom-no-4.jpg","type":"image\/jpeg"}],"twitter_card":"summary_large_image","twitter_misc":{"Tempo di lettura stimato":"2 minuti"},"schema":{"@context":"https:\/\/schema.org","@graph":[{"@type":"WebPage","@id":"https:\/\/www.tabakversand.ch\/it\/prodotto\/kohlhase-kopp-tempo-invernale-2021-pfeifentabak-100-gr\/","url":"https:\/\/www.tabakversand.ch\/it\/prodotto\/kohlhase-kopp-tempo-invernale-2021-pfeifentabak-100-gr\/","name":"Chacom No. 4 50g \u2013 Tabacco da pipa aromatico Virginia\/Perique","isPartOf":{"@id":"https:\/\/www.tabakversand.ch\/#website"},"primaryImageOfPage":{"@id":"https:\/\/www.tabakversand.ch\/it\/prodotto\/kohlhase-kopp-tempo-invernale-2021-pfeifentabak-100-gr\/#primaryimage"},"image":{"@id":"https:\/\/www.tabakversand.ch\/it\/prodotto\/kohlhase-kopp-tempo-invernale-2021-pfeifentabak-100-gr\/#primaryimage"},"thumbnailUrl":"https:\/\/www.tabakversand.ch\/wp-content\/uploads\/2022\/04\/chacom-no-4.jpg","datePublished":"2022-04-02T09:42:34+00:00","dateModified":"2026-04-13T11:40:58+00:00","description":"Tabacco da pipa Chacom No. 4 Flake 50g \u2013 Virginia e Perique in scaglie con note fruttate e speziate. Forza media, pressato a freddo, cremoso e aromatico.","breadcrumb":{"@id":"https:\/\/www.tabakversand.ch\/it\/prodotto\/kohlhase-kopp-tempo-invernale-2021-pfeifentabak-100-gr\/#breadcrumb"},"inLanguage":"it-IT","potentialAction":[{"@type":"ReadAction","target":["https:\/\/www.tabakversand.ch\/it\/prodotto\/kohlhase-kopp-tempo-invernale-2021-pfeifentabak-100-gr\/"]}]},{"@type":"ImageObject","inLanguage":"it-IT","@id":"https:\/\/www.tabakversand.ch\/it\/prodotto\/kohlhase-kopp-tempo-invernale-2021-pfeifentabak-100-gr\/#primaryimage","url":"https:\/\/www.tabakversand.ch\/wp-content\/uploads\/2022\/04\/chacom-no-4.jpg","contentUrl":"https:\/\/www.tabakversand.ch\/wp-content\/uploads\/2022\/04\/chacom-no-4.jpg","width":500,"height":500,"caption":"Chacom no. 4 50 gr. tabacco da pipa | Tabakversand.ch"},{"@type":"BreadcrumbList","@id":"https:\/\/www.tabakversand.ch\/it\/prodotto\/kohlhase-kopp-tempo-invernale-2021-pfeifentabak-100-gr\/#breadcrumb","itemListElement":[{"@type":"ListItem","position":1,"name":"Startseite","item":"https:\/\/www.tabakversand.ch\/"},{"@type":"ListItem","position":2,"name":"Negozio","item":"https:\/\/www.tabakversand.ch\/it\/negozio\/"},{"@type":"ListItem","position":3,"name":"Tabacco da pipa Chacom n. 4"}]},{"@type":"WebSite","@id":"https:\/\/www.tabakversand.ch\/#website","url":"https:\/\/www.tabakversand.ch\/","name":"Tabakversand.ch | Alles aus der Welt des Tabaks","description":"Smoke and carpe diem","potentialAction":[{"@type":"SearchAction","target":{"@type":"EntryPoint","urlTemplate":"https:\/\/www.tabakversand.ch\/?s={search_term_string}"},"query-input":{"@type":"PropertyValueSpecification","valueRequired":true,"valueName":"search_term_string"}}],"inLanguage":"it-IT"}]}},"_links":{"self":[{"href":"https:\/\/www.tabakversand.ch\/it\/wp-json\/wp\/v2\/product\/57768","targetHints":{"allow":["GET"]}}],"collection":[{"href":"https:\/\/www.tabakversand.ch\/it\/wp-json\/wp\/v2\/product"}],"about":[{"href":"https:\/\/www.tabakversand.ch\/it\/wp-json\/wp\/v2\/types\/product"}],"version-history":[{"count":6,"href":"https:\/\/www.tabakversand.ch\/it\/wp-json\/wp\/v2\/product\/57768\/revisions"}],"predecessor-version":[{"id":217763,"href":"https:\/\/www.tabakversand.ch\/it\/wp-json\/wp\/v2\/product\/57768\/revisions\/217763"}],"wp:featuredmedia":[{"embeddable":true,"href":"https:\/\/www.tabakversand.ch\/it\/wp-json\/wp\/v2\/media\/155388"}],"wp:attachment":[{"href":"https:\/\/www.tabakversand.ch\/it\/wp-json\/wp\/v2\/media?parent=57768"}],"wp:term":[{"taxonomy":"product_brand","embeddable":true,"href":"https:\/\/www.tabakversand.ch\/it\/wp-json\/wp\/v2\/product_brand?post=57768"},{"taxonomy":"product_cat","embeddable":true,"href":"https:\/\/www.tabakversand.ch\/it\/wp-json\/wp\/v2\/product_cat?post=57768"},{"taxonomy":"product_tag","embeddable":true,"href":"https:\/\/www.tabakversand.ch\/it\/wp-json\/wp\/v2\/product_tag?post=57768"}],"curies":[{"name":"wp","href":"https:\/\/api.w.org\/{rel}","templated":true}]}}