{"id":58509,"date":"2022-04-02T11:40:45","date_gmt":"2022-04-02T09:40:45","guid":{"rendered":"http:\/\/www.tabakversand.ch\/produkt\/shisko-carbone-naturale-26-mm-1-kg\/"},"modified":"2026-03-05T15:32:56","modified_gmt":"2026-03-05T14:32:56","slug":"shisko-carbone-naturale-26-mm-1-kg","status":"publish","type":"product","link":"https:\/\/www.tabakversand.ch\/it\/prodotto\/shisko-carbone-naturale-26-mm-1-kg\/","title":{"rendered":"Shisko carbone naturale 26 mm 1 Kg"},"content":{"rendered":"<div id=\"tab-label-description\" class=\"data item title active\" role=\"tab\" data-role=\"collapsible\" data-collapsible=\"true\">\n<h2>Shisko carbone naturale<\/h2>\n<p>Piacere duraturo dai gusci di cocco<\/p>\n<p>Il carbone naturale Shisko Premium \u00e8 ricavato da gusci di cocco e rappresenta la qualit\u00e0 puramente naturale, senza additivi chimici. Ogni cubetto di carbone \u00e8 inodore e insapore, consentendo al puro sapore di tabacco della tua shisha di risaltare perfettamente. <\/p>\n<p>Grazie alla loro durata di combustione eccezionalmente lunga, fino a 100 minuti, questi cubetti di alta qualit\u00e0 sono ideali per sessioni di narghil\u00e8 rilassate e prolungate. Il basso contenuto di cenere significa meno disordine e una pulizia pi\u00f9 facile dopo aver fumato. <\/p>\n<p>I dadi hanno una pratica dimensione di 26 x 26 x 26 mm e sono disponibili in confezioni da 1 kg: perfetti per pi\u00f9 sessioni o serate con gli amici.<\/p>\n<p>Nota applicativa:<\/p>\n<ul>\n<li>Per accenderlo \u00e8 meglio usare un accendino a carboncino.<\/li>\n<\/ul>\n<p>&nbsp;<\/p>\n<p>Perfetto per tutti i bracieri standard per narghil\u00e8<\/p>\n<p>Con il carbone naturale Shisko Premium puoi goderti lunghe e aromatiche sessioni di shisha senza additivi o retrogusti fastidiosi: ideale per gli intenditori che apprezzano la qualit\u00e0 e la purezza.<\/p>\n<p>Su tabakversand.ch, riceverete il carbone per shisha Shisko correttamente conservato e nella sua confezione originale. Una conservazione accurata garantisce che la qualit\u00e0 rimanga ottimale fino alla spedizione. Grazie alla consegna rapida in Svizzera, il carbone per shisha arriver\u00e0 solitamente molto rapidamente.  <\/p>\n<p>Per maggiori informazioni sul carbone per narghil\u00e8, visita la voce corrispondente su Wikipedia: <a href=\"https:\/\/de.wikipedia.org\/wiki\/Shisha#Wasserpfeifenkohle\">clicca qui<\/a> . Per qualsiasi domanda sul prodotto, non esitare a contattarci: <a href=\"https:\/\/www.tabakversand.ch\/kontakt\/\">clicca qui<\/a> . <\/p>\n<\/div>\n<p>Tutti i prezzi si applicano solo agli ordini online e sono comprensivi di IVA. Soggetto a modifiche senza preavviso, escluse le spese di spedizione. Con riserva di errori, modifiche nell&#8217;ambito di consegna e nel design, errori di stampa e variazioni di prezzo. I prezzi barrati sono prezzi sostitutivi. Le illustrazioni possono differire dall&#8217;originale\/dall&#8217;ambito di consegna.<br \/>\n*Spedizione gratuita per ordini superiori a CHF 250.-.<\/p>\n","protected":false},"excerpt":{"rendered":"<p>Shisko carbone naturale Piacere duraturo dai gusci di cocco Il carbone naturale Shisko Premium \u00e8 ricavato da gusci di cocco e rappresenta la qualit\u00e0 puramente naturale, senza additivi chimici. Ogni cubetto di carbone \u00e8 inodore e insapore, consentendo al puro sapore di tabacco della tua shisha di risaltare perfettamente. Grazie alla loro durata di combustione [&hellip;]<\/p>\n","protected":false},"featured_media":124716,"template":"","meta":[],"product_brand":[],"product_cat":[1892,2025],"product_tag":[],"class_list":{"0":"post-58509","1":"product","2":"type-product","3":"status-publish","4":"has-post-thumbnail","6":"product_cat-narghile","7":"product_cat-narghile-carbone","9":"first","10":"instock","11":"purchasable","12":"product-type-simple"},"yoast_head":"<!-- This site is optimized with the Yoast SEO plugin v27.0 - https:\/\/yoast.com\/product\/yoast-seo-wordpress\/ -->\n<title>Shisko carbone naturale 26 mm 1 Kg - tabakversand.ch<\/title>\n<meta name=\"description\" content=\"Carbone naturale Shisko per shisha: carbone di cocco a lunga durata per un calore costante, un sapore intenso e un fumo denso. Perfeziona subito le tue sessioni di shisha!\" \/>\n<meta name=\"robots\" content=\"index, follow, max-snippet:-1, max-image-preview:large, max-video-preview:-1\" \/>\n<link rel=\"canonical\" href=\"https:\/\/www.tabakversand.ch\/it\/prodotto\/shisko-carbone-naturale-26-mm-1-kg\/\" \/>\n<meta property=\"og:locale\" content=\"it_IT\" \/>\n<meta property=\"og:type\" content=\"article\" \/>\n<meta property=\"og:title\" content=\"Shisko carbone naturale 26 mm 1 Kg - tabakversand.ch\" \/>\n<meta property=\"og:description\" content=\"Carbone naturale Shisko per shisha: carbone di cocco a lunga durata per un calore costante, un sapore intenso e un fumo denso. Perfeziona subito le tue sessioni di shisha!\" \/>\n<meta property=\"og:url\" content=\"https:\/\/www.tabakversand.ch\/it\/prodotto\/shisko-carbone-naturale-26-mm-1-kg\/\" \/>\n<meta property=\"og:site_name\" content=\"Tabakversand.ch | Alles aus der Welt des Tabaks\" \/>\n<meta property=\"article:modified_time\" content=\"2026-03-05T14:32:56+00:00\" \/>\n<meta property=\"og:image\" content=\"https:\/\/www.tabakversand.ch\/wp-content\/uploads\/2022\/04\/shisko-1kg-shisha-natur-kohle-.jpg\" \/>\n\t<meta property=\"og:image:width\" content=\"500\" \/>\n\t<meta property=\"og:image:height\" content=\"500\" \/>\n\t<meta property=\"og:image:type\" content=\"image\/jpeg\" \/>\n<meta name=\"twitter:card\" content=\"summary_large_image\" \/>\n<meta name=\"twitter:label1\" content=\"Tempo di lettura stimato\" \/>\n\t<meta name=\"twitter:data1\" content=\"1 minuto\" \/>\n<script type=\"application\/ld+json\" class=\"yoast-schema-graph\">{\"@context\":\"https:\/\/schema.org\",\"@graph\":[{\"@type\":\"WebPage\",\"@id\":\"https:\/\/www.tabakversand.ch\/it\/prodotto\/shisko-carbone-naturale-26-mm-1-kg\/\",\"url\":\"https:\/\/www.tabakversand.ch\/it\/prodotto\/shisko-carbone-naturale-26-mm-1-kg\/\",\"name\":\"Shisko carbone naturale 26 mm 1 Kg - tabakversand.ch\",\"isPartOf\":{\"@id\":\"https:\/\/www.tabakversand.ch\/#website\"},\"primaryImageOfPage\":{\"@id\":\"https:\/\/www.tabakversand.ch\/it\/prodotto\/shisko-carbone-naturale-26-mm-1-kg\/#primaryimage\"},\"image\":{\"@id\":\"https:\/\/www.tabakversand.ch\/it\/prodotto\/shisko-carbone-naturale-26-mm-1-kg\/#primaryimage\"},\"thumbnailUrl\":\"https:\/\/www.tabakversand.ch\/wp-content\/uploads\/2022\/04\/shisko-1kg-shisha-natur-kohle-.jpg\",\"datePublished\":\"2022-04-02T09:40:45+00:00\",\"dateModified\":\"2026-03-05T14:32:56+00:00\",\"description\":\"Carbone naturale Shisko per shisha: carbone di cocco a lunga durata per un calore costante, un sapore intenso e un fumo denso. Perfeziona subito le tue sessioni di shisha!\",\"breadcrumb\":{\"@id\":\"https:\/\/www.tabakversand.ch\/it\/prodotto\/shisko-carbone-naturale-26-mm-1-kg\/#breadcrumb\"},\"inLanguage\":\"it-IT\",\"potentialAction\":[{\"@type\":\"ReadAction\",\"target\":[\"https:\/\/www.tabakversand.ch\/it\/prodotto\/shisko-carbone-naturale-26-mm-1-kg\/\"]}]},{\"@type\":\"ImageObject\",\"inLanguage\":\"it-IT\",\"@id\":\"https:\/\/www.tabakversand.ch\/it\/prodotto\/shisko-carbone-naturale-26-mm-1-kg\/#primaryimage\",\"url\":\"https:\/\/www.tabakversand.ch\/wp-content\/uploads\/2022\/04\/shisko-1kg-shisha-natur-kohle-.jpg\",\"contentUrl\":\"https:\/\/www.tabakversand.ch\/wp-content\/uploads\/2022\/04\/shisko-1kg-shisha-natur-kohle-.jpg\",\"width\":500,\"height\":500,\"caption\":\"Shisko carbone naturale 26 mm 1 kg | Tabakversand.ch\"},{\"@type\":\"BreadcrumbList\",\"@id\":\"https:\/\/www.tabakversand.ch\/it\/prodotto\/shisko-carbone-naturale-26-mm-1-kg\/#breadcrumb\",\"itemListElement\":[{\"@type\":\"ListItem\",\"position\":1,\"name\":\"Startseite\",\"item\":\"https:\/\/www.tabakversand.ch\/\"},{\"@type\":\"ListItem\",\"position\":2,\"name\":\"Negozio\",\"item\":\"https:\/\/www.tabakversand.ch\/it\/negozio\/\"},{\"@type\":\"ListItem\",\"position\":3,\"name\":\"Shisko carbone naturale 26 mm 1 Kg\"}]},{\"@type\":\"WebSite\",\"@id\":\"https:\/\/www.tabakversand.ch\/#website\",\"url\":\"https:\/\/www.tabakversand.ch\/\",\"name\":\"Tabakversand.ch | Alles aus der Welt des Tabaks\",\"description\":\"Smoke and carpe diem\",\"potentialAction\":[{\"@type\":\"SearchAction\",\"target\":{\"@type\":\"EntryPoint\",\"urlTemplate\":\"https:\/\/www.tabakversand.ch\/?s={search_term_string}\"},\"query-input\":{\"@type\":\"PropertyValueSpecification\",\"valueRequired\":true,\"valueName\":\"search_term_string\"}}],\"inLanguage\":\"it-IT\"}]}<\/script>\n<!-- \/ Yoast SEO plugin. -->","yoast_head_json":{"title":"Shisko carbone naturale 26 mm 1 Kg - tabakversand.ch","description":"Carbone naturale Shisko per shisha: carbone di cocco a lunga durata per un calore costante, un sapore intenso e un fumo denso. Perfeziona subito le tue sessioni di shisha!","robots":{"index":"index","follow":"follow","max-snippet":"max-snippet:-1","max-image-preview":"max-image-preview:large","max-video-preview":"max-video-preview:-1"},"canonical":"https:\/\/www.tabakversand.ch\/it\/prodotto\/shisko-carbone-naturale-26-mm-1-kg\/","og_locale":"it_IT","og_type":"article","og_title":"Shisko carbone naturale 26 mm 1 Kg - tabakversand.ch","og_description":"Carbone naturale Shisko per shisha: carbone di cocco a lunga durata per un calore costante, un sapore intenso e un fumo denso. Perfeziona subito le tue sessioni di shisha!","og_url":"https:\/\/www.tabakversand.ch\/it\/prodotto\/shisko-carbone-naturale-26-mm-1-kg\/","og_site_name":"Tabakversand.ch | Alles aus der Welt des Tabaks","article_modified_time":"2026-03-05T14:32:56+00:00","og_image":[{"width":500,"height":500,"url":"https:\/\/www.tabakversand.ch\/wp-content\/uploads\/2022\/04\/shisko-1kg-shisha-natur-kohle-.jpg","type":"image\/jpeg"}],"twitter_card":"summary_large_image","twitter_misc":{"Tempo di lettura stimato":"1 minuto"},"schema":{"@context":"https:\/\/schema.org","@graph":[{"@type":"WebPage","@id":"https:\/\/www.tabakversand.ch\/it\/prodotto\/shisko-carbone-naturale-26-mm-1-kg\/","url":"https:\/\/www.tabakversand.ch\/it\/prodotto\/shisko-carbone-naturale-26-mm-1-kg\/","name":"Shisko carbone naturale 26 mm 1 Kg - tabakversand.ch","isPartOf":{"@id":"https:\/\/www.tabakversand.ch\/#website"},"primaryImageOfPage":{"@id":"https:\/\/www.tabakversand.ch\/it\/prodotto\/shisko-carbone-naturale-26-mm-1-kg\/#primaryimage"},"image":{"@id":"https:\/\/www.tabakversand.ch\/it\/prodotto\/shisko-carbone-naturale-26-mm-1-kg\/#primaryimage"},"thumbnailUrl":"https:\/\/www.tabakversand.ch\/wp-content\/uploads\/2022\/04\/shisko-1kg-shisha-natur-kohle-.jpg","datePublished":"2022-04-02T09:40:45+00:00","dateModified":"2026-03-05T14:32:56+00:00","description":"Carbone naturale Shisko per shisha: carbone di cocco a lunga durata per un calore costante, un sapore intenso e un fumo denso. Perfeziona subito le tue sessioni di shisha!","breadcrumb":{"@id":"https:\/\/www.tabakversand.ch\/it\/prodotto\/shisko-carbone-naturale-26-mm-1-kg\/#breadcrumb"},"inLanguage":"it-IT","potentialAction":[{"@type":"ReadAction","target":["https:\/\/www.tabakversand.ch\/it\/prodotto\/shisko-carbone-naturale-26-mm-1-kg\/"]}]},{"@type":"ImageObject","inLanguage":"it-IT","@id":"https:\/\/www.tabakversand.ch\/it\/prodotto\/shisko-carbone-naturale-26-mm-1-kg\/#primaryimage","url":"https:\/\/www.tabakversand.ch\/wp-content\/uploads\/2022\/04\/shisko-1kg-shisha-natur-kohle-.jpg","contentUrl":"https:\/\/www.tabakversand.ch\/wp-content\/uploads\/2022\/04\/shisko-1kg-shisha-natur-kohle-.jpg","width":500,"height":500,"caption":"Shisko carbone naturale 26 mm 1 kg | Tabakversand.ch"},{"@type":"BreadcrumbList","@id":"https:\/\/www.tabakversand.ch\/it\/prodotto\/shisko-carbone-naturale-26-mm-1-kg\/#breadcrumb","itemListElement":[{"@type":"ListItem","position":1,"name":"Startseite","item":"https:\/\/www.tabakversand.ch\/"},{"@type":"ListItem","position":2,"name":"Negozio","item":"https:\/\/www.tabakversand.ch\/it\/negozio\/"},{"@type":"ListItem","position":3,"name":"Shisko carbone naturale 26 mm 1 Kg"}]},{"@type":"WebSite","@id":"https:\/\/www.tabakversand.ch\/#website","url":"https:\/\/www.tabakversand.ch\/","name":"Tabakversand.ch | Alles aus der Welt des Tabaks","description":"Smoke and carpe diem","potentialAction":[{"@type":"SearchAction","target":{"@type":"EntryPoint","urlTemplate":"https:\/\/www.tabakversand.ch\/?s={search_term_string}"},"query-input":{"@type":"PropertyValueSpecification","valueRequired":true,"valueName":"search_term_string"}}],"inLanguage":"it-IT"}]}},"_links":{"self":[{"href":"https:\/\/www.tabakversand.ch\/it\/wp-json\/wp\/v2\/product\/58509","targetHints":{"allow":["GET"]}}],"collection":[{"href":"https:\/\/www.tabakversand.ch\/it\/wp-json\/wp\/v2\/product"}],"about":[{"href":"https:\/\/www.tabakversand.ch\/it\/wp-json\/wp\/v2\/types\/product"}],"version-history":[{"count":2,"href":"https:\/\/www.tabakversand.ch\/it\/wp-json\/wp\/v2\/product\/58509\/revisions"}],"predecessor-version":[{"id":214292,"href":"https:\/\/www.tabakversand.ch\/it\/wp-json\/wp\/v2\/product\/58509\/revisions\/214292"}],"wp:featuredmedia":[{"embeddable":true,"href":"https:\/\/www.tabakversand.ch\/it\/wp-json\/wp\/v2\/media\/124716"}],"wp:attachment":[{"href":"https:\/\/www.tabakversand.ch\/it\/wp-json\/wp\/v2\/media?parent=58509"}],"wp:term":[{"taxonomy":"product_brand","embeddable":true,"href":"https:\/\/www.tabakversand.ch\/it\/wp-json\/wp\/v2\/product_brand?post=58509"},{"taxonomy":"product_cat","embeddable":true,"href":"https:\/\/www.tabakversand.ch\/it\/wp-json\/wp\/v2\/product_cat?post=58509"},{"taxonomy":"product_tag","embeddable":true,"href":"https:\/\/www.tabakversand.ch\/it\/wp-json\/wp\/v2\/product_tag?post=58509"}],"curies":[{"name":"wp","href":"https:\/\/api.w.org\/{rel}","templated":true}]}}