{"id":59191,"date":"2022-04-02T11:39:00","date_gmt":"2022-04-02T09:39:00","guid":{"rendered":"http:\/\/www.tabakversand.ch\/produkt\/azlan-e-head-nuvola-dio\/"},"modified":"2025-09-05T07:21:57","modified_gmt":"2025-09-05T05:21:57","slug":"azlan-e-head-cloud-god-2","status":"publish","type":"product","link":"https:\/\/www.tabakversand.ch\/it\/prodotto\/azlan-e-head-cloud-god-2\/","title":{"rendered":"Azlan E-Head Nuvola Dio"},"content":{"rendered":"<p>Azlan E-Head Nuvola Dio E-Shisha Testa<\/p>\n<p>Stai cercando nuvole davvero dense? Gusto puro e tutto questo senza bruciare tabacco?<br \/>\nAllora sei nel posto giusto, perch\u00e9 il Dio Della Nuvola Azlan pu\u00f2 soddisfare tutti questi desideri.<\/p>\n<p>\u00c8 anche pi\u00f9 conveniente rispetto al tabacco, perch\u00e9 \u00e8 pieno di liquido. Qui puoi scegliere tra liquido senza nicotina o con (ti consigliamo di riempire un massimo di 3-6 mg di liquido nel serbatoio).<\/p>\n<p>\u00c8 anche molto facile da usare;<br \/>\n Inserire 2 batterie 18650 cariche (non incluse) nella parte inferiore, svitare il serbatoio e verificare che la bobina sia avvitata correttamente. Quindi riavvitare il serbatoio acrilico e rimuovere il coperchio magnetico. Rimuovere il tappo di gomma bianca e riempire il serbatoio con il liquido desiderato. Una volta riempito il serbatoio, attendere almeno 10 minuti prima di fumare, in modo che il liquido possa essere assorbito correttamente.<br \/>\n Premi rapidamente il pulsante inferiore per 5 volte, quindi imposta la potenza desiderata (30-100 W) e sei pronto per iniziare. Fondamentalmente, la testa E si adatta a qualsiasi narghil\u00e8 comune e non \u00e8 necessario ordinare alcun sigillo aggiuntivo.<\/p>\n<p><strong>dettagli<\/strong><br \/>\n 7-100 watt<br \/>\n 93-315 gradi Celsius<br \/>\n 0,5 Ohm<\/p>\n<table style=\"height: 0.5; width: 529px;\" width=\"529\">\n<tbody>\n<tr>\n<td width=\"198\">comportamento del vapore<\/td>\n<td width=\"331\">DL (diretto al polmone)<\/td>\n<\/tr>\n<tr>\n<td width=\"198\">Tipo di batteria<\/td>\n<td width=\"331\">18650<\/td>\n<\/tr>\n<tr>\n<td width=\"198\">funzioni<\/td>\n<td width=\"331\">Watt\/Potenza, controllo della temperatura<\/td>\n<\/tr>\n<tr>\n<td width=\"198\">Colore<\/td>\n<td width=\"331\">Nero<\/td>\n<\/tr>\n<tr>\n<td width=\"198\">Quantit\u00e0 di riempimento<\/td>\n<td width=\"331\">50 ml<\/td>\n<\/tr>\n<tr>\n<td width=\"198\">filo<\/td>\n<td width=\"331\">nessun filo<\/td>\n<\/tr>\n<\/tbody>\n<\/table>\n<p>Tutti i prezzi si applicano solo agli ordini online e sono comprensivi di IVA. Soggetto a modifiche senza preavviso, escluse le spese di spedizione. Con riserva di errori, modifiche nell&#8217;ambito di consegna e nel design, errori di stampa e variazioni di prezzo. I prezzi barrati sono prezzi sostitutivi. Le illustrazioni possono differire dall&#8217;originale\/dall&#8217;ambito di consegna.<br \/>\n*Spedizione gratuita per ordini superiori a CHF 250.-.<\/p>\n","protected":false},"excerpt":{"rendered":"<p>Azlan E-Head Nuvola Dio E-Shisha Testa Stai cercando nuvole davvero dense? Gusto puro e tutto questo senza bruciare tabacco? Allora sei nel posto giusto, perch\u00e9 il Dio Della Nuvola Azlan pu\u00f2 soddisfare tutti questi desideri. \u00c8 anche pi\u00f9 conveniente rispetto al tabacco, perch\u00e9 \u00e8 pieno di liquido. Qui puoi scegliere tra liquido senza nicotina o [&hellip;]<\/p>\n","protected":false},"featured_media":59197,"template":"","meta":[],"product_brand":[1841],"product_cat":[2004,1875,1892,3207,2139,2029],"product_tag":[],"class_list":{"0":"post-59191","1":"product","2":"type-product","3":"status-publish","4":"has-post-thumbnail","6":"product_brand-azlan","7":"product_cat-diverso-headshop","8":"product_cat-e-fumo","9":"product_cat-narghile","10":"product_cat-offerte","11":"product_cat-testa-di-e-shisha","12":"product_cat-testa-di-narghile-e-shisha","14":"first","15":"instock","16":"sale","17":"purchasable","18":"product-type-simple"},"yoast_head":"<!-- This site is optimized with the Yoast SEO plugin v27.0 - https:\/\/yoast.com\/product\/yoast-seo-wordpress\/ -->\n<title>Azlan E-Head Nuvola Dio | Tabakversand.ch - Tabakversand.ch<\/title>\n<meta name=\"description\" content=\"Azlan E-Head Cloud Dio | Una vasta selezione di prodotti elettronici per fumatori in tutta la Svizzera | Carte accettate!\" \/>\n<meta name=\"robots\" content=\"index, follow, max-snippet:-1, max-image-preview:large, max-video-preview:-1\" \/>\n<link rel=\"canonical\" href=\"https:\/\/www.tabakversand.ch\/prodotto\/azlan-e-head-cloud-god\/\" \/>\n<meta property=\"og:locale\" content=\"it_IT\" \/>\n<meta property=\"og:type\" content=\"article\" \/>\n<meta property=\"og:title\" content=\"Azlan E-Head Nuvola Dio | Tabakversand.ch - Tabakversand.ch\" \/>\n<meta property=\"og:description\" content=\"Azlan E-Head Cloud Dio | Una vasta selezione di prodotti elettronici per fumatori in tutta la Svizzera | Carte accettate!\" \/>\n<meta property=\"og:url\" content=\"https:\/\/www.tabakversand.ch\/prodotto\/azlan-e-head-cloud-god\/\" \/>\n<meta property=\"og:site_name\" content=\"Tabakversand.ch | Alles aus der Welt des Tabaks\" \/>\n<meta property=\"article:modified_time\" content=\"2025-09-05T05:21:57+00:00\" \/>\n<meta property=\"og:image\" content=\"https:\/\/www.tabakversand.ch\/wp-content\/uploads\/2022\/03\/azlan-cloud-god.jpg\" \/>\n\t<meta property=\"og:image:width\" content=\"500\" \/>\n\t<meta property=\"og:image:height\" content=\"500\" \/>\n\t<meta property=\"og:image:type\" content=\"image\/jpeg\" \/>\n<meta name=\"twitter:card\" content=\"summary_large_image\" \/>\n<meta name=\"twitter:label1\" content=\"Tempo di lettura stimato\" \/>\n\t<meta name=\"twitter:data1\" content=\"1 minuto\" \/>\n<script type=\"application\/ld+json\" class=\"yoast-schema-graph\">{\"@context\":\"https:\/\/schema.org\",\"@graph\":[{\"@type\":\"WebPage\",\"@id\":\"https:\/\/www.tabakversand.ch\/prodotto\/azlan-e-head-cloud-god\/\",\"url\":\"https:\/\/www.tabakversand.ch\/prodotto\/azlan-e-head-cloud-god\/\",\"name\":\"Azlan E-Head Nuvola Dio | Tabakversand.ch - Tabakversand.ch\",\"isPartOf\":{\"@id\":\"https:\/\/www.tabakversand.ch\/#website\"},\"primaryImageOfPage\":{\"@id\":\"https:\/\/www.tabakversand.ch\/prodotto\/azlan-e-head-cloud-god\/#primaryimage\"},\"image\":{\"@id\":\"https:\/\/www.tabakversand.ch\/prodotto\/azlan-e-head-cloud-god\/#primaryimage\"},\"thumbnailUrl\":\"https:\/\/www.tabakversand.ch\/wp-content\/uploads\/2022\/03\/azlan-cloud-god.jpg\",\"datePublished\":\"2022-04-02T09:39:00+00:00\",\"dateModified\":\"2025-09-05T05:21:57+00:00\",\"description\":\"Azlan E-Head Cloud Dio | Una vasta selezione di prodotti elettronici per fumatori in tutta la Svizzera | Carte accettate!\",\"breadcrumb\":{\"@id\":\"https:\/\/www.tabakversand.ch\/prodotto\/azlan-e-head-cloud-god\/#breadcrumb\"},\"inLanguage\":\"it-IT\",\"potentialAction\":[{\"@type\":\"ReadAction\",\"target\":[\"https:\/\/www.tabakversand.ch\/prodotto\/azlan-e-head-cloud-god\/\"]}]},{\"@type\":\"ImageObject\",\"inLanguage\":\"it-IT\",\"@id\":\"https:\/\/www.tabakversand.ch\/prodotto\/azlan-e-head-cloud-god\/#primaryimage\",\"url\":\"https:\/\/www.tabakversand.ch\/wp-content\/uploads\/2022\/03\/azlan-cloud-god.jpg\",\"contentUrl\":\"https:\/\/www.tabakversand.ch\/wp-content\/uploads\/2022\/03\/azlan-cloud-god.jpg\",\"width\":500,\"height\":500,\"caption\":\"Azlan E-Head Nuvola Dio\"},{\"@type\":\"BreadcrumbList\",\"@id\":\"https:\/\/www.tabakversand.ch\/prodotto\/azlan-e-head-cloud-god\/#breadcrumb\",\"itemListElement\":[{\"@type\":\"ListItem\",\"position\":1,\"name\":\"Startseite\",\"item\":\"https:\/\/www.tabakversand.ch\/\"},{\"@type\":\"ListItem\",\"position\":2,\"name\":\"Negozio\",\"item\":\"https:\/\/www.tabakversand.ch\/it\/negozio\/\"},{\"@type\":\"ListItem\",\"position\":3,\"name\":\"Azlan E-Head Nuvola Dio\"}]},{\"@type\":\"WebSite\",\"@id\":\"https:\/\/www.tabakversand.ch\/#website\",\"url\":\"https:\/\/www.tabakversand.ch\/\",\"name\":\"Tabakversand.ch | Alles aus der Welt des Tabaks\",\"description\":\"Smoke and carpe diem\",\"potentialAction\":[{\"@type\":\"SearchAction\",\"target\":{\"@type\":\"EntryPoint\",\"urlTemplate\":\"https:\/\/www.tabakversand.ch\/?s={search_term_string}\"},\"query-input\":{\"@type\":\"PropertyValueSpecification\",\"valueRequired\":true,\"valueName\":\"search_term_string\"}}],\"inLanguage\":\"it-IT\"}]}<\/script>\n<!-- \/ Yoast SEO plugin. -->","yoast_head_json":{"title":"Azlan E-Head Nuvola Dio | Tabakversand.ch - Tabakversand.ch","description":"Azlan E-Head Cloud Dio | Una vasta selezione di prodotti elettronici per fumatori in tutta la Svizzera | Carte accettate!","robots":{"index":"index","follow":"follow","max-snippet":"max-snippet:-1","max-image-preview":"max-image-preview:large","max-video-preview":"max-video-preview:-1"},"canonical":"https:\/\/www.tabakversand.ch\/prodotto\/azlan-e-head-cloud-god\/","og_locale":"it_IT","og_type":"article","og_title":"Azlan E-Head Nuvola Dio | Tabakversand.ch - Tabakversand.ch","og_description":"Azlan E-Head Cloud Dio | Una vasta selezione di prodotti elettronici per fumatori in tutta la Svizzera | Carte accettate!","og_url":"https:\/\/www.tabakversand.ch\/prodotto\/azlan-e-head-cloud-god\/","og_site_name":"Tabakversand.ch | Alles aus der Welt des Tabaks","article_modified_time":"2025-09-05T05:21:57+00:00","og_image":[{"width":500,"height":500,"url":"https:\/\/www.tabakversand.ch\/wp-content\/uploads\/2022\/03\/azlan-cloud-god.jpg","type":"image\/jpeg"}],"twitter_card":"summary_large_image","twitter_misc":{"Tempo di lettura stimato":"1 minuto"},"schema":{"@context":"https:\/\/schema.org","@graph":[{"@type":"WebPage","@id":"https:\/\/www.tabakversand.ch\/prodotto\/azlan-e-head-cloud-god\/","url":"https:\/\/www.tabakversand.ch\/prodotto\/azlan-e-head-cloud-god\/","name":"Azlan E-Head Nuvola Dio | Tabakversand.ch - Tabakversand.ch","isPartOf":{"@id":"https:\/\/www.tabakversand.ch\/#website"},"primaryImageOfPage":{"@id":"https:\/\/www.tabakversand.ch\/prodotto\/azlan-e-head-cloud-god\/#primaryimage"},"image":{"@id":"https:\/\/www.tabakversand.ch\/prodotto\/azlan-e-head-cloud-god\/#primaryimage"},"thumbnailUrl":"https:\/\/www.tabakversand.ch\/wp-content\/uploads\/2022\/03\/azlan-cloud-god.jpg","datePublished":"2022-04-02T09:39:00+00:00","dateModified":"2025-09-05T05:21:57+00:00","description":"Azlan E-Head Cloud Dio | Una vasta selezione di prodotti elettronici per fumatori in tutta la Svizzera | Carte accettate!","breadcrumb":{"@id":"https:\/\/www.tabakversand.ch\/prodotto\/azlan-e-head-cloud-god\/#breadcrumb"},"inLanguage":"it-IT","potentialAction":[{"@type":"ReadAction","target":["https:\/\/www.tabakversand.ch\/prodotto\/azlan-e-head-cloud-god\/"]}]},{"@type":"ImageObject","inLanguage":"it-IT","@id":"https:\/\/www.tabakversand.ch\/prodotto\/azlan-e-head-cloud-god\/#primaryimage","url":"https:\/\/www.tabakversand.ch\/wp-content\/uploads\/2022\/03\/azlan-cloud-god.jpg","contentUrl":"https:\/\/www.tabakversand.ch\/wp-content\/uploads\/2022\/03\/azlan-cloud-god.jpg","width":500,"height":500,"caption":"Azlan E-Head Nuvola Dio"},{"@type":"BreadcrumbList","@id":"https:\/\/www.tabakversand.ch\/prodotto\/azlan-e-head-cloud-god\/#breadcrumb","itemListElement":[{"@type":"ListItem","position":1,"name":"Startseite","item":"https:\/\/www.tabakversand.ch\/"},{"@type":"ListItem","position":2,"name":"Negozio","item":"https:\/\/www.tabakversand.ch\/it\/negozio\/"},{"@type":"ListItem","position":3,"name":"Azlan E-Head Nuvola Dio"}]},{"@type":"WebSite","@id":"https:\/\/www.tabakversand.ch\/#website","url":"https:\/\/www.tabakversand.ch\/","name":"Tabakversand.ch | Alles aus der Welt des Tabaks","description":"Smoke and carpe diem","potentialAction":[{"@type":"SearchAction","target":{"@type":"EntryPoint","urlTemplate":"https:\/\/www.tabakversand.ch\/?s={search_term_string}"},"query-input":{"@type":"PropertyValueSpecification","valueRequired":true,"valueName":"search_term_string"}}],"inLanguage":"it-IT"}]}},"_links":{"self":[{"href":"https:\/\/www.tabakversand.ch\/it\/wp-json\/wp\/v2\/product\/59191","targetHints":{"allow":["GET"]}}],"collection":[{"href":"https:\/\/www.tabakversand.ch\/it\/wp-json\/wp\/v2\/product"}],"about":[{"href":"https:\/\/www.tabakversand.ch\/it\/wp-json\/wp\/v2\/types\/product"}],"version-history":[{"count":3,"href":"https:\/\/www.tabakversand.ch\/it\/wp-json\/wp\/v2\/product\/59191\/revisions"}],"predecessor-version":[{"id":197880,"href":"https:\/\/www.tabakversand.ch\/it\/wp-json\/wp\/v2\/product\/59191\/revisions\/197880"}],"wp:featuredmedia":[{"embeddable":true,"href":"https:\/\/www.tabakversand.ch\/it\/wp-json\/wp\/v2\/media\/59197"}],"wp:attachment":[{"href":"https:\/\/www.tabakversand.ch\/it\/wp-json\/wp\/v2\/media?parent=59191"}],"wp:term":[{"taxonomy":"product_brand","embeddable":true,"href":"https:\/\/www.tabakversand.ch\/it\/wp-json\/wp\/v2\/product_brand?post=59191"},{"taxonomy":"product_cat","embeddable":true,"href":"https:\/\/www.tabakversand.ch\/it\/wp-json\/wp\/v2\/product_cat?post=59191"},{"taxonomy":"product_tag","embeddable":true,"href":"https:\/\/www.tabakversand.ch\/it\/wp-json\/wp\/v2\/product_tag?post=59191"}],"curies":[{"name":"wp","href":"https:\/\/api.w.org\/{rel}","templated":true}]}}