{"id":60091,"date":"2022-04-02T11:37:00","date_gmt":"2022-04-02T09:37:00","guid":{"rendered":"http:\/\/www.tabakversand.ch\/produkt\/zippo-dragon-eye-swarovski-accendino\/"},"modified":"2022-11-14T16:47:46","modified_gmt":"2022-11-14T15:47:46","slug":"zippo-dragon-eye-swarovski-accendino","status":"publish","type":"product","link":"https:\/\/www.tabakversand.ch\/it\/prodotto\/zippo-dragon-eye-swarovski-accendino\/","title":{"rendered":"Zippo Dragon Eye Swarovski Accendino"},"content":{"rendered":"<p>L&#8217;accendino Zippo Dragon Eye Swarovski mostra un drago &#8211; creature fantasy della preistoria grigia su un emblema e l&#8217;occhio di drago fatto di una pietra Swarovski rossa.<\/p>\n<ul>\n<li>Confezionato in una confezione regalo Zippo originale.<\/li>\n<li>Costituito da metallo; design antivento che funziona praticamente ovunque.<\/li>\n<li>Ricaricabile per l&#8217;uso a vita; raccomandiamo originale Zippo premium accendino benzina, selce e stoppini.<\/li>\n<li>Garanzia: 30 anni sulla meccanica (esclusi materiali di consumo e superfici)<\/li>\n<li>Prodotto negli Stati Uniti<\/li>\n<li>Carburante: Original Zippo Premium Lighter Gasoline (venduto separatamente, tutti gli Zippo sono vuoti)<\/li>\n<li><span data-sheets-value=\"{\"1\":2,\"2\":\"Drachen - Fanatsiewesen aus grauer Vorzeit. Aus magischen Geschichten kennen wir Drachen als H\u00fcter gro\u00dfer, verborgener Sch\u00e4tze oder als R\u00e4uber jungfreulicher Prinzessinnen. Die K\u00f6nigst\u00f6chter mussten dann von tapferen Rittern befreit werden, die im Kampf gegen das Ungeheuer oft ihr Leben lie\u00dfen. Unser Drache dagegen ist v\u00f6llig ungef\u00e4hrlich.\"}\" data-sheets-userformat=\"{\"2\":771,\"3\":{\"1\":0},\"4\":{\"1\":2,\"2\":65280},\"11\":4,\"12\":0}\">Cromato Spazzolato<\/span><\/li>\n<li><span data-sheets-value=\"{\"1\":2,\"2\":\"Drachen - Fanatsiewesen aus grauer Vorzeit. Aus magischen Geschichten kennen wir Drachen als H\u00fcter gro\u00dfer, verborgener Sch\u00e4tze oder als R\u00e4uber jungfreulicher Prinzessinnen. Die K\u00f6nigst\u00f6chter mussten dann von tapferen Rittern befreit werden, die im Kampf gegen das Ungeheuer oft ihr Leben lie\u00dfen. Unser Drache dagegen ist v\u00f6llig ungef\u00e4hrlich.\"}\" data-sheets-userformat=\"{\"2\":771,\"3\":{\"1\":0},\"4\":{\"1\":2,\"2\":65280},\"11\":4,\"12\":0}\">Emblema<\/span><\/li>\n<\/ul>\n<p>Tutti i prezzi sono validi solo per gli ordini online e includono IVA, sono soggetti a modifiche pi\u00f9 IVA. Spese di spedizione. Errori, modifiche nella fornitura e nella progettazione, errori di stampa e variazioni di prezzo riservate. I prezzi barrati sono stattpreise. L&#8217;illustrazione pu\u00f2 differire dall&#8217;originale\/ambito di fornitura.<br \/>\n*Spedizione gratuita a partire da CHF 250.- valore dell&#8217;ordine.<\/p>\n","protected":false},"excerpt":{"rendered":"<p>L&#8217;accendino Zippo Dragon Eye Swarovski mostra un drago &#8211; creature fantasy della preistoria grigia su un emblema e l&#8217;occhio di drago fatto di una pietra Swarovski rossa. Confezionato in una confezione regalo Zippo originale. Costituito da metallo; design antivento che funziona praticamente ovunque. Ricaricabile per l&#8217;uso a vita; raccomandiamo originale Zippo premium accendino benzina, selce [&hellip;]<\/p>\n","protected":false},"featured_media":60092,"template":"","meta":[],"product_brand":[1567],"product_cat":[1931,2035,1930],"product_tag":[],"class_list":{"0":"post-60091","1":"product","2":"type-product","3":"status-publish","4":"has-post-thumbnail","6":"product_brand-zippo-feuerzeuge-und-acessoires","7":"product_cat-accendini","8":"product_cat-zippo-fantasia-e-teschi","9":"product_cat-zippo-lighter-collezioni","11":"first","12":"instock","13":"purchasable","14":"product-type-simple"},"yoast_head":"<!-- This site is optimized with the Yoast SEO plugin v27.5 - https:\/\/yoast.com\/product\/yoast-seo-wordpress\/ -->\n<title>Zippo Dragon Eye Swarovski Accendino - Tabakversand.ch<\/title>\n<meta name=\"description\" content=\"Zippo Dragon Eye Swarovski Accendino | Ampia selezione di accendini originali Zippo e accessori Zippo | Carte accettate!\" \/>\n<meta name=\"robots\" content=\"index, follow, max-snippet:-1, max-image-preview:large, max-video-preview:-1\" \/>\n<link rel=\"canonical\" href=\"https:\/\/www.tabakversand.ch\/prodotto\/zippo-dragon-eye-swarovski-feuerzeug\/\" \/>\n<meta property=\"og:locale\" content=\"it_IT\" \/>\n<meta property=\"og:type\" content=\"article\" \/>\n<meta property=\"og:title\" content=\"Zippo Dragon Eye Swarovski Accendino - Tabakversand.ch\" \/>\n<meta property=\"og:description\" content=\"Zippo Dragon Eye Swarovski Accendino | Ampia selezione di accendini originali Zippo e accessori Zippo | Carte accettate!\" \/>\n<meta property=\"og:url\" content=\"https:\/\/www.tabakversand.ch\/prodotto\/zippo-dragon-eye-swarovski-feuerzeug\/\" \/>\n<meta property=\"og:site_name\" content=\"Tabakversand.ch | Alles aus der Welt des Tabaks\" \/>\n<meta property=\"article:modified_time\" content=\"2022-11-14T15:47:46+00:00\" \/>\n<meta property=\"og:image\" content=\"https:\/\/www.tabakversand.ch\/wp-content\/uploads\/2022\/03\/zippo-dragon-eye-swarovski.jpg\" \/>\n\t<meta property=\"og:image:width\" content=\"500\" \/>\n\t<meta property=\"og:image:height\" content=\"500\" \/>\n\t<meta property=\"og:image:type\" content=\"image\/jpeg\" \/>\n<meta name=\"twitter:card\" content=\"summary_large_image\" \/>\n<meta name=\"twitter:label1\" content=\"Tempo di lettura stimato\" \/>\n\t<meta name=\"twitter:data1\" content=\"1 minuto\" \/>\n<script type=\"application\/ld+json\" class=\"yoast-schema-graph\">{\"@context\":\"https:\\\/\\\/schema.org\",\"@graph\":[{\"@type\":\"WebPage\",\"@id\":\"https:\\\/\\\/www.tabakversand.ch\\\/prodotto\\\/zippo-dragon-eye-swarovski-feuerzeug\\\/\",\"url\":\"https:\\\/\\\/www.tabakversand.ch\\\/prodotto\\\/zippo-dragon-eye-swarovski-feuerzeug\\\/\",\"name\":\"Zippo Dragon Eye Swarovski Accendino - Tabakversand.ch\",\"isPartOf\":{\"@id\":\"https:\\\/\\\/www.tabakversand.ch\\\/#website\"},\"primaryImageOfPage\":{\"@id\":\"https:\\\/\\\/www.tabakversand.ch\\\/prodotto\\\/zippo-dragon-eye-swarovski-feuerzeug\\\/#primaryimage\"},\"image\":{\"@id\":\"https:\\\/\\\/www.tabakversand.ch\\\/prodotto\\\/zippo-dragon-eye-swarovski-feuerzeug\\\/#primaryimage\"},\"thumbnailUrl\":\"https:\\\/\\\/www.tabakversand.ch\\\/wp-content\\\/uploads\\\/2022\\\/03\\\/zippo-dragon-eye-swarovski.jpg\",\"datePublished\":\"2022-04-02T09:37:00+00:00\",\"dateModified\":\"2022-11-14T15:47:46+00:00\",\"description\":\"Zippo Dragon Eye Swarovski Accendino | Ampia selezione di accendini originali Zippo e accessori Zippo | Carte accettate!\",\"breadcrumb\":{\"@id\":\"https:\\\/\\\/www.tabakversand.ch\\\/prodotto\\\/zippo-dragon-eye-swarovski-feuerzeug\\\/#breadcrumb\"},\"inLanguage\":\"it-IT\",\"potentialAction\":[{\"@type\":\"ReadAction\",\"target\":[\"https:\\\/\\\/www.tabakversand.ch\\\/prodotto\\\/zippo-dragon-eye-swarovski-feuerzeug\\\/\"]}]},{\"@type\":\"ImageObject\",\"inLanguage\":\"it-IT\",\"@id\":\"https:\\\/\\\/www.tabakversand.ch\\\/prodotto\\\/zippo-dragon-eye-swarovski-feuerzeug\\\/#primaryimage\",\"url\":\"https:\\\/\\\/www.tabakversand.ch\\\/wp-content\\\/uploads\\\/2022\\\/03\\\/zippo-dragon-eye-swarovski.jpg\",\"contentUrl\":\"https:\\\/\\\/www.tabakversand.ch\\\/wp-content\\\/uploads\\\/2022\\\/03\\\/zippo-dragon-eye-swarovski.jpg\",\"width\":500,\"height\":500,\"caption\":\"Zippo Dragon Eye Swarovski Accendino\"},{\"@type\":\"BreadcrumbList\",\"@id\":\"https:\\\/\\\/www.tabakversand.ch\\\/prodotto\\\/zippo-dragon-eye-swarovski-feuerzeug\\\/#breadcrumb\",\"itemListElement\":[{\"@type\":\"ListItem\",\"position\":1,\"name\":\"Startseite\",\"item\":\"https:\\\/\\\/www.tabakversand.ch\\\/\"},{\"@type\":\"ListItem\",\"position\":2,\"name\":\"Negozio\",\"item\":\"https:\\\/\\\/www.tabakversand.ch\\\/it\\\/negozio\\\/\"},{\"@type\":\"ListItem\",\"position\":3,\"name\":\"Zippo Dragon Eye Swarovski Accendino\"}]},{\"@type\":\"WebSite\",\"@id\":\"https:\\\/\\\/www.tabakversand.ch\\\/#website\",\"url\":\"https:\\\/\\\/www.tabakversand.ch\\\/\",\"name\":\"Tabakversand.ch | Alles aus der Welt des Tabaks\",\"description\":\"Smoke and carpe diem\",\"potentialAction\":[{\"@type\":\"SearchAction\",\"target\":{\"@type\":\"EntryPoint\",\"urlTemplate\":\"https:\\\/\\\/www.tabakversand.ch\\\/?s={search_term_string}\"},\"query-input\":{\"@type\":\"PropertyValueSpecification\",\"valueRequired\":true,\"valueName\":\"search_term_string\"}}],\"inLanguage\":\"it-IT\"}]}<\/script>\n<!-- \/ Yoast SEO plugin. -->","yoast_head_json":{"title":"Zippo Dragon Eye Swarovski Accendino - Tabakversand.ch","description":"Zippo Dragon Eye Swarovski Accendino | Ampia selezione di accendini originali Zippo e accessori Zippo | Carte accettate!","robots":{"index":"index","follow":"follow","max-snippet":"max-snippet:-1","max-image-preview":"max-image-preview:large","max-video-preview":"max-video-preview:-1"},"canonical":"https:\/\/www.tabakversand.ch\/prodotto\/zippo-dragon-eye-swarovski-feuerzeug\/","og_locale":"it_IT","og_type":"article","og_title":"Zippo Dragon Eye Swarovski Accendino - Tabakversand.ch","og_description":"Zippo Dragon Eye Swarovski Accendino | Ampia selezione di accendini originali Zippo e accessori Zippo | Carte accettate!","og_url":"https:\/\/www.tabakversand.ch\/prodotto\/zippo-dragon-eye-swarovski-feuerzeug\/","og_site_name":"Tabakversand.ch | Alles aus der Welt des Tabaks","article_modified_time":"2022-11-14T15:47:46+00:00","og_image":[{"width":500,"height":500,"url":"https:\/\/www.tabakversand.ch\/wp-content\/uploads\/2022\/03\/zippo-dragon-eye-swarovski.jpg","type":"image\/jpeg"}],"twitter_card":"summary_large_image","twitter_misc":{"Tempo di lettura stimato":"1 minuto"},"schema":{"@context":"https:\/\/schema.org","@graph":[{"@type":"WebPage","@id":"https:\/\/www.tabakversand.ch\/prodotto\/zippo-dragon-eye-swarovski-feuerzeug\/","url":"https:\/\/www.tabakversand.ch\/prodotto\/zippo-dragon-eye-swarovski-feuerzeug\/","name":"Zippo Dragon Eye Swarovski Accendino - Tabakversand.ch","isPartOf":{"@id":"https:\/\/www.tabakversand.ch\/#website"},"primaryImageOfPage":{"@id":"https:\/\/www.tabakversand.ch\/prodotto\/zippo-dragon-eye-swarovski-feuerzeug\/#primaryimage"},"image":{"@id":"https:\/\/www.tabakversand.ch\/prodotto\/zippo-dragon-eye-swarovski-feuerzeug\/#primaryimage"},"thumbnailUrl":"https:\/\/www.tabakversand.ch\/wp-content\/uploads\/2022\/03\/zippo-dragon-eye-swarovski.jpg","datePublished":"2022-04-02T09:37:00+00:00","dateModified":"2022-11-14T15:47:46+00:00","description":"Zippo Dragon Eye Swarovski Accendino | Ampia selezione di accendini originali Zippo e accessori Zippo | Carte accettate!","breadcrumb":{"@id":"https:\/\/www.tabakversand.ch\/prodotto\/zippo-dragon-eye-swarovski-feuerzeug\/#breadcrumb"},"inLanguage":"it-IT","potentialAction":[{"@type":"ReadAction","target":["https:\/\/www.tabakversand.ch\/prodotto\/zippo-dragon-eye-swarovski-feuerzeug\/"]}]},{"@type":"ImageObject","inLanguage":"it-IT","@id":"https:\/\/www.tabakversand.ch\/prodotto\/zippo-dragon-eye-swarovski-feuerzeug\/#primaryimage","url":"https:\/\/www.tabakversand.ch\/wp-content\/uploads\/2022\/03\/zippo-dragon-eye-swarovski.jpg","contentUrl":"https:\/\/www.tabakversand.ch\/wp-content\/uploads\/2022\/03\/zippo-dragon-eye-swarovski.jpg","width":500,"height":500,"caption":"Zippo Dragon Eye Swarovski Accendino"},{"@type":"BreadcrumbList","@id":"https:\/\/www.tabakversand.ch\/prodotto\/zippo-dragon-eye-swarovski-feuerzeug\/#breadcrumb","itemListElement":[{"@type":"ListItem","position":1,"name":"Startseite","item":"https:\/\/www.tabakversand.ch\/"},{"@type":"ListItem","position":2,"name":"Negozio","item":"https:\/\/www.tabakversand.ch\/it\/negozio\/"},{"@type":"ListItem","position":3,"name":"Zippo Dragon Eye Swarovski Accendino"}]},{"@type":"WebSite","@id":"https:\/\/www.tabakversand.ch\/#website","url":"https:\/\/www.tabakversand.ch\/","name":"Tabakversand.ch | Alles aus der Welt des Tabaks","description":"Smoke and carpe diem","potentialAction":[{"@type":"SearchAction","target":{"@type":"EntryPoint","urlTemplate":"https:\/\/www.tabakversand.ch\/?s={search_term_string}"},"query-input":{"@type":"PropertyValueSpecification","valueRequired":true,"valueName":"search_term_string"}}],"inLanguage":"it-IT"}]}},"_links":{"self":[{"href":"https:\/\/www.tabakversand.ch\/it\/wp-json\/wp\/v2\/product\/60091","targetHints":{"allow":["GET"]}}],"collection":[{"href":"https:\/\/www.tabakversand.ch\/it\/wp-json\/wp\/v2\/product"}],"about":[{"href":"https:\/\/www.tabakversand.ch\/it\/wp-json\/wp\/v2\/types\/product"}],"version-history":[{"count":0,"href":"https:\/\/www.tabakversand.ch\/it\/wp-json\/wp\/v2\/product\/60091\/revisions"}],"wp:featuredmedia":[{"embeddable":true,"href":"https:\/\/www.tabakversand.ch\/it\/wp-json\/wp\/v2\/media\/60092"}],"wp:attachment":[{"href":"https:\/\/www.tabakversand.ch\/it\/wp-json\/wp\/v2\/media?parent=60091"}],"wp:term":[{"taxonomy":"product_brand","embeddable":true,"href":"https:\/\/www.tabakversand.ch\/it\/wp-json\/wp\/v2\/product_brand?post=60091"},{"taxonomy":"product_cat","embeddable":true,"href":"https:\/\/www.tabakversand.ch\/it\/wp-json\/wp\/v2\/product_cat?post=60091"},{"taxonomy":"product_tag","embeddable":true,"href":"https:\/\/www.tabakversand.ch\/it\/wp-json\/wp\/v2\/product_tag?post=60091"}],"curies":[{"name":"wp","href":"https:\/\/api.w.org\/{rel}","templated":true}]}}