{"id":60306,"date":"2022-04-02T11:36:42","date_gmt":"2022-04-02T09:36:42","guid":{"rendered":"http:\/\/www.tabakversand.ch\/produkt\/tabacco-da-pipa-alla-vaniglia-100-gr\/"},"modified":"2026-04-14T15:23:17","modified_gmt":"2026-04-14T13:23:17","slug":"vaniglia-pipe-tabacco-100-gr","status":"publish","type":"product","link":"https:\/\/www.tabakversand.ch\/it\/prodotto\/vaniglia-pipe-tabacco-100-gr\/","title":{"rendered":"Vaniglia"},"content":{"rendered":"<h1>Vaniglia<\/h1>\n<p>Tabacco da pipa aperto: una dolcezza delicata incontra una profondit\u00e0 aromatica.<\/p>\n<ul>\n<li>1 x 100 gr.<\/li>\n<\/ul>\n<p>Provate il puro piacere del fumo con il nostro pregiato tabacco da pipa alla vaniglia: una miscela armoniosa di tabacchi finemente selezionati, arricchita da un caldo aroma naturale di vaniglia. Questo tabacco conquister\u00e0 sia i fumatori di pipa principianti che quelli pi\u00f9 esperti, grazie alla sua piacevole intensit\u00e0 moderata e al suo profumo seducentemente dolce. <\/p>\n<p>Gi\u00e0 all&#8217;apertura si sprigiona un cremoso bouquet di vaniglia, che stuzzica l&#8217;appetito per la prima boccata. Fumandolo, si rivela un&#8217;esperienza gustativa morbida e armoniosa, con una sottile dolcezza e una combustione piacevolmente uniforme. L&#8217;aroma che si diffonde nell&#8217;ambiente \u00e8 particolarmente delicato e gradevole, perfetto per momenti di relax.  <\/p>\n<p>I tuoi vantaggi in sintesi:<\/p>\n<p>\ud83c\udf42 Tabacco da pipa sfuso di altissima qualit\u00e0 \u2013 porzionato singolarmente<\/p>\n<p>\ud83c\udf66 Aroma naturale di vaniglia: delicato, dolce e non invadente.<\/p>\n<p>\ud83d\udd25 Combustione uniforme per un&#8217;esperienza di fumo rilassante<\/p>\n<p>\ud83c\udf2c\ufe0f Piacevole profumo per ambienti, ideale anche per occasioni sociali.<\/p>\n<p>\ud83d\udc4c Ideale per principianti ed esperti<\/p>\n<p>Concediti una pausa dalla vita di tutti i giorni e immergiti nel piacevole mondo della vaniglia. Ordina ora e assapora un tabacco da pipa che unisce perfettamente qualit\u00e0 e aroma! <\/p>\n<p>Su tabakversand.ch riceverete tabacco da pipa sfuso al gusto di vaniglia, conservato in modo appropriato. Un&#8217;attenta conservazione garantisce che aroma, umidit\u00e0 e qualit\u00e0 siano preservati al meglio fino alla spedizione. Grazie alla consegna rapida in tutta la Svizzera, il vostro tabacco da pipa arriver\u00e0 solitamente in breve tempo.  <\/p>\n<p>Per maggiori informazioni sul tabacco da pipa, visita la relativa voce di Wikipedia: <a href=\"https:\/\/de.wikipedia.org\/wiki\/Tabakpfeife#Pfeifentabak\">clicca qui<\/a> . Se hai domande sul prodotto, non esitare a contattarci: <a href=\"https:\/\/www.tabakversand.ch\/kontakt\/\">clicca qui<\/a> . <\/p>\n<p>Tutti i prezzi sono validi solo per gli ordini online e includono l&#8217;IVA, sono soggetti a modifiche senza preavviso e non includono le spese di spedizione.   Con riserva di errori, modifiche nella fornitura e nella progettazione, errori di stampa e modifiche dei prezzi. I prezzi barrati sono invece prezzi. L&#8217;immagine pu\u00f2 differire dall&#8217;originale\/dalla fornitura.<br \/>\n*Spedizione gratuita per ordini superiori a CHF 250.-.<\/p>\n","protected":false},"excerpt":{"rendered":"<p>Vaniglia Tabacco da pipa aperto: una dolcezza delicata incontra una profondit\u00e0 aromatica. 1 x 100 gr. Provate il puro piacere del fumo con il nostro pregiato tabacco da pipa alla vaniglia: una miscela armoniosa di tabacchi finemente selezionati, arricchita da un caldo aroma naturale di vaniglia. Questo tabacco conquister\u00e0 sia i fumatori di pipa principianti [&hellip;]<\/p>\n","protected":false},"featured_media":60310,"template":"","meta":[],"product_brand":[5512,5855],"product_cat":[5835,1944,2050,1889],"product_tag":[],"class_list":{"0":"post-60306","1":"product","2":"type-product","3":"status-publish","4":"has-post-thumbnail","6":"product_brand-offen-pfeifentabak","7":"product_brand-vanilla-pfeifentabak-offen","8":"product_cat-aprire","9":"product_cat-mondo-pipe","10":"product_cat-tabacco-da-pipa-it","11":"product_cat-tabacco","13":"first","14":"onbackorder","15":"purchasable","16":"product-type-simple"},"yoast_head":"<!-- This site is optimized with the Yoast SEO plugin v27.0 - https:\/\/yoast.com\/product\/yoast-seo-wordpress\/ -->\n<title>Acquista tabacco da pipa sfuso alla vaniglia | aromatico alla vaniglia<\/title>\n<meta name=\"description\" content=\"Acquista subito tabacco da pipa sfuso alla vaniglia \u2713 dolce e aromatico \u2713 piacevole profumo per ambienti \u2713 Perfetto per intenditori \u27a4 Ordina direttamente!\" \/>\n<meta name=\"robots\" content=\"index, follow, max-snippet:-1, max-image-preview:large, max-video-preview:-1\" \/>\n<link rel=\"canonical\" href=\"https:\/\/www.tabakversand.ch\/it\/prodotto\/vaniglia-pipe-tabacco-100-gr\/\" \/>\n<meta property=\"og:locale\" content=\"it_IT\" \/>\n<meta property=\"og:type\" content=\"article\" \/>\n<meta property=\"og:title\" content=\"Acquista tabacco da pipa sfuso alla vaniglia | aromatico alla vaniglia\" \/>\n<meta property=\"og:description\" content=\"Acquista subito tabacco da pipa sfuso alla vaniglia \u2713 dolce e aromatico \u2713 piacevole profumo per ambienti \u2713 Perfetto per intenditori \u27a4 Ordina direttamente!\" \/>\n<meta property=\"og:url\" content=\"https:\/\/www.tabakversand.ch\/it\/prodotto\/vaniglia-pipe-tabacco-100-gr\/\" \/>\n<meta property=\"og:site_name\" content=\"Tabakversand.ch | Alles aus der Welt des Tabaks\" \/>\n<meta property=\"article:modified_time\" content=\"2026-04-14T13:23:17+00:00\" \/>\n<meta property=\"og:image\" content=\"https:\/\/www.tabakversand.ch\/wp-content\/uploads\/2022\/03\/tabakachermann-tabakbar.jpg\" \/>\n\t<meta property=\"og:image:width\" content=\"375\" \/>\n\t<meta property=\"og:image:height\" content=\"500\" \/>\n\t<meta property=\"og:image:type\" content=\"image\/jpeg\" \/>\n<meta name=\"twitter:card\" content=\"summary_large_image\" \/>\n<meta name=\"twitter:label1\" content=\"Tempo di lettura stimato\" \/>\n\t<meta name=\"twitter:data1\" content=\"2 minuti\" \/>\n<script type=\"application\/ld+json\" class=\"yoast-schema-graph\">{\"@context\":\"https:\/\/schema.org\",\"@graph\":[{\"@type\":\"WebPage\",\"@id\":\"https:\/\/www.tabakversand.ch\/it\/prodotto\/vaniglia-pipe-tabacco-100-gr\/\",\"url\":\"https:\/\/www.tabakversand.ch\/it\/prodotto\/vaniglia-pipe-tabacco-100-gr\/\",\"name\":\"Acquista tabacco da pipa sfuso alla vaniglia | aromatico alla vaniglia\",\"isPartOf\":{\"@id\":\"https:\/\/www.tabakversand.ch\/#website\"},\"primaryImageOfPage\":{\"@id\":\"https:\/\/www.tabakversand.ch\/it\/prodotto\/vaniglia-pipe-tabacco-100-gr\/#primaryimage\"},\"image\":{\"@id\":\"https:\/\/www.tabakversand.ch\/it\/prodotto\/vaniglia-pipe-tabacco-100-gr\/#primaryimage\"},\"thumbnailUrl\":\"https:\/\/www.tabakversand.ch\/wp-content\/uploads\/2022\/03\/tabakachermann-tabakbar.jpg\",\"datePublished\":\"2022-04-02T09:36:42+00:00\",\"dateModified\":\"2026-04-14T13:23:17+00:00\",\"description\":\"Acquista subito tabacco da pipa sfuso alla vaniglia \u2713 dolce e aromatico \u2713 piacevole profumo per ambienti \u2713 Perfetto per intenditori \u27a4 Ordina direttamente!\",\"breadcrumb\":{\"@id\":\"https:\/\/www.tabakversand.ch\/it\/prodotto\/vaniglia-pipe-tabacco-100-gr\/#breadcrumb\"},\"inLanguage\":\"it-IT\",\"potentialAction\":[{\"@type\":\"ReadAction\",\"target\":[\"https:\/\/www.tabakversand.ch\/it\/prodotto\/vaniglia-pipe-tabacco-100-gr\/\"]}]},{\"@type\":\"ImageObject\",\"inLanguage\":\"it-IT\",\"@id\":\"https:\/\/www.tabakversand.ch\/it\/prodotto\/vaniglia-pipe-tabacco-100-gr\/#primaryimage\",\"url\":\"https:\/\/www.tabakversand.ch\/wp-content\/uploads\/2022\/03\/tabakachermann-tabakbar.jpg\",\"contentUrl\":\"https:\/\/www.tabakversand.ch\/wp-content\/uploads\/2022\/03\/tabakachermann-tabakbar.jpg\",\"width\":375,\"height\":500,\"caption\":\"Tabacco da pipa alla vaniglia 100 gr.\"},{\"@type\":\"BreadcrumbList\",\"@id\":\"https:\/\/www.tabakversand.ch\/it\/prodotto\/vaniglia-pipe-tabacco-100-gr\/#breadcrumb\",\"itemListElement\":[{\"@type\":\"ListItem\",\"position\":1,\"name\":\"Startseite\",\"item\":\"https:\/\/www.tabakversand.ch\/\"},{\"@type\":\"ListItem\",\"position\":2,\"name\":\"Negozio\",\"item\":\"https:\/\/www.tabakversand.ch\/it\/negozio\/\"},{\"@type\":\"ListItem\",\"position\":3,\"name\":\"Vaniglia\"}]},{\"@type\":\"WebSite\",\"@id\":\"https:\/\/www.tabakversand.ch\/#website\",\"url\":\"https:\/\/www.tabakversand.ch\/\",\"name\":\"Tabakversand.ch | Alles aus der Welt des Tabaks\",\"description\":\"Smoke and carpe diem\",\"potentialAction\":[{\"@type\":\"SearchAction\",\"target\":{\"@type\":\"EntryPoint\",\"urlTemplate\":\"https:\/\/www.tabakversand.ch\/?s={search_term_string}\"},\"query-input\":{\"@type\":\"PropertyValueSpecification\",\"valueRequired\":true,\"valueName\":\"search_term_string\"}}],\"inLanguage\":\"it-IT\"}]}<\/script>\n<!-- \/ Yoast SEO plugin. -->","yoast_head_json":{"title":"Acquista tabacco da pipa sfuso alla vaniglia | aromatico alla vaniglia","description":"Acquista subito tabacco da pipa sfuso alla vaniglia \u2713 dolce e aromatico \u2713 piacevole profumo per ambienti \u2713 Perfetto per intenditori \u27a4 Ordina direttamente!","robots":{"index":"index","follow":"follow","max-snippet":"max-snippet:-1","max-image-preview":"max-image-preview:large","max-video-preview":"max-video-preview:-1"},"canonical":"https:\/\/www.tabakversand.ch\/it\/prodotto\/vaniglia-pipe-tabacco-100-gr\/","og_locale":"it_IT","og_type":"article","og_title":"Acquista tabacco da pipa sfuso alla vaniglia | aromatico alla vaniglia","og_description":"Acquista subito tabacco da pipa sfuso alla vaniglia \u2713 dolce e aromatico \u2713 piacevole profumo per ambienti \u2713 Perfetto per intenditori \u27a4 Ordina direttamente!","og_url":"https:\/\/www.tabakversand.ch\/it\/prodotto\/vaniglia-pipe-tabacco-100-gr\/","og_site_name":"Tabakversand.ch | Alles aus der Welt des Tabaks","article_modified_time":"2026-04-14T13:23:17+00:00","og_image":[{"width":375,"height":500,"url":"https:\/\/www.tabakversand.ch\/wp-content\/uploads\/2022\/03\/tabakachermann-tabakbar.jpg","type":"image\/jpeg"}],"twitter_card":"summary_large_image","twitter_misc":{"Tempo di lettura stimato":"2 minuti"},"schema":{"@context":"https:\/\/schema.org","@graph":[{"@type":"WebPage","@id":"https:\/\/www.tabakversand.ch\/it\/prodotto\/vaniglia-pipe-tabacco-100-gr\/","url":"https:\/\/www.tabakversand.ch\/it\/prodotto\/vaniglia-pipe-tabacco-100-gr\/","name":"Acquista tabacco da pipa sfuso alla vaniglia | aromatico alla vaniglia","isPartOf":{"@id":"https:\/\/www.tabakversand.ch\/#website"},"primaryImageOfPage":{"@id":"https:\/\/www.tabakversand.ch\/it\/prodotto\/vaniglia-pipe-tabacco-100-gr\/#primaryimage"},"image":{"@id":"https:\/\/www.tabakversand.ch\/it\/prodotto\/vaniglia-pipe-tabacco-100-gr\/#primaryimage"},"thumbnailUrl":"https:\/\/www.tabakversand.ch\/wp-content\/uploads\/2022\/03\/tabakachermann-tabakbar.jpg","datePublished":"2022-04-02T09:36:42+00:00","dateModified":"2026-04-14T13:23:17+00:00","description":"Acquista subito tabacco da pipa sfuso alla vaniglia \u2713 dolce e aromatico \u2713 piacevole profumo per ambienti \u2713 Perfetto per intenditori \u27a4 Ordina direttamente!","breadcrumb":{"@id":"https:\/\/www.tabakversand.ch\/it\/prodotto\/vaniglia-pipe-tabacco-100-gr\/#breadcrumb"},"inLanguage":"it-IT","potentialAction":[{"@type":"ReadAction","target":["https:\/\/www.tabakversand.ch\/it\/prodotto\/vaniglia-pipe-tabacco-100-gr\/"]}]},{"@type":"ImageObject","inLanguage":"it-IT","@id":"https:\/\/www.tabakversand.ch\/it\/prodotto\/vaniglia-pipe-tabacco-100-gr\/#primaryimage","url":"https:\/\/www.tabakversand.ch\/wp-content\/uploads\/2022\/03\/tabakachermann-tabakbar.jpg","contentUrl":"https:\/\/www.tabakversand.ch\/wp-content\/uploads\/2022\/03\/tabakachermann-tabakbar.jpg","width":375,"height":500,"caption":"Tabacco da pipa alla vaniglia 100 gr."},{"@type":"BreadcrumbList","@id":"https:\/\/www.tabakversand.ch\/it\/prodotto\/vaniglia-pipe-tabacco-100-gr\/#breadcrumb","itemListElement":[{"@type":"ListItem","position":1,"name":"Startseite","item":"https:\/\/www.tabakversand.ch\/"},{"@type":"ListItem","position":2,"name":"Negozio","item":"https:\/\/www.tabakversand.ch\/it\/negozio\/"},{"@type":"ListItem","position":3,"name":"Vaniglia"}]},{"@type":"WebSite","@id":"https:\/\/www.tabakversand.ch\/#website","url":"https:\/\/www.tabakversand.ch\/","name":"Tabakversand.ch | Alles aus der Welt des Tabaks","description":"Smoke and carpe diem","potentialAction":[{"@type":"SearchAction","target":{"@type":"EntryPoint","urlTemplate":"https:\/\/www.tabakversand.ch\/?s={search_term_string}"},"query-input":{"@type":"PropertyValueSpecification","valueRequired":true,"valueName":"search_term_string"}}],"inLanguage":"it-IT"}]}},"_links":{"self":[{"href":"https:\/\/www.tabakversand.ch\/it\/wp-json\/wp\/v2\/product\/60306","targetHints":{"allow":["GET"]}}],"collection":[{"href":"https:\/\/www.tabakversand.ch\/it\/wp-json\/wp\/v2\/product"}],"about":[{"href":"https:\/\/www.tabakversand.ch\/it\/wp-json\/wp\/v2\/types\/product"}],"version-history":[{"count":4,"href":"https:\/\/www.tabakversand.ch\/it\/wp-json\/wp\/v2\/product\/60306\/revisions"}],"predecessor-version":[{"id":218046,"href":"https:\/\/www.tabakversand.ch\/it\/wp-json\/wp\/v2\/product\/60306\/revisions\/218046"}],"wp:featuredmedia":[{"embeddable":true,"href":"https:\/\/www.tabakversand.ch\/it\/wp-json\/wp\/v2\/media\/60310"}],"wp:attachment":[{"href":"https:\/\/www.tabakversand.ch\/it\/wp-json\/wp\/v2\/media?parent=60306"}],"wp:term":[{"taxonomy":"product_brand","embeddable":true,"href":"https:\/\/www.tabakversand.ch\/it\/wp-json\/wp\/v2\/product_brand?post=60306"},{"taxonomy":"product_cat","embeddable":true,"href":"https:\/\/www.tabakversand.ch\/it\/wp-json\/wp\/v2\/product_cat?post=60306"},{"taxonomy":"product_tag","embeddable":true,"href":"https:\/\/www.tabakversand.ch\/it\/wp-json\/wp\/v2\/product_tag?post=60306"}],"curies":[{"name":"wp","href":"https:\/\/api.w.org\/{rel}","templated":true}]}}