{"id":61498,"date":"2022-04-02T11:34:26","date_gmt":"2022-04-02T09:34:26","guid":{"rendered":"http:\/\/www.tabakversand.ch\/produkt\/filtro-villiger-st-louis-blues\/"},"modified":"2026-03-23T12:09:40","modified_gmt":"2026-03-23T11:09:40","slug":"villiger-st-louis-blues-filtro","status":"publish","type":"product","link":"https:\/\/www.tabakversand.ch\/it\/prodotto\/villiger-st-louis-blues-filtro\/","title":{"rendered":"Filtro Villiger St. Louis Blues"},"content":{"rendered":"<h1>Filtro St. Louis Blues<\/h1>\n<p>Il piacere classico di un sigaretto dal carattere delicato<\/p>\n<ul>\n<li>1 x 10 pz.<\/li>\n<\/ul>\n<p>&nbsp;<\/p>\n<p>I sigaretti St. Louis Blues Filter offrono un piacere di fumo semplice e piacevolmente delicato, di comprovata qualit\u00e0. Questi sigaretti si distinguono per la loro miscela di tabacco equilibrata e per il filtro integrato, che garantisce un&#8217;aspirazione fluida, ideale per momenti di relax nella vita di tutti i giorni. <\/p>\n<p>\u2728 Ecco cosa puoi aspettarti:<\/p>\n<p>Una miscela di tabacco delicatamente bilanciata per un aroma gradevole.<\/p>\n<p>Con filtro per un&#8217;esperienza di fumo morbida ed equilibrata<\/p>\n<p>Combustione uniforme e qualit\u00e0 costante<\/p>\n<p>Formato pratico per brevi pause tra<\/p>\n<p>Che sia un compagno quotidiano o un piacere occasionale, il caff\u00e8 filtro St. Louis Blues offre una combinazione affidabile di qualit\u00e0, praticit\u00e0 e gusto delicato.<\/p>\n<p>\ud83d\udca8 Consiglio per un&#8217;esperienza ottimale:<br \/>\n Ideale in abbinamento a caff\u00e8 o t\u00e8, per una pausa rilassante dal gusto equilibrato.<\/p>\n<p>\ud83d\udcab Conclusione:<br \/>\n Un sigaretto classico per chi apprezza il piacere di un tabacco delicato, con filtro e qualit\u00e0 costante: semplice, piacevole e senza complicazioni.<\/p>\n<p>Su tabakversand.ch riceverete i vostri sigaretti St. Louis Blues Filter ben conservati e nella loro confezione originale. Un&#8217;attenta conservazione garantisce che aroma, umidit\u00e0 e qualit\u00e0 siano preservati al meglio fino alla spedizione. Grazie alla consegna rapida in Svizzera, i vostri sigaretti arriveranno in genere molto velocemente.  <\/p>\n<p>Per maggiori informazioni sul produttore, Villiger S\u00f6hne Holding, visita la voce corrispondente su Wikipedia: <a href=\"https:\/\/de.wikipedia.org\/wiki\/Villiger_S%C3%B6hne_Holding\">clicca qui<\/a> . Per qualsiasi domanda sul prodotto, non esitate a contattarci: <a href=\"https:\/\/www.tabakversand.ch\/kontakt\/\">clicca qui<\/a> . <\/p>\n<p>Tutti i prezzi si applicano solo agli ordini online e sono comprensivi di IVA. Soggetto a modifiche senza preavviso, escluse le spese di spedizione. Con riserva di errori, modifiche nell&#8217;ambito di consegna e nel design, errori di stampa e variazioni di prezzo. I prezzi barrati sono prezzi sostitutivi. Le illustrazioni possono differire dall&#8217;originale\/dall&#8217;ambito di consegna.<br \/>\n*Spedizione gratuita per ordini superiori a CHF 250.-.<\/p>\n","protected":false},"excerpt":{"rendered":"<p>Filtro St. Louis Blues Il piacere classico di un sigaretto dal carattere delicato 1 x 10 pz. &nbsp; I sigaretti St. Louis Blues Filter offrono un piacere di fumo semplice e piacevolmente delicato, di comprovata qualit\u00e0. Questi sigaretti si distinguono per la loro miscela di tabacco equilibrata e per il filtro integrato, che garantisce un&#8217;aspirazione [&hellip;]<\/p>\n","protected":false},"featured_media":61502,"template":"","meta":[],"product_brand":[1538],"product_cat":[2003,2058],"product_tag":[],"class_list":{"0":"post-61498","1":"product","2":"type-product","3":"status-publish","4":"has-post-thumbnail","6":"product_brand-villiger","7":"product_cat-mondo-dei-sigari","8":"product_cat-sigaretti","10":"first","11":"instock","12":"purchasable","13":"product-type-simple"},"yoast_head":"<!-- This site is optimized with the Yoast SEO plugin v27.5 - https:\/\/yoast.com\/product\/yoast-seo-wordpress\/ -->\n<title>Acquista filtri St. Louis Lues | Sigaretti con filtri<\/title>\n<meta name=\"description\" content=\"Acquista online i sigaretti St. Louis Lues Filter \u2713 Sigaretti leggeri con filtro \u2713 Aroma gradevole e fumo morbido \u2713 Ideali per l&#039;uso quotidiano \u27a4 Ordina ora!\" \/>\n<meta name=\"robots\" content=\"index, follow, max-snippet:-1, max-image-preview:large, max-video-preview:-1\" \/>\n<link rel=\"canonical\" href=\"https:\/\/www.tabakversand.ch\/it\/prodotto\/villiger-st-louis-blues-filtro\/\" \/>\n<meta property=\"og:locale\" content=\"it_IT\" \/>\n<meta property=\"og:type\" content=\"article\" \/>\n<meta property=\"og:title\" content=\"Acquista filtri St. Louis Lues | Sigaretti con filtri\" \/>\n<meta property=\"og:description\" content=\"Acquista online i sigaretti St. Louis Lues Filter \u2713 Sigaretti leggeri con filtro \u2713 Aroma gradevole e fumo morbido \u2713 Ideali per l&#039;uso quotidiano \u27a4 Ordina ora!\" \/>\n<meta property=\"og:url\" content=\"https:\/\/www.tabakversand.ch\/it\/prodotto\/villiger-st-louis-blues-filtro\/\" \/>\n<meta property=\"og:site_name\" content=\"Tabakversand.ch | Alles aus der Welt des Tabaks\" \/>\n<meta property=\"article:modified_time\" content=\"2026-03-23T11:09:40+00:00\" \/>\n<meta property=\"og:image\" content=\"https:\/\/www.tabakversand.ch\/wp-content\/uploads\/2022\/03\/villiger-st.louis-blues-filter.jpg\" \/>\n\t<meta property=\"og:image:width\" content=\"450\" \/>\n\t<meta property=\"og:image:height\" content=\"450\" \/>\n\t<meta property=\"og:image:type\" content=\"image\/jpeg\" \/>\n<meta name=\"twitter:card\" content=\"summary_large_image\" \/>\n<meta name=\"twitter:label1\" content=\"Tempo di lettura stimato\" \/>\n\t<meta name=\"twitter:data1\" content=\"2 minuti\" \/>\n<script type=\"application\/ld+json\" class=\"yoast-schema-graph\">{\"@context\":\"https:\\\/\\\/schema.org\",\"@graph\":[{\"@type\":\"WebPage\",\"@id\":\"https:\\\/\\\/www.tabakversand.ch\\\/it\\\/prodotto\\\/villiger-st-louis-blues-filtro\\\/\",\"url\":\"https:\\\/\\\/www.tabakversand.ch\\\/it\\\/prodotto\\\/villiger-st-louis-blues-filtro\\\/\",\"name\":\"Acquista filtri St. Louis Lues | Sigaretti con filtri\",\"isPartOf\":{\"@id\":\"https:\\\/\\\/www.tabakversand.ch\\\/#website\"},\"primaryImageOfPage\":{\"@id\":\"https:\\\/\\\/www.tabakversand.ch\\\/it\\\/prodotto\\\/villiger-st-louis-blues-filtro\\\/#primaryimage\"},\"image\":{\"@id\":\"https:\\\/\\\/www.tabakversand.ch\\\/it\\\/prodotto\\\/villiger-st-louis-blues-filtro\\\/#primaryimage\"},\"thumbnailUrl\":\"https:\\\/\\\/www.tabakversand.ch\\\/wp-content\\\/uploads\\\/2022\\\/03\\\/villiger-st.louis-blues-filter.jpg\",\"datePublished\":\"2022-04-02T09:34:26+00:00\",\"dateModified\":\"2026-03-23T11:09:40+00:00\",\"description\":\"Acquista online i sigaretti St. Louis Lues Filter \u2713 Sigaretti leggeri con filtro \u2713 Aroma gradevole e fumo morbido \u2713 Ideali per l&#39;uso quotidiano \u27a4 Ordina ora!\",\"breadcrumb\":{\"@id\":\"https:\\\/\\\/www.tabakversand.ch\\\/it\\\/prodotto\\\/villiger-st-louis-blues-filtro\\\/#breadcrumb\"},\"inLanguage\":\"it-IT\",\"potentialAction\":[{\"@type\":\"ReadAction\",\"target\":[\"https:\\\/\\\/www.tabakversand.ch\\\/it\\\/prodotto\\\/villiger-st-louis-blues-filtro\\\/\"]}]},{\"@type\":\"ImageObject\",\"inLanguage\":\"it-IT\",\"@id\":\"https:\\\/\\\/www.tabakversand.ch\\\/it\\\/prodotto\\\/villiger-st-louis-blues-filtro\\\/#primaryimage\",\"url\":\"https:\\\/\\\/www.tabakversand.ch\\\/wp-content\\\/uploads\\\/2022\\\/03\\\/villiger-st.louis-blues-filter.jpg\",\"contentUrl\":\"https:\\\/\\\/www.tabakversand.ch\\\/wp-content\\\/uploads\\\/2022\\\/03\\\/villiger-st.louis-blues-filter.jpg\",\"width\":450,\"height\":450,\"caption\":\"Filtro Villiger St. Louis Blues\"},{\"@type\":\"BreadcrumbList\",\"@id\":\"https:\\\/\\\/www.tabakversand.ch\\\/it\\\/prodotto\\\/villiger-st-louis-blues-filtro\\\/#breadcrumb\",\"itemListElement\":[{\"@type\":\"ListItem\",\"position\":1,\"name\":\"Startseite\",\"item\":\"https:\\\/\\\/www.tabakversand.ch\\\/\"},{\"@type\":\"ListItem\",\"position\":2,\"name\":\"Negozio\",\"item\":\"https:\\\/\\\/www.tabakversand.ch\\\/it\\\/negozio\\\/\"},{\"@type\":\"ListItem\",\"position\":3,\"name\":\"Filtro Villiger St. Louis Blues\"}]},{\"@type\":\"WebSite\",\"@id\":\"https:\\\/\\\/www.tabakversand.ch\\\/#website\",\"url\":\"https:\\\/\\\/www.tabakversand.ch\\\/\",\"name\":\"Tabakversand.ch | Alles aus der Welt des Tabaks\",\"description\":\"Smoke and carpe diem\",\"potentialAction\":[{\"@type\":\"SearchAction\",\"target\":{\"@type\":\"EntryPoint\",\"urlTemplate\":\"https:\\\/\\\/www.tabakversand.ch\\\/?s={search_term_string}\"},\"query-input\":{\"@type\":\"PropertyValueSpecification\",\"valueRequired\":true,\"valueName\":\"search_term_string\"}}],\"inLanguage\":\"it-IT\"}]}<\/script>\n<!-- \/ Yoast SEO plugin. -->","yoast_head_json":{"title":"Acquista filtri St. Louis Lues | Sigaretti con filtri","description":"Acquista online i sigaretti St. Louis Lues Filter \u2713 Sigaretti leggeri con filtro \u2713 Aroma gradevole e fumo morbido \u2713 Ideali per l&#39;uso quotidiano \u27a4 Ordina ora!","robots":{"index":"index","follow":"follow","max-snippet":"max-snippet:-1","max-image-preview":"max-image-preview:large","max-video-preview":"max-video-preview:-1"},"canonical":"https:\/\/www.tabakversand.ch\/it\/prodotto\/villiger-st-louis-blues-filtro\/","og_locale":"it_IT","og_type":"article","og_title":"Acquista filtri St. Louis Lues | Sigaretti con filtri","og_description":"Acquista online i sigaretti St. Louis Lues Filter \u2713 Sigaretti leggeri con filtro \u2713 Aroma gradevole e fumo morbido \u2713 Ideali per l&#39;uso quotidiano \u27a4 Ordina ora!","og_url":"https:\/\/www.tabakversand.ch\/it\/prodotto\/villiger-st-louis-blues-filtro\/","og_site_name":"Tabakversand.ch | Alles aus der Welt des Tabaks","article_modified_time":"2026-03-23T11:09:40+00:00","og_image":[{"width":450,"height":450,"url":"https:\/\/www.tabakversand.ch\/wp-content\/uploads\/2022\/03\/villiger-st.louis-blues-filter.jpg","type":"image\/jpeg"}],"twitter_card":"summary_large_image","twitter_misc":{"Tempo di lettura stimato":"2 minuti"},"schema":{"@context":"https:\/\/schema.org","@graph":[{"@type":"WebPage","@id":"https:\/\/www.tabakversand.ch\/it\/prodotto\/villiger-st-louis-blues-filtro\/","url":"https:\/\/www.tabakversand.ch\/it\/prodotto\/villiger-st-louis-blues-filtro\/","name":"Acquista filtri St. Louis Lues | Sigaretti con filtri","isPartOf":{"@id":"https:\/\/www.tabakversand.ch\/#website"},"primaryImageOfPage":{"@id":"https:\/\/www.tabakversand.ch\/it\/prodotto\/villiger-st-louis-blues-filtro\/#primaryimage"},"image":{"@id":"https:\/\/www.tabakversand.ch\/it\/prodotto\/villiger-st-louis-blues-filtro\/#primaryimage"},"thumbnailUrl":"https:\/\/www.tabakversand.ch\/wp-content\/uploads\/2022\/03\/villiger-st.louis-blues-filter.jpg","datePublished":"2022-04-02T09:34:26+00:00","dateModified":"2026-03-23T11:09:40+00:00","description":"Acquista online i sigaretti St. Louis Lues Filter \u2713 Sigaretti leggeri con filtro \u2713 Aroma gradevole e fumo morbido \u2713 Ideali per l&#39;uso quotidiano \u27a4 Ordina ora!","breadcrumb":{"@id":"https:\/\/www.tabakversand.ch\/it\/prodotto\/villiger-st-louis-blues-filtro\/#breadcrumb"},"inLanguage":"it-IT","potentialAction":[{"@type":"ReadAction","target":["https:\/\/www.tabakversand.ch\/it\/prodotto\/villiger-st-louis-blues-filtro\/"]}]},{"@type":"ImageObject","inLanguage":"it-IT","@id":"https:\/\/www.tabakversand.ch\/it\/prodotto\/villiger-st-louis-blues-filtro\/#primaryimage","url":"https:\/\/www.tabakversand.ch\/wp-content\/uploads\/2022\/03\/villiger-st.louis-blues-filter.jpg","contentUrl":"https:\/\/www.tabakversand.ch\/wp-content\/uploads\/2022\/03\/villiger-st.louis-blues-filter.jpg","width":450,"height":450,"caption":"Filtro Villiger St. Louis Blues"},{"@type":"BreadcrumbList","@id":"https:\/\/www.tabakversand.ch\/it\/prodotto\/villiger-st-louis-blues-filtro\/#breadcrumb","itemListElement":[{"@type":"ListItem","position":1,"name":"Startseite","item":"https:\/\/www.tabakversand.ch\/"},{"@type":"ListItem","position":2,"name":"Negozio","item":"https:\/\/www.tabakversand.ch\/it\/negozio\/"},{"@type":"ListItem","position":3,"name":"Filtro Villiger St. Louis Blues"}]},{"@type":"WebSite","@id":"https:\/\/www.tabakversand.ch\/#website","url":"https:\/\/www.tabakversand.ch\/","name":"Tabakversand.ch | Alles aus der Welt des Tabaks","description":"Smoke and carpe diem","potentialAction":[{"@type":"SearchAction","target":{"@type":"EntryPoint","urlTemplate":"https:\/\/www.tabakversand.ch\/?s={search_term_string}"},"query-input":{"@type":"PropertyValueSpecification","valueRequired":true,"valueName":"search_term_string"}}],"inLanguage":"it-IT"}]}},"_links":{"self":[{"href":"https:\/\/www.tabakversand.ch\/it\/wp-json\/wp\/v2\/product\/61498","targetHints":{"allow":["GET"]}}],"collection":[{"href":"https:\/\/www.tabakversand.ch\/it\/wp-json\/wp\/v2\/product"}],"about":[{"href":"https:\/\/www.tabakversand.ch\/it\/wp-json\/wp\/v2\/types\/product"}],"version-history":[{"count":2,"href":"https:\/\/www.tabakversand.ch\/it\/wp-json\/wp\/v2\/product\/61498\/revisions"}],"predecessor-version":[{"id":215853,"href":"https:\/\/www.tabakversand.ch\/it\/wp-json\/wp\/v2\/product\/61498\/revisions\/215853"}],"wp:featuredmedia":[{"embeddable":true,"href":"https:\/\/www.tabakversand.ch\/it\/wp-json\/wp\/v2\/media\/61502"}],"wp:attachment":[{"href":"https:\/\/www.tabakversand.ch\/it\/wp-json\/wp\/v2\/media?parent=61498"}],"wp:term":[{"taxonomy":"product_brand","embeddable":true,"href":"https:\/\/www.tabakversand.ch\/it\/wp-json\/wp\/v2\/product_brand?post=61498"},{"taxonomy":"product_cat","embeddable":true,"href":"https:\/\/www.tabakversand.ch\/it\/wp-json\/wp\/v2\/product_cat?post=61498"},{"taxonomy":"product_tag","embeddable":true,"href":"https:\/\/www.tabakversand.ch\/it\/wp-json\/wp\/v2\/product_tag?post=61498"}],"curies":[{"name":"wp","href":"https:\/\/api.w.org\/{rel}","templated":true}]}}