{"id":61518,"date":"2022-04-02T11:34:26","date_gmt":"2022-04-02T09:34:26","guid":{"rendered":"http:\/\/www.tabakversand.ch\/produkt\/villiger-mocca\/"},"modified":"2026-03-24T11:33:28","modified_gmt":"2026-03-24T10:33:28","slug":"villiger-mocca","status":"publish","type":"product","link":"https:\/\/www.tabakversand.ch\/it\/prodotto\/villiger-mocca\/","title":{"rendered":"Villiger Mocca"},"content":{"rendered":"<p>Villiger Mocca<\/p>\n<p>Sigari \/ mozziconi prodotti a macchina \u2013 Un classico delicato, aromatico e senza tempo.<\/p>\n<p>&nbsp;<\/p>\n<p>1 x 10 pz.<\/p>\n<p>Da decenni, i sigari Villiger Mocca sono sinonimo di un piacere di fumo affidabile e senza complicazioni, di altissima qualit\u00e0. Essendo una delle linee di sigari pi\u00f9 tradizionali della Svizzera, combinano tabacchi di alta qualit\u00e0, una lavorazione meticolosa e un profilo aromatico piacevolmente delicato. <\/p>\n<p>Questa miscela equilibrata di tabacchi provenienti dal Sud America e dall&#8217;Indonesia \u00e8 avvolta in una pregiata fascia brasiliana. Il risultato \u00e8 una fumata armoniosa e morbida, con delicate note di moka dolce e speziata, ideale per chi apprezza un fumo leggero ma al tempo stesso distintivo. <\/p>\n<p>Grazie al loro formato pratico, le Villiger Mocca Stumpen offrono circa 15-20 minuti di piacere, perfette per una breve pausa, con il caff\u00e8 o come piacevoli accompagnamenti nella vita di tutti i giorni.<\/p>\n<p>Caratteristiche principali del prodotto<\/p>\n<ul>\n<li>Aroma delicato ed equilibrato con una sottile nota di moka.<\/li>\n<li>Miscela di tabacco di alta qualit\u00e0 proveniente dal Sud America e dall&amp;#39;Indonesia.<\/li>\n<li>Squisita confezione brasiliana<\/li>\n<li>Tempo di affumicatura: circa 15-20 minuti<\/li>\n<li>Formato: lunghezza circa 100 mm \/ \u00d8 17 mm<\/li>\n<li>Comoda confezione da 10 pezzi: ideale da portare sempre con s\u00e9 o come regalo.<\/li>\n<\/ul>\n<p>&nbsp;<\/p>\n<p>Perch\u00e9 Villiger Mocca?<\/p>\n<p>Con Villiger Mocca Stumpen, scegliete l&#8217;autentica tradizione svizzera e una qualit\u00e0 costante. La combinazione di intensit\u00e0 moderata, profondit\u00e0 aromatica e formato pratico le rende la scelta perfetta sia per i principianti che per gli intenditori esperti. <\/p>\n<p>Scopri e divertiti ora<\/p>\n<p>Concedetevi una pausa rilassante con Villiger Mocca Stumpen e scoprite perch\u00e9 questo classico delizia generazioni di appassionati.<\/p>\n<p>Su tabakversand.ch riceverete i sigari Villiger Mocca ben conservati e nella loro confezione originale. Un&#8217;attenta conservazione garantisce che aroma, umidit\u00e0 e qualit\u00e0 siano preservati in modo ottimale fino alla spedizione. Grazie alla consegna rapida in tutta la Svizzera, i vostri sigari vi arriveranno solitamente in tempi brevissimi.  <\/p>\n<p>Per maggiori informazioni sul produttore, Villiger S\u00f6hne Holding, visita la voce corrispondente su Wikipedia: <a href=\"https:\/\/de.wikipedia.org\/wiki\/Villiger_S%C3%B6hne_Holding\">clicca qui<\/a> . Per qualsiasi domanda sul prodotto, non esitate a contattarci: <a href=\"https:\/\/www.tabakversand.ch\/kontakt\/\">clicca qui<\/a> . <\/p>\n<p>Tutti i prezzi si applicano solo agli ordini online e sono comprensivi di IVA. Soggetto a modifiche senza preavviso, escluse le spese di spedizione. Con riserva di errori, modifiche nell&#8217;ambito di consegna e nel design, errori di stampa e variazioni di prezzo. I prezzi barrati sono prezzi sostitutivi. Le illustrazioni possono differire dall&#8217;originale\/dall&#8217;ambito di consegna.<br \/>\n*Spedizione gratuita per ordini superiori a CHF 250.-.<\/p>\n","protected":false},"excerpt":{"rendered":"<p>Villiger Mocca Sigari \/ mozziconi prodotti a macchina \u2013 Un classico delicato, aromatico e senza tempo. &nbsp; 1 x 10 pz. Da decenni, i sigari Villiger Mocca sono sinonimo di un piacere di fumo affidabile e senza complicazioni, di altissima qualit\u00e0. Essendo una delle linee di sigari pi\u00f9 tradizionali della Svizzera, combinano tabacchi di alta [&hellip;]<\/p>\n","protected":false},"featured_media":61522,"template":"","meta":[],"product_brand":[1538],"product_cat":[2003,2192],"product_tag":[],"class_list":{"0":"post-61518","1":"product","2":"type-product","3":"status-publish","4":"has-post-thumbnail","6":"product_brand-villiger","7":"product_cat-mondo-dei-sigari","8":"product_cat-testa-sigari-ceppi","10":"first","11":"instock","12":"purchasable","13":"product-type-simple"},"yoast_head":"<!-- This site is optimized with the Yoast SEO plugin v27.0 - https:\/\/yoast.com\/product\/yoast-seo-wordpress\/ -->\n<title>Villiger Mocca Stumpen \u2013 Acquista online il classico svizzero<\/title>\n<meta name=\"description\" content=\"Un sigaro tradizionale dall&#039;aroma delicato: Villiger Mocca conquista con la sua miscela di tabacchi equilibrata e il fumo morbido. Scopritelo ora!\" \/>\n<meta name=\"robots\" content=\"index, follow, max-snippet:-1, max-image-preview:large, max-video-preview:-1\" \/>\n<link rel=\"canonical\" href=\"https:\/\/www.tabakversand.ch\/it\/prodotto\/villiger-mocca\/\" \/>\n<meta property=\"og:locale\" content=\"it_IT\" \/>\n<meta property=\"og:type\" content=\"article\" \/>\n<meta property=\"og:title\" content=\"Villiger Mocca Stumpen \u2013 Acquista online il classico svizzero\" \/>\n<meta property=\"og:description\" content=\"Un sigaro tradizionale dall&#039;aroma delicato: Villiger Mocca conquista con la sua miscela di tabacchi equilibrata e il fumo morbido. Scopritelo ora!\" \/>\n<meta property=\"og:url\" content=\"https:\/\/www.tabakversand.ch\/it\/prodotto\/villiger-mocca\/\" \/>\n<meta property=\"og:site_name\" content=\"Tabakversand.ch | Alles aus der Welt des Tabaks\" \/>\n<meta property=\"article:modified_time\" content=\"2026-03-24T10:33:28+00:00\" \/>\n<meta property=\"og:image\" content=\"https:\/\/www.tabakversand.ch\/wp-content\/uploads\/2022\/03\/villiger-mocca.jpg\" \/>\n\t<meta property=\"og:image:width\" content=\"450\" \/>\n\t<meta property=\"og:image:height\" content=\"450\" \/>\n\t<meta property=\"og:image:type\" content=\"image\/jpeg\" \/>\n<meta name=\"twitter:card\" content=\"summary_large_image\" \/>\n<meta name=\"twitter:label1\" content=\"Tempo di lettura stimato\" \/>\n\t<meta name=\"twitter:data1\" content=\"2 minuti\" \/>\n<script type=\"application\/ld+json\" class=\"yoast-schema-graph\">{\"@context\":\"https:\/\/schema.org\",\"@graph\":[{\"@type\":\"WebPage\",\"@id\":\"https:\/\/www.tabakversand.ch\/it\/prodotto\/villiger-mocca\/\",\"url\":\"https:\/\/www.tabakversand.ch\/it\/prodotto\/villiger-mocca\/\",\"name\":\"Villiger Mocca Stumpen \u2013 Acquista online il classico svizzero\",\"isPartOf\":{\"@id\":\"https:\/\/www.tabakversand.ch\/#website\"},\"primaryImageOfPage\":{\"@id\":\"https:\/\/www.tabakversand.ch\/it\/prodotto\/villiger-mocca\/#primaryimage\"},\"image\":{\"@id\":\"https:\/\/www.tabakversand.ch\/it\/prodotto\/villiger-mocca\/#primaryimage\"},\"thumbnailUrl\":\"https:\/\/www.tabakversand.ch\/wp-content\/uploads\/2022\/03\/villiger-mocca.jpg\",\"datePublished\":\"2022-04-02T09:34:26+00:00\",\"dateModified\":\"2026-03-24T10:33:28+00:00\",\"description\":\"Un sigaro tradizionale dall'aroma delicato: Villiger Mocca conquista con la sua miscela di tabacchi equilibrata e il fumo morbido. Scopritelo ora!\",\"breadcrumb\":{\"@id\":\"https:\/\/www.tabakversand.ch\/it\/prodotto\/villiger-mocca\/#breadcrumb\"},\"inLanguage\":\"it-IT\",\"potentialAction\":[{\"@type\":\"ReadAction\",\"target\":[\"https:\/\/www.tabakversand.ch\/it\/prodotto\/villiger-mocca\/\"]}]},{\"@type\":\"ImageObject\",\"inLanguage\":\"it-IT\",\"@id\":\"https:\/\/www.tabakversand.ch\/it\/prodotto\/villiger-mocca\/#primaryimage\",\"url\":\"https:\/\/www.tabakversand.ch\/wp-content\/uploads\/2022\/03\/villiger-mocca.jpg\",\"contentUrl\":\"https:\/\/www.tabakversand.ch\/wp-content\/uploads\/2022\/03\/villiger-mocca.jpg\",\"width\":450,\"height\":450,\"caption\":\"Villiger Mocca\"},{\"@type\":\"BreadcrumbList\",\"@id\":\"https:\/\/www.tabakversand.ch\/it\/prodotto\/villiger-mocca\/#breadcrumb\",\"itemListElement\":[{\"@type\":\"ListItem\",\"position\":1,\"name\":\"Startseite\",\"item\":\"https:\/\/www.tabakversand.ch\/\"},{\"@type\":\"ListItem\",\"position\":2,\"name\":\"Negozio\",\"item\":\"https:\/\/www.tabakversand.ch\/it\/negozio\/\"},{\"@type\":\"ListItem\",\"position\":3,\"name\":\"Villiger Mocca\"}]},{\"@type\":\"WebSite\",\"@id\":\"https:\/\/www.tabakversand.ch\/#website\",\"url\":\"https:\/\/www.tabakversand.ch\/\",\"name\":\"Tabakversand.ch | Alles aus der Welt des Tabaks\",\"description\":\"Smoke and carpe diem\",\"potentialAction\":[{\"@type\":\"SearchAction\",\"target\":{\"@type\":\"EntryPoint\",\"urlTemplate\":\"https:\/\/www.tabakversand.ch\/?s={search_term_string}\"},\"query-input\":{\"@type\":\"PropertyValueSpecification\",\"valueRequired\":true,\"valueName\":\"search_term_string\"}}],\"inLanguage\":\"it-IT\"}]}<\/script>\n<!-- \/ Yoast SEO plugin. -->","yoast_head_json":{"title":"Villiger Mocca Stumpen \u2013 Acquista online il classico svizzero","description":"Un sigaro tradizionale dall'aroma delicato: Villiger Mocca conquista con la sua miscela di tabacchi equilibrata e il fumo morbido. Scopritelo ora!","robots":{"index":"index","follow":"follow","max-snippet":"max-snippet:-1","max-image-preview":"max-image-preview:large","max-video-preview":"max-video-preview:-1"},"canonical":"https:\/\/www.tabakversand.ch\/it\/prodotto\/villiger-mocca\/","og_locale":"it_IT","og_type":"article","og_title":"Villiger Mocca Stumpen \u2013 Acquista online il classico svizzero","og_description":"Un sigaro tradizionale dall'aroma delicato: Villiger Mocca conquista con la sua miscela di tabacchi equilibrata e il fumo morbido. Scopritelo ora!","og_url":"https:\/\/www.tabakversand.ch\/it\/prodotto\/villiger-mocca\/","og_site_name":"Tabakversand.ch | Alles aus der Welt des Tabaks","article_modified_time":"2026-03-24T10:33:28+00:00","og_image":[{"width":450,"height":450,"url":"https:\/\/www.tabakversand.ch\/wp-content\/uploads\/2022\/03\/villiger-mocca.jpg","type":"image\/jpeg"}],"twitter_card":"summary_large_image","twitter_misc":{"Tempo di lettura stimato":"2 minuti"},"schema":{"@context":"https:\/\/schema.org","@graph":[{"@type":"WebPage","@id":"https:\/\/www.tabakversand.ch\/it\/prodotto\/villiger-mocca\/","url":"https:\/\/www.tabakversand.ch\/it\/prodotto\/villiger-mocca\/","name":"Villiger Mocca Stumpen \u2013 Acquista online il classico svizzero","isPartOf":{"@id":"https:\/\/www.tabakversand.ch\/#website"},"primaryImageOfPage":{"@id":"https:\/\/www.tabakversand.ch\/it\/prodotto\/villiger-mocca\/#primaryimage"},"image":{"@id":"https:\/\/www.tabakversand.ch\/it\/prodotto\/villiger-mocca\/#primaryimage"},"thumbnailUrl":"https:\/\/www.tabakversand.ch\/wp-content\/uploads\/2022\/03\/villiger-mocca.jpg","datePublished":"2022-04-02T09:34:26+00:00","dateModified":"2026-03-24T10:33:28+00:00","description":"Un sigaro tradizionale dall'aroma delicato: Villiger Mocca conquista con la sua miscela di tabacchi equilibrata e il fumo morbido. Scopritelo ora!","breadcrumb":{"@id":"https:\/\/www.tabakversand.ch\/it\/prodotto\/villiger-mocca\/#breadcrumb"},"inLanguage":"it-IT","potentialAction":[{"@type":"ReadAction","target":["https:\/\/www.tabakversand.ch\/it\/prodotto\/villiger-mocca\/"]}]},{"@type":"ImageObject","inLanguage":"it-IT","@id":"https:\/\/www.tabakversand.ch\/it\/prodotto\/villiger-mocca\/#primaryimage","url":"https:\/\/www.tabakversand.ch\/wp-content\/uploads\/2022\/03\/villiger-mocca.jpg","contentUrl":"https:\/\/www.tabakversand.ch\/wp-content\/uploads\/2022\/03\/villiger-mocca.jpg","width":450,"height":450,"caption":"Villiger Mocca"},{"@type":"BreadcrumbList","@id":"https:\/\/www.tabakversand.ch\/it\/prodotto\/villiger-mocca\/#breadcrumb","itemListElement":[{"@type":"ListItem","position":1,"name":"Startseite","item":"https:\/\/www.tabakversand.ch\/"},{"@type":"ListItem","position":2,"name":"Negozio","item":"https:\/\/www.tabakversand.ch\/it\/negozio\/"},{"@type":"ListItem","position":3,"name":"Villiger Mocca"}]},{"@type":"WebSite","@id":"https:\/\/www.tabakversand.ch\/#website","url":"https:\/\/www.tabakversand.ch\/","name":"Tabakversand.ch | Alles aus der Welt des Tabaks","description":"Smoke and carpe diem","potentialAction":[{"@type":"SearchAction","target":{"@type":"EntryPoint","urlTemplate":"https:\/\/www.tabakversand.ch\/?s={search_term_string}"},"query-input":{"@type":"PropertyValueSpecification","valueRequired":true,"valueName":"search_term_string"}}],"inLanguage":"it-IT"}]}},"_links":{"self":[{"href":"https:\/\/www.tabakversand.ch\/it\/wp-json\/wp\/v2\/product\/61518","targetHints":{"allow":["GET"]}}],"collection":[{"href":"https:\/\/www.tabakversand.ch\/it\/wp-json\/wp\/v2\/product"}],"about":[{"href":"https:\/\/www.tabakversand.ch\/it\/wp-json\/wp\/v2\/types\/product"}],"version-history":[{"count":2,"href":"https:\/\/www.tabakversand.ch\/it\/wp-json\/wp\/v2\/product\/61518\/revisions"}],"predecessor-version":[{"id":215908,"href":"https:\/\/www.tabakversand.ch\/it\/wp-json\/wp\/v2\/product\/61518\/revisions\/215908"}],"wp:featuredmedia":[{"embeddable":true,"href":"https:\/\/www.tabakversand.ch\/it\/wp-json\/wp\/v2\/media\/61522"}],"wp:attachment":[{"href":"https:\/\/www.tabakversand.ch\/it\/wp-json\/wp\/v2\/media?parent=61518"}],"wp:term":[{"taxonomy":"product_brand","embeddable":true,"href":"https:\/\/www.tabakversand.ch\/it\/wp-json\/wp\/v2\/product_brand?post=61518"},{"taxonomy":"product_cat","embeddable":true,"href":"https:\/\/www.tabakversand.ch\/it\/wp-json\/wp\/v2\/product_cat?post=61518"},{"taxonomy":"product_tag","embeddable":true,"href":"https:\/\/www.tabakversand.ch\/it\/wp-json\/wp\/v2\/product_tag?post=61518"}],"curies":[{"name":"wp","href":"https:\/\/api.w.org\/{rel}","templated":true}]}}