{"id":61534,"date":"2022-04-02T11:34:26","date_gmt":"2022-04-02T09:34:26","guid":{"rendered":"http:\/\/www.tabakversand.ch\/produkt\/villiger-premium-no-7-brasile\/"},"modified":"2026-03-23T15:19:58","modified_gmt":"2026-03-23T14:19:58","slug":"villiger-premium-no-7-brasil","status":"publish","type":"product","link":"https:\/\/www.tabakversand.ch\/it\/prodotto\/villiger-premium-no-7-brasil\/","title":{"rendered":"Villiger Premium No 7 Brasile"},"content":{"rendered":"<h1>Villiger Premium No 7 Brasile<\/h1>\n<p>Sigari\/tronchetti realizzati a macchina \u2013 Un piacere corposo con una variet\u00e0 di aromi brasiliani.<\/p>\n<ul>\n<li>1 x 5 pezzi.<\/li>\n<\/ul>\n<p>&nbsp;<\/p>\n<p>Il Villiger Premium No. 7 Brasil colpisce per il suo sapore eccezionalmente aromatico e corposo. Ci\u00f2 \u00e8 dovuto al ripieno accuratamente miscelato, composto da una variet\u00e0 di tabacchi brasiliani, che sprigionano un profilo aromatico particolarmente ricco e armonioso. La squisita fascia brasiliana esalta ulteriormente questi aromi e garantisce il caratteristico piacere delicato, speziato e leggermente dolce per cui questo sigaro \u00e8 rinomato.  <\/p>\n<p>\u2728 Punti salienti in sintesi:<\/p>\n<p>Miscela complessa di tabacco con tabacchi di riempimento brasiliani.<\/p>\n<p>Fascia brasiliana per un aroma intenso e avvolgente.<\/p>\n<p>Sapore corposo e aromatico con una delicata dolcezza<\/p>\n<p>Combustione uniforme e fumo gradevole<\/p>\n<p>Che si tratti di un breve momento di piacere tra una sigaretta e l&#8217;altra o di un rilassante epilogo di giornata, questo sigaro offre un&#8217;esperienza di fumo autentica ed equilibrata, dal carattere speciale.<\/p>\n<p>\ud83d\udccf Specifiche:<\/p>\n<p>Lunghezza: 101 mm<\/p>\n<p>Tempo di affumicatura: circa 15 minuti<\/p>\n<p>\ud83d\udca8 Consiglio per un&#8217;esperienza ottimale:<br \/>\n Da gustare preferibilmente liscio per apprezzare appieno i diversi aromi dei tabacchi brasiliani.<\/p>\n<p>\ud83d\udcab Conclusione:<br \/>\n Il Villiger Premium No. 7 Brasil \u00e8 la scelta ideale per gli intenditori che desiderano un&#8217;esperienza di fumo intensa, aromatica ma al contempo equilibrata, in un formato compatto.<\/p>\n<p>Su tabakversand.ch riceverete i sigari Villiger Premium No. 7 Brasil ben conservati e nella loro confezione originale. Un&#8217;attenta conservazione garantisce che aroma, umidit\u00e0 e qualit\u00e0 siano preservati in modo ottimale fino alla spedizione. Grazie alla consegna rapida in Svizzera, i vostri sigari arriveranno in genere molto velocemente.  <\/p>\n<p>Per maggiori informazioni sul produttore, Villiger S\u00f6hne Holding, visita la voce corrispondente su Wikipedia: <a href=\"https:\/\/de.wikipedia.org\/wiki\/Villiger_S%C3%B6hne_Holding\">clicca qui<\/a> . Per qualsiasi domanda sul prodotto, non esitate a contattarci: <a href=\"https:\/\/www.tabakversand.ch\/kontakt\/\">clicca qui<\/a> . <\/p>\n<p>Tutti i prezzi si applicano solo agli ordini online e sono comprensivi di IVA. Soggetto a modifiche senza preavviso, escluse le spese di spedizione. Con riserva di errori, modifiche nell&#8217;ambito di consegna e nel design, errori di stampa e variazioni di prezzo. I prezzi barrati sono prezzi sostitutivi. Le illustrazioni possono differire dall&#8217;originale\/dall&#8217;ambito di consegna.<br \/>\n*Spedizione gratuita per ordini superiori a CHF 250.-.<\/p>\n","protected":false},"excerpt":{"rendered":"<p>Villiger Premium No 7 Brasile Sigari\/tronchetti realizzati a macchina \u2013 Un piacere corposo con una variet\u00e0 di aromi brasiliani. 1 x 5 pezzi. &nbsp; Il Villiger Premium No. 7 Brasil colpisce per il suo sapore eccezionalmente aromatico e corposo. Ci\u00f2 \u00e8 dovuto al ripieno accuratamente miscelato, composto da una variet\u00e0 di tabacchi brasiliani, che sprigionano [&hellip;]<\/p>\n","protected":false},"featured_media":61538,"template":"","meta":[],"product_brand":[1538],"product_cat":[2003,2192],"product_tag":[],"class_list":{"0":"post-61534","1":"product","2":"type-product","3":"status-publish","4":"has-post-thumbnail","6":"product_brand-villiger","7":"product_cat-mondo-dei-sigari","8":"product_cat-testa-sigari-ceppi","10":"first","11":"instock","12":"purchasable","13":"product-type-simple"},"yoast_head":"<!-- This site is optimized with the Yoast SEO plugin v27.0 - https:\/\/yoast.com\/product\/yoast-seo-wordpress\/ -->\n<title>Acquista Villiger Premium No. 7 Brasile<\/title>\n<meta name=\"description\" content=\"Acquista Villiger Premium No. 7 Brazil online \u2713 Sapore corposo con tabacchi di riempimento brasiliani \u2713 Aromatico ed equilibrato\" \/>\n<meta name=\"robots\" content=\"index, follow, max-snippet:-1, max-image-preview:large, max-video-preview:-1\" \/>\n<link rel=\"canonical\" href=\"https:\/\/www.tabakversand.ch\/it\/prodotto\/villiger-premium-no-7-brasil\/\" \/>\n<meta property=\"og:locale\" content=\"it_IT\" \/>\n<meta property=\"og:type\" content=\"article\" \/>\n<meta property=\"og:title\" content=\"Acquista Villiger Premium No. 7 Brasile\" \/>\n<meta property=\"og:description\" content=\"Acquista Villiger Premium No. 7 Brazil online \u2713 Sapore corposo con tabacchi di riempimento brasiliani \u2713 Aromatico ed equilibrato\" \/>\n<meta property=\"og:url\" content=\"https:\/\/www.tabakversand.ch\/it\/prodotto\/villiger-premium-no-7-brasil\/\" \/>\n<meta property=\"og:site_name\" content=\"Tabakversand.ch | Alles aus der Welt des Tabaks\" \/>\n<meta property=\"article:modified_time\" content=\"2026-03-23T14:19:58+00:00\" \/>\n<meta property=\"og:image\" content=\"https:\/\/www.tabakversand.ch\/wp-content\/uploads\/2022\/03\/villiger-premium-no7-brasil.jpg\" \/>\n\t<meta property=\"og:image:width\" content=\"450\" \/>\n\t<meta property=\"og:image:height\" content=\"450\" \/>\n\t<meta property=\"og:image:type\" content=\"image\/jpeg\" \/>\n<meta name=\"twitter:card\" content=\"summary_large_image\" \/>\n<meta name=\"twitter:label1\" content=\"Tempo di lettura stimato\" \/>\n\t<meta name=\"twitter:data1\" content=\"2 minuti\" \/>\n<script type=\"application\/ld+json\" class=\"yoast-schema-graph\">{\"@context\":\"https:\/\/schema.org\",\"@graph\":[{\"@type\":\"WebPage\",\"@id\":\"https:\/\/www.tabakversand.ch\/it\/prodotto\/villiger-premium-no-7-brasil\/\",\"url\":\"https:\/\/www.tabakversand.ch\/it\/prodotto\/villiger-premium-no-7-brasil\/\",\"name\":\"Acquista Villiger Premium No. 7 Brasile\",\"isPartOf\":{\"@id\":\"https:\/\/www.tabakversand.ch\/#website\"},\"primaryImageOfPage\":{\"@id\":\"https:\/\/www.tabakversand.ch\/it\/prodotto\/villiger-premium-no-7-brasil\/#primaryimage\"},\"image\":{\"@id\":\"https:\/\/www.tabakversand.ch\/it\/prodotto\/villiger-premium-no-7-brasil\/#primaryimage\"},\"thumbnailUrl\":\"https:\/\/www.tabakversand.ch\/wp-content\/uploads\/2022\/03\/villiger-premium-no7-brasil.jpg\",\"datePublished\":\"2022-04-02T09:34:26+00:00\",\"dateModified\":\"2026-03-23T14:19:58+00:00\",\"description\":\"Acquista Villiger Premium No. 7 Brazil online \u2713 Sapore corposo con tabacchi di riempimento brasiliani \u2713 Aromatico ed equilibrato\",\"breadcrumb\":{\"@id\":\"https:\/\/www.tabakversand.ch\/it\/prodotto\/villiger-premium-no-7-brasil\/#breadcrumb\"},\"inLanguage\":\"it-IT\",\"potentialAction\":[{\"@type\":\"ReadAction\",\"target\":[\"https:\/\/www.tabakversand.ch\/it\/prodotto\/villiger-premium-no-7-brasil\/\"]}]},{\"@type\":\"ImageObject\",\"inLanguage\":\"it-IT\",\"@id\":\"https:\/\/www.tabakversand.ch\/it\/prodotto\/villiger-premium-no-7-brasil\/#primaryimage\",\"url\":\"https:\/\/www.tabakversand.ch\/wp-content\/uploads\/2022\/03\/villiger-premium-no7-brasil.jpg\",\"contentUrl\":\"https:\/\/www.tabakversand.ch\/wp-content\/uploads\/2022\/03\/villiger-premium-no7-brasil.jpg\",\"width\":450,\"height\":450,\"caption\":\"Villiger Premium No 7 Brasile\"},{\"@type\":\"BreadcrumbList\",\"@id\":\"https:\/\/www.tabakversand.ch\/it\/prodotto\/villiger-premium-no-7-brasil\/#breadcrumb\",\"itemListElement\":[{\"@type\":\"ListItem\",\"position\":1,\"name\":\"Startseite\",\"item\":\"https:\/\/www.tabakversand.ch\/\"},{\"@type\":\"ListItem\",\"position\":2,\"name\":\"Negozio\",\"item\":\"https:\/\/www.tabakversand.ch\/it\/negozio\/\"},{\"@type\":\"ListItem\",\"position\":3,\"name\":\"Villiger Premium No 7 Brasile\"}]},{\"@type\":\"WebSite\",\"@id\":\"https:\/\/www.tabakversand.ch\/#website\",\"url\":\"https:\/\/www.tabakversand.ch\/\",\"name\":\"Tabakversand.ch | Alles aus der Welt des Tabaks\",\"description\":\"Smoke and carpe diem\",\"potentialAction\":[{\"@type\":\"SearchAction\",\"target\":{\"@type\":\"EntryPoint\",\"urlTemplate\":\"https:\/\/www.tabakversand.ch\/?s={search_term_string}\"},\"query-input\":{\"@type\":\"PropertyValueSpecification\",\"valueRequired\":true,\"valueName\":\"search_term_string\"}}],\"inLanguage\":\"it-IT\"}]}<\/script>\n<!-- \/ Yoast SEO plugin. -->","yoast_head_json":{"title":"Acquista Villiger Premium No. 7 Brasile","description":"Acquista Villiger Premium No. 7 Brazil online \u2713 Sapore corposo con tabacchi di riempimento brasiliani \u2713 Aromatico ed equilibrato","robots":{"index":"index","follow":"follow","max-snippet":"max-snippet:-1","max-image-preview":"max-image-preview:large","max-video-preview":"max-video-preview:-1"},"canonical":"https:\/\/www.tabakversand.ch\/it\/prodotto\/villiger-premium-no-7-brasil\/","og_locale":"it_IT","og_type":"article","og_title":"Acquista Villiger Premium No. 7 Brasile","og_description":"Acquista Villiger Premium No. 7 Brazil online \u2713 Sapore corposo con tabacchi di riempimento brasiliani \u2713 Aromatico ed equilibrato","og_url":"https:\/\/www.tabakversand.ch\/it\/prodotto\/villiger-premium-no-7-brasil\/","og_site_name":"Tabakversand.ch | Alles aus der Welt des Tabaks","article_modified_time":"2026-03-23T14:19:58+00:00","og_image":[{"width":450,"height":450,"url":"https:\/\/www.tabakversand.ch\/wp-content\/uploads\/2022\/03\/villiger-premium-no7-brasil.jpg","type":"image\/jpeg"}],"twitter_card":"summary_large_image","twitter_misc":{"Tempo di lettura stimato":"2 minuti"},"schema":{"@context":"https:\/\/schema.org","@graph":[{"@type":"WebPage","@id":"https:\/\/www.tabakversand.ch\/it\/prodotto\/villiger-premium-no-7-brasil\/","url":"https:\/\/www.tabakversand.ch\/it\/prodotto\/villiger-premium-no-7-brasil\/","name":"Acquista Villiger Premium No. 7 Brasile","isPartOf":{"@id":"https:\/\/www.tabakversand.ch\/#website"},"primaryImageOfPage":{"@id":"https:\/\/www.tabakversand.ch\/it\/prodotto\/villiger-premium-no-7-brasil\/#primaryimage"},"image":{"@id":"https:\/\/www.tabakversand.ch\/it\/prodotto\/villiger-premium-no-7-brasil\/#primaryimage"},"thumbnailUrl":"https:\/\/www.tabakversand.ch\/wp-content\/uploads\/2022\/03\/villiger-premium-no7-brasil.jpg","datePublished":"2022-04-02T09:34:26+00:00","dateModified":"2026-03-23T14:19:58+00:00","description":"Acquista Villiger Premium No. 7 Brazil online \u2713 Sapore corposo con tabacchi di riempimento brasiliani \u2713 Aromatico ed equilibrato","breadcrumb":{"@id":"https:\/\/www.tabakversand.ch\/it\/prodotto\/villiger-premium-no-7-brasil\/#breadcrumb"},"inLanguage":"it-IT","potentialAction":[{"@type":"ReadAction","target":["https:\/\/www.tabakversand.ch\/it\/prodotto\/villiger-premium-no-7-brasil\/"]}]},{"@type":"ImageObject","inLanguage":"it-IT","@id":"https:\/\/www.tabakversand.ch\/it\/prodotto\/villiger-premium-no-7-brasil\/#primaryimage","url":"https:\/\/www.tabakversand.ch\/wp-content\/uploads\/2022\/03\/villiger-premium-no7-brasil.jpg","contentUrl":"https:\/\/www.tabakversand.ch\/wp-content\/uploads\/2022\/03\/villiger-premium-no7-brasil.jpg","width":450,"height":450,"caption":"Villiger Premium No 7 Brasile"},{"@type":"BreadcrumbList","@id":"https:\/\/www.tabakversand.ch\/it\/prodotto\/villiger-premium-no-7-brasil\/#breadcrumb","itemListElement":[{"@type":"ListItem","position":1,"name":"Startseite","item":"https:\/\/www.tabakversand.ch\/"},{"@type":"ListItem","position":2,"name":"Negozio","item":"https:\/\/www.tabakversand.ch\/it\/negozio\/"},{"@type":"ListItem","position":3,"name":"Villiger Premium No 7 Brasile"}]},{"@type":"WebSite","@id":"https:\/\/www.tabakversand.ch\/#website","url":"https:\/\/www.tabakversand.ch\/","name":"Tabakversand.ch | Alles aus der Welt des Tabaks","description":"Smoke and carpe diem","potentialAction":[{"@type":"SearchAction","target":{"@type":"EntryPoint","urlTemplate":"https:\/\/www.tabakversand.ch\/?s={search_term_string}"},"query-input":{"@type":"PropertyValueSpecification","valueRequired":true,"valueName":"search_term_string"}}],"inLanguage":"it-IT"}]}},"_links":{"self":[{"href":"https:\/\/www.tabakversand.ch\/it\/wp-json\/wp\/v2\/product\/61534","targetHints":{"allow":["GET"]}}],"collection":[{"href":"https:\/\/www.tabakversand.ch\/it\/wp-json\/wp\/v2\/product"}],"about":[{"href":"https:\/\/www.tabakversand.ch\/it\/wp-json\/wp\/v2\/types\/product"}],"version-history":[{"count":2,"href":"https:\/\/www.tabakversand.ch\/it\/wp-json\/wp\/v2\/product\/61534\/revisions"}],"predecessor-version":[{"id":215880,"href":"https:\/\/www.tabakversand.ch\/it\/wp-json\/wp\/v2\/product\/61534\/revisions\/215880"}],"wp:featuredmedia":[{"embeddable":true,"href":"https:\/\/www.tabakversand.ch\/it\/wp-json\/wp\/v2\/media\/61538"}],"wp:attachment":[{"href":"https:\/\/www.tabakversand.ch\/it\/wp-json\/wp\/v2\/media?parent=61534"}],"wp:term":[{"taxonomy":"product_brand","embeddable":true,"href":"https:\/\/www.tabakversand.ch\/it\/wp-json\/wp\/v2\/product_brand?post=61534"},{"taxonomy":"product_cat","embeddable":true,"href":"https:\/\/www.tabakversand.ch\/it\/wp-json\/wp\/v2\/product_cat?post=61534"},{"taxonomy":"product_tag","embeddable":true,"href":"https:\/\/www.tabakversand.ch\/it\/wp-json\/wp\/v2\/product_tag?post=61534"}],"curies":[{"name":"wp","href":"https:\/\/api.w.org\/{rel}","templated":true}]}}