{"id":61561,"date":"2022-04-02T11:34:16","date_gmt":"2022-04-02T09:34:16","guid":{"rendered":"http:\/\/www.tabakversand.ch\/produkt\/willy-king-tabacco-da-pipa\/"},"modified":"2026-04-14T16:10:05","modified_gmt":"2026-04-14T14:10:05","slug":"tabacco-da-pipa-willy-king","status":"publish","type":"product","link":"https:\/\/www.tabakversand.ch\/it\/prodotto\/tabacco-da-pipa-willy-king\/","title":{"rendered":"Willy King"},"content":{"rendered":"<h1>Willy King<\/h1>\n<p>Tabacco sfuso da pipa: maturit\u00e0, profondit\u00e0 ed eleganza aromatica.<\/p>\n<ul>\n<li>1 x 100 gr.<\/li>\n<\/ul>\n<p>&nbsp;<\/p>\n<p>Willy King \u00e8 sinonimo di un&#8217;esperienza di fumo di pipa eccezionalmente equilibrata e aromatica. Disponibile sfusa, questa miscela di alta qualit\u00e0 colpisce per la sua armoniosa composizione di tabacchi Virginia e Burley accuratamente selezionati e invecchiati per oltre tre anni, per un aroma particolarmente intenso e raffinato. <\/p>\n<p>Una generosa quantit\u00e0 di tabacco Kentucky e Orientale essiccato a fuoco conferisce alla miscela ulteriore profondit\u00e0 e una piacevole nota speziata. Una consistente quantit\u00e0 di Black Cavendish fornisce una base morbida e corposa, mentre le punte brillanti del Virginia alleggeriscono la miscela e aggiungono una delicata freschezza. Il tutto \u00e8 completato da un sottile aroma di frutta matura e vaniglia, che delizia sia il palato che l&#8217;ambiente circostante.  <\/p>\n<p>I tuoi vantaggi in sintesi:<\/p>\n<p>\ud83c\udf42 Miscela di alta qualit\u00e0 di Virginia, Burley e Black Cavendish<\/p>\n<p>\u23f3 Invecchiato per oltre 3 anni \u2013 intenso e armonioso al gusto<\/p>\n<p>\ud83d\udd25 Con tabacco Kentucky e orientale per una maggiore profondit\u00e0 e un tocco speziato<\/p>\n<p>\ud83c\udf53\ud83c\udf66 Note fruttate e delicato aroma di vaniglia<\/p>\n<p>\ud83d\udd25 Combustione uniforme e fumo omogeneo<\/p>\n<p>\u2696\ufe0f Disponibile sfuso \u2013 fresco e porzionato singolarmente<\/p>\n<p>\ud83d\udc4c Ideale per intenditori e buongustai esigenti<\/p>\n<p>Il tabacco da pipa Willy King Mixture offre un&#8217;esperienza di fumo elegante e sfaccettata: corposo, equilibrato e dal carattere distintivo.<\/p>\n<p>Scopritelo ora e provate il vero piacere di una pipa di alta qualit\u00e0.<\/p>\n<p>Su tabakversand.ch riceverete tabacco da pipa sfuso Willy King, conservato in modo appropriato. Un&#8217;attenta conservazione garantisce che aroma, umidit\u00e0 e qualit\u00e0 siano preservati al meglio fino alla spedizione. Grazie alla consegna rapida in Svizzera, il vostro tabacco da pipa arriver\u00e0 solitamente in tempi brevissimi.  <\/p>\n<p>Per maggiori informazioni sul tabacco da pipa, visita la relativa voce di Wikipedia: <a href=\"https:\/\/de.wikipedia.org\/wiki\/Tabakpfeife#Pfeifentabak\">clicca qui<\/a> . Se hai domande sul prodotto, non esitare a contattarci: <a href=\"https:\/\/www.tabakversand.ch\/kontakt\/\">clicca qui<\/a> . <\/p>\n<p>Tutti i prezzi sono validi solo per gli ordini online e includono l&#8217;IVA, sono soggetti a modifiche senza preavviso e non includono le spese di spedizione.   Con riserva di errori, modifiche nella fornitura e nella progettazione, errori di stampa e modifiche dei prezzi. I prezzi barrati sono invece prezzi. L&#8217;immagine pu\u00f2 differire dall&#8217;originale\/dalla fornitura.<br \/>\n*Spedizione gratuita per ordini superiori a CHF 250.-.<\/p>\n","protected":false},"excerpt":{"rendered":"<p>Willy King Tabacco sfuso da pipa: maturit\u00e0, profondit\u00e0 ed eleganza aromatica. 1 x 100 gr. &nbsp; Willy King \u00e8 sinonimo di un&#8217;esperienza di fumo di pipa eccezionalmente equilibrata e aromatica. Disponibile sfusa, questa miscela di alta qualit\u00e0 colpisce per la sua armoniosa composizione di tabacchi Virginia e Burley accuratamente selezionati e invecchiati per oltre tre [&hellip;]<\/p>\n","protected":false},"featured_media":60310,"template":"","meta":[],"product_brand":[5512,5858],"product_cat":[5835,1944,1889,2050],"product_tag":[],"class_list":{"0":"post-61561","1":"product","2":"type-product","3":"status-publish","4":"has-post-thumbnail","6":"product_brand-offen-pfeifentabak","7":"product_brand-willy-king-pfeifentabak-offen","8":"product_cat-aprire","9":"product_cat-mondo-pipe","10":"product_cat-tabacco","11":"product_cat-tabacco-da-pipa-it","13":"first","14":"onbackorder","15":"purchasable","16":"product-type-simple"},"yoast_head":"<!-- This site is optimized with the Yoast SEO plugin v27.5 - https:\/\/yoast.com\/product\/yoast-seo-wordpress\/ -->\n<title>Acquista tabacco da pipa sfuso Willy King Mixture | Aromatico e invecchiato<\/title>\n<meta name=\"description\" content=\"Miscela di tabacco da pipa Willy King \u2713 Invecchiato per 3 anni \u2713 Virginia, Burley e Black Cavendish \u2713 Fruttato, vanigliato e corposo \u27a4 Ordina online ora!\" \/>\n<meta name=\"robots\" content=\"index, follow, max-snippet:-1, max-image-preview:large, max-video-preview:-1\" \/>\n<link rel=\"canonical\" href=\"https:\/\/www.tabakversand.ch\/it\/prodotto\/tabacco-da-pipa-willy-king\/\" \/>\n<meta property=\"og:locale\" content=\"it_IT\" \/>\n<meta property=\"og:type\" content=\"article\" \/>\n<meta property=\"og:title\" content=\"Acquista tabacco da pipa sfuso Willy King Mixture | Aromatico e invecchiato\" \/>\n<meta property=\"og:description\" content=\"Miscela di tabacco da pipa Willy King \u2713 Invecchiato per 3 anni \u2713 Virginia, Burley e Black Cavendish \u2713 Fruttato, vanigliato e corposo \u27a4 Ordina online ora!\" \/>\n<meta property=\"og:url\" content=\"https:\/\/www.tabakversand.ch\/it\/prodotto\/tabacco-da-pipa-willy-king\/\" \/>\n<meta property=\"og:site_name\" content=\"Tabakversand.ch | Alles aus der Welt des Tabaks\" \/>\n<meta property=\"article:modified_time\" content=\"2026-04-14T14:10:05+00:00\" \/>\n<meta property=\"og:image\" content=\"https:\/\/www.tabakversand.ch\/wp-content\/uploads\/2022\/03\/tabakachermann-tabakbar.jpg\" \/>\n\t<meta property=\"og:image:width\" content=\"375\" \/>\n\t<meta property=\"og:image:height\" content=\"500\" \/>\n\t<meta property=\"og:image:type\" content=\"image\/jpeg\" \/>\n<meta name=\"twitter:card\" content=\"summary_large_image\" \/>\n<meta name=\"twitter:label1\" content=\"Tempo di lettura stimato\" \/>\n\t<meta name=\"twitter:data1\" content=\"2 minuti\" \/>\n<script type=\"application\/ld+json\" class=\"yoast-schema-graph\">{\"@context\":\"https:\\\/\\\/schema.org\",\"@graph\":[{\"@type\":\"WebPage\",\"@id\":\"https:\\\/\\\/www.tabakversand.ch\\\/it\\\/prodotto\\\/tabacco-da-pipa-willy-king\\\/\",\"url\":\"https:\\\/\\\/www.tabakversand.ch\\\/it\\\/prodotto\\\/tabacco-da-pipa-willy-king\\\/\",\"name\":\"Acquista tabacco da pipa sfuso Willy King Mixture | Aromatico e invecchiato\",\"isPartOf\":{\"@id\":\"https:\\\/\\\/www.tabakversand.ch\\\/#website\"},\"primaryImageOfPage\":{\"@id\":\"https:\\\/\\\/www.tabakversand.ch\\\/it\\\/prodotto\\\/tabacco-da-pipa-willy-king\\\/#primaryimage\"},\"image\":{\"@id\":\"https:\\\/\\\/www.tabakversand.ch\\\/it\\\/prodotto\\\/tabacco-da-pipa-willy-king\\\/#primaryimage\"},\"thumbnailUrl\":\"https:\\\/\\\/www.tabakversand.ch\\\/wp-content\\\/uploads\\\/2022\\\/03\\\/tabakachermann-tabakbar.jpg\",\"datePublished\":\"2022-04-02T09:34:16+00:00\",\"dateModified\":\"2026-04-14T14:10:05+00:00\",\"description\":\"Miscela di tabacco da pipa Willy King \u2713 Invecchiato per 3 anni \u2713 Virginia, Burley e Black Cavendish \u2713 Fruttato, vanigliato e corposo \u27a4 Ordina online ora!\",\"breadcrumb\":{\"@id\":\"https:\\\/\\\/www.tabakversand.ch\\\/it\\\/prodotto\\\/tabacco-da-pipa-willy-king\\\/#breadcrumb\"},\"inLanguage\":\"it-IT\",\"potentialAction\":[{\"@type\":\"ReadAction\",\"target\":[\"https:\\\/\\\/www.tabakversand.ch\\\/it\\\/prodotto\\\/tabacco-da-pipa-willy-king\\\/\"]}]},{\"@type\":\"ImageObject\",\"inLanguage\":\"it-IT\",\"@id\":\"https:\\\/\\\/www.tabakversand.ch\\\/it\\\/prodotto\\\/tabacco-da-pipa-willy-king\\\/#primaryimage\",\"url\":\"https:\\\/\\\/www.tabakversand.ch\\\/wp-content\\\/uploads\\\/2022\\\/03\\\/tabakachermann-tabakbar.jpg\",\"contentUrl\":\"https:\\\/\\\/www.tabakversand.ch\\\/wp-content\\\/uploads\\\/2022\\\/03\\\/tabakachermann-tabakbar.jpg\",\"width\":375,\"height\":500,\"caption\":\"Tabacco da pipa alla vaniglia 100 gr.\"},{\"@type\":\"BreadcrumbList\",\"@id\":\"https:\\\/\\\/www.tabakversand.ch\\\/it\\\/prodotto\\\/tabacco-da-pipa-willy-king\\\/#breadcrumb\",\"itemListElement\":[{\"@type\":\"ListItem\",\"position\":1,\"name\":\"Startseite\",\"item\":\"https:\\\/\\\/www.tabakversand.ch\\\/\"},{\"@type\":\"ListItem\",\"position\":2,\"name\":\"Negozio\",\"item\":\"https:\\\/\\\/www.tabakversand.ch\\\/it\\\/negozio\\\/\"},{\"@type\":\"ListItem\",\"position\":3,\"name\":\"Willy King\"}]},{\"@type\":\"WebSite\",\"@id\":\"https:\\\/\\\/www.tabakversand.ch\\\/#website\",\"url\":\"https:\\\/\\\/www.tabakversand.ch\\\/\",\"name\":\"Tabakversand.ch | Alles aus der Welt des Tabaks\",\"description\":\"Smoke and carpe diem\",\"potentialAction\":[{\"@type\":\"SearchAction\",\"target\":{\"@type\":\"EntryPoint\",\"urlTemplate\":\"https:\\\/\\\/www.tabakversand.ch\\\/?s={search_term_string}\"},\"query-input\":{\"@type\":\"PropertyValueSpecification\",\"valueRequired\":true,\"valueName\":\"search_term_string\"}}],\"inLanguage\":\"it-IT\"}]}<\/script>\n<!-- \/ Yoast SEO plugin. -->","yoast_head_json":{"title":"Acquista tabacco da pipa sfuso Willy King Mixture | Aromatico e invecchiato","description":"Miscela di tabacco da pipa Willy King \u2713 Invecchiato per 3 anni \u2713 Virginia, Burley e Black Cavendish \u2713 Fruttato, vanigliato e corposo \u27a4 Ordina online ora!","robots":{"index":"index","follow":"follow","max-snippet":"max-snippet:-1","max-image-preview":"max-image-preview:large","max-video-preview":"max-video-preview:-1"},"canonical":"https:\/\/www.tabakversand.ch\/it\/prodotto\/tabacco-da-pipa-willy-king\/","og_locale":"it_IT","og_type":"article","og_title":"Acquista tabacco da pipa sfuso Willy King Mixture | Aromatico e invecchiato","og_description":"Miscela di tabacco da pipa Willy King \u2713 Invecchiato per 3 anni \u2713 Virginia, Burley e Black Cavendish \u2713 Fruttato, vanigliato e corposo \u27a4 Ordina online ora!","og_url":"https:\/\/www.tabakversand.ch\/it\/prodotto\/tabacco-da-pipa-willy-king\/","og_site_name":"Tabakversand.ch | Alles aus der Welt des Tabaks","article_modified_time":"2026-04-14T14:10:05+00:00","og_image":[{"width":375,"height":500,"url":"https:\/\/www.tabakversand.ch\/wp-content\/uploads\/2022\/03\/tabakachermann-tabakbar.jpg","type":"image\/jpeg"}],"twitter_card":"summary_large_image","twitter_misc":{"Tempo di lettura stimato":"2 minuti"},"schema":{"@context":"https:\/\/schema.org","@graph":[{"@type":"WebPage","@id":"https:\/\/www.tabakversand.ch\/it\/prodotto\/tabacco-da-pipa-willy-king\/","url":"https:\/\/www.tabakversand.ch\/it\/prodotto\/tabacco-da-pipa-willy-king\/","name":"Acquista tabacco da pipa sfuso Willy King Mixture | Aromatico e invecchiato","isPartOf":{"@id":"https:\/\/www.tabakversand.ch\/#website"},"primaryImageOfPage":{"@id":"https:\/\/www.tabakversand.ch\/it\/prodotto\/tabacco-da-pipa-willy-king\/#primaryimage"},"image":{"@id":"https:\/\/www.tabakversand.ch\/it\/prodotto\/tabacco-da-pipa-willy-king\/#primaryimage"},"thumbnailUrl":"https:\/\/www.tabakversand.ch\/wp-content\/uploads\/2022\/03\/tabakachermann-tabakbar.jpg","datePublished":"2022-04-02T09:34:16+00:00","dateModified":"2026-04-14T14:10:05+00:00","description":"Miscela di tabacco da pipa Willy King \u2713 Invecchiato per 3 anni \u2713 Virginia, Burley e Black Cavendish \u2713 Fruttato, vanigliato e corposo \u27a4 Ordina online ora!","breadcrumb":{"@id":"https:\/\/www.tabakversand.ch\/it\/prodotto\/tabacco-da-pipa-willy-king\/#breadcrumb"},"inLanguage":"it-IT","potentialAction":[{"@type":"ReadAction","target":["https:\/\/www.tabakversand.ch\/it\/prodotto\/tabacco-da-pipa-willy-king\/"]}]},{"@type":"ImageObject","inLanguage":"it-IT","@id":"https:\/\/www.tabakversand.ch\/it\/prodotto\/tabacco-da-pipa-willy-king\/#primaryimage","url":"https:\/\/www.tabakversand.ch\/wp-content\/uploads\/2022\/03\/tabakachermann-tabakbar.jpg","contentUrl":"https:\/\/www.tabakversand.ch\/wp-content\/uploads\/2022\/03\/tabakachermann-tabakbar.jpg","width":375,"height":500,"caption":"Tabacco da pipa alla vaniglia 100 gr."},{"@type":"BreadcrumbList","@id":"https:\/\/www.tabakversand.ch\/it\/prodotto\/tabacco-da-pipa-willy-king\/#breadcrumb","itemListElement":[{"@type":"ListItem","position":1,"name":"Startseite","item":"https:\/\/www.tabakversand.ch\/"},{"@type":"ListItem","position":2,"name":"Negozio","item":"https:\/\/www.tabakversand.ch\/it\/negozio\/"},{"@type":"ListItem","position":3,"name":"Willy King"}]},{"@type":"WebSite","@id":"https:\/\/www.tabakversand.ch\/#website","url":"https:\/\/www.tabakversand.ch\/","name":"Tabakversand.ch | Alles aus der Welt des Tabaks","description":"Smoke and carpe diem","potentialAction":[{"@type":"SearchAction","target":{"@type":"EntryPoint","urlTemplate":"https:\/\/www.tabakversand.ch\/?s={search_term_string}"},"query-input":{"@type":"PropertyValueSpecification","valueRequired":true,"valueName":"search_term_string"}}],"inLanguage":"it-IT"}]}},"_links":{"self":[{"href":"https:\/\/www.tabakversand.ch\/it\/wp-json\/wp\/v2\/product\/61561","targetHints":{"allow":["GET"]}}],"collection":[{"href":"https:\/\/www.tabakversand.ch\/it\/wp-json\/wp\/v2\/product"}],"about":[{"href":"https:\/\/www.tabakversand.ch\/it\/wp-json\/wp\/v2\/types\/product"}],"version-history":[{"count":3,"href":"https:\/\/www.tabakversand.ch\/it\/wp-json\/wp\/v2\/product\/61561\/revisions"}],"predecessor-version":[{"id":218053,"href":"https:\/\/www.tabakversand.ch\/it\/wp-json\/wp\/v2\/product\/61561\/revisions\/218053"}],"wp:featuredmedia":[{"embeddable":true,"href":"https:\/\/www.tabakversand.ch\/it\/wp-json\/wp\/v2\/media\/60310"}],"wp:attachment":[{"href":"https:\/\/www.tabakversand.ch\/it\/wp-json\/wp\/v2\/media?parent=61561"}],"wp:term":[{"taxonomy":"product_brand","embeddable":true,"href":"https:\/\/www.tabakversand.ch\/it\/wp-json\/wp\/v2\/product_brand?post=61561"},{"taxonomy":"product_cat","embeddable":true,"href":"https:\/\/www.tabakversand.ch\/it\/wp-json\/wp\/v2\/product_cat?post=61561"},{"taxonomy":"product_tag","embeddable":true,"href":"https:\/\/www.tabakversand.ch\/it\/wp-json\/wp\/v2\/product_tag?post=61561"}],"curies":[{"name":"wp","href":"https:\/\/api.w.org\/{rel}","templated":true}]}}