{"id":62043,"date":"2022-04-02T11:32:41","date_gmt":"2022-04-02T09:32:41","guid":{"rendered":"http:\/\/www.tabakversand.ch\/produkt\/peterson-early-morning-pipe-pipe-tabacco-50-gr\/"},"modified":"2026-04-13T19:37:39","modified_gmt":"2026-04-13T17:37:39","slug":"peterson-early-morning","status":"publish","type":"product","link":"https:\/\/www.tabakversand.ch\/it\/prodotto\/peterson-early-morning\/","title":{"rendered":"Peterson mattina presto"},"content":{"rendered":"<h1>Peterson mattina presto<\/h1>\n<p data-start=\"135\" data-end=\"548\">Peterson Early Morning \u00e8 una delle miscele tradizionali inglesi che ha goduto di grande popolarit\u00e0 per decenni sotto il marchio Dunhill. Nel 2019, alcune miscele Dunhill precedentemente fuori produzione sono state ufficialmente acquisite da Peterson e rilanciate con il proprio nome. Le ricette sono rimaste invariate: stesso tabacco, stessa confezione, solo il marchio \u00e8 nuovo.  <\/p>\n<p data-start=\"550\" data-end=\"876\">Questa classica miscela inglese combina Virginia, vari tabacchi orientali e Latakia scuro. L&#8217;aroma \u00e8 equilibrato e complesso: fieno, terroso, affumicato e leggermente floreale. Il Latakia non \u00e8 il sapore dominante, ma piuttosto completa sottilmente la composizione con una nota affumicata distintiva ma armoniosa.  <\/p>\n<p data-start=\"878\" data-end=\"1203\">Il taglio \u00e8 il tipico taglio inglese, a fibre lunghe e sciolte. Il tabacco \u00e8 pressato relativamente stretto nella scatola e ha un contenuto di umidit\u00e0 pi\u00f9 elevato. Si consiglia quindi di sgranarlo bene prima di imballarlo e, se necessario, di lasciarlo asciugare leggermente per ottenere caratteristiche di fumo ottimali.  <\/p>\n<h3 data-start=\"1205\" data-end=\"1225\">Caratteristiche del prodotto:<\/h3>\n<ul data-start=\"1226\" data-end=\"1438\">\n<li data-start=\"1226\" data-end=\"1259\">\n<p data-start=\"1228\" data-end=\"1259\">Miscela inglese classica<\/p>\n<\/li>\n<li data-start=\"1260\" data-end=\"1296\">\n<p data-start=\"1262\" data-end=\"1296\">Virginia, tabacco orientale e Latakia<\/p>\n<\/li>\n<li data-start=\"1297\" data-end=\"1354\">\n<p data-start=\"1299\" data-end=\"1354\">Aroma di tabacco naturale senza aromi artificiali<\/p>\n<\/li>\n<li data-start=\"1355\" data-end=\"1403\">\n<p data-start=\"1357\" data-end=\"1403\">Complesso, equilibrato e delicatamente affumicato<\/p>\n<\/li>\n<li data-start=\"1404\" data-end=\"1438\">\n<p data-start=\"1406\" data-end=\"1438\">Tipico taglio inglese sciolto<\/p>\n<\/li>\n<\/ul>\n<p data-start=\"1440\" data-end=\"1631\" data-is-last-node=\"\" data-is-only-node=\"\">Peterson Early Morning \u00e8 la scelta ideale per gli amanti delle miscele inglesi naturali ed \u00e8, come suggerisce il nome, perfetto per iniziare la giornata con piacere.<\/p>\n<ul>\n<li>Forza: 3, Aroma: 1, Nota stanza: 3<\/li>\n<li>1 x 50 gr.<\/li>\n<\/ul>\n<p>Su tabakversand.ch riceverete il tabacco da pipa Peterson Early Morning fresco di conservazione e nella sua confezione originale. Una conservazione accurata garantisce che l&#8217;aroma, l&#8217;umidit\u00e0 e la qualit\u00e0 siano preservati in modo ottimale fino alla spedizione. Grazie alla consegna rapida in Svizzera, il vostro tabacco da fiuto arriver\u00e0 solitamente in breve tempo.  <\/p>\n<p>Per maggiori informazioni sul produttore Peterson di Dublino, visita la voce corrispondente su Wikipedia: <a href=\"https:\/\/en.wikipedia.org\/wiki\/Peterson_Pipes#Tobacco\">clicca qui<\/a> . Per qualsiasi domanda sul prodotto, non esitare a contattarci: <a href=\"https:\/\/www.tabakversand.ch\/kontakt\/\">clicca qui<\/a> . <\/p>\n<p>Tutti i prezzi sono validi solo per gli ordini online e includono l&#8217;IVA, sono soggetti a modifiche senza preavviso e non includono le spese di spedizione.   Con riserva di errori, modifiche nella fornitura e nella progettazione, errori di stampa e modifiche dei prezzi. I prezzi barrati sono invece prezzi. L&#8217;immagine pu\u00f2 differire dall&#8217;originale\/dalla fornitura.<br \/>\n*Spedizione gratuita per ordini superiori a CHF 250.-.<\/p>\n","protected":false},"excerpt":{"rendered":"<p>Peterson mattina presto Peterson Early Morning \u00e8 una delle miscele tradizionali inglesi che ha goduto di grande popolarit\u00e0 per decenni sotto il marchio Dunhill. Nel 2019, alcune miscele Dunhill precedentemente fuori produzione sono state ufficialmente acquisite da Peterson e rilanciate con il proprio nome. Le ricette sono rimaste invariate: stesso tabacco, stessa confezione, solo il [&hellip;]<\/p>\n","protected":false},"featured_media":62047,"template":"","meta":[],"product_brand":[1807],"product_cat":[5810,1944,1889,2050],"product_tag":[],"class_list":{"0":"post-62043","1":"product","2":"type-product","3":"status-publish","4":"has-post-thumbnail","6":"product_brand-peterson-pfeifen-und-pfeifentabak","7":"product_cat-canta","8":"product_cat-mondo-pipe","9":"product_cat-tabacco","10":"product_cat-tabacco-da-pipa-it","12":"first","13":"onbackorder","14":"purchasable","15":"product-type-simple"},"yoast_head":"<!-- This site is optimized with the Yoast SEO plugin v27.5 - https:\/\/yoast.com\/product\/yoast-seo-wordpress\/ -->\n<title>Acquista tabacco da pipa Peterson Early Morning<\/title>\n<meta name=\"description\" content=\"Tabacco da pipa Peterson Early Morning: una miscela inglese equilibrata con una delicata nota di Latakia. Delicato, speziato e ideale per iniziare la giornata.\" \/>\n<meta name=\"robots\" content=\"index, follow, max-snippet:-1, max-image-preview:large, max-video-preview:-1\" \/>\n<link rel=\"canonical\" href=\"https:\/\/www.tabakversand.ch\/it\/prodotto\/peterson-early-morning\/\" \/>\n<meta property=\"og:locale\" content=\"it_IT\" \/>\n<meta property=\"og:type\" content=\"article\" \/>\n<meta property=\"og:title\" content=\"Acquista tabacco da pipa Peterson Early Morning\" \/>\n<meta property=\"og:description\" content=\"Tabacco da pipa Peterson Early Morning: una miscela inglese equilibrata con una delicata nota di Latakia. Delicato, speziato e ideale per iniziare la giornata.\" \/>\n<meta property=\"og:url\" content=\"https:\/\/www.tabakversand.ch\/it\/prodotto\/peterson-early-morning\/\" \/>\n<meta property=\"og:site_name\" content=\"Tabakversand.ch | Alles aus der Welt des Tabaks\" \/>\n<meta property=\"article:modified_time\" content=\"2026-04-13T17:37:39+00:00\" \/>\n<meta property=\"og:image\" content=\"https:\/\/www.tabakversand.ch\/wp-content\/uploads\/2022\/03\/peterson-early-morning-pipe.jpg\" \/>\n\t<meta property=\"og:image:width\" content=\"450\" \/>\n\t<meta property=\"og:image:height\" content=\"450\" \/>\n\t<meta property=\"og:image:type\" content=\"image\/jpeg\" \/>\n<meta name=\"twitter:card\" content=\"summary_large_image\" \/>\n<meta name=\"twitter:label1\" content=\"Tempo di lettura stimato\" \/>\n\t<meta name=\"twitter:data1\" content=\"3 minuti\" \/>\n<script type=\"application\/ld+json\" class=\"yoast-schema-graph\">{\"@context\":\"https:\\\/\\\/schema.org\",\"@graph\":[{\"@type\":\"WebPage\",\"@id\":\"https:\\\/\\\/www.tabakversand.ch\\\/it\\\/prodotto\\\/peterson-early-morning\\\/\",\"url\":\"https:\\\/\\\/www.tabakversand.ch\\\/it\\\/prodotto\\\/peterson-early-morning\\\/\",\"name\":\"Acquista tabacco da pipa Peterson Early Morning\",\"isPartOf\":{\"@id\":\"https:\\\/\\\/www.tabakversand.ch\\\/#website\"},\"primaryImageOfPage\":{\"@id\":\"https:\\\/\\\/www.tabakversand.ch\\\/it\\\/prodotto\\\/peterson-early-morning\\\/#primaryimage\"},\"image\":{\"@id\":\"https:\\\/\\\/www.tabakversand.ch\\\/it\\\/prodotto\\\/peterson-early-morning\\\/#primaryimage\"},\"thumbnailUrl\":\"https:\\\/\\\/www.tabakversand.ch\\\/wp-content\\\/uploads\\\/2022\\\/03\\\/peterson-early-morning-pipe.jpg\",\"datePublished\":\"2022-04-02T09:32:41+00:00\",\"dateModified\":\"2026-04-13T17:37:39+00:00\",\"description\":\"Tabacco da pipa Peterson Early Morning: una miscela inglese equilibrata con una delicata nota di Latakia. Delicato, speziato e ideale per iniziare la giornata.\",\"breadcrumb\":{\"@id\":\"https:\\\/\\\/www.tabakversand.ch\\\/it\\\/prodotto\\\/peterson-early-morning\\\/#breadcrumb\"},\"inLanguage\":\"it-IT\",\"potentialAction\":[{\"@type\":\"ReadAction\",\"target\":[\"https:\\\/\\\/www.tabakversand.ch\\\/it\\\/prodotto\\\/peterson-early-morning\\\/\"]}]},{\"@type\":\"ImageObject\",\"inLanguage\":\"it-IT\",\"@id\":\"https:\\\/\\\/www.tabakversand.ch\\\/it\\\/prodotto\\\/peterson-early-morning\\\/#primaryimage\",\"url\":\"https:\\\/\\\/www.tabakversand.ch\\\/wp-content\\\/uploads\\\/2022\\\/03\\\/peterson-early-morning-pipe.jpg\",\"contentUrl\":\"https:\\\/\\\/www.tabakversand.ch\\\/wp-content\\\/uploads\\\/2022\\\/03\\\/peterson-early-morning-pipe.jpg\",\"width\":450,\"height\":450,\"caption\":\"Peterson Early Morning Pipe Pipe Tabacco 50 gr.\"},{\"@type\":\"BreadcrumbList\",\"@id\":\"https:\\\/\\\/www.tabakversand.ch\\\/it\\\/prodotto\\\/peterson-early-morning\\\/#breadcrumb\",\"itemListElement\":[{\"@type\":\"ListItem\",\"position\":1,\"name\":\"Startseite\",\"item\":\"https:\\\/\\\/www.tabakversand.ch\\\/\"},{\"@type\":\"ListItem\",\"position\":2,\"name\":\"Negozio\",\"item\":\"https:\\\/\\\/www.tabakversand.ch\\\/it\\\/negozio\\\/\"},{\"@type\":\"ListItem\",\"position\":3,\"name\":\"Peterson mattina presto\"}]},{\"@type\":\"WebSite\",\"@id\":\"https:\\\/\\\/www.tabakversand.ch\\\/#website\",\"url\":\"https:\\\/\\\/www.tabakversand.ch\\\/\",\"name\":\"Tabakversand.ch | Alles aus der Welt des Tabaks\",\"description\":\"Smoke and carpe diem\",\"potentialAction\":[{\"@type\":\"SearchAction\",\"target\":{\"@type\":\"EntryPoint\",\"urlTemplate\":\"https:\\\/\\\/www.tabakversand.ch\\\/?s={search_term_string}\"},\"query-input\":{\"@type\":\"PropertyValueSpecification\",\"valueRequired\":true,\"valueName\":\"search_term_string\"}}],\"inLanguage\":\"it-IT\"}]}<\/script>\n<!-- \/ Yoast SEO plugin. -->","yoast_head_json":{"title":"Acquista tabacco da pipa Peterson Early Morning","description":"Tabacco da pipa Peterson Early Morning: una miscela inglese equilibrata con una delicata nota di Latakia. Delicato, speziato e ideale per iniziare la giornata.","robots":{"index":"index","follow":"follow","max-snippet":"max-snippet:-1","max-image-preview":"max-image-preview:large","max-video-preview":"max-video-preview:-1"},"canonical":"https:\/\/www.tabakversand.ch\/it\/prodotto\/peterson-early-morning\/","og_locale":"it_IT","og_type":"article","og_title":"Acquista tabacco da pipa Peterson Early Morning","og_description":"Tabacco da pipa Peterson Early Morning: una miscela inglese equilibrata con una delicata nota di Latakia. Delicato, speziato e ideale per iniziare la giornata.","og_url":"https:\/\/www.tabakversand.ch\/it\/prodotto\/peterson-early-morning\/","og_site_name":"Tabakversand.ch | Alles aus der Welt des Tabaks","article_modified_time":"2026-04-13T17:37:39+00:00","og_image":[{"width":450,"height":450,"url":"https:\/\/www.tabakversand.ch\/wp-content\/uploads\/2022\/03\/peterson-early-morning-pipe.jpg","type":"image\/jpeg"}],"twitter_card":"summary_large_image","twitter_misc":{"Tempo di lettura stimato":"3 minuti"},"schema":{"@context":"https:\/\/schema.org","@graph":[{"@type":"WebPage","@id":"https:\/\/www.tabakversand.ch\/it\/prodotto\/peterson-early-morning\/","url":"https:\/\/www.tabakversand.ch\/it\/prodotto\/peterson-early-morning\/","name":"Acquista tabacco da pipa Peterson Early Morning","isPartOf":{"@id":"https:\/\/www.tabakversand.ch\/#website"},"primaryImageOfPage":{"@id":"https:\/\/www.tabakversand.ch\/it\/prodotto\/peterson-early-morning\/#primaryimage"},"image":{"@id":"https:\/\/www.tabakversand.ch\/it\/prodotto\/peterson-early-morning\/#primaryimage"},"thumbnailUrl":"https:\/\/www.tabakversand.ch\/wp-content\/uploads\/2022\/03\/peterson-early-morning-pipe.jpg","datePublished":"2022-04-02T09:32:41+00:00","dateModified":"2026-04-13T17:37:39+00:00","description":"Tabacco da pipa Peterson Early Morning: una miscela inglese equilibrata con una delicata nota di Latakia. Delicato, speziato e ideale per iniziare la giornata.","breadcrumb":{"@id":"https:\/\/www.tabakversand.ch\/it\/prodotto\/peterson-early-morning\/#breadcrumb"},"inLanguage":"it-IT","potentialAction":[{"@type":"ReadAction","target":["https:\/\/www.tabakversand.ch\/it\/prodotto\/peterson-early-morning\/"]}]},{"@type":"ImageObject","inLanguage":"it-IT","@id":"https:\/\/www.tabakversand.ch\/it\/prodotto\/peterson-early-morning\/#primaryimage","url":"https:\/\/www.tabakversand.ch\/wp-content\/uploads\/2022\/03\/peterson-early-morning-pipe.jpg","contentUrl":"https:\/\/www.tabakversand.ch\/wp-content\/uploads\/2022\/03\/peterson-early-morning-pipe.jpg","width":450,"height":450,"caption":"Peterson Early Morning Pipe Pipe Tabacco 50 gr."},{"@type":"BreadcrumbList","@id":"https:\/\/www.tabakversand.ch\/it\/prodotto\/peterson-early-morning\/#breadcrumb","itemListElement":[{"@type":"ListItem","position":1,"name":"Startseite","item":"https:\/\/www.tabakversand.ch\/"},{"@type":"ListItem","position":2,"name":"Negozio","item":"https:\/\/www.tabakversand.ch\/it\/negozio\/"},{"@type":"ListItem","position":3,"name":"Peterson mattina presto"}]},{"@type":"WebSite","@id":"https:\/\/www.tabakversand.ch\/#website","url":"https:\/\/www.tabakversand.ch\/","name":"Tabakversand.ch | Alles aus der Welt des Tabaks","description":"Smoke and carpe diem","potentialAction":[{"@type":"SearchAction","target":{"@type":"EntryPoint","urlTemplate":"https:\/\/www.tabakversand.ch\/?s={search_term_string}"},"query-input":{"@type":"PropertyValueSpecification","valueRequired":true,"valueName":"search_term_string"}}],"inLanguage":"it-IT"}]}},"_links":{"self":[{"href":"https:\/\/www.tabakversand.ch\/it\/wp-json\/wp\/v2\/product\/62043","targetHints":{"allow":["GET"]}}],"collection":[{"href":"https:\/\/www.tabakversand.ch\/it\/wp-json\/wp\/v2\/product"}],"about":[{"href":"https:\/\/www.tabakversand.ch\/it\/wp-json\/wp\/v2\/types\/product"}],"version-history":[{"count":6,"href":"https:\/\/www.tabakversand.ch\/it\/wp-json\/wp\/v2\/product\/62043\/revisions"}],"predecessor-version":[{"id":217911,"href":"https:\/\/www.tabakversand.ch\/it\/wp-json\/wp\/v2\/product\/62043\/revisions\/217911"}],"wp:featuredmedia":[{"embeddable":true,"href":"https:\/\/www.tabakversand.ch\/it\/wp-json\/wp\/v2\/media\/62047"}],"wp:attachment":[{"href":"https:\/\/www.tabakversand.ch\/it\/wp-json\/wp\/v2\/media?parent=62043"}],"wp:term":[{"taxonomy":"product_brand","embeddable":true,"href":"https:\/\/www.tabakversand.ch\/it\/wp-json\/wp\/v2\/product_brand?post=62043"},{"taxonomy":"product_cat","embeddable":true,"href":"https:\/\/www.tabakversand.ch\/it\/wp-json\/wp\/v2\/product_cat?post=62043"},{"taxonomy":"product_tag","embeddable":true,"href":"https:\/\/www.tabakversand.ch\/it\/wp-json\/wp\/v2\/product_tag?post=62043"}],"curies":[{"name":"wp","href":"https:\/\/api.w.org\/{rel}","templated":true}]}}