{"id":63206,"date":"2022-04-02T11:28:19","date_gmt":"2022-04-02T09:28:19","guid":{"rendered":"http:\/\/www.tabakversand.ch\/produkt\/camacho-ecuador-robusto-tubos-20-kistli-sigari\/"},"modified":"2025-01-23T13:34:21","modified_gmt":"2025-01-23T12:34:21","slug":"camacho-ecuador-robusto-tubos-20er-kistli-sigari","status":"publish","type":"product","link":"https:\/\/www.tabakversand.ch\/it\/prodotto\/camacho-ecuador-robusto-tubos-20er-kistli-sigari\/","title":{"rendered":"Camacho Ecuador Robusto Tubos 20 Kistli Sigari"},"content":{"rendered":"<h1>Camacho Ecuador Robusto Tubos<\/h1>\n<h2>Sigari Kistli 20er<\/h2>\n<p>L&#8217;involucro Habano dell&#8217;Ecuador \u00e8 una delle variet\u00e0 di tabacco pi\u00f9 famose della nostra gamma, unica per colore, consistenza e aroma. Il tabacco viene estratto dal terreno ruvido e ricco di azoto ai piedi delle vaste Ande, una regione maestosa dove il tabacco \u00e8 stato coltivato migliaia di anni fa. L&#8217;Habano ecuadoriano \u00e8 uno degli involucri pi\u00f9 versatili e offre ai nostri Master Blenders l&#8217;opportunit\u00e0 di sperimentare ed espandere i confini dell&#8217;aroma in modo inaspettato. Questa miscela dinamica include un involucro brasiliano Mata Fina terroso, 2 forti variet\u00e0 di tabacco honduregno da livelli di foglie pi\u00f9 elevati e Il Pelo de Oro Ligero dominicano per l&#8217;intarsio. Con l&#8217;esplosione della piccantezza e il continuo accenno di un aroma floreale e una nota agrumata.<br \/>\n Pieno di sapore: a tutto gas il Camacho Ecuador Formato: Robusto<br \/>\n Diametro: 2 cm<br \/>\n Lunghezza: 12,17 cm<br \/>\n Copertina: Habano (Ecuador)<br \/>\n Raccoglitore: Mata Fina (Brasile)<br \/>\n Inserto: Corojo, Criollo Ligero, Pelo de Oro (Hn &amp; Dr)<br \/>\n Intensit\u00e0: da media a forte, 4 su 5 Tutti i prezzi si applicano solo agli ordini online e includono IVA e sono soggetti a modifiche pi\u00f9 spese di spedizione. Con riserva di errori, modifiche nella fornitura e nella progettazione, errori di stampa e modifiche dei prezzi. I prezzi barrati sono invece prezzi. L&#8217;immagine pu\u00f2 differire dall&#8217;originale\/dalla fornitura. *Spedizione gratuita per ordini superiori a CHF 250.<\/p>\n<p>Tutti i prezzi si applicano solo agli ordini online e sono comprensivi di IVA e sono soggetti a modifiche pi\u00f9 spese di spedizione. Con riserva di errori, modifiche nella fornitura e nella progettazione, errori di stampa e modifiche dei prezzi. I prezzi barrati sono invece prezzi. L&#8217;immagine pu\u00f2 differire dall&#8217;originale\/dalla fornitura. *Spedizione gratuita per ordini superiori a CHF 250.     <\/p>\n","protected":false},"excerpt":{"rendered":"<p>Camacho Ecuador Robusto Tubos Sigari Kistli 20er L&#8217;involucro Habano dell&#8217;Ecuador \u00e8 una delle variet\u00e0 di tabacco pi\u00f9 famose della nostra gamma, unica per colore, consistenza e aroma. Il tabacco viene estratto dal terreno ruvido e ricco di azoto ai piedi delle vaste Ande, una regione maestosa dove il tabacco \u00e8 stato coltivato migliaia di anni [&hellip;]<\/p>\n","protected":false},"featured_media":63212,"template":"","meta":[],"product_brand":[1629],"product_cat":[2322,2359,2324,2003,2002],"product_tag":[],"class_list":{"0":"post-63206","1":"product","2":"type-product","3":"status-publish","4":"has-post-thumbnail","6":"product_brand-camacho","7":"product_cat-camacho-it","8":"product_cat-camacho-ecuador-it","9":"product_cat-honduras-it","10":"product_cat-mondo-dei-sigari","11":"product_cat-sigari","13":"first","14":"onbackorder","15":"purchasable","16":"product-type-simple"},"yoast_head":"<!-- This site is optimized with the Yoast SEO plugin v27.5 - https:\/\/yoast.com\/product\/yoast-seo-wordpress\/ -->\n<title>Camacho Ecuador Robusto Tubos 20 Kistli Sigari - Tabakversand.ch | Alles aus der Welt des Tabaks<\/title>\n<meta name=\"description\" content=\"Camacho Ecuador Robusto Tubos 20er Kistli Cigars | La pi\u00f9 grande selezione di prodotti del tabacco della Svizzera | Tutte le carte accettate!\" \/>\n<meta name=\"robots\" content=\"index, follow, max-snippet:-1, max-image-preview:large, max-video-preview:-1\" \/>\n<link rel=\"canonical\" href=\"https:\/\/www.tabakversand.ch\/it\/prodotto\/camacho-ecuador-robusto-tubos-20er-kistli-sigari\/\" \/>\n<meta property=\"og:locale\" content=\"it_IT\" \/>\n<meta property=\"og:type\" content=\"article\" \/>\n<meta property=\"og:title\" content=\"Camacho Ecuador Robusto Tubos 20 Kistli Sigari - Tabakversand.ch | Alles aus der Welt des Tabaks\" \/>\n<meta property=\"og:description\" content=\"Camacho Ecuador Robusto Tubos 20er Kistli Cigars | La pi\u00f9 grande selezione di prodotti del tabacco della Svizzera | Tutte le carte accettate!\" \/>\n<meta property=\"og:url\" content=\"https:\/\/www.tabakversand.ch\/it\/prodotto\/camacho-ecuador-robusto-tubos-20er-kistli-sigari\/\" \/>\n<meta property=\"og:site_name\" content=\"Tabakversand.ch | Alles aus der Welt des Tabaks\" \/>\n<meta property=\"article:modified_time\" content=\"2025-01-23T12:34:21+00:00\" \/>\n<meta property=\"og:image\" content=\"https:\/\/www.tabakversand.ch\/wp-content\/uploads\/2022\/03\/camacho-ecuador-robusto-tubos-20-box.jpg\" \/>\n\t<meta property=\"og:image:width\" content=\"500\" \/>\n\t<meta property=\"og:image:height\" content=\"269\" \/>\n\t<meta property=\"og:image:type\" content=\"image\/jpeg\" \/>\n<meta name=\"twitter:card\" content=\"summary_large_image\" \/>\n<meta name=\"twitter:label1\" content=\"Tempo di lettura stimato\" \/>\n\t<meta name=\"twitter:data1\" content=\"1 minuto\" \/>\n<script type=\"application\/ld+json\" class=\"yoast-schema-graph\">{\"@context\":\"https:\\\/\\\/schema.org\",\"@graph\":[{\"@type\":\"WebPage\",\"@id\":\"https:\\\/\\\/www.tabakversand.ch\\\/it\\\/prodotto\\\/camacho-ecuador-robusto-tubos-20er-kistli-sigari\\\/\",\"url\":\"https:\\\/\\\/www.tabakversand.ch\\\/it\\\/prodotto\\\/camacho-ecuador-robusto-tubos-20er-kistli-sigari\\\/\",\"name\":\"Camacho Ecuador Robusto Tubos 20 Kistli Sigari - Tabakversand.ch | Alles aus der Welt des Tabaks\",\"isPartOf\":{\"@id\":\"https:\\\/\\\/www.tabakversand.ch\\\/#website\"},\"primaryImageOfPage\":{\"@id\":\"https:\\\/\\\/www.tabakversand.ch\\\/it\\\/prodotto\\\/camacho-ecuador-robusto-tubos-20er-kistli-sigari\\\/#primaryimage\"},\"image\":{\"@id\":\"https:\\\/\\\/www.tabakversand.ch\\\/it\\\/prodotto\\\/camacho-ecuador-robusto-tubos-20er-kistli-sigari\\\/#primaryimage\"},\"thumbnailUrl\":\"https:\\\/\\\/www.tabakversand.ch\\\/wp-content\\\/uploads\\\/2022\\\/03\\\/camacho-ecuador-robusto-tubos-20-box.jpg\",\"datePublished\":\"2022-04-02T09:28:19+00:00\",\"dateModified\":\"2025-01-23T12:34:21+00:00\",\"description\":\"Camacho Ecuador Robusto Tubos 20er Kistli Cigars | La pi\u00f9 grande selezione di prodotti del tabacco della Svizzera | Tutte le carte accettate!\",\"breadcrumb\":{\"@id\":\"https:\\\/\\\/www.tabakversand.ch\\\/it\\\/prodotto\\\/camacho-ecuador-robusto-tubos-20er-kistli-sigari\\\/#breadcrumb\"},\"inLanguage\":\"it-IT\",\"potentialAction\":[{\"@type\":\"ReadAction\",\"target\":[\"https:\\\/\\\/www.tabakversand.ch\\\/it\\\/prodotto\\\/camacho-ecuador-robusto-tubos-20er-kistli-sigari\\\/\"]}]},{\"@type\":\"ImageObject\",\"inLanguage\":\"it-IT\",\"@id\":\"https:\\\/\\\/www.tabakversand.ch\\\/it\\\/prodotto\\\/camacho-ecuador-robusto-tubos-20er-kistli-sigari\\\/#primaryimage\",\"url\":\"https:\\\/\\\/www.tabakversand.ch\\\/wp-content\\\/uploads\\\/2022\\\/03\\\/camacho-ecuador-robusto-tubos-20-box.jpg\",\"contentUrl\":\"https:\\\/\\\/www.tabakversand.ch\\\/wp-content\\\/uploads\\\/2022\\\/03\\\/camacho-ecuador-robusto-tubos-20-box.jpg\",\"width\":500,\"height\":269,\"caption\":\"Camacho Ecuador Robusto Tubos 20 Kistli Sigari\"},{\"@type\":\"BreadcrumbList\",\"@id\":\"https:\\\/\\\/www.tabakversand.ch\\\/it\\\/prodotto\\\/camacho-ecuador-robusto-tubos-20er-kistli-sigari\\\/#breadcrumb\",\"itemListElement\":[{\"@type\":\"ListItem\",\"position\":1,\"name\":\"Startseite\",\"item\":\"https:\\\/\\\/www.tabakversand.ch\\\/\"},{\"@type\":\"ListItem\",\"position\":2,\"name\":\"Negozio\",\"item\":\"https:\\\/\\\/www.tabakversand.ch\\\/it\\\/negozio\\\/\"},{\"@type\":\"ListItem\",\"position\":3,\"name\":\"Camacho Ecuador Robusto Tubos 20 Kistli Sigari\"}]},{\"@type\":\"WebSite\",\"@id\":\"https:\\\/\\\/www.tabakversand.ch\\\/#website\",\"url\":\"https:\\\/\\\/www.tabakversand.ch\\\/\",\"name\":\"Tabakversand.ch | Alles aus der Welt des Tabaks\",\"description\":\"Smoke and carpe diem\",\"potentialAction\":[{\"@type\":\"SearchAction\",\"target\":{\"@type\":\"EntryPoint\",\"urlTemplate\":\"https:\\\/\\\/www.tabakversand.ch\\\/?s={search_term_string}\"},\"query-input\":{\"@type\":\"PropertyValueSpecification\",\"valueRequired\":true,\"valueName\":\"search_term_string\"}}],\"inLanguage\":\"it-IT\"}]}<\/script>\n<!-- \/ Yoast SEO plugin. -->","yoast_head_json":{"title":"Camacho Ecuador Robusto Tubos 20 Kistli Sigari - Tabakversand.ch | Alles aus der Welt des Tabaks","description":"Camacho Ecuador Robusto Tubos 20er Kistli Cigars | La pi\u00f9 grande selezione di prodotti del tabacco della Svizzera | Tutte le carte accettate!","robots":{"index":"index","follow":"follow","max-snippet":"max-snippet:-1","max-image-preview":"max-image-preview:large","max-video-preview":"max-video-preview:-1"},"canonical":"https:\/\/www.tabakversand.ch\/it\/prodotto\/camacho-ecuador-robusto-tubos-20er-kistli-sigari\/","og_locale":"it_IT","og_type":"article","og_title":"Camacho Ecuador Robusto Tubos 20 Kistli Sigari - Tabakversand.ch | Alles aus der Welt des Tabaks","og_description":"Camacho Ecuador Robusto Tubos 20er Kistli Cigars | La pi\u00f9 grande selezione di prodotti del tabacco della Svizzera | Tutte le carte accettate!","og_url":"https:\/\/www.tabakversand.ch\/it\/prodotto\/camacho-ecuador-robusto-tubos-20er-kistli-sigari\/","og_site_name":"Tabakversand.ch | Alles aus der Welt des Tabaks","article_modified_time":"2025-01-23T12:34:21+00:00","og_image":[{"width":500,"height":269,"url":"https:\/\/www.tabakversand.ch\/wp-content\/uploads\/2022\/03\/camacho-ecuador-robusto-tubos-20-box.jpg","type":"image\/jpeg"}],"twitter_card":"summary_large_image","twitter_misc":{"Tempo di lettura stimato":"1 minuto"},"schema":{"@context":"https:\/\/schema.org","@graph":[{"@type":"WebPage","@id":"https:\/\/www.tabakversand.ch\/it\/prodotto\/camacho-ecuador-robusto-tubos-20er-kistli-sigari\/","url":"https:\/\/www.tabakversand.ch\/it\/prodotto\/camacho-ecuador-robusto-tubos-20er-kistli-sigari\/","name":"Camacho Ecuador Robusto Tubos 20 Kistli Sigari - Tabakversand.ch | Alles aus der Welt des Tabaks","isPartOf":{"@id":"https:\/\/www.tabakversand.ch\/#website"},"primaryImageOfPage":{"@id":"https:\/\/www.tabakversand.ch\/it\/prodotto\/camacho-ecuador-robusto-tubos-20er-kistli-sigari\/#primaryimage"},"image":{"@id":"https:\/\/www.tabakversand.ch\/it\/prodotto\/camacho-ecuador-robusto-tubos-20er-kistli-sigari\/#primaryimage"},"thumbnailUrl":"https:\/\/www.tabakversand.ch\/wp-content\/uploads\/2022\/03\/camacho-ecuador-robusto-tubos-20-box.jpg","datePublished":"2022-04-02T09:28:19+00:00","dateModified":"2025-01-23T12:34:21+00:00","description":"Camacho Ecuador Robusto Tubos 20er Kistli Cigars | La pi\u00f9 grande selezione di prodotti del tabacco della Svizzera | Tutte le carte accettate!","breadcrumb":{"@id":"https:\/\/www.tabakversand.ch\/it\/prodotto\/camacho-ecuador-robusto-tubos-20er-kistli-sigari\/#breadcrumb"},"inLanguage":"it-IT","potentialAction":[{"@type":"ReadAction","target":["https:\/\/www.tabakversand.ch\/it\/prodotto\/camacho-ecuador-robusto-tubos-20er-kistli-sigari\/"]}]},{"@type":"ImageObject","inLanguage":"it-IT","@id":"https:\/\/www.tabakversand.ch\/it\/prodotto\/camacho-ecuador-robusto-tubos-20er-kistli-sigari\/#primaryimage","url":"https:\/\/www.tabakversand.ch\/wp-content\/uploads\/2022\/03\/camacho-ecuador-robusto-tubos-20-box.jpg","contentUrl":"https:\/\/www.tabakversand.ch\/wp-content\/uploads\/2022\/03\/camacho-ecuador-robusto-tubos-20-box.jpg","width":500,"height":269,"caption":"Camacho Ecuador Robusto Tubos 20 Kistli Sigari"},{"@type":"BreadcrumbList","@id":"https:\/\/www.tabakversand.ch\/it\/prodotto\/camacho-ecuador-robusto-tubos-20er-kistli-sigari\/#breadcrumb","itemListElement":[{"@type":"ListItem","position":1,"name":"Startseite","item":"https:\/\/www.tabakversand.ch\/"},{"@type":"ListItem","position":2,"name":"Negozio","item":"https:\/\/www.tabakversand.ch\/it\/negozio\/"},{"@type":"ListItem","position":3,"name":"Camacho Ecuador Robusto Tubos 20 Kistli Sigari"}]},{"@type":"WebSite","@id":"https:\/\/www.tabakversand.ch\/#website","url":"https:\/\/www.tabakversand.ch\/","name":"Tabakversand.ch | Alles aus der Welt des Tabaks","description":"Smoke and carpe diem","potentialAction":[{"@type":"SearchAction","target":{"@type":"EntryPoint","urlTemplate":"https:\/\/www.tabakversand.ch\/?s={search_term_string}"},"query-input":{"@type":"PropertyValueSpecification","valueRequired":true,"valueName":"search_term_string"}}],"inLanguage":"it-IT"}]}},"_links":{"self":[{"href":"https:\/\/www.tabakversand.ch\/it\/wp-json\/wp\/v2\/product\/63206","targetHints":{"allow":["GET"]}}],"collection":[{"href":"https:\/\/www.tabakversand.ch\/it\/wp-json\/wp\/v2\/product"}],"about":[{"href":"https:\/\/www.tabakversand.ch\/it\/wp-json\/wp\/v2\/types\/product"}],"version-history":[{"count":1,"href":"https:\/\/www.tabakversand.ch\/it\/wp-json\/wp\/v2\/product\/63206\/revisions"}],"predecessor-version":[{"id":166725,"href":"https:\/\/www.tabakversand.ch\/it\/wp-json\/wp\/v2\/product\/63206\/revisions\/166725"}],"wp:featuredmedia":[{"embeddable":true,"href":"https:\/\/www.tabakversand.ch\/it\/wp-json\/wp\/v2\/media\/63212"}],"wp:attachment":[{"href":"https:\/\/www.tabakversand.ch\/it\/wp-json\/wp\/v2\/media?parent=63206"}],"wp:term":[{"taxonomy":"product_brand","embeddable":true,"href":"https:\/\/www.tabakversand.ch\/it\/wp-json\/wp\/v2\/product_brand?post=63206"},{"taxonomy":"product_cat","embeddable":true,"href":"https:\/\/www.tabakversand.ch\/it\/wp-json\/wp\/v2\/product_cat?post=63206"},{"taxonomy":"product_tag","embeddable":true,"href":"https:\/\/www.tabakversand.ch\/it\/wp-json\/wp\/v2\/product_tag?post=63206"}],"curies":[{"name":"wp","href":"https:\/\/api.w.org\/{rel}","templated":true}]}}