{"id":64915,"date":"2022-04-02T11:22:15","date_gmt":"2022-04-02T09:22:15","guid":{"rendered":"http:\/\/www.tabakversand.ch\/produkt\/social-smoke-doppio-narghile-arancia-tabacco-100-gr\/"},"modified":"2024-09-26T16:23:47","modified_gmt":"2024-09-26T14:23:47","slug":"sociale-fumo-doppia-mela-shisha-tabacco-100-gr","status":"publish","type":"product","link":"https:\/\/www.tabakversand.ch\/it\/prodotto\/sociale-fumo-doppia-mela-shisha-tabacco-100-gr\/","title":{"rendered":"Social Smoke Doppio Narghil\u00e8 Arancia Tabacco 100 gr."},"content":{"rendered":"<h1>Social Smoke Doppia Mela<\/h1>\n<h2>Tabacco Shisha 100 gr.<\/h2>\n<p>  Unione senza tempo di croccanti mele rosse e gialle con crepe laccate e altre spezie.  <\/p>\n<table style=\"width: 225px\" border=\"0\" cellspacing=\"3\" cellpadding=\"0\">\n<tbody>\n<tr>\n<td style=\"width: 118px\">Contenuto<\/td>\n<td style=\"width: 101px\">100 g<\/td>\n<\/tr>\n<tr>\n<td style=\"width: 118px\">Assaggia<\/td>\n<td style=\"width: 101px\">la mela<\/td>\n<\/tr>\n<\/tbody>\n<\/table>\n<p>  Tutti i prezzi si applicano solo agli ordini online e sono comprensivi di IVA. IVA, soggetta a modifiche pi\u00f9 Spedizione. Con riserva di errori, modifiche nella fornitura e nella progettazione, errori di stampa e modifiche dei prezzi. I prezzi barrati sono invece prezzi. L&#8217;immagine pu\u00f2 differire dall&#8217;originale\/dalla fornitura. *Spedizione gratuita per ordini superiori a CHF 250.<\/p>\n","protected":false},"excerpt":{"rendered":"<p>Social Smoke Doppia Mela Tabacco Shisha 100 gr. Unione senza tempo di croccanti mele rosse e gialle con crepe laccate e altre spezie. Contenuto 100 g Assaggia la mela Tutti i prezzi si applicano solo agli ordini online e sono comprensivi di IVA. IVA, soggetta a modifiche pi\u00f9 Spedizione. Con riserva di errori, modifiche nella [&hellip;]<\/p>\n","protected":false},"featured_media":64920,"template":"","meta":[],"product_brand":[1790],"product_cat":[1906,1904,1892,1884,1889,1886],"product_tag":[],"class_list":{"0":"post-64915","1":"product","2":"type-product","3":"status-publish","4":"has-post-thumbnail","6":"product_brand-social-smoke","7":"product_cat-fumo-sociale","8":"product_cat-fumo-sociale-shishatabak","9":"product_cat-narghile","10":"product_cat-shishatabak-it","11":"product_cat-tabacco","12":"product_cat-tabacco-narghile-tabacco-narghile","14":"first","15":"onbackorder","16":"purchasable","17":"product-type-simple"},"yoast_head":"<!-- This site is optimized with the Yoast SEO plugin v27.0 - https:\/\/yoast.com\/product\/yoast-seo-wordpress\/ -->\n<title>Social Smoke Doppio Narghil\u00e8 Arancia Tabacco 100 gr. - Tabakversand.ch | Alles aus der Welt des Tabaks<\/title>\n<meta name=\"description\" content=\"Social Smoke Doppio Narghil\u00e8 Arancia Tabacco 100 gr. | La pi\u00f9 grande selezione svizzera di prodotti del tabacco | Tutte le carte accettate!\" \/>\n<meta name=\"robots\" content=\"index, follow, max-snippet:-1, max-image-preview:large, max-video-preview:-1\" \/>\n<link rel=\"canonical\" href=\"https:\/\/www.tabakversand.ch\/it\/prodotto\/sociale-fumo-doppia-mela-shisha-tabacco-100-gr\/\" \/>\n<meta property=\"og:locale\" content=\"it_IT\" \/>\n<meta property=\"og:type\" content=\"article\" \/>\n<meta property=\"og:title\" content=\"Social Smoke Doppio Narghil\u00e8 Arancia Tabacco 100 gr. - Tabakversand.ch | Alles aus der Welt des Tabaks\" \/>\n<meta property=\"og:description\" content=\"Social Smoke Doppio Narghil\u00e8 Arancia Tabacco 100 gr. | La pi\u00f9 grande selezione svizzera di prodotti del tabacco | Tutte le carte accettate!\" \/>\n<meta property=\"og:url\" content=\"https:\/\/www.tabakversand.ch\/it\/prodotto\/sociale-fumo-doppia-mela-shisha-tabacco-100-gr\/\" \/>\n<meta property=\"og:site_name\" content=\"Tabakversand.ch | Alles aus der Welt des Tabaks\" \/>\n<meta property=\"article:modified_time\" content=\"2024-09-26T14:23:47+00:00\" \/>\n<meta property=\"og:image\" content=\"https:\/\/www.tabakversand.ch\/wp-content\/uploads\/2022\/03\/social-smoke-double-apple-100.jpg\" \/>\n\t<meta property=\"og:image:width\" content=\"500\" \/>\n\t<meta property=\"og:image:height\" content=\"500\" \/>\n\t<meta property=\"og:image:type\" content=\"image\/jpeg\" \/>\n<meta name=\"twitter:card\" content=\"summary_large_image\" \/>\n<script type=\"application\/ld+json\" class=\"yoast-schema-graph\">{\"@context\":\"https:\/\/schema.org\",\"@graph\":[{\"@type\":\"WebPage\",\"@id\":\"https:\/\/www.tabakversand.ch\/it\/prodotto\/sociale-fumo-doppia-mela-shisha-tabacco-100-gr\/\",\"url\":\"https:\/\/www.tabakversand.ch\/it\/prodotto\/sociale-fumo-doppia-mela-shisha-tabacco-100-gr\/\",\"name\":\"Social Smoke Doppio Narghil\u00e8 Arancia Tabacco 100 gr. - Tabakversand.ch | Alles aus der Welt des Tabaks\",\"isPartOf\":{\"@id\":\"https:\/\/www.tabakversand.ch\/#website\"},\"primaryImageOfPage\":{\"@id\":\"https:\/\/www.tabakversand.ch\/it\/prodotto\/sociale-fumo-doppia-mela-shisha-tabacco-100-gr\/#primaryimage\"},\"image\":{\"@id\":\"https:\/\/www.tabakversand.ch\/it\/prodotto\/sociale-fumo-doppia-mela-shisha-tabacco-100-gr\/#primaryimage\"},\"thumbnailUrl\":\"https:\/\/www.tabakversand.ch\/wp-content\/uploads\/2022\/03\/social-smoke-double-apple-100.jpg\",\"datePublished\":\"2022-04-02T09:22:15+00:00\",\"dateModified\":\"2024-09-26T14:23:47+00:00\",\"description\":\"Social Smoke Doppio Narghil\u00e8 Arancia Tabacco 100 gr. | La pi\u00f9 grande selezione svizzera di prodotti del tabacco | Tutte le carte accettate!\",\"breadcrumb\":{\"@id\":\"https:\/\/www.tabakversand.ch\/it\/prodotto\/sociale-fumo-doppia-mela-shisha-tabacco-100-gr\/#breadcrumb\"},\"inLanguage\":\"it-IT\",\"potentialAction\":[{\"@type\":\"ReadAction\",\"target\":[\"https:\/\/www.tabakversand.ch\/it\/prodotto\/sociale-fumo-doppia-mela-shisha-tabacco-100-gr\/\"]}]},{\"@type\":\"ImageObject\",\"inLanguage\":\"it-IT\",\"@id\":\"https:\/\/www.tabakversand.ch\/it\/prodotto\/sociale-fumo-doppia-mela-shisha-tabacco-100-gr\/#primaryimage\",\"url\":\"https:\/\/www.tabakversand.ch\/wp-content\/uploads\/2022\/03\/social-smoke-double-apple-100.jpg\",\"contentUrl\":\"https:\/\/www.tabakversand.ch\/wp-content\/uploads\/2022\/03\/social-smoke-double-apple-100.jpg\",\"width\":500,\"height\":500,\"caption\":\"Social Smoke Doppio Narghil\u00e8 Arancia Tabacco 100 gr.\"},{\"@type\":\"BreadcrumbList\",\"@id\":\"https:\/\/www.tabakversand.ch\/it\/prodotto\/sociale-fumo-doppia-mela-shisha-tabacco-100-gr\/#breadcrumb\",\"itemListElement\":[{\"@type\":\"ListItem\",\"position\":1,\"name\":\"Startseite\",\"item\":\"https:\/\/www.tabakversand.ch\/\"},{\"@type\":\"ListItem\",\"position\":2,\"name\":\"Negozio\",\"item\":\"https:\/\/www.tabakversand.ch\/it\/negozio\/\"},{\"@type\":\"ListItem\",\"position\":3,\"name\":\"Social Smoke Doppio Narghil\u00e8 Arancia Tabacco 100 gr.\"}]},{\"@type\":\"WebSite\",\"@id\":\"https:\/\/www.tabakversand.ch\/#website\",\"url\":\"https:\/\/www.tabakversand.ch\/\",\"name\":\"Tabakversand.ch | Alles aus der Welt des Tabaks\",\"description\":\"Smoke and carpe diem\",\"potentialAction\":[{\"@type\":\"SearchAction\",\"target\":{\"@type\":\"EntryPoint\",\"urlTemplate\":\"https:\/\/www.tabakversand.ch\/?s={search_term_string}\"},\"query-input\":{\"@type\":\"PropertyValueSpecification\",\"valueRequired\":true,\"valueName\":\"search_term_string\"}}],\"inLanguage\":\"it-IT\"}]}<\/script>\n<!-- \/ Yoast SEO plugin. -->","yoast_head_json":{"title":"Social Smoke Doppio Narghil\u00e8 Arancia Tabacco 100 gr. - Tabakversand.ch | Alles aus der Welt des Tabaks","description":"Social Smoke Doppio Narghil\u00e8 Arancia Tabacco 100 gr. | La pi\u00f9 grande selezione svizzera di prodotti del tabacco | Tutte le carte accettate!","robots":{"index":"index","follow":"follow","max-snippet":"max-snippet:-1","max-image-preview":"max-image-preview:large","max-video-preview":"max-video-preview:-1"},"canonical":"https:\/\/www.tabakversand.ch\/it\/prodotto\/sociale-fumo-doppia-mela-shisha-tabacco-100-gr\/","og_locale":"it_IT","og_type":"article","og_title":"Social Smoke Doppio Narghil\u00e8 Arancia Tabacco 100 gr. - Tabakversand.ch | Alles aus der Welt des Tabaks","og_description":"Social Smoke Doppio Narghil\u00e8 Arancia Tabacco 100 gr. | La pi\u00f9 grande selezione svizzera di prodotti del tabacco | Tutte le carte accettate!","og_url":"https:\/\/www.tabakversand.ch\/it\/prodotto\/sociale-fumo-doppia-mela-shisha-tabacco-100-gr\/","og_site_name":"Tabakversand.ch | Alles aus der Welt des Tabaks","article_modified_time":"2024-09-26T14:23:47+00:00","og_image":[{"width":500,"height":500,"url":"https:\/\/www.tabakversand.ch\/wp-content\/uploads\/2022\/03\/social-smoke-double-apple-100.jpg","type":"image\/jpeg"}],"twitter_card":"summary_large_image","schema":{"@context":"https:\/\/schema.org","@graph":[{"@type":"WebPage","@id":"https:\/\/www.tabakversand.ch\/it\/prodotto\/sociale-fumo-doppia-mela-shisha-tabacco-100-gr\/","url":"https:\/\/www.tabakversand.ch\/it\/prodotto\/sociale-fumo-doppia-mela-shisha-tabacco-100-gr\/","name":"Social Smoke Doppio Narghil\u00e8 Arancia Tabacco 100 gr. - Tabakversand.ch | Alles aus der Welt des Tabaks","isPartOf":{"@id":"https:\/\/www.tabakversand.ch\/#website"},"primaryImageOfPage":{"@id":"https:\/\/www.tabakversand.ch\/it\/prodotto\/sociale-fumo-doppia-mela-shisha-tabacco-100-gr\/#primaryimage"},"image":{"@id":"https:\/\/www.tabakversand.ch\/it\/prodotto\/sociale-fumo-doppia-mela-shisha-tabacco-100-gr\/#primaryimage"},"thumbnailUrl":"https:\/\/www.tabakversand.ch\/wp-content\/uploads\/2022\/03\/social-smoke-double-apple-100.jpg","datePublished":"2022-04-02T09:22:15+00:00","dateModified":"2024-09-26T14:23:47+00:00","description":"Social Smoke Doppio Narghil\u00e8 Arancia Tabacco 100 gr. | La pi\u00f9 grande selezione svizzera di prodotti del tabacco | Tutte le carte accettate!","breadcrumb":{"@id":"https:\/\/www.tabakversand.ch\/it\/prodotto\/sociale-fumo-doppia-mela-shisha-tabacco-100-gr\/#breadcrumb"},"inLanguage":"it-IT","potentialAction":[{"@type":"ReadAction","target":["https:\/\/www.tabakversand.ch\/it\/prodotto\/sociale-fumo-doppia-mela-shisha-tabacco-100-gr\/"]}]},{"@type":"ImageObject","inLanguage":"it-IT","@id":"https:\/\/www.tabakversand.ch\/it\/prodotto\/sociale-fumo-doppia-mela-shisha-tabacco-100-gr\/#primaryimage","url":"https:\/\/www.tabakversand.ch\/wp-content\/uploads\/2022\/03\/social-smoke-double-apple-100.jpg","contentUrl":"https:\/\/www.tabakversand.ch\/wp-content\/uploads\/2022\/03\/social-smoke-double-apple-100.jpg","width":500,"height":500,"caption":"Social Smoke Doppio Narghil\u00e8 Arancia Tabacco 100 gr."},{"@type":"BreadcrumbList","@id":"https:\/\/www.tabakversand.ch\/it\/prodotto\/sociale-fumo-doppia-mela-shisha-tabacco-100-gr\/#breadcrumb","itemListElement":[{"@type":"ListItem","position":1,"name":"Startseite","item":"https:\/\/www.tabakversand.ch\/"},{"@type":"ListItem","position":2,"name":"Negozio","item":"https:\/\/www.tabakversand.ch\/it\/negozio\/"},{"@type":"ListItem","position":3,"name":"Social Smoke Doppio Narghil\u00e8 Arancia Tabacco 100 gr."}]},{"@type":"WebSite","@id":"https:\/\/www.tabakversand.ch\/#website","url":"https:\/\/www.tabakversand.ch\/","name":"Tabakversand.ch | Alles aus der Welt des Tabaks","description":"Smoke and carpe diem","potentialAction":[{"@type":"SearchAction","target":{"@type":"EntryPoint","urlTemplate":"https:\/\/www.tabakversand.ch\/?s={search_term_string}"},"query-input":{"@type":"PropertyValueSpecification","valueRequired":true,"valueName":"search_term_string"}}],"inLanguage":"it-IT"}]}},"_links":{"self":[{"href":"https:\/\/www.tabakversand.ch\/it\/wp-json\/wp\/v2\/product\/64915","targetHints":{"allow":["GET"]}}],"collection":[{"href":"https:\/\/www.tabakversand.ch\/it\/wp-json\/wp\/v2\/product"}],"about":[{"href":"https:\/\/www.tabakversand.ch\/it\/wp-json\/wp\/v2\/types\/product"}],"version-history":[{"count":2,"href":"https:\/\/www.tabakversand.ch\/it\/wp-json\/wp\/v2\/product\/64915\/revisions"}],"predecessor-version":[{"id":161333,"href":"https:\/\/www.tabakversand.ch\/it\/wp-json\/wp\/v2\/product\/64915\/revisions\/161333"}],"wp:featuredmedia":[{"embeddable":true,"href":"https:\/\/www.tabakversand.ch\/it\/wp-json\/wp\/v2\/media\/64920"}],"wp:attachment":[{"href":"https:\/\/www.tabakversand.ch\/it\/wp-json\/wp\/v2\/media?parent=64915"}],"wp:term":[{"taxonomy":"product_brand","embeddable":true,"href":"https:\/\/www.tabakversand.ch\/it\/wp-json\/wp\/v2\/product_brand?post=64915"},{"taxonomy":"product_cat","embeddable":true,"href":"https:\/\/www.tabakversand.ch\/it\/wp-json\/wp\/v2\/product_cat?post=64915"},{"taxonomy":"product_tag","embeddable":true,"href":"https:\/\/www.tabakversand.ch\/it\/wp-json\/wp\/v2\/product_tag?post=64915"}],"curies":[{"name":"wp","href":"https:\/\/api.w.org\/{rel}","templated":true}]}}