{"id":65311,"date":"2022-04-02T11:20:58","date_gmt":"2022-04-02T09:20:58","guid":{"rendered":"http:\/\/www.tabakversand.ch\/produkt\/social-smoke-baja-blue-narghile-tabacco-1000-gr\/"},"modified":"2024-12-23T16:32:09","modified_gmt":"2024-12-23T15:32:09","slug":"sociale-fumo-baja-blu-shisha-tabacco-1000-gr","status":"publish","type":"product","link":"https:\/\/www.tabakversand.ch\/it\/prodotto\/sociale-fumo-baja-blu-shisha-tabacco-1000-gr\/","title":{"rendered":"Social Smoke Baja Blue Narghil\u00e8 Tabacco 1000 gr."},"content":{"rendered":"<h1>Social Smoke Baja Blu<\/h1>\n<h2>Tabacco narghil\u00e8 1000 gr.<\/h2>\n<p>Un&#8217;ondata stuzzicante di mirtilli, lamponi, uva e un filo di cioccolato.<\/p>\n<table style=\"width: 196px;\" border=\"0\" cellpadding=\"0\">\n<tbody>\n<tr>\n<td style=\"width: 118px;\">Contenuto<\/td>\n<td style=\"width: 73px;\">1000 g<\/td>\n<\/tr>\n<tr>\n<td style=\"width: 118px;\">Il gusto<\/td>\n<td style=\"width: 73px;\">Frutti di bosco<\/td>\n<\/tr>\n<\/tbody>\n<\/table>\n<p>Tutti i prezzi si applicano solo agli ordini online e sono comprensivi di IVA e sono soggetti a modifiche pi\u00f9 spese di spedizione. Con riserva di errori, modifiche nella fornitura e nella progettazione, errori di stampa e modifiche dei prezzi. I prezzi barrati sono invece prezzi. L&#8217;immagine pu\u00f2 differire dall&#8217;originale\/dalla fornitura. *Spedizione gratuita per ordini superiori a CHF 250.     <\/p>\n","protected":false},"excerpt":{"rendered":"<p>Social Smoke Baja Blu Tabacco narghil\u00e8 1000 gr. Un&#8217;ondata stuzzicante di mirtilli, lamponi, uva e un filo di cioccolato. Contenuto 1000 g Il gusto Frutti di bosco Tutti i prezzi si applicano solo agli ordini online e sono comprensivi di IVA e sono soggetti a modifiche pi\u00f9 spese di spedizione. Con riserva di errori, modifiche [&hellip;]<\/p>\n","protected":false},"featured_media":157465,"template":"","meta":[],"product_brand":[1790],"product_cat":[1906,1904,1892,1884,1889,1886],"product_tag":[],"class_list":{"0":"post-65311","1":"product","2":"type-product","3":"status-publish","4":"has-post-thumbnail","6":"product_brand-social-smoke","7":"product_cat-fumo-sociale","8":"product_cat-fumo-sociale-shishatabak","9":"product_cat-narghile","10":"product_cat-shishatabak-it","11":"product_cat-tabacco","12":"product_cat-tabacco-narghile-tabacco-narghile","14":"first","15":"onbackorder","16":"purchasable","17":"product-type-simple"},"yoast_head":"<!-- This site is optimized with the Yoast SEO plugin v27.5 - https:\/\/yoast.com\/product\/yoast-seo-wordpress\/ -->\n<title>Social Smoke Baja Blue Narghil\u00e8 Tabacco 1000 gr. - Tabakversand.ch | Alles aus der Welt des Tabaks<\/title>\n<meta name=\"description\" content=\"Social Smoke Baja Blue Narghil\u00e8 Tabacco 1000 gr. | La pi\u00f9 grande selezione svizzera di prodotti del tabacco | Tutte le carte accettate!\" \/>\n<meta name=\"robots\" content=\"index, follow, max-snippet:-1, max-image-preview:large, max-video-preview:-1\" \/>\n<link rel=\"canonical\" href=\"https:\/\/www.tabakversand.ch\/it\/prodotto\/sociale-fumo-baja-blu-shisha-tabacco-1000-gr\/\" \/>\n<meta property=\"og:locale\" content=\"it_IT\" \/>\n<meta property=\"og:type\" content=\"article\" \/>\n<meta property=\"og:title\" content=\"Social Smoke Baja Blue Narghil\u00e8 Tabacco 1000 gr. - Tabakversand.ch | Alles aus der Welt des Tabaks\" \/>\n<meta property=\"og:description\" content=\"Social Smoke Baja Blue Narghil\u00e8 Tabacco 1000 gr. | La pi\u00f9 grande selezione svizzera di prodotti del tabacco | Tutte le carte accettate!\" \/>\n<meta property=\"og:url\" content=\"https:\/\/www.tabakversand.ch\/it\/prodotto\/sociale-fumo-baja-blu-shisha-tabacco-1000-gr\/\" \/>\n<meta property=\"og:site_name\" content=\"Tabakversand.ch | Alles aus der Welt des Tabaks\" \/>\n<meta property=\"article:modified_time\" content=\"2024-12-23T15:32:09+00:00\" \/>\n<meta property=\"og:image\" content=\"https:\/\/www.tabakversand.ch\/wp-content\/uploads\/2022\/04\/social-smoke-baja-blue-1kg-.jpg\" \/>\n\t<meta property=\"og:image:width\" content=\"500\" \/>\n\t<meta property=\"og:image:height\" content=\"500\" \/>\n\t<meta property=\"og:image:type\" content=\"image\/jpeg\" \/>\n<meta name=\"twitter:card\" content=\"summary_large_image\" \/>\n<script type=\"application\/ld+json\" class=\"yoast-schema-graph\">{\"@context\":\"https:\\\/\\\/schema.org\",\"@graph\":[{\"@type\":\"WebPage\",\"@id\":\"https:\\\/\\\/www.tabakversand.ch\\\/it\\\/prodotto\\\/sociale-fumo-baja-blu-shisha-tabacco-1000-gr\\\/\",\"url\":\"https:\\\/\\\/www.tabakversand.ch\\\/it\\\/prodotto\\\/sociale-fumo-baja-blu-shisha-tabacco-1000-gr\\\/\",\"name\":\"Social Smoke Baja Blue Narghil\u00e8 Tabacco 1000 gr. - Tabakversand.ch | Alles aus der Welt des Tabaks\",\"isPartOf\":{\"@id\":\"https:\\\/\\\/www.tabakversand.ch\\\/#website\"},\"primaryImageOfPage\":{\"@id\":\"https:\\\/\\\/www.tabakversand.ch\\\/it\\\/prodotto\\\/sociale-fumo-baja-blu-shisha-tabacco-1000-gr\\\/#primaryimage\"},\"image\":{\"@id\":\"https:\\\/\\\/www.tabakversand.ch\\\/it\\\/prodotto\\\/sociale-fumo-baja-blu-shisha-tabacco-1000-gr\\\/#primaryimage\"},\"thumbnailUrl\":\"https:\\\/\\\/www.tabakversand.ch\\\/wp-content\\\/uploads\\\/2022\\\/04\\\/social-smoke-baja-blue-1kg-.jpg\",\"datePublished\":\"2022-04-02T09:20:58+00:00\",\"dateModified\":\"2024-12-23T15:32:09+00:00\",\"description\":\"Social Smoke Baja Blue Narghil\u00e8 Tabacco 1000 gr. | La pi\u00f9 grande selezione svizzera di prodotti del tabacco | Tutte le carte accettate!\",\"breadcrumb\":{\"@id\":\"https:\\\/\\\/www.tabakversand.ch\\\/it\\\/prodotto\\\/sociale-fumo-baja-blu-shisha-tabacco-1000-gr\\\/#breadcrumb\"},\"inLanguage\":\"it-IT\",\"potentialAction\":[{\"@type\":\"ReadAction\",\"target\":[\"https:\\\/\\\/www.tabakversand.ch\\\/it\\\/prodotto\\\/sociale-fumo-baja-blu-shisha-tabacco-1000-gr\\\/\"]}]},{\"@type\":\"ImageObject\",\"inLanguage\":\"it-IT\",\"@id\":\"https:\\\/\\\/www.tabakversand.ch\\\/it\\\/prodotto\\\/sociale-fumo-baja-blu-shisha-tabacco-1000-gr\\\/#primaryimage\",\"url\":\"https:\\\/\\\/www.tabakversand.ch\\\/wp-content\\\/uploads\\\/2022\\\/04\\\/social-smoke-baja-blue-1kg-.jpg\",\"contentUrl\":\"https:\\\/\\\/www.tabakversand.ch\\\/wp-content\\\/uploads\\\/2022\\\/04\\\/social-smoke-baja-blue-1kg-.jpg\",\"width\":500,\"height\":500,\"caption\":\"Social Smoke Baja Blue Shisha Tabak 1000 gr.\"},{\"@type\":\"BreadcrumbList\",\"@id\":\"https:\\\/\\\/www.tabakversand.ch\\\/it\\\/prodotto\\\/sociale-fumo-baja-blu-shisha-tabacco-1000-gr\\\/#breadcrumb\",\"itemListElement\":[{\"@type\":\"ListItem\",\"position\":1,\"name\":\"Startseite\",\"item\":\"https:\\\/\\\/www.tabakversand.ch\\\/\"},{\"@type\":\"ListItem\",\"position\":2,\"name\":\"Negozio\",\"item\":\"https:\\\/\\\/www.tabakversand.ch\\\/it\\\/negozio\\\/\"},{\"@type\":\"ListItem\",\"position\":3,\"name\":\"Social Smoke Baja Blue Narghil\u00e8 Tabacco 1000 gr.\"}]},{\"@type\":\"WebSite\",\"@id\":\"https:\\\/\\\/www.tabakversand.ch\\\/#website\",\"url\":\"https:\\\/\\\/www.tabakversand.ch\\\/\",\"name\":\"Tabakversand.ch | Alles aus der Welt des Tabaks\",\"description\":\"Smoke and carpe diem\",\"potentialAction\":[{\"@type\":\"SearchAction\",\"target\":{\"@type\":\"EntryPoint\",\"urlTemplate\":\"https:\\\/\\\/www.tabakversand.ch\\\/?s={search_term_string}\"},\"query-input\":{\"@type\":\"PropertyValueSpecification\",\"valueRequired\":true,\"valueName\":\"search_term_string\"}}],\"inLanguage\":\"it-IT\"}]}<\/script>\n<!-- \/ Yoast SEO plugin. -->","yoast_head_json":{"title":"Social Smoke Baja Blue Narghil\u00e8 Tabacco 1000 gr. - Tabakversand.ch | Alles aus der Welt des Tabaks","description":"Social Smoke Baja Blue Narghil\u00e8 Tabacco 1000 gr. | La pi\u00f9 grande selezione svizzera di prodotti del tabacco | Tutte le carte accettate!","robots":{"index":"index","follow":"follow","max-snippet":"max-snippet:-1","max-image-preview":"max-image-preview:large","max-video-preview":"max-video-preview:-1"},"canonical":"https:\/\/www.tabakversand.ch\/it\/prodotto\/sociale-fumo-baja-blu-shisha-tabacco-1000-gr\/","og_locale":"it_IT","og_type":"article","og_title":"Social Smoke Baja Blue Narghil\u00e8 Tabacco 1000 gr. - Tabakversand.ch | Alles aus der Welt des Tabaks","og_description":"Social Smoke Baja Blue Narghil\u00e8 Tabacco 1000 gr. | La pi\u00f9 grande selezione svizzera di prodotti del tabacco | Tutte le carte accettate!","og_url":"https:\/\/www.tabakversand.ch\/it\/prodotto\/sociale-fumo-baja-blu-shisha-tabacco-1000-gr\/","og_site_name":"Tabakversand.ch | Alles aus der Welt des Tabaks","article_modified_time":"2024-12-23T15:32:09+00:00","og_image":[{"width":500,"height":500,"url":"https:\/\/www.tabakversand.ch\/wp-content\/uploads\/2022\/04\/social-smoke-baja-blue-1kg-.jpg","type":"image\/jpeg"}],"twitter_card":"summary_large_image","schema":{"@context":"https:\/\/schema.org","@graph":[{"@type":"WebPage","@id":"https:\/\/www.tabakversand.ch\/it\/prodotto\/sociale-fumo-baja-blu-shisha-tabacco-1000-gr\/","url":"https:\/\/www.tabakversand.ch\/it\/prodotto\/sociale-fumo-baja-blu-shisha-tabacco-1000-gr\/","name":"Social Smoke Baja Blue Narghil\u00e8 Tabacco 1000 gr. - Tabakversand.ch | Alles aus der Welt des Tabaks","isPartOf":{"@id":"https:\/\/www.tabakversand.ch\/#website"},"primaryImageOfPage":{"@id":"https:\/\/www.tabakversand.ch\/it\/prodotto\/sociale-fumo-baja-blu-shisha-tabacco-1000-gr\/#primaryimage"},"image":{"@id":"https:\/\/www.tabakversand.ch\/it\/prodotto\/sociale-fumo-baja-blu-shisha-tabacco-1000-gr\/#primaryimage"},"thumbnailUrl":"https:\/\/www.tabakversand.ch\/wp-content\/uploads\/2022\/04\/social-smoke-baja-blue-1kg-.jpg","datePublished":"2022-04-02T09:20:58+00:00","dateModified":"2024-12-23T15:32:09+00:00","description":"Social Smoke Baja Blue Narghil\u00e8 Tabacco 1000 gr. | La pi\u00f9 grande selezione svizzera di prodotti del tabacco | Tutte le carte accettate!","breadcrumb":{"@id":"https:\/\/www.tabakversand.ch\/it\/prodotto\/sociale-fumo-baja-blu-shisha-tabacco-1000-gr\/#breadcrumb"},"inLanguage":"it-IT","potentialAction":[{"@type":"ReadAction","target":["https:\/\/www.tabakversand.ch\/it\/prodotto\/sociale-fumo-baja-blu-shisha-tabacco-1000-gr\/"]}]},{"@type":"ImageObject","inLanguage":"it-IT","@id":"https:\/\/www.tabakversand.ch\/it\/prodotto\/sociale-fumo-baja-blu-shisha-tabacco-1000-gr\/#primaryimage","url":"https:\/\/www.tabakversand.ch\/wp-content\/uploads\/2022\/04\/social-smoke-baja-blue-1kg-.jpg","contentUrl":"https:\/\/www.tabakversand.ch\/wp-content\/uploads\/2022\/04\/social-smoke-baja-blue-1kg-.jpg","width":500,"height":500,"caption":"Social Smoke Baja Blue Shisha Tabak 1000 gr."},{"@type":"BreadcrumbList","@id":"https:\/\/www.tabakversand.ch\/it\/prodotto\/sociale-fumo-baja-blu-shisha-tabacco-1000-gr\/#breadcrumb","itemListElement":[{"@type":"ListItem","position":1,"name":"Startseite","item":"https:\/\/www.tabakversand.ch\/"},{"@type":"ListItem","position":2,"name":"Negozio","item":"https:\/\/www.tabakversand.ch\/it\/negozio\/"},{"@type":"ListItem","position":3,"name":"Social Smoke Baja Blue Narghil\u00e8 Tabacco 1000 gr."}]},{"@type":"WebSite","@id":"https:\/\/www.tabakversand.ch\/#website","url":"https:\/\/www.tabakversand.ch\/","name":"Tabakversand.ch | Alles aus der Welt des Tabaks","description":"Smoke and carpe diem","potentialAction":[{"@type":"SearchAction","target":{"@type":"EntryPoint","urlTemplate":"https:\/\/www.tabakversand.ch\/?s={search_term_string}"},"query-input":{"@type":"PropertyValueSpecification","valueRequired":true,"valueName":"search_term_string"}}],"inLanguage":"it-IT"}]}},"_links":{"self":[{"href":"https:\/\/www.tabakversand.ch\/it\/wp-json\/wp\/v2\/product\/65311","targetHints":{"allow":["GET"]}}],"collection":[{"href":"https:\/\/www.tabakversand.ch\/it\/wp-json\/wp\/v2\/product"}],"about":[{"href":"https:\/\/www.tabakversand.ch\/it\/wp-json\/wp\/v2\/types\/product"}],"version-history":[{"count":2,"href":"https:\/\/www.tabakversand.ch\/it\/wp-json\/wp\/v2\/product\/65311\/revisions"}],"predecessor-version":[{"id":164687,"href":"https:\/\/www.tabakversand.ch\/it\/wp-json\/wp\/v2\/product\/65311\/revisions\/164687"}],"wp:featuredmedia":[{"embeddable":true,"href":"https:\/\/www.tabakversand.ch\/it\/wp-json\/wp\/v2\/media\/157465"}],"wp:attachment":[{"href":"https:\/\/www.tabakversand.ch\/it\/wp-json\/wp\/v2\/media?parent=65311"}],"wp:term":[{"taxonomy":"product_brand","embeddable":true,"href":"https:\/\/www.tabakversand.ch\/it\/wp-json\/wp\/v2\/product_brand?post=65311"},{"taxonomy":"product_cat","embeddable":true,"href":"https:\/\/www.tabakversand.ch\/it\/wp-json\/wp\/v2\/product_cat?post=65311"},{"taxonomy":"product_tag","embeddable":true,"href":"https:\/\/www.tabakversand.ch\/it\/wp-json\/wp\/v2\/product_tag?post=65311"}],"curies":[{"name":"wp","href":"https:\/\/api.w.org\/{rel}","templated":true}]}}